{"id":9797,"date":"2022-12-05T13:38:24","date_gmt":"2022-12-05T12:38:24","guid":{"rendered":"https:\/\/www.lacroixvalmertourisme.com\/?page_id=9797"},"modified":"2025-03-24T12:19:43","modified_gmt":"2025-03-24T11:19:43","slug":"dans-la-region-sud","status":"publish","type":"page","link":"https:\/\/www.lacroixvalmertourisme.com\/fr\/aux-alentours\/dans-la-region-sud","title":{"rendered":"dans la r\u00e9gion Sud"},"content":{"rendered":"\n<div class=\"wp-block-group alignwide is-layout-constrained wp-block-group-is-layout-constrained\">\n<p class=\"has-text-align-center has-secondary-50-color has-text-color has-xl-font-size wp-block-paragraph\">La r\u00e9gion est riche de lieux embl\u00e9matiques et de d\u00e9couvertes diversifi\u00e9es.<br>L&rsquo;\u00e9quipe de l&rsquo;Office de Tourisme partage avec vous \u00ab\u00a0<em>ses incontournables\u00a0\u00bb<\/em>.<\/p>\n\n\n\n<div class=\"wp-block-columns alignfull are-vertically-aligned-center has-secondary-50-color has-text-color is-layout-flex wp-container-core-columns-is-layout-0defc3be wp-block-columns-is-layout-flex\">\n<div class=\"wp-block-column is-vertically-aligned-center is-layout-flow wp-block-column-is-layout-flow\" style=\"flex-basis:66.66%\">\n<h2 class=\"wp-block-heading has-script-font-family has-5-xl-font-size\">Le Mus\u00e9e Oc\u00e9anographique de Monaco<\/h2>\n\n\n\n<p class=\"wp-block-paragraph\">Voyagez ! Explorez ! La visite du <a href=\"https:\/\/musee.oceano.org\/\" target=\"_blank\" rel=\"noreferrer noopener\"><strong>Mus\u00e9e Oc\u00e9anographique<\/strong><\/a> est un incontournable. Partez \u00e0 la d\u00e9couverte d&rsquo;un magnifique \u00e9difice, charg\u00e9 d&rsquo;histoire et d&rsquo;expositions permanentes et temporaires.<\/p>\n<\/div>\n\n\n\n<div class=\"wp-block-column is-vertically-aligned-center is-layout-flow wp-block-column-is-layout-flow\" style=\"flex-basis:33.33%\">\n<figure class=\"wp-block-image aligncenter size-large is-style-rounded is-style-rounded--1\"><a data-caption=\"mus\u00e9e oc\u00e9anographique\" href=\"https:\/\/www.lacroixvalmertourisme.com\/wp-content\/uploads\/2022\/12\/20200929_110219-1024x768.jpg\" data-fancybox=\"gallery\"><img loading=\"lazy\" decoding=\"async\" width=\"1024\" height=\"768\" sizes=\"auto, (max-width: 1024px) 100vw, 1024px\" data-tippy-content=\"mus\u00e9e oc\u00e9anographique\" data-caption=\"\u00a9jpiotrowski\" src=\"https:\/\/www.lacroixvalmertourisme.com\/wp-content\/uploads\/2022\/12\/20200929_110219-1024x768.jpg\" alt=\"\" class=\"wp-image-10203\" srcset=\"https:\/\/www.lacroixvalmertourisme.com\/wp-content\/uploads\/2022\/12\/20200929_110219-1024x768.jpg 1024w, https:\/\/www.lacroixvalmertourisme.com\/wp-content\/uploads\/2022\/12\/20200929_110219-300x225.jpg 300w, https:\/\/www.lacroixvalmertourisme.com\/wp-content\/uploads\/2022\/12\/20200929_110219-768x576.jpg 768w, https:\/\/www.lacroixvalmertourisme.com\/wp-content\/uploads\/2022\/12\/20200929_110219-1536x1152.jpg 1536w, https:\/\/www.lacroixvalmertourisme.com\/wp-content\/uploads\/2022\/12\/20200929_110219-200x150.jpg 200w, https:\/\/www.lacroixvalmertourisme.com\/wp-content\/uploads\/2022\/12\/20200929_110219.jpg 2000w\" \/><\/a><figcaption class=\"wp-element-caption\">\u00a9jpiotrowski<\/figcaption><\/figure>\n<\/div>\n<\/div>\n\n\n\n<div style=\"height:55px\" aria-hidden=\"true\" class=\"wp-block-spacer\"><\/div>\n\n\n\n<div class=\"wp-block-columns alignfull are-vertically-aligned-center has-secondary-50-color has-text-color is-layout-flex wp-container-core-columns-is-layout-0defc3be wp-block-columns-is-layout-flex\">\n<div class=\"wp-block-column is-vertically-aligned-center is-layout-flow wp-block-column-is-layout-flow\">\n<figure class=\"wp-block-image aligncenter size-large is-style-rounded is-style-rounded--2\"><a data-caption=\"galimard\" href=\"https:\/\/www.lacroixvalmertourisme.com\/wp-content\/uploads\/2022\/12\/\u00a9Parfums-Galimard3-1024x682.jpeg\" data-fancybox=\"gallery\"><img loading=\"lazy\" decoding=\"async\" width=\"1024\" height=\"682\" sizes=\"auto, (max-width: 1024px) 100vw, 1024px\" data-tippy-content=\"galimard\" data-caption=\"\u00a9ParfumsGalimard\" src=\"https:\/\/www.lacroixvalmertourisme.com\/wp-content\/uploads\/2022\/12\/\u00a9Parfums-Galimard3-1024x682.jpeg\" alt=\"\" class=\"wp-image-10188\" srcset=\"https:\/\/www.lacroixvalmertourisme.com\/wp-content\/uploads\/2022\/12\/\u00a9Parfums-Galimard3-1024x682.jpeg 1024w, https:\/\/www.lacroixvalmertourisme.com\/wp-content\/uploads\/2022\/12\/\u00a9Parfums-Galimard3-300x200.jpeg 300w, https:\/\/www.lacroixvalmertourisme.com\/wp-content\/uploads\/2022\/12\/\u00a9Parfums-Galimard3-768x512.jpeg 768w, https:\/\/www.lacroixvalmertourisme.com\/wp-content\/uploads\/2022\/12\/\u00a9Parfums-Galimard3-1536x1024.jpeg 1536w, https:\/\/www.lacroixvalmertourisme.com\/wp-content\/uploads\/2022\/12\/\u00a9Parfums-Galimard3-225x150.jpeg 225w, https:\/\/www.lacroixvalmertourisme.com\/wp-content\/uploads\/2022\/12\/\u00a9Parfums-Galimard3.jpeg 2000w\" \/><\/a><figcaption class=\"wp-element-caption\">\u00a9ParfumsGalimard<\/figcaption><\/figure>\n<\/div>\n\n\n\n<div class=\"wp-block-column is-vertically-aligned-center is-layout-flow wp-block-column-is-layout-flow\">\n<h2 class=\"wp-block-heading has-text-align-center has-script-font-family has-5-xl-font-size\">Les Parfumeries<br>\u00e0 Grasse<\/h2>\n\n\n\n<p class=\"has-text-align-center wp-block-paragraph\">Connues dans le monde entier, d\u00e9couvrez les trois maisons historiques de Grasse, haut lieu de la parfumerie :<strong> <a href=\"https:\/\/www.fragonard.com\/\" target=\"_blank\" rel=\"noreferrer noopener\">Fragonnard<\/a><\/strong>,<a href=\"https:\/\/www.molinard.com\/\" target=\"_blank\" rel=\"noreferrer noopener\"> <strong>Molinard<\/strong><\/a>, <a href=\"https:\/\/www.galimard.com\/\" target=\"_blank\" rel=\"noreferrer noopener\"><strong>Galimard<\/strong><\/a>.<\/p>\n<\/div>\n\n\n\n<div class=\"wp-block-column is-vertically-aligned-center is-layout-flow wp-block-column-is-layout-flow\">\n<figure class=\"wp-block-image aligncenter size-large is-resized is-style-rounded is-style-rounded--3\"><a data-caption=\"\u00a9Fragonard\" href=\"https:\/\/www.lacroixvalmertourisme.com\/wp-content\/uploads\/2022\/12\/\u00a9Fragonard-Parfumeur-683x1024.jpg\" data-fancybox=\"gallery\"><img loading=\"lazy\" decoding=\"async\" width=\"683\" height=\"1024\" sizes=\"auto, (max-width: 683px) 100vw, 683px\" data-tippy-content=\"\u00a9Fragonard\" src=\"https:\/\/www.lacroixvalmertourisme.com\/wp-content\/uploads\/2022\/12\/\u00a9Fragonard-Parfumeur-683x1024.jpg\" alt=\"\" class=\"wp-image-10949\" style=\"width:194px;height:290px\" srcset=\"https:\/\/www.lacroixvalmertourisme.com\/wp-content\/uploads\/2022\/12\/\u00a9Fragonard-Parfumeur-683x1024.jpg 683w, https:\/\/www.lacroixvalmertourisme.com\/wp-content\/uploads\/2022\/12\/\u00a9Fragonard-Parfumeur-200x300.jpg 200w, https:\/\/www.lacroixvalmertourisme.com\/wp-content\/uploads\/2022\/12\/\u00a9Fragonard-Parfumeur-768x1152.jpg 768w, https:\/\/www.lacroixvalmertourisme.com\/wp-content\/uploads\/2022\/12\/\u00a9Fragonard-Parfumeur-1024x1536.jpg 1024w, https:\/\/www.lacroixvalmertourisme.com\/wp-content\/uploads\/2022\/12\/\u00a9Fragonard-Parfumeur-1365x2048.jpg 1365w, https:\/\/www.lacroixvalmertourisme.com\/wp-content\/uploads\/2022\/12\/\u00a9Fragonard-Parfumeur-100x150.jpg 100w, https:\/\/www.lacroixvalmertourisme.com\/wp-content\/uploads\/2022\/12\/\u00a9Fragonard-Parfumeur-scaled.jpg 1707w\" \/><\/a><figcaption class=\"wp-element-caption\">\u00a9ParfumsGalimard<\/figcaption><\/figure>\n<\/div>\n<\/div>\n\n\n\n<div style=\"height:55px\" aria-hidden=\"true\" class=\"wp-block-spacer\"><\/div>\n\n\n\n<div class=\"wp-block-columns alignfull are-vertically-aligned-center has-secondary-50-color has-text-color is-layout-flex wp-container-core-columns-is-layout-0defc3be wp-block-columns-is-layout-flex\">\n<div class=\"wp-block-column is-vertically-aligned-center has-secondary-50-color has-text-color is-layout-flow wp-block-column-is-layout-flow\" style=\"flex-basis:33.33%\">\n<figure class=\"wp-block-image aligncenter size-large is-style-rounded is-style-rounded--4\"><a data-caption=\"cosquer\" href=\"https:\/\/www.lacroixvalmertourisme.com\/wp-content\/uploads\/2022\/12\/\u00a9grottecosquer13-1024x682.jpg\" data-fancybox=\"gallery\"><img loading=\"lazy\" decoding=\"async\" width=\"1024\" height=\"682\" sizes=\"auto, (max-width: 1024px) 100vw, 1024px\" data-tippy-content=\"cosquer\" data-caption=\"\u00a9grottecosquer\" src=\"https:\/\/www.lacroixvalmertourisme.com\/wp-content\/uploads\/2022\/12\/\u00a9grottecosquer13-1024x682.jpg\" alt=\"\" class=\"wp-image-10194\" srcset=\"https:\/\/www.lacroixvalmertourisme.com\/wp-content\/uploads\/2022\/12\/\u00a9grottecosquer13-1024x682.jpg 1024w, https:\/\/www.lacroixvalmertourisme.com\/wp-content\/uploads\/2022\/12\/\u00a9grottecosquer13-300x200.jpg 300w, https:\/\/www.lacroixvalmertourisme.com\/wp-content\/uploads\/2022\/12\/\u00a9grottecosquer13-768x512.jpg 768w, https:\/\/www.lacroixvalmertourisme.com\/wp-content\/uploads\/2022\/12\/\u00a9grottecosquer13-1536x1024.jpg 1536w, https:\/\/www.lacroixvalmertourisme.com\/wp-content\/uploads\/2022\/12\/\u00a9grottecosquer13-225x150.jpg 225w, https:\/\/www.lacroixvalmertourisme.com\/wp-content\/uploads\/2022\/12\/\u00a9grottecosquer13.jpg 2000w\" \/><\/a><figcaption class=\"wp-element-caption\">\u00a9grottecosquer<\/figcaption><\/figure>\n<\/div>\n\n\n\n<div class=\"wp-block-column is-vertically-aligned-center is-layout-flow wp-block-column-is-layout-flow\" style=\"flex-basis:66.66%\">\n<h2 class=\"wp-block-heading has-script-font-family has-5-xl-font-size\">La grotte Cosquer \u00e0 Marseille<\/h2>\n\n\n\n<p class=\"wp-block-paragraph\">Embarquez sur le Cro-magnon et suivez Henri Cosquer dans la d\u00e9couverte d&rsquo;un lieu \u00e0 la fois dessin\u00e9 et fig\u00e9 par le temps.<\/p>\n\n\n\n<div class=\"wp-block-buttons is-layout-flex wp-block-buttons-is-layout-flex\">\n<div class=\"wp-block-button\"><a class=\"wp-block-button__link has-secondary-50-background-color has-background wp-element-button\" href=\"https:\/\/www.grotte-cosquer.com\/\" target=\"_blank\" rel=\"noreferrer noopener\">pour en savoir plus<\/a><\/div>\n<\/div>\n<\/div>\n<\/div>\n\n\n\n<div style=\"height:55px\" aria-hidden=\"true\" class=\"wp-block-spacer\"><\/div>\n\n\n\n<h2 class=\"wp-block-heading has-text-align-center has-secondary-50-color has-text-color has-script-font-family has-5-xl-font-size\">Les Carri\u00e8res de lumi\u00e8re aux Baux de Provence<\/h2>\n\n\n\n<div class=\"wp-block-columns alignfull are-vertically-aligned-center has-secondary-50-color has-text-color is-layout-flex wp-container-core-columns-is-layout-0defc3be wp-block-columns-is-layout-flex\">\n<div class=\"wp-block-column is-vertically-aligned-center is-layout-flow wp-block-column-is-layout-flow\">\n<figure class=\"wp-block-image aligncenter size-full is-resized is-style-rounded is-style-rounded--5\"><a data-caption=\"carrieres de lumiere\" href=\"https:\/\/www.lacroixvalmertourisme.com\/wp-content\/uploads\/2022\/12\/\u00a9culturespaces.jpg\" data-fancybox=\"gallery\"><img loading=\"lazy\" decoding=\"async\" width=\"540\" height=\"350\" sizes=\"auto, (max-width: 540px) 100vw, 540px\" data-tippy-content=\"carrieres de lumiere\" data-caption=\"\u00a9culturespaces\" src=\"https:\/\/www.lacroixvalmertourisme.com\/wp-content\/uploads\/2022\/12\/\u00a9culturespaces.jpg\" alt=\"\" class=\"wp-image-10209\" style=\"width:-46px;height:-30px\" srcset=\"https:\/\/www.lacroixvalmertourisme.com\/wp-content\/uploads\/2022\/12\/\u00a9culturespaces.jpg 540w, https:\/\/www.lacroixvalmertourisme.com\/wp-content\/uploads\/2022\/12\/\u00a9culturespaces-300x194.jpg 300w, https:\/\/www.lacroixvalmertourisme.com\/wp-content\/uploads\/2022\/12\/\u00a9culturespaces-231x150.jpg 231w\" \/><\/a><figcaption class=\"wp-element-caption\">\u00a9culturespaces<\/figcaption><\/figure>\n<\/div>\n\n\n\n<div class=\"wp-block-column is-vertically-aligned-center is-layout-flow wp-block-column-is-layout-flow\">\n<p class=\"has-text-align-center wp-block-paragraph\">D\u00e9couvrez \u00e0 la fois une exposition et un lieu,<br>aussi superbe que grandiose.<\/p>\n\n\n\n<div class=\"wp-block-buttons is-content-justification-center is-layout-flex wp-container-core-buttons-is-layout-9b3e53d3 wp-block-buttons-is-layout-flex\">\n<div class=\"wp-block-button\"><a class=\"wp-block-button__link has-secondary-50-background-color has-background wp-element-button\" href=\"https:\/\/www.carrieres-lumieres.com\/\" target=\"_blank\" rel=\"noreferrer noopener\">+ d&rsquo;infos<\/a><\/div>\n<\/div>\n<\/div>\n\n\n\n<div class=\"wp-block-column is-vertically-aligned-center is-layout-flow wp-block-column-is-layout-flow\">\n<figure class=\"wp-block-image aligncenter size-large is-resized is-style-rounded is-style-rounded--6\"><a data-caption=\"carrieres de lumiere\" href=\"https:\/\/www.lacroixvalmertourisme.com\/wp-content\/uploads\/2022\/12\/37407-1024x684.jpg\" data-fancybox=\"gallery\"><img loading=\"lazy\" decoding=\"async\" width=\"1024\" height=\"684\" sizes=\"auto, (max-width: 1024px) 100vw, 1024px\" data-tippy-content=\"carrieres de lumiere\" data-caption=\"\u00a9carrieresdelumiere\" src=\"https:\/\/www.lacroixvalmertourisme.com\/wp-content\/uploads\/2022\/12\/37407-1024x684.jpg\" alt=\"\" class=\"wp-image-10206\" style=\"width:-35px;height:-22px\" srcset=\"https:\/\/www.lacroixvalmertourisme.com\/wp-content\/uploads\/2022\/12\/37407-1024x684.jpg 1024w, https:\/\/www.lacroixvalmertourisme.com\/wp-content\/uploads\/2022\/12\/37407-300x200.jpg 300w, https:\/\/www.lacroixvalmertourisme.com\/wp-content\/uploads\/2022\/12\/37407-768x513.jpg 768w, https:\/\/www.lacroixvalmertourisme.com\/wp-content\/uploads\/2022\/12\/37407-1536x1025.jpg 1536w, https:\/\/www.lacroixvalmertourisme.com\/wp-content\/uploads\/2022\/12\/37407-225x150.jpg 225w, https:\/\/www.lacroixvalmertourisme.com\/wp-content\/uploads\/2022\/12\/37407.jpg 2000w\" \/><\/a><figcaption class=\"wp-element-caption\">\u00a9carrieresdelumiere<\/figcaption><\/figure>\n<\/div>\n<\/div>\n\n\n\n<div style=\"height:47px\" aria-hidden=\"true\" class=\"wp-block-spacer\"><\/div>\n\n\n\n<div class=\"wp-block-columns alignfull is-layout-flex wp-container-core-columns-is-layout-0defc3be wp-block-columns-is-layout-flex\">\n<div class=\"wp-block-column is-layout-flow wp-block-column-is-layout-flow\">\n<div class=\"wp-block-buttons is-content-justification-center is-layout-flex wp-container-core-buttons-is-layout-9b3e53d3 wp-block-buttons-is-layout-flex\">\n<div class=\"wp-block-button has-custom-width wp-block-button__width-50 aligncenter is-style-fill\"><a class=\"wp-block-button__link has-secondary-50-background-color has-background wp-element-button\" href=\"https:\/\/www.lacroixvalmertourisme.com\/fr\/aux-alentours\/dans-le-golfe-de-saint-tropez\" target=\"_blank\" rel=\"noreferrer noopener\">dans le Golfe de Saint-Tropez<\/a><\/div>\n<\/div>\n<\/div>\n\n\n\n<div class=\"wp-block-column is-layout-flow wp-block-column-is-layout-flow\">\n<div class=\"wp-block-buttons is-content-justification-center is-layout-flex wp-container-core-buttons-is-layout-9b3e53d3 wp-block-buttons-is-layout-flex\">\n<div class=\"wp-block-button has-custom-width wp-block-button__width-50 aligncenter\"><a class=\"wp-block-button__link has-secondary-50-background-color has-background wp-element-button\" href=\"https:\/\/www.lacroixvalmertourisme.com\/fr\/aux-alentours\/dans-le-var\" target=\"_blank\" rel=\"noreferrer noopener\">dans le Var<\/a><\/div>\n<\/div>\n<\/div>\n<\/div>\n<\/div>\n","protected":false},"excerpt":{"rendered":"<p>La r\u00e9gion est riche de lieux embl\u00e9matiques et de d\u00e9couvertes diversifi\u00e9es.L&rsquo;\u00e9quipe de l&rsquo;Office de Tourisme partage avec vous \u00ab\u00a0ses incontournables\u00a0\u00bb. Le Mus\u00e9e Oc\u00e9anographique de Monaco Voyagez ! Explorez ! La visite du Mus\u00e9e Oc\u00e9anographique est un incontournable. Partez \u00e0 la d\u00e9couverte d&rsquo;un magnifique \u00e9difice, charg\u00e9 d&rsquo;histoire et d&rsquo;expositions permanentes et temporaires. Les Parfumeries\u00e0 Grasse Connues&#8230;<\/p>\n","protected":false},"author":4,"featured_media":11060,"parent":9681,"menu_order":257,"comment_status":"closed","ping_status":"closed","template":"page-plage.blade.php","meta":{"_acf_changed":false,"_crdt_document":"","footnotes":""},"class_list":["post-9797","page","type-page","status-publish","has-post-thumbnail","hentry"],"acf":{"slogan":"","introduction":"","autoplay":false,"delay":"","video_mp4":false,"video_webm":false,"poster_image":false,"nugget":false,"mots-cles":"","pagepage-etendus":"compact","pagepage-updown":false,"page-virtuelle":false,"title_alignement":""},"yoast_head":"<!-- This site is optimized with the Yoast SEO plugin v27.5 - https:\/\/yoast.com\/product\/yoast-seo-wordpress\/ -->\n<title>dans la r\u00e9gion Sud - La Croix-Valmer Tourisme<\/title>\n<meta name=\"robots\" content=\"index, follow, max-snippet:-1, max-image-preview:large, max-video-preview:-1\" \/>\n<link rel=\"canonical\" href=\"https:\/\/www.lacroixvalmertourisme.com\/fr\/aux-alentours\/dans-la-region-sud\" \/>\n<meta property=\"og:locale\" content=\"fr_FR\" \/>\n<meta property=\"og:type\" content=\"article\" \/>\n<meta property=\"og:title\" content=\"dans la r\u00e9gion Sud - La Croix-Valmer Tourisme\" \/>\n<meta property=\"og:description\" content=\"La r\u00e9gion est riche de lieux embl\u00e9matiques et de d\u00e9couvertes diversifi\u00e9es.L&rsquo;\u00e9quipe de l&rsquo;Office de Tourisme partage avec vous \u00ab\u00a0ses incontournables\u00a0\u00bb. Le Mus\u00e9e Oc\u00e9anographique de Monaco Voyagez ! Explorez ! La visite du Mus\u00e9e Oc\u00e9anographique est un incontournable. Partez \u00e0 la d\u00e9couverte d&rsquo;un magnifique \u00e9difice, charg\u00e9 d&rsquo;histoire et d&rsquo;expositions permanentes et temporaires. Les Parfumeries\u00e0 Grasse Connues...\" \/>\n<meta property=\"og:url\" content=\"https:\/\/www.lacroixvalmertourisme.com\/fr\/aux-alentours\/dans-la-region-sud\" \/>\n<meta property=\"og:site_name\" content=\"La Croix-Valmer Tourisme\" \/>\n<meta property=\"article:publisher\" content=\"https:\/\/www.facebook.com\/lacroixvalmertourisme\/\" \/>\n<meta property=\"article:modified_time\" content=\"2025-03-24T11:19:43+00:00\" \/>\n<meta property=\"og:image\" content=\"https:\/\/www.lacroixvalmertourisme.com\/wp-content\/uploads\/2023\/01\/CRTPACA_2020110_22323.jpg\" \/>\n\t<meta property=\"og:image:width\" content=\"2000\" \/>\n\t<meta property=\"og:image:height\" content=\"1500\" \/>\n\t<meta property=\"og:image:type\" content=\"image\/jpeg\" \/>\n<meta name=\"twitter:card\" content=\"summary_large_image\" \/>\n<meta name=\"twitter:site\" content=\"@La_Croix_Valmer\" \/>\n<meta name=\"twitter:label1\" content=\"Dur\u00e9e de lecture estim\u00e9e\" \/>\n\t<meta name=\"twitter:data1\" content=\"1 minute\" \/>\n<!-- \/ Yoast SEO plugin. -->","yoast_head_json":{"title":"dans la r\u00e9gion Sud - La Croix-Valmer Tourisme","robots":{"index":"index","follow":"follow","max-snippet":"max-snippet:-1","max-image-preview":"max-image-preview:large","max-video-preview":"max-video-preview:-1"},"canonical":"https:\/\/www.lacroixvalmertourisme.com\/fr\/aux-alentours\/dans-la-region-sud","og_locale":"fr_FR","og_type":"article","og_title":"dans la r\u00e9gion Sud - La Croix-Valmer Tourisme","og_description":"La r\u00e9gion est riche de lieux embl\u00e9matiques et de d\u00e9couvertes diversifi\u00e9es.L&rsquo;\u00e9quipe de l&rsquo;Office de Tourisme partage avec vous \u00ab\u00a0ses incontournables\u00a0\u00bb. Le Mus\u00e9e Oc\u00e9anographique de Monaco Voyagez ! Explorez ! La visite du Mus\u00e9e Oc\u00e9anographique est un incontournable. Partez \u00e0 la d\u00e9couverte d&rsquo;un magnifique \u00e9difice, charg\u00e9 d&rsquo;histoire et d&rsquo;expositions permanentes et temporaires. Les Parfumeries\u00e0 Grasse Connues...","og_url":"https:\/\/www.lacroixvalmertourisme.com\/fr\/aux-alentours\/dans-la-region-sud","og_site_name":"La Croix-Valmer Tourisme","article_publisher":"https:\/\/www.facebook.com\/lacroixvalmertourisme\/","article_modified_time":"2025-03-24T11:19:43+00:00","og_image":[{"width":2000,"height":1500,"url":"https:\/\/www.lacroixvalmertourisme.com\/wp-content\/uploads\/2023\/01\/CRTPACA_2020110_22323.jpg","type":"image\/jpeg"}],"twitter_card":"summary_large_image","twitter_site":"@La_Croix_Valmer","twitter_misc":{"Dur\u00e9e de lecture estim\u00e9e":"1 minute"},"schema":{"@context":"https:\/\/schema.org","@graph":[{"@type":"WebPage","@id":"https:\/\/www.lacroixvalmertourisme.com\/fr\/aux-alentours\/dans-la-region-sud","url":"https:\/\/www.lacroixvalmertourisme.com\/fr\/aux-alentours\/dans-la-region-sud","name":"dans la r\u00e9gion Sud - La Croix-Valmer Tourisme","isPartOf":{"@id":"https:\/\/www.lacroixvalmertourisme.com\/fr\/#website"},"primaryImageOfPage":{"@id":"https:\/\/www.lacroixvalmertourisme.com\/fr\/aux-alentours\/dans-la-region-sud#primaryimage"},"image":{"@id":"https:\/\/www.lacroixvalmertourisme.com\/fr\/aux-alentours\/dans-la-region-sud#primaryimage"},"thumbnailUrl":"https:\/\/www.lacroixvalmertourisme.com\/wp-content\/uploads\/2023\/01\/CRTPACA_2020110_22323.jpg","datePublished":"2022-12-05T12:38:24+00:00","dateModified":"2025-03-24T11:19:43+00:00","breadcrumb":{"@id":"https:\/\/www.lacroixvalmertourisme.com\/fr\/aux-alentours\/dans-la-region-sud#breadcrumb"},"inLanguage":"fr-FR","potentialAction":[{"@type":"ReadAction","target":["https:\/\/www.lacroixvalmertourisme.com\/fr\/aux-alentours\/dans-la-region-sud"]}]},{"@type":"ImageObject","inLanguage":"fr-FR","@id":"https:\/\/www.lacroixvalmertourisme.com\/fr\/aux-alentours\/dans-la-region-sud#primaryimage","url":"https:\/\/www.lacroixvalmertourisme.com\/wp-content\/uploads\/2023\/01\/CRTPACA_2020110_22323.jpg","contentUrl":"https:\/\/www.lacroixvalmertourisme.com\/wp-content\/uploads\/2023\/01\/CRTPACA_2020110_22323.jpg","width":2000,"height":1500},{"@type":"BreadcrumbList","@id":"https:\/\/www.lacroixvalmertourisme.com\/fr\/aux-alentours\/dans-la-region-sud#breadcrumb","itemListElement":[{"@type":"ListItem","position":1,"name":"Accueil","item":"https:\/\/www.lacroixvalmertourisme.com\/fr"},{"@type":"ListItem","position":2,"name":"Aux alentours","item":"https:\/\/www.lacroixvalmertourisme.com\/fr\/aux-alentours"},{"@type":"ListItem","position":3,"name":"dans la r\u00e9gion Sud"}]},{"@type":"WebSite","@id":"https:\/\/www.lacroixvalmertourisme.com\/fr\/#website","url":"https:\/\/www.lacroixvalmertourisme.com\/fr\/","name":"La Croix-Valmer Tourisme","description":"Toutes les informations touristiques pour organiser votre prochain s\u00e9jour \u00e0 La Croix Valmer dans le Golfe de Saint-Tropez","publisher":{"@id":"https:\/\/www.lacroixvalmertourisme.com\/fr\/#organization"},"potentialAction":[{"@type":"SearchAction","target":{"@type":"EntryPoint","urlTemplate":"https:\/\/www.lacroixvalmertourisme.com\/fr\/?s={search_term_string}"},"query-input":{"@type":"PropertyValueSpecification","valueRequired":true,"valueName":"search_term_string"}}],"inLanguage":"fr-FR"},{"@type":"Organization","@id":"https:\/\/www.lacroixvalmertourisme.com\/fr\/#organization","name":"Office de Tourisme de La Croix Valmer","url":"https:\/\/www.lacroixvalmertourisme.com\/fr\/","logo":{"@type":"ImageObject","inLanguage":"fr-FR","@id":"https:\/\/www.lacroixvalmertourisme.com\/fr\/#\/schema\/logo\/image\/","url":"https:\/\/www.lacroixvalmertourisme.com\/wp-content\/uploads\/2021\/06\/Logo_ot_bleu.png","contentUrl":"https:\/\/www.lacroixvalmertourisme.com\/wp-content\/uploads\/2021\/06\/Logo_ot_bleu.png","width":591,"height":454,"caption":"Office de Tourisme de La Croix Valmer"},"image":{"@id":"https:\/\/www.lacroixvalmertourisme.com\/fr\/#\/schema\/logo\/image\/"},"sameAs":["https:\/\/www.facebook.com\/lacroixvalmertourisme\/","https:\/\/x.com\/La_Croix_Valmer","https:\/\/www.instagram.com\/lacroixvalmer_tourisme\/"]}]}},"publishpress_future_workflow_manual_trigger":{"enabledWorkflows":[]},"_links":{"self":[{"href":"https:\/\/www.lacroixvalmertourisme.com\/fr\/wp-json\/wp\/v2\/pages\/9797","targetHints":{"allow":["GET"]}}],"collection":[{"href":"https:\/\/www.lacroixvalmertourisme.com\/fr\/wp-json\/wp\/v2\/pages"}],"about":[{"href":"https:\/\/www.lacroixvalmertourisme.com\/fr\/wp-json\/wp\/v2\/types\/page"}],"author":[{"embeddable":true,"href":"https:\/\/www.lacroixvalmertourisme.com\/fr\/wp-json\/wp\/v2\/users\/4"}],"replies":[{"embeddable":true,"href":"https:\/\/www.lacroixvalmertourisme.com\/fr\/wp-json\/wp\/v2\/comments?post=9797"}],"version-history":[{"count":3,"href":"https:\/\/www.lacroixvalmertourisme.com\/fr\/wp-json\/wp\/v2\/pages\/9797\/revisions"}],"predecessor-version":[{"id":21649,"href":"https:\/\/www.lacroixvalmertourisme.com\/fr\/wp-json\/wp\/v2\/pages\/9797\/revisions\/21649"}],"up":[{"embeddable":true,"href":"https:\/\/www.lacroixvalmertourisme.com\/fr\/wp-json\/wp\/v2\/pages\/9681"}],"wp:featuredmedia":[{"embeddable":true,"href":"https:\/\/www.lacroixvalmertourisme.com\/fr\/wp-json\/wp\/v2\/media\/11060"}],"wp:attachment":[{"href":"https:\/\/www.lacroixvalmertourisme.com\/fr\/wp-json\/wp\/v2\/media?parent=9797"}],"curies":[{"name":"wp","href":"https:\/\/api.w.org\/{rel}","templated":true}]}}