{"id":93,"date":"2021-04-13T11:04:26","date_gmt":"2021-04-13T09:04:26","guid":{"rendered":"https:\/\/www.lacroixvalmertourisme.com\/?page_id=93"},"modified":"2026-02-24T22:29:04","modified_gmt":"2026-02-24T21:29:04","slug":"les-pieds-dans-l-eau","status":"publish","type":"page","link":"https:\/\/www.lacroixvalmertourisme.com\/fr\/decouvrir-et-s-evader\/les-pieds-dans-l-eau","title":{"rendered":"Nos plages de r\u00eave"},"content":{"rendered":"\n<div class=\"wp-block-group alignwide is-layout-constrained wp-block-group-is-layout-constrained\">\n<figure class=\"wp-block-pullquote has-secondary-50-color has-text-color has-script-font-family has-5-xl-font-size\"><blockquote><p><strong>Les vacances, c&rsquo;est tout un travail de repos tr\u00e8s difficile.<\/strong><\/p><cite><em>V<\/em>incent Gury<\/cite><\/blockquote><\/figure>\n\n\n\n<p class=\"has-text-align-center has-secondary-50-color has-text-color has-lg-font-size wp-block-paragraph\">Mission &#8211; 1 jour, 1 plage : La Croix Valmer ne compte pas moins de 12 km de littoral que vous pourrez d\u00e9couvrir c\u00f4t\u00e9 terre, au gr\u00e9 de vos balades, c\u00f4t\u00e9 mer, vue de la plage. Vous avez choisi de passer vos vacances au bord de la M\u00e9diterran\u00e9e, de merveilleuses d\u00e9couvertes en perspective ! Enfilez votre plus beau maillot de bain, posez vos lunettes de soleil sur le nez, le panier de plage \u00e0 l&rsquo;\u00e9paule et les tongs aux pieds&#8230; En attendant le grand jour du d\u00e9part en vacances, suivez le guide !<\/p>\n\n\n\n<div class=\"wp-block-query alignfull is-layout-flow wp-block-query-is-layout-flow\"><ul class=\"columns-4 wp-block-post-template is-layout-grid wp-container-core-post-template-is-layout-71909290 wp-block-post-template-is-layout-grid\"><li class=\"wp-block-post post-13847 page type-page status-publish has-post-thumbnail hentry\">\n\n<div class=\"wp-block-cover has-custom-content-position is-position-bottom-left\" style=\"padding-top:var(--wp--preset--spacing--60);padding-right:var(--wp--preset--spacing--60);padding-bottom:var(--wp--preset--spacing--60);padding-left:var(--wp--preset--spacing--60)\"><span aria-hidden=\"true\" class=\"wp-block-cover__background has-background-dim wp-block-cover__gradient-background has-background-gradient has-bg-gradient-to-black-bottom-gradient-background\"><\/span><img loading=\"lazy\" decoding=\"async\" width=\"1024\" height=\"576\" src=\"https:\/\/www.lacroixvalmertourisme.com\/wp-content\/uploads\/2024\/06\/posidonie\u00a9guillaumevoiturier-6-1024x576.jpg\" class=\"wp-block-cover__image-background wp-post-image\" alt=\"nature cap lardier la croix valmer office de tourisme\" data-object-fit=\"cover\"   \/><div class=\"wp-block-cover__inner-container is-layout-constrained wp-container-core-cover-is-layout-11859842 wp-block-cover-is-layout-constrained\"><h2 class=\"wp-block-post-title\"><a href=\"https:\/\/www.lacroixvalmertourisme.com\/fr\/decouvrir-et-s-evader\/les-pieds-dans-l-eau\/posidonie-aire-marine-protegee\" target=\"_self\" >Posidonie &#038; Aire marine prot\u00e9g\u00e9e<\/a><\/h2><\/div><\/div>\n\n<\/li><li class=\"wp-block-post post-95 page type-page status-publish has-post-thumbnail hentry\">\n\n<div class=\"wp-block-cover has-custom-content-position is-position-bottom-left\" style=\"padding-top:var(--wp--preset--spacing--60);padding-right:var(--wp--preset--spacing--60);padding-bottom:var(--wp--preset--spacing--60);padding-left:var(--wp--preset--spacing--60)\"><span aria-hidden=\"true\" class=\"wp-block-cover__background has-background-dim wp-block-cover__gradient-background has-background-gradient has-bg-gradient-to-black-bottom-gradient-background\"><\/span><img loading=\"lazy\" decoding=\"async\" width=\"1024\" height=\"768\" src=\"https:\/\/www.lacroixvalmertourisme.com\/wp-content\/uploads\/2024\/07\/sentiermarin2024\u00a9guillaume-voiturier-1-1024x768.jpg\" class=\"wp-block-cover__image-background wp-post-image\" alt=\"sentier marin plage de jovat la croix valmer\" data-object-fit=\"cover\"   \/><div class=\"wp-block-cover__inner-container is-layout-constrained wp-container-core-cover-is-layout-11859842 wp-block-cover-is-layout-constrained\"><h2 class=\"wp-block-post-title\"><a href=\"https:\/\/www.lacroixvalmertourisme.com\/fr\/decouvrir-et-s-evader\/les-pieds-dans-l-eau\/sentier-marin\" target=\"_self\" >Sentier Marin<\/a><\/h2><\/div><\/div>\n\n<\/li><li class=\"wp-block-post post-9596 page type-page status-publish has-post-thumbnail hentry\">\n\n<div class=\"wp-block-cover has-custom-content-position is-position-bottom-left\" style=\"padding-top:var(--wp--preset--spacing--60);padding-right:var(--wp--preset--spacing--60);padding-bottom:var(--wp--preset--spacing--60);padding-left:var(--wp--preset--spacing--60)\"><span aria-hidden=\"true\" class=\"wp-block-cover__background has-background-dim wp-block-cover__gradient-background has-background-gradient has-bg-gradient-to-black-bottom-gradient-background\"><\/span><img loading=\"lazy\" decoding=\"async\" width=\"1024\" height=\"575\" src=\"https:\/\/www.lacroixvalmertourisme.com\/wp-content\/uploads\/2023\/02\/2020\u00a9guillaume-voiturier-25-1024x575.jpg\" class=\"wp-block-cover__image-background wp-post-image\" alt=\"\" data-object-fit=\"cover\"   \/><div class=\"wp-block-cover__inner-container is-layout-constrained wp-container-core-cover-is-layout-11859842 wp-block-cover-is-layout-constrained\"><h2 class=\"wp-block-post-title\"><a href=\"https:\/\/www.lacroixvalmertourisme.com\/fr\/decouvrir-et-s-evader\/les-pieds-dans-l-eau\/plonger-explorer\" target=\"_self\" >Plonger &#038; Explorer<\/a><\/h2><\/div><\/div>\n\n<\/li><li class=\"wp-block-post post-11493 page type-page status-publish has-post-thumbnail hentry\">\n\n<div class=\"wp-block-cover has-custom-content-position is-position-bottom-left\" style=\"padding-top:var(--wp--preset--spacing--60);padding-right:var(--wp--preset--spacing--60);padding-bottom:var(--wp--preset--spacing--60);padding-left:var(--wp--preset--spacing--60)\"><span aria-hidden=\"true\" class=\"wp-block-cover__background has-background-dim wp-block-cover__gradient-background has-background-gradient has-bg-gradient-to-black-bottom-gradient-background\"><\/span><img loading=\"lazy\" decoding=\"async\" width=\"1024\" height=\"575\" src=\"https:\/\/www.lacroixvalmertourisme.com\/wp-content\/uploads\/2021\/04\/debarquement\u00a9guillaume-voiturier-106-1-1024x575.jpg\" class=\"wp-block-cover__image-background wp-post-image\" alt=\"d\u00e9couvrir s&#039;evader la croix valmer plages\" data-object-fit=\"cover\"   \/><div class=\"wp-block-cover__inner-container is-layout-constrained wp-container-core-cover-is-layout-11859842 wp-block-cover-is-layout-constrained\"><h2 class=\"wp-block-post-title\"><a href=\"https:\/\/www.lacroixvalmertourisme.com\/fr\/decouvrir-et-s-evader\/les-pieds-dans-l-eau\/le-debarquement\" target=\"_self\" >Plage du D\u00e9barquement<\/a><\/h2><\/div><\/div>\n\n<\/li><li class=\"wp-block-post post-11865 page type-page status-publish has-post-thumbnail hentry\">\n\n<div class=\"wp-block-cover has-custom-content-position is-position-bottom-left\" style=\"padding-top:var(--wp--preset--spacing--60);padding-right:var(--wp--preset--spacing--60);padding-bottom:var(--wp--preset--spacing--60);padding-left:var(--wp--preset--spacing--60)\"><span aria-hidden=\"true\" class=\"wp-block-cover__background has-background-dim wp-block-cover__gradient-background has-background-gradient has-bg-gradient-to-black-bottom-gradient-background\"><\/span><img loading=\"lazy\" decoding=\"async\" width=\"1024\" height=\"575\" src=\"https:\/\/www.lacroixvalmertourisme.com\/wp-content\/uploads\/2024\/06\/vergeron2024\u00a9guillaumevoiturier-10-1024x575.jpg\" class=\"wp-block-cover__image-background wp-post-image\" alt=\"nature cap lardier la croix valmer office de tourisme\" data-object-fit=\"cover\"   \/><div class=\"wp-block-cover__inner-container is-layout-constrained wp-container-core-cover-is-layout-11859842 wp-block-cover-is-layout-constrained\"><h2 class=\"wp-block-post-title\"><a href=\"https:\/\/www.lacroixvalmertourisme.com\/fr\/decouvrir-et-s-evader\/les-pieds-dans-l-eau\/plage-du-vergeron\" target=\"_self\" >Plage du Vergeron<\/a><\/h2><\/div><\/div>\n\n<\/li><li class=\"wp-block-post post-11521 page type-page status-publish has-post-thumbnail hentry\">\n\n<div class=\"wp-block-cover has-custom-content-position is-position-bottom-left\" style=\"padding-top:var(--wp--preset--spacing--60);padding-right:var(--wp--preset--spacing--60);padding-bottom:var(--wp--preset--spacing--60);padding-left:var(--wp--preset--spacing--60)\"><span aria-hidden=\"true\" class=\"wp-block-cover__background has-background-dim wp-block-cover__gradient-background has-background-gradient has-bg-gradient-to-black-bottom-gradient-background\"><\/span><img loading=\"lazy\" decoding=\"async\" width=\"1024\" height=\"575\" src=\"https:\/\/www.lacroixvalmertourisme.com\/wp-content\/uploads\/2021\/06\/2020\u00a9guillaume-voiturier-4-1024x575.jpg\" class=\"wp-block-cover__image-background wp-post-image\" alt=\"d\u00e9couvrir s&#039;evader la croix valmer plages\" data-object-fit=\"cover\"   \/><div class=\"wp-block-cover__inner-container is-layout-constrained wp-container-core-cover-is-layout-11859842 wp-block-cover-is-layout-constrained\"><h2 class=\"wp-block-post-title\"><a href=\"https:\/\/www.lacroixvalmertourisme.com\/fr\/decouvrir-et-s-evader\/les-pieds-dans-l-eau\/sylvabelle\" target=\"_self\" >Plage de Sylvabelle<\/a><\/h2><\/div><\/div>\n\n<\/li><li class=\"wp-block-post post-11438 page type-page status-publish has-post-thumbnail hentry\">\n\n<div class=\"wp-block-cover has-custom-content-position is-position-bottom-left\" style=\"padding-top:var(--wp--preset--spacing--60);padding-right:var(--wp--preset--spacing--60);padding-bottom:var(--wp--preset--spacing--60);padding-left:var(--wp--preset--spacing--60)\"><span aria-hidden=\"true\" class=\"wp-block-cover__background has-background-dim wp-block-cover__gradient-background has-background-gradient has-bg-gradient-to-black-bottom-gradient-background\"><\/span><img loading=\"lazy\" decoding=\"async\" width=\"1024\" height=\"575\" src=\"https:\/\/www.lacroixvalmertourisme.com\/wp-content\/uploads\/2024\/06\/heraclee-2024\u00a9guillaumevoiturier-4-1024x575.jpg\" class=\"wp-block-cover__image-background wp-post-image\" alt=\"nature cap lardier la croix valmer office de tourisme\" data-object-fit=\"cover\"   \/><div class=\"wp-block-cover__inner-container is-layout-constrained wp-container-core-cover-is-layout-11859842 wp-block-cover-is-layout-constrained\"><h2 class=\"wp-block-post-title\"><a href=\"https:\/\/www.lacroixvalmertourisme.com\/fr\/decouvrir-et-s-evader\/les-pieds-dans-l-eau\/plage-dheraclee\" target=\"_self\" >Plage d&rsquo;Heracl\u00e9e<\/a><\/h2><\/div><\/div>\n\n<\/li><li class=\"wp-block-post post-11532 page type-page status-publish has-post-thumbnail hentry\">\n\n<div class=\"wp-block-cover has-custom-content-position is-position-bottom-left\" style=\"padding-top:var(--wp--preset--spacing--60);padding-right:var(--wp--preset--spacing--60);padding-bottom:var(--wp--preset--spacing--60);padding-left:var(--wp--preset--spacing--60)\"><span aria-hidden=\"true\" class=\"wp-block-cover__background has-background-dim wp-block-cover__gradient-background has-background-gradient has-bg-gradient-to-black-bottom-gradient-background\"><\/span><img loading=\"lazy\" decoding=\"async\" width=\"1024\" height=\"575\" src=\"https:\/\/www.lacroixvalmertourisme.com\/wp-content\/uploads\/2024\/06\/gigaro-2024\u00a9guillaumevoiturier-5-1024x575.jpg\" class=\"wp-block-cover__image-background wp-post-image\" alt=\"nature cap lardier la croix valmer office de tourisme\" data-object-fit=\"cover\"   \/><div class=\"wp-block-cover__inner-container is-layout-constrained wp-container-core-cover-is-layout-11859842 wp-block-cover-is-layout-constrained\"><h2 class=\"wp-block-post-title\"><a href=\"https:\/\/www.lacroixvalmertourisme.com\/fr\/decouvrir-et-s-evader\/les-pieds-dans-l-eau\/gigaro\" target=\"_self\" >Plage de Gigaro<\/a><\/h2><\/div><\/div>\n\n<\/li><li class=\"wp-block-post post-11535 page type-page status-publish has-post-thumbnail hentry\">\n\n<div class=\"wp-block-cover has-custom-content-position is-position-bottom-left\" style=\"padding-top:var(--wp--preset--spacing--60);padding-right:var(--wp--preset--spacing--60);padding-bottom:var(--wp--preset--spacing--60);padding-left:var(--wp--preset--spacing--60)\"><span aria-hidden=\"true\" class=\"wp-block-cover__background has-background-dim wp-block-cover__gradient-background has-background-gradient has-bg-gradient-to-black-bottom-gradient-background\"><\/span><img loading=\"lazy\" decoding=\"async\" width=\"1024\" height=\"577\" src=\"https:\/\/www.lacroixvalmertourisme.com\/wp-content\/uploads\/2024\/06\/brouis-204\u00a9guillaumevoiturier-7-1024x577.jpg\" class=\"wp-block-cover__image-background wp-post-image\" alt=\"nature cap lardier la croix valmer office de tourisme\" data-object-fit=\"cover\"   \/><div class=\"wp-block-cover__inner-container is-layout-constrained wp-container-core-cover-is-layout-11859842 wp-block-cover-is-layout-constrained\"><h2 class=\"wp-block-post-title\"><a href=\"https:\/\/www.lacroixvalmertourisme.com\/fr\/decouvrir-et-s-evader\/les-pieds-dans-l-eau\/les-brouis\" target=\"_self\" >Plage des Brouis<\/a><\/h2><\/div><\/div>\n\n<\/li><li class=\"wp-block-post post-11538 page type-page status-publish has-post-thumbnail hentry\">\n\n<div class=\"wp-block-cover has-custom-content-position is-position-bottom-left\" style=\"padding-top:var(--wp--preset--spacing--60);padding-right:var(--wp--preset--spacing--60);padding-bottom:var(--wp--preset--spacing--60);padding-left:var(--wp--preset--spacing--60)\"><span aria-hidden=\"true\" class=\"wp-block-cover__background has-background-dim wp-block-cover__gradient-background has-background-gradient has-bg-gradient-to-black-bottom-gradient-background\"><\/span><img loading=\"lazy\" decoding=\"async\" width=\"1024\" height=\"768\" src=\"https:\/\/www.lacroixvalmertourisme.com\/wp-content\/uploads\/2024\/06\/briande-2024\u00a9guillaumevoiturier-7-1024x768.jpg\" class=\"wp-block-cover__image-background wp-post-image\" alt=\"nature cap lardier la croix valmer office de tourisme\" data-object-fit=\"cover\"   \/><div class=\"wp-block-cover__inner-container is-layout-constrained wp-container-core-cover-is-layout-11859842 wp-block-cover-is-layout-constrained\"><h2 class=\"wp-block-post-title\"><a href=\"https:\/\/www.lacroixvalmertourisme.com\/fr\/decouvrir-et-s-evader\/les-pieds-dans-l-eau\/la-briande\" target=\"_self\" >Plage de la Briande<\/a><\/h2><\/div><\/div>\n\n<\/li><li class=\"wp-block-post post-18284 page type-page status-publish has-post-thumbnail hentry\">\n\n<div class=\"wp-block-cover has-custom-content-position is-position-bottom-left\" style=\"padding-top:var(--wp--preset--spacing--60);padding-right:var(--wp--preset--spacing--60);padding-bottom:var(--wp--preset--spacing--60);padding-left:var(--wp--preset--spacing--60)\"><span aria-hidden=\"true\" class=\"wp-block-cover__background has-background-dim wp-block-cover__gradient-background has-background-gradient has-bg-gradient-to-black-bottom-gradient-background\"><\/span><img loading=\"lazy\" decoding=\"async\" width=\"1024\" height=\"576\" src=\"https:\/\/www.lacroixvalmertourisme.com\/wp-content\/uploads\/2021\/06\/activites-nautiques-3-SITE-OT-1024x576.png\" class=\"wp-block-cover__image-background wp-post-image\" alt=\"d\u00e9couvrir s&#039;evader la croix valmer plages\" data-object-fit=\"cover\"   \/><div class=\"wp-block-cover__inner-container is-layout-constrained wp-container-core-cover-is-layout-11859842 wp-block-cover-is-layout-constrained\"><h2 class=\"wp-block-post-title\"><a href=\"https:\/\/www.lacroixvalmertourisme.com\/fr\/decouvrir-et-s-evader\/les-pieds-dans-l-eau\/conseils-reglementation\" target=\"_self\" >Conseils &amp; R\u00e9glementation<\/a><\/h2><\/div><\/div>\n\n<\/li><\/ul><\/div>\n<\/div>\n","protected":false},"excerpt":{"rendered":"<p>Les vacances, c&rsquo;est tout un travail de repos tr\u00e8s difficile. Vincent Gury Mission &#8211; 1 jour, 1 plage : La Croix Valmer ne compte pas moins de 12 km de littoral que vous pourrez d\u00e9couvrir c\u00f4t\u00e9 terre, au gr\u00e9 de vos balades, c\u00f4t\u00e9 mer, vue de la plage. Vous avez choisi de passer vos vacances&#8230;<\/p>\n","protected":false},"author":4,"featured_media":13995,"parent":102,"menu_order":59,"comment_status":"closed","ping_status":"closed","template":"page-plage.blade.php","meta":{"_acf_changed":false,"_crdt_document":"","footnotes":""},"class_list":["post-93","page","type-page","status-publish","has-post-thumbnail","hentry"],"acf":{"slogan":"\"\u00catre en vacances, c'est n'avoir rien \u00e0 faire et avoir toute la journ\u00e9e pour le faire\" Robert Owen","introduction":"","pagepage-etendus":"none","video_mp4":false,"video_webm":false,"poster_image":false,"nugget":false,"page-virtuelle":false,"pagepage-updown":true,"autoplay":false,"delay":"","mots-cles":"balade randonn\u00e9e promenade p\u00e9destre cap lardier cap taillat nature environnement que faire visiter que visiter local guide espace prot\u00e9g\u00e9 parc national panorama conservatoire du littoral sentier histoire mer plage sentier du littoral sentier des douaniers point de vue cr\u00eate famille enfant sable rivage c\u00f4te d\u00e9barquement handiplage navette gratuite estivale bateaux iles d'or porquerolles port cros poste de secours plagistes restaurant commerces bou\u00e9e centre nautique voile nautique parachute p\u00e9dalo sylvabelle escalier naturelle surveill\u00e9e h\u00e9racl\u00e9e paddle gigaro ponton embarcad\u00e8re jovat crocodile marin snorkeling brouis sentier accompagn\u00e9e briande stationnement parking\r\n","title_alignement":""},"yoast_head":"<!-- This site is optimized with the Yoast SEO plugin v27.5 - https:\/\/yoast.com\/product\/yoast-seo-wordpress\/ -->\n<title>Nos plages de r\u00eave - La Croix-Valmer Tourisme<\/title>\n<meta name=\"description\" content=\"Mise en avant de chaque page \u00e0 La Croix Valmer Mission 1 jour 1 plage Nos plages de r\u00eaves D\u00e9couverte et Farniente\" \/>\n<meta name=\"robots\" content=\"index, follow, max-snippet:-1, max-image-preview:large, max-video-preview:-1\" \/>\n<link rel=\"canonical\" href=\"https:\/\/www.lacroixvalmertourisme.com\/fr\/decouvrir-et-s-evader\/les-pieds-dans-l-eau\" \/>\n<meta property=\"og:locale\" content=\"fr_FR\" \/>\n<meta property=\"og:type\" content=\"article\" \/>\n<meta property=\"og:title\" content=\"Nos plages de r\u00eave - La Croix-Valmer Tourisme\" \/>\n<meta property=\"og:description\" content=\"Mise en avant de chaque page \u00e0 La Croix Valmer Mission 1 jour 1 plage Nos plages de r\u00eaves D\u00e9couverte et Farniente\" \/>\n<meta property=\"og:url\" content=\"https:\/\/www.lacroixvalmertourisme.com\/fr\/decouvrir-et-s-evader\/les-pieds-dans-l-eau\" \/>\n<meta property=\"og:site_name\" content=\"La Croix-Valmer Tourisme\" \/>\n<meta property=\"article:publisher\" content=\"https:\/\/www.facebook.com\/lacroixvalmertourisme\/\" \/>\n<meta property=\"article:modified_time\" content=\"2026-02-24T21:29:04+00:00\" \/>\n<meta property=\"og:image\" content=\"https:\/\/www.lacroixvalmertourisme.com\/wp-content\/uploads\/2023\/11\/cote-mer-2.jpg\" \/>\n\t<meta property=\"og:image:width\" content=\"2000\" \/>\n\t<meta property=\"og:image:height\" content=\"1326\" \/>\n\t<meta property=\"og:image:type\" content=\"image\/jpeg\" \/>\n<meta name=\"twitter:card\" content=\"summary_large_image\" \/>\n<meta name=\"twitter:site\" content=\"@La_Croix_Valmer\" \/>\n<meta name=\"twitter:label1\" content=\"Dur\u00e9e de lecture estim\u00e9e\" \/>\n\t<meta name=\"twitter:data1\" content=\"12 minutes\" \/>\n<!-- \/ Yoast SEO plugin. -->","yoast_head_json":{"title":"Nos plages de r\u00eave - La Croix-Valmer Tourisme","description":"Mise en avant de chaque page \u00e0 La Croix Valmer Mission 1 jour 1 plage Nos plages de r\u00eaves D\u00e9couverte et Farniente","robots":{"index":"index","follow":"follow","max-snippet":"max-snippet:-1","max-image-preview":"max-image-preview:large","max-video-preview":"max-video-preview:-1"},"canonical":"https:\/\/www.lacroixvalmertourisme.com\/fr\/decouvrir-et-s-evader\/les-pieds-dans-l-eau","og_locale":"fr_FR","og_type":"article","og_title":"Nos plages de r\u00eave - La Croix-Valmer Tourisme","og_description":"Mise en avant de chaque page \u00e0 La Croix Valmer Mission 1 jour 1 plage Nos plages de r\u00eaves D\u00e9couverte et Farniente","og_url":"https:\/\/www.lacroixvalmertourisme.com\/fr\/decouvrir-et-s-evader\/les-pieds-dans-l-eau","og_site_name":"La Croix-Valmer Tourisme","article_publisher":"https:\/\/www.facebook.com\/lacroixvalmertourisme\/","article_modified_time":"2026-02-24T21:29:04+00:00","og_image":[{"width":2000,"height":1326,"url":"https:\/\/www.lacroixvalmertourisme.com\/wp-content\/uploads\/2023\/11\/cote-mer-2.jpg","type":"image\/jpeg"}],"twitter_card":"summary_large_image","twitter_site":"@La_Croix_Valmer","twitter_misc":{"Dur\u00e9e de lecture estim\u00e9e":"12 minutes"},"schema":{"@context":"https:\/\/schema.org","@graph":[{"@type":"WebPage","@id":"https:\/\/www.lacroixvalmertourisme.com\/fr\/decouvrir-et-s-evader\/les-pieds-dans-l-eau","url":"https:\/\/www.lacroixvalmertourisme.com\/fr\/decouvrir-et-s-evader\/les-pieds-dans-l-eau","name":"Nos plages de r\u00eave - La Croix-Valmer Tourisme","isPartOf":{"@id":"https:\/\/www.lacroixvalmertourisme.com\/fr\/#website"},"primaryImageOfPage":{"@id":"https:\/\/www.lacroixvalmertourisme.com\/fr\/decouvrir-et-s-evader\/les-pieds-dans-l-eau#primaryimage"},"image":{"@id":"https:\/\/www.lacroixvalmertourisme.com\/fr\/decouvrir-et-s-evader\/les-pieds-dans-l-eau#primaryimage"},"thumbnailUrl":"https:\/\/www.lacroixvalmertourisme.com\/wp-content\/uploads\/2023\/11\/cote-mer-2.jpg","datePublished":"2021-04-13T09:04:26+00:00","dateModified":"2026-02-24T21:29:04+00:00","description":"Mise en avant de chaque page \u00e0 La Croix Valmer Mission 1 jour 1 plage Nos plages de r\u00eaves D\u00e9couverte et Farniente","breadcrumb":{"@id":"https:\/\/www.lacroixvalmertourisme.com\/fr\/decouvrir-et-s-evader\/les-pieds-dans-l-eau#breadcrumb"},"inLanguage":"fr-FR","potentialAction":[{"@type":"ReadAction","target":["https:\/\/www.lacroixvalmertourisme.com\/fr\/decouvrir-et-s-evader\/les-pieds-dans-l-eau"]}]},{"@type":"ImageObject","inLanguage":"fr-FR","@id":"https:\/\/www.lacroixvalmertourisme.com\/fr\/decouvrir-et-s-evader\/les-pieds-dans-l-eau#primaryimage","url":"https:\/\/www.lacroixvalmertourisme.com\/wp-content\/uploads\/2023\/11\/cote-mer-2.jpg","contentUrl":"https:\/\/www.lacroixvalmertourisme.com\/wp-content\/uploads\/2023\/11\/cote-mer-2.jpg","width":2000,"height":1326},{"@type":"BreadcrumbList","@id":"https:\/\/www.lacroixvalmertourisme.com\/fr\/decouvrir-et-s-evader\/les-pieds-dans-l-eau#breadcrumb","itemListElement":[{"@type":"ListItem","position":1,"name":"Accueil","item":"https:\/\/www.lacroixvalmertourisme.com\/fr"},{"@type":"ListItem","position":2,"name":"D\u00e9couvrir","item":"https:\/\/www.lacroixvalmertourisme.com\/fr\/decouvrir-et-s-evader"},{"@type":"ListItem","position":3,"name":"Nos plages de r\u00eave"}]},{"@type":"WebSite","@id":"https:\/\/www.lacroixvalmertourisme.com\/fr\/#website","url":"https:\/\/www.lacroixvalmertourisme.com\/fr\/","name":"La Croix-Valmer Tourisme","description":"Toutes les informations touristiques pour organiser votre prochain s\u00e9jour \u00e0 La Croix Valmer dans le Golfe de Saint-Tropez","publisher":{"@id":"https:\/\/www.lacroixvalmertourisme.com\/fr\/#organization"},"potentialAction":[{"@type":"SearchAction","target":{"@type":"EntryPoint","urlTemplate":"https:\/\/www.lacroixvalmertourisme.com\/fr\/?s={search_term_string}"},"query-input":{"@type":"PropertyValueSpecification","valueRequired":true,"valueName":"search_term_string"}}],"inLanguage":"fr-FR"},{"@type":"Organization","@id":"https:\/\/www.lacroixvalmertourisme.com\/fr\/#organization","name":"Office de Tourisme de La Croix Valmer","url":"https:\/\/www.lacroixvalmertourisme.com\/fr\/","logo":{"@type":"ImageObject","inLanguage":"fr-FR","@id":"https:\/\/www.lacroixvalmertourisme.com\/fr\/#\/schema\/logo\/image\/","url":"https:\/\/www.lacroixvalmertourisme.com\/wp-content\/uploads\/2021\/06\/Logo_ot_bleu.png","contentUrl":"https:\/\/www.lacroixvalmertourisme.com\/wp-content\/uploads\/2021\/06\/Logo_ot_bleu.png","width":591,"height":454,"caption":"Office de Tourisme de La Croix Valmer"},"image":{"@id":"https:\/\/www.lacroixvalmertourisme.com\/fr\/#\/schema\/logo\/image\/"},"sameAs":["https:\/\/www.facebook.com\/lacroixvalmertourisme\/","https:\/\/x.com\/La_Croix_Valmer","https:\/\/www.instagram.com\/lacroixvalmer_tourisme\/"]}]}},"publishpress_future_workflow_manual_trigger":{"enabledWorkflows":[]},"_links":{"self":[{"href":"https:\/\/www.lacroixvalmertourisme.com\/fr\/wp-json\/wp\/v2\/pages\/93","targetHints":{"allow":["GET"]}}],"collection":[{"href":"https:\/\/www.lacroixvalmertourisme.com\/fr\/wp-json\/wp\/v2\/pages"}],"about":[{"href":"https:\/\/www.lacroixvalmertourisme.com\/fr\/wp-json\/wp\/v2\/types\/page"}],"author":[{"embeddable":true,"href":"https:\/\/www.lacroixvalmertourisme.com\/fr\/wp-json\/wp\/v2\/users\/4"}],"replies":[{"embeddable":true,"href":"https:\/\/www.lacroixvalmertourisme.com\/fr\/wp-json\/wp\/v2\/comments?post=93"}],"version-history":[{"count":8,"href":"https:\/\/www.lacroixvalmertourisme.com\/fr\/wp-json\/wp\/v2\/pages\/93\/revisions"}],"predecessor-version":[{"id":27732,"href":"https:\/\/www.lacroixvalmertourisme.com\/fr\/wp-json\/wp\/v2\/pages\/93\/revisions\/27732"}],"up":[{"embeddable":true,"href":"https:\/\/www.lacroixvalmertourisme.com\/fr\/wp-json\/wp\/v2\/pages\/102"}],"wp:featuredmedia":[{"embeddable":true,"href":"https:\/\/www.lacroixvalmertourisme.com\/fr\/wp-json\/wp\/v2\/media\/13995"}],"wp:attachment":[{"href":"https:\/\/www.lacroixvalmertourisme.com\/fr\/wp-json\/wp\/v2\/media?parent=93"}],"curies":[{"name":"wp","href":"https:\/\/api.w.org\/{rel}","templated":true}]}}