{"id":87,"date":"2021-04-13T11:02:32","date_gmt":"2021-04-13T09:02:32","guid":{"rendered":"https:\/\/www.lacroixvalmertourisme.com\/?page_id=87"},"modified":"2026-02-16T13:07:19","modified_gmt":"2026-02-16T12:07:19","slug":"ecrin-de-verdure","status":"publish","type":"page","link":"https:\/\/www.lacroixvalmertourisme.com\/fr\/decouvrir-et-s-evader\/ecrin-de-verdure","title":{"rendered":"Les randonn\u00e9es et balades"},"content":{"rendered":"\n<div class=\"wp-block-group alignwide is-layout-constrained wp-block-group-is-layout-constrained\">\n<div class=\"wp-block-columns alignwide is-layout-flex wp-container-core-columns-is-layout-0defc3be wp-block-columns-is-layout-flex\" style=\"border-top-left-radius:0px;border-top-right-radius:0px;border-bottom-left-radius:0px;border-bottom-right-radius:0px\">\n<div class=\"wp-block-column is-vertically-aligned-bottom is-layout-flow wp-block-column-is-layout-flow\" style=\"flex-basis:25%\">\n<div class=\"wp-block-cover has-border-color\" style=\"border-color:#34d399;border-width:8px;border-radius:30px;padding-top:var(--wp--preset--spacing--60);padding-right:var(--wp--preset--spacing--50);padding-bottom:var(--wp--preset--spacing--60);padding-left:var(--wp--preset--spacing--50)\"><span aria-hidden=\"true\" class=\"wp-block-cover__background has-background-dim-0 has-background-dim\"><\/span><div class=\"wp-block-cover__inner-container is-layout-constrained wp-container-core-cover-is-layout-bc1baaff wp-block-cover-is-layout-constrained\">\t\t<div id=\"trekItems-1996412300\" class=\"trekItems wp-block-apidae-trek align\">\r\n\t\t\t<apidae-trek\r\n\t\t\t\tslug=\"randonnee\"\r\n\t\t\t\tlang=\"fr\"\r\n\t\t\t\t:show-filtre-groupes=\"1\"\r\n\t\t\t\tfilter=\"\"\r\n\t\t\t\t:groupe-ids-to-hide=\"[3,14,25,7,23,1,41,11,31,4,21,12,26,5,2,6,10,22,24,62,68,32,13,64,15,43,8,61,9,67]\"\r\n\t\t\t\t:groupe-ids-to-open=\"[]\"\r\n\t\t\t\t:show-filtre-distance=\"1\"\r\n        :show-filtre-duration=\"1\"\r\n        :show-filtre-elevation=\"1\"\r\n        :show-filtre-geolocalisation=\"0\">\r\n\t\t\t<\/apidae-trek>\r\n\t\t<\/div><\/div><\/div>\n\n\n\n<div style=\"height:65px\" aria-hidden=\"true\" class=\"wp-block-spacer\"><\/div>\n<\/div>\n\n\n\n<div class=\"wp-block-column is-layout-flow wp-block-column-is-layout-flow\" style=\"flex-basis:75%\">\n<h1 class=\"wp-block-heading has-slate-700-color has-text-color has-link-color wp-elements-c80d17c9ff4de4f65ac8864d334cfcf7\" style=\"padding-top:var(--wp--preset--spacing--30);padding-right:0;padding-bottom:var(--wp--preset--spacing--50);padding-left:0;text-transform:uppercase\">Balades<\/h1>\n\n\n\n<div class=\"wp-block-columns alignfull is-layout-flex wp-container-core-columns-is-layout-84d02b9b wp-block-columns-is-layout-flex\">\n<div class=\"wp-block-column is-layout-flow wp-block-column-is-layout-flow\">\n<div class=\"wp-block-cover has-custom-content-position is-position-bottom-left\" style=\"padding-top:var(--wp--preset--spacing--50);padding-right:var(--wp--preset--spacing--50);padding-bottom:var(--wp--preset--spacing--50);padding-left:var(--wp--preset--spacing--50)\"><img loading=\"lazy\" decoding=\"async\" width=\"1920\" height=\"2560\" sizes=\"auto, (max-width: 1920px) 100vw, 1920px\" class=\"wp-block-cover__image-background wp-image-19370\" alt=\"\" src=\"https:\/\/www.lacroixvalmertourisme.com\/wp-content\/uploads\/2025\/01\/a-pied-2024\u00a9lacroixvalmertourisme-12-scaled.jpg\" data-object-fit=\"cover\" srcset=\"https:\/\/www.lacroixvalmertourisme.com\/wp-content\/uploads\/2025\/01\/a-pied-2024\u00a9lacroixvalmertourisme-12-scaled.jpg 1920w, https:\/\/www.lacroixvalmertourisme.com\/wp-content\/uploads\/2025\/01\/a-pied-2024\u00a9lacroixvalmertourisme-12-225x300.jpg 225w, https:\/\/www.lacroixvalmertourisme.com\/wp-content\/uploads\/2025\/01\/a-pied-2024\u00a9lacroixvalmertourisme-12-768x1024.jpg 768w, https:\/\/www.lacroixvalmertourisme.com\/wp-content\/uploads\/2025\/01\/a-pied-2024\u00a9lacroixvalmertourisme-12-1152x1536.jpg 1152w, https:\/\/www.lacroixvalmertourisme.com\/wp-content\/uploads\/2025\/01\/a-pied-2024\u00a9lacroixvalmertourisme-12-1536x2048.jpg 1536w, https:\/\/www.lacroixvalmertourisme.com\/wp-content\/uploads\/2025\/01\/a-pied-2024\u00a9lacroixvalmertourisme-12-113x150.jpg 113w\" \/><span aria-hidden=\"true\" class=\"wp-block-cover__background has-background-dim-60 has-background-dim wp-block-cover__gradient-background has-background-gradient has-bg-gradient-to-black-bottom-gradient-background\"><\/span><div class=\"wp-block-cover__inner-container is-layout-constrained wp-container-core-cover-is-layout-953aee64 wp-block-cover-is-layout-constrained\">\n<p class=\"has-text-align-left has-white-color has-text-color has-link-color wp-elements-b6a356f01f84f0f9f1218d2c1c76fcba wp-block-paragraph\" style=\"margin-bottom:0px;font-size:24px;font-style:normal;font-weight:500;line-height:1.2\"><a href=\"https:\/\/www.lacroixvalmertourisme.com\/fr\/randonnee?filter6054=69\">\u00c0 pied<\/a><\/p>\n<\/div><\/div>\n<\/div>\n\n\n\n<div class=\"wp-block-column is-layout-flow wp-block-column-is-layout-flow\">\n<div class=\"wp-block-cover has-custom-content-position is-position-bottom-left\" style=\"padding-top:var(--wp--preset--spacing--50);padding-right:var(--wp--preset--spacing--50);padding-bottom:var(--wp--preset--spacing--50);padding-left:var(--wp--preset--spacing--50)\"><img loading=\"lazy\" decoding=\"async\" width=\"1920\" height=\"2560\" sizes=\"auto, (max-width: 1920px) 100vw, 1920px\" class=\"wp-block-cover__image-background wp-image-19367\" alt=\"\" src=\"https:\/\/www.lacroixvalmertourisme.com\/wp-content\/uploads\/2025\/01\/velo-2024\u00a9lacroixvalmertourisme-18-scaled.jpg\" data-object-fit=\"cover\" srcset=\"https:\/\/www.lacroixvalmertourisme.com\/wp-content\/uploads\/2025\/01\/velo-2024\u00a9lacroixvalmertourisme-18-scaled.jpg 1920w, https:\/\/www.lacroixvalmertourisme.com\/wp-content\/uploads\/2025\/01\/velo-2024\u00a9lacroixvalmertourisme-18-225x300.jpg 225w, https:\/\/www.lacroixvalmertourisme.com\/wp-content\/uploads\/2025\/01\/velo-2024\u00a9lacroixvalmertourisme-18-768x1024.jpg 768w, https:\/\/www.lacroixvalmertourisme.com\/wp-content\/uploads\/2025\/01\/velo-2024\u00a9lacroixvalmertourisme-18-1152x1536.jpg 1152w, https:\/\/www.lacroixvalmertourisme.com\/wp-content\/uploads\/2025\/01\/velo-2024\u00a9lacroixvalmertourisme-18-1536x2048.jpg 1536w, https:\/\/www.lacroixvalmertourisme.com\/wp-content\/uploads\/2025\/01\/velo-2024\u00a9lacroixvalmertourisme-18-113x150.jpg 113w\" \/><span aria-hidden=\"true\" class=\"wp-block-cover__background has-background-dim-60 has-background-dim wp-block-cover__gradient-background has-background-gradient has-bg-gradient-to-black-bottom-gradient-background\"><\/span><div class=\"wp-block-cover__inner-container is-layout-constrained wp-container-core-cover-is-layout-953aee64 wp-block-cover-is-layout-constrained\">\n<p class=\"has-text-align-left has-white-color has-text-color has-link-color wp-elements-87a4e88a45af18e83d874367a58e6830 wp-block-paragraph\" style=\"margin-bottom:0px;font-size:24px;font-style:normal;font-weight:500;line-height:1.2\"><a href=\"https:\/\/www.lacroixvalmertourisme.com\/fr\/randonnee?filter6055=69\">En 2 roues<\/a><\/p>\n<\/div><\/div>\n<\/div>\n\n\n\n<div class=\"wp-block-column is-layout-flow wp-block-column-is-layout-flow\">\n<div class=\"wp-block-cover has-custom-content-position is-position-bottom-left\" style=\"padding-top:var(--wp--preset--spacing--50);padding-right:var(--wp--preset--spacing--50);padding-bottom:var(--wp--preset--spacing--50);padding-left:var(--wp--preset--spacing--50)\"><img loading=\"lazy\" decoding=\"async\" width=\"1536\" height=\"2048\" sizes=\"auto, (max-width: 1536px) 100vw, 1536px\" class=\"wp-block-cover__image-background wp-image-18474\" alt=\"\" src=\"https:\/\/www.lacroixvalmertourisme.com\/wp-content\/uploads\/2024\/09\/Escape-game-sept24-\u00a9-lacroixvalmertourisme-19.jpeg\" data-object-fit=\"cover\" srcset=\"https:\/\/www.lacroixvalmertourisme.com\/wp-content\/uploads\/2024\/09\/Escape-game-sept24-\u00a9-lacroixvalmertourisme-19.jpeg 1536w, https:\/\/www.lacroixvalmertourisme.com\/wp-content\/uploads\/2024\/09\/Escape-game-sept24-\u00a9-lacroixvalmertourisme-19-225x300.jpeg 225w, https:\/\/www.lacroixvalmertourisme.com\/wp-content\/uploads\/2024\/09\/Escape-game-sept24-\u00a9-lacroixvalmertourisme-19-768x1024.jpeg 768w, https:\/\/www.lacroixvalmertourisme.com\/wp-content\/uploads\/2024\/09\/Escape-game-sept24-\u00a9-lacroixvalmertourisme-19-1152x1536.jpeg 1152w, https:\/\/www.lacroixvalmertourisme.com\/wp-content\/uploads\/2024\/09\/Escape-game-sept24-\u00a9-lacroixvalmertourisme-19-113x150.jpeg 113w\" \/><span aria-hidden=\"true\" class=\"wp-block-cover__background has-background-dim-60 has-background-dim wp-block-cover__gradient-background has-background-gradient has-bg-gradient-to-black-bottom-gradient-background\"><\/span><div class=\"wp-block-cover__inner-container is-layout-constrained wp-container-core-cover-is-layout-953aee64 wp-block-cover-is-layout-constrained\">\n<p class=\"has-text-align-left has-white-color has-text-color has-link-color wp-elements-264e4daf6d565759b4bfde8c5280ff04 wp-block-paragraph\" style=\"margin-bottom:0px;font-size:24px;font-style:normal;font-weight:500;line-height:1.2\">Balades ludiques, audioguides &amp; escape game<\/p>\n\n\n<a href=\"https:\/\/www.lacroixvalmertourisme.com\/fr\/decouvrir-et-s-evader\/ecrin-de-verdure\/balades-et-decouvertes\" ><span aria-hidden=\"true\" class=\"absolute inset-0\"><\/span><span class=\"sr-only\">Balades &amp; D\u00e9couvertes<\/span><\/a><\/div><\/div>\n<\/div>\n<\/div>\n\n\n\n<div class=\"wp-block-buttons is-layout-flex wp-block-buttons-is-layout-flex\">\n<div class=\"wp-block-button is-style-outline is-style-outline--1\"><a class=\"wp-block-button__link wp-element-button\" href=\"https:\/\/www.lacroixvalmertourisme.com\/fr\/randonnee\" target=\"_blank\" rel=\"noreferrer noopener\">Plus d&rsquo;itin\u00e9raires<\/a><\/div>\n<\/div>\n<\/div>\n<\/div>\n\n\n\n<div style=\"height:64px\" aria-hidden=\"true\" class=\"wp-block-spacer\"><\/div>\n<\/div>\n","protected":false},"excerpt":{"rendered":"","protected":false},"author":4,"featured_media":16241,"parent":102,"menu_order":40,"comment_status":"closed","ping_status":"closed","template":"page-plage.blade.php","meta":{"_acf_changed":false,"_crdt_document":"","footnotes":""},"class_list":["post-87","page","type-page","status-publish","has-post-thumbnail","hentry"],"acf":{"slogan":"","introduction":"La Croix Valmer, \r\nc'est 2 des 3 caps de la presqu'\u00eele de Saint-Tropez, \r\nc'est un joyau de nature nich\u00e9 au c\u0153ur d'un parc national, \r\nc'est un environnement d'exception, pr\u00e9serv\u00e9 et respect\u00e9.","pagepage-etendus":"none","video_mp4":false,"video_webm":false,"poster_image":false,"nugget":false,"page-virtuelle":false,"pagepage-updown":true,"autoplay":false,"delay":"","mots-cles":"balade randonn\u00e9e promenade p\u00e9destre cyclable v\u00e9lo vtt cap lardier cap taillat nature environnement que faire visiter que visiter local guide espace prot\u00e9g\u00e9 parc national panorama conservatoire du littoral sentier","title_alignement":""},"yoast_head":"<!-- This site is optimized with the Yoast SEO plugin v27.5 - https:\/\/yoast.com\/product\/yoast-seo-wordpress\/ -->\n<title>Les randonn\u00e9es et balades - La Croix-Valmer Tourisme<\/title>\n<meta name=\"robots\" content=\"index, follow, max-snippet:-1, max-image-preview:large, max-video-preview:-1\" \/>\n<link rel=\"canonical\" href=\"https:\/\/www.lacroixvalmertourisme.com\/fr\/decouvrir-et-s-evader\/ecrin-de-verdure\" \/>\n<meta property=\"og:locale\" content=\"fr_FR\" \/>\n<meta property=\"og:type\" content=\"article\" \/>\n<meta property=\"og:title\" content=\"Les randonn\u00e9es et balades - La Croix-Valmer Tourisme\" \/>\n<meta property=\"og:url\" content=\"https:\/\/www.lacroixvalmertourisme.com\/fr\/decouvrir-et-s-evader\/ecrin-de-verdure\" \/>\n<meta property=\"og:site_name\" content=\"La Croix-Valmer Tourisme\" \/>\n<meta property=\"article:publisher\" content=\"https:\/\/www.facebook.com\/lacroixvalmertourisme\/\" \/>\n<meta property=\"article:modified_time\" content=\"2026-02-16T12:07:19+00:00\" \/>\n<meta property=\"og:image\" content=\"https:\/\/www.lacroixvalmertourisme.com\/wp-content\/uploads\/2024\/06\/plages204\u00a9guillaumevoiturier-5.jpg\" \/>\n\t<meta property=\"og:image:width\" content=\"2000\" \/>\n\t<meta property=\"og:image:height\" content=\"1125\" \/>\n\t<meta property=\"og:image:type\" content=\"image\/jpeg\" \/>\n<meta name=\"twitter:card\" content=\"summary_large_image\" \/>\n<meta name=\"twitter:site\" content=\"@La_Croix_Valmer\" \/>\n<meta name=\"twitter:label1\" content=\"Dur\u00e9e de lecture estim\u00e9e\" \/>\n\t<meta name=\"twitter:data1\" content=\"9 minutes\" \/>\n<!-- \/ Yoast SEO plugin. -->","yoast_head_json":{"title":"Les randonn\u00e9es et balades - La Croix-Valmer Tourisme","robots":{"index":"index","follow":"follow","max-snippet":"max-snippet:-1","max-image-preview":"max-image-preview:large","max-video-preview":"max-video-preview:-1"},"canonical":"https:\/\/www.lacroixvalmertourisme.com\/fr\/decouvrir-et-s-evader\/ecrin-de-verdure","og_locale":"fr_FR","og_type":"article","og_title":"Les randonn\u00e9es et balades - La Croix-Valmer Tourisme","og_url":"https:\/\/www.lacroixvalmertourisme.com\/fr\/decouvrir-et-s-evader\/ecrin-de-verdure","og_site_name":"La Croix-Valmer Tourisme","article_publisher":"https:\/\/www.facebook.com\/lacroixvalmertourisme\/","article_modified_time":"2026-02-16T12:07:19+00:00","og_image":[{"width":2000,"height":1125,"url":"https:\/\/www.lacroixvalmertourisme.com\/wp-content\/uploads\/2024\/06\/plages204\u00a9guillaumevoiturier-5.jpg","type":"image\/jpeg"}],"twitter_card":"summary_large_image","twitter_site":"@La_Croix_Valmer","twitter_misc":{"Dur\u00e9e de lecture estim\u00e9e":"9 minutes"},"schema":{"@context":"https:\/\/schema.org","@graph":[{"@type":"WebPage","@id":"https:\/\/www.lacroixvalmertourisme.com\/fr\/decouvrir-et-s-evader\/ecrin-de-verdure","url":"https:\/\/www.lacroixvalmertourisme.com\/fr\/decouvrir-et-s-evader\/ecrin-de-verdure","name":"Les randonn\u00e9es et balades - La Croix-Valmer Tourisme","isPartOf":{"@id":"https:\/\/www.lacroixvalmertourisme.com\/fr\/#website"},"primaryImageOfPage":{"@id":"https:\/\/www.lacroixvalmertourisme.com\/fr\/decouvrir-et-s-evader\/ecrin-de-verdure#primaryimage"},"image":{"@id":"https:\/\/www.lacroixvalmertourisme.com\/fr\/decouvrir-et-s-evader\/ecrin-de-verdure#primaryimage"},"thumbnailUrl":"https:\/\/www.lacroixvalmertourisme.com\/wp-content\/uploads\/2024\/06\/plages204\u00a9guillaumevoiturier-5.jpg","datePublished":"2021-04-13T09:02:32+00:00","dateModified":"2026-02-16T12:07:19+00:00","breadcrumb":{"@id":"https:\/\/www.lacroixvalmertourisme.com\/fr\/decouvrir-et-s-evader\/ecrin-de-verdure#breadcrumb"},"inLanguage":"fr-FR","potentialAction":[{"@type":"ReadAction","target":["https:\/\/www.lacroixvalmertourisme.com\/fr\/decouvrir-et-s-evader\/ecrin-de-verdure"]}]},{"@type":"ImageObject","inLanguage":"fr-FR","@id":"https:\/\/www.lacroixvalmertourisme.com\/fr\/decouvrir-et-s-evader\/ecrin-de-verdure#primaryimage","url":"https:\/\/www.lacroixvalmertourisme.com\/wp-content\/uploads\/2024\/06\/plages204\u00a9guillaumevoiturier-5.jpg","contentUrl":"https:\/\/www.lacroixvalmertourisme.com\/wp-content\/uploads\/2024\/06\/plages204\u00a9guillaumevoiturier-5.jpg","width":2000,"height":1125,"caption":"sentier littoral la croix valmer office de tourisme"},{"@type":"BreadcrumbList","@id":"https:\/\/www.lacroixvalmertourisme.com\/fr\/decouvrir-et-s-evader\/ecrin-de-verdure#breadcrumb","itemListElement":[{"@type":"ListItem","position":1,"name":"Accueil","item":"https:\/\/www.lacroixvalmertourisme.com\/fr"},{"@type":"ListItem","position":2,"name":"D\u00e9couvrir","item":"https:\/\/www.lacroixvalmertourisme.com\/fr\/decouvrir-et-s-evader"},{"@type":"ListItem","position":3,"name":"Les randonn\u00e9es et balades"}]},{"@type":"WebSite","@id":"https:\/\/www.lacroixvalmertourisme.com\/fr\/#website","url":"https:\/\/www.lacroixvalmertourisme.com\/fr\/","name":"La Croix-Valmer Tourisme","description":"Toutes les informations touristiques pour organiser votre prochain s\u00e9jour \u00e0 La Croix Valmer dans le Golfe de Saint-Tropez","publisher":{"@id":"https:\/\/www.lacroixvalmertourisme.com\/fr\/#organization"},"potentialAction":[{"@type":"SearchAction","target":{"@type":"EntryPoint","urlTemplate":"https:\/\/www.lacroixvalmertourisme.com\/fr\/?s={search_term_string}"},"query-input":{"@type":"PropertyValueSpecification","valueRequired":true,"valueName":"search_term_string"}}],"inLanguage":"fr-FR"},{"@type":"Organization","@id":"https:\/\/www.lacroixvalmertourisme.com\/fr\/#organization","name":"Office de Tourisme de La Croix Valmer","url":"https:\/\/www.lacroixvalmertourisme.com\/fr\/","logo":{"@type":"ImageObject","inLanguage":"fr-FR","@id":"https:\/\/www.lacroixvalmertourisme.com\/fr\/#\/schema\/logo\/image\/","url":"https:\/\/www.lacroixvalmertourisme.com\/wp-content\/uploads\/2021\/06\/Logo_ot_bleu.png","contentUrl":"https:\/\/www.lacroixvalmertourisme.com\/wp-content\/uploads\/2021\/06\/Logo_ot_bleu.png","width":591,"height":454,"caption":"Office de Tourisme de La Croix Valmer"},"image":{"@id":"https:\/\/www.lacroixvalmertourisme.com\/fr\/#\/schema\/logo\/image\/"},"sameAs":["https:\/\/www.facebook.com\/lacroixvalmertourisme\/","https:\/\/x.com\/La_Croix_Valmer","https:\/\/www.instagram.com\/lacroixvalmer_tourisme\/"]}]}},"publishpress_future_workflow_manual_trigger":{"enabledWorkflows":[]},"_links":{"self":[{"href":"https:\/\/www.lacroixvalmertourisme.com\/fr\/wp-json\/wp\/v2\/pages\/87","targetHints":{"allow":["GET"]}}],"collection":[{"href":"https:\/\/www.lacroixvalmertourisme.com\/fr\/wp-json\/wp\/v2\/pages"}],"about":[{"href":"https:\/\/www.lacroixvalmertourisme.com\/fr\/wp-json\/wp\/v2\/types\/page"}],"author":[{"embeddable":true,"href":"https:\/\/www.lacroixvalmertourisme.com\/fr\/wp-json\/wp\/v2\/users\/4"}],"replies":[{"embeddable":true,"href":"https:\/\/www.lacroixvalmertourisme.com\/fr\/wp-json\/wp\/v2\/comments?post=87"}],"version-history":[{"count":10,"href":"https:\/\/www.lacroixvalmertourisme.com\/fr\/wp-json\/wp\/v2\/pages\/87\/revisions"}],"predecessor-version":[{"id":26924,"href":"https:\/\/www.lacroixvalmertourisme.com\/fr\/wp-json\/wp\/v2\/pages\/87\/revisions\/26924"}],"up":[{"embeddable":true,"href":"https:\/\/www.lacroixvalmertourisme.com\/fr\/wp-json\/wp\/v2\/pages\/102"}],"wp:featuredmedia":[{"embeddable":true,"href":"https:\/\/www.lacroixvalmertourisme.com\/fr\/wp-json\/wp\/v2\/media\/16241"}],"wp:attachment":[{"href":"https:\/\/www.lacroixvalmertourisme.com\/fr\/wp-json\/wp\/v2\/media?parent=87"}],"curies":[{"name":"wp","href":"https:\/\/api.w.org\/{rel}","templated":true}]}}