{"id":85,"date":"2021-04-13T11:01:36","date_gmt":"2021-04-13T09:01:36","guid":{"rendered":"https:\/\/www.lacroixvalmertourisme.com\/?page_id=85"},"modified":"2026-02-17T12:39:50","modified_gmt":"2026-02-17T11:39:50","slug":"livre-dhistoire","status":"publish","type":"page","link":"https:\/\/www.lacroixvalmertourisme.com\/fr\/decouvrir-et-s-evader\/livre-dhistoire","title":{"rendered":"Histoire"},"content":{"rendered":"\n<div class=\"wp-block-group alignwide is-layout-constrained wp-block-group-is-layout-constrained\">\n<figure class=\"wp-block-pullquote has-secondary-50-color has-text-color has-script-font-family has-5-xl-font-size\"><blockquote><p><strong>Si La Croix Valmer m&rsquo;\u00e9tait cont\u00e9e&#8230;<\/strong><\/p><cite>Pierre Berenguier<\/cite><\/blockquote><\/figure>\n\n\n\n<div class=\"wp-block-columns alignfull is-layout-flex wp-container-core-columns-is-layout-0defc3be wp-block-columns-is-layout-flex\">\n<div class=\"wp-block-column is-layout-flow wp-block-column-is-layout-flow\">\n<figure class=\"wp-block-image aligncenter size-large is-resized is-style-rounded is-style-rounded--1\"><img decoding=\"async\" src=\"https:\/\/www.lacroixvalmertourisme.com\/wp-content\/uploads\/2023\/11\/LOGO-2-724x1024.jpeg\" alt=\"\" class=\"wp-image-13896\" style=\"width:210px;height:auto\"\/><\/figure>\n\n\n\n<div style=\"height:30px\" aria-hidden=\"true\" class=\"wp-block-spacer\"><\/div>\n\n\n\n<h3 class=\"wp-block-heading has-text-align-center has-secondary-50-color has-text-color has-link-color has-script-font-family has-5-xl-font-size wp-elements-285a6213f651239b6bace9fe91032240\">En 2024, La Croix Valmer<br>a f\u00eat\u00e9 ses 90 ans<\/h3>\n\n\n\n<div style=\"height:0px\" aria-hidden=\"true\" class=\"wp-block-spacer\"><\/div>\n\n\n\n<p class=\"has-text-align-center wp-block-paragraph\">La Croix Valmer n\u2019a pas toujours \u00e9t\u00e9 la jolie petite commune ind\u00e9pendante que vous connaissez aujourd\u2019hui. <\/p>\n\n\n\n<p class=\"wp-block-paragraph\"><\/p>\n\n\n\n<p class=\"has-text-align-center wp-block-paragraph\">Au d\u00e9but du XX\u00e8me si\u00e8cle, La Croix Valmer ainsi que Cavalaire \u00e9taient deux petits hameaux d\u00e9pendants de la commune de Gassin. <\/p>\n\n\n\n<p class=\"wp-block-paragraph\"><\/p>\n\n\n\n<p class=\"has-text-align-center wp-block-paragraph\">Notre petite commune, riche de par son vignoble, a rapidement souhait\u00e9 son ind\u00e9pendance. Il fallut plus d\u2019une dizaine d\u2019ann\u00e9es de demandes et une p\u00e9tition soutenue par le Pr\u00e9fet Louis Martin, qui donna son nom \u00e0 la rue principale de la ville, pour enfin obtenir gain de cause le 06 Avril 1934. <\/p>\n\n\n\n<p class=\"wp-block-paragraph\"><\/p>\n\n\n\n<p class=\"has-text-align-center wp-block-paragraph\">Depuis cette date, La Croix Valmer est devenue cette magnifique commune autonome que vous connaissez tous &#8230; ou presque !!!<\/p>\n<\/div>\n\n\n\n<div class=\"wp-block-column is-layout-flow wp-block-column-is-layout-flow\" style=\"flex-basis:5%\"><\/div>\n\n\n\n<div class=\"wp-block-column is-layout-flow wp-block-column-is-layout-flow\">\n<h3 class=\"wp-block-heading has-text-align-center has-secondary-50-color has-text-color has-link-color has-script-font-family has-5-xl-font-size wp-elements-a60bed8f3bae102692910c9daf51324e\">et le 80\u00e8me anniversaire du<br>D\u00e9barquement de Provence<\/h3>\n\n\n\n<div style=\"height:34px\" aria-hidden=\"true\" class=\"wp-block-spacer\"><\/div>\n\n\n\n<figure class=\"wp-block-image aligncenter size-large is-resized is-style-rounded is-style-rounded--2\"><a data-caption=\"D\u00e9barquement de Provence\" href=\"https:\/\/www.lacroixvalmertourisme.com\/wp-content\/uploads\/2021\/06\/2018-3101-square-souvenir\u00a9servicecommunciationlacroixvalmer-3-edited-1-1024x577.jpg\" data-fancybox=\"gallery\"><img loading=\"lazy\" decoding=\"async\" width=\"1024\" height=\"577\" sizes=\"auto, (max-width: 1024px) 100vw, 1024px\" data-tippy-content=\"D\u00e9barquement de Provence\" data-caption=\"\u00a9servicecommunciationlacroixvalmer\" src=\"https:\/\/www.lacroixvalmertourisme.com\/wp-content\/uploads\/2021\/06\/2018-3101-square-souvenir\u00a9servicecommunciationlacroixvalmer-3-edited-1-1024x577.jpg\" alt=\"d\u00e9couvrir s'evader la croix valmer histoire patrimoine architectural culture quoi faire visiter\" class=\"wp-image-3466\" style=\"width:310px;height:auto\" srcset=\"https:\/\/www.lacroixvalmertourisme.com\/wp-content\/uploads\/2021\/06\/2018-3101-square-souvenir\u00a9servicecommunciationlacroixvalmer-3-edited-1-1024x577.jpg 1024w, https:\/\/www.lacroixvalmertourisme.com\/wp-content\/uploads\/2021\/06\/2018-3101-square-souvenir\u00a9servicecommunciationlacroixvalmer-3-edited-1-300x169.jpg 300w, https:\/\/www.lacroixvalmertourisme.com\/wp-content\/uploads\/2021\/06\/2018-3101-square-souvenir\u00a9servicecommunciationlacroixvalmer-3-edited-1-768x433.jpg 768w, https:\/\/www.lacroixvalmertourisme.com\/wp-content\/uploads\/2021\/06\/2018-3101-square-souvenir\u00a9servicecommunciationlacroixvalmer-3-edited-1-1536x866.jpg 1536w, https:\/\/www.lacroixvalmertourisme.com\/wp-content\/uploads\/2021\/06\/2018-3101-square-souvenir\u00a9servicecommunciationlacroixvalmer-3-edited-1-266x150.jpg 266w, https:\/\/www.lacroixvalmertourisme.com\/wp-content\/uploads\/2021\/06\/2018-3101-square-souvenir\u00a9servicecommunciationlacroixvalmer-3-edited-1.jpg 1707w\" \/><\/a><figcaption class=\"wp-element-caption\">\u00a9servicecommunciationlacroixvalmer<\/figcaption><\/figure>\n\n\n\n<div style=\"height:0px\" aria-hidden=\"true\" class=\"wp-block-spacer\"><\/div>\n\n\n\n<p class=\"has-text-align-center wp-block-paragraph\">En 1944, l\u2019arm\u00e9e allemande occupe La Croix Valmer et r\u00e9quisitionne le Grand H\u00f4tel pour y installer sa Kommandantur. <\/p>\n\n\n\n<p class=\"has-text-align-center wp-block-paragraph\">Le 14 ao\u00fbt, un bombardement a\u00e9rien vise les terrains min\u00e9s et les canons allemands situ\u00e9s dans le hameau du Brost. Les bombes touchent le littoral, en particulier les plages du D\u00e9barquement et de Gigaro. Pour prot\u00e9ger les troupes alli\u00e9es venues de la mer, la c\u00f4te est sillonn\u00e9e pendant la nuit par des dragueurs de mines : ces navires de guerre cr\u00e9ent des passages s\u00e9curis\u00e9s vers la plage en d\u00e9truisant les mines ennemies. <\/p>\n\n\n\n<p class=\"has-text-align-center wp-block-paragraph\">De m\u00e9moire de Croisiens, \u00e0 l\u2019aube du 15 ao\u00fbt, la baie \u00e9tait noire de bateaux, on ne voyait plus la mer. Des centaines de navires approchent du rivage, ce sont les soldats de la 3\u00e8me division am\u00e9ricaine du G\u00e9n\u00e9ral O\u2019Daniel. \u00c0 minuit, plus de 16.000 hommes ont d\u00e9barqu\u00e9 sur nos plages. La mer et la plage se transforment en un paysage m\u00e9tallique anim\u00e9 d\u2019explosions. Dans l\u2019apr\u00e8s-midi, mitrailleuses, obus, bombes et balles sifflent.<\/p>\n\n\n\n<p class=\"has-text-align-center wp-block-paragraph\"> Le 16 ao\u00fbt au soir, l\u2019arm\u00e9e \u201cB\u201d du G\u00e9n\u00e9ral De Lattre De Tassigny d\u00e9barque sur la plage de Gigaro : c\u2019est le d\u00e9barquement de Provence, connu sous le nom de l\u2019op\u00e9ration \u201cAvril Dragoon\u201d. En deux semaines, la r\u00e9gion est lib\u00e9r\u00e9e.<\/p>\n<\/div>\n<\/div>\n\n\n<div class=\"relative wp-block-fmz-slider alignfull\">\n<div class=\"wp-block-query alignfull is-layout-flow wp-block-query-is-layout-flow fmz-slider-1864188885053759 swiper\"><ul class=\"swiper-wrapper\"><li class=\"wp-block-post post-9649 page type-page status-publish has-post-thumbnail hentry swiper-slide\">\n\n<div class=\"wp-block-cover has-custom-content-position is-position-bottom-left\" style=\"padding-top:var(--wp--preset--spacing--60);padding-right:var(--wp--preset--spacing--60);padding-bottom:var(--wp--preset--spacing--60);padding-left:var(--wp--preset--spacing--60)\"><span aria-hidden=\"true\" class=\"wp-block-cover__background has-background-dim wp-block-cover__gradient-background has-background-gradient has-bg-gradient-to-black-bottom-gradient-background\"><\/span><img loading=\"lazy\" decoding=\"async\" width=\"1024\" height=\"839\" src=\"https:\/\/www.lacroixvalmertourisme.com\/wp-content\/uploads\/2021\/05\/La_gare-1024x839.jpg\" class=\"wp-block-cover__image-background wp-post-image\" alt=\"d\u00e9couvrir s&#039;evader la croix valmer histoire patrimoine architectural culture quoi faire visiter\" data-object-fit=\"cover\"   \/><div class=\"wp-block-cover__inner-container is-layout-constrained wp-container-core-cover-is-layout-11859842 wp-block-cover-is-layout-constrained\"><h2 class=\"wp-block-post-title\"><a href=\"https:\/\/www.lacroixvalmertourisme.com\/fr\/decouvrir-et-s-evader\/livre-dhistoire\/historique\" target=\"_self\" >Historique<\/a><\/h2><\/div><\/div>\n\n<\/li><li class=\"wp-block-post post-100 page type-page status-publish has-post-thumbnail hentry swiper-slide\">\n\n<div class=\"wp-block-cover has-custom-content-position is-position-bottom-left\" style=\"padding-top:var(--wp--preset--spacing--60);padding-right:var(--wp--preset--spacing--60);padding-bottom:var(--wp--preset--spacing--60);padding-left:var(--wp--preset--spacing--60)\"><span aria-hidden=\"true\" class=\"wp-block-cover__background has-background-dim wp-block-cover__gradient-background has-background-gradient has-bg-gradient-to-black-bottom-gradient-background\"><\/span><img loading=\"lazy\" decoding=\"async\" width=\"1024\" height=\"682\" src=\"https:\/\/www.lacroixvalmertourisme.com\/wp-content\/uploads\/2022\/01\/villa-1024x682.jpg\" class=\"wp-block-cover__image-background wp-post-image\" alt=\"patrimoine architectural la croix valmer villa remarquable\" data-object-fit=\"cover\"   \/><div class=\"wp-block-cover__inner-container is-layout-constrained wp-container-core-cover-is-layout-11859842 wp-block-cover-is-layout-constrained\"><h2 class=\"wp-block-post-title\"><a href=\"https:\/\/www.lacroixvalmertourisme.com\/fr\/decouvrir-et-s-evader\/livre-dhistoire\/patrimoine-architectural\" target=\"_self\" >Patrimoine architectural<\/a><\/h2><\/div><\/div>\n\n<\/li><li class=\"wp-block-post post-17646 page type-page status-publish has-post-thumbnail hentry swiper-slide\">\n\n<div class=\"wp-block-cover has-custom-content-position is-position-bottom-left\" style=\"padding-top:var(--wp--preset--spacing--60);padding-right:var(--wp--preset--spacing--60);padding-bottom:var(--wp--preset--spacing--60);padding-left:var(--wp--preset--spacing--60)\"><span aria-hidden=\"true\" class=\"wp-block-cover__background has-background-dim wp-block-cover__gradient-background has-background-gradient has-bg-gradient-to-black-bottom-gradient-background\"><\/span><img loading=\"lazy\" decoding=\"async\" width=\"1024\" height=\"682\" src=\"https:\/\/www.lacroixvalmertourisme.com\/wp-content\/uploads\/2024\/05\/6042024-\u00a9-service-communication-16-1024x682.jpg\" class=\"wp-block-cover__image-background wp-post-image\" alt=\"salon de l&#039;emploi forum la croix Valmer tourisme office\" data-object-fit=\"cover\"   \/><div class=\"wp-block-cover__inner-container is-layout-constrained wp-container-core-cover-is-layout-11859842 wp-block-cover-is-layout-constrained\"><h2 class=\"wp-block-post-title\"><a href=\"https:\/\/www.lacroixvalmertourisme.com\/fr\/decouvrir-et-s-evader\/livre-dhistoire\/2024-la-croix-valmer-a-90-ans\" target=\"_self\" >2024 ~ La Croix Valmer a eu 90 ans<\/a><\/h2><\/div><\/div>\n\n<\/li><li class=\"wp-block-post post-9656 page type-page status-publish has-post-thumbnail hentry swiper-slide\">\n\n<div class=\"wp-block-cover has-custom-content-position is-position-bottom-left\" style=\"padding-top:var(--wp--preset--spacing--60);padding-right:var(--wp--preset--spacing--60);padding-bottom:var(--wp--preset--spacing--60);padding-left:var(--wp--preset--spacing--60)\"><span aria-hidden=\"true\" class=\"wp-block-cover__background has-background-dim wp-block-cover__gradient-background has-background-gradient has-bg-gradient-to-black-bottom-gradient-background\"><\/span><img loading=\"lazy\" decoding=\"async\" width=\"1024\" height=\"576\" src=\"https:\/\/www.lacroixvalmertourisme.com\/wp-content\/uploads\/2023\/02\/4-1024x576.jpg\" class=\"wp-block-cover__image-background wp-post-image\" alt=\"\" data-object-fit=\"cover\"   \/><div class=\"wp-block-cover__inner-container is-layout-constrained wp-container-core-cover-is-layout-11859842 wp-block-cover-is-layout-constrained\"><h2 class=\"wp-block-post-title\"><a href=\"https:\/\/www.lacroixvalmertourisme.com\/fr\/decouvrir-et-s-evader\/livre-dhistoire\/la-croix-valmer-fait-son-cinema\" target=\"_self\" >La Croix Valmer fait son cin\u00e9ma<\/a><\/h2><\/div><\/div>\n\n<\/li><\/ul><\/div>\n<div class=\"swiper-prev-1864188885053759\"><div class=\"fa-4x h-full flex items-center absolute z-10 top-1\/2 -translate-x-1\/2 -translate-y-1\/2 left-0 right-auto cursor-pointer\">\r\n\t\t<span class=\"fa-layers fa-fw z-10\">\r\n\t\t\t<i class=\"fa-solid fa-circle text-white dark:text-black\"><\/i>\r\n\t\t\t<i class=\"fa-light fa-angle-left text-black dark:text-white\" data-fa-transform=\"shrink-6\"><\/i>\r\n\t\t<\/span>\r\n\t<\/div><\/div><div class=\"swiper-next-1864188885053759\"><div class=\"fa-4x h-full flex items-center absolute z-10 top-1\/2 translate-x-1\/2 -translate-y-1\/2 right-0 left-auto cursor-pointer\">\r\n\t\t<span class=\"fa-layers fa-fw z-10\">\r\n\t\t\t<i class=\"fa-solid fa-circle text-white dark:text-black\"><\/i>\r\n\t\t\t<i class=\"fa-light fa-angle-right text-black dark:text-white\" data-fa-transform=\"shrink-6\"><\/i>\r\n\t\t<\/span>\r\n\t<\/div><\/div><\/div><div class=\"fmz-slider-thumbs-container-1864188885053759 wp-block-fmz-slider alignfull\"><\/div>\r\n\t<script>\r\n\t\t\t\tnew Swiper('.fmz-slider-1864188885053759', {\r\n\t\t\t\n        \n        slidesPerView: 1,\n        spaceBetween: 20,\n        centeredSlides: false,\n        speed: 300,\n        loop: false,\n\t\t\t\tdirection: 'horizontal',\n\t\t\t\teffect: 'slide',\n        breakpoints:{ \n          576: { \n            slidesPerView: 2,\n            spaceBetween: 20,\n\t\t\t\t\t\tcenteredSlides: false,\n          }, \n          992: { \n            slidesPerView: 3,\n            spaceBetween: 20,\n\t\t\t\t\t\tcenteredSlides: false,\n          },\n          1200: {\n            slidesPerView: 4,\n            spaceBetween: 20,\n\t\t\t\t\t\tcenteredSlides: false,\n          },\n          1400: {\n            slidesPerView: 4,\n            spaceBetween: 20,\n\t\t\t\t\t\tcenteredSlides: false,\n          }\n        }\n      ,\r\n\t\t\t\t\t\t\tnavigation: { \r\n\t\t\t\t\tnextEl: '.swiper-next-1864188885053759', \r\n\t\t\t\t\tprevEl: '.swiper-prev-1864188885053759'\r\n\t\t\t\t},\r\n\t\t\t\t\t\t\t\t\ta11y: {\r\n\t\t\t\tenabled: true,\r\n\t\t\t\tprevSlideMessage: 'Diapositive pr\u00e9c\u00e9dente',\r\n\t\t\t\tnextSlideMessage: 'Diapositive suivante',\r\n\t\t\t\tfirstSlideMessage: 'Premi\u00e8re diapositive',\r\n\t\t\t\tlastSlideMessage: 'Derni\u00e8re diapositive',\r\n\t\t\t\tpaginationBulletMessage: 'Diapositive {{index}}',\r\n\t\t\t},\r\n\t\t\t\t\t\twatchSlidesProgress: true,\r\n\t\t\twatchOverflow: true\r\n\t\t} )\r\n\t<\/script>\r\n\t\r\n\t<\/div>\n","protected":false},"excerpt":{"rendered":"<p>Si La Croix Valmer m&rsquo;\u00e9tait cont\u00e9e&#8230; Pierre Berenguier En 2024, La Croix Valmera f\u00eat\u00e9 ses 90 ans La Croix Valmer n\u2019a pas toujours \u00e9t\u00e9 la jolie petite commune ind\u00e9pendante que vous connaissez aujourd\u2019hui. Au d\u00e9but du XX\u00e8me si\u00e8cle, La Croix Valmer ainsi que Cavalaire \u00e9taient deux petits hameaux d\u00e9pendants de la commune de Gassin. Notre&#8230;<\/p>\n","protected":false},"author":4,"featured_media":3931,"parent":102,"menu_order":107,"comment_status":"closed","ping_status":"closed","template":"page-plage.blade.php","meta":{"_acf_changed":false,"_crdt_document":"","footnotes":""},"class_list":["post-85","page","type-page","status-publish","has-post-thumbnail","hentry"],"acf":{"slogan":"","introduction":"","video_mp4":false,"video_webm":false,"poster_image":false,"nugget":false,"pagepage-etendus":"none","page-virtuelle":false,"pagepage-updown":true,"autoplay":false,"delay":"","mots-cles":"histoire patrimoine d\u00e9barquement de provence La croix Valmer constantin gare train des pignes romain ruines vestiges pardigon architecture architectural domaine\r\n","title_alignement":""},"yoast_head":"<!-- This site is optimized with the Yoast SEO plugin v27.5 - https:\/\/yoast.com\/product\/yoast-seo-wordpress\/ -->\n<title>Histoire - La Croix-Valmer Tourisme<\/title>\n<meta name=\"robots\" content=\"index, follow, max-snippet:-1, max-image-preview:large, max-video-preview:-1\" \/>\n<link rel=\"canonical\" href=\"https:\/\/www.lacroixvalmertourisme.com\/fr\/decouvrir-et-s-evader\/livre-dhistoire\" \/>\n<meta property=\"og:locale\" content=\"fr_FR\" \/>\n<meta property=\"og:type\" content=\"article\" \/>\n<meta property=\"og:title\" content=\"Histoire - La Croix-Valmer Tourisme\" \/>\n<meta property=\"og:description\" content=\"Si La Croix Valmer m&rsquo;\u00e9tait cont\u00e9e&#8230; Pierre Berenguier En 2024, La Croix Valmera f\u00eat\u00e9 ses 90 ans La Croix Valmer n\u2019a pas toujours \u00e9t\u00e9 la jolie petite commune ind\u00e9pendante que vous connaissez aujourd\u2019hui. Au d\u00e9but du XX\u00e8me si\u00e8cle, La Croix Valmer ainsi que Cavalaire \u00e9taient deux petits hameaux d\u00e9pendants de la commune de Gassin. Notre...\" \/>\n<meta property=\"og:url\" content=\"https:\/\/www.lacroixvalmertourisme.com\/fr\/decouvrir-et-s-evader\/livre-dhistoire\" \/>\n<meta property=\"og:site_name\" content=\"La Croix-Valmer Tourisme\" \/>\n<meta property=\"article:publisher\" content=\"https:\/\/www.facebook.com\/lacroixvalmertourisme\/\" \/>\n<meta property=\"article:modified_time\" content=\"2026-02-17T11:39:50+00:00\" \/>\n<meta property=\"og:image\" content=\"https:\/\/www.lacroixvalmertourisme.com\/wp-content\/uploads\/2021\/06\/25.png\" \/>\n\t<meta property=\"og:image:width\" content=\"1020\" \/>\n\t<meta property=\"og:image:height\" content=\"694\" \/>\n\t<meta property=\"og:image:type\" content=\"image\/png\" \/>\n<meta name=\"twitter:card\" content=\"summary_large_image\" \/>\n<meta name=\"twitter:site\" content=\"@La_Croix_Valmer\" \/>\n<meta name=\"twitter:label1\" content=\"Dur\u00e9e de lecture estim\u00e9e\" \/>\n\t<meta name=\"twitter:data1\" content=\"6 minutes\" \/>\n<!-- \/ Yoast SEO plugin. -->","yoast_head_json":{"title":"Histoire - La Croix-Valmer Tourisme","robots":{"index":"index","follow":"follow","max-snippet":"max-snippet:-1","max-image-preview":"max-image-preview:large","max-video-preview":"max-video-preview:-1"},"canonical":"https:\/\/www.lacroixvalmertourisme.com\/fr\/decouvrir-et-s-evader\/livre-dhistoire","og_locale":"fr_FR","og_type":"article","og_title":"Histoire - La Croix-Valmer Tourisme","og_description":"Si La Croix Valmer m&rsquo;\u00e9tait cont\u00e9e&#8230; Pierre Berenguier En 2024, La Croix Valmera f\u00eat\u00e9 ses 90 ans La Croix Valmer n\u2019a pas toujours \u00e9t\u00e9 la jolie petite commune ind\u00e9pendante que vous connaissez aujourd\u2019hui. Au d\u00e9but du XX\u00e8me si\u00e8cle, La Croix Valmer ainsi que Cavalaire \u00e9taient deux petits hameaux d\u00e9pendants de la commune de Gassin. Notre...","og_url":"https:\/\/www.lacroixvalmertourisme.com\/fr\/decouvrir-et-s-evader\/livre-dhistoire","og_site_name":"La Croix-Valmer Tourisme","article_publisher":"https:\/\/www.facebook.com\/lacroixvalmertourisme\/","article_modified_time":"2026-02-17T11:39:50+00:00","og_image":[{"width":1020,"height":694,"url":"https:\/\/www.lacroixvalmertourisme.com\/wp-content\/uploads\/2021\/06\/25.png","type":"image\/png"}],"twitter_card":"summary_large_image","twitter_site":"@La_Croix_Valmer","twitter_misc":{"Dur\u00e9e de lecture estim\u00e9e":"6 minutes"},"schema":{"@context":"https:\/\/schema.org","@graph":[{"@type":"WebPage","@id":"https:\/\/www.lacroixvalmertourisme.com\/fr\/decouvrir-et-s-evader\/livre-dhistoire","url":"https:\/\/www.lacroixvalmertourisme.com\/fr\/decouvrir-et-s-evader\/livre-dhistoire","name":"Histoire - La Croix-Valmer Tourisme","isPartOf":{"@id":"https:\/\/www.lacroixvalmertourisme.com\/fr\/#website"},"primaryImageOfPage":{"@id":"https:\/\/www.lacroixvalmertourisme.com\/fr\/decouvrir-et-s-evader\/livre-dhistoire#primaryimage"},"image":{"@id":"https:\/\/www.lacroixvalmertourisme.com\/fr\/decouvrir-et-s-evader\/livre-dhistoire#primaryimage"},"thumbnailUrl":"https:\/\/www.lacroixvalmertourisme.com\/wp-content\/uploads\/2021\/06\/25.png","datePublished":"2021-04-13T09:01:36+00:00","dateModified":"2026-02-17T11:39:50+00:00","breadcrumb":{"@id":"https:\/\/www.lacroixvalmertourisme.com\/fr\/decouvrir-et-s-evader\/livre-dhistoire#breadcrumb"},"inLanguage":"fr-FR","potentialAction":[{"@type":"ReadAction","target":["https:\/\/www.lacroixvalmertourisme.com\/fr\/decouvrir-et-s-evader\/livre-dhistoire"]}]},{"@type":"ImageObject","inLanguage":"fr-FR","@id":"https:\/\/www.lacroixvalmertourisme.com\/fr\/decouvrir-et-s-evader\/livre-dhistoire#primaryimage","url":"https:\/\/www.lacroixvalmertourisme.com\/wp-content\/uploads\/2021\/06\/25.png","contentUrl":"https:\/\/www.lacroixvalmertourisme.com\/wp-content\/uploads\/2021\/06\/25.png","width":1020,"height":694,"caption":"d\u00e9couvrir s'evader la croix valmer histoire patrimoine architectural culture quoi faire visiter"},{"@type":"BreadcrumbList","@id":"https:\/\/www.lacroixvalmertourisme.com\/fr\/decouvrir-et-s-evader\/livre-dhistoire#breadcrumb","itemListElement":[{"@type":"ListItem","position":1,"name":"Accueil","item":"https:\/\/www.lacroixvalmertourisme.com\/fr"},{"@type":"ListItem","position":2,"name":"D\u00e9couvrir","item":"https:\/\/www.lacroixvalmertourisme.com\/fr\/decouvrir-et-s-evader"},{"@type":"ListItem","position":3,"name":"Histoire"}]},{"@type":"WebSite","@id":"https:\/\/www.lacroixvalmertourisme.com\/fr\/#website","url":"https:\/\/www.lacroixvalmertourisme.com\/fr\/","name":"La Croix-Valmer Tourisme","description":"Toutes les informations touristiques pour organiser votre prochain s\u00e9jour \u00e0 La Croix Valmer dans le Golfe de Saint-Tropez","publisher":{"@id":"https:\/\/www.lacroixvalmertourisme.com\/fr\/#organization"},"potentialAction":[{"@type":"SearchAction","target":{"@type":"EntryPoint","urlTemplate":"https:\/\/www.lacroixvalmertourisme.com\/fr\/?s={search_term_string}"},"query-input":{"@type":"PropertyValueSpecification","valueRequired":true,"valueName":"search_term_string"}}],"inLanguage":"fr-FR"},{"@type":"Organization","@id":"https:\/\/www.lacroixvalmertourisme.com\/fr\/#organization","name":"Office de Tourisme de La Croix Valmer","url":"https:\/\/www.lacroixvalmertourisme.com\/fr\/","logo":{"@type":"ImageObject","inLanguage":"fr-FR","@id":"https:\/\/www.lacroixvalmertourisme.com\/fr\/#\/schema\/logo\/image\/","url":"https:\/\/www.lacroixvalmertourisme.com\/wp-content\/uploads\/2021\/06\/Logo_ot_bleu.png","contentUrl":"https:\/\/www.lacroixvalmertourisme.com\/wp-content\/uploads\/2021\/06\/Logo_ot_bleu.png","width":591,"height":454,"caption":"Office de Tourisme de La Croix Valmer"},"image":{"@id":"https:\/\/www.lacroixvalmertourisme.com\/fr\/#\/schema\/logo\/image\/"},"sameAs":["https:\/\/www.facebook.com\/lacroixvalmertourisme\/","https:\/\/x.com\/La_Croix_Valmer","https:\/\/www.instagram.com\/lacroixvalmer_tourisme\/"]}]}},"publishpress_future_workflow_manual_trigger":{"enabledWorkflows":[]},"_links":{"self":[{"href":"https:\/\/www.lacroixvalmertourisme.com\/fr\/wp-json\/wp\/v2\/pages\/85","targetHints":{"allow":["GET"]}}],"collection":[{"href":"https:\/\/www.lacroixvalmertourisme.com\/fr\/wp-json\/wp\/v2\/pages"}],"about":[{"href":"https:\/\/www.lacroixvalmertourisme.com\/fr\/wp-json\/wp\/v2\/types\/page"}],"author":[{"embeddable":true,"href":"https:\/\/www.lacroixvalmertourisme.com\/fr\/wp-json\/wp\/v2\/users\/4"}],"replies":[{"embeddable":true,"href":"https:\/\/www.lacroixvalmertourisme.com\/fr\/wp-json\/wp\/v2\/comments?post=85"}],"version-history":[{"count":6,"href":"https:\/\/www.lacroixvalmertourisme.com\/fr\/wp-json\/wp\/v2\/pages\/85\/revisions"}],"predecessor-version":[{"id":27126,"href":"https:\/\/www.lacroixvalmertourisme.com\/fr\/wp-json\/wp\/v2\/pages\/85\/revisions\/27126"}],"up":[{"embeddable":true,"href":"https:\/\/www.lacroixvalmertourisme.com\/fr\/wp-json\/wp\/v2\/pages\/102"}],"wp:featuredmedia":[{"embeddable":true,"href":"https:\/\/www.lacroixvalmertourisme.com\/fr\/wp-json\/wp\/v2\/media\/3931"}],"wp:attachment":[{"href":"https:\/\/www.lacroixvalmertourisme.com\/fr\/wp-json\/wp\/v2\/media?parent=85"}],"curies":[{"name":"wp","href":"https:\/\/api.w.org\/{rel}","templated":true}]}}