{"id":658,"date":"2021-04-17T14:18:44","date_gmt":"2021-04-17T12:18:44","guid":{"rendered":"https:\/\/www.lacroixvalmertourisme.com\/?page_id=658"},"modified":"2025-12-09T23:05:11","modified_gmt":"2025-12-09T22:05:11","slug":"culture-patrimoine","status":"publish","type":"page","link":"https:\/\/www.lacroixvalmertourisme.com\/fr\/decouvrir-et-s-evader\/envie-daventure\/culture-patrimoine","title":{"rendered":"Culture et Patrimoine"},"content":{"rendered":"\t\t<noscript>\t<ul class=\"list-event\">\n\t\t    <div class=\"grid__item\">\n      <a href=\"\/fr\/loisirs\/autres-loisirs\/la-croix-valmer\/point-informatique-839791\" class=\"single-item\">\n        <div class=\"grid__img\">\n                      <img loading=\"lazy\" decoding=\"async\" src=\"\/wp-content\/plugins\/apidae\/public\/files\/mini\/point-informatique_839791_1.jpg\" alt=\"\"\n              title=\"\" width=\"640\" height=\"300\" \/>\n                            <\/div>\n        <div class=\"grid__inner\">\n            \n                      <div class=\"gotto\">\n                                                                  Biblioth\u00e8que - M\u00e9diath\u00e8que<br>\n                                                                                                                                                <\/div>\n            \n          <h2 class=\"formattedText\">Point Informatique<\/h2>\n            \n          <div class=\"grid__sub\">\n            <div class=\"grid__datetime\">\n              <span class=\"grid__commune\">\n                <i class=\"fa-thin fa-map-marker-alt\"><\/i>&nbsp;\n                <span\n                  itemprop=\"streetAddress\">528, Boulevard de Saint Rapha\u00ebl<\/span>&nbsp;                <span\n                  itemprop=\"streetAddress\">R\u00e9sidence Cap Novea Bat A<\/span>&nbsp;                                -&nbsp;                La Croix-Valmer              <\/span>\n            <\/div>\n          <\/div>\n        <\/div>\n      <\/a>\n    <\/div>\n      <div class=\"grid__item\">\n      <a href=\"\/fr\/loisirs\/autres-loisirs\/la-croix-valmer\/service-culture-839789\" class=\"single-item\">\n        <div class=\"grid__img\">\n                      <img loading=\"lazy\" decoding=\"async\" src=\"\/wp-content\/plugins\/apidae\/public\/files\/mini\/service-culture_839789_1.jpg\" alt=\"\"\n              title=\"\" width=\"640\" height=\"300\" \/>\n                            <\/div>\n        <div class=\"grid__inner\">\n            \n                      <div class=\"gotto\">\n                                                                  Biblioth\u00e8que - M\u00e9diath\u00e8que<br>\n                                                                                                                                                <\/div>\n            \n          <h2 class=\"formattedText\">Service culture<\/h2>\n            \n          <div class=\"grid__sub\">\n            <div class=\"grid__datetime\">\n              <span class=\"grid__commune\">\n                <i class=\"fa-thin fa-map-marker-alt\"><\/i>&nbsp;\n                <span\n                  itemprop=\"streetAddress\">R\u00e9sidence Cap Nov\u00e9a 528 bld de Saint Rapha\u00ebl<\/span>&nbsp;                <span\n                  itemprop=\"streetAddress\">B\u00e2timent A<\/span>&nbsp;                <span\n                  itemprop=\"streetAddress\">528 Boulevard de Saint Rapha\u00ebl<\/span>                -&nbsp;                La Croix-Valmer              <\/span>\n            <\/div>\n          <\/div>\n        <\/div>\n      <\/a>\n    <\/div>\n      <div class=\"grid__item\">\n      <a href=\"\/fr\/loisirs\/site-et-monument-historique\/la-croix-valmer\/villa-romaine-5903098\" class=\"single-item\">\n        <div class=\"grid__img\">\n                      <img loading=\"lazy\" decoding=\"async\" src=\"\/wp-content\/plugins\/apidae\/public\/files\/mini\/villa-romaine_5903098_1.jpg\" alt=\"\"\n              title=\"\" width=\"640\" height=\"300\" \/>\n                            <\/div>\n        <div class=\"grid__inner\">\n            \n                      <div class=\"gotto\">\n                              Site et monument historique\n                                        <\/div>\n            \n          <h2 class=\"formattedText\">Villa Romaine<\/h2>\n            \n          <div class=\"grid__sub\">\n            <div class=\"grid__datetime\">\n              <span class=\"grid__commune\">\n                <i class=\"fa-thin fa-map-marker-alt\"><\/i>&nbsp;\n                <span\n                  itemprop=\"streetAddress\">Parking du D\u00e9barquement<\/span>&nbsp;                <span\n                  itemprop=\"streetAddress\">Boulevard du Mar\u00e9chal Juin<\/span>&nbsp;                                -&nbsp;                La Croix-Valmer              <\/span>\n            <\/div>\n          <\/div>\n        <\/div>\n      <\/a>\n    <\/div>\n  \t<\/ul>\n<\/noscript><div id=\"prestaItems-81425162\" class=\"prestaItems wp-block-apidae-prestas alignwide\">\r\n\t\t\t<apidae-prestas\r\n\t\t\t\tslug=\"culture-et-patrimoine\"\r\n\t\t\t\tlayout-mode=\"list\"\r\n\t\t\t\tmap-height=\"\"\r\n\t\t\t\ttheme=\"default\"\r\n\t\t\t\ttype=\"grid\"\r\n\t\t\t\ttype-filtre=\"horizontal\"\r\n\t\t\t\ttype-paginate=\"INFINITE\"\r\n\t\t\t\ttitle=\"\"\r\n\t\t\t\t:nb-per-page=\"12\"\r\n\t\t\t\tfilter=\"\"\r\n\t\t\t\tlang=\"fr\"\r\n\t\t\t\t:groupe-ids-to-hide=\"[3,14,25,7,23,1,41,11,31,4,21,42,12,26,5,6,10,22,24,62,32,13,64,15,43,8,61,9,69]\"\r\n\t\t\t\t:groupe-ids-to-open=\"[31]\"\r\n\t\t\t\t:tri-filters=\"['triEvenement','classement','alphabetique']\"\r\n\t\t\t\t:tri=\"['alphabetique']\"\r\n        :show-filtre=\"1\"\r\n\t\t\t\t:show-filtre-nb-results=\"1\"\r\n        :show-filtre-results=\"0\"\r\n        :show-filtre-lib=\"0\"\r\n        :show-filtre-tri=\"0\"\r\n        :show-filtre-groupes=\"1\"\r\n        :show-filtre-date=\"0\"\r\n        :show-filtre-age=\"0\"\r\n        :show-filtre-price=\"0\"\r\n        :show-filtre-capacity=\"0\"\r\n        :show-filtre-nombre-chambres=\"0\"\r\n        :show-filtre-nombre-jours=\"0\"\r\n        :show-filtre-nombre-nuits=\"0\"\r\n        :show-filtre-distance=\"0\"\r\n        :show-filtre-duration=\"0\"\r\n        :show-filtre-elevation=\"0\"\r\n        :show-filtre-geolocalisation=\"0\"\r\n        :show-prestas=\"1\"\r\n\t\t\t\t:show-prestas-address=\"0\"\r\n\t\t\t\t:show-prestas-attributes=\"0\"\r\n\t\t\t\t:show-prestas-breadcrumb=\"0\"\r\n\t\t\t\t:show-prestas-calendar=\"0\"\r\n\t\t\t\t:show-prestas-cart=\"0\"\r\n\t\t\t\t:show-prestas-categorie=\"1\"\r\n\t\t\t\t:show-prestas-contact=\"0\"\r\n\t\t\t\t:show-prestas-coordonnee=\"1\"\r\n\t\t\t\t:show-prestas-cover=\"1\"\r\n\t\t\t\t:show-prestas-date=\"0\"\r\n\t\t\t\t:show-prestas-description=\"0\"\r\n\t\t\t\t:show-prestas-dispo=\"0\"\r\n\t\t\t\t:show-prestas-gallery=\"0\"\r\n\t\t\t\t:show-prestas-fair-guest=\"0\"\r\n\t\t\t\t:show-prestas-fair-guest-lite=\"0\"\r\n\t\t\t\t:show-prestas-logo=\"0\"\r\n\t\t\t\t:show-prestas-map=\"1\"\r\n\t\t\t\t:show-prestas-map-closed=\"1\"\r\n\t\t\t\t:show-prestas-map-cluster=\"1\"\r\n\t\t\t\t:show-prestas-map-controls=\"0\"\r\n\t\t\t\t:show-prestas-map-zoom-scroll=\"0\"\r\n\t\t\t\t:show-prestas-objets-lies=\"0\"\r\n\t\t\t\t:show-prestas-opened=\"0\"\r\n\t\t\t\t:show-prestas-tarif=\"0\"\r\n\t\t\t\t:show-prestas-title=\"1\"\r\n\t\t\t\t:show-presta-address=\"1\"\r\n\t\t\t\t:show-presta-attributes=\"1\"\r\n\t\t\t\t:show-presta-back=\"1\"\r\n\t\t\t\t:show-presta-breadcrumb=\"0\"\r\n\t\t\t\t:show-presta-calendar=\"1\"\r\n\t\t\t\t:show-presta-cart=\"0\"\r\n\t\t\t\t:show-presta-categorie=\"1\"\r\n\t\t\t\t:show-presta-contact=\"0\"\r\n\t\t\t\t:show-presta-coordonnee=\"1\"\r\n\t\t\t\t:show-presta-cover=\"1\"\r\n\t\t\t\t:show-presta-date=\"0\"\r\n\t\t\t\t:show-presta-description=\"1\"\r\n\t\t\t\t:show-presta-dispo=\"1\"\r\n\t\t\t\t:show-presta-gallery=\"1\"\r\n\t\t\t\t:show-presta-fair-guest=\"0\"\r\n\t\t\t\t:show-presta-fair-guest-lite=\"0\"\r\n\t\t\t\t:show-presta-logo=\"1\"\r\n\t\t\t\t:show-presta-map=\"1\"\r\n\t\t\t\t:show-presta-map-closed=\"1\"\r\n\t\t\t\t:show-presta-map-cluster=\"1\"\r\n\t\t\t\t:show-presta-map-controls=\"1\"\r\n\t\t\t\t:show-presta-map-zoom-scroll=\"1\"\r\n\t\t\t\t:show-presta-objets-attaches=\"0\"\r\n\t\t\t\t:show-presta-objets-croises=\"0\"\r\n\t\t\t\t:show-presta-objets-geres=\"0\"\r\n\t\t\t\t:show-presta-objets-lies=\"1\"\r\n\t\t\t\t:show-presta-opened=\"1\"\r\n\t\t\t\t:show-presta-tarif=\"1\"\r\n\t\t\t\t:show-presta-title=\"1\"\r\n\t\t\t\t:show-presta-view=\"0\">\r\n\t\t\t<\/apidae-prestas>\r\n\t\t<\/div>","protected":false},"excerpt":{"rendered":"","protected":false},"author":4,"featured_media":16184,"parent":106,"menu_order":51,"comment_status":"closed","ping_status":"closed","template":"page-plage.blade.php","meta":{"_acf_changed":false,"_crdt_document":"","footnotes":""},"class_list":["post-658","page","type-page","status-publish","has-post-thumbnail","hentry"],"acf":{"slogan":"","introduction":"","video_mp4":false,"video_webm":false,"poster_image":false,"nugget":false,"pagepage-etendus":"compact","page-virtuelle":false,"autoplay":false,"delay":"","pagepage-updown":false,"mots-cles":"","title_alignement":""},"yoast_head":"<!-- This site is optimized with the Yoast SEO plugin v27.4 - https:\/\/yoast.com\/product\/yoast-seo-wordpress\/ -->\n<title>Culture et Patrimoine - La Croix-Valmer Tourisme<\/title>\n<meta name=\"robots\" content=\"index, follow, max-snippet:-1, max-image-preview:large, max-video-preview:-1\" \/>\n<link rel=\"canonical\" href=\"https:\/\/www.lacroixvalmertourisme.com\/fr\/decouvrir-et-s-evader\/envie-daventure\/culture-patrimoine\" \/>\n<meta property=\"og:locale\" content=\"fr_FR\" \/>\n<meta property=\"og:type\" content=\"article\" \/>\n<meta property=\"og:title\" content=\"Culture et Patrimoine - La Croix-Valmer Tourisme\" \/>\n<meta property=\"og:url\" content=\"https:\/\/www.lacroixvalmertourisme.com\/fr\/decouvrir-et-s-evader\/envie-daventure\/culture-patrimoine\" \/>\n<meta property=\"og:site_name\" content=\"La Croix-Valmer Tourisme\" \/>\n<meta property=\"article:publisher\" content=\"https:\/\/www.facebook.com\/lacroixvalmertourisme\/\" \/>\n<meta property=\"article:modified_time\" content=\"2025-12-09T22:05:11+00:00\" \/>\n<meta property=\"og:image\" content=\"https:\/\/www.lacroixvalmertourisme.com\/wp-content\/uploads\/2024\/06\/Expo-Paradis-protege-2023-\u00a9-lacroixvalmer-tourisme-52.jpg\" \/>\n\t<meta property=\"og:image:width\" content=\"2000\" \/>\n\t<meta property=\"og:image:height\" content=\"1500\" \/>\n\t<meta property=\"og:image:type\" content=\"image\/jpeg\" \/>\n<meta name=\"twitter:card\" content=\"summary_large_image\" \/>\n<meta name=\"twitter:site\" content=\"@La_Croix_Valmer\" \/>\n<!-- \/ Yoast SEO plugin. -->","yoast_head_json":{"title":"Culture et Patrimoine - La Croix-Valmer Tourisme","robots":{"index":"index","follow":"follow","max-snippet":"max-snippet:-1","max-image-preview":"max-image-preview:large","max-video-preview":"max-video-preview:-1"},"canonical":"https:\/\/www.lacroixvalmertourisme.com\/fr\/decouvrir-et-s-evader\/envie-daventure\/culture-patrimoine","og_locale":"fr_FR","og_type":"article","og_title":"Culture et Patrimoine - La Croix-Valmer Tourisme","og_url":"https:\/\/www.lacroixvalmertourisme.com\/fr\/decouvrir-et-s-evader\/envie-daventure\/culture-patrimoine","og_site_name":"La Croix-Valmer Tourisme","article_publisher":"https:\/\/www.facebook.com\/lacroixvalmertourisme\/","article_modified_time":"2025-12-09T22:05:11+00:00","og_image":[{"width":2000,"height":1500,"url":"https:\/\/www.lacroixvalmertourisme.com\/wp-content\/uploads\/2024\/06\/Expo-Paradis-protege-2023-\u00a9-lacroixvalmer-tourisme-52.jpg","type":"image\/jpeg"}],"twitter_card":"summary_large_image","twitter_site":"@La_Croix_Valmer","schema":{"@context":"https:\/\/schema.org","@graph":[{"@type":"WebPage","@id":"https:\/\/www.lacroixvalmertourisme.com\/fr\/decouvrir-et-s-evader\/envie-daventure\/culture-patrimoine","url":"https:\/\/www.lacroixvalmertourisme.com\/fr\/decouvrir-et-s-evader\/envie-daventure\/culture-patrimoine","name":"Culture et Patrimoine - La Croix-Valmer Tourisme","isPartOf":{"@id":"https:\/\/www.lacroixvalmertourisme.com\/fr\/#website"},"primaryImageOfPage":{"@id":"https:\/\/www.lacroixvalmertourisme.com\/fr\/decouvrir-et-s-evader\/envie-daventure\/culture-patrimoine#primaryimage"},"image":{"@id":"https:\/\/www.lacroixvalmertourisme.com\/fr\/decouvrir-et-s-evader\/envie-daventure\/culture-patrimoine#primaryimage"},"thumbnailUrl":"https:\/\/www.lacroixvalmertourisme.com\/wp-content\/uploads\/2024\/06\/Expo-Paradis-protege-2023-\u00a9-lacroixvalmer-tourisme-52.jpg","datePublished":"2021-04-17T12:18:44+00:00","dateModified":"2025-12-09T22:05:11+00:00","breadcrumb":{"@id":"https:\/\/www.lacroixvalmertourisme.com\/fr\/decouvrir-et-s-evader\/envie-daventure\/culture-patrimoine#breadcrumb"},"inLanguage":"fr-FR","potentialAction":[{"@type":"ReadAction","target":["https:\/\/www.lacroixvalmertourisme.com\/fr\/decouvrir-et-s-evader\/envie-daventure\/culture-patrimoine"]}]},{"@type":"ImageObject","inLanguage":"fr-FR","@id":"https:\/\/www.lacroixvalmertourisme.com\/fr\/decouvrir-et-s-evader\/envie-daventure\/culture-patrimoine#primaryimage","url":"https:\/\/www.lacroixvalmertourisme.com\/wp-content\/uploads\/2024\/06\/Expo-Paradis-protege-2023-\u00a9-lacroixvalmer-tourisme-52.jpg","contentUrl":"https:\/\/www.lacroixvalmertourisme.com\/wp-content\/uploads\/2024\/06\/Expo-Paradis-protege-2023-\u00a9-lacroixvalmer-tourisme-52.jpg","width":2000,"height":1500,"caption":"expositions la croix valmer tourisme office"},{"@type":"BreadcrumbList","@id":"https:\/\/www.lacroixvalmertourisme.com\/fr\/decouvrir-et-s-evader\/envie-daventure\/culture-patrimoine#breadcrumb","itemListElement":[{"@type":"ListItem","position":1,"name":"Accueil","item":"https:\/\/www.lacroixvalmertourisme.com\/fr"},{"@type":"ListItem","position":2,"name":"D\u00e9couvrir","item":"https:\/\/www.lacroixvalmertourisme.com\/fr\/decouvrir-et-s-evader"},{"@type":"ListItem","position":3,"name":"Les Activit\u00e9s","item":"https:\/\/www.lacroixvalmertourisme.com\/fr\/decouvrir-et-s-evader\/envie-daventure"},{"@type":"ListItem","position":4,"name":"Culture et Patrimoine"}]},{"@type":"WebSite","@id":"https:\/\/www.lacroixvalmertourisme.com\/fr\/#website","url":"https:\/\/www.lacroixvalmertourisme.com\/fr\/","name":"La Croix-Valmer Tourisme","description":"Toutes les informations touristiques pour organiser votre prochain s\u00e9jour \u00e0 La Croix Valmer dans le Golfe de Saint-Tropez","publisher":{"@id":"https:\/\/www.lacroixvalmertourisme.com\/fr\/#organization"},"potentialAction":[{"@type":"SearchAction","target":{"@type":"EntryPoint","urlTemplate":"https:\/\/www.lacroixvalmertourisme.com\/fr\/?s={search_term_string}"},"query-input":{"@type":"PropertyValueSpecification","valueRequired":true,"valueName":"search_term_string"}}],"inLanguage":"fr-FR"},{"@type":"Organization","@id":"https:\/\/www.lacroixvalmertourisme.com\/fr\/#organization","name":"Office de Tourisme de La Croix Valmer","url":"https:\/\/www.lacroixvalmertourisme.com\/fr\/","logo":{"@type":"ImageObject","inLanguage":"fr-FR","@id":"https:\/\/www.lacroixvalmertourisme.com\/fr\/#\/schema\/logo\/image\/","url":"https:\/\/www.lacroixvalmertourisme.com\/wp-content\/uploads\/2021\/06\/Logo_ot_bleu.png","contentUrl":"https:\/\/www.lacroixvalmertourisme.com\/wp-content\/uploads\/2021\/06\/Logo_ot_bleu.png","width":591,"height":454,"caption":"Office de Tourisme de La Croix Valmer"},"image":{"@id":"https:\/\/www.lacroixvalmertourisme.com\/fr\/#\/schema\/logo\/image\/"},"sameAs":["https:\/\/www.facebook.com\/lacroixvalmertourisme\/","https:\/\/x.com\/La_Croix_Valmer","https:\/\/www.instagram.com\/lacroixvalmer_tourisme\/"]}]}},"publishpress_future_workflow_manual_trigger":{"enabledWorkflows":[]},"_links":{"self":[{"href":"https:\/\/www.lacroixvalmertourisme.com\/fr\/wp-json\/wp\/v2\/pages\/658","targetHints":{"allow":["GET"]}}],"collection":[{"href":"https:\/\/www.lacroixvalmertourisme.com\/fr\/wp-json\/wp\/v2\/pages"}],"about":[{"href":"https:\/\/www.lacroixvalmertourisme.com\/fr\/wp-json\/wp\/v2\/types\/page"}],"author":[{"embeddable":true,"href":"https:\/\/www.lacroixvalmertourisme.com\/fr\/wp-json\/wp\/v2\/users\/4"}],"replies":[{"embeddable":true,"href":"https:\/\/www.lacroixvalmertourisme.com\/fr\/wp-json\/wp\/v2\/comments?post=658"}],"version-history":[{"count":4,"href":"https:\/\/www.lacroixvalmertourisme.com\/fr\/wp-json\/wp\/v2\/pages\/658\/revisions"}],"predecessor-version":[{"id":25893,"href":"https:\/\/www.lacroixvalmertourisme.com\/fr\/wp-json\/wp\/v2\/pages\/658\/revisions\/25893"}],"up":[{"embeddable":true,"href":"https:\/\/www.lacroixvalmertourisme.com\/fr\/wp-json\/wp\/v2\/pages\/106"}],"wp:featuredmedia":[{"embeddable":true,"href":"https:\/\/www.lacroixvalmertourisme.com\/fr\/wp-json\/wp\/v2\/media\/16184"}],"wp:attachment":[{"href":"https:\/\/www.lacroixvalmertourisme.com\/fr\/wp-json\/wp\/v2\/media?parent=658"}],"curies":[{"name":"wp","href":"https:\/\/api.w.org\/{rel}","templated":true}]}}