{"id":4488,"date":"2021-06-28T14:22:22","date_gmt":"2021-06-28T12:22:22","guid":{"rendered":"https:\/\/www.lacroixvalmertourisme.com\/?page_id=4488"},"modified":"2025-10-07T23:06:33","modified_gmt":"2025-10-07T21:06:33","slug":"le-gout-du-terroir","status":"publish","type":"page","link":"https:\/\/www.lacroixvalmertourisme.com\/fr\/decouvrir-et-s-evader\/le-gout-du-terroir","title":{"rendered":"Saveurs locales"},"content":{"rendered":"\n<div class=\"wp-block-group alignwide is-layout-constrained wp-block-group-is-layout-constrained\">\n<figure class=\"wp-block-pullquote has-script-font-family has-5-xl-font-size\"><blockquote><p><strong>Le vrai voyage, ce n&rsquo;est pas de chercher de nouveaux paysages<br>mais un nouveau regard.<\/strong><\/p><cite>Marcel Proust<\/cite><\/blockquote><\/figure>\n\n\n\n<p class=\"has-text-align-center has-navy-color has-text-color has-script-font-family has-5-xl-font-size wp-block-paragraph\" style=\"line-height:1.6\"><strong>Le Sud, une terre, 2 symboles&#8230;<\/strong><br><strong>l&#8217;embl\u00e9matique march\u00e9 de Provence &amp; les vignobles !<\/strong><\/p>\n\n\n\n<p class=\"has-text-align-center has-secondary-50-color has-text-color wp-block-paragraph\">Amateurs de terroir et de produits de la terre ? Venez d\u00e9couvrir un territoire dont l&rsquo;<strong><a href=\"https:\/\/www.lacroixvalmertourisme.com\/fr\/decouvrir-et-s-evader\/livre-dhistoire\/historique\" target=\"_blank\" rel=\"noreferrer noopener\">histoire<\/a><\/strong> est intimement li\u00e9e \u00e0 la <strong><a href=\"https:\/\/www.lacroixvalmertourisme.com\/fr\/decouvrir-et-s-evader\/le-gout-du-terroir\/les-vignobles\" target=\"_blank\" rel=\"noreferrer noopener\">viticulture<\/a><\/strong> et dont le <strong><a href=\"https:\/\/www.lacroixvalmertourisme.com\/fr\/decouvrir-et-s-evader\/le-gout-du-terroir\/les-marches\" target=\"_blank\" rel=\"noreferrer noopener\">march\u00e9 hebdomadaire<\/a><\/strong> est l&rsquo;un des plus r\u00e9put\u00e9 du Golfe de Saint Tropez. Produits locaux, vins, fruits, l\u00e9gumes&#8230; \u00c0 vos cabas !  <\/p>\n\n\n<div class=\"relative wp-block-fmz-slider alignfull\">\n<div class=\"wp-block-query alignfull is-layout-flow wp-block-query-is-layout-flow fmz-slider-1864202345286691 swiper\"><ul class=\"swiper-wrapper\"><li class=\"wp-block-post post-8379 page type-page status-publish has-post-thumbnail hentry swiper-slide\">\n\n<div class=\"wp-block-cover has-custom-content-position is-position-bottom-left\" style=\"padding-top:var(--wp--preset--spacing--60);padding-right:var(--wp--preset--spacing--60);padding-bottom:var(--wp--preset--spacing--60);padding-left:var(--wp--preset--spacing--60)\"><span aria-hidden=\"true\" class=\"wp-block-cover__background has-background-dim wp-block-cover__gradient-background has-background-gradient has-bg-gradient-to-black-bottom-gradient-background\"><\/span><img loading=\"lazy\" decoding=\"async\" width=\"1024\" height=\"768\" src=\"https:\/\/www.lacroixvalmertourisme.com\/wp-content\/uploads\/2022\/12\/marche-\u00a9lacroixvalmertourisme-31-1024x768.jpg\" class=\"wp-block-cover__image-background wp-post-image\" alt=\"\" data-object-fit=\"cover\"   \/><div class=\"wp-block-cover__inner-container is-layout-constrained wp-container-core-cover-is-layout-11859842 wp-block-cover-is-layout-constrained\"><h2 class=\"wp-block-post-title\"><a href=\"https:\/\/www.lacroixvalmertourisme.com\/fr\/decouvrir-et-s-evader\/le-gout-du-terroir\/les-marches\" target=\"_self\" >Les march\u00e9s<\/a><\/h2><\/div><\/div>\n\n<\/li><li class=\"wp-block-post post-8373 page type-page status-publish has-post-thumbnail hentry swiper-slide\">\n\n<div class=\"wp-block-cover has-custom-content-position is-position-bottom-left\" style=\"padding-top:var(--wp--preset--spacing--60);padding-right:var(--wp--preset--spacing--60);padding-bottom:var(--wp--preset--spacing--60);padding-left:var(--wp--preset--spacing--60)\"><span aria-hidden=\"true\" class=\"wp-block-cover__background has-background-dim wp-block-cover__gradient-background has-background-gradient has-bg-gradient-to-black-bottom-gradient-background\"><\/span><img loading=\"lazy\" decoding=\"async\" width=\"1024\" height=\"768\" src=\"https:\/\/www.lacroixvalmertourisme.com\/wp-content\/uploads\/2025\/04\/vignes-08-2024-\u00a9-lacroixvalmertourisme-4-1024x768.jpeg\" class=\"wp-block-cover__image-background wp-post-image\" alt=\"\" data-object-fit=\"cover\"   \/><div class=\"wp-block-cover__inner-container is-layout-constrained wp-container-core-cover-is-layout-11859842 wp-block-cover-is-layout-constrained\"><h2 class=\"wp-block-post-title\"><a href=\"https:\/\/www.lacroixvalmertourisme.com\/fr\/decouvrir-et-s-evader\/le-gout-du-terroir\/les-vignobles\" target=\"_self\" >Les vignobles<\/a><\/h2><\/div><\/div>\n\n<\/li><\/ul><\/div>\n<div class=\"swiper-prev-1864202345286691\"><div class=\"fa-4x h-full flex items-center absolute z-10 top-1\/2 -translate-x-1\/2 -translate-y-1\/2 left-0 right-auto cursor-pointer\">\r\n\t\t<span class=\"fa-layers fa-fw z-10\">\r\n\t\t\t<i class=\"fa-solid fa-circle text-white dark:text-black\"><\/i>\r\n\t\t\t<i class=\"fa-light fa-angle-left text-black dark:text-white\" data-fa-transform=\"shrink-6\"><\/i>\r\n\t\t<\/span>\r\n\t<\/div><\/div><div class=\"swiper-next-1864202345286691\"><div class=\"fa-4x h-full flex items-center absolute z-10 top-1\/2 translate-x-1\/2 -translate-y-1\/2 right-0 left-auto cursor-pointer\">\r\n\t\t<span class=\"fa-layers fa-fw z-10\">\r\n\t\t\t<i class=\"fa-solid fa-circle text-white dark:text-black\"><\/i>\r\n\t\t\t<i class=\"fa-light fa-angle-right text-black dark:text-white\" data-fa-transform=\"shrink-6\"><\/i>\r\n\t\t<\/span>\r\n\t<\/div><\/div><\/div><div class=\"fmz-slider-thumbs-container-1864202345286691 wp-block-fmz-slider alignfull\"><\/div>\r\n\t<script>\r\n\t\t\t\tnew Swiper('.fmz-slider-1864202345286691', {\r\n\t\t\t\n        \n        slidesPerView: 1,\n        spaceBetween: 20,\n        centeredSlides: false,\n        speed: 300,\n        loop: false,\n\t\t\t\tdirection: 'horizontal',\n\t\t\t\teffect: 'slide',\n        breakpoints:{ \n          576: { \n            slidesPerView: 2,\n            spaceBetween: 20,\n\t\t\t\t\t\tcenteredSlides: false,\n          }, \n          992: { \n            slidesPerView: 2,\n            spaceBetween: 20,\n\t\t\t\t\t\tcenteredSlides: false,\n          },\n          1200: {\n            slidesPerView: 2,\n            spaceBetween: 20,\n\t\t\t\t\t\tcenteredSlides: false,\n          },\n          1400: {\n            slidesPerView: 2,\n            spaceBetween: 20,\n\t\t\t\t\t\tcenteredSlides: false,\n          }\n        }\n      ,\r\n\t\t\t\t\t\t\tnavigation: { \r\n\t\t\t\t\tnextEl: '.swiper-next-1864202345286691', \r\n\t\t\t\t\tprevEl: '.swiper-prev-1864202345286691'\r\n\t\t\t\t},\r\n\t\t\t\t\t\t\t\t\ta11y: {\r\n\t\t\t\tenabled: true,\r\n\t\t\t\tprevSlideMessage: 'Diapositive pr\u00e9c\u00e9dente',\r\n\t\t\t\tnextSlideMessage: 'Diapositive suivante',\r\n\t\t\t\tfirstSlideMessage: 'Premi\u00e8re diapositive',\r\n\t\t\t\tlastSlideMessage: 'Derni\u00e8re diapositive',\r\n\t\t\t\tpaginationBulletMessage: 'Diapositive {{index}}',\r\n\t\t\t},\r\n\t\t\t\t\t\twatchSlidesProgress: true,\r\n\t\t\twatchOverflow: true\r\n\t\t} )\r\n\t<\/script>\r\n\t\r\n\t<\/div>\n\n\n\n<div style=\"height:50px\" aria-hidden=\"true\" class=\"wp-block-spacer\"><\/div>\n\n\n\n<div class=\"wp-block-buttons alignwide is-content-justification-center is-layout-flex wp-container-core-buttons-is-layout-9b3e53d3 wp-block-buttons-is-layout-flex\">\n<div class=\"wp-block-button is-style-secondary\"><a class=\"wp-block-button__link wp-element-button\" href=\"https:\/\/www.golfe-saint-tropez-information.com\/fr\/le-golfe-de-saint-tropez-un-vignoble-d-exception\" target=\"_blank\" rel=\"noreferrer noopener\">le golfe de saint-tropez, UN VIGNOBLE D&rsquo;EXCEPTION<\/a><\/div>\n<\/div>\n\n\n\n<div style=\"height:50px\" aria-hidden=\"true\" class=\"wp-block-spacer\"><\/div>\n\n\n\n<p class=\"wp-block-paragraph\"><\/p>\n","protected":false},"excerpt":{"rendered":"<p>Le vrai voyage, ce n&rsquo;est pas de chercher de nouveaux paysagesmais un nouveau regard. Marcel Proust Le Sud, une terre, 2 symboles&#8230;l&#8217;embl\u00e9matique march\u00e9 de Provence &amp; les vignobles ! Amateurs de terroir et de produits de la terre ? Venez d\u00e9couvrir un territoire dont l&rsquo;histoire est intimement li\u00e9e \u00e0 la viticulture et dont le march\u00e9&#8230;<\/p>\n","protected":false},"author":2,"featured_media":22641,"parent":102,"menu_order":95,"comment_status":"closed","ping_status":"closed","template":"page-plage.blade.php","meta":{"_acf_changed":false,"_crdt_document":"","footnotes":""},"class_list":["post-4488","page","type-page","status-publish","has-post-thumbnail","hentry"],"acf":{"slogan":"","introduction":"","video_mp4":false,"video_webm":false,"poster_image":{"ID":3365,"id":3365,"title":"","filename":"terroir-3-SITE-OT.png","filesize":2721328,"url":"https:\/\/www.lacroixvalmertourisme.com\/wp-content\/uploads\/2021\/06\/terroir-3-SITE-OT.png","link":"https:\/\/www.lacroixvalmertourisme.com\/fr\/decouvrir-et-s-evader\/terroir-3-site-ot","alt":"d\u00e9couvrir s'evader la croix valmer tourisme durable sentier balades plages terroir march\u00e9 vignobles domaines quoi faire visiter","author":"4","description":"d\u00e9couvrir s'evader la croix valmer tourisme durable sentier balades plages terroir march\u00e9 vignobles domaines quoi faire visiter","caption":"","name":"terroir-3-site-ot","status":"inherit","uploaded_to":102,"date":"2021-06-21 11:27:36","modified":"2022-03-29 08:53:41","menu_order":0,"mime_type":"image\/png","type":"image","subtype":"png","icon":"https:\/\/www.lacroixvalmertourisme.com\/wp-includes\/images\/media\/default.png","width":2000,"height":1030,"sizes":{"thumbnail":"https:\/\/www.lacroixvalmertourisme.com\/wp-content\/uploads\/2021\/06\/terroir-3-SITE-OT-150x150.png","thumbnail-width":150,"thumbnail-height":150,"medium":"https:\/\/www.lacroixvalmertourisme.com\/wp-content\/uploads\/2021\/06\/terroir-3-SITE-OT-300x155.png","medium-width":300,"medium-height":155,"medium_large":"https:\/\/www.lacroixvalmertourisme.com\/wp-content\/uploads\/2021\/06\/terroir-3-SITE-OT-768x396.png","medium_large-width":768,"medium_large-height":396,"large":"https:\/\/www.lacroixvalmertourisme.com\/wp-content\/uploads\/2021\/06\/terroir-3-SITE-OT-1024x527.png","large-width":1024,"large-height":527,"1536x1536":"https:\/\/www.lacroixvalmertourisme.com\/wp-content\/uploads\/2021\/06\/terroir-3-SITE-OT-1536x791.png","1536x1536-width":1536,"1536x1536-height":791,"2048x2048":"https:\/\/www.lacroixvalmertourisme.com\/wp-content\/uploads\/2021\/06\/terroir-3-SITE-OT.png","2048x2048-width":2000,"2048x2048-height":1030,"thumb_small_vertical":"https:\/\/www.lacroixvalmertourisme.com\/wp-content\/uploads\/2021\/06\/terroir-3-SITE-OT-291x150.png","thumb_small_vertical-width":291,"thumb_small_vertical-height":150,"thumb_300_225":"https:\/\/www.lacroixvalmertourisme.com\/wp-content\/uploads\/2021\/06\/terroir-3-SITE-OT-300x225.png","thumb_300_225-width":300,"thumb_300_225-height":225,"thumb_1280_1024":"https:\/\/www.lacroixvalmertourisme.com\/wp-content\/uploads\/2021\/06\/terroir-3-SITE-OT-1280x1024.png","thumb_1280_1024-width":1280,"thumb_1280_1024-height":1024,"post-thumbnail":"https:\/\/www.lacroixvalmertourisme.com\/wp-content\/uploads\/2021\/06\/terroir-3-SITE-OT.png","post-thumbnail-width":300,"post-thumbnail-height":155}},"nugget":false,"pagepage-etendus":"none","page-virtuelle":false,"pagepage-updown":true,"autoplay":false,"delay":"","mots-cles":"vigne vignoble vin raison viticole domaine cave march\u00e9 proven\u00e7al nocturne artisanal artisanat dimanche dominical hebdomadaire provence fruit l\u00e9gume village la croix valmer locaux produits parking stationnement\r\n","title_alignement":""},"yoast_head":"<!-- This site is optimized with the Yoast SEO plugin v27.5 - https:\/\/yoast.com\/product\/yoast-seo-wordpress\/ -->\n<title>Saveurs locales - La Croix-Valmer Tourisme<\/title>\n<meta name=\"robots\" content=\"index, follow, max-snippet:-1, max-image-preview:large, max-video-preview:-1\" \/>\n<link rel=\"canonical\" href=\"https:\/\/www.lacroixvalmertourisme.com\/fr\/decouvrir-et-s-evader\/le-gout-du-terroir\" \/>\n<meta property=\"og:locale\" content=\"fr_FR\" \/>\n<meta property=\"og:type\" content=\"article\" \/>\n<meta property=\"og:title\" content=\"Saveurs locales - La Croix-Valmer Tourisme\" \/>\n<meta property=\"og:description\" content=\"Le vrai voyage, ce n&rsquo;est pas de chercher de nouveaux paysagesmais un nouveau regard. Marcel Proust Le Sud, une terre, 2 symboles&#8230;l&#8217;embl\u00e9matique march\u00e9 de Provence &amp; les vignobles ! Amateurs de terroir et de produits de la terre ? Venez d\u00e9couvrir un territoire dont l&rsquo;histoire est intimement li\u00e9e \u00e0 la viticulture et dont le march\u00e9...\" \/>\n<meta property=\"og:url\" content=\"https:\/\/www.lacroixvalmertourisme.com\/fr\/decouvrir-et-s-evader\/le-gout-du-terroir\" \/>\n<meta property=\"og:site_name\" content=\"La Croix-Valmer Tourisme\" \/>\n<meta property=\"article:publisher\" content=\"https:\/\/www.facebook.com\/lacroixvalmertourisme\/\" \/>\n<meta property=\"article:modified_time\" content=\"2025-10-07T21:06:33+00:00\" \/>\n<meta property=\"og:image\" content=\"https:\/\/www.lacroixvalmertourisme.com\/wp-content\/uploads\/2025\/04\/Marche-140724-\u00a9-lacroixvalmertourisme-12.jpg\" \/>\n\t<meta property=\"og:image:width\" content=\"1440\" \/>\n\t<meta property=\"og:image:height\" content=\"1080\" \/>\n\t<meta property=\"og:image:type\" content=\"image\/jpeg\" \/>\n<meta name=\"twitter:card\" content=\"summary_large_image\" \/>\n<meta name=\"twitter:site\" content=\"@La_Croix_Valmer\" \/>\n<meta name=\"twitter:label1\" content=\"Dur\u00e9e de lecture estim\u00e9e\" \/>\n\t<meta name=\"twitter:data1\" content=\"1 minute\" \/>\n<!-- \/ Yoast SEO plugin. -->","yoast_head_json":{"title":"Saveurs locales - La Croix-Valmer Tourisme","robots":{"index":"index","follow":"follow","max-snippet":"max-snippet:-1","max-image-preview":"max-image-preview:large","max-video-preview":"max-video-preview:-1"},"canonical":"https:\/\/www.lacroixvalmertourisme.com\/fr\/decouvrir-et-s-evader\/le-gout-du-terroir","og_locale":"fr_FR","og_type":"article","og_title":"Saveurs locales - La Croix-Valmer Tourisme","og_description":"Le vrai voyage, ce n&rsquo;est pas de chercher de nouveaux paysagesmais un nouveau regard. Marcel Proust Le Sud, une terre, 2 symboles&#8230;l&#8217;embl\u00e9matique march\u00e9 de Provence &amp; les vignobles ! Amateurs de terroir et de produits de la terre ? Venez d\u00e9couvrir un territoire dont l&rsquo;histoire est intimement li\u00e9e \u00e0 la viticulture et dont le march\u00e9...","og_url":"https:\/\/www.lacroixvalmertourisme.com\/fr\/decouvrir-et-s-evader\/le-gout-du-terroir","og_site_name":"La Croix-Valmer Tourisme","article_publisher":"https:\/\/www.facebook.com\/lacroixvalmertourisme\/","article_modified_time":"2025-10-07T21:06:33+00:00","og_image":[{"width":1440,"height":1080,"url":"https:\/\/www.lacroixvalmertourisme.com\/wp-content\/uploads\/2025\/04\/Marche-140724-\u00a9-lacroixvalmertourisme-12.jpg","type":"image\/jpeg"}],"twitter_card":"summary_large_image","twitter_site":"@La_Croix_Valmer","twitter_misc":{"Dur\u00e9e de lecture estim\u00e9e":"1 minute"},"schema":{"@context":"https:\/\/schema.org","@graph":[{"@type":"WebPage","@id":"https:\/\/www.lacroixvalmertourisme.com\/fr\/decouvrir-et-s-evader\/le-gout-du-terroir","url":"https:\/\/www.lacroixvalmertourisme.com\/fr\/decouvrir-et-s-evader\/le-gout-du-terroir","name":"Saveurs locales - La Croix-Valmer Tourisme","isPartOf":{"@id":"https:\/\/www.lacroixvalmertourisme.com\/fr\/#website"},"primaryImageOfPage":{"@id":"https:\/\/www.lacroixvalmertourisme.com\/fr\/decouvrir-et-s-evader\/le-gout-du-terroir#primaryimage"},"image":{"@id":"https:\/\/www.lacroixvalmertourisme.com\/fr\/decouvrir-et-s-evader\/le-gout-du-terroir#primaryimage"},"thumbnailUrl":"https:\/\/www.lacroixvalmertourisme.com\/wp-content\/uploads\/2025\/04\/Marche-140724-\u00a9-lacroixvalmertourisme-12.jpg","datePublished":"2021-06-28T12:22:22+00:00","dateModified":"2025-10-07T21:06:33+00:00","breadcrumb":{"@id":"https:\/\/www.lacroixvalmertourisme.com\/fr\/decouvrir-et-s-evader\/le-gout-du-terroir#breadcrumb"},"inLanguage":"fr-FR","potentialAction":[{"@type":"ReadAction","target":["https:\/\/www.lacroixvalmertourisme.com\/fr\/decouvrir-et-s-evader\/le-gout-du-terroir"]}]},{"@type":"ImageObject","inLanguage":"fr-FR","@id":"https:\/\/www.lacroixvalmertourisme.com\/fr\/decouvrir-et-s-evader\/le-gout-du-terroir#primaryimage","url":"https:\/\/www.lacroixvalmertourisme.com\/wp-content\/uploads\/2025\/04\/Marche-140724-\u00a9-lacroixvalmertourisme-12.jpg","contentUrl":"https:\/\/www.lacroixvalmertourisme.com\/wp-content\/uploads\/2025\/04\/Marche-140724-\u00a9-lacroixvalmertourisme-12.jpg","width":1440,"height":1080},{"@type":"BreadcrumbList","@id":"https:\/\/www.lacroixvalmertourisme.com\/fr\/decouvrir-et-s-evader\/le-gout-du-terroir#breadcrumb","itemListElement":[{"@type":"ListItem","position":1,"name":"Accueil","item":"https:\/\/www.lacroixvalmertourisme.com\/fr"},{"@type":"ListItem","position":2,"name":"D\u00e9couvrir","item":"https:\/\/www.lacroixvalmertourisme.com\/fr\/decouvrir-et-s-evader"},{"@type":"ListItem","position":3,"name":"Saveurs locales"}]},{"@type":"WebSite","@id":"https:\/\/www.lacroixvalmertourisme.com\/fr\/#website","url":"https:\/\/www.lacroixvalmertourisme.com\/fr\/","name":"La Croix-Valmer Tourisme","description":"Toutes les informations touristiques pour organiser votre prochain s\u00e9jour \u00e0 La Croix Valmer dans le Golfe de Saint-Tropez","publisher":{"@id":"https:\/\/www.lacroixvalmertourisme.com\/fr\/#organization"},"potentialAction":[{"@type":"SearchAction","target":{"@type":"EntryPoint","urlTemplate":"https:\/\/www.lacroixvalmertourisme.com\/fr\/?s={search_term_string}"},"query-input":{"@type":"PropertyValueSpecification","valueRequired":true,"valueName":"search_term_string"}}],"inLanguage":"fr-FR"},{"@type":"Organization","@id":"https:\/\/www.lacroixvalmertourisme.com\/fr\/#organization","name":"Office de Tourisme de La Croix Valmer","url":"https:\/\/www.lacroixvalmertourisme.com\/fr\/","logo":{"@type":"ImageObject","inLanguage":"fr-FR","@id":"https:\/\/www.lacroixvalmertourisme.com\/fr\/#\/schema\/logo\/image\/","url":"https:\/\/www.lacroixvalmertourisme.com\/wp-content\/uploads\/2021\/06\/Logo_ot_bleu.png","contentUrl":"https:\/\/www.lacroixvalmertourisme.com\/wp-content\/uploads\/2021\/06\/Logo_ot_bleu.png","width":591,"height":454,"caption":"Office de Tourisme de La Croix Valmer"},"image":{"@id":"https:\/\/www.lacroixvalmertourisme.com\/fr\/#\/schema\/logo\/image\/"},"sameAs":["https:\/\/www.facebook.com\/lacroixvalmertourisme\/","https:\/\/x.com\/La_Croix_Valmer","https:\/\/www.instagram.com\/lacroixvalmer_tourisme\/"]}]}},"publishpress_future_workflow_manual_trigger":{"enabledWorkflows":[]},"_links":{"self":[{"href":"https:\/\/www.lacroixvalmertourisme.com\/fr\/wp-json\/wp\/v2\/pages\/4488","targetHints":{"allow":["GET"]}}],"collection":[{"href":"https:\/\/www.lacroixvalmertourisme.com\/fr\/wp-json\/wp\/v2\/pages"}],"about":[{"href":"https:\/\/www.lacroixvalmertourisme.com\/fr\/wp-json\/wp\/v2\/types\/page"}],"author":[{"embeddable":true,"href":"https:\/\/www.lacroixvalmertourisme.com\/fr\/wp-json\/wp\/v2\/users\/2"}],"replies":[{"embeddable":true,"href":"https:\/\/www.lacroixvalmertourisme.com\/fr\/wp-json\/wp\/v2\/comments?post=4488"}],"version-history":[{"count":8,"href":"https:\/\/www.lacroixvalmertourisme.com\/fr\/wp-json\/wp\/v2\/pages\/4488\/revisions"}],"predecessor-version":[{"id":24559,"href":"https:\/\/www.lacroixvalmertourisme.com\/fr\/wp-json\/wp\/v2\/pages\/4488\/revisions\/24559"}],"up":[{"embeddable":true,"href":"https:\/\/www.lacroixvalmertourisme.com\/fr\/wp-json\/wp\/v2\/pages\/102"}],"wp:featuredmedia":[{"embeddable":true,"href":"https:\/\/www.lacroixvalmertourisme.com\/fr\/wp-json\/wp\/v2\/media\/22641"}],"wp:attachment":[{"href":"https:\/\/www.lacroixvalmertourisme.com\/fr\/wp-json\/wp\/v2\/media?parent=4488"}],"curies":[{"name":"wp","href":"https:\/\/api.w.org\/{rel}","templated":true}]}}