{"id":4245,"date":"2021-06-24T00:00:39","date_gmt":"2021-06-23T22:00:39","guid":{"rendered":"https:\/\/www.lacroixvalmertourisme.com\/?page_id=4245"},"modified":"2025-12-14T17:21:16","modified_gmt":"2025-12-14T16:21:16","slug":"pour-ne-prendre-aucun-risque","status":"publish","type":"page","link":"https:\/\/www.lacroixvalmertourisme.com\/fr\/pour-ne-prendre-aucun-risque","title":{"rendered":"Pour ne prendre aucun risque"},"content":{"rendered":"\n<div class=\"wp-block-group alignwide is-layout-constrained wp-block-group-is-layout-constrained\">\n<div style=\"height:50px\" aria-hidden=\"true\" class=\"wp-block-spacer\"><\/div>\n\n\n\n<div class=\"wp-block-group alignwide has-border-color has-transparent-border-color has-white-background-color has-background is-layout-constrained wp-container-core-group-is-layout-f0480432 wp-block-group-is-layout-constrained\" style=\"border-width:8px;padding-top:var(--wp--preset--spacing--50);padding-right:var(--wp--preset--spacing--50);padding-bottom:var(--wp--preset--spacing--50);padding-left:var(--wp--preset--spacing--50)\">\n<h2 class=\"wp-block-heading has-text-align-center has-secondary-50-color has-text-color has-script-font-family has-5-xl-font-size\">M\u00e9t\u00e9o<\/h2>\n\n\n\n<div id=\"Weather\" class=\"w-full\"><weather title=\"\"><\/weather><\/div>\n<\/div>\n\n\n\n<div style=\"height:50px\" aria-hidden=\"true\" class=\"wp-block-spacer\"><\/div>\n\n\n\n<h2 class=\"wp-block-heading has-text-align-center has-secondary-50-color has-text-color has-script-font-family has-5-xl-font-size\">M\u00e9t\u00e9o des plages<\/h2>\n\n\n\n<p class=\"has-text-align-center has-secondary-50-color has-text-color wp-block-paragraph\"><em>(de juin \u00e0 septembre)<\/em><\/p>\n\n\n\n<div class=\"wp-block-columns are-vertically-aligned-center is-layout-flex wp-container-core-columns-is-layout-0defc3be wp-block-columns-is-layout-flex\">\n<div class=\"wp-block-column is-vertically-aligned-center is-layout-flow wp-block-column-is-layout-flow\">\n<figure class=\"wp-block-image aligncenter size-large is-style-rounded is-style-rounded--1\"><a data-caption=\"gigaro\u00a9guillaumevoiturier\" href=\"https:\/\/www.lacroixvalmertourisme.com\/wp-content\/uploads\/2022\/05\/gigaro\u00a9guillaumevoiturier-1024x577.jpg\" data-fancybox=\"gallery\"><img loading=\"lazy\" decoding=\"async\" width=\"1024\" height=\"577\" sizes=\"auto, (max-width: 1024px) 100vw, 1024px\" data-tippy-content=\"gigaro\u00a9guillaumevoiturier\" src=\"https:\/\/www.lacroixvalmertourisme.com\/wp-content\/uploads\/2022\/05\/gigaro\u00a9guillaumevoiturier-1024x577.jpg\" alt=\"\" class=\"wp-image-8833\" srcset=\"https:\/\/www.lacroixvalmertourisme.com\/wp-content\/uploads\/2022\/05\/gigaro\u00a9guillaumevoiturier-1024x577.jpg 1024w, https:\/\/www.lacroixvalmertourisme.com\/wp-content\/uploads\/2022\/05\/gigaro\u00a9guillaumevoiturier-300x169.jpg 300w, https:\/\/www.lacroixvalmertourisme.com\/wp-content\/uploads\/2022\/05\/gigaro\u00a9guillaumevoiturier-768x433.jpg 768w, https:\/\/www.lacroixvalmertourisme.com\/wp-content\/uploads\/2022\/05\/gigaro\u00a9guillaumevoiturier-1536x865.jpg 1536w, https:\/\/www.lacroixvalmertourisme.com\/wp-content\/uploads\/2022\/05\/gigaro\u00a9guillaumevoiturier-2048x1154.jpg 2048w, https:\/\/www.lacroixvalmertourisme.com\/wp-content\/uploads\/2022\/05\/gigaro\u00a9guillaumevoiturier-266x150.jpg 266w\" \/><\/a><\/figure>\n\n\n\n<iframe title=\"M\u00e9t\u00e9o des plages de la plage de Gigaro\" id=\"met_plage\" style=\"width: 95%; max-width: 500px; min-width: 300px; height: 200px; min-height: 200px; display: block; border-width: 0px;\" scrolling=\"no\" src=\"https:\/\/www.frequence-sud.fr\/rss\/ext_display\/croixvalmer\/plage_detail.php?id_plage=2546\"><\/iframe>\n<\/div>\n\n\n\n<div class=\"wp-block-column is-vertically-aligned-center is-layout-flow wp-block-column-is-layout-flow\">\n<figure class=\"wp-block-image aligncenter size-large is-style-rounded is-style-rounded--2\"><a data-caption=\"debarquement \u00a9guillaumevoiturier\" href=\"https:\/\/www.lacroixvalmertourisme.com\/wp-content\/uploads\/2022\/05\/debarquement-\u00a9guillaumevoiturier-1024x577.jpg\" data-fancybox=\"gallery\"><img loading=\"lazy\" decoding=\"async\" width=\"1024\" height=\"577\" sizes=\"auto, (max-width: 1024px) 100vw, 1024px\" data-tippy-content=\"debarquement \u00a9guillaumevoiturier\" src=\"https:\/\/www.lacroixvalmertourisme.com\/wp-content\/uploads\/2022\/05\/debarquement-\u00a9guillaumevoiturier-1024x577.jpg\" alt=\"\" class=\"wp-image-8836\" srcset=\"https:\/\/www.lacroixvalmertourisme.com\/wp-content\/uploads\/2022\/05\/debarquement-\u00a9guillaumevoiturier-1024x577.jpg 1024w, https:\/\/www.lacroixvalmertourisme.com\/wp-content\/uploads\/2022\/05\/debarquement-\u00a9guillaumevoiturier-300x169.jpg 300w, https:\/\/www.lacroixvalmertourisme.com\/wp-content\/uploads\/2022\/05\/debarquement-\u00a9guillaumevoiturier-768x433.jpg 768w, https:\/\/www.lacroixvalmertourisme.com\/wp-content\/uploads\/2022\/05\/debarquement-\u00a9guillaumevoiturier-1536x865.jpg 1536w, https:\/\/www.lacroixvalmertourisme.com\/wp-content\/uploads\/2022\/05\/debarquement-\u00a9guillaumevoiturier-2048x1154.jpg 2048w, https:\/\/www.lacroixvalmertourisme.com\/wp-content\/uploads\/2022\/05\/debarquement-\u00a9guillaumevoiturier-266x150.jpg 266w\" \/><\/a><\/figure>\n\n\n\n<iframe title=\"M\u00e9t\u00e9o des plages de la plage du d\u00e9barquement\" id=\"met_plage\" style=\"width: 95%; max-width: 500px; min-width: 300px; height: 200px; min-height: 200px; display: block; border-width: 0px;\" scrolling=\"no\" src=\"https:\/\/www.frequence-sud.fr\/rss\/ext_display\/croixvalmer\/plage_detail.php?id_plage=2543\"><\/iframe>\n<\/div>\n<\/div>\n\n\n\n<div style=\"height:50px\" aria-hidden=\"true\" class=\"wp-block-spacer\"><\/div>\n\n\n\n<div class=\"wp-block-group alignwide is-layout-constrained wp-block-group-is-layout-constrained\">\n<div class=\"wp-block-group alignwide has-border-color has-green-default-border-color is-layout-constrained wp-container-core-group-is-layout-f0480432 wp-block-group-is-layout-constrained\" style=\"border-width:7px;padding-top:var(--wp--preset--spacing--50);padding-right:var(--wp--preset--spacing--50);padding-bottom:var(--wp--preset--spacing--50);padding-left:var(--wp--preset--spacing--50)\">\n<div class=\"wp-block-columns are-vertically-aligned-center is-layout-flex wp-container-core-columns-is-layout-0defc3be wp-block-columns-is-layout-flex\">\n<div class=\"wp-block-column is-vertically-aligned-center is-layout-flow wp-block-column-is-layout-flow\" style=\"flex-basis:33.33%\">\n<figure class=\"wp-block-image size-large is-style-rounded is-style-rounded--3\"><img loading=\"lazy\" decoding=\"async\" width=\"792\" height=\"1024\" sizes=\"auto, (max-width: 792px) 100vw, 792px\" src=\"https:\/\/www.lacroixvalmertourisme.com\/wp-content\/uploads\/2021\/07\/1200px-France_road_sign_C3.svg-SITE-OT-792x1024.png\" alt=\"acc\u00e8s massifs risque incendie la croix valmer\" class=\"wp-image-5639\" srcset=\"https:\/\/www.lacroixvalmertourisme.com\/wp-content\/uploads\/2021\/07\/1200px-France_road_sign_C3.svg-SITE-OT-792x1024.png 792w, https:\/\/www.lacroixvalmertourisme.com\/wp-content\/uploads\/2021\/07\/1200px-France_road_sign_C3.svg-SITE-OT-232x300.png 232w, https:\/\/www.lacroixvalmertourisme.com\/wp-content\/uploads\/2021\/07\/1200px-France_road_sign_C3.svg-SITE-OT-768x993.png 768w, https:\/\/www.lacroixvalmertourisme.com\/wp-content\/uploads\/2021\/07\/1200px-France_road_sign_C3.svg-SITE-OT-1187x1536.png 1187w, https:\/\/www.lacroixvalmertourisme.com\/wp-content\/uploads\/2021\/07\/1200px-France_road_sign_C3.svg-SITE-OT-1583x2048.png 1583w, https:\/\/www.lacroixvalmertourisme.com\/wp-content\/uploads\/2021\/07\/1200px-France_road_sign_C3.svg-SITE-OT-116x150.png 116w, https:\/\/www.lacroixvalmertourisme.com\/wp-content\/uploads\/2021\/07\/1200px-France_road_sign_C3.svg-SITE-OT.png 2000w\" \/><\/figure>\n<\/div>\n\n\n\n<div class=\"wp-block-column is-vertically-aligned-center is-layout-flow wp-block-column-is-layout-flow\" style=\"flex-basis:66.66%\">\n<h2 class=\"wp-block-heading has-text-align-center has-green-default-color has-text-color has-script-font-family has-5-xl-font-size\">Acc\u00e8s aux massifs forestiers<\/h2>\n\n\n\n<p class=\"has-text-align-center wp-block-paragraph\"><em>(de juin \u00e0 septembre)<\/em><\/p>\n\n\n\n<div style=\"height:35px\" aria-hidden=\"true\" class=\"wp-block-spacer\"><\/div>\n\n\n\n<p class=\"has-text-align-center has-secondary-50-color has-text-color has-lg-font-size wp-block-paragraph\">En p\u00e9riode estivale, l&rsquo;acc\u00e8s aux massifs forestiers d\u00e9pend<br>du niveau de risque incendie.<br><br>La Pr\u00e9fecture du Var actualise quotidiennement la carte du d\u00e9partement en fin de journ\u00e9e pour le lendemain. <\/p>\n\n\n\n<p class=\"has-text-align-center has-secondary-50-color has-text-color wp-block-paragraph\"> <strong>Avant de partir vous balader, consultez la !<\/strong><\/p>\n<\/div>\n<\/div>\n\n\n\n<div id=\"Fire\" class=\"w-full\"><fire title=\"\"><\/fire><\/div>\n<\/div>\n<\/div>\n\n\n\n<div style=\"height:50px\" aria-hidden=\"true\" class=\"wp-block-spacer\"><\/div>\n\n\n\n<h2 class=\"wp-block-heading has-text-align-center has-display-font-family has-5-xl-font-size\">Focus pr\u00e9vention ~ Risques incendies<\/h2>\n\n\n\n<div style=\"height:50px\" aria-hidden=\"true\" class=\"wp-block-spacer\"><\/div>\n\n\n\n<div class=\"wp-block-columns is-layout-flex wp-container-core-columns-is-layout-0defc3be wp-block-columns-is-layout-flex\">\n<div class=\"wp-block-column is-layout-flow wp-block-column-is-layout-flow\">\n<figure class=\"wp-block-video aligncenter\"><video height=\"720\" style=\"aspect-ratio: 1280 \/ 720;\" width=\"1280\" autoplay controls loop muted src=\"https:\/\/www.lacroixvalmertourisme.com\/wp-content\/uploads\/2025\/07\/Focus-Prevention-_-Les-bonnes-pratiques-en-Foret-1.mp4\" playsinline><\/video><figcaption class=\"wp-element-caption\"><strong><em>EN FORET<\/em><\/strong><\/figcaption><\/figure>\n<\/div>\n\n\n\n<div class=\"wp-block-column is-layout-flow wp-block-column-is-layout-flow\">\n<figure class=\"wp-block-video aligncenter\"><video height=\"360\" style=\"aspect-ratio: 640 \/ 360;\" width=\"640\" autoplay controls loop muted src=\"https:\/\/www.lacroixvalmertourisme.com\/wp-content\/uploads\/2025\/07\/Focus-Prevention-Les-bonnes-pratiques-au-Jardin.mp4\" playsinline><\/video><figcaption class=\"wp-element-caption\"><strong><em>DANS LE JARDIN<\/em><\/strong><\/figcaption><\/figure>\n<\/div>\n<\/div>\n\n\n\n<div style=\"height:50px\" aria-hidden=\"true\" class=\"wp-block-spacer\"><\/div>\n\n\n\n<div class=\"wp-block-group alignwide has-border-color has-secondary-50-border-color is-layout-constrained wp-container-core-group-is-layout-f0480432 wp-block-group-is-layout-constrained\" style=\"border-width:8px;padding-top:var(--wp--preset--spacing--50);padding-right:var(--wp--preset--spacing--50);padding-bottom:var(--wp--preset--spacing--50);padding-left:var(--wp--preset--spacing--50)\">\n<div style=\"height:50px\" aria-hidden=\"true\" class=\"wp-block-spacer\"><\/div>\n\n\n\n<h2 class=\"wp-block-heading alignwide has-text-align-center has-secondary-50-color has-text-color has-script-font-family has-5-xl-font-size\">Conseils, actus, recommandations&#8230;<\/h2>\n\n\n\n<div style=\"height:50px\" aria-hidden=\"true\" class=\"wp-block-spacer\"><\/div>\n\n\n\n<div class=\"wp-block-columns alignwide are-vertically-aligned-center is-layout-flex wp-container-core-columns-is-layout-0defc3be wp-block-columns-is-layout-flex\">\n<div class=\"wp-block-column is-vertically-aligned-center is-layout-flow wp-block-column-is-layout-flow\">\n<figure class=\"wp-block-image size-large\"><img loading=\"lazy\" decoding=\"async\" width=\"1024\" height=\"576\" sizes=\"auto, (max-width: 1024px) 100vw, 1024px\" data-tippy-content=\"feux foret\" src=\"https:\/\/www.lacroixvalmertourisme.com\/wp-content\/uploads\/2022\/06\/img_2_1653837360961-1024x576.webp\" alt=\"\" class=\"wp-image-8892\" srcset=\"https:\/\/www.lacroixvalmertourisme.com\/wp-content\/uploads\/2022\/06\/img_2_1653837360961-1024x576.webp 1024w, https:\/\/www.lacroixvalmertourisme.com\/wp-content\/uploads\/2022\/06\/img_2_1653837360961-300x169.webp 300w, https:\/\/www.lacroixvalmertourisme.com\/wp-content\/uploads\/2022\/06\/img_2_1653837360961-768x432.webp 768w, https:\/\/www.lacroixvalmertourisme.com\/wp-content\/uploads\/2022\/06\/img_2_1653837360961-266x150.webp 266w, https:\/\/www.lacroixvalmertourisme.com\/wp-content\/uploads\/2022\/06\/img_2_1653837360961.webp 1080w\" \/><\/figure>\n<\/div>\n\n\n\n<div class=\"wp-block-column is-vertically-aligned-center is-layout-flow wp-block-column-is-layout-flow\">\n<figure class=\"wp-block-image aligncenter size-large is-resized\"><img loading=\"lazy\" decoding=\"async\" width=\"1024\" height=\"1024\" sizes=\"auto, (max-width: 1024px) 100vw, 1024px\" data-tippy-content=\"vigilance canicule\" src=\"https:\/\/www.lacroixvalmertourisme.com\/wp-content\/uploads\/2022\/06\/img_7_1653837553465-1024x1024.webp\" alt=\"\" class=\"wp-image-8889\" style=\"width:185px;height:185px\" srcset=\"https:\/\/www.lacroixvalmertourisme.com\/wp-content\/uploads\/2022\/06\/img_7_1653837553465-1024x1024.webp 1024w, https:\/\/www.lacroixvalmertourisme.com\/wp-content\/uploads\/2022\/06\/img_7_1653837553465-300x300.webp 300w, https:\/\/www.lacroixvalmertourisme.com\/wp-content\/uploads\/2022\/06\/img_7_1653837553465-150x150.webp 150w, https:\/\/www.lacroixvalmertourisme.com\/wp-content\/uploads\/2022\/06\/img_7_1653837553465-768x768.webp 768w, https:\/\/www.lacroixvalmertourisme.com\/wp-content\/uploads\/2022\/06\/img_7_1653837553465.webp 1080w\" \/><\/figure>\n<\/div>\n\n\n\n<div class=\"wp-block-column is-vertically-aligned-center is-layout-flow wp-block-column-is-layout-flow\">\n<figure class=\"wp-block-image aligncenter size-full is-resized\"><a data-caption=\"vigilance baignade\" href=\"https:\/\/www.lacroixvalmertourisme.com\/wp-content\/uploads\/2022\/06\/281880041_385781180265260_731597607652716289_n.jpg\" data-fancybox=\"gallery\"><img loading=\"lazy\" decoding=\"async\" width=\"645\" height=\"363\" sizes=\"auto, (max-width: 645px) 100vw, 645px\" data-tippy-content=\"vigilance baignade\" src=\"https:\/\/www.lacroixvalmertourisme.com\/wp-content\/uploads\/2022\/06\/281880041_385781180265260_731597607652716289_n.jpg\" alt=\"\" class=\"wp-image-8877\" style=\"width:335px;height:188px\" srcset=\"https:\/\/www.lacroixvalmertourisme.com\/wp-content\/uploads\/2022\/06\/281880041_385781180265260_731597607652716289_n.jpg 645w, https:\/\/www.lacroixvalmertourisme.com\/wp-content\/uploads\/2022\/06\/281880041_385781180265260_731597607652716289_n-300x169.jpg 300w, https:\/\/www.lacroixvalmertourisme.com\/wp-content\/uploads\/2022\/06\/281880041_385781180265260_731597607652716289_n-267x150.jpg 267w\" \/><\/a><\/figure>\n<\/div>\n<\/div>\n\n\n\n<div style=\"height:50px\" aria-hidden=\"true\" class=\"wp-block-spacer\"><\/div>\n\n\n\n<div class=\"wp-block-buttons is-content-justification-center is-layout-flex wp-container-core-buttons-is-layout-9b3e53d3 wp-block-buttons-is-layout-flex\">\n<div class=\"wp-block-button is-style-fill\"><a class=\"wp-block-button__link has-white-color has-secondary-50-background-color has-text-color has-background wp-element-button\" href=\"https:\/\/www.facebook.com\/Prefet83\" target=\"_blank\" rel=\"noreferrer noopener\">Facebook Pr\u00e9fecture du Var<\/a><\/div>\n\n\n\n<div class=\"wp-block-button is-style-fill\"><a class=\"wp-block-button__link has-white-color has-secondary-50-background-color has-text-color has-background wp-element-button\" href=\"https:\/\/drive.google.com\/file\/d\/1uiVyV4MxR5rBmYGmJo1Qk3JhyVP51bdd\/view?usp=sharing\" target=\"_blank\" rel=\"noreferrer noopener\">T\u00e9l\u00e9-alerte La Croix Valmer<\/a><\/div>\n<\/div>\n\n\n\n<div style=\"height:50px\" aria-hidden=\"true\" class=\"wp-block-spacer\"><\/div>\n\n\n\n<div class=\"wp-block-columns alignwide are-vertically-aligned-top is-layout-flex wp-container-core-columns-is-layout-0defc3be wp-block-columns-is-layout-flex\">\n<div class=\"wp-block-column is-vertically-aligned-top is-layout-flow wp-block-column-is-layout-flow\">\n<figure class=\"wp-block-image size-full is-style-rounded is-style-rounded--4\"><a data-caption=\"tele-alerte\" href=\"https:\/\/www.lacroixvalmertourisme.com\/wp-content\/uploads\/2022\/03\/tele-alerte.jpg\" data-fancybox=\"gallery\"><img loading=\"lazy\" decoding=\"async\" width=\"638\" height=\"908\" sizes=\"auto, (max-width: 638px) 100vw, 638px\" data-tippy-content=\"tele-alerte\" src=\"https:\/\/www.lacroixvalmertourisme.com\/wp-content\/uploads\/2022\/03\/tele-alerte.jpg\" alt=\"tele alerte securite la croix valmer\" class=\"wp-image-8067\" srcset=\"https:\/\/www.lacroixvalmertourisme.com\/wp-content\/uploads\/2022\/03\/tele-alerte.jpg 638w, https:\/\/www.lacroixvalmertourisme.com\/wp-content\/uploads\/2022\/03\/tele-alerte-211x300.jpg 211w, https:\/\/www.lacroixvalmertourisme.com\/wp-content\/uploads\/2022\/03\/tele-alerte-105x150.jpg 105w\" \/><\/a><\/figure>\n<\/div>\n\n\n\n<div class=\"wp-block-column is-vertically-aligned-top is-layout-flow wp-block-column-is-layout-flow\">\n<figure class=\"wp-block-image size-full is-style-rounded is-style-rounded--5\"><a data-caption=\"tele-alerte\" href=\"https:\/\/www.lacroixvalmertourisme.com\/wp-content\/uploads\/2022\/03\/tele-alerte-2.jpg\" data-fancybox=\"gallery\"><img loading=\"lazy\" decoding=\"async\" width=\"632\" height=\"901\" sizes=\"auto, (max-width: 632px) 100vw, 632px\" data-tippy-content=\"tele-alerte\" src=\"https:\/\/www.lacroixvalmertourisme.com\/wp-content\/uploads\/2022\/03\/tele-alerte-2.jpg\" alt=\"tele alerte securite la croix valmer\" class=\"wp-image-8072\" srcset=\"https:\/\/www.lacroixvalmertourisme.com\/wp-content\/uploads\/2022\/03\/tele-alerte-2.jpg 632w, https:\/\/www.lacroixvalmertourisme.com\/wp-content\/uploads\/2022\/03\/tele-alerte-2-210x300.jpg 210w, https:\/\/www.lacroixvalmertourisme.com\/wp-content\/uploads\/2022\/03\/tele-alerte-2-105x150.jpg 105w\" \/><\/a><\/figure>\n<\/div>\n\n\n\n<div class=\"wp-block-column is-vertically-aligned-top is-layout-flow wp-block-column-is-layout-flow\">\n<figure class=\"wp-block-image size-full is-style-rounded is-style-rounded--6\"><a data-caption=\"tele-alerte\" href=\"https:\/\/www.lacroixvalmertourisme.com\/wp-content\/uploads\/2022\/03\/tele-alerte-3.jpg\" data-fancybox=\"gallery\"><img loading=\"lazy\" decoding=\"async\" width=\"641\" height=\"910\" sizes=\"auto, (max-width: 641px) 100vw, 641px\" data-tippy-content=\"tele-alerte\" src=\"https:\/\/www.lacroixvalmertourisme.com\/wp-content\/uploads\/2022\/03\/tele-alerte-3.jpg\" alt=\"tele alerte securite la croix valmer\" class=\"wp-image-8075\" srcset=\"https:\/\/www.lacroixvalmertourisme.com\/wp-content\/uploads\/2022\/03\/tele-alerte-3.jpg 641w, https:\/\/www.lacroixvalmertourisme.com\/wp-content\/uploads\/2022\/03\/tele-alerte-3-211x300.jpg 211w, https:\/\/www.lacroixvalmertourisme.com\/wp-content\/uploads\/2022\/03\/tele-alerte-3-106x150.jpg 106w\" \/><\/a><\/figure>\n<\/div>\n<\/div>\n<\/div>\n\n\n\n<div style=\"height:50px\" aria-hidden=\"true\" class=\"wp-block-spacer\"><\/div>\n\n\n\n<div style=\"height:50px\" aria-hidden=\"true\" class=\"wp-block-spacer\"><\/div>\n\n\n\n<div style=\"height:50px\" aria-hidden=\"true\" class=\"wp-block-spacer\"><\/div>\n<\/div>\n","protected":false},"excerpt":{"rendered":"<p>Focus pr\u00e9vention ~ Risques incendies Conseils, actus, recommandations&#8230;<\/p>\n","protected":false},"author":2,"featured_media":11822,"parent":0,"menu_order":266,"comment_status":"closed","ping_status":"closed","template":"dashboard.blade.php","meta":{"_acf_changed":false,"_crdt_document":"","footnotes":""},"class_list":["post-4245","page","type-page","status-publish","has-post-thumbnail","hentry"],"acf":{"slogan":"","introduction":"","video_mp4":false,"video_webm":false,"poster_image":false,"nugget":false,"pagepage-etendus":"complet","page-virtuelle":false,"pagepage-updown":false,"autoplay":false,"delay":"","mots-cles":"m\u00e9t\u00e9o plages acc\u00e8s massifs forestiers risques incendies balade randonn\u00e9e incident feu baignade interdite alerte pollution maritime mer covid masque port test vaccination pharmacie corona pass sanitaire vaccinal\r\n","title_alignement":""},"yoast_head":"<!-- This site is optimized with the Yoast SEO plugin v27.5 - https:\/\/yoast.com\/product\/yoast-seo-wordpress\/ -->\n<title>Pour ne prendre aucun risque - La Croix-Valmer Tourisme<\/title>\n<meta name=\"robots\" content=\"index, follow, max-snippet:-1, max-image-preview:large, max-video-preview:-1\" \/>\n<link rel=\"canonical\" href=\"https:\/\/www.lacroixvalmertourisme.com\/fr\/pour-ne-prendre-aucun-risque\" \/>\n<meta property=\"og:locale\" content=\"fr_FR\" \/>\n<meta property=\"og:type\" content=\"article\" \/>\n<meta property=\"og:title\" content=\"Pour ne prendre aucun risque - La Croix-Valmer Tourisme\" \/>\n<meta property=\"og:description\" content=\"Focus pr\u00e9vention ~ Risques incendies Conseils, actus, recommandations&#8230;\" \/>\n<meta property=\"og:url\" content=\"https:\/\/www.lacroixvalmertourisme.com\/fr\/pour-ne-prendre-aucun-risque\" \/>\n<meta property=\"og:site_name\" content=\"La Croix-Valmer Tourisme\" \/>\n<meta property=\"article:publisher\" content=\"https:\/\/www.facebook.com\/lacroixvalmertourisme\/\" \/>\n<meta property=\"article:modified_time\" content=\"2025-12-14T16:21:16+00:00\" \/>\n<meta property=\"og:image\" content=\"https:\/\/www.lacroixvalmertourisme.com\/wp-content\/uploads\/2023\/03\/2017-1206-gigaro\u00a9lacroixvalmertourisme-4.jpg\" \/>\n\t<meta property=\"og:image:width\" content=\"2000\" \/>\n\t<meta property=\"og:image:height\" content=\"1307\" \/>\n\t<meta property=\"og:image:type\" content=\"image\/jpeg\" \/>\n<meta name=\"twitter:card\" content=\"summary_large_image\" \/>\n<meta name=\"twitter:site\" content=\"@La_Croix_Valmer\" \/>\n<meta name=\"twitter:label1\" content=\"Dur\u00e9e de lecture estim\u00e9e\" \/>\n\t<meta name=\"twitter:data1\" content=\"2 minutes\" \/>\n<!-- \/ Yoast SEO plugin. -->","yoast_head_json":{"title":"Pour ne prendre aucun risque - La Croix-Valmer Tourisme","robots":{"index":"index","follow":"follow","max-snippet":"max-snippet:-1","max-image-preview":"max-image-preview:large","max-video-preview":"max-video-preview:-1"},"canonical":"https:\/\/www.lacroixvalmertourisme.com\/fr\/pour-ne-prendre-aucun-risque","og_locale":"fr_FR","og_type":"article","og_title":"Pour ne prendre aucun risque - La Croix-Valmer Tourisme","og_description":"Focus pr\u00e9vention ~ Risques incendies Conseils, actus, recommandations&#8230;","og_url":"https:\/\/www.lacroixvalmertourisme.com\/fr\/pour-ne-prendre-aucun-risque","og_site_name":"La Croix-Valmer Tourisme","article_publisher":"https:\/\/www.facebook.com\/lacroixvalmertourisme\/","article_modified_time":"2025-12-14T16:21:16+00:00","og_image":[{"width":2000,"height":1307,"url":"https:\/\/www.lacroixvalmertourisme.com\/wp-content\/uploads\/2023\/03\/2017-1206-gigaro\u00a9lacroixvalmertourisme-4.jpg","type":"image\/jpeg"}],"twitter_card":"summary_large_image","twitter_site":"@La_Croix_Valmer","twitter_misc":{"Dur\u00e9e de lecture estim\u00e9e":"2 minutes"},"schema":{"@context":"https:\/\/schema.org","@graph":[{"@type":"WebPage","@id":"https:\/\/www.lacroixvalmertourisme.com\/fr\/pour-ne-prendre-aucun-risque","url":"https:\/\/www.lacroixvalmertourisme.com\/fr\/pour-ne-prendre-aucun-risque","name":"Pour ne prendre aucun risque - La Croix-Valmer Tourisme","isPartOf":{"@id":"https:\/\/www.lacroixvalmertourisme.com\/fr\/#website"},"primaryImageOfPage":{"@id":"https:\/\/www.lacroixvalmertourisme.com\/fr\/pour-ne-prendre-aucun-risque#primaryimage"},"image":{"@id":"https:\/\/www.lacroixvalmertourisme.com\/fr\/pour-ne-prendre-aucun-risque#primaryimage"},"thumbnailUrl":"https:\/\/www.lacroixvalmertourisme.com\/wp-content\/uploads\/2023\/03\/2017-1206-gigaro\u00a9lacroixvalmertourisme-4.jpg","datePublished":"2021-06-23T22:00:39+00:00","dateModified":"2025-12-14T16:21:16+00:00","breadcrumb":{"@id":"https:\/\/www.lacroixvalmertourisme.com\/fr\/pour-ne-prendre-aucun-risque#breadcrumb"},"inLanguage":"fr-FR","potentialAction":[{"@type":"ReadAction","target":["https:\/\/www.lacroixvalmertourisme.com\/fr\/pour-ne-prendre-aucun-risque"]}]},{"@type":"ImageObject","inLanguage":"fr-FR","@id":"https:\/\/www.lacroixvalmertourisme.com\/fr\/pour-ne-prendre-aucun-risque#primaryimage","url":"https:\/\/www.lacroixvalmertourisme.com\/wp-content\/uploads\/2023\/03\/2017-1206-gigaro\u00a9lacroixvalmertourisme-4.jpg","contentUrl":"https:\/\/www.lacroixvalmertourisme.com\/wp-content\/uploads\/2023\/03\/2017-1206-gigaro\u00a9lacroixvalmertourisme-4.jpg","width":2000,"height":1307},{"@type":"BreadcrumbList","@id":"https:\/\/www.lacroixvalmertourisme.com\/fr\/pour-ne-prendre-aucun-risque#breadcrumb","itemListElement":[{"@type":"ListItem","position":1,"name":"Accueil","item":"https:\/\/www.lacroixvalmertourisme.com\/fr"},{"@type":"ListItem","position":2,"name":"Pour ne prendre aucun risque"}]},{"@type":"WebSite","@id":"https:\/\/www.lacroixvalmertourisme.com\/fr\/#website","url":"https:\/\/www.lacroixvalmertourisme.com\/fr\/","name":"La Croix-Valmer Tourisme","description":"Toutes les informations touristiques pour organiser votre prochain s\u00e9jour \u00e0 La Croix Valmer dans le Golfe de Saint-Tropez","publisher":{"@id":"https:\/\/www.lacroixvalmertourisme.com\/fr\/#organization"},"potentialAction":[{"@type":"SearchAction","target":{"@type":"EntryPoint","urlTemplate":"https:\/\/www.lacroixvalmertourisme.com\/fr\/?s={search_term_string}"},"query-input":{"@type":"PropertyValueSpecification","valueRequired":true,"valueName":"search_term_string"}}],"inLanguage":"fr-FR"},{"@type":"Organization","@id":"https:\/\/www.lacroixvalmertourisme.com\/fr\/#organization","name":"Office de Tourisme de La Croix Valmer","url":"https:\/\/www.lacroixvalmertourisme.com\/fr\/","logo":{"@type":"ImageObject","inLanguage":"fr-FR","@id":"https:\/\/www.lacroixvalmertourisme.com\/fr\/#\/schema\/logo\/image\/","url":"https:\/\/www.lacroixvalmertourisme.com\/wp-content\/uploads\/2021\/06\/Logo_ot_bleu.png","contentUrl":"https:\/\/www.lacroixvalmertourisme.com\/wp-content\/uploads\/2021\/06\/Logo_ot_bleu.png","width":591,"height":454,"caption":"Office de Tourisme de La Croix Valmer"},"image":{"@id":"https:\/\/www.lacroixvalmertourisme.com\/fr\/#\/schema\/logo\/image\/"},"sameAs":["https:\/\/www.facebook.com\/lacroixvalmertourisme\/","https:\/\/x.com\/La_Croix_Valmer","https:\/\/www.instagram.com\/lacroixvalmer_tourisme\/"]}]}},"publishpress_future_workflow_manual_trigger":{"enabledWorkflows":[]},"_links":{"self":[{"href":"https:\/\/www.lacroixvalmertourisme.com\/fr\/wp-json\/wp\/v2\/pages\/4245","targetHints":{"allow":["GET"]}}],"collection":[{"href":"https:\/\/www.lacroixvalmertourisme.com\/fr\/wp-json\/wp\/v2\/pages"}],"about":[{"href":"https:\/\/www.lacroixvalmertourisme.com\/fr\/wp-json\/wp\/v2\/types\/page"}],"author":[{"embeddable":true,"href":"https:\/\/www.lacroixvalmertourisme.com\/fr\/wp-json\/wp\/v2\/users\/2"}],"replies":[{"embeddable":true,"href":"https:\/\/www.lacroixvalmertourisme.com\/fr\/wp-json\/wp\/v2\/comments?post=4245"}],"version-history":[{"count":10,"href":"https:\/\/www.lacroixvalmertourisme.com\/fr\/wp-json\/wp\/v2\/pages\/4245\/revisions"}],"predecessor-version":[{"id":25966,"href":"https:\/\/www.lacroixvalmertourisme.com\/fr\/wp-json\/wp\/v2\/pages\/4245\/revisions\/25966"}],"wp:featuredmedia":[{"embeddable":true,"href":"https:\/\/www.lacroixvalmertourisme.com\/fr\/wp-json\/wp\/v2\/media\/11822"}],"wp:attachment":[{"href":"https:\/\/www.lacroixvalmertourisme.com\/fr\/wp-json\/wp\/v2\/media?parent=4245"}],"curies":[{"name":"wp","href":"https:\/\/api.w.org\/{rel}","templated":true}]}}