{"id":26797,"date":"2026-02-05T14:07:21","date_gmt":"2026-02-05T13:07:21","guid":{"rendered":"https:\/\/www.lacroixvalmertourisme.com\/?page_id=26797"},"modified":"2026-02-16T14:56:25","modified_gmt":"2026-02-16T13:56:25","slug":"le-festi-pichoun","status":"publish","type":"page","link":"https:\/\/www.lacroixvalmertourisme.com\/fr\/sortir-se-divertir\/evenements\/les-grands-rendez-vous-croisien\/le-festi-pichoun","title":{"rendered":"Festi Pichoun"},"content":{"rendered":"\n<h2 class=\"wp-block-heading has-primary-container-color has-text-color has-link-color has-mono-font-family wp-elements-1a2fa2f360c1cc25134d57a3363f9b1f\">Lorsque La Croix Valmer s&rsquo;illumine<\/h2>\n\n\n\n<div style=\"height:50px\" aria-hidden=\"true\" class=\"wp-block-spacer\"><\/div>\n\n\n\n<p class=\"has-primary-container-color has-text-color has-link-color wp-elements-854297dfdcc5d04961f09f558bace037 wp-block-paragraph\">Pendant les f\u00eates de fin d\u2019ann\u00e9e, No\u00ebl illumine La Croix Valmer\u2026 <br>Nous vous proposons un programme riche et vari\u00e9 \u00e0 ne pas manquer ! Du 1er au 31 d\u00e9cembre, vivez des exp\u00e9riences inoubliables autour de la magie de No\u00ebl\u2026 Un rendez-vous incontournable pour petits et grands <\/p>\n\n\n\n<p class=\"wp-block-paragraph\">Feu d&rsquo;artifice, spectacle de lumi\u00e8res, village enchant\u00e9, patinoire, balade en cal\u00e8che, maquillage, spectacles,&#8230; de quoi passer de belles f\u00eates \u00e0 La Croix Valmer.<\/p>\n\n\n\n<div style=\"height:50px\" aria-hidden=\"true\" class=\"wp-block-spacer\"><\/div>\n\n\n\n<div data-wp-interactive=\"core\/file\" class=\"wp-block-file\"><object data-wp-bind--hidden=\"!state.hasPdfPreview\" hidden class=\"wp-block-file__embed\" data=\"https:\/\/www.lacroixvalmertourisme.com\/wp-content\/uploads\/2026\/02\/festi-pichoun-2025.pdf\" type=\"application\/pdf\" style=\"width:100%;height:600px\" aria-label=\"Contenu embarqu\u00e9 festi pichoun 2025.\"><\/object><a id=\"wp-block-file--media-d650cc11-c2c1-4bdc-aa17-28acb76aaf45\" href=\"https:\/\/www.lacroixvalmertourisme.com\/wp-content\/uploads\/2026\/02\/festi-pichoun-2025.pdf\">festi pichoun 2025<\/a><a href=\"https:\/\/www.lacroixvalmertourisme.com\/wp-content\/uploads\/2026\/02\/festi-pichoun-2025.pdf\" class=\"wp-block-file__button wp-element-button\" download aria-describedby=\"wp-block-file--media-d650cc11-c2c1-4bdc-aa17-28acb76aaf45\">T\u00e9l\u00e9charger<\/a><\/div>\n\n\n\n<div style=\"height:50px\" aria-hidden=\"true\" class=\"wp-block-spacer\"><\/div>\n\n\n\n<h2 class=\"wp-block-heading has-text-align-center has-script-font-family has-5-xl-font-size\">~ 2024 ~<\/h2>\n\n\n\n<figure class=\"wp-block-gallery alignwide has-nested-images columns-default is-cropped wp-block-gallery-1 is-layout-flex wp-block-gallery-is-layout-flex\">\n<figure class=\"wp-block-image size-large\"><a data-caption=\"d\u00e9co No\u00ebl 2024 \u00a9 lacroixvalmertourisme (68)\" href=\"https:\/\/www.lacroixvalmertourisme.com\/wp-content\/uploads\/2024\/12\/deco-Noel-2024-\u00a9-lacroixvalmertourisme-68-768x1024.jpeg\" data-fancybox=\"gallery\"><img loading=\"lazy\" decoding=\"async\" width=\"768\" height=\"1024\" sizes=\"auto, (max-width: 768px) 100vw, 768px\" data-id=\"19013\" data-tippy-content=\"d\u00e9co No\u00ebl 2024 \u00a9 lacroixvalmertourisme (68)\" src=\"https:\/\/www.lacroixvalmertourisme.com\/wp-content\/uploads\/2024\/12\/deco-Noel-2024-\u00a9-lacroixvalmertourisme-68-768x1024.jpeg\" alt=\"la croix valmer tourisme accueil office de tourisme d\u00e9corations illuminations no\u00ebl 2024\" class=\"wp-image-19013\" srcset=\"https:\/\/www.lacroixvalmertourisme.com\/wp-content\/uploads\/2024\/12\/deco-Noel-2024-\u00a9-lacroixvalmertourisme-68-768x1024.jpeg 768w, https:\/\/www.lacroixvalmertourisme.com\/wp-content\/uploads\/2024\/12\/deco-Noel-2024-\u00a9-lacroixvalmertourisme-68-225x300.jpeg 225w, https:\/\/www.lacroixvalmertourisme.com\/wp-content\/uploads\/2024\/12\/deco-Noel-2024-\u00a9-lacroixvalmertourisme-68-1152x1536.jpeg 1152w, https:\/\/www.lacroixvalmertourisme.com\/wp-content\/uploads\/2024\/12\/deco-Noel-2024-\u00a9-lacroixvalmertourisme-68-113x150.jpeg 113w, https:\/\/www.lacroixvalmertourisme.com\/wp-content\/uploads\/2024\/12\/deco-Noel-2024-\u00a9-lacroixvalmertourisme-68.jpeg 1536w\" \/><\/a><\/figure>\n\n\n\n<figure class=\"wp-block-image size-large\"><a data-caption=\"d\u00e9co No\u00ebl 2024 \u00a9 lacroixvalmertourisme (73)\" href=\"https:\/\/www.lacroixvalmertourisme.com\/wp-content\/uploads\/2024\/12\/deco-Noel-2024-\u00a9-lacroixvalmertourisme-73-768x1024.jpeg\" data-fancybox=\"gallery\"><img loading=\"lazy\" decoding=\"async\" width=\"768\" height=\"1024\" sizes=\"auto, (max-width: 768px) 100vw, 768px\" data-id=\"19016\" data-tippy-content=\"d\u00e9co No\u00ebl 2024 \u00a9 lacroixvalmertourisme (73)\" src=\"https:\/\/www.lacroixvalmertourisme.com\/wp-content\/uploads\/2024\/12\/deco-Noel-2024-\u00a9-lacroixvalmertourisme-73-768x1024.jpeg\" alt=\"la croix valmer tourisme accueil office de tourisme d\u00e9corations illuminations no\u00ebl 2024\" class=\"wp-image-19016\" srcset=\"https:\/\/www.lacroixvalmertourisme.com\/wp-content\/uploads\/2024\/12\/deco-Noel-2024-\u00a9-lacroixvalmertourisme-73-768x1024.jpeg 768w, https:\/\/www.lacroixvalmertourisme.com\/wp-content\/uploads\/2024\/12\/deco-Noel-2024-\u00a9-lacroixvalmertourisme-73-225x300.jpeg 225w, https:\/\/www.lacroixvalmertourisme.com\/wp-content\/uploads\/2024\/12\/deco-Noel-2024-\u00a9-lacroixvalmertourisme-73-1152x1536.jpeg 1152w, https:\/\/www.lacroixvalmertourisme.com\/wp-content\/uploads\/2024\/12\/deco-Noel-2024-\u00a9-lacroixvalmertourisme-73-113x150.jpeg 113w, https:\/\/www.lacroixvalmertourisme.com\/wp-content\/uploads\/2024\/12\/deco-Noel-2024-\u00a9-lacroixvalmertourisme-73.jpeg 1536w\" \/><\/a><\/figure>\n\n\n\n<figure class=\"wp-block-image size-large\"><a data-caption=\"d\u00e9co No\u00ebl 2024 \u00a9 lacroixvalmertourisme (18)\" href=\"https:\/\/www.lacroixvalmertourisme.com\/wp-content\/uploads\/2024\/12\/deco-Noel-2024-\u00a9-lacroixvalmertourisme-18-1024x768.jpeg\" data-fancybox=\"gallery\"><img loading=\"lazy\" decoding=\"async\" width=\"1024\" height=\"768\" sizes=\"auto, (max-width: 1024px) 100vw, 1024px\" data-id=\"19001\" data-tippy-content=\"d\u00e9co No\u00ebl 2024 \u00a9 lacroixvalmertourisme (18)\" src=\"https:\/\/www.lacroixvalmertourisme.com\/wp-content\/uploads\/2024\/12\/deco-Noel-2024-\u00a9-lacroixvalmertourisme-18-1024x768.jpeg\" alt=\"la croix valmer tourisme accueil office de tourisme d\u00e9corations illuminations no\u00ebl 2024\" class=\"wp-image-19001\" srcset=\"https:\/\/www.lacroixvalmertourisme.com\/wp-content\/uploads\/2024\/12\/deco-Noel-2024-\u00a9-lacroixvalmertourisme-18-1024x768.jpeg 1024w, https:\/\/www.lacroixvalmertourisme.com\/wp-content\/uploads\/2024\/12\/deco-Noel-2024-\u00a9-lacroixvalmertourisme-18-300x225.jpeg 300w, https:\/\/www.lacroixvalmertourisme.com\/wp-content\/uploads\/2024\/12\/deco-Noel-2024-\u00a9-lacroixvalmertourisme-18-768x576.jpeg 768w, https:\/\/www.lacroixvalmertourisme.com\/wp-content\/uploads\/2024\/12\/deco-Noel-2024-\u00a9-lacroixvalmertourisme-18-1536x1152.jpeg 1536w, https:\/\/www.lacroixvalmertourisme.com\/wp-content\/uploads\/2024\/12\/deco-Noel-2024-\u00a9-lacroixvalmertourisme-18-200x150.jpeg 200w, https:\/\/www.lacroixvalmertourisme.com\/wp-content\/uploads\/2024\/12\/deco-Noel-2024-\u00a9-lacroixvalmertourisme-18.jpeg 2048w\" \/><\/a><\/figure>\n\n\n\n<figure class=\"wp-block-image size-large\"><a data-caption=\"d\u00e9co No\u00ebl 2024 \u00a9 lacroixvalmertourisme (77)\" href=\"https:\/\/www.lacroixvalmertourisme.com\/wp-content\/uploads\/2024\/12\/deco-Noel-2024-\u00a9-lacroixvalmertourisme-77-768x1024.jpeg\" data-fancybox=\"gallery\"><img loading=\"lazy\" decoding=\"async\" width=\"768\" height=\"1024\" sizes=\"auto, (max-width: 768px) 100vw, 768px\" data-id=\"19019\" data-tippy-content=\"d\u00e9co No\u00ebl 2024 \u00a9 lacroixvalmertourisme (77)\" src=\"https:\/\/www.lacroixvalmertourisme.com\/wp-content\/uploads\/2024\/12\/deco-Noel-2024-\u00a9-lacroixvalmertourisme-77-768x1024.jpeg\" alt=\"la croix valmer tourisme accueil office de tourisme d\u00e9corations illuminations no\u00ebl 2024\" class=\"wp-image-19019\" srcset=\"https:\/\/www.lacroixvalmertourisme.com\/wp-content\/uploads\/2024\/12\/deco-Noel-2024-\u00a9-lacroixvalmertourisme-77-768x1024.jpeg 768w, https:\/\/www.lacroixvalmertourisme.com\/wp-content\/uploads\/2024\/12\/deco-Noel-2024-\u00a9-lacroixvalmertourisme-77-225x300.jpeg 225w, https:\/\/www.lacroixvalmertourisme.com\/wp-content\/uploads\/2024\/12\/deco-Noel-2024-\u00a9-lacroixvalmertourisme-77-1152x1536.jpeg 1152w, https:\/\/www.lacroixvalmertourisme.com\/wp-content\/uploads\/2024\/12\/deco-Noel-2024-\u00a9-lacroixvalmertourisme-77-113x150.jpeg 113w, https:\/\/www.lacroixvalmertourisme.com\/wp-content\/uploads\/2024\/12\/deco-Noel-2024-\u00a9-lacroixvalmertourisme-77.jpeg 1536w\" \/><\/a><\/figure>\n\n\n\n<figure class=\"wp-block-image size-large\"><a data-caption=\"d\u00e9co No\u00ebl 2024 \u00a9 lacroixvalmertourisme (121)\" href=\"https:\/\/www.lacroixvalmertourisme.com\/wp-content\/uploads\/2024\/12\/deco-Noel-2024-\u00a9-lacroixvalmertourisme-121-768x1024.jpeg\" data-fancybox=\"gallery\"><img loading=\"lazy\" decoding=\"async\" width=\"768\" height=\"1024\" sizes=\"auto, (max-width: 768px) 100vw, 768px\" data-id=\"19031\" data-tippy-content=\"d\u00e9co No\u00ebl 2024 \u00a9 lacroixvalmertourisme (121)\" src=\"https:\/\/www.lacroixvalmertourisme.com\/wp-content\/uploads\/2024\/12\/deco-Noel-2024-\u00a9-lacroixvalmertourisme-121-768x1024.jpeg\" alt=\"la croix valmer tourisme office de tourisme d\u00e9corations illuminations no\u00ebl 2024\" class=\"wp-image-19031\" srcset=\"https:\/\/www.lacroixvalmertourisme.com\/wp-content\/uploads\/2024\/12\/deco-Noel-2024-\u00a9-lacroixvalmertourisme-121-768x1024.jpeg 768w, https:\/\/www.lacroixvalmertourisme.com\/wp-content\/uploads\/2024\/12\/deco-Noel-2024-\u00a9-lacroixvalmertourisme-121-225x300.jpeg 225w, https:\/\/www.lacroixvalmertourisme.com\/wp-content\/uploads\/2024\/12\/deco-Noel-2024-\u00a9-lacroixvalmertourisme-121-1152x1536.jpeg 1152w, https:\/\/www.lacroixvalmertourisme.com\/wp-content\/uploads\/2024\/12\/deco-Noel-2024-\u00a9-lacroixvalmertourisme-121-113x150.jpeg 113w, https:\/\/www.lacroixvalmertourisme.com\/wp-content\/uploads\/2024\/12\/deco-Noel-2024-\u00a9-lacroixvalmertourisme-121.jpeg 1536w\" \/><\/a><\/figure>\n\n\n\n<figure class=\"wp-block-image size-large\"><a data-caption=\"d\u00e9co No\u00ebl 2024 \u00a9 lacroixvalmertourisme (6)\" href=\"https:\/\/www.lacroixvalmertourisme.com\/wp-content\/uploads\/2024\/12\/deco-Noel-2024-\u00a9-lacroixvalmertourisme-6-768x1024.jpeg\" data-fancybox=\"gallery\"><img loading=\"lazy\" decoding=\"async\" width=\"768\" height=\"1024\" sizes=\"auto, (max-width: 768px) 100vw, 768px\" data-id=\"18989\" data-tippy-content=\"d\u00e9co No\u00ebl 2024 \u00a9 lacroixvalmertourisme (6)\" src=\"https:\/\/www.lacroixvalmertourisme.com\/wp-content\/uploads\/2024\/12\/deco-Noel-2024-\u00a9-lacroixvalmertourisme-6-768x1024.jpeg\" alt=\"la croix valmer tourisme accueil office de tourisme d\u00e9corations illuminations no\u00ebl 2024\" class=\"wp-image-18989\" srcset=\"https:\/\/www.lacroixvalmertourisme.com\/wp-content\/uploads\/2024\/12\/deco-Noel-2024-\u00a9-lacroixvalmertourisme-6-768x1024.jpeg 768w, https:\/\/www.lacroixvalmertourisme.com\/wp-content\/uploads\/2024\/12\/deco-Noel-2024-\u00a9-lacroixvalmertourisme-6-225x300.jpeg 225w, https:\/\/www.lacroixvalmertourisme.com\/wp-content\/uploads\/2024\/12\/deco-Noel-2024-\u00a9-lacroixvalmertourisme-6-1152x1536.jpeg 1152w, https:\/\/www.lacroixvalmertourisme.com\/wp-content\/uploads\/2024\/12\/deco-Noel-2024-\u00a9-lacroixvalmertourisme-6-113x150.jpeg 113w, https:\/\/www.lacroixvalmertourisme.com\/wp-content\/uploads\/2024\/12\/deco-Noel-2024-\u00a9-lacroixvalmertourisme-6.jpeg 1536w\" \/><\/a><\/figure>\n<\/figure>\n\n\n\n<figure class=\"wp-block-gallery alignwide has-nested-images columns-default is-cropped wp-block-gallery-2 is-layout-flex wp-block-gallery-is-layout-flex\">\n<figure class=\"wp-block-image size-large\"><a data-caption=\"d\u00e9co odyss\u00e9e 80 \u00a9 lacroixvalmertourisme (8)\" href=\"https:\/\/www.lacroixvalmertourisme.com\/wp-content\/uploads\/2025\/01\/deco-odyssee-80-\u00a9-lacroixvalmertourisme-8-768x1024.jpeg\" data-fancybox=\"gallery\"><img loading=\"lazy\" decoding=\"async\" width=\"768\" height=\"1024\" sizes=\"auto, (max-width: 768px) 100vw, 768px\" data-id=\"19422\" data-tippy-content=\"d\u00e9co odyss\u00e9e 80 \u00a9 lacroixvalmertourisme (8)\" src=\"https:\/\/www.lacroixvalmertourisme.com\/wp-content\/uploads\/2025\/01\/deco-odyssee-80-\u00a9-lacroixvalmertourisme-8-768x1024.jpeg\" alt=\"la croix valmer tourisme office de tourisme d\u00e9corations illuminations no\u00ebl 2024\" class=\"wp-image-19422\" srcset=\"https:\/\/www.lacroixvalmertourisme.com\/wp-content\/uploads\/2025\/01\/deco-odyssee-80-\u00a9-lacroixvalmertourisme-8-768x1024.jpeg 768w, https:\/\/www.lacroixvalmertourisme.com\/wp-content\/uploads\/2025\/01\/deco-odyssee-80-\u00a9-lacroixvalmertourisme-8-225x300.jpeg 225w, https:\/\/www.lacroixvalmertourisme.com\/wp-content\/uploads\/2025\/01\/deco-odyssee-80-\u00a9-lacroixvalmertourisme-8-1152x1536.jpeg 1152w, https:\/\/www.lacroixvalmertourisme.com\/wp-content\/uploads\/2025\/01\/deco-odyssee-80-\u00a9-lacroixvalmertourisme-8-113x150.jpeg 113w, https:\/\/www.lacroixvalmertourisme.com\/wp-content\/uploads\/2025\/01\/deco-odyssee-80-\u00a9-lacroixvalmertourisme-8.jpeg 1536w\" \/><\/a><\/figure>\n\n\n\n<figure class=\"wp-block-image size-large\"><a data-caption=\"arriv\u00e9e p\u00e8re no\u00ebl 2024 \u00a9 lacroixvalmertourisme (65)\" href=\"https:\/\/www.lacroixvalmertourisme.com\/wp-content\/uploads\/2025\/01\/arrivee-pere-noel-2024-\u00a9-lacroixvalmertourisme-65-768x1024.jpeg\" data-fancybox=\"gallery\"><img loading=\"lazy\" decoding=\"async\" width=\"768\" height=\"1024\" sizes=\"auto, (max-width: 768px) 100vw, 768px\" data-id=\"19452\" data-tippy-content=\"arriv\u00e9e p\u00e8re no\u00ebl 2024 \u00a9 lacroixvalmertourisme (65)\" src=\"https:\/\/www.lacroixvalmertourisme.com\/wp-content\/uploads\/2025\/01\/arrivee-pere-noel-2024-\u00a9-lacroixvalmertourisme-65-768x1024.jpeg\" alt=\"la croix valmer tourisme office de tourisme d\u00e9corations illuminations no\u00ebl 2024\" class=\"wp-image-19452\" srcset=\"https:\/\/www.lacroixvalmertourisme.com\/wp-content\/uploads\/2025\/01\/arrivee-pere-noel-2024-\u00a9-lacroixvalmertourisme-65-768x1024.jpeg 768w, https:\/\/www.lacroixvalmertourisme.com\/wp-content\/uploads\/2025\/01\/arrivee-pere-noel-2024-\u00a9-lacroixvalmertourisme-65-225x300.jpeg 225w, https:\/\/www.lacroixvalmertourisme.com\/wp-content\/uploads\/2025\/01\/arrivee-pere-noel-2024-\u00a9-lacroixvalmertourisme-65-1152x1536.jpeg 1152w, https:\/\/www.lacroixvalmertourisme.com\/wp-content\/uploads\/2025\/01\/arrivee-pere-noel-2024-\u00a9-lacroixvalmertourisme-65-113x150.jpeg 113w, https:\/\/www.lacroixvalmertourisme.com\/wp-content\/uploads\/2025\/01\/arrivee-pere-noel-2024-\u00a9-lacroixvalmertourisme-65.jpeg 1536w\" \/><\/a><\/figure>\n\n\n\n<figure class=\"wp-block-image size-large\"><a data-caption=\"hashtag no\u00ebl 2024 \u00a9 lacroixvalmertourisme (2)\" href=\"https:\/\/www.lacroixvalmertourisme.com\/wp-content\/uploads\/2025\/01\/hashtag-noel-2024-\u00a9-lacroixvalmertourisme-2-1024x768.jpeg\" data-fancybox=\"gallery\"><img loading=\"lazy\" decoding=\"async\" width=\"1024\" height=\"768\" sizes=\"auto, (max-width: 1024px) 100vw, 1024px\" data-id=\"19437\" data-tippy-content=\"hashtag no\u00ebl 2024 \u00a9 lacroixvalmertourisme (2)\" src=\"https:\/\/www.lacroixvalmertourisme.com\/wp-content\/uploads\/2025\/01\/hashtag-noel-2024-\u00a9-lacroixvalmertourisme-2-1024x768.jpeg\" alt=\"la croix valmer tourisme office de tourisme d\u00e9corations illuminations no\u00ebl 2024\" class=\"wp-image-19437\" srcset=\"https:\/\/www.lacroixvalmertourisme.com\/wp-content\/uploads\/2025\/01\/hashtag-noel-2024-\u00a9-lacroixvalmertourisme-2-1024x768.jpeg 1024w, https:\/\/www.lacroixvalmertourisme.com\/wp-content\/uploads\/2025\/01\/hashtag-noel-2024-\u00a9-lacroixvalmertourisme-2-300x225.jpeg 300w, https:\/\/www.lacroixvalmertourisme.com\/wp-content\/uploads\/2025\/01\/hashtag-noel-2024-\u00a9-lacroixvalmertourisme-2-768x576.jpeg 768w, https:\/\/www.lacroixvalmertourisme.com\/wp-content\/uploads\/2025\/01\/hashtag-noel-2024-\u00a9-lacroixvalmertourisme-2-1536x1152.jpeg 1536w, https:\/\/www.lacroixvalmertourisme.com\/wp-content\/uploads\/2025\/01\/hashtag-noel-2024-\u00a9-lacroixvalmertourisme-2-200x150.jpeg 200w, https:\/\/www.lacroixvalmertourisme.com\/wp-content\/uploads\/2025\/01\/hashtag-noel-2024-\u00a9-lacroixvalmertourisme-2.jpeg 2048w\" \/><\/a><\/figure>\n<\/figure>\n","protected":false},"excerpt":{"rendered":"<p>Lorsque La Croix Valmer s&rsquo;illumine Pendant les f\u00eates de fin d\u2019ann\u00e9e, No\u00ebl illumine La Croix Valmer\u2026 Nous vous proposons un programme riche et vari\u00e9 \u00e0 ne pas manquer ! Du 1er au 31 d\u00e9cembre, vivez des exp\u00e9riences inoubliables autour de la magie de No\u00ebl\u2026 Un rendez-vous incontournable pour petits et grands Feu d&rsquo;artifice, spectacle de&#8230;<\/p>\n","protected":false},"author":4,"featured_media":19440,"parent":114,"menu_order":170,"comment_status":"closed","ping_status":"closed","template":"page-plage.blade.php","meta":{"_acf_changed":false,"_crdt_document":"","footnotes":""},"class_list":["post-26797","page","type-page","status-publish","has-post-thumbnail","hentry"],"acf":{"title_alignement":"","slogan":"","introduction":"","autoplay":false,"delay":"","video_mp4":false,"video_webm":false,"poster_image":false,"nugget":false,"pagepage-etendus":"none","pagepage-updown":false,"page-virtuelle":false,"mots-cles":""},"yoast_head":"<!-- This site is optimized with the Yoast SEO plugin v27.5 - https:\/\/yoast.com\/product\/yoast-seo-wordpress\/ -->\n<title>Festi Pichoun - La Croix-Valmer Tourisme<\/title>\n<meta name=\"robots\" content=\"index, follow, max-snippet:-1, max-image-preview:large, max-video-preview:-1\" \/>\n<link rel=\"canonical\" href=\"https:\/\/www.lacroixvalmertourisme.com\/fr\/sortir-se-divertir\/evenements\/les-grands-rendez-vous-croisien\/le-festi-pichoun\" \/>\n<meta property=\"og:locale\" content=\"fr_FR\" \/>\n<meta property=\"og:type\" content=\"article\" \/>\n<meta property=\"og:title\" content=\"Festi Pichoun - La Croix-Valmer Tourisme\" \/>\n<meta property=\"og:description\" content=\"Lorsque La Croix Valmer s&rsquo;illumine Pendant les f\u00eates de fin d\u2019ann\u00e9e, No\u00ebl illumine La Croix Valmer\u2026 Nous vous proposons un programme riche et vari\u00e9 \u00e0 ne pas manquer ! Du 1er au 31 d\u00e9cembre, vivez des exp\u00e9riences inoubliables autour de la magie de No\u00ebl\u2026 Un rendez-vous incontournable pour petits et grands Feu d&rsquo;artifice, spectacle de...\" \/>\n<meta property=\"og:url\" content=\"https:\/\/www.lacroixvalmertourisme.com\/fr\/sortir-se-divertir\/evenements\/les-grands-rendez-vous-croisien\/le-festi-pichoun\" \/>\n<meta property=\"og:site_name\" content=\"La Croix-Valmer Tourisme\" \/>\n<meta property=\"article:publisher\" content=\"https:\/\/www.facebook.com\/lacroixvalmertourisme\/\" \/>\n<meta property=\"article:modified_time\" content=\"2026-02-16T13:56:25+00:00\" \/>\n<meta property=\"og:image\" content=\"https:\/\/www.lacroixvalmertourisme.com\/wp-content\/uploads\/2025\/01\/parade-fantastic-sugar-\u00a9-lacroixvalmertourisme-31.jpeg\" \/>\n\t<meta property=\"og:image:width\" content=\"2048\" \/>\n\t<meta property=\"og:image:height\" content=\"1536\" \/>\n\t<meta property=\"og:image:type\" content=\"image\/jpeg\" \/>\n<meta name=\"twitter:card\" content=\"summary_large_image\" \/>\n<meta name=\"twitter:site\" content=\"@La_Croix_Valmer\" \/>\n<!-- \/ Yoast SEO plugin. -->","yoast_head_json":{"title":"Festi Pichoun - La Croix-Valmer Tourisme","robots":{"index":"index","follow":"follow","max-snippet":"max-snippet:-1","max-image-preview":"max-image-preview:large","max-video-preview":"max-video-preview:-1"},"canonical":"https:\/\/www.lacroixvalmertourisme.com\/fr\/sortir-se-divertir\/evenements\/les-grands-rendez-vous-croisien\/le-festi-pichoun","og_locale":"fr_FR","og_type":"article","og_title":"Festi Pichoun - La Croix-Valmer Tourisme","og_description":"Lorsque La Croix Valmer s&rsquo;illumine Pendant les f\u00eates de fin d\u2019ann\u00e9e, No\u00ebl illumine La Croix Valmer\u2026 Nous vous proposons un programme riche et vari\u00e9 \u00e0 ne pas manquer ! Du 1er au 31 d\u00e9cembre, vivez des exp\u00e9riences inoubliables autour de la magie de No\u00ebl\u2026 Un rendez-vous incontournable pour petits et grands Feu d&rsquo;artifice, spectacle de...","og_url":"https:\/\/www.lacroixvalmertourisme.com\/fr\/sortir-se-divertir\/evenements\/les-grands-rendez-vous-croisien\/le-festi-pichoun","og_site_name":"La Croix-Valmer Tourisme","article_publisher":"https:\/\/www.facebook.com\/lacroixvalmertourisme\/","article_modified_time":"2026-02-16T13:56:25+00:00","og_image":[{"width":2048,"height":1536,"url":"https:\/\/www.lacroixvalmertourisme.com\/wp-content\/uploads\/2025\/01\/parade-fantastic-sugar-\u00a9-lacroixvalmertourisme-31.jpeg","type":"image\/jpeg"}],"twitter_card":"summary_large_image","twitter_site":"@La_Croix_Valmer","schema":{"@context":"https:\/\/schema.org","@graph":[{"@type":"WebPage","@id":"https:\/\/www.lacroixvalmertourisme.com\/fr\/sortir-se-divertir\/evenements\/les-grands-rendez-vous-croisien\/le-festi-pichoun","url":"https:\/\/www.lacroixvalmertourisme.com\/fr\/sortir-se-divertir\/evenements\/les-grands-rendez-vous-croisien\/le-festi-pichoun","name":"Festi Pichoun - La Croix-Valmer Tourisme","isPartOf":{"@id":"https:\/\/www.lacroixvalmertourisme.com\/fr\/#website"},"primaryImageOfPage":{"@id":"https:\/\/www.lacroixvalmertourisme.com\/fr\/sortir-se-divertir\/evenements\/les-grands-rendez-vous-croisien\/le-festi-pichoun#primaryimage"},"image":{"@id":"https:\/\/www.lacroixvalmertourisme.com\/fr\/sortir-se-divertir\/evenements\/les-grands-rendez-vous-croisien\/le-festi-pichoun#primaryimage"},"thumbnailUrl":"https:\/\/www.lacroixvalmertourisme.com\/wp-content\/uploads\/2025\/01\/parade-fantastic-sugar-\u00a9-lacroixvalmertourisme-31.jpeg","datePublished":"2026-02-05T13:07:21+00:00","dateModified":"2026-02-16T13:56:25+00:00","breadcrumb":{"@id":"https:\/\/www.lacroixvalmertourisme.com\/fr\/sortir-se-divertir\/evenements\/les-grands-rendez-vous-croisien\/le-festi-pichoun#breadcrumb"},"inLanguage":"fr-FR","potentialAction":[{"@type":"ReadAction","target":["https:\/\/www.lacroixvalmertourisme.com\/fr\/sortir-se-divertir\/evenements\/les-grands-rendez-vous-croisien\/le-festi-pichoun"]}]},{"@type":"ImageObject","inLanguage":"fr-FR","@id":"https:\/\/www.lacroixvalmertourisme.com\/fr\/sortir-se-divertir\/evenements\/les-grands-rendez-vous-croisien\/le-festi-pichoun#primaryimage","url":"https:\/\/www.lacroixvalmertourisme.com\/wp-content\/uploads\/2025\/01\/parade-fantastic-sugar-\u00a9-lacroixvalmertourisme-31.jpeg","contentUrl":"https:\/\/www.lacroixvalmertourisme.com\/wp-content\/uploads\/2025\/01\/parade-fantastic-sugar-\u00a9-lacroixvalmertourisme-31.jpeg","width":2048,"height":1536,"caption":"la croix valmer tourisme office de tourisme d\u00e9corations illuminations no\u00ebl 2024"},{"@type":"BreadcrumbList","@id":"https:\/\/www.lacroixvalmertourisme.com\/fr\/sortir-se-divertir\/evenements\/les-grands-rendez-vous-croisien\/le-festi-pichoun#breadcrumb","itemListElement":[{"@type":"ListItem","position":1,"name":"Accueil","item":"https:\/\/www.lacroixvalmertourisme.com\/fr"},{"@type":"ListItem","position":2,"name":"Sortir","item":"https:\/\/www.lacroixvalmertourisme.com\/fr\/sortir-se-divertir"},{"@type":"ListItem","position":3,"name":"Agenda","item":"https:\/\/www.lacroixvalmertourisme.com\/fr\/sortir-se-divertir\/evenements"},{"@type":"ListItem","position":4,"name":"Les grands rendez-vous croisiens","item":"https:\/\/www.lacroixvalmertourisme.com\/fr\/sortir-se-divertir\/evenements\/les-grands-rendez-vous-croisien"},{"@type":"ListItem","position":5,"name":"Festi Pichoun"}]},{"@type":"WebSite","@id":"https:\/\/www.lacroixvalmertourisme.com\/fr\/#website","url":"https:\/\/www.lacroixvalmertourisme.com\/fr\/","name":"La Croix-Valmer Tourisme","description":"Toutes les informations touristiques pour organiser votre prochain s\u00e9jour \u00e0 La Croix Valmer dans le Golfe de Saint-Tropez","publisher":{"@id":"https:\/\/www.lacroixvalmertourisme.com\/fr\/#organization"},"potentialAction":[{"@type":"SearchAction","target":{"@type":"EntryPoint","urlTemplate":"https:\/\/www.lacroixvalmertourisme.com\/fr\/?s={search_term_string}"},"query-input":{"@type":"PropertyValueSpecification","valueRequired":true,"valueName":"search_term_string"}}],"inLanguage":"fr-FR"},{"@type":"Organization","@id":"https:\/\/www.lacroixvalmertourisme.com\/fr\/#organization","name":"Office de Tourisme de La Croix Valmer","url":"https:\/\/www.lacroixvalmertourisme.com\/fr\/","logo":{"@type":"ImageObject","inLanguage":"fr-FR","@id":"https:\/\/www.lacroixvalmertourisme.com\/fr\/#\/schema\/logo\/image\/","url":"https:\/\/www.lacroixvalmertourisme.com\/wp-content\/uploads\/2021\/06\/Logo_ot_bleu.png","contentUrl":"https:\/\/www.lacroixvalmertourisme.com\/wp-content\/uploads\/2021\/06\/Logo_ot_bleu.png","width":591,"height":454,"caption":"Office de Tourisme de La Croix Valmer"},"image":{"@id":"https:\/\/www.lacroixvalmertourisme.com\/fr\/#\/schema\/logo\/image\/"},"sameAs":["https:\/\/www.facebook.com\/lacroixvalmertourisme\/","https:\/\/x.com\/La_Croix_Valmer","https:\/\/www.instagram.com\/lacroixvalmer_tourisme\/"]}]}},"publishpress_future_workflow_manual_trigger":{"enabledWorkflows":[]},"_links":{"self":[{"href":"https:\/\/www.lacroixvalmertourisme.com\/fr\/wp-json\/wp\/v2\/pages\/26797","targetHints":{"allow":["GET"]}}],"collection":[{"href":"https:\/\/www.lacroixvalmertourisme.com\/fr\/wp-json\/wp\/v2\/pages"}],"about":[{"href":"https:\/\/www.lacroixvalmertourisme.com\/fr\/wp-json\/wp\/v2\/types\/page"}],"author":[{"embeddable":true,"href":"https:\/\/www.lacroixvalmertourisme.com\/fr\/wp-json\/wp\/v2\/users\/4"}],"replies":[{"embeddable":true,"href":"https:\/\/www.lacroixvalmertourisme.com\/fr\/wp-json\/wp\/v2\/comments?post=26797"}],"version-history":[{"count":6,"href":"https:\/\/www.lacroixvalmertourisme.com\/fr\/wp-json\/wp\/v2\/pages\/26797\/revisions"}],"predecessor-version":[{"id":26953,"href":"https:\/\/www.lacroixvalmertourisme.com\/fr\/wp-json\/wp\/v2\/pages\/26797\/revisions\/26953"}],"up":[{"embeddable":true,"href":"https:\/\/www.lacroixvalmertourisme.com\/fr\/wp-json\/wp\/v2\/pages\/114"}],"wp:featuredmedia":[{"embeddable":true,"href":"https:\/\/www.lacroixvalmertourisme.com\/fr\/wp-json\/wp\/v2\/media\/19440"}],"wp:attachment":[{"href":"https:\/\/www.lacroixvalmertourisme.com\/fr\/wp-json\/wp\/v2\/media?parent=26797"}],"curies":[{"name":"wp","href":"https:\/\/api.w.org\/{rel}","templated":true}]}}