{"id":23815,"date":"2025-07-11T16:43:27","date_gmt":"2025-07-11T14:43:27","guid":{"rendered":"https:\/\/www.lacroixvalmertourisme.com\/?page_id=23815"},"modified":"2025-12-14T17:38:53","modified_gmt":"2025-12-14T16:38:53","slug":"declaration-daccessibilite","status":"publish","type":"page","link":"https:\/\/www.lacroixvalmertourisme.com\/fr\/declaration-daccessibilite","title":{"rendered":"D\u00e9claration d&rsquo;accessibilit\u00e9"},"content":{"rendered":"\n<div class=\"wp-block-group is-layout-constrained wp-block-group-is-layout-constrained\">\n<p class=\"wp-block-paragraph\">L&rsquo;Office de Tourisme de La Croix Valmer s\u2019engage \u00e0 rendre son site internet accessible conform\u00e9ment \u00e0 l\u2019article 47 de la loi n\u00b02005-102 du 11 f\u00e9vrier 2005.<\/p>\n\n\n\n<p class=\"wp-block-paragraph\">Cette d\u00e9claration d\u2019accessibilit\u00e9 s\u2019applique au site Internet <a href=\"https:\/\/www.lacroixvalmertourisme.com\/\">https:\/\/www.lacroixvalmertourisme.com\/<\/a>.<\/p>\n\n\n\n<h2 class=\"wp-block-heading\">\u00c9tat de conformit\u00e9<\/h2>\n\n\n\n<p class=\"wp-block-paragraph\">Le site <a href=\"https:\/\/www.lacroixvalmertourisme.com\/\">https:\/\/www.lacroixvalmertourisme.com\/<\/a> est partiellement conforme avec le r\u00e9f\u00e9rentiel g\u00e9n\u00e9ral d\u2019am\u00e9lioration de l\u2019accessibilit\u00e9 (RGAA), version 4.1.2 en raison des non-conformit\u00e9s et des d\u00e9rogations \u00e9num\u00e9r\u00e9es ci-dessous.<\/p>\n\n\n\n<h2 class=\"wp-block-heading\">R\u00e9sultat des tests<\/h2>\n\n\n\n<p class=\"wp-block-paragraph\">L\u2019audit d\u2019accessibilit\u00e9 a \u00e9t\u00e9 r\u00e9alis\u00e9 le 27 octobre 2025, mis \u00e0 jour le 14 d\u00e9cembre 2025, sur un \u00e9chantillon repr\u00e9sentatif de 10 pages r\u00e9v\u00e8le que :<\/p>\n\n\n\n<ul class=\"wp-block-list\">\n<li>79% des crit\u00e8res du RGAA version 4.1.2 sont respect\u00e9s ;<\/li>\n\n\n\n<li>Pour information, le taux moyen de conformit\u00e9 du site s\u2019\u00e9l\u00e8ve \u00e0 85,8% ;<\/li>\n<\/ul>\n\n\n\n<h3 class=\"wp-block-heading\">Pages du site ayant fait l\u2019objet de la v\u00e9rification de conformit\u00e9<\/h3>\n\n\n\n<figure class=\"wp-block-table is-style-regular\"><table><thead><tr><th><strong>Nom<\/strong><\/th><th><strong>Url<\/strong><\/th><th><strong>\u00c9l\u00e9ments significatifs<\/strong><\/th><\/tr><\/thead><tbody><tr><td>Accueil<\/td><td><a href=\"https:\/\/www.lacroixvalmertourisme.com\/\">https:\/\/www.lacroixvalmertourisme.com\/<\/a><\/td><td>Page obligatoire<\/td><\/tr><tr><td>Contact<\/td><td><a href=\"https:\/\/www.lacroixvalmertourisme.com\/fr\/contact\">https:\/\/www.lacroixvalmertourisme.com\/fr\/contact<\/a><\/td><td>Page obligatoire<\/td><\/tr><tr><td>Mentions l\u00e9gales<\/td><td><a href=\"https:\/\/www.lacroixvalmertourisme.com\/fr\/mentions-legales\">https:\/\/www.lacroixvalmertourisme.com\/fr\/mentions-legales<\/a><\/td><td>Page obligatoire<\/td><\/tr><tr><td>Accessibilit\u00e9<\/td><td><a href=\"https:\/\/www.lacroixvalmertourisme.com\/fr\/declaration-daccessibilite\">https:\/\/www.lacroixvalmertourisme.com\/fr\/declaration-daccessibilite<\/a><\/td><td>Page obligatoire<\/td><\/tr><tr><td>Rechercher<\/td><td><a href=\"https:\/\/www.lacroixvalmertourisme.com\/fr\/search\">https:\/\/www.lacroixvalmertourisme.com\/fr\/search<\/a><\/td><td>Page de recherche et page des r\u00e9sultats de recherche<\/td><\/tr><tr><td>Ev\u00e8nements<\/td><td><a href=\"https:\/\/www.lacroixvalmertourisme.com\/fr\/sortir-se-divertir\/evenements\">https:\/\/www.lacroixvalmertourisme.com\/fr\/sortir-se-divertir\/evenements<\/a><\/td><td>Page des \u00e9v\u00e8nements<\/td><\/tr><tr><td>H\u00e9bergement<\/td><td><a href=\"https:\/\/www.lacroixvalmertourisme.com\/fr\/hebergement\/hotel-restaurant\/la-croix-valmer\/lily-of-the-valley-5241511\">https:\/\/www.lacroixvalmertourisme.com\/fr\/hebergement\/hotel-restaurant\/la-croix-valmer\/lily-of-the-valley-5241511<\/a><\/td><td>Page d&rsquo;un h\u00e9bergement<\/td><\/tr><tr><td>Pour vos vacances<\/td><td><a href=\"https:\/\/www.lacroixvalmertourisme.com\/fr\/decouvrir-et-s-evader\/destination-responsable\/mettre-du-vert-dans-vos-vacances\">https:\/\/www.lacroixvalmertourisme.com\/fr\/decouvrir-et-s-evader\/destination-responsable\/mettre-du-vert-dans-vos-vacances<\/a><\/td><td>Page \u00e9ditoriale<\/td><\/tr><tr><td>Pour ne prendre aucun risque<\/td><td><a href=\"https:\/\/www.lacroixvalmertourisme.com\/fr\/pour-ne-prendre-aucun-risque\">https:\/\/www.lacroixvalmertourisme.com\/fr\/pour-ne-prendre-aucun-risque<\/a><\/td><td>Page divers<\/td><\/tr><tr><td>Documentation<\/td><td><a href=\"https:\/\/www.lacroixvalmertourisme.com\/fr\/brochures\">https:\/\/www.lacroixvalmertourisme.com\/fr\/brochures<\/a><\/td><td>Page de t\u00e9l\u00e9chargement de la documentation<\/td><\/tr><\/tbody><\/table><\/figure>\n\n\n\n<h3 class=\"wp-block-heading\">Environnement de test et outils pour \u00e9valuer l\u2019accessibilit\u00e9<\/h3>\n\n\n\n<ul class=\"wp-block-list\">\n<li>Test manuel bas\u00e9 sur le RGAA 4.1.2 (crit\u00e8res et tests)<\/li>\n\n\n\n<li>Moteur de rendu : Blink, Gecko&nbsp;<\/li>\n\n\n\n<li>Outils d\u2019analyse : Chrome version 141, Firefox version 144, Web Developer version 3.0.1 (extension), Color Contrast Analyzer version 3.5.4&nbsp;<\/li>\n\n\n\n<li>Lecteurs d\u2019\u00e9cran : NVDA version 2024.4.2, JAWS 2025.2505.43<\/li>\n<\/ul>\n\n\n\n<h3 class=\"wp-block-heading\">Contenus non accessibles<\/h3>\n\n\n\n<p class=\"wp-block-paragraph\">Malgr\u00e9 nos efforts, certains contenus ne sont pas encore accessibles :<\/p>\n\n\n\n<ul class=\"wp-block-list\">\n<li><strong>Images<\/strong>\n<ul class=\"wp-block-list\">\n<li>Des images contenant du texte ne sont pas accompagn\u00e9es d&rsquo;une alternative textuelle restituant l&rsquo;information, ou celles-ci ne sont pas pertinentes ou trop longues.<\/li>\n\n\n\n<li>Des images contenant des informations complexes ne disposent pas de description d\u00e9taill\u00e9e.<\/li>\n<\/ul>\n<\/li>\n\n\n\n<li><strong>Liens<\/strong>\n<ul class=\"wp-block-list\">\n<li>Certains liens ne poss\u00e8dent pas d&rsquo;intitul\u00e9 accessible ou leurs intitul\u00e9s ne sont pas pertinents.<\/li>\n\n\n\n<li>Des liens vers des contenus multim\u00e9dias ne pr\u00e9cisent pas le type de ressource.<\/li>\n<\/ul>\n<\/li>\n\n\n\n<li><strong>Formulaires<\/strong>\n<ul class=\"wp-block-list\">\n<li>Des champs de formulaire ne poss\u00e8dent pas d&rsquo;\u00e9tiquette visible.<\/li>\n\n\n\n<li>L&rsquo;attribut autocomplete est absent sur certains champs de saisie.<\/li>\n<\/ul>\n<\/li>\n\n\n\n<li><strong>Multim\u00e9dia<\/strong>\n<ul class=\"wp-block-list\">\n<li>Des contenus vid\u00e9o ne disposent pas d&rsquo;audiodescription synchronis\u00e9e ni de transcription textuelle.<\/li>\n<\/ul>\n<\/li>\n\n\n\n<li><strong>Navigation<\/strong>\n<ul class=\"wp-block-list\">\n<li>Le menu de navigation principal n&rsquo;est pas accessible lorsque JavaScript est d\u00e9sactiv\u00e9.<\/li>\n<\/ul>\n<\/li>\n\n\n\n<li><strong>Consultation<\/strong>\n<ul class=\"wp-block-list\">\n<li>Des passages de texte dans une langue \u00e9trang\u00e8re ne sont pas identifi\u00e9s par l&rsquo;attribut lang appropri\u00e9.<\/li>\n<\/ul>\n<\/li>\n<\/ul>\n\n\n\n<h3 class=\"wp-block-heading\">D\u00e9rogations pour charge disproportionn\u00e9e<\/h3>\n\n\n\n<ul class=\"wp-block-list\">\n<li>Aucune d\u00e9rogation<\/li>\n<\/ul>\n\n\n\n<h3 class=\"wp-block-heading\">Contenus non soumis \u00e0 l\u2019obligation d\u2019accessibilit\u00e9<\/h3>\n\n\n\n<ul class=\"wp-block-list\">\n<li>Les contenus de tiers qui ne sont ni financ\u00e9s ni d\u00e9velopp\u00e9s par l\u2019organisme concern\u00e9 et qui ne sont pas sous son contr\u00f4le (cadre en ligne, lecteur Youtube, cartographie).<\/li>\n\n\n\n<li>Les fichiers disponibles dans des formats bureautiques publi\u00e9s avant le 23 septembre 2018, sauf s\u2019ils sont n\u00e9cessaires \u00e0 l\u2019accomplissement d\u2019une d\u00e9marche administrative relevant des t\u00e2ches effectu\u00e9es par l\u2019organisme concern\u00e9.<\/li>\n\n\n\n<li>Les contenus audio et vid\u00e9o pr\u00e9enregistr\u00e9s, y compris ceux comprenant des composants interactifs, publi\u00e9s avant le 23 septembre 2020.<\/li>\n<\/ul>\n\n\n\n<h2 class=\"wp-block-heading\">\u00c9tablissement de cette d\u00e9claration<\/h2>\n\n\n\n<p class=\"wp-block-paragraph\">Cette d\u00e9claration a \u00e9t\u00e9 \u00e9tablie le 27 octobre 2025, sur la base d\u2019un audit complet r\u00e9alis\u00e9 par un prestataire externe.<\/p>\n\n\n\n<h2 class=\"wp-block-heading\">Retour d\u2019information et contact<\/h2>\n\n\n\n<p class=\"wp-block-paragraph\">Si vous n\u2019arrivez pas \u00e0 acc\u00e9der \u00e0 un contenu ou si vous constatez un d\u00e9faut d\u2019accessibilit\u00e9, vous pouvez contacter le responsable du site internet pour \u00eatre orient\u00e9 vers une alternative accessible ou obtenir le contenu sous une autre forme.<\/p>\n\n\n\n<p class=\"wp-block-paragraph\"><a href=\"https:\/\/www.lacroixvalmertourisme.com\/fr\/contact\">Envoyer un message<\/a><\/p>\n\n\n\n<h2 class=\"wp-block-heading\">Voies de recours<\/h2>\n\n\n\n<p class=\"wp-block-paragraph\">Si vous constatez un d\u00e9faut d\u2019accessibilit\u00e9 vous emp\u00eachant d\u2019acc\u00e9der \u00e0 un contenu ou une fonctionnalit\u00e9 du site, que vous nous le signalez et que vous ne parvenez pas \u00e0 obtenir une r\u00e9ponse de notre part, vous \u00eates en droit de faire parvenir vos dol\u00e9ances ou une demande de saisine au D\u00e9fenseur des droits.<\/p>\n\n\n\n<p class=\"wp-block-paragraph\">Plusieurs moyens sont \u00e0 votre disposition :<\/p>\n\n\n\n<ul class=\"wp-block-list\">\n<li>\u00c9crire un message au D\u00e9fenseur des droits (<a href=\"https:\/\/formulaire.defenseurdesdroits.fr\/\">formulaire.defenseurdesdroits.fr<\/a>)<\/li>\n\n\n\n<li>Contacter le d\u00e9l\u00e9gu\u00e9 du D\u00e9fenseur des droits pr\u00e8s de chez vous (<a href=\"https:\/\/defenseurdesdroits.fr\/saisir\/delegues\">defenseurdesdroits.fr\/saisir\/delegues<\/a>)<\/li>\n\n\n\n<li>Envoyer un courrier par la poste (gratuit, ne pas mettre de timbre) :<\/li>\n<\/ul>\n\n\n\n<p class=\"wp-block-paragraph\">D\u00e9fenseur des droits<br>Libre r\u00e9ponse 71120<br>75342 Paris CEDEX 07<\/p>\n<\/div>\n","protected":false},"excerpt":{"rendered":"<p>L&rsquo;Office de Tourisme de La Croix Valmer s\u2019engage \u00e0 rendre son site internet accessible conform\u00e9ment \u00e0 l\u2019article 47 de la loi n\u00b02005-102 du 11 f\u00e9vrier 2005. Cette d\u00e9claration d\u2019accessibilit\u00e9 s\u2019applique au site Internet https:\/\/www.lacroixvalmertourisme.com\/. \u00c9tat de conformit\u00e9 Le site https:\/\/www.lacroixvalmertourisme.com\/ est partiellement conforme avec le r\u00e9f\u00e9rentiel g\u00e9n\u00e9ral d\u2019am\u00e9lioration de l\u2019accessibilit\u00e9 (RGAA), version 4.1.2 en raison&#8230;<\/p>\n","protected":false},"author":2,"featured_media":0,"parent":0,"menu_order":281,"comment_status":"closed","ping_status":"closed","template":"","meta":{"_acf_changed":false,"_crdt_document":"","footnotes":"[]"},"class_list":["post-23815","page","type-page","status-publish","hentry"],"acf":{"title_alignement":"","slogan":"","introduction":"","autoplay":false,"delay":"","video_mp4":false,"video_webm":false,"poster_image":false,"nugget":false,"mots-cles":"","pagepage-etendus":"none","pagepage-updown":false,"page-virtuelle":false},"yoast_head":"<!-- This site is optimized with the Yoast SEO plugin v27.5 - https:\/\/yoast.com\/product\/yoast-seo-wordpress\/ -->\n<title>D\u00e9claration d&#039;accessibilit\u00e9 - La Croix-Valmer Tourisme<\/title>\n<meta name=\"robots\" content=\"index, follow, max-snippet:-1, max-image-preview:large, max-video-preview:-1\" \/>\n<link rel=\"canonical\" href=\"https:\/\/www.lacroixvalmertourisme.com\/fr\/declaration-daccessibilite\" \/>\n<meta property=\"og:locale\" content=\"fr_FR\" \/>\n<meta property=\"og:type\" content=\"article\" \/>\n<meta property=\"og:title\" content=\"D\u00e9claration d&#039;accessibilit\u00e9 - La Croix-Valmer Tourisme\" \/>\n<meta property=\"og:description\" content=\"L&rsquo;Office de Tourisme de La Croix Valmer s\u2019engage \u00e0 rendre son site internet accessible conform\u00e9ment \u00e0 l\u2019article 47 de la loi n\u00b02005-102 du 11 f\u00e9vrier 2005. Cette d\u00e9claration d\u2019accessibilit\u00e9 s\u2019applique au site Internet https:\/\/www.lacroixvalmertourisme.com\/. \u00c9tat de conformit\u00e9 Le site https:\/\/www.lacroixvalmertourisme.com\/ est partiellement conforme avec le r\u00e9f\u00e9rentiel g\u00e9n\u00e9ral d\u2019am\u00e9lioration de l\u2019accessibilit\u00e9 (RGAA), version 4.1.2 en raison...\" \/>\n<meta property=\"og:url\" content=\"https:\/\/www.lacroixvalmertourisme.com\/fr\/declaration-daccessibilite\" \/>\n<meta property=\"og:site_name\" content=\"La Croix-Valmer Tourisme\" \/>\n<meta property=\"article:publisher\" content=\"https:\/\/www.facebook.com\/lacroixvalmertourisme\/\" \/>\n<meta property=\"article:modified_time\" content=\"2025-12-14T16:38:53+00:00\" \/>\n<meta name=\"twitter:card\" content=\"summary_large_image\" \/>\n<meta name=\"twitter:site\" content=\"@La_Croix_Valmer\" \/>\n<meta name=\"twitter:label1\" content=\"Dur\u00e9e de lecture estim\u00e9e\" \/>\n\t<meta name=\"twitter:data1\" content=\"4 minutes\" \/>\n<!-- \/ Yoast SEO plugin. -->","yoast_head_json":{"title":"D\u00e9claration d'accessibilit\u00e9 - La Croix-Valmer Tourisme","robots":{"index":"index","follow":"follow","max-snippet":"max-snippet:-1","max-image-preview":"max-image-preview:large","max-video-preview":"max-video-preview:-1"},"canonical":"https:\/\/www.lacroixvalmertourisme.com\/fr\/declaration-daccessibilite","og_locale":"fr_FR","og_type":"article","og_title":"D\u00e9claration d'accessibilit\u00e9 - La Croix-Valmer Tourisme","og_description":"L&rsquo;Office de Tourisme de La Croix Valmer s\u2019engage \u00e0 rendre son site internet accessible conform\u00e9ment \u00e0 l\u2019article 47 de la loi n\u00b02005-102 du 11 f\u00e9vrier 2005. Cette d\u00e9claration d\u2019accessibilit\u00e9 s\u2019applique au site Internet https:\/\/www.lacroixvalmertourisme.com\/. \u00c9tat de conformit\u00e9 Le site https:\/\/www.lacroixvalmertourisme.com\/ est partiellement conforme avec le r\u00e9f\u00e9rentiel g\u00e9n\u00e9ral d\u2019am\u00e9lioration de l\u2019accessibilit\u00e9 (RGAA), version 4.1.2 en raison...","og_url":"https:\/\/www.lacroixvalmertourisme.com\/fr\/declaration-daccessibilite","og_site_name":"La Croix-Valmer Tourisme","article_publisher":"https:\/\/www.facebook.com\/lacroixvalmertourisme\/","article_modified_time":"2025-12-14T16:38:53+00:00","twitter_card":"summary_large_image","twitter_site":"@La_Croix_Valmer","twitter_misc":{"Dur\u00e9e de lecture estim\u00e9e":"4 minutes"},"schema":{"@context":"https:\/\/schema.org","@graph":[{"@type":"WebPage","@id":"https:\/\/www.lacroixvalmertourisme.com\/fr\/declaration-daccessibilite","url":"https:\/\/www.lacroixvalmertourisme.com\/fr\/declaration-daccessibilite","name":"D\u00e9claration d'accessibilit\u00e9 - La Croix-Valmer Tourisme","isPartOf":{"@id":"https:\/\/www.lacroixvalmertourisme.com\/fr\/#website"},"datePublished":"2025-07-11T14:43:27+00:00","dateModified":"2025-12-14T16:38:53+00:00","breadcrumb":{"@id":"https:\/\/www.lacroixvalmertourisme.com\/fr\/declaration-daccessibilite#breadcrumb"},"inLanguage":"fr-FR","potentialAction":[{"@type":"ReadAction","target":["https:\/\/www.lacroixvalmertourisme.com\/fr\/declaration-daccessibilite"]}]},{"@type":"BreadcrumbList","@id":"https:\/\/www.lacroixvalmertourisme.com\/fr\/declaration-daccessibilite#breadcrumb","itemListElement":[{"@type":"ListItem","position":1,"name":"Accueil","item":"https:\/\/www.lacroixvalmertourisme.com\/fr"},{"@type":"ListItem","position":2,"name":"D\u00e9claration d&rsquo;accessibilit\u00e9"}]},{"@type":"WebSite","@id":"https:\/\/www.lacroixvalmertourisme.com\/fr\/#website","url":"https:\/\/www.lacroixvalmertourisme.com\/fr\/","name":"La Croix-Valmer Tourisme","description":"Toutes les informations touristiques pour organiser votre prochain s\u00e9jour \u00e0 La Croix Valmer dans le Golfe de Saint-Tropez","publisher":{"@id":"https:\/\/www.lacroixvalmertourisme.com\/fr\/#organization"},"potentialAction":[{"@type":"SearchAction","target":{"@type":"EntryPoint","urlTemplate":"https:\/\/www.lacroixvalmertourisme.com\/fr\/?s={search_term_string}"},"query-input":{"@type":"PropertyValueSpecification","valueRequired":true,"valueName":"search_term_string"}}],"inLanguage":"fr-FR"},{"@type":"Organization","@id":"https:\/\/www.lacroixvalmertourisme.com\/fr\/#organization","name":"Office de Tourisme de La Croix Valmer","url":"https:\/\/www.lacroixvalmertourisme.com\/fr\/","logo":{"@type":"ImageObject","inLanguage":"fr-FR","@id":"https:\/\/www.lacroixvalmertourisme.com\/fr\/#\/schema\/logo\/image\/","url":"https:\/\/www.lacroixvalmertourisme.com\/wp-content\/uploads\/2021\/06\/Logo_ot_bleu.png","contentUrl":"https:\/\/www.lacroixvalmertourisme.com\/wp-content\/uploads\/2021\/06\/Logo_ot_bleu.png","width":591,"height":454,"caption":"Office de Tourisme de La Croix Valmer"},"image":{"@id":"https:\/\/www.lacroixvalmertourisme.com\/fr\/#\/schema\/logo\/image\/"},"sameAs":["https:\/\/www.facebook.com\/lacroixvalmertourisme\/","https:\/\/x.com\/La_Croix_Valmer","https:\/\/www.instagram.com\/lacroixvalmer_tourisme\/"]}]}},"publishpress_future_workflow_manual_trigger":{"enabledWorkflows":[]},"_links":{"self":[{"href":"https:\/\/www.lacroixvalmertourisme.com\/fr\/wp-json\/wp\/v2\/pages\/23815","targetHints":{"allow":["GET"]}}],"collection":[{"href":"https:\/\/www.lacroixvalmertourisme.com\/fr\/wp-json\/wp\/v2\/pages"}],"about":[{"href":"https:\/\/www.lacroixvalmertourisme.com\/fr\/wp-json\/wp\/v2\/types\/page"}],"author":[{"embeddable":true,"href":"https:\/\/www.lacroixvalmertourisme.com\/fr\/wp-json\/wp\/v2\/users\/2"}],"replies":[{"embeddable":true,"href":"https:\/\/www.lacroixvalmertourisme.com\/fr\/wp-json\/wp\/v2\/comments?post=23815"}],"version-history":[{"count":9,"href":"https:\/\/www.lacroixvalmertourisme.com\/fr\/wp-json\/wp\/v2\/pages\/23815\/revisions"}],"predecessor-version":[{"id":25968,"href":"https:\/\/www.lacroixvalmertourisme.com\/fr\/wp-json\/wp\/v2\/pages\/23815\/revisions\/25968"}],"wp:attachment":[{"href":"https:\/\/www.lacroixvalmertourisme.com\/fr\/wp-json\/wp\/v2\/media?parent=23815"}],"curies":[{"name":"wp","href":"https:\/\/api.w.org\/{rel}","templated":true}]}}