{"id":225,"date":"2021-04-13T12:31:04","date_gmt":"2021-04-13T10:31:04","guid":{"rendered":"https:\/\/www.lacroixvalmertourisme.com\/?page_id=225"},"modified":"2026-01-13T12:45:09","modified_gmt":"2026-01-13T11:45:09","slug":"venir-transports-stationnement","status":"publish","type":"page","link":"https:\/\/www.lacroixvalmertourisme.com\/fr\/venir-transports-stationnement","title":{"rendered":"Venir.Se d\u00e9placer. Stationner.Navette"},"content":{"rendered":"\n<div class=\"wp-block-group alignwide is-layout-constrained wp-block-group-is-layout-constrained\">\n<p class=\"has-text-align-center has-xl-font-size wp-block-paragraph\">Pour tout savoir sur comment venir, stationner, recharger son v\u00e9hicule \u00e9lectrique,<br>se d\u00e9placer \u00e0 La Croix Valmer\u2026 c&rsquo;est ici !<\/p>\n\n\n<div class=\"relative wp-block-fmz-slider alignfull\">\n<div class=\"wp-block-query alignfull is-layout-flow wp-block-query-is-layout-flow fmz-slider-1864197865759720 swiper\"><ul class=\"swiper-wrapper\"><li class=\"wp-block-post post-7522 page type-page status-publish has-post-thumbnail hentry swiper-slide\">\n\n<div class=\"wp-block-cover has-custom-content-position is-position-bottom-left\" style=\"padding-top:var(--wp--preset--spacing--60);padding-right:var(--wp--preset--spacing--60);padding-bottom:var(--wp--preset--spacing--60);padding-left:var(--wp--preset--spacing--60)\"><span aria-hidden=\"true\" class=\"wp-block-cover__background has-background-dim wp-block-cover__gradient-background has-background-gradient has-bg-gradient-to-black-bottom-gradient-background\"><\/span><img loading=\"lazy\" decoding=\"async\" width=\"1024\" height=\"768\" src=\"https:\/\/www.lacroixvalmertourisme.com\/wp-content\/uploads\/2023\/07\/navette-2023-5-1024x768.jpg\" class=\"wp-block-cover__image-background wp-post-image\" alt=\"\" data-object-fit=\"cover\"   \/><div class=\"wp-block-cover__inner-container is-layout-constrained wp-container-core-cover-is-layout-11859842 wp-block-cover-is-layout-constrained\"><h2 class=\"wp-block-post-title\"><a href=\"https:\/\/www.lacroixvalmertourisme.com\/fr\/venir-transports-stationnement\/navette-gratuite-estivale-et-nocturne\" target=\"_self\" >Navette estivale<\/a><\/h2><\/div><\/div>\n\n<\/li><li class=\"wp-block-post post-19939 page type-page status-publish has-post-thumbnail hentry swiper-slide\">\n\n<div class=\"wp-block-cover has-custom-content-position is-position-bottom-left\" style=\"padding-top:var(--wp--preset--spacing--60);padding-right:var(--wp--preset--spacing--60);padding-bottom:var(--wp--preset--spacing--60);padding-left:var(--wp--preset--spacing--60)\"><span aria-hidden=\"true\" class=\"wp-block-cover__background has-background-dim wp-block-cover__gradient-background has-background-gradient has-bg-gradient-to-black-bottom-gradient-background\"><\/span><img loading=\"lazy\" decoding=\"async\" width=\"768\" height=\"1024\" src=\"https:\/\/www.lacroixvalmertourisme.com\/wp-content\/uploads\/2025\/01\/stationnement2021\u00a9la-croix-valmertourisme-1-768x1024.jpg\" class=\"wp-block-cover__image-background wp-post-image\" alt=\"borne stationnement parkings la croix Valmer plage du d\u00e9barquement\" data-object-fit=\"cover\"   \/><div class=\"wp-block-cover__inner-container is-layout-constrained wp-container-core-cover-is-layout-11859842 wp-block-cover-is-layout-constrained\"><h2 class=\"wp-block-post-title\"><a href=\"https:\/\/www.lacroixvalmertourisme.com\/fr\/venir-transports-stationnement\/stationner\" target=\"_self\" >Stationner<\/a><\/h2><\/div><\/div>\n\n<\/li><li class=\"wp-block-post post-19957 page type-page status-publish has-post-thumbnail hentry swiper-slide\">\n\n<div class=\"wp-block-cover has-custom-content-position is-position-bottom-left\" style=\"padding-top:var(--wp--preset--spacing--60);padding-right:var(--wp--preset--spacing--60);padding-bottom:var(--wp--preset--spacing--60);padding-left:var(--wp--preset--spacing--60)\"><span aria-hidden=\"true\" class=\"wp-block-cover__background has-background-dim wp-block-cover__gradient-background has-background-gradient has-bg-gradient-to-black-bottom-gradient-background\"><\/span><img loading=\"lazy\" decoding=\"async\" width=\"768\" height=\"1024\" src=\"https:\/\/www.lacroixvalmertourisme.com\/wp-content\/uploads\/2021\/05\/240421pistecyclable\u00a9lacroixvalmertourisme-13-768x1024.jpg\" class=\"wp-block-cover__image-background wp-post-image\" alt=\"\" data-object-fit=\"cover\"   \/><div class=\"wp-block-cover__inner-container is-layout-constrained wp-container-core-cover-is-layout-11859842 wp-block-cover-is-layout-constrained\"><h2 class=\"wp-block-post-title\"><a href=\"https:\/\/www.lacroixvalmertourisme.com\/fr\/venir-transports-stationnement\/la-croix-valmer-en-2-roues\" target=\"_self\" >La Croix Valmer en 2 roues<\/a><\/h2><\/div><\/div>\n\n<\/li><\/ul><\/div>\n<div class=\"swiper-prev-1864197865759720\"><div class=\"fa-4x h-full flex items-center absolute z-10 top-1\/2 -translate-x-1\/2 -translate-y-1\/2 left-0 right-auto cursor-pointer\">\r\n\t\t<span class=\"fa-layers fa-fw z-10\">\r\n\t\t\t<i class=\"fa-solid fa-circle text-white dark:text-black\"><\/i>\r\n\t\t\t<i class=\"fa-light fa-angle-left text-black dark:text-white\" data-fa-transform=\"shrink-6\"><\/i>\r\n\t\t<\/span>\r\n\t<\/div><\/div><div class=\"swiper-next-1864197865759720\"><div class=\"fa-4x h-full flex items-center absolute z-10 top-1\/2 translate-x-1\/2 -translate-y-1\/2 right-0 left-auto cursor-pointer\">\r\n\t\t<span class=\"fa-layers fa-fw z-10\">\r\n\t\t\t<i class=\"fa-solid fa-circle text-white dark:text-black\"><\/i>\r\n\t\t\t<i class=\"fa-light fa-angle-right text-black dark:text-white\" data-fa-transform=\"shrink-6\"><\/i>\r\n\t\t<\/span>\r\n\t<\/div><\/div><\/div><div class=\"fmz-slider-thumbs-container-1864197865759720 wp-block-fmz-slider alignfull\"><\/div>\r\n\t<script>\r\n\t\t\t\tnew Swiper('.fmz-slider-1864197865759720', {\r\n\t\t\t\n        \n        slidesPerView: 1,\n        spaceBetween: 20,\n        centeredSlides: false,\n        speed: 300,\n        loop: false,\n\t\t\t\tdirection: 'horizontal',\n\t\t\t\teffect: 'slide',\n        breakpoints:{ \n          576: { \n            slidesPerView: 2,\n            spaceBetween: 20,\n\t\t\t\t\t\tcenteredSlides: false,\n          }, \n          992: { \n            slidesPerView: 3,\n            spaceBetween: 20,\n\t\t\t\t\t\tcenteredSlides: false,\n          },\n          1200: {\n            slidesPerView: 3,\n            spaceBetween: 20,\n\t\t\t\t\t\tcenteredSlides: false,\n          },\n          1400: {\n            slidesPerView: 3,\n            spaceBetween: 20,\n\t\t\t\t\t\tcenteredSlides: false,\n          }\n        }\n      ,\r\n\t\t\t\t\t\t\tnavigation: { \r\n\t\t\t\t\tnextEl: '.swiper-next-1864197865759720', \r\n\t\t\t\t\tprevEl: '.swiper-prev-1864197865759720'\r\n\t\t\t\t},\r\n\t\t\t\t\t\t\t\t\ta11y: {\r\n\t\t\t\tenabled: true,\r\n\t\t\t\tprevSlideMessage: 'Diapositive pr\u00e9c\u00e9dente',\r\n\t\t\t\tnextSlideMessage: 'Diapositive suivante',\r\n\t\t\t\tfirstSlideMessage: 'Premi\u00e8re diapositive',\r\n\t\t\t\tlastSlideMessage: 'Derni\u00e8re diapositive',\r\n\t\t\t\tpaginationBulletMessage: 'Diapositive {{index}}',\r\n\t\t\t},\r\n\t\t\t\t\t\twatchSlidesProgress: true,\r\n\t\t\twatchOverflow: true\r\n\t\t} )\r\n\t<\/script>\r\n\t\r\n\t\n\n\n<h2 class=\"wp-block-heading has-text-align-center has-slate-700-color has-text-color has-script-font-family has-5-xl-font-size\"><strong>Venir<\/strong><\/h2>\n\n\n\n<div style=\"height:37px\" aria-hidden=\"true\" class=\"wp-block-spacer\"><\/div>\n\n\n\n<div class=\"wp-block-columns alignfull is-layout-flex wp-container-core-columns-is-layout-0defc3be wp-block-columns-is-layout-flex\">\n<div class=\"wp-block-column is-layout-flow wp-block-column-is-layout-flow\">\n<figure class=\"wp-block-image aligncenter size-full is-resized\"><a data-caption=\"auto\" href=\"https:\/\/www.lacroixvalmertourisme.com\/wp-content\/uploads\/2025\/01\/auto.png\" data-fancybox=\"gallery\"><img loading=\"lazy\" decoding=\"async\" width=\"500\" height=\"500\" sizes=\"auto, (max-width: 500px) 100vw, 500px\" data-tippy-content=\"auto\" src=\"https:\/\/www.lacroixvalmertourisme.com\/wp-content\/uploads\/2025\/01\/auto.png\" alt=\"auto la croix valmer\" class=\"wp-image-19915\" style=\"width:100px\" srcset=\"https:\/\/www.lacroixvalmertourisme.com\/wp-content\/uploads\/2025\/01\/auto.png 500w, https:\/\/www.lacroixvalmertourisme.com\/wp-content\/uploads\/2025\/01\/auto-300x300.png 300w, https:\/\/www.lacroixvalmertourisme.com\/wp-content\/uploads\/2025\/01\/auto-150x150.png 150w\" \/><\/a><\/figure>\n\n\n\n<p class=\"has-text-align-center has-slate-700-color has-text-color has-link-color wp-elements-334edfb2e6b97cf5e37a802e5069253b wp-block-paragraph\"><strong>Autoroute A8<\/strong><br>Sortie Le Cannet des Maures \/ Le Luc ou sortie Le Muy \/ Sainte-Maxime<\/p>\n<\/div>\n\n\n\n<div class=\"wp-block-column is-layout-flow wp-block-column-is-layout-flow\">\n<figure class=\"wp-block-image aligncenter size-full is-resized\"><a data-caption=\"sncf\" href=\"https:\/\/www.lacroixvalmertourisme.com\/wp-content\/uploads\/2025\/01\/sncf-edited.png\" data-fancybox=\"gallery\"><img loading=\"lazy\" decoding=\"async\" width=\"500\" height=\"375\" sizes=\"auto, (max-width: 500px) 100vw, 500px\" data-tippy-content=\"sncf\" src=\"https:\/\/www.lacroixvalmertourisme.com\/wp-content\/uploads\/2025\/01\/sncf-edited.png\" alt=\"icon tgv train\" class=\"wp-image-19925\" style=\"width:150px;height:auto\" srcset=\"https:\/\/www.lacroixvalmertourisme.com\/wp-content\/uploads\/2025\/01\/sncf-edited.png 500w, https:\/\/www.lacroixvalmertourisme.com\/wp-content\/uploads\/2025\/01\/sncf-edited-300x225.png 300w, https:\/\/www.lacroixvalmertourisme.com\/wp-content\/uploads\/2025\/01\/sncf-edited-200x150.png 200w\" \/><\/a><\/figure>\n\n\n\n<p class=\"has-text-align-center has-slate-700-color has-text-color has-link-color wp-elements-f5c0420dd152287ed65a4a5657b91718 wp-block-paragraph\"><strong>Gares<\/strong><br><a href=\"https:\/\/www.sncf-connect.com\/train\/trajet\/paris\/saint-raphael\" target=\"_blank\" rel=\"noreferrer noopener\">Saint-Rapha\u00ebl<\/a>, <a href=\"https:\/\/www.sncf-connect.com\/train\/trajet\/paris\/toulon\" target=\"_blank\" rel=\"noreferrer noopener\">Toulon<\/a>, Les Arcs<br>SNCF +33(0) 3635<\/p>\n\n\n\n<div class=\"wp-block-buttons is-content-justification-center is-layout-flex wp-container-core-buttons-is-layout-9b3e53d3 wp-block-buttons-is-layout-flex\">\n<div class=\"wp-block-button\"><a class=\"wp-block-button__link has-slate-700-background-color has-background wp-element-button\" href=\"https:\/\/www.sncf-connect.com\/aide\/transport-de-votre-velo\" target=\"_blank\" rel=\"noreferrer noopener\">SNCF : voyager avec son v\u00e9lo<\/a><\/div>\n<\/div>\n<\/div>\n\n\n\n<div class=\"wp-block-column is-layout-flow wp-block-column-is-layout-flow\">\n<figure class=\"wp-block-image aligncenter size-full is-resized\"><a data-caption=\"bus\" href=\"https:\/\/www.lacroixvalmertourisme.com\/wp-content\/uploads\/2025\/01\/bus.png\" data-fancybox=\"gallery\"><img loading=\"lazy\" decoding=\"async\" width=\"500\" height=\"500\" sizes=\"auto, (max-width: 500px) 100vw, 500px\" data-tippy-content=\"bus\" src=\"https:\/\/www.lacroixvalmertourisme.com\/wp-content\/uploads\/2025\/01\/bus.png\" alt=\"bus la croix valmer\" class=\"wp-image-19909\" style=\"width:100px\" srcset=\"https:\/\/www.lacroixvalmertourisme.com\/wp-content\/uploads\/2025\/01\/bus.png 500w, https:\/\/www.lacroixvalmertourisme.com\/wp-content\/uploads\/2025\/01\/bus-300x300.png 300w, https:\/\/www.lacroixvalmertourisme.com\/wp-content\/uploads\/2025\/01\/bus-150x150.png 150w\" \/><\/a><\/figure>\n\n\n\n<p class=\"has-text-align-center has-slate-700-color has-text-color has-link-color wp-elements-fdf526838ce51456cb5b5270fec6a272 wp-block-paragraph\"><strong>Lignes express<\/strong><br>R\u00e9gionales +33(0) 809 400 415<br>Zou+33(0) 809 400 013<\/p>\n\n\n\n<div class=\"wp-block-buttons is-content-justification-center is-layout-flex wp-container-core-buttons-is-layout-9b3e53d3 wp-block-buttons-is-layout-flex\">\n<div class=\"wp-block-button\"><a class=\"wp-block-button__link has-slate-700-background-color has-background wp-element-button\" href=\"https:\/\/zou.maregionsud.fr\/se-deplacer-a-velo\/\" target=\"_blank\" rel=\"noreferrer noopener\">ZOU AVEC SON V\u00c9LO<\/a><\/div>\n<\/div>\n<\/div>\n\n\n\n<div class=\"wp-block-column is-layout-flow wp-block-column-is-layout-flow\">\n<figure class=\"wp-block-image aligncenter size-full is-resized\"><a data-caption=\"avion\" href=\"https:\/\/www.lacroixvalmertourisme.com\/wp-content\/uploads\/2025\/01\/avion.png\" data-fancybox=\"gallery\"><img loading=\"lazy\" decoding=\"async\" width=\"500\" height=\"500\" sizes=\"auto, (max-width: 500px) 100vw, 500px\" data-tippy-content=\"avion\" src=\"https:\/\/www.lacroixvalmertourisme.com\/wp-content\/uploads\/2025\/01\/avion.png\" alt=\"icon plane avion\" class=\"wp-image-19921\" style=\"width:100px\" srcset=\"https:\/\/www.lacroixvalmertourisme.com\/wp-content\/uploads\/2025\/01\/avion.png 500w, https:\/\/www.lacroixvalmertourisme.com\/wp-content\/uploads\/2025\/01\/avion-300x300.png 300w, https:\/\/www.lacroixvalmertourisme.com\/wp-content\/uploads\/2025\/01\/avion-150x150.png 150w\" \/><\/a><\/figure>\n\n\n\n<p class=\"has-text-align-center has-slate-700-color has-text-color has-link-color wp-elements-0e5785144c90ee62854f945ba26d25b8 wp-block-paragraph\"><strong>A\u00e9roports<\/strong><br>Nice +33(0) 820 42 33 33<br>Hy\u00e8res Toulon +33(0) 825 01 83 87<br>Marseille +33(0) 820 81 14 14<br>Saint-Tropez +33(0)4 94 54 76 40<\/p>\n<\/div>\n<\/div>\n<\/div>\n\n\n\n<p class=\"wp-block-paragraph\"><\/p>\n","protected":false},"excerpt":{"rendered":"<p>Pour tout savoir sur comment venir, stationner, recharger son v\u00e9hicule \u00e9lectrique,se d\u00e9placer \u00e0 La Croix Valmer\u2026 c&rsquo;est ici ! Venir Autoroute A8Sortie Le Cannet des Maures \/ Le Luc ou sortie Le Muy \/ Sainte-Maxime GaresSaint-Rapha\u00ebl, Toulon, Les ArcsSNCF +33(0) 3635 Lignes expressR\u00e9gionales +33(0) 809 400 415Zou+33(0) 809 400 013 A\u00e9roportsNice +33(0) 820 42 33&#8230;<\/p>\n","protected":false},"author":4,"featured_media":3031,"parent":0,"menu_order":231,"comment_status":"closed","ping_status":"closed","template":"page-plage.blade.php","meta":{"_acf_changed":false,"_crdt_document":"","footnotes":""},"class_list":["post-225","page","type-page","status-publish","has-post-thumbnail","hentry"],"acf":{"slogan":"","introduction":"","video_mp4":false,"video_webm":false,"poster_image":false,"nugget":false,"pagepage-etendus":"none","page-virtuelle":false,"pagepage-updown":false,"autoplay":false,"delay":"","mots-cles":"navette gratuite estivale gigaro cavalaire la croix valmer \u00e9t\u00e9 nocturne plage horaire comment venir acc\u00e8s bus zou transports gares saint tropez Toulon d\u00e9placer parking stationnement horodateurs paybyphone disque zone bleue borne recharge \u00e9lectrique v\u00e9lo pmr 2 roues scooter handicap\r\n","title_alignement":""},"yoast_head":"<!-- This site is optimized with the Yoast SEO plugin v27.5 - https:\/\/yoast.com\/product\/yoast-seo-wordpress\/ -->\n<title>Venir.Se d\u00e9placer. Stationner.Navette - La Croix-Valmer Tourisme<\/title>\n<meta name=\"robots\" content=\"index, follow, max-snippet:-1, max-image-preview:large, max-video-preview:-1\" \/>\n<link rel=\"canonical\" href=\"https:\/\/www.lacroixvalmertourisme.com\/fr\/venir-transports-stationnement\" \/>\n<meta property=\"og:locale\" content=\"fr_FR\" \/>\n<meta property=\"og:type\" content=\"article\" \/>\n<meta property=\"og:title\" content=\"Venir.Se d\u00e9placer. Stationner.Navette - La Croix-Valmer Tourisme\" \/>\n<meta property=\"og:description\" content=\"Pour tout savoir sur comment venir, stationner, recharger son v\u00e9hicule \u00e9lectrique,se d\u00e9placer \u00e0 La Croix Valmer\u2026 c&rsquo;est ici ! Venir Autoroute A8Sortie Le Cannet des Maures \/ Le Luc ou sortie Le Muy \/ Sainte-Maxime GaresSaint-Rapha\u00ebl, Toulon, Les ArcsSNCF +33(0) 3635 Lignes expressR\u00e9gionales +33(0) 809 400 415Zou+33(0) 809 400 013 A\u00e9roportsNice +33(0) 820 42 33...\" \/>\n<meta property=\"og:url\" content=\"https:\/\/www.lacroixvalmertourisme.com\/fr\/venir-transports-stationnement\" \/>\n<meta property=\"og:site_name\" content=\"La Croix-Valmer Tourisme\" \/>\n<meta property=\"article:publisher\" content=\"https:\/\/www.facebook.com\/lacroixvalmertourisme\/\" \/>\n<meta property=\"article:modified_time\" content=\"2026-01-13T11:45:09+00:00\" \/>\n<meta property=\"og:image\" content=\"https:\/\/www.lacroixvalmertourisme.com\/wp-content\/uploads\/2021\/06\/stationnement170621\u00a9lacroixvalmertourisme-7.jpg\" \/>\n\t<meta property=\"og:image:width\" content=\"2048\" \/>\n\t<meta property=\"og:image:height\" content=\"1536\" \/>\n\t<meta property=\"og:image:type\" content=\"image\/jpeg\" \/>\n<meta name=\"twitter:card\" content=\"summary_large_image\" \/>\n<meta name=\"twitter:site\" content=\"@La_Croix_Valmer\" \/>\n<meta name=\"twitter:label1\" content=\"Dur\u00e9e de lecture estim\u00e9e\" \/>\n\t<meta name=\"twitter:data1\" content=\"4 minutes\" \/>\n<!-- \/ Yoast SEO plugin. -->","yoast_head_json":{"title":"Venir.Se d\u00e9placer. Stationner.Navette - La Croix-Valmer Tourisme","robots":{"index":"index","follow":"follow","max-snippet":"max-snippet:-1","max-image-preview":"max-image-preview:large","max-video-preview":"max-video-preview:-1"},"canonical":"https:\/\/www.lacroixvalmertourisme.com\/fr\/venir-transports-stationnement","og_locale":"fr_FR","og_type":"article","og_title":"Venir.Se d\u00e9placer. Stationner.Navette - La Croix-Valmer Tourisme","og_description":"Pour tout savoir sur comment venir, stationner, recharger son v\u00e9hicule \u00e9lectrique,se d\u00e9placer \u00e0 La Croix Valmer\u2026 c&rsquo;est ici ! Venir Autoroute A8Sortie Le Cannet des Maures \/ Le Luc ou sortie Le Muy \/ Sainte-Maxime GaresSaint-Rapha\u00ebl, Toulon, Les ArcsSNCF +33(0) 3635 Lignes expressR\u00e9gionales +33(0) 809 400 415Zou+33(0) 809 400 013 A\u00e9roportsNice +33(0) 820 42 33...","og_url":"https:\/\/www.lacroixvalmertourisme.com\/fr\/venir-transports-stationnement","og_site_name":"La Croix-Valmer Tourisme","article_publisher":"https:\/\/www.facebook.com\/lacroixvalmertourisme\/","article_modified_time":"2026-01-13T11:45:09+00:00","og_image":[{"width":2048,"height":1536,"url":"https:\/\/www.lacroixvalmertourisme.com\/wp-content\/uploads\/2021\/06\/stationnement170621\u00a9lacroixvalmertourisme-7.jpg","type":"image\/jpeg"}],"twitter_card":"summary_large_image","twitter_site":"@La_Croix_Valmer","twitter_misc":{"Dur\u00e9e de lecture estim\u00e9e":"4 minutes"},"schema":{"@context":"https:\/\/schema.org","@graph":[{"@type":"WebPage","@id":"https:\/\/www.lacroixvalmertourisme.com\/fr\/venir-transports-stationnement","url":"https:\/\/www.lacroixvalmertourisme.com\/fr\/venir-transports-stationnement","name":"Venir.Se d\u00e9placer. Stationner.Navette - La Croix-Valmer Tourisme","isPartOf":{"@id":"https:\/\/www.lacroixvalmertourisme.com\/fr\/#website"},"primaryImageOfPage":{"@id":"https:\/\/www.lacroixvalmertourisme.com\/fr\/venir-transports-stationnement#primaryimage"},"image":{"@id":"https:\/\/www.lacroixvalmertourisme.com\/fr\/venir-transports-stationnement#primaryimage"},"thumbnailUrl":"https:\/\/www.lacroixvalmertourisme.com\/wp-content\/uploads\/2021\/06\/stationnement170621\u00a9lacroixvalmertourisme-7.jpg","datePublished":"2021-04-13T10:31:04+00:00","dateModified":"2026-01-13T11:45:09+00:00","breadcrumb":{"@id":"https:\/\/www.lacroixvalmertourisme.com\/fr\/venir-transports-stationnement#breadcrumb"},"inLanguage":"fr-FR","potentialAction":[{"@type":"ReadAction","target":["https:\/\/www.lacroixvalmertourisme.com\/fr\/venir-transports-stationnement"]}]},{"@type":"ImageObject","inLanguage":"fr-FR","@id":"https:\/\/www.lacroixvalmertourisme.com\/fr\/venir-transports-stationnement#primaryimage","url":"https:\/\/www.lacroixvalmertourisme.com\/wp-content\/uploads\/2021\/06\/stationnement170621\u00a9lacroixvalmertourisme-7.jpg","contentUrl":"https:\/\/www.lacroixvalmertourisme.com\/wp-content\/uploads\/2021\/06\/stationnement170621\u00a9lacroixvalmertourisme-7.jpg","width":2048,"height":1536,"caption":"stationnement paybyphone la croix valmer"},{"@type":"BreadcrumbList","@id":"https:\/\/www.lacroixvalmertourisme.com\/fr\/venir-transports-stationnement#breadcrumb","itemListElement":[{"@type":"ListItem","position":1,"name":"Accueil","item":"https:\/\/www.lacroixvalmertourisme.com\/fr"},{"@type":"ListItem","position":2,"name":"Venir.Se d\u00e9placer. Stationner.Navette"}]},{"@type":"WebSite","@id":"https:\/\/www.lacroixvalmertourisme.com\/fr\/#website","url":"https:\/\/www.lacroixvalmertourisme.com\/fr\/","name":"La Croix-Valmer Tourisme","description":"Toutes les informations touristiques pour organiser votre prochain s\u00e9jour \u00e0 La Croix Valmer dans le Golfe de Saint-Tropez","publisher":{"@id":"https:\/\/www.lacroixvalmertourisme.com\/fr\/#organization"},"potentialAction":[{"@type":"SearchAction","target":{"@type":"EntryPoint","urlTemplate":"https:\/\/www.lacroixvalmertourisme.com\/fr\/?s={search_term_string}"},"query-input":{"@type":"PropertyValueSpecification","valueRequired":true,"valueName":"search_term_string"}}],"inLanguage":"fr-FR"},{"@type":"Organization","@id":"https:\/\/www.lacroixvalmertourisme.com\/fr\/#organization","name":"Office de Tourisme de La Croix Valmer","url":"https:\/\/www.lacroixvalmertourisme.com\/fr\/","logo":{"@type":"ImageObject","inLanguage":"fr-FR","@id":"https:\/\/www.lacroixvalmertourisme.com\/fr\/#\/schema\/logo\/image\/","url":"https:\/\/www.lacroixvalmertourisme.com\/wp-content\/uploads\/2021\/06\/Logo_ot_bleu.png","contentUrl":"https:\/\/www.lacroixvalmertourisme.com\/wp-content\/uploads\/2021\/06\/Logo_ot_bleu.png","width":591,"height":454,"caption":"Office de Tourisme de La Croix Valmer"},"image":{"@id":"https:\/\/www.lacroixvalmertourisme.com\/fr\/#\/schema\/logo\/image\/"},"sameAs":["https:\/\/www.facebook.com\/lacroixvalmertourisme\/","https:\/\/x.com\/La_Croix_Valmer","https:\/\/www.instagram.com\/lacroixvalmer_tourisme\/"]}]}},"publishpress_future_workflow_manual_trigger":{"enabledWorkflows":[]},"_links":{"self":[{"href":"https:\/\/www.lacroixvalmertourisme.com\/fr\/wp-json\/wp\/v2\/pages\/225","targetHints":{"allow":["GET"]}}],"collection":[{"href":"https:\/\/www.lacroixvalmertourisme.com\/fr\/wp-json\/wp\/v2\/pages"}],"about":[{"href":"https:\/\/www.lacroixvalmertourisme.com\/fr\/wp-json\/wp\/v2\/types\/page"}],"author":[{"embeddable":true,"href":"https:\/\/www.lacroixvalmertourisme.com\/fr\/wp-json\/wp\/v2\/users\/4"}],"replies":[{"embeddable":true,"href":"https:\/\/www.lacroixvalmertourisme.com\/fr\/wp-json\/wp\/v2\/comments?post=225"}],"version-history":[{"count":37,"href":"https:\/\/www.lacroixvalmertourisme.com\/fr\/wp-json\/wp\/v2\/pages\/225\/revisions"}],"predecessor-version":[{"id":26497,"href":"https:\/\/www.lacroixvalmertourisme.com\/fr\/wp-json\/wp\/v2\/pages\/225\/revisions\/26497"}],"wp:featuredmedia":[{"embeddable":true,"href":"https:\/\/www.lacroixvalmertourisme.com\/fr\/wp-json\/wp\/v2\/media\/3031"}],"wp:attachment":[{"href":"https:\/\/www.lacroixvalmertourisme.com\/fr\/wp-json\/wp\/v2\/media?parent=225"}],"curies":[{"name":"wp","href":"https:\/\/api.w.org\/{rel}","templated":true}]}}