{"id":20626,"date":"2025-03-04T09:40:53","date_gmt":"2025-03-04T08:40:53","guid":{"rendered":"https:\/\/www.lacroixvalmertourisme.com\/?page_id=20626"},"modified":"2026-01-19T15:09:36","modified_gmt":"2026-01-19T14:09:36","slug":"destination-responsable","status":"publish","type":"page","link":"https:\/\/www.lacroixvalmertourisme.com\/fr\/decouvrir-et-s-evader\/destination-responsable","title":{"rendered":"Destination prot\u00e9g\u00e9e"},"content":{"rendered":"\n<div class=\"wp-block-group is-layout-constrained wp-block-group-is-layout-constrained\">\n<h3 class=\"wp-block-heading\">La Croix Valmer : <strong>Une destination prot\u00e9g\u00e9e<\/strong><\/h3>\n\n\n\n<div class=\"wp-block-group is-layout-constrained wp-block-group-is-layout-constrained\">\n<div class=\"wp-block-group is-layout-constrained wp-block-group-is-layout-constrained\">\n<div class=\"wp-block-group is-layout-constrained wp-block-group-is-layout-constrained\">\n<p class=\"has-text-align-left wp-block-paragraph\">\u00c0 La Croix Valmer, il existe une fa\u00e7on unique de vivre, de ressentir et de d\u00e9couvrir un territoire : <strong>prendre le temps de revenir \u00e0 l\u2019essentiel<\/strong>. Ici, la nature n\u2019est pas seulement un d\u00e9cor, elle est une pr\u00e9sence, une respiration, une identit\u00e9 forte que l\u2019on prot\u00e8ge autant qu\u2019on la partage.<\/p>\n\n\n\n<p class=\"has-text-align-left wp-block-paragraph\">Parce qu\u2019\u00e0 La Croix Valmer, <strong>chaque pas vous rapproche de La Vraie Nature<\/strong>, nos chemins racontent l\u2019histoire d\u2019un village tourn\u00e9 vers la mer, ancr\u00e9 dans ses collines et guid\u00e9 par un environnement exceptionnel. Du littoral aux panoramas hauts perch\u00e9s, des vignes baign\u00e9es de lumi\u00e8re aux massifs silencieux, chacun peut y trouver sa place : familles, passionn\u00e9s de biodiversit\u00e9, amateurs de d\u00e9fis sportifs ou simples visiteurs de passage.<\/p>\n\n\n\n<p class=\"has-text-align-left wp-block-paragraph\">Lorsque la saison ralentit, notre village r\u00e9v\u00e8le toute son authenticit\u00e9. C\u2019est souvent \u00e0 l\u2019automne ou en hiver que l\u2019on per\u00e7oit le mieux la force tranquille de La Croix Valmer : le rythme s\u2019adoucit, la lumi\u00e8re devient dor\u00e9e, les vignobles se teintent de couleurs chaudes et les sentiers retrouvent leur calme. <strong>C\u2019est le moment id\u00e9al pour savourer un autre tempo<\/strong> : plus doux, plus vrai, au c\u0153ur d\u2019un territoire pr\u00e9serv\u00e9 et engag\u00e9 pour un tourisme durable.<\/p>\n\n\n\n<p class=\"has-text-align-left wp-block-paragraph\">Plongez dans les coulisses de notre destination : les chemins charg\u00e9s d\u2019histoire, la flore m\u00e9diterran\u00e9enne, les domaines viticoles qui fa\u00e7onnent notre terroir, les h\u00e9ritages architecturaux, la mer qui raconte mille r\u00e9cits\u2026 \u00c0 La Croix Valmer, chaque lieu poss\u00e8de un tr\u00e9sor cach\u00e9, chaque exp\u00e9rience devient un souvenir et chaque rencontre un lien avec un art de vivre singulier.<\/p>\n\n\n\n<p class=\"has-text-align-left wp-block-paragraph\"><strong>La Vraie Nature de La Croix Valmer, c\u2019est aussi : <\/strong>la simplicit\u00e9 retrouv\u00e9e, la beaut\u00e9 brute, l\u2019authenticit\u00e9 d\u2019un territoire, la force d\u2019un patrimoine naturel que l\u2019on choisit de <strong>prot\u00e9ger ensemble.<\/strong> C\u2019est un appel \u00e0 ralentir, \u00e0 s\u2019\u00e9merveiller, \u00e0 se reconnecter &#8211; \u00e0 la nature, aux autres et \u00e0 soi-m\u00eame.<\/p>\n<\/div>\n\n\n\n<div class=\"wp-block-group is-layout-constrained wp-block-group-is-layout-constrained\">\n<p class=\"has-text-align-center wp-block-paragraph\"><strong>Bienvenue dans une destination prot\u00e9g\u00e9e o\u00f9 l\u2019on respire plus fort, o\u00f9 l\u2019on regarde plus loin et o\u00f9 l\u2019on vit plus pleinement.<\/strong><\/p>\n<\/div>\n<\/div>\n<\/div>\n<\/div>\n\n\n\n<div style=\"height:100px\" aria-hidden=\"true\" class=\"wp-block-spacer\"><\/div>\n\n\n\n<div class=\"wp-block-columns alignwide is-layout-flex wp-container-core-columns-is-layout-0defc3be wp-block-columns-is-layout-flex\">\n<div class=\"wp-block-column is-layout-flow wp-block-column-is-layout-flow\">\n<div class=\"wp-block-cover has-custom-content-position is-position-bottom-left\" style=\"padding-top:var(--wp--preset--spacing--50);padding-right:var(--wp--preset--spacing--50);padding-bottom:var(--wp--preset--spacing--50);padding-left:var(--wp--preset--spacing--50)\"><img loading=\"lazy\" decoding=\"async\" width=\"2560\" height=\"1920\" sizes=\"auto, (max-width: 2560px) 100vw, 2560px\" class=\"wp-block-cover__image-background wp-image-20655 size-full\" alt=\"journ\u00e9e sensibilisation d\u00e9veloppement durable\" src=\"https:\/\/www.lacroixvalmertourisme.com\/wp-content\/uploads\/2025\/02\/IMG_6558-scaled.jpg\" data-object-fit=\"cover\" srcset=\"https:\/\/www.lacroixvalmertourisme.com\/wp-content\/uploads\/2025\/02\/IMG_6558-scaled.jpg 2560w, https:\/\/www.lacroixvalmertourisme.com\/wp-content\/uploads\/2025\/02\/IMG_6558-300x225.jpg 300w, https:\/\/www.lacroixvalmertourisme.com\/wp-content\/uploads\/2025\/02\/IMG_6558-1024x768.jpg 1024w, https:\/\/www.lacroixvalmertourisme.com\/wp-content\/uploads\/2025\/02\/IMG_6558-768x576.jpg 768w, https:\/\/www.lacroixvalmertourisme.com\/wp-content\/uploads\/2025\/02\/IMG_6558-1536x1152.jpg 1536w, https:\/\/www.lacroixvalmertourisme.com\/wp-content\/uploads\/2025\/02\/IMG_6558-2048x1536.jpg 2048w, https:\/\/www.lacroixvalmertourisme.com\/wp-content\/uploads\/2025\/02\/IMG_6558-200x150.jpg 200w\" \/><span aria-hidden=\"true\" class=\"wp-block-cover__background has-black-background-color has-background-dim-10 has-background-dim\"><\/span><div class=\"wp-block-cover__inner-container is-layout-constrained wp-container-core-cover-is-layout-953aee64 wp-block-cover-is-layout-constrained\">\n<p class=\"has-text-align-left has-white-color has-text-color has-link-color wp-elements-6f354bb8660d8847fde5f9fe5f5d05a7 wp-block-paragraph\" style=\"margin-bottom:0px;font-size:24px;font-style:normal;font-weight:500;line-height:1.2\">Une destination engag\u00e9e<\/p>\n\n\n<a href=\"https:\/\/www.lacroixvalmertourisme.com\/fr\/decouvrir-et-s-evader\/destination-responsable\/mettre-du-vert-a-loffice-de-tourisme\" target=\"_blank\"><span aria-hidden=\"true\" class=\"absolute inset-0\"><\/span><span class=\"sr-only\"><\/span><\/a><\/div><\/div>\n<\/div>\n\n\n\n<div class=\"wp-block-column is-layout-flow wp-block-column-is-layout-flow\">\n<div class=\"wp-block-cover has-custom-content-position is-position-bottom-left\" style=\"padding-top:var(--wp--preset--spacing--50);padding-right:var(--wp--preset--spacing--50);padding-bottom:var(--wp--preset--spacing--50);padding-left:var(--wp--preset--spacing--50)\"><img loading=\"lazy\" decoding=\"async\" width=\"1280\" height=\"1024\" sizes=\"auto, (max-width: 1280px) 100vw, 1280px\" class=\"wp-block-cover__image-background wp-image-20244 size-thumb_1280_1024\" alt=\"\" src=\"https:\/\/www.lacroixvalmertourisme.com\/wp-content\/uploads\/2025\/01\/Balade-PNPC-\u00a9lacroixvalmertourisme-13-1280x1024.jpeg\" style=\"object-position:48% 40%\" data-object-fit=\"cover\" data-object-position=\"48% 40%\"\/><span aria-hidden=\"true\" class=\"wp-block-cover__background has-background-dim-60 has-background-dim wp-block-cover__gradient-background has-background-gradient has-bg-gradient-to-black-bottom-gradient-background\"><\/span><div class=\"wp-block-cover__inner-container is-layout-constrained wp-container-core-cover-is-layout-953aee64 wp-block-cover-is-layout-constrained\">\n<p class=\"has-text-align-left has-white-color has-text-color has-link-color wp-elements-0df497f7052a1414749431c730e774e1 wp-block-paragraph\" style=\"margin-bottom:0px;font-size:24px;font-style:normal;font-weight:500;line-height:1.2\">\u00c9co-\u00e9v\u00e9nements<\/p>\n\n\n<a href=\"https:\/\/www.lacroixvalmertourisme.com\/fr\/sortir-se-divertir\/evenements\/eco-evenements\" target=\"_blank\"><span aria-hidden=\"true\" class=\"absolute inset-0\"><\/span><span class=\"sr-only\">\u00c9co-\u00e9v\u00e9nements<\/span><\/a><\/div><\/div>\n<\/div>\n\n\n\n<div class=\"wp-block-column is-layout-flow wp-block-column-is-layout-flow\">\n<div class=\"wp-block-cover is-light has-custom-content-position is-position-bottom-left\" style=\"padding-top:var(--wp--preset--spacing--50);padding-right:var(--wp--preset--spacing--50);padding-bottom:var(--wp--preset--spacing--50);padding-left:var(--wp--preset--spacing--50)\"><img loading=\"lazy\" decoding=\"async\" width=\"1146\" height=\"1150\" sizes=\"auto, (max-width: 1146px) 100vw, 1146px\" class=\"wp-block-cover__image-background wp-image-485 size-full\" alt=\"d\u00e9couvrir s'evader la croix valmer sentier balades plages terroir histoire littoral parc national de port cros quoi faire visiter\" src=\"https:\/\/www.lacroixvalmertourisme.com\/wp-content\/uploads\/2021\/04\/2017\u00a9guillaumevoiturier-2-edited.jpg\" style=\"object-position:60% 45%\" data-object-fit=\"cover\" data-object-position=\"60% 45%\" srcset=\"https:\/\/www.lacroixvalmertourisme.com\/wp-content\/uploads\/2021\/04\/2017\u00a9guillaumevoiturier-2-edited.jpg 1146w, https:\/\/www.lacroixvalmertourisme.com\/wp-content\/uploads\/2021\/04\/2017\u00a9guillaumevoiturier-2-edited-300x300.jpg 300w, https:\/\/www.lacroixvalmertourisme.com\/wp-content\/uploads\/2021\/04\/2017\u00a9guillaumevoiturier-2-edited-1020x1024.jpg 1020w, https:\/\/www.lacroixvalmertourisme.com\/wp-content\/uploads\/2021\/04\/2017\u00a9guillaumevoiturier-2-edited-150x150.jpg 150w, https:\/\/www.lacroixvalmertourisme.com\/wp-content\/uploads\/2021\/04\/2017\u00a9guillaumevoiturier-2-edited-768x771.jpg 768w, https:\/\/www.lacroixvalmertourisme.com\/wp-content\/uploads\/2021\/04\/2017\u00a9guillaumevoiturier-2-edited-149x150.jpg 149w\" \/><span aria-hidden=\"true\" class=\"wp-block-cover__background has-black-background-color has-background-dim-10 has-background-dim\"><\/span><div class=\"wp-block-cover__inner-container is-layout-constrained wp-container-core-cover-is-layout-953aee64 wp-block-cover-is-layout-constrained\">\n<p class=\"has-text-align-left has-white-color has-text-color has-link-color wp-elements-99834952f63aa7eb96a04cad00502bbe wp-block-paragraph\" style=\"margin-bottom:0px;font-size:24px;font-style:normal;font-weight:500;line-height:1.2\">Tourisme durable<\/p>\n\n\n<a href=\"https:\/\/www.lacroixvalmertourisme.com\/fr\/decouvrir-et-s-evader\/destination-responsable\/mettre-du-vert-dans-vos-vacances\" target=\"_blank\"><span aria-hidden=\"true\" class=\"absolute inset-0\"><\/span><span class=\"sr-only\"><\/span><\/a><\/div><\/div>\n<\/div>\n\n\n\n<div class=\"wp-block-column is-layout-flow wp-block-column-is-layout-flow\">\n<div class=\"wp-block-cover has-custom-content-position is-position-bottom-left\" style=\"padding-top:var(--wp--preset--spacing--50);padding-right:var(--wp--preset--spacing--50);padding-bottom:var(--wp--preset--spacing--50);padding-left:var(--wp--preset--spacing--50)\"><img loading=\"lazy\" decoding=\"async\" width=\"2000\" height=\"1334\" sizes=\"auto, (max-width: 2000px) 100vw, 2000px\" class=\"wp-block-cover__image-background wp-image-7385 size-full\" alt=\"sentier marin ilot du crocodile plage de jovat snorkeling la croix valmer\" src=\"https:\/\/www.lacroixvalmertourisme.com\/wp-content\/uploads\/2022\/01\/2017-sentier-marin\u00a9florentbeau-15-SITE-OT.jpg\" data-object-fit=\"cover\" srcset=\"https:\/\/www.lacroixvalmertourisme.com\/wp-content\/uploads\/2022\/01\/2017-sentier-marin\u00a9florentbeau-15-SITE-OT.jpg 2000w, https:\/\/www.lacroixvalmertourisme.com\/wp-content\/uploads\/2022\/01\/2017-sentier-marin\u00a9florentbeau-15-SITE-OT-300x200.jpg 300w, https:\/\/www.lacroixvalmertourisme.com\/wp-content\/uploads\/2022\/01\/2017-sentier-marin\u00a9florentbeau-15-SITE-OT-1024x683.jpg 1024w, https:\/\/www.lacroixvalmertourisme.com\/wp-content\/uploads\/2022\/01\/2017-sentier-marin\u00a9florentbeau-15-SITE-OT-768x512.jpg 768w, https:\/\/www.lacroixvalmertourisme.com\/wp-content\/uploads\/2022\/01\/2017-sentier-marin\u00a9florentbeau-15-SITE-OT-1536x1025.jpg 1536w, https:\/\/www.lacroixvalmertourisme.com\/wp-content\/uploads\/2022\/01\/2017-sentier-marin\u00a9florentbeau-15-SITE-OT-225x150.jpg 225w\" \/><span aria-hidden=\"true\" class=\"wp-block-cover__background has-black-background-color has-background-dim-10 has-background-dim\"><\/span><div class=\"wp-block-cover__inner-container is-layout-constrained wp-container-core-cover-is-layout-953aee64 wp-block-cover-is-layout-constrained\">\n<p class=\"has-text-align-left has-white-color has-text-color has-link-color wp-elements-4b3ea8039604be75f1a36e496bddf870 wp-block-paragraph\" style=\"margin-bottom:0px;font-size:24px;font-style:normal;font-weight:500;line-height:1.2\">Posidonie &amp; Aire marine<\/p>\n\n\n<a href=\"https:\/\/www.lacroixvalmertourisme.com\/fr\/decouvrir-et-s-evader\/les-pieds-dans-l-eau\/posidonie-aire-marine-protegee\" target=\"_blank\"><span aria-hidden=\"true\" class=\"absolute inset-0\"><\/span><span class=\"sr-only\"><\/span><\/a><\/div><\/div>\n<\/div>\n<\/div>\n","protected":false},"excerpt":{"rendered":"<p>La Croix Valmer : Une destination prot\u00e9g\u00e9e \u00c0 La Croix Valmer, il existe une fa\u00e7on unique de vivre, de ressentir et de d\u00e9couvrir un territoire : prendre le temps de revenir \u00e0 l\u2019essentiel. Ici, la nature n\u2019est pas seulement un d\u00e9cor, elle est une pr\u00e9sence, une respiration, une identit\u00e9 forte que l\u2019on prot\u00e8ge autant qu\u2019on&#8230;<\/p>\n","protected":false},"author":12,"featured_media":20642,"parent":102,"menu_order":31,"comment_status":"closed","ping_status":"closed","template":"page-plage.blade.php","meta":{"_acf_changed":false,"_crdt_document":"","footnotes":""},"class_list":["post-20626","page","type-page","status-publish","has-post-thumbnail","hentry"],"acf":{"slogan":"","introduction":"","autoplay":false,"delay":"","video_mp4":false,"video_webm":false,"poster_image":false,"nugget":false,"mots-cles":"La Croix Valmer\r\nVar\r\nVisit Var\r\nplages\r\nLe Var \r\nLa Croix Valmer tourisme\r\nVacances\r\nDestination Prot\u00e9g\u00e9e\r\n","pagepage-etendus":"none","pagepage-updown":true,"page-virtuelle":false,"title_alignement":""},"yoast_head":"<!-- This site is optimized with the Yoast SEO plugin v27.5 - https:\/\/yoast.com\/product\/yoast-seo-wordpress\/ -->\n<title>Destination prot\u00e9g\u00e9e - La Croix-Valmer Tourisme<\/title>\n<meta name=\"description\" content=\"La Croix Valmer et sa Vraie Nature : Une destination prot\u00e9g\u00e9e - Vacances (un autre tempo, territoire, d\u00e9veloppement durable)\" \/>\n<meta name=\"robots\" content=\"index, follow, max-snippet:-1, max-image-preview:large, max-video-preview:-1\" \/>\n<link rel=\"canonical\" href=\"https:\/\/www.lacroixvalmertourisme.com\/fr\/decouvrir-et-s-evader\/destination-responsable\" \/>\n<meta property=\"og:locale\" content=\"fr_FR\" \/>\n<meta property=\"og:type\" content=\"article\" \/>\n<meta property=\"og:title\" content=\"Destination prot\u00e9g\u00e9e - La Croix-Valmer Tourisme\" \/>\n<meta property=\"og:description\" content=\"La Croix Valmer et sa Vraie Nature : Une destination prot\u00e9g\u00e9e - Vacances (un autre tempo, territoire, d\u00e9veloppement durable)\" \/>\n<meta property=\"og:url\" content=\"https:\/\/www.lacroixvalmertourisme.com\/fr\/decouvrir-et-s-evader\/destination-responsable\" \/>\n<meta property=\"og:site_name\" content=\"La Croix-Valmer Tourisme\" \/>\n<meta property=\"article:publisher\" content=\"https:\/\/www.facebook.com\/lacroixvalmertourisme\/\" \/>\n<meta property=\"article:modified_time\" content=\"2026-01-19T14:09:36+00:00\" \/>\n<meta property=\"og:image\" content=\"https:\/\/www.lacroixvalmertourisme.com\/wp-content\/uploads\/2025\/02\/\u00a9-julia-pietropaoli-02112024-DJI_0491-4-scaled.jpg\" \/>\n\t<meta property=\"og:image:width\" content=\"2560\" \/>\n\t<meta property=\"og:image:height\" content=\"1438\" \/>\n\t<meta property=\"og:image:type\" content=\"image\/jpeg\" \/>\n<meta name=\"twitter:card\" content=\"summary_large_image\" \/>\n<meta name=\"twitter:site\" content=\"@La_Croix_Valmer\" \/>\n<meta name=\"twitter:label1\" content=\"Dur\u00e9e de lecture estim\u00e9e\" \/>\n\t<meta name=\"twitter:data1\" content=\"2 minutes\" \/>\n<!-- \/ Yoast SEO plugin. -->","yoast_head_json":{"title":"Destination prot\u00e9g\u00e9e - La Croix-Valmer Tourisme","description":"La Croix Valmer et sa Vraie Nature : Une destination prot\u00e9g\u00e9e - Vacances (un autre tempo, territoire, d\u00e9veloppement durable)","robots":{"index":"index","follow":"follow","max-snippet":"max-snippet:-1","max-image-preview":"max-image-preview:large","max-video-preview":"max-video-preview:-1"},"canonical":"https:\/\/www.lacroixvalmertourisme.com\/fr\/decouvrir-et-s-evader\/destination-responsable","og_locale":"fr_FR","og_type":"article","og_title":"Destination prot\u00e9g\u00e9e - La Croix-Valmer Tourisme","og_description":"La Croix Valmer et sa Vraie Nature : Une destination prot\u00e9g\u00e9e - Vacances (un autre tempo, territoire, d\u00e9veloppement durable)","og_url":"https:\/\/www.lacroixvalmertourisme.com\/fr\/decouvrir-et-s-evader\/destination-responsable","og_site_name":"La Croix-Valmer Tourisme","article_publisher":"https:\/\/www.facebook.com\/lacroixvalmertourisme\/","article_modified_time":"2026-01-19T14:09:36+00:00","og_image":[{"width":2560,"height":1438,"url":"https:\/\/www.lacroixvalmertourisme.com\/wp-content\/uploads\/2025\/02\/\u00a9-julia-pietropaoli-02112024-DJI_0491-4-scaled.jpg","type":"image\/jpeg"}],"twitter_card":"summary_large_image","twitter_site":"@La_Croix_Valmer","twitter_misc":{"Dur\u00e9e de lecture estim\u00e9e":"2 minutes"},"schema":{"@context":"https:\/\/schema.org","@graph":[{"@type":"WebPage","@id":"https:\/\/www.lacroixvalmertourisme.com\/fr\/decouvrir-et-s-evader\/destination-responsable","url":"https:\/\/www.lacroixvalmertourisme.com\/fr\/decouvrir-et-s-evader\/destination-responsable","name":"Destination prot\u00e9g\u00e9e - La Croix-Valmer Tourisme","isPartOf":{"@id":"https:\/\/www.lacroixvalmertourisme.com\/fr\/#website"},"primaryImageOfPage":{"@id":"https:\/\/www.lacroixvalmertourisme.com\/fr\/decouvrir-et-s-evader\/destination-responsable#primaryimage"},"image":{"@id":"https:\/\/www.lacroixvalmertourisme.com\/fr\/decouvrir-et-s-evader\/destination-responsable#primaryimage"},"thumbnailUrl":"https:\/\/www.lacroixvalmertourisme.com\/wp-content\/uploads\/2025\/02\/\u00a9-julia-pietropaoli-02112024-DJI_0491-4-scaled.jpg","datePublished":"2025-03-04T08:40:53+00:00","dateModified":"2026-01-19T14:09:36+00:00","description":"La Croix Valmer et sa Vraie Nature : Une destination prot\u00e9g\u00e9e - Vacances (un autre tempo, territoire, d\u00e9veloppement durable)","breadcrumb":{"@id":"https:\/\/www.lacroixvalmertourisme.com\/fr\/decouvrir-et-s-evader\/destination-responsable#breadcrumb"},"inLanguage":"fr-FR","potentialAction":[{"@type":"ReadAction","target":["https:\/\/www.lacroixvalmertourisme.com\/fr\/decouvrir-et-s-evader\/destination-responsable"]}]},{"@type":"ImageObject","inLanguage":"fr-FR","@id":"https:\/\/www.lacroixvalmertourisme.com\/fr\/decouvrir-et-s-evader\/destination-responsable#primaryimage","url":"https:\/\/www.lacroixvalmertourisme.com\/wp-content\/uploads\/2025\/02\/\u00a9-julia-pietropaoli-02112024-DJI_0491-4-scaled.jpg","contentUrl":"https:\/\/www.lacroixvalmertourisme.com\/wp-content\/uploads\/2025\/02\/\u00a9-julia-pietropaoli-02112024-DJI_0491-4-scaled.jpg","width":2560,"height":1438,"caption":"plage la croix valmer tourisme"},{"@type":"BreadcrumbList","@id":"https:\/\/www.lacroixvalmertourisme.com\/fr\/decouvrir-et-s-evader\/destination-responsable#breadcrumb","itemListElement":[{"@type":"ListItem","position":1,"name":"Accueil","item":"https:\/\/www.lacroixvalmertourisme.com\/fr"},{"@type":"ListItem","position":2,"name":"D\u00e9couvrir","item":"https:\/\/www.lacroixvalmertourisme.com\/fr\/decouvrir-et-s-evader"},{"@type":"ListItem","position":3,"name":"Destination prot\u00e9g\u00e9e"}]},{"@type":"WebSite","@id":"https:\/\/www.lacroixvalmertourisme.com\/fr\/#website","url":"https:\/\/www.lacroixvalmertourisme.com\/fr\/","name":"La Croix-Valmer Tourisme","description":"Toutes les informations touristiques pour organiser votre prochain s\u00e9jour \u00e0 La Croix Valmer dans le Golfe de Saint-Tropez","publisher":{"@id":"https:\/\/www.lacroixvalmertourisme.com\/fr\/#organization"},"potentialAction":[{"@type":"SearchAction","target":{"@type":"EntryPoint","urlTemplate":"https:\/\/www.lacroixvalmertourisme.com\/fr\/?s={search_term_string}"},"query-input":{"@type":"PropertyValueSpecification","valueRequired":true,"valueName":"search_term_string"}}],"inLanguage":"fr-FR"},{"@type":"Organization","@id":"https:\/\/www.lacroixvalmertourisme.com\/fr\/#organization","name":"Office de Tourisme de La Croix Valmer","url":"https:\/\/www.lacroixvalmertourisme.com\/fr\/","logo":{"@type":"ImageObject","inLanguage":"fr-FR","@id":"https:\/\/www.lacroixvalmertourisme.com\/fr\/#\/schema\/logo\/image\/","url":"https:\/\/www.lacroixvalmertourisme.com\/wp-content\/uploads\/2021\/06\/Logo_ot_bleu.png","contentUrl":"https:\/\/www.lacroixvalmertourisme.com\/wp-content\/uploads\/2021\/06\/Logo_ot_bleu.png","width":591,"height":454,"caption":"Office de Tourisme de La Croix Valmer"},"image":{"@id":"https:\/\/www.lacroixvalmertourisme.com\/fr\/#\/schema\/logo\/image\/"},"sameAs":["https:\/\/www.facebook.com\/lacroixvalmertourisme\/","https:\/\/x.com\/La_Croix_Valmer","https:\/\/www.instagram.com\/lacroixvalmer_tourisme\/"]}]}},"publishpress_future_workflow_manual_trigger":{"enabledWorkflows":[]},"_links":{"self":[{"href":"https:\/\/www.lacroixvalmertourisme.com\/fr\/wp-json\/wp\/v2\/pages\/20626","targetHints":{"allow":["GET"]}}],"collection":[{"href":"https:\/\/www.lacroixvalmertourisme.com\/fr\/wp-json\/wp\/v2\/pages"}],"about":[{"href":"https:\/\/www.lacroixvalmertourisme.com\/fr\/wp-json\/wp\/v2\/types\/page"}],"author":[{"embeddable":true,"href":"https:\/\/www.lacroixvalmertourisme.com\/fr\/wp-json\/wp\/v2\/users\/12"}],"replies":[{"embeddable":true,"href":"https:\/\/www.lacroixvalmertourisme.com\/fr\/wp-json\/wp\/v2\/comments?post=20626"}],"version-history":[{"count":33,"href":"https:\/\/www.lacroixvalmertourisme.com\/fr\/wp-json\/wp\/v2\/pages\/20626\/revisions"}],"predecessor-version":[{"id":26593,"href":"https:\/\/www.lacroixvalmertourisme.com\/fr\/wp-json\/wp\/v2\/pages\/20626\/revisions\/26593"}],"up":[{"embeddable":true,"href":"https:\/\/www.lacroixvalmertourisme.com\/fr\/wp-json\/wp\/v2\/pages\/102"}],"wp:featuredmedia":[{"embeddable":true,"href":"https:\/\/www.lacroixvalmertourisme.com\/fr\/wp-json\/wp\/v2\/media\/20642"}],"wp:attachment":[{"href":"https:\/\/www.lacroixvalmertourisme.com\/fr\/wp-json\/wp\/v2\/media?parent=20626"}],"curies":[{"name":"wp","href":"https:\/\/api.w.org\/{rel}","templated":true}]}}