{"id":20219,"date":"2025-01-23T11:25:44","date_gmt":"2025-01-23T10:25:44","guid":{"rendered":"https:\/\/www.lacroixvalmertourisme.com\/?page_id=20219"},"modified":"2026-02-17T10:20:32","modified_gmt":"2026-02-17T09:20:32","slug":"accessibilite","status":"publish","type":"page","link":"https:\/\/www.lacroixvalmertourisme.com\/fr\/la-croix-valmer-tourisme\/accessibilite","title":{"rendered":"Accessibilit\u00e9 de l&rsquo;Office de Tourisme"},"content":{"rendered":"\n<div class=\"wp-block-group alignwide is-layout-constrained wp-block-group-is-layout-constrained\">\n<div style=\"height:50px\" aria-hidden=\"true\" class=\"wp-block-spacer\"><\/div>\n<\/div>\n\n\n\n<h3 class=\"wp-block-heading has-text-align-center\">Transport ~ Stationnement ~ Acc\u00e8s<\/h3>\n\n\n\n<div style=\"height:50px\" aria-hidden=\"true\" class=\"wp-block-spacer\"><\/div>\n\n\n\n<div class=\"wp-block-columns alignwide is-layout-flex wp-container-core-columns-is-layout-0defc3be wp-block-columns-is-layout-flex\">\n<div class=\"wp-block-column is-layout-flow wp-block-column-is-layout-flow\">\n<figure class=\"wp-block-image aligncenter size-large is-resized is-style-rounded is-style-rounded--1\"><img data-dominant-color=\"52a5d4\" data-has-transparency=\"false\" loading=\"lazy\" decoding=\"async\" width=\"1024\" height=\"452\" sizes=\"auto, (max-width: 1024px) 100vw, 1024px\" data-tippy-content=\"logo zou\" src=\"https:\/\/www.lacroixvalmertourisme.com\/wp-content\/uploads\/2025\/11\/logo-zou-1024x452.webp\" alt=\"Cadre bleu avec \u00e9criture blanche \"zou\" ainsi qu'un dessin r\u00e9aliste d'un bus au couleur de la marque Zou\" class=\"wp-image-25656 not-transparent\" style=\"--dominant-color: #52a5d4; width:250px\" srcset=\"https:\/\/www.lacroixvalmertourisme.com\/wp-content\/uploads\/2025\/11\/logo-zou-1024x452.webp 1024w, https:\/\/www.lacroixvalmertourisme.com\/wp-content\/uploads\/2025\/11\/logo-zou-300x132.webp 300w, https:\/\/www.lacroixvalmertourisme.com\/wp-content\/uploads\/2025\/11\/logo-zou-768x339.webp 768w, https:\/\/www.lacroixvalmertourisme.com\/wp-content\/uploads\/2025\/11\/logo-zou-340x150.webp 340w, https:\/\/www.lacroixvalmertourisme.com\/wp-content\/uploads\/2025\/11\/logo-zou.webp 1440w\" \/><\/figure>\n\n\n\n<p class=\"wp-block-paragraph\">L&rsquo;Office est accessible en transports en commun via le R\u00e9seau r\u00e9gional ZOU ~ arr\u00eat Croix de Constantin (centre du village)<\/p>\n<\/div>\n\n\n\n<div class=\"wp-block-column is-layout-flow wp-block-column-is-layout-flow\">\n<figure class=\"wp-block-image aligncenter size-full is-resized is-style-rounded is-style-rounded--2\"><a data-caption=\"pmr\" href=\"https:\/\/www.lacroixvalmertourisme.com\/wp-content\/uploads\/2025\/01\/pmr.png\" data-fancybox=\"gallery\"><img loading=\"lazy\" decoding=\"async\" width=\"500\" height=\"500\" sizes=\"auto, (max-width: 500px) 100vw, 500px\" data-tippy-content=\"pmr\" src=\"https:\/\/www.lacroixvalmertourisme.com\/wp-content\/uploads\/2025\/01\/pmr.png\" alt=\"arr\u00eat parkings la croix Valmer\" class=\"wp-image-19992\" style=\"width:154px;height:auto\" srcset=\"https:\/\/www.lacroixvalmertourisme.com\/wp-content\/uploads\/2025\/01\/pmr.png 500w, https:\/\/www.lacroixvalmertourisme.com\/wp-content\/uploads\/2025\/01\/pmr-300x300.png 300w, https:\/\/www.lacroixvalmertourisme.com\/wp-content\/uploads\/2025\/01\/pmr-150x150.png 150w\" \/><\/a><\/figure>\n\n\n\n<p class=\"wp-block-paragraph\">Des places de stationnement sont disponibles \u00e0 proximit\u00e9 imm\u00e9diate, comprenant des places adapt\u00e9es et r\u00e9serv\u00e9es<\/p>\n<\/div>\n\n\n\n<div class=\"wp-block-column is-layout-flow wp-block-column-is-layout-flow\">\n<figure class=\"wp-block-image aligncenter size-large is-resized is-style-rounded is-style-rounded--3\"><a data-caption=\"OT LCV 2024 \u00a9lacroixvalmertourisme 4\" href=\"https:\/\/www.lacroixvalmertourisme.com\/wp-content\/uploads\/2025\/04\/OT-LCV-2024-\u00a9lacroixvalmertourisme-4--1024x629.jpg\" data-fancybox=\"gallery\"><img loading=\"lazy\" decoding=\"async\" width=\"1024\" height=\"629\" sizes=\"auto, (max-width: 1024px) 100vw, 1024px\" data-tippy-content=\"OT LCV 2024 \u00a9lacroixvalmertourisme 4\" src=\"https:\/\/www.lacroixvalmertourisme.com\/wp-content\/uploads\/2025\/04\/OT-LCV-2024-\u00a9lacroixvalmertourisme-4--1024x629.jpg\" alt=\"\" class=\"wp-image-22691\" style=\"aspect-ratio:1.628001628001628;width:250px;height:auto\" srcset=\"https:\/\/www.lacroixvalmertourisme.com\/wp-content\/uploads\/2025\/04\/OT-LCV-2024-\u00a9lacroixvalmertourisme-4--1024x629.jpg 1024w, https:\/\/www.lacroixvalmertourisme.com\/wp-content\/uploads\/2025\/04\/OT-LCV-2024-\u00a9lacroixvalmertourisme-4--300x184.jpg 300w, https:\/\/www.lacroixvalmertourisme.com\/wp-content\/uploads\/2025\/04\/OT-LCV-2024-\u00a9lacroixvalmertourisme-4--768x472.jpg 768w, https:\/\/www.lacroixvalmertourisme.com\/wp-content\/uploads\/2025\/04\/OT-LCV-2024-\u00a9lacroixvalmertourisme-4--1536x943.jpg 1536w, https:\/\/www.lacroixvalmertourisme.com\/wp-content\/uploads\/2025\/04\/OT-LCV-2024-\u00a9lacroixvalmertourisme-4--244x150.jpg 244w, https:\/\/www.lacroixvalmertourisme.com\/wp-content\/uploads\/2025\/04\/OT-LCV-2024-\u00a9lacroixvalmertourisme-4-.jpg 1759w\" \/><\/a><\/figure>\n\n\n\n<p class=\"wp-block-paragraph\">Le cheminement jusqu&rsquo;\u00e0 l&rsquo;entr\u00e9e et l&rsquo;acc\u00e8s \u00e0 l&rsquo;accueil est de plain pied et le rev\u00eatement est adapt\u00e9 au passage d\u2019un fauteuil roulant.<\/p>\n<\/div>\n<\/div>\n\n\n\n<div style=\"height:50px\" aria-hidden=\"true\" class=\"wp-block-spacer\"><\/div>\n\n\n\n<h3 class=\"wp-block-heading has-text-align-center\">Accueil &amp; Equipements<\/h3>\n\n\n\n<div style=\"height:50px\" aria-hidden=\"true\" class=\"wp-block-spacer\"><\/div>\n\n\n\n<div class=\"wp-block-columns are-vertically-aligned-center is-layout-flex wp-container-core-columns-is-layout-0defc3be wp-block-columns-is-layout-flex\">\n<div class=\"wp-block-column is-vertically-aligned-center is-layout-flow wp-block-column-is-layout-flow\">\n<figure class=\"wp-block-gallery has-nested-images columns-default is-cropped wp-block-gallery-5 is-layout-flex wp-block-gallery-is-layout-flex\">\n<figure class=\"wp-block-image size-large is-style-rounded is-style-rounded--4\"><a data-caption=\"Accueil OT 012025 (2)\" href=\"https:\/\/www.lacroixvalmertourisme.com\/wp-content\/uploads\/2025\/01\/Accueil-OT-012025-2-1024x768.jpeg\" data-fancybox=\"gallery\"><img loading=\"lazy\" decoding=\"async\" width=\"1024\" height=\"768\" sizes=\"auto, (max-width: 1024px) 100vw, 1024px\" data-id=\"20475\" data-tippy-content=\"Accueil OT 012025 (2)\" src=\"https:\/\/www.lacroixvalmertourisme.com\/wp-content\/uploads\/2025\/01\/Accueil-OT-012025-2-1024x768.jpeg\" alt=\"\" class=\"wp-image-20475\" srcset=\"https:\/\/www.lacroixvalmertourisme.com\/wp-content\/uploads\/2025\/01\/Accueil-OT-012025-2-1024x768.jpeg 1024w, https:\/\/www.lacroixvalmertourisme.com\/wp-content\/uploads\/2025\/01\/Accueil-OT-012025-2-300x225.jpeg 300w, https:\/\/www.lacroixvalmertourisme.com\/wp-content\/uploads\/2025\/01\/Accueil-OT-012025-2-768x576.jpeg 768w, https:\/\/www.lacroixvalmertourisme.com\/wp-content\/uploads\/2025\/01\/Accueil-OT-012025-2-1536x1152.jpeg 1536w, https:\/\/www.lacroixvalmertourisme.com\/wp-content\/uploads\/2025\/01\/Accueil-OT-012025-2-200x150.jpeg 200w, https:\/\/www.lacroixvalmertourisme.com\/wp-content\/uploads\/2025\/01\/Accueil-OT-012025-2.jpeg 2000w\" \/><\/a><\/figure>\n<\/figure>\n<\/div>\n\n\n\n<div class=\"wp-block-column is-vertically-aligned-center is-layout-flow wp-block-column-is-layout-flow\">\n<ul class=\"wp-block-list\">\n<li>Entr\u00e9e bien visible<\/li>\n\n\n\n<li>Pas de balise sonore<\/li>\n\n\n\n<li>Portes automatiques coulissantes<\/li>\n\n\n\n<li>Largeur d&rsquo;au moins 80 cm<\/li>\n\n\n\n<li>Porte vitr\u00e9e avec \u00e9l\u00e9ments contrast\u00e9s sur la partie vitr\u00e9e<\/li>\n\n\n\n<li>Entr\u00e9e et cheminement jusqu&rsquo;\u00e0 l&rsquo;accueil de plain pied<\/li>\n\n\n\n<li>Accueil \u00e0 proximit\u00e9 directe de l&rsquo;entr\u00e9e<\/li>\n\n\n\n<li>Borne d&rsquo;accueil adapt\u00e9e<\/li>\n\n\n\n<li>Pas d&rsquo;\u00e9quipement d&rsquo;aide \u00e0 l&rsquo;audition, ni d&rsquo;audiodescription, pas de dispositif d&rsquo;appel<\/li>\n<\/ul>\n<\/div>\n<\/div>\n\n\n\n<div style=\"height:50px\" aria-hidden=\"true\" class=\"wp-block-spacer\"><\/div>\n\n\n\n<div class=\"wp-block-buttons is-content-justification-center is-layout-flex wp-container-core-buttons-is-layout-9b3e53d3 wp-block-buttons-is-layout-flex\">\n<div class=\"wp-block-button\"><a class=\"wp-block-button__link wp-element-button\" href=\"https:\/\/acceslibre.beta.gouv.fr\/app\/83-la-croix-valmer\/a\/office-du-tourisme\/erp\/la-croix-valmer-tourisme\/\" target=\"_blank\" rel=\"noreferrer noopener\">cONSULTER LA PLATEFORME COLLABORATIVE DE L&rsquo;ACCESSIBILITE \u00ab\u00a0Acceslibre\u00a0\u00bb ici<\/a><\/div>\n<\/div>\n\n\n\n<div style=\"height:50px\" aria-hidden=\"true\" class=\"wp-block-spacer\"><\/div>\n\n\n\n<figure class=\"wp-block-image aligncenter size-full is-resized is-style-rounded is-style-rounded--6\"><a href=\"https:\/\/bit.ly\/lacroixvalmer_accessible\"><img loading=\"lazy\" decoding=\"async\" width=\"600\" height=\"853\" sizes=\"auto, (max-width: 600px) 100vw, 600px\" src=\"https:\/\/www.lacroixvalmertourisme.com\/wp-content\/uploads\/2025\/01\/lcv-accessible-2025.jpg\" alt=\"T\u00e9l\u00e9charger le guide La Croix Valmer Accessible 2025\" class=\"wp-image-20138\" style=\"aspect-ratio:3\/4;object-fit:cover;width:300px\" srcset=\"https:\/\/www.lacroixvalmertourisme.com\/wp-content\/uploads\/2025\/01\/lcv-accessible-2025.jpg 600w, https:\/\/www.lacroixvalmertourisme.com\/wp-content\/uploads\/2025\/01\/lcv-accessible-2025-211x300.jpg 211w, https:\/\/www.lacroixvalmertourisme.com\/wp-content\/uploads\/2025\/01\/lcv-accessible-2025-106x150.jpg 106w\" \/><\/a><figcaption class=\"wp-element-caption\"><span class=\"wp-rich-text-font-awesome-icon wp-font-awesome-icon\"><svg aria-hidden=\"true\" focusable=\"false\" data-prefix=\"fas\" data-icon=\"download\" class=\"svg-inline--fa fa-download \" role=\"img\" xmlns=\"http:\/\/www.w3.org\/2000\/svg\" viewBox=\"0 0 448 512\"><path fill=\"currentColor\" d=\"M256 32c0-17.7-14.3-32-32-32s-32 14.3-32 32l0 210.7-41.4-41.4c-12.5-12.5-32.8-12.5-45.3 0s-12.5 32.8 0 45.3l96 96c12.5 12.5 32.8 12.5 45.3 0l96-96c12.5-12.5 12.5-32.8 0-45.3s-32.8-12.5-45.3 0L256 242.7 256 32zM64 320c-35.3 0-64 28.7-64 64l0 32c0 35.3 28.7 64 64 64l320 0c35.3 0 64-28.7 64-64l0-32c0-35.3-28.7-64-64-64l-46.9 0-56.6 56.6c-31.2 31.2-81.9 31.2-113.1 0L110.9 320 64 320zm304 56a24 24 0 1 1 0 48 24 24 0 1 1 0-48z\"><\/path><\/svg><\/span>La Croix Valmer Accessible <em>2025<\/em><\/figcaption><\/figure>\n","protected":false},"excerpt":{"rendered":"<p>Transport ~ Stationnement ~ Acc\u00e8s L&rsquo;Office est accessible en transports en commun via le R\u00e9seau r\u00e9gional ZOU ~ arr\u00eat Croix de Constantin (centre du village) Des places de stationnement sont disponibles \u00e0 proximit\u00e9 imm\u00e9diate, comprenant des places adapt\u00e9es et r\u00e9serv\u00e9es Le cheminement jusqu&rsquo;\u00e0 l&rsquo;entr\u00e9e et l&rsquo;acc\u00e8s \u00e0 l&rsquo;accueil est de plain pied et le rev\u00eatement&#8230;<\/p>\n","protected":false},"author":4,"featured_media":3083,"parent":155,"menu_order":228,"comment_status":"closed","ping_status":"closed","template":"page-plage.blade.php","meta":{"_acf_changed":false,"_crdt_document":"","footnotes":""},"class_list":["post-20219","page","type-page","status-publish","has-post-thumbnail","hentry"],"acf":{"mots-cles":"","slogan":"","introduction":"","autoplay":false,"delay":"","video_mp4":false,"video_webm":false,"poster_image":false,"nugget":false,"pagepage-etendus":"compact","pagepage-updown":true,"page-virtuelle":false,"title_alignement":""},"yoast_head":"<!-- This site is optimized with the Yoast SEO plugin v27.5 - https:\/\/yoast.com\/product\/yoast-seo-wordpress\/ -->\n<title>Accessibilit\u00e9 de l&#039;Office de Tourisme - La Croix-Valmer Tourisme<\/title>\n<meta name=\"robots\" content=\"index, follow, max-snippet:-1, max-image-preview:large, max-video-preview:-1\" \/>\n<link rel=\"canonical\" href=\"https:\/\/www.lacroixvalmertourisme.com\/fr\/la-croix-valmer-tourisme\/accessibilite\" \/>\n<meta property=\"og:locale\" content=\"fr_FR\" \/>\n<meta property=\"og:type\" content=\"article\" \/>\n<meta property=\"og:title\" content=\"Accessibilit\u00e9 de l&#039;Office de Tourisme - La Croix-Valmer Tourisme\" \/>\n<meta property=\"og:description\" content=\"Transport ~ Stationnement ~ Acc\u00e8s L&rsquo;Office est accessible en transports en commun via le R\u00e9seau r\u00e9gional ZOU ~ arr\u00eat Croix de Constantin (centre du village) Des places de stationnement sont disponibles \u00e0 proximit\u00e9 imm\u00e9diate, comprenant des places adapt\u00e9es et r\u00e9serv\u00e9es Le cheminement jusqu&rsquo;\u00e0 l&rsquo;entr\u00e9e et l&rsquo;acc\u00e8s \u00e0 l&rsquo;accueil est de plain pied et le rev\u00eatement...\" \/>\n<meta property=\"og:url\" content=\"https:\/\/www.lacroixvalmertourisme.com\/fr\/la-croix-valmer-tourisme\/accessibilite\" \/>\n<meta property=\"og:site_name\" content=\"La Croix-Valmer Tourisme\" \/>\n<meta property=\"article:publisher\" content=\"https:\/\/www.facebook.com\/lacroixvalmertourisme\/\" \/>\n<meta property=\"article:modified_time\" content=\"2026-02-17T09:20:32+00:00\" \/>\n<meta property=\"og:image\" content=\"https:\/\/www.lacroixvalmertourisme.com\/wp-content\/uploads\/2021\/06\/2020-1709\u00a9guillaumevoiturier-14-SITE-OT.jpg\" \/>\n\t<meta property=\"og:image:width\" content=\"2000\" \/>\n\t<meta property=\"og:image:height\" content=\"1427\" \/>\n\t<meta property=\"og:image:type\" content=\"image\/jpeg\" \/>\n<meta name=\"twitter:card\" content=\"summary_large_image\" \/>\n<meta name=\"twitter:site\" content=\"@La_Croix_Valmer\" \/>\n<meta name=\"twitter:label1\" content=\"Dur\u00e9e de lecture estim\u00e9e\" \/>\n\t<meta name=\"twitter:data1\" content=\"1 minute\" \/>\n<!-- \/ Yoast SEO plugin. -->","yoast_head_json":{"title":"Accessibilit\u00e9 de l'Office de Tourisme - La Croix-Valmer Tourisme","robots":{"index":"index","follow":"follow","max-snippet":"max-snippet:-1","max-image-preview":"max-image-preview:large","max-video-preview":"max-video-preview:-1"},"canonical":"https:\/\/www.lacroixvalmertourisme.com\/fr\/la-croix-valmer-tourisme\/accessibilite","og_locale":"fr_FR","og_type":"article","og_title":"Accessibilit\u00e9 de l'Office de Tourisme - La Croix-Valmer Tourisme","og_description":"Transport ~ Stationnement ~ Acc\u00e8s L&rsquo;Office est accessible en transports en commun via le R\u00e9seau r\u00e9gional ZOU ~ arr\u00eat Croix de Constantin (centre du village) Des places de stationnement sont disponibles \u00e0 proximit\u00e9 imm\u00e9diate, comprenant des places adapt\u00e9es et r\u00e9serv\u00e9es Le cheminement jusqu&rsquo;\u00e0 l&rsquo;entr\u00e9e et l&rsquo;acc\u00e8s \u00e0 l&rsquo;accueil est de plain pied et le rev\u00eatement...","og_url":"https:\/\/www.lacroixvalmertourisme.com\/fr\/la-croix-valmer-tourisme\/accessibilite","og_site_name":"La Croix-Valmer Tourisme","article_publisher":"https:\/\/www.facebook.com\/lacroixvalmertourisme\/","article_modified_time":"2026-02-17T09:20:32+00:00","og_image":[{"width":2000,"height":1427,"url":"https:\/\/www.lacroixvalmertourisme.com\/wp-content\/uploads\/2021\/06\/2020-1709\u00a9guillaumevoiturier-14-SITE-OT.jpg","type":"image\/jpeg"}],"twitter_card":"summary_large_image","twitter_site":"@La_Croix_Valmer","twitter_misc":{"Dur\u00e9e de lecture estim\u00e9e":"1 minute"},"schema":{"@context":"https:\/\/schema.org","@graph":[{"@type":"WebPage","@id":"https:\/\/www.lacroixvalmertourisme.com\/fr\/la-croix-valmer-tourisme\/accessibilite","url":"https:\/\/www.lacroixvalmertourisme.com\/fr\/la-croix-valmer-tourisme\/accessibilite","name":"Accessibilit\u00e9 de l'Office de Tourisme - La Croix-Valmer Tourisme","isPartOf":{"@id":"https:\/\/www.lacroixvalmertourisme.com\/fr\/#website"},"primaryImageOfPage":{"@id":"https:\/\/www.lacroixvalmertourisme.com\/fr\/la-croix-valmer-tourisme\/accessibilite#primaryimage"},"image":{"@id":"https:\/\/www.lacroixvalmertourisme.com\/fr\/la-croix-valmer-tourisme\/accessibilite#primaryimage"},"thumbnailUrl":"https:\/\/www.lacroixvalmertourisme.com\/wp-content\/uploads\/2021\/06\/2020-1709\u00a9guillaumevoiturier-14-SITE-OT.jpg","datePublished":"2025-01-23T10:25:44+00:00","dateModified":"2026-02-17T09:20:32+00:00","breadcrumb":{"@id":"https:\/\/www.lacroixvalmertourisme.com\/fr\/la-croix-valmer-tourisme\/accessibilite#breadcrumb"},"inLanguage":"fr-FR","potentialAction":[{"@type":"ReadAction","target":["https:\/\/www.lacroixvalmertourisme.com\/fr\/la-croix-valmer-tourisme\/accessibilite"]}]},{"@type":"ImageObject","inLanguage":"fr-FR","@id":"https:\/\/www.lacroixvalmertourisme.com\/fr\/la-croix-valmer-tourisme\/accessibilite#primaryimage","url":"https:\/\/www.lacroixvalmertourisme.com\/wp-content\/uploads\/2021\/06\/2020-1709\u00a9guillaumevoiturier-14-SITE-OT.jpg","contentUrl":"https:\/\/www.lacroixvalmertourisme.com\/wp-content\/uploads\/2021\/06\/2020-1709\u00a9guillaumevoiturier-14-SITE-OT.jpg","width":2000,"height":1427,"caption":"office de tourisme la croix valmer"},{"@type":"BreadcrumbList","@id":"https:\/\/www.lacroixvalmertourisme.com\/fr\/la-croix-valmer-tourisme\/accessibilite#breadcrumb","itemListElement":[{"@type":"ListItem","position":1,"name":"Accueil","item":"https:\/\/www.lacroixvalmertourisme.com\/fr"},{"@type":"ListItem","position":2,"name":"Office de Tourisme","item":"https:\/\/www.lacroixvalmertourisme.com\/fr\/la-croix-valmer-tourisme"},{"@type":"ListItem","position":3,"name":"Accessibilit\u00e9 de l&rsquo;Office de Tourisme"}]},{"@type":"WebSite","@id":"https:\/\/www.lacroixvalmertourisme.com\/fr\/#website","url":"https:\/\/www.lacroixvalmertourisme.com\/fr\/","name":"La Croix-Valmer Tourisme","description":"Toutes les informations touristiques pour organiser votre prochain s\u00e9jour \u00e0 La Croix Valmer dans le Golfe de Saint-Tropez","publisher":{"@id":"https:\/\/www.lacroixvalmertourisme.com\/fr\/#organization"},"potentialAction":[{"@type":"SearchAction","target":{"@type":"EntryPoint","urlTemplate":"https:\/\/www.lacroixvalmertourisme.com\/fr\/?s={search_term_string}"},"query-input":{"@type":"PropertyValueSpecification","valueRequired":true,"valueName":"search_term_string"}}],"inLanguage":"fr-FR"},{"@type":"Organization","@id":"https:\/\/www.lacroixvalmertourisme.com\/fr\/#organization","name":"Office de Tourisme de La Croix Valmer","url":"https:\/\/www.lacroixvalmertourisme.com\/fr\/","logo":{"@type":"ImageObject","inLanguage":"fr-FR","@id":"https:\/\/www.lacroixvalmertourisme.com\/fr\/#\/schema\/logo\/image\/","url":"https:\/\/www.lacroixvalmertourisme.com\/wp-content\/uploads\/2021\/06\/Logo_ot_bleu.png","contentUrl":"https:\/\/www.lacroixvalmertourisme.com\/wp-content\/uploads\/2021\/06\/Logo_ot_bleu.png","width":591,"height":454,"caption":"Office de Tourisme de La Croix Valmer"},"image":{"@id":"https:\/\/www.lacroixvalmertourisme.com\/fr\/#\/schema\/logo\/image\/"},"sameAs":["https:\/\/www.facebook.com\/lacroixvalmertourisme\/","https:\/\/x.com\/La_Croix_Valmer","https:\/\/www.instagram.com\/lacroixvalmer_tourisme\/"]}]}},"publishpress_future_workflow_manual_trigger":{"enabledWorkflows":[]},"_links":{"self":[{"href":"https:\/\/www.lacroixvalmertourisme.com\/fr\/wp-json\/wp\/v2\/pages\/20219","targetHints":{"allow":["GET"]}}],"collection":[{"href":"https:\/\/www.lacroixvalmertourisme.com\/fr\/wp-json\/wp\/v2\/pages"}],"about":[{"href":"https:\/\/www.lacroixvalmertourisme.com\/fr\/wp-json\/wp\/v2\/types\/page"}],"author":[{"embeddable":true,"href":"https:\/\/www.lacroixvalmertourisme.com\/fr\/wp-json\/wp\/v2\/users\/4"}],"replies":[{"embeddable":true,"href":"https:\/\/www.lacroixvalmertourisme.com\/fr\/wp-json\/wp\/v2\/comments?post=20219"}],"version-history":[{"count":18,"href":"https:\/\/www.lacroixvalmertourisme.com\/fr\/wp-json\/wp\/v2\/pages\/20219\/revisions"}],"predecessor-version":[{"id":26993,"href":"https:\/\/www.lacroixvalmertourisme.com\/fr\/wp-json\/wp\/v2\/pages\/20219\/revisions\/26993"}],"up":[{"embeddable":true,"href":"https:\/\/www.lacroixvalmertourisme.com\/fr\/wp-json\/wp\/v2\/pages\/155"}],"wp:featuredmedia":[{"embeddable":true,"href":"https:\/\/www.lacroixvalmertourisme.com\/fr\/wp-json\/wp\/v2\/media\/3083"}],"wp:attachment":[{"href":"https:\/\/www.lacroixvalmertourisme.com\/fr\/wp-json\/wp\/v2\/media?parent=20219"}],"curies":[{"name":"wp","href":"https:\/\/api.w.org\/{rel}","templated":true}]}}