{"id":20213,"date":"2025-01-23T11:20:28","date_gmt":"2025-01-23T10:20:28","guid":{"rendered":"https:\/\/www.lacroixvalmertourisme.com\/?page_id=20213"},"modified":"2025-10-21T12:34:12","modified_gmt":"2025-10-21T10:34:12","slug":"qualite-daccueil","status":"publish","type":"page","link":"https:\/\/www.lacroixvalmertourisme.com\/fr\/la-croix-valmer-tourisme\/qualite-daccueil","title":{"rendered":"Qualit\u00e9 d&rsquo;accueil"},"content":{"rendered":"\n<div class=\"wp-block-group is-layout-constrained wp-block-group-is-layout-constrained\">\n<h3 class=\"wp-block-heading has-text-align-center has-secondary-50-color has-text-color has-script-font-family has-5-xl-font-size\">&#8230; c&rsquo;est un service qui \u0153uvre pour une destination d&rsquo;exception<br>&amp; un accueil de qualit\u00e9<\/h3>\n\n\n\n<h3 class=\"wp-block-heading has-text-align-center has-secondary-50-color has-text-color has-script-font-family has-5-xl-font-size\"><strong>La Croix Valmer Tourisme s&rsquo;engage pour un tourisme \u00e9co-responsable avec la labellisation Destination d&rsquo;Excellence,\u00a0<\/strong><\/h3>\n\n\n\n<div style=\"height:50px\" aria-hidden=\"true\" class=\"wp-block-spacer\"><\/div>\n\n\n\n<p class=\"wp-block-paragraph\">Marqu\u00e9 Qualit\u00e9 Tourisme depuis 2012 et class\u00e9 cat\u00e9gorie I depuis 2013, La Croix Valmer\u00a0Tourisme met son engagement et son professionnalisme au service des visiteurs, des\u00a0professionnels et de la collectivit\u00e9. Outils exigeants et structurants, ces d\u00e9marches\u00a0sont destin\u00e9es \u00e0\u00a0am\u00e9liorer la qualit\u00e9 de services de l&rsquo;office de tourisme et celle de la destination.\u00a0<br>Depuis le printemps 2024, Destination d&rsquo;Excellence se substitue \u00e0 Qualit\u00e9 Tourisme.\u00a0La nouveaut\u00e9 r\u00e9side\u00a0dans\u00a0notre engagement\u00a0\u00e9co-responsable. Ces nouveaux crit\u00e8res sont une solide base de travail pour un positionnement clair et la mise en \u0153uvre d&rsquo;une politique touristique durable.<br>C&rsquo;est donc tout naturellement que La Croix Valmer Tourisme s&rsquo;est engag\u00e9 dans cette nouvelle labellisation et projette un premier audit en octobre 2026.<\/p>\n\n\n\n<div style=\"height:50px\" aria-hidden=\"true\" class=\"wp-block-spacer\"><\/div>\n\n\n\n<p class=\"wp-block-paragraph\">Nos engagements\u00a0qualit\u00e9 en quelques mots :\u00a0<br><\/p>\n\n\n\n<div class=\"wp-block-columns is-layout-flex wp-container-core-columns-is-layout-0defc3be wp-block-columns-is-layout-flex\">\n<div class=\"wp-block-column is-layout-flow wp-block-column-is-layout-flow\">\n<p class=\"wp-block-paragraph\">1)<strong>\u00a0aupr\u00e8s\u00a0des visiteurs<\/strong> car la 1\u00e8re impression est essentielle !!\u00a0<br>&#8211; accueillir avec le sourire et des conseils personnalis\u00e9s pour un s\u00e9jour r\u00e9ussi<br>&#8211; recueillir les avis et les traiter<br>&#8211; promouvoir et prot\u00e9ger un destination d&rsquo;exception<\/p>\n<\/div>\n\n\n\n<div class=\"wp-block-column is-layout-flow wp-block-column-is-layout-flow\">\n<p class=\"wp-block-paragraph\">2)\u00a0<strong>aupr\u00e8s\u00a0des professionnels<\/strong> car c&rsquo;est\u00a0un travail d&rsquo;\u00e9quipe !!<br>&#8211; d\u00e9velopper des partenariats et des outils performants\u00a0<br>&#8211; valoriser les d\u00e9marches de progr\u00e8s et labels pour qualifier l&rsquo;offre de la destination<br>&#8211; cr\u00e9er et animer des \u00e9changes entre professionnels<\/p>\n<\/div>\n<\/div>\n\n\n\n<div class=\"wp-block-columns is-layout-flex wp-container-core-columns-is-layout-0defc3be wp-block-columns-is-layout-flex\">\n<div class=\"wp-block-column is-layout-flow wp-block-column-is-layout-flow\">\n<p class=\"wp-block-paragraph\">3)\u00a0<strong>aupr\u00e8s\u00a0de la collectivit\u00e9<\/strong> car \u00e7a doit \u00eatre un objectif commun !!<br>&#8211; mettre en \u0153uvre une strat\u00e9gie touristique locale en accord avec les directives et en respectant\u00a0les sp\u00e9cificit\u00e9s\u00a0du territoire<br>&#8211; d\u00e9velopper la notori\u00e9t\u00e9 et travailler sur l&rsquo;image de la destination<br>&#8211; proposer des axes de d\u00e9veloppement en\u00a0corr\u00e9lation\u00a0avec les attentes des visiteurs et des professionnels<\/p>\n<\/div>\n\n\n\n<div class=\"wp-block-column is-layout-flow wp-block-column-is-layout-flow\">\n<p class=\"wp-block-paragraph\">4) pour une <strong>destination prot\u00e9g\u00e9e<\/strong><br>&#8211; promouvoir un tourisme durable et raisonn\u00e9<br>&#8211; r\u00e9duire les impressions<br>&#8211; organiser et participer \u00e0 des actions de sensibilisation<\/p>\n<\/div>\n<\/div>\n\n\n\n<div style=\"height:50px\" aria-hidden=\"true\" class=\"wp-block-spacer\"><\/div>\n\n\n\n<div class=\"wp-block-buttons is-content-justification-center is-layout-flex wp-container-core-buttons-is-layout-9b3e53d3 wp-block-buttons-is-layout-flex\">\n<div class=\"wp-block-button\"><a class=\"wp-block-button__link has-slate-700-background-color has-background wp-element-button\" href=\"https:\/\/www.atout-france.fr\/fr\/destination-dexcellence\" target=\"_blank\" rel=\"noreferrer noopener\">Pour tout savoir sur Destination d&rsquo;Excellence, c&rsquo;est par ici !<\/a><\/div>\n<\/div>\n\n\n\n<div style=\"height:50px\" aria-hidden=\"true\" class=\"wp-block-spacer\"><\/div>\n<\/div>\n\n\n\n<div class=\"wp-block-columns is-layout-flex wp-container-core-columns-is-layout-0defc3be wp-block-columns-is-layout-flex\">\n<div class=\"wp-block-column is-layout-flow wp-block-column-is-layout-flow\"><\/div>\n\n\n\n<div class=\"wp-block-column is-layout-flow wp-block-column-is-layout-flow\">\n<figure class=\"wp-block-image aligncenter size-full is-resized\"><img data-dominant-color=\"ddd4df\" data-has-transparency=\"false\" loading=\"lazy\" decoding=\"async\" width=\"485\" height=\"436\" sizes=\"auto, (max-width: 485px) 100vw, 485px\" data-tippy-content=\"logo dex\" src=\"https:\/\/www.lacroixvalmertourisme.com\/wp-content\/uploads\/2025\/10\/logo-dex.webp\" alt=\"Logo de la Destination d'Excellence avec au milieu un c\u0153ur d'un cot\u00e9 bleu et de l'autre rouge sur fond transparent\" class=\"wp-image-24789 not-transparent\" style=\"--dominant-color: #ddd4df; width:200px\" srcset=\"https:\/\/www.lacroixvalmertourisme.com\/wp-content\/uploads\/2025\/10\/logo-dex.webp 485w, https:\/\/www.lacroixvalmertourisme.com\/wp-content\/uploads\/2025\/10\/logo-dex-300x270.webp 300w, https:\/\/www.lacroixvalmertourisme.com\/wp-content\/uploads\/2025\/10\/logo-dex-167x150.webp 167w\" \/><\/figure>\n<\/div>\n\n\n\n<div class=\"wp-block-column is-layout-flow wp-block-column-is-layout-flow\"><\/div>\n<\/div>\n","protected":false},"excerpt":{"rendered":"<p>&#8230; c&rsquo;est un service qui \u0153uvre pour une destination d&rsquo;exception&amp; un accueil de qualit\u00e9 La Croix Valmer Tourisme s&rsquo;engage pour un tourisme \u00e9co-responsable avec la labellisation Destination d&rsquo;Excellence,\u00a0 Marqu\u00e9 Qualit\u00e9 Tourisme depuis 2012 et class\u00e9 cat\u00e9gorie I depuis 2013, La Croix Valmer\u00a0Tourisme met son engagement et son professionnalisme au service des visiteurs, des\u00a0professionnels et de&#8230;<\/p>\n","protected":false},"author":4,"featured_media":16274,"parent":155,"menu_order":221,"comment_status":"closed","ping_status":"closed","template":"page-plage.blade.php","meta":{"_acf_changed":false,"_crdt_document":"","footnotes":""},"class_list":["post-20213","page","type-page","status-publish","has-post-thumbnail","hentry"],"acf":{"mots-cles":"","slogan":"","introduction":"","autoplay":false,"delay":"","video_mp4":false,"video_webm":false,"poster_image":false,"nugget":false,"pagepage-etendus":"compact","pagepage-updown":true,"page-virtuelle":false,"title_alignement":""},"yoast_head":"<!-- This site is optimized with the Yoast SEO plugin v27.5 - https:\/\/yoast.com\/product\/yoast-seo-wordpress\/ -->\n<title>Qualit\u00e9 d&#039;accueil - La Croix-Valmer Tourisme<\/title>\n<meta name=\"robots\" content=\"index, follow, max-snippet:-1, max-image-preview:large, max-video-preview:-1\" \/>\n<link rel=\"canonical\" href=\"https:\/\/www.lacroixvalmertourisme.com\/fr\/la-croix-valmer-tourisme\/qualite-daccueil\" \/>\n<meta property=\"og:locale\" content=\"fr_FR\" \/>\n<meta property=\"og:type\" content=\"article\" \/>\n<meta property=\"og:title\" content=\"Qualit\u00e9 d&#039;accueil - La Croix-Valmer Tourisme\" \/>\n<meta property=\"og:description\" content=\"&#8230; c&rsquo;est un service qui \u0153uvre pour une destination d&rsquo;exception&amp; un accueil de qualit\u00e9 La Croix Valmer Tourisme s&rsquo;engage pour un tourisme \u00e9co-responsable avec la labellisation Destination d&rsquo;Excellence,\u00a0 Marqu\u00e9 Qualit\u00e9 Tourisme depuis 2012 et class\u00e9 cat\u00e9gorie I depuis 2013, La Croix Valmer\u00a0Tourisme met son engagement et son professionnalisme au service des visiteurs, des\u00a0professionnels et de...\" \/>\n<meta property=\"og:url\" content=\"https:\/\/www.lacroixvalmertourisme.com\/fr\/la-croix-valmer-tourisme\/qualite-daccueil\" \/>\n<meta property=\"og:site_name\" content=\"La Croix-Valmer Tourisme\" \/>\n<meta property=\"article:publisher\" content=\"https:\/\/www.facebook.com\/lacroixvalmertourisme\/\" \/>\n<meta property=\"article:modified_time\" content=\"2025-10-21T10:34:12+00:00\" \/>\n<meta property=\"og:image\" content=\"https:\/\/www.lacroixvalmertourisme.com\/wp-content\/uploads\/2024\/06\/IMG_6558.jpg\" \/>\n\t<meta property=\"og:image:width\" content=\"2000\" \/>\n\t<meta property=\"og:image:height\" content=\"1500\" \/>\n\t<meta property=\"og:image:type\" content=\"image\/jpeg\" \/>\n<meta name=\"twitter:card\" content=\"summary_large_image\" \/>\n<meta name=\"twitter:site\" content=\"@La_Croix_Valmer\" \/>\n<meta name=\"twitter:label1\" content=\"Dur\u00e9e de lecture estim\u00e9e\" \/>\n\t<meta name=\"twitter:data1\" content=\"2 minutes\" \/>\n<!-- \/ Yoast SEO plugin. -->","yoast_head_json":{"title":"Qualit\u00e9 d'accueil - La Croix-Valmer Tourisme","robots":{"index":"index","follow":"follow","max-snippet":"max-snippet:-1","max-image-preview":"max-image-preview:large","max-video-preview":"max-video-preview:-1"},"canonical":"https:\/\/www.lacroixvalmertourisme.com\/fr\/la-croix-valmer-tourisme\/qualite-daccueil","og_locale":"fr_FR","og_type":"article","og_title":"Qualit\u00e9 d'accueil - La Croix-Valmer Tourisme","og_description":"&#8230; c&rsquo;est un service qui \u0153uvre pour une destination d&rsquo;exception&amp; un accueil de qualit\u00e9 La Croix Valmer Tourisme s&rsquo;engage pour un tourisme \u00e9co-responsable avec la labellisation Destination d&rsquo;Excellence,\u00a0 Marqu\u00e9 Qualit\u00e9 Tourisme depuis 2012 et class\u00e9 cat\u00e9gorie I depuis 2013, La Croix Valmer\u00a0Tourisme met son engagement et son professionnalisme au service des visiteurs, des\u00a0professionnels et de...","og_url":"https:\/\/www.lacroixvalmertourisme.com\/fr\/la-croix-valmer-tourisme\/qualite-daccueil","og_site_name":"La Croix-Valmer Tourisme","article_publisher":"https:\/\/www.facebook.com\/lacroixvalmertourisme\/","article_modified_time":"2025-10-21T10:34:12+00:00","og_image":[{"width":2000,"height":1500,"url":"https:\/\/www.lacroixvalmertourisme.com\/wp-content\/uploads\/2024\/06\/IMG_6558.jpg","type":"image\/jpeg"}],"twitter_card":"summary_large_image","twitter_site":"@La_Croix_Valmer","twitter_misc":{"Dur\u00e9e de lecture estim\u00e9e":"2 minutes"},"schema":{"@context":"https:\/\/schema.org","@graph":[{"@type":"WebPage","@id":"https:\/\/www.lacroixvalmertourisme.com\/fr\/la-croix-valmer-tourisme\/qualite-daccueil","url":"https:\/\/www.lacroixvalmertourisme.com\/fr\/la-croix-valmer-tourisme\/qualite-daccueil","name":"Qualit\u00e9 d'accueil - La Croix-Valmer Tourisme","isPartOf":{"@id":"https:\/\/www.lacroixvalmertourisme.com\/fr\/#website"},"primaryImageOfPage":{"@id":"https:\/\/www.lacroixvalmertourisme.com\/fr\/la-croix-valmer-tourisme\/qualite-daccueil#primaryimage"},"image":{"@id":"https:\/\/www.lacroixvalmertourisme.com\/fr\/la-croix-valmer-tourisme\/qualite-daccueil#primaryimage"},"thumbnailUrl":"https:\/\/www.lacroixvalmertourisme.com\/wp-content\/uploads\/2024\/06\/IMG_6558.jpg","datePublished":"2025-01-23T10:20:28+00:00","dateModified":"2025-10-21T10:34:12+00:00","breadcrumb":{"@id":"https:\/\/www.lacroixvalmertourisme.com\/fr\/la-croix-valmer-tourisme\/qualite-daccueil#breadcrumb"},"inLanguage":"fr-FR","potentialAction":[{"@type":"ReadAction","target":["https:\/\/www.lacroixvalmertourisme.com\/fr\/la-croix-valmer-tourisme\/qualite-daccueil"]}]},{"@type":"ImageObject","inLanguage":"fr-FR","@id":"https:\/\/www.lacroixvalmertourisme.com\/fr\/la-croix-valmer-tourisme\/qualite-daccueil#primaryimage","url":"https:\/\/www.lacroixvalmertourisme.com\/wp-content\/uploads\/2024\/06\/IMG_6558.jpg","contentUrl":"https:\/\/www.lacroixvalmertourisme.com\/wp-content\/uploads\/2024\/06\/IMG_6558.jpg","width":2000,"height":1500,"caption":"brochures eco evenements la croix valmer office de tourisme"},{"@type":"BreadcrumbList","@id":"https:\/\/www.lacroixvalmertourisme.com\/fr\/la-croix-valmer-tourisme\/qualite-daccueil#breadcrumb","itemListElement":[{"@type":"ListItem","position":1,"name":"Accueil","item":"https:\/\/www.lacroixvalmertourisme.com\/fr"},{"@type":"ListItem","position":2,"name":"Office de Tourisme","item":"https:\/\/www.lacroixvalmertourisme.com\/fr\/la-croix-valmer-tourisme"},{"@type":"ListItem","position":3,"name":"Qualit\u00e9 d&rsquo;accueil"}]},{"@type":"WebSite","@id":"https:\/\/www.lacroixvalmertourisme.com\/fr\/#website","url":"https:\/\/www.lacroixvalmertourisme.com\/fr\/","name":"La Croix-Valmer Tourisme","description":"Toutes les informations touristiques pour organiser votre prochain s\u00e9jour \u00e0 La Croix Valmer dans le Golfe de Saint-Tropez","publisher":{"@id":"https:\/\/www.lacroixvalmertourisme.com\/fr\/#organization"},"potentialAction":[{"@type":"SearchAction","target":{"@type":"EntryPoint","urlTemplate":"https:\/\/www.lacroixvalmertourisme.com\/fr\/?s={search_term_string}"},"query-input":{"@type":"PropertyValueSpecification","valueRequired":true,"valueName":"search_term_string"}}],"inLanguage":"fr-FR"},{"@type":"Organization","@id":"https:\/\/www.lacroixvalmertourisme.com\/fr\/#organization","name":"Office de Tourisme de La Croix Valmer","url":"https:\/\/www.lacroixvalmertourisme.com\/fr\/","logo":{"@type":"ImageObject","inLanguage":"fr-FR","@id":"https:\/\/www.lacroixvalmertourisme.com\/fr\/#\/schema\/logo\/image\/","url":"https:\/\/www.lacroixvalmertourisme.com\/wp-content\/uploads\/2021\/06\/Logo_ot_bleu.png","contentUrl":"https:\/\/www.lacroixvalmertourisme.com\/wp-content\/uploads\/2021\/06\/Logo_ot_bleu.png","width":591,"height":454,"caption":"Office de Tourisme de La Croix Valmer"},"image":{"@id":"https:\/\/www.lacroixvalmertourisme.com\/fr\/#\/schema\/logo\/image\/"},"sameAs":["https:\/\/www.facebook.com\/lacroixvalmertourisme\/","https:\/\/x.com\/La_Croix_Valmer","https:\/\/www.instagram.com\/lacroixvalmer_tourisme\/"]}]}},"publishpress_future_workflow_manual_trigger":{"enabledWorkflows":[]},"_links":{"self":[{"href":"https:\/\/www.lacroixvalmertourisme.com\/fr\/wp-json\/wp\/v2\/pages\/20213","targetHints":{"allow":["GET"]}}],"collection":[{"href":"https:\/\/www.lacroixvalmertourisme.com\/fr\/wp-json\/wp\/v2\/pages"}],"about":[{"href":"https:\/\/www.lacroixvalmertourisme.com\/fr\/wp-json\/wp\/v2\/types\/page"}],"author":[{"embeddable":true,"href":"https:\/\/www.lacroixvalmertourisme.com\/fr\/wp-json\/wp\/v2\/users\/4"}],"replies":[{"embeddable":true,"href":"https:\/\/www.lacroixvalmertourisme.com\/fr\/wp-json\/wp\/v2\/comments?post=20213"}],"version-history":[{"count":6,"href":"https:\/\/www.lacroixvalmertourisme.com\/fr\/wp-json\/wp\/v2\/pages\/20213\/revisions"}],"predecessor-version":[{"id":24795,"href":"https:\/\/www.lacroixvalmertourisme.com\/fr\/wp-json\/wp\/v2\/pages\/20213\/revisions\/24795"}],"up":[{"embeddable":true,"href":"https:\/\/www.lacroixvalmertourisme.com\/fr\/wp-json\/wp\/v2\/pages\/155"}],"wp:featuredmedia":[{"embeddable":true,"href":"https:\/\/www.lacroixvalmertourisme.com\/fr\/wp-json\/wp\/v2\/media\/16274"}],"wp:attachment":[{"href":"https:\/\/www.lacroixvalmertourisme.com\/fr\/wp-json\/wp\/v2\/media?parent=20213"}],"curies":[{"name":"wp","href":"https:\/\/api.w.org\/{rel}","templated":true}]}}