{"id":20207,"date":"2025-01-23T11:11:48","date_gmt":"2025-01-23T10:11:48","guid":{"rendered":"https:\/\/www.lacroixvalmertourisme.com\/?page_id=20207"},"modified":"2026-02-06T13:51:54","modified_gmt":"2026-02-06T12:51:54","slug":"cest-une-equipe-qualifiee","status":"publish","type":"page","link":"https:\/\/www.lacroixvalmertourisme.com\/fr\/la-croix-valmer-tourisme\/cest-une-equipe-qualifiee","title":{"rendered":"Une \u00e9quipe qualifi\u00e9e"},"content":{"rendered":"\n<div class=\"wp-block-columns alignwide is-layout-flex wp-container-core-columns-is-layout-0defc3be wp-block-columns-is-layout-flex\">\n<div class=\"wp-block-column is-layout-flow wp-block-column-is-layout-flow\">\n<figure class=\"wp-block-image aligncenter size-large is-resized is-style-rounded is-style-rounded--1\"><a data-caption=\"florence\" href=\"https:\/\/www.lacroixvalmertourisme.com\/wp-content\/uploads\/2025\/07\/florence-1024x1024.jpg\" data-fancybox=\"gallery\"><img loading=\"lazy\" decoding=\"async\" width=\"1024\" height=\"1024\" sizes=\"auto, (max-width: 1024px) 100vw, 1024px\" data-tippy-content=\"florence\" src=\"https:\/\/www.lacroixvalmertourisme.com\/wp-content\/uploads\/2025\/07\/florence-1024x1024.jpg\" alt=\"Directrice de l'Office de Tourisme qui sourit devant un mur de pierre avec un t-shirt aux couleurs de l'entreprise\" class=\"wp-image-23769\" style=\"width:256px;height:256px\" srcset=\"https:\/\/www.lacroixvalmertourisme.com\/wp-content\/uploads\/2025\/07\/florence-1024x1024.jpg 1024w, https:\/\/www.lacroixvalmertourisme.com\/wp-content\/uploads\/2025\/07\/florence-300x300.jpg 300w, https:\/\/www.lacroixvalmertourisme.com\/wp-content\/uploads\/2025\/07\/florence-150x150.jpg 150w, https:\/\/www.lacroixvalmertourisme.com\/wp-content\/uploads\/2025\/07\/florence-768x768.jpg 768w, https:\/\/www.lacroixvalmertourisme.com\/wp-content\/uploads\/2025\/07\/florence-1536x1536.jpg 1536w, https:\/\/www.lacroixvalmertourisme.com\/wp-content\/uploads\/2025\/07\/florence.jpg 2048w\" \/><\/a><figcaption class=\"wp-element-caption\"><strong>Florence TAILLEFER<\/strong><br>Directrice<\/figcaption><\/figure>\n<\/div>\n\n\n\n<div class=\"wp-block-column is-layout-flow wp-block-column-is-layout-flow\">\n<figure class=\"wp-block-image aligncenter size-large is-resized is-style-rounded is-style-rounded--2\"><img loading=\"lazy\" decoding=\"async\" width=\"1024\" height=\"1024\" sizes=\"auto, (max-width: 1024px) 100vw, 1024px\" src=\"https:\/\/www.lacroixvalmertourisme.com\/wp-content\/uploads\/2022\/03\/juliette-1024x1024.png\" alt=\"\u00e9quipe office de tourisme la croix valmer\" class=\"wp-image-7736\" style=\"width:256px;height:256px\" srcset=\"https:\/\/www.lacroixvalmertourisme.com\/wp-content\/uploads\/2022\/03\/juliette-1024x1024.png 1024w, https:\/\/www.lacroixvalmertourisme.com\/wp-content\/uploads\/2022\/03\/juliette-300x300.png 300w, https:\/\/www.lacroixvalmertourisme.com\/wp-content\/uploads\/2022\/03\/juliette-150x150.png 150w, https:\/\/www.lacroixvalmertourisme.com\/wp-content\/uploads\/2022\/03\/juliette-768x768.png 768w, https:\/\/www.lacroixvalmertourisme.com\/wp-content\/uploads\/2022\/03\/juliette-1536x1536.png 1536w, https:\/\/www.lacroixvalmertourisme.com\/wp-content\/uploads\/2022\/03\/juliette.png 2048w\" \/><figcaption class=\"wp-element-caption\"><strong>Juliette PIOTROWSKI<\/strong><br>Assistante de direction,<br>Classements et Labels OT<\/figcaption><\/figure>\n<\/div>\n\n\n\n<div class=\"wp-block-column is-layout-flow wp-block-column-is-layout-flow\">\n<figure class=\"wp-block-image aligncenter size-large is-resized is-style-rounded is-style-rounded--3\"><img loading=\"lazy\" decoding=\"async\" width=\"1024\" height=\"1024\" sizes=\"auto, (max-width: 1024px) 100vw, 1024px\" src=\"https:\/\/www.lacroixvalmertourisme.com\/wp-content\/uploads\/2022\/03\/emilie-1-1024x1024.png\" alt=\"\u00e9quipe office de tourisme la croix valmer\" class=\"wp-image-7727\" style=\"width:256px;height:256px\" srcset=\"https:\/\/www.lacroixvalmertourisme.com\/wp-content\/uploads\/2022\/03\/emilie-1-1024x1024.png 1024w, https:\/\/www.lacroixvalmertourisme.com\/wp-content\/uploads\/2022\/03\/emilie-1-300x300.png 300w, https:\/\/www.lacroixvalmertourisme.com\/wp-content\/uploads\/2022\/03\/emilie-1-150x150.png 150w, https:\/\/www.lacroixvalmertourisme.com\/wp-content\/uploads\/2022\/03\/emilie-1-768x768.png 768w, https:\/\/www.lacroixvalmertourisme.com\/wp-content\/uploads\/2022\/03\/emilie-1-1536x1536.png 1536w, https:\/\/www.lacroixvalmertourisme.com\/wp-content\/uploads\/2022\/03\/emilie-1.png 2048w\" \/><figcaption class=\"wp-element-caption\"><strong><strong><strong>Emilie MYOT<\/strong><br><\/strong><\/strong>Responsable Accueil, <br>Suppl\u00e9ante Classement meubl\u00e9s<br><\/figcaption><\/figure>\n<\/div>\n<\/div>\n\n\n\n<div class=\"wp-block-columns alignwide is-layout-flex wp-container-core-columns-is-layout-0defc3be wp-block-columns-is-layout-flex\">\n<div class=\"wp-block-column is-vertically-aligned-center is-layout-flow wp-block-column-is-layout-flow\">\n<figure class=\"wp-block-image aligncenter size-large is-resized is-style-rounded is-style-rounded--4\"><img data-dominant-color=\"78716f\" data-has-transparency=\"false\" loading=\"lazy\" decoding=\"async\" width=\"1024\" height=\"1024\" sizes=\"auto, (max-width: 1024px) 100vw, 1024px\" data-tippy-content=\"trombi emma\" src=\"https:\/\/www.lacroixvalmertourisme.com\/wp-content\/uploads\/2026\/01\/trombi-emma-1024x1024.webp\" alt=\"Agent d'accueil de l'Office de Tourisme sp\u00e9cialis\u00e9e dans les sentiers 2 roues et la randonn\u00e9e qui sourit devant un mur de pierre avec une veste aux couleurs de l'entreprise\" class=\"wp-image-26444 not-transparent\" style=\"--dominant-color: #78716f; object-fit:cover;width:256px;height:256px\" srcset=\"https:\/\/www.lacroixvalmertourisme.com\/wp-content\/uploads\/2026\/01\/trombi-emma-1024x1024.webp 1024w, https:\/\/www.lacroixvalmertourisme.com\/wp-content\/uploads\/2026\/01\/trombi-emma-300x300.webp 300w, https:\/\/www.lacroixvalmertourisme.com\/wp-content\/uploads\/2026\/01\/trombi-emma-150x150.webp 150w, https:\/\/www.lacroixvalmertourisme.com\/wp-content\/uploads\/2026\/01\/trombi-emma-768x768.webp 768w, https:\/\/www.lacroixvalmertourisme.com\/wp-content\/uploads\/2026\/01\/trombi-emma-1536x1536.webp 1536w, https:\/\/www.lacroixvalmertourisme.com\/wp-content\/uploads\/2026\/01\/trombi-emma.webp 2048w\" \/><figcaption class=\"wp-element-caption\"><strong><strong><strong>Emma SCRIVE<\/strong><br><\/strong><\/strong>Conseill\u00e8re en s\u00e9jour, offre nature balades &amp; 2 roues<\/figcaption><\/figure>\n\n\n\n<figure class=\"wp-block-image aligncenter size-large is-resized is-style-rounded is-style-rounded--5\"><img data-dominant-color=\"696969\" data-has-transparency=\"false\" loading=\"lazy\" decoding=\"async\" width=\"1024\" height=\"1024\" sizes=\"auto, (max-width: 1024px) 100vw, 1024px\" data-tippy-content=\"Margot INZIRILLO\" src=\"https:\/\/www.lacroixvalmertourisme.com\/wp-content\/uploads\/2026\/02\/Margot-INZIRILLO-1024x1024.webp\" alt=\"Charmante Community Manager de l'Office de Tourisme qui sourit devant un mur de pierre avec le soleil dans le visage, avec une veste aux couleurs de l'entreprise\" class=\"wp-image-26828 not-transparent\" style=\"--dominant-color: #696969; object-fit:cover;width:256px;height:auto\" srcset=\"https:\/\/www.lacroixvalmertourisme.com\/wp-content\/uploads\/2026\/02\/Margot-INZIRILLO-1024x1024.webp 1024w, https:\/\/www.lacroixvalmertourisme.com\/wp-content\/uploads\/2026\/02\/Margot-INZIRILLO-300x300.webp 300w, https:\/\/www.lacroixvalmertourisme.com\/wp-content\/uploads\/2026\/02\/Margot-INZIRILLO-150x150.webp 150w, https:\/\/www.lacroixvalmertourisme.com\/wp-content\/uploads\/2026\/02\/Margot-INZIRILLO-768x768.webp 768w, https:\/\/www.lacroixvalmertourisme.com\/wp-content\/uploads\/2026\/02\/Margot-INZIRILLO-1536x1536.webp 1536w, https:\/\/www.lacroixvalmertourisme.com\/wp-content\/uploads\/2026\/02\/Margot-INZIRILLO.webp 2048w\" \/><figcaption class=\"wp-element-caption\"><strong><strong><strong>Margot INZIRILLO<\/strong><br><\/strong><\/strong>Community Manager, Web, R\u00e9seaux sociaux<\/figcaption><\/figure>\n<\/div>\n\n\n\n<div class=\"wp-block-column is-layout-flow wp-block-column-is-layout-flow\">\n<figure class=\"wp-block-image aligncenter size-large is-resized is-style-rounded is-style-rounded--6\"><a data-caption=\"noemie\" href=\"https:\/\/www.lacroixvalmertourisme.com\/wp-content\/uploads\/2025\/08\/noemie-1024x1024.jpg\" data-fancybox=\"gallery\"><img loading=\"lazy\" decoding=\"async\" width=\"1024\" height=\"1024\" sizes=\"auto, (max-width: 1024px) 100vw, 1024px\" data-tippy-content=\"noemie\" src=\"https:\/\/www.lacroixvalmertourisme.com\/wp-content\/uploads\/2025\/08\/noemie-1024x1024.jpg\" alt=\"Business digital Manager de l'Office de Tourisme qui sourit devant un mur de pierre avec un t-shirt blanc\" class=\"wp-image-24179\" style=\"width:256px;height:256px\" srcset=\"https:\/\/www.lacroixvalmertourisme.com\/wp-content\/uploads\/2025\/08\/noemie-1024x1024.jpg 1024w, https:\/\/www.lacroixvalmertourisme.com\/wp-content\/uploads\/2025\/08\/noemie-300x300.jpg 300w, https:\/\/www.lacroixvalmertourisme.com\/wp-content\/uploads\/2025\/08\/noemie-150x150.jpg 150w, https:\/\/www.lacroixvalmertourisme.com\/wp-content\/uploads\/2025\/08\/noemie-768x768.jpg 768w, https:\/\/www.lacroixvalmertourisme.com\/wp-content\/uploads\/2025\/08\/noemie-1536x1536.jpg 1536w, https:\/\/www.lacroixvalmertourisme.com\/wp-content\/uploads\/2025\/08\/noemie.jpg 2048w\" \/><\/a><figcaption class=\"wp-element-caption\"><strong><strong><strong><strong><strong>No\u00e9mie BARROS<\/strong><\/strong><\/strong><br><\/strong><\/strong>Digital Business, Web, R\u00e9seaux sociaux, Partenariats et Socio-professionnels<\/figcaption><\/figure>\n\n\n\n<figure class=\"wp-block-image aligncenter size-large is-resized is-style-rounded is-style-rounded--7\"><img loading=\"lazy\" decoding=\"async\" width=\"1024\" height=\"1024\" sizes=\"auto, (max-width: 1024px) 100vw, 1024px\" src=\"https:\/\/www.lacroixvalmertourisme.com\/wp-content\/uploads\/2023\/07\/trombi-equipe-1024x1024.jpg\" alt=\"\" class=\"wp-image-12793\" style=\"width:256px;height:256px\" srcset=\"https:\/\/www.lacroixvalmertourisme.com\/wp-content\/uploads\/2023\/07\/trombi-equipe-1024x1024.jpg 1024w, https:\/\/www.lacroixvalmertourisme.com\/wp-content\/uploads\/2023\/07\/trombi-equipe-300x300.jpg 300w, https:\/\/www.lacroixvalmertourisme.com\/wp-content\/uploads\/2023\/07\/trombi-equipe-150x150.jpg 150w, https:\/\/www.lacroixvalmertourisme.com\/wp-content\/uploads\/2023\/07\/trombi-equipe-768x768.jpg 768w, https:\/\/www.lacroixvalmertourisme.com\/wp-content\/uploads\/2023\/07\/trombi-equipe-1536x1536.jpg 1536w, https:\/\/www.lacroixvalmertourisme.com\/wp-content\/uploads\/2023\/07\/trombi-equipe.jpg 2048w\" \/><figcaption class=\"wp-element-caption\"><strong>Manale SALEH<br><\/strong>Community Manager, Web, Suppl\u00e9ante Classement meubl\u00e9s <\/figcaption><\/figure>\n<\/div>\n\n\n\n<div class=\"wp-block-column is-layout-flow wp-block-column-is-layout-flow\">\n<figure class=\"wp-block-image aligncenter size-large is-resized is-style-rounded is-style-rounded--8\"><a data-caption=\"zoya\" href=\"https:\/\/www.lacroixvalmertourisme.com\/wp-content\/uploads\/2025\/07\/zoya-1024x1024.jpg\" data-fancybox=\"gallery\"><img loading=\"lazy\" decoding=\"async\" width=\"1024\" height=\"1024\" sizes=\"auto, (max-width: 1024px) 100vw, 1024px\" data-tippy-content=\"zoya\" src=\"https:\/\/www.lacroixvalmertourisme.com\/wp-content\/uploads\/2025\/07\/zoya-1024x1024.jpg\" alt=\"Responsable des meubl\u00e9s de Tourisme qui sourit devant un mur de pierre avec un t-shirt aux couleurs de l'entreprise\" class=\"wp-image-23757\" style=\"width:256px;height:256px\" srcset=\"https:\/\/www.lacroixvalmertourisme.com\/wp-content\/uploads\/2025\/07\/zoya-1024x1024.jpg 1024w, https:\/\/www.lacroixvalmertourisme.com\/wp-content\/uploads\/2025\/07\/zoya-300x300.jpg 300w, https:\/\/www.lacroixvalmertourisme.com\/wp-content\/uploads\/2025\/07\/zoya-150x150.jpg 150w, https:\/\/www.lacroixvalmertourisme.com\/wp-content\/uploads\/2025\/07\/zoya-768x768.jpg 768w, https:\/\/www.lacroixvalmertourisme.com\/wp-content\/uploads\/2025\/07\/zoya-1536x1536.jpg 1536w, https:\/\/www.lacroixvalmertourisme.com\/wp-content\/uploads\/2025\/07\/zoya.jpg 2048w\" \/><\/a><figcaption class=\"wp-element-caption\"><strong>Zoya LUDEWIG<br><\/strong>Partenariats et Socio-professionnels, Taxe de s\u00e9jour, R\u00e9f\u00e9rente Classement meubl\u00e9s<\/figcaption><\/figure>\n\n\n\n<figure class=\"wp-block-image aligncenter size-large is-resized is-style-rounded is-style-rounded--9\"><img loading=\"lazy\" decoding=\"async\" width=\"1024\" height=\"1024\" sizes=\"auto, (max-width: 1024px) 100vw, 1024px\" src=\"https:\/\/www.lacroixvalmertourisme.com\/wp-content\/uploads\/2022\/03\/francoise-1024x1024.png\" alt=\"\u00e9quipe office de tourisme la croix valmer\" class=\"wp-image-7730\" style=\"width:256px;height:256px\" srcset=\"https:\/\/www.lacroixvalmertourisme.com\/wp-content\/uploads\/2022\/03\/francoise-1024x1024.png 1024w, https:\/\/www.lacroixvalmertourisme.com\/wp-content\/uploads\/2022\/03\/francoise-300x300.png 300w, https:\/\/www.lacroixvalmertourisme.com\/wp-content\/uploads\/2022\/03\/francoise-150x150.png 150w, https:\/\/www.lacroixvalmertourisme.com\/wp-content\/uploads\/2022\/03\/francoise-768x768.png 768w, https:\/\/www.lacroixvalmertourisme.com\/wp-content\/uploads\/2022\/03\/francoise-1536x1536.png 1536w, https:\/\/www.lacroixvalmertourisme.com\/wp-content\/uploads\/2022\/03\/francoise.png 2048w\" \/><figcaption class=\"wp-element-caption\"><strong><strong>Fran\u00e7oise CARANDANTE<\/strong><br><\/strong>Festival des Anches d&rsquo;Azur<\/figcaption><\/figure>\n<\/div>\n<\/div>\n\n\n\n<div class=\"wp-block-columns alignwide is-layout-flex wp-container-core-columns-is-layout-0defc3be wp-block-columns-is-layout-flex\">\n<div class=\"wp-block-column is-layout-flow wp-block-column-is-layout-flow\"><\/div>\n\n\n\n<div class=\"wp-block-column is-layout-flow wp-block-column-is-layout-flow\"><\/div>\n\n\n\n<div class=\"wp-block-column is-layout-flow wp-block-column-is-layout-flow\"><\/div>\n<\/div>\n\n\n\n<p class=\"wp-block-paragraph\"><\/p>\n","protected":false},"excerpt":{"rendered":"","protected":false},"author":4,"featured_media":17217,"parent":155,"menu_order":218,"comment_status":"closed","ping_status":"closed","template":"page-plage.blade.php","meta":{"_acf_changed":false,"_crdt_document":"","footnotes":""},"class_list":["post-20207","page","type-page","status-publish","has-post-thumbnail","hentry"],"acf":{"mots-cles":"","slogan":"","introduction":"","autoplay":false,"delay":"","video_mp4":false,"video_webm":false,"poster_image":false,"nugget":false,"pagepage-etendus":"compact","pagepage-updown":true,"page-virtuelle":false,"title_alignement":""},"yoast_head":"<!-- This site is optimized with the Yoast SEO plugin v27.5 - https:\/\/yoast.com\/product\/yoast-seo-wordpress\/ -->\n<title>Une \u00e9quipe qualifi\u00e9e - La Croix-Valmer Tourisme<\/title>\n<meta name=\"robots\" content=\"index, follow, max-snippet:-1, max-image-preview:large, max-video-preview:-1\" \/>\n<link rel=\"canonical\" href=\"https:\/\/www.lacroixvalmertourisme.com\/fr\/la-croix-valmer-tourisme\/cest-une-equipe-qualifiee\" \/>\n<meta property=\"og:locale\" content=\"fr_FR\" \/>\n<meta property=\"og:type\" content=\"article\" \/>\n<meta property=\"og:title\" content=\"Une \u00e9quipe qualifi\u00e9e - La Croix-Valmer Tourisme\" \/>\n<meta property=\"og:url\" content=\"https:\/\/www.lacroixvalmertourisme.com\/fr\/la-croix-valmer-tourisme\/cest-une-equipe-qualifiee\" \/>\n<meta property=\"og:site_name\" content=\"La Croix-Valmer Tourisme\" \/>\n<meta property=\"article:publisher\" content=\"https:\/\/www.facebook.com\/lacroixvalmertourisme\/\" \/>\n<meta property=\"article:modified_time\" content=\"2026-02-06T12:51:54+00:00\" \/>\n<meta property=\"og:image\" content=\"https:\/\/www.lacroixvalmertourisme.com\/wp-content\/uploads\/2024\/07\/Accueil-saisonniers-2024-\u00a9-lacroixvalmertourisme-40.jpeg\" \/>\n\t<meta property=\"og:image:width\" content=\"1536\" \/>\n\t<meta property=\"og:image:height\" content=\"2048\" \/>\n\t<meta property=\"og:image:type\" content=\"image\/jpeg\" \/>\n<meta name=\"twitter:card\" content=\"summary_large_image\" \/>\n<meta name=\"twitter:site\" content=\"@La_Croix_Valmer\" \/>\n<!-- \/ Yoast SEO plugin. -->","yoast_head_json":{"title":"Une \u00e9quipe qualifi\u00e9e - La Croix-Valmer Tourisme","robots":{"index":"index","follow":"follow","max-snippet":"max-snippet:-1","max-image-preview":"max-image-preview:large","max-video-preview":"max-video-preview:-1"},"canonical":"https:\/\/www.lacroixvalmertourisme.com\/fr\/la-croix-valmer-tourisme\/cest-une-equipe-qualifiee","og_locale":"fr_FR","og_type":"article","og_title":"Une \u00e9quipe qualifi\u00e9e - La Croix-Valmer Tourisme","og_url":"https:\/\/www.lacroixvalmertourisme.com\/fr\/la-croix-valmer-tourisme\/cest-une-equipe-qualifiee","og_site_name":"La Croix-Valmer Tourisme","article_publisher":"https:\/\/www.facebook.com\/lacroixvalmertourisme\/","article_modified_time":"2026-02-06T12:51:54+00:00","og_image":[{"width":1536,"height":2048,"url":"https:\/\/www.lacroixvalmertourisme.com\/wp-content\/uploads\/2024\/07\/Accueil-saisonniers-2024-\u00a9-lacroixvalmertourisme-40.jpeg","type":"image\/jpeg"}],"twitter_card":"summary_large_image","twitter_site":"@La_Croix_Valmer","schema":{"@context":"https:\/\/schema.org","@graph":[{"@type":"WebPage","@id":"https:\/\/www.lacroixvalmertourisme.com\/fr\/la-croix-valmer-tourisme\/cest-une-equipe-qualifiee","url":"https:\/\/www.lacroixvalmertourisme.com\/fr\/la-croix-valmer-tourisme\/cest-une-equipe-qualifiee","name":"Une \u00e9quipe qualifi\u00e9e - La Croix-Valmer Tourisme","isPartOf":{"@id":"https:\/\/www.lacroixvalmertourisme.com\/fr\/#website"},"primaryImageOfPage":{"@id":"https:\/\/www.lacroixvalmertourisme.com\/fr\/la-croix-valmer-tourisme\/cest-une-equipe-qualifiee#primaryimage"},"image":{"@id":"https:\/\/www.lacroixvalmertourisme.com\/fr\/la-croix-valmer-tourisme\/cest-une-equipe-qualifiee#primaryimage"},"thumbnailUrl":"https:\/\/www.lacroixvalmertourisme.com\/wp-content\/uploads\/2024\/07\/Accueil-saisonniers-2024-\u00a9-lacroixvalmertourisme-40.jpeg","datePublished":"2025-01-23T10:11:48+00:00","dateModified":"2026-02-06T12:51:54+00:00","breadcrumb":{"@id":"https:\/\/www.lacroixvalmertourisme.com\/fr\/la-croix-valmer-tourisme\/cest-une-equipe-qualifiee#breadcrumb"},"inLanguage":"fr-FR","potentialAction":[{"@type":"ReadAction","target":["https:\/\/www.lacroixvalmertourisme.com\/fr\/la-croix-valmer-tourisme\/cest-une-equipe-qualifiee"]}]},{"@type":"ImageObject","inLanguage":"fr-FR","@id":"https:\/\/www.lacroixvalmertourisme.com\/fr\/la-croix-valmer-tourisme\/cest-une-equipe-qualifiee#primaryimage","url":"https:\/\/www.lacroixvalmertourisme.com\/wp-content\/uploads\/2024\/07\/Accueil-saisonniers-2024-\u00a9-lacroixvalmertourisme-40.jpeg","contentUrl":"https:\/\/www.lacroixvalmertourisme.com\/wp-content\/uploads\/2024\/07\/Accueil-saisonniers-2024-\u00a9-lacroixvalmertourisme-40.jpeg","width":1536,"height":2048,"caption":"saison 2024 la croix valmer tourisme office de tourisme"},{"@type":"BreadcrumbList","@id":"https:\/\/www.lacroixvalmertourisme.com\/fr\/la-croix-valmer-tourisme\/cest-une-equipe-qualifiee#breadcrumb","itemListElement":[{"@type":"ListItem","position":1,"name":"Accueil","item":"https:\/\/www.lacroixvalmertourisme.com\/fr"},{"@type":"ListItem","position":2,"name":"Office de Tourisme","item":"https:\/\/www.lacroixvalmertourisme.com\/fr\/la-croix-valmer-tourisme"},{"@type":"ListItem","position":3,"name":"Une \u00e9quipe qualifi\u00e9e"}]},{"@type":"WebSite","@id":"https:\/\/www.lacroixvalmertourisme.com\/fr\/#website","url":"https:\/\/www.lacroixvalmertourisme.com\/fr\/","name":"La Croix-Valmer Tourisme","description":"Toutes les informations touristiques pour organiser votre prochain s\u00e9jour \u00e0 La Croix Valmer dans le Golfe de Saint-Tropez","publisher":{"@id":"https:\/\/www.lacroixvalmertourisme.com\/fr\/#organization"},"potentialAction":[{"@type":"SearchAction","target":{"@type":"EntryPoint","urlTemplate":"https:\/\/www.lacroixvalmertourisme.com\/fr\/?s={search_term_string}"},"query-input":{"@type":"PropertyValueSpecification","valueRequired":true,"valueName":"search_term_string"}}],"inLanguage":"fr-FR"},{"@type":"Organization","@id":"https:\/\/www.lacroixvalmertourisme.com\/fr\/#organization","name":"Office de Tourisme de La Croix Valmer","url":"https:\/\/www.lacroixvalmertourisme.com\/fr\/","logo":{"@type":"ImageObject","inLanguage":"fr-FR","@id":"https:\/\/www.lacroixvalmertourisme.com\/fr\/#\/schema\/logo\/image\/","url":"https:\/\/www.lacroixvalmertourisme.com\/wp-content\/uploads\/2021\/06\/Logo_ot_bleu.png","contentUrl":"https:\/\/www.lacroixvalmertourisme.com\/wp-content\/uploads\/2021\/06\/Logo_ot_bleu.png","width":591,"height":454,"caption":"Office de Tourisme de La Croix Valmer"},"image":{"@id":"https:\/\/www.lacroixvalmertourisme.com\/fr\/#\/schema\/logo\/image\/"},"sameAs":["https:\/\/www.facebook.com\/lacroixvalmertourisme\/","https:\/\/x.com\/La_Croix_Valmer","https:\/\/www.instagram.com\/lacroixvalmer_tourisme\/"]}]}},"publishpress_future_workflow_manual_trigger":{"enabledWorkflows":[]},"_links":{"self":[{"href":"https:\/\/www.lacroixvalmertourisme.com\/fr\/wp-json\/wp\/v2\/pages\/20207","targetHints":{"allow":["GET"]}}],"collection":[{"href":"https:\/\/www.lacroixvalmertourisme.com\/fr\/wp-json\/wp\/v2\/pages"}],"about":[{"href":"https:\/\/www.lacroixvalmertourisme.com\/fr\/wp-json\/wp\/v2\/types\/page"}],"author":[{"embeddable":true,"href":"https:\/\/www.lacroixvalmertourisme.com\/fr\/wp-json\/wp\/v2\/users\/4"}],"replies":[{"embeddable":true,"href":"https:\/\/www.lacroixvalmertourisme.com\/fr\/wp-json\/wp\/v2\/comments?post=20207"}],"version-history":[{"count":33,"href":"https:\/\/www.lacroixvalmertourisme.com\/fr\/wp-json\/wp\/v2\/pages\/20207\/revisions"}],"predecessor-version":[{"id":26829,"href":"https:\/\/www.lacroixvalmertourisme.com\/fr\/wp-json\/wp\/v2\/pages\/20207\/revisions\/26829"}],"up":[{"embeddable":true,"href":"https:\/\/www.lacroixvalmertourisme.com\/fr\/wp-json\/wp\/v2\/pages\/155"}],"wp:featuredmedia":[{"embeddable":true,"href":"https:\/\/www.lacroixvalmertourisme.com\/fr\/wp-json\/wp\/v2\/media\/17217"}],"wp:attachment":[{"href":"https:\/\/www.lacroixvalmertourisme.com\/fr\/wp-json\/wp\/v2\/media?parent=20207"}],"curies":[{"name":"wp","href":"https:\/\/api.w.org\/{rel}","templated":true}]}}