{"id":19957,"date":"2025-01-13T10:35:17","date_gmt":"2025-01-13T09:35:17","guid":{"rendered":"https:\/\/www.lacroixvalmertourisme.com\/?page_id=19957"},"modified":"2026-03-02T10:54:50","modified_gmt":"2026-03-02T09:54:50","slug":"la-croix-valmer-en-2-roues","status":"publish","type":"page","link":"https:\/\/www.lacroixvalmertourisme.com\/fr\/venir-transports-stationnement\/la-croix-valmer-en-2-roues","title":{"rendered":"La Croix Valmer en 2 roues"},"content":{"rendered":"\n<div class=\"wp-block-group alignwide is-layout-constrained wp-block-group-is-layout-constrained\">\n<div class=\"wp-block-columns alignfull is-layout-flex wp-container-core-columns-is-layout-0defc3be wp-block-columns-is-layout-flex\">\n<div class=\"wp-block-column is-layout-flow wp-block-column-is-layout-flow\">\n<figure class=\"wp-block-image aligncenter size-full is-resized is-style-rounded is-style-rounded--1\"><a href=\"https:\/\/bit.ly\/En_2_roues\" target=\"_blank\" rel=\" noreferrer noopener\"><img data-dominant-color=\"a5aca4\" data-has-transparency=\"false\" loading=\"lazy\" decoding=\"async\" width=\"640\" height=\"906\" sizes=\"auto, (max-width: 640px) 100vw, 640px\" src=\"https:\/\/www.lacroixvalmertourisme.com\/wp-content\/uploads\/2025\/12\/en-2-roues-2026-couv.webp\" alt=\"T\u00e9l\u00e9charger le guide en 2 roues\" class=\"wp-image-26165 not-transparent\" style=\"--dominant-color: #a5aca4; aspect-ratio:3\/4;object-fit:cover;width:300px\" srcset=\"https:\/\/www.lacroixvalmertourisme.com\/wp-content\/uploads\/2025\/12\/en-2-roues-2026-couv.webp 640w, https:\/\/www.lacroixvalmertourisme.com\/wp-content\/uploads\/2025\/12\/en-2-roues-2026-couv-212x300.webp 212w, https:\/\/www.lacroixvalmertourisme.com\/wp-content\/uploads\/2025\/12\/en-2-roues-2026-couv-106x150.webp 106w\" \/><\/a><figcaption class=\"wp-element-caption\"><span class=\"wp-rich-text-font-awesome-icon wp-font-awesome-icon\"><svg aria-hidden=\"true\" focusable=\"false\" data-prefix=\"fas\" data-icon=\"download\" class=\"svg-inline--fa fa-download \" role=\"img\" xmlns=\"http:\/\/www.w3.org\/2000\/svg\" viewBox=\"0 0 448 512\"><path fill=\"currentColor\" d=\"M256 32c0-17.7-14.3-32-32-32s-32 14.3-32 32l0 210.7-41.4-41.4c-12.5-12.5-32.8-12.5-45.3 0s-12.5 32.8 0 45.3l96 96c12.5 12.5 32.8 12.5 45.3 0l96-96c12.5-12.5 12.5-32.8 0-45.3s-32.8-12.5-45.3 0L256 242.7 256 32zM64 320c-35.3 0-64 28.7-64 64l0 32c0 35.3 28.7 64 64 64l320 0c35.3 0 64-28.7 64-64l0-32c0-35.3-28.7-64-64-64l-46.9 0-56.6 56.6c-31.2 31.2-81.9 31.2-113.1 0L110.9 320 64 320zm304 56a24 24 0 1 1 0 48 24 24 0 1 1 0-48z\"><\/path><\/svg><\/span>En 2 roues <em>2026<\/em><\/figcaption><\/figure>\n\n\n\n<div style=\"height:100px\" aria-hidden=\"true\" class=\"wp-block-spacer\"><\/div>\n\n\n\n<p class=\"wp-block-paragraph\"><em>Information : absence de consignes dans le village et\/ou \u00e0 proximit\u00e9 de l&rsquo;Office de Tourisme. Les seules consignes disponibles sont install\u00e9es Boulevard de Gigaro, \u00e0 proximit\u00e9 de l&rsquo;entr\u00e9e du Domaine du Cap Lardier.<\/em><\/p>\n<\/div>\n\n\n\n<div class=\"wp-block-column is-vertically-aligned-center is-layout-flow wp-block-column-is-layout-flow\">\n<p class=\"wp-block-paragraph\"><strong>La brochure En 2 roues vous permettra de retrouver les informations ci-dessous afin de faciliter votre s\u00e9jour \u00e0 La Croix Valmer :  <\/strong><\/p>\n\n\n\n<ul class=\"wp-block-list\">\n<li>Venir et se d\u00e9placer<\/li>\n\n\n\n<li>L\u2019Office de Tourisme<\/li>\n\n\n\n<li>Stationner &amp; points d\u2019eau<\/li>\n\n\n\n<li>R\u00e9parations<\/li>\n\n\n\n<li>Loueurs<\/li>\n\n\n\n<li>Informations &amp; s\u00e9curit\u00e9<\/li>\n\n\n\n<li>Pistes cyclables<\/li>\n\n\n\n<li>Circuits VTT<\/li>\n\n\n\n<li>Circuits route<\/li>\n<\/ul>\n\n\n\n<div style=\"height:50px\" aria-hidden=\"true\" class=\"wp-block-spacer\"><\/div>\n\n\n\n<figure class=\"wp-block-image aligncenter size-full is-resized\"><a data-caption=\"accueil velo\" href=\"https:\/\/www.lacroixvalmertourisme.com\/wp-content\/uploads\/2023\/03\/Logo-Accueil-Velo-HD-2.jpg\" data-fancybox=\"gallery\"><img loading=\"lazy\" decoding=\"async\" width=\"80\" height=\"107\" sizes=\"auto, (max-width: 80px) 100vw, 80px\" data-tippy-content=\"accueil velo\" src=\"https:\/\/www.lacroixvalmertourisme.com\/wp-content\/uploads\/2023\/03\/Logo-Accueil-Velo-HD-2.jpg\" alt=\"\" class=\"wp-image-11459\" style=\"width:80px;height:107px\"\/><\/a><\/figure>\n\n\n\n<div class=\"wp-block-buttons is-content-justification-center is-layout-flex wp-container-core-buttons-is-layout-9b3e53d3 wp-block-buttons-is-layout-flex\">\n<div class=\"wp-block-button\"><a class=\"wp-block-button__link has-teal-700-background-color has-background wp-element-button\" href=\"https:\/\/drive.google.com\/file\/d\/1OOiA4vEJ1akUGkrDE3sopZrQxSQrqvBT\/view?usp=share_link\" target=\"_blank\" rel=\"noreferrer noopener\">Liste des prestataires varois marqu\u00e9s Accueil V\u00e9lo<\/a><\/div>\n<\/div>\n\n\n\n<div style=\"height:50px\" aria-hidden=\"true\" class=\"wp-block-spacer\"><\/div>\n\n\n\n<p class=\"has-slate-700-color has-text-color has-link-color wp-elements-3b1e1e44c265a6c35bdf5b85adcaa41a wp-block-paragraph\"><strong>NB : <\/strong>Accrocher votre v\u00e9lo en toute s\u00e9curit\u00e9 sur le <strong>mobilier urbain<\/strong> pr\u00e9vu \u00e0 cet effet dans le village : Place des palmiers, Square de Vregille, Rue F. Mistral, \u00e0 Gigaro et au D\u00e9barquement&#8230; <\/p>\n\n\n\n<div style=\"height:50px\" aria-hidden=\"true\" class=\"wp-block-spacer\"><\/div>\n\n\n\n<div class=\"wp-block-buttons alignwide is-content-justification-center is-layout-flex wp-container-core-buttons-is-layout-9b3e53d3 wp-block-buttons-is-layout-flex\">\n<div class=\"wp-block-button\"><a class=\"wp-block-button__link has-teal-700-background-color has-background wp-element-button\" href=\"https:\/\/www.sncf.com\/fr\/offres-voyageurs\/voyager-en-toute-situation\/velo-a-bord\" target=\"_blank\" rel=\"noreferrer noopener\">SNCF : voyager avec son v\u00e9lo<\/a><\/div>\n<\/div>\n<\/div>\n<\/div>\n\n\n\n<div style=\"height:100px\" aria-hidden=\"true\" class=\"wp-block-spacer\"><\/div>\n\n\n\n<div class=\"wp-block-columns has-on-primary-color has-text-color has-background has-link-color wp-elements-77af0e2a2faff999871882bd04c6388f is-layout-flex wp-container-core-columns-is-layout-3ff465a3 wp-block-columns-is-layout-flex\" style=\"border-radius:50px;background-color:#34d399;padding-top:var(--wp--preset--spacing--50);padding-bottom:var(--wp--preset--spacing--50)\">\n<div class=\"wp-block-column is-layout-flow wp-block-column-is-layout-flow\">\n<h3 class=\"wp-block-heading has-text-align-center has-on-primary-color has-text-color has-link-color has-display-font-family has-5-xl-font-size wp-elements-b642d09dda049cee5be65987b3f603ac\"><a href=\"https:\/\/www.lacroixvalmertourisme.com\/fr\/randonnee?filter6055=69\" target=\"_blank\" rel=\"noreferrer noopener\">Retrouver tous les itin\u00e9raires pour v\u00e9los de route, vtc &amp; vtt  ici<\/a><\/h3>\n<\/div>\n<\/div>\n\n\n\n<div style=\"height:100px\" aria-hidden=\"true\" class=\"wp-block-spacer\"><\/div>\n\n\n\n<div class=\"wp-block-group alignfull is-layout-constrained wp-block-group-is-layout-constrained\">\n<p class=\"wp-block-paragraph\">Deux bornes de r\u00e9paration libre service sont \u00e0 la disposition des cyclistes en cas de besoin dans le village, sur la piste cyclable \u00e0 proximit\u00e9 imm\u00e9diate de l&rsquo;Office de Tourisme et Square de Vregille situ\u00e9 apr\u00e8s le parc de jeux.<\/p>\n<\/div>\n\n\n\n<div style=\"height:100px\" aria-hidden=\"true\" class=\"wp-block-spacer\"><\/div>\n\n\n\n<div class=\"wp-block-columns alignfull is-layout-flex wp-container-core-columns-is-layout-0defc3be wp-block-columns-is-layout-flex\">\n<div class=\"wp-block-column is-layout-flow wp-block-column-is-layout-flow\">\n<figure class=\"wp-block-image size-large is-style-rounded is-style-rounded--2\"><img loading=\"lazy\" decoding=\"async\" width=\"458\" height=\"1024\" sizes=\"auto, (max-width: 458px) 100vw, 458px\" src=\"https:\/\/www.lacroixvalmertourisme.com\/wp-content\/uploads\/2024\/06\/juin2024\u00a9sebastiengouby-2-1-458x1024.jpg\" alt=\"velo accueil la croix valmer office de tourisme\" class=\"wp-image-16547\" style=\"aspect-ratio:1;object-fit:cover\" srcset=\"https:\/\/www.lacroixvalmertourisme.com\/wp-content\/uploads\/2024\/06\/juin2024\u00a9sebastiengouby-2-1-458x1024.jpg 458w, https:\/\/www.lacroixvalmertourisme.com\/wp-content\/uploads\/2024\/06\/juin2024\u00a9sebastiengouby-2-1-134x300.jpg 134w, https:\/\/www.lacroixvalmertourisme.com\/wp-content\/uploads\/2024\/06\/juin2024\u00a9sebastiengouby-2-1-687x1536.jpg 687w, https:\/\/www.lacroixvalmertourisme.com\/wp-content\/uploads\/2024\/06\/juin2024\u00a9sebastiengouby-2-1-67x150.jpg 67w, https:\/\/www.lacroixvalmertourisme.com\/wp-content\/uploads\/2024\/06\/juin2024\u00a9sebastiengouby-2-1.jpg 716w\" \/><\/figure>\n<\/div>\n\n\n\n<div class=\"wp-block-column is-layout-flow wp-block-column-is-layout-flow\">\n<figure class=\"wp-block-image size-large is-style-rounded is-style-rounded--3\"><a data-caption=\"260822\u00a9lacroixvalmertourisme (2)\" href=\"https:\/\/www.lacroixvalmertourisme.com\/wp-content\/uploads\/2025\/01\/260822\u00a9lacroixvalmertourisme-2-768x1024.jpg\" data-fancybox=\"gallery\"><img loading=\"lazy\" decoding=\"async\" width=\"768\" height=\"1024\" sizes=\"auto, (max-width: 768px) 100vw, 768px\" data-tippy-content=\"260822\u00a9lacroixvalmertourisme (2)\" src=\"https:\/\/www.lacroixvalmertourisme.com\/wp-content\/uploads\/2025\/01\/260822\u00a9lacroixvalmertourisme-2-768x1024.jpg\" alt=\"velo stationnement parkings la croix Valmer plage du d\u00e9barquement\" class=\"wp-image-20055\" style=\"aspect-ratio:1;object-fit:cover\" srcset=\"https:\/\/www.lacroixvalmertourisme.com\/wp-content\/uploads\/2025\/01\/260822\u00a9lacroixvalmertourisme-2-768x1024.jpg 768w, https:\/\/www.lacroixvalmertourisme.com\/wp-content\/uploads\/2025\/01\/260822\u00a9lacroixvalmertourisme-2-225x300.jpg 225w, https:\/\/www.lacroixvalmertourisme.com\/wp-content\/uploads\/2025\/01\/260822\u00a9lacroixvalmertourisme-2-113x150.jpg 113w, https:\/\/www.lacroixvalmertourisme.com\/wp-content\/uploads\/2025\/01\/260822\u00a9lacroixvalmertourisme-2-rotated.jpg 1080w\" \/><\/a><\/figure>\n<\/div>\n\n\n\n<div class=\"wp-block-column is-layout-flow wp-block-column-is-layout-flow\">\n<figure class=\"wp-block-image size-large is-style-rounded is-style-rounded--4\"><a data-caption=\"230424\u00a9lacroixvalmertourisme (8)\" href=\"https:\/\/www.lacroixvalmertourisme.com\/wp-content\/uploads\/2024\/06\/230424\u00a9lacroixvalmertourisme-8-768x1024.jpg\" data-fancybox=\"gallery\"><img loading=\"lazy\" decoding=\"async\" width=\"768\" height=\"1024\" sizes=\"auto, (max-width: 768px) 100vw, 768px\" data-tippy-content=\"230424\u00a9lacroixvalmertourisme (8)\" src=\"https:\/\/www.lacroixvalmertourisme.com\/wp-content\/uploads\/2024\/06\/230424\u00a9lacroixvalmertourisme-8-768x1024.jpg\" alt=\"velo stationnement la croix valmer office de tourisme\" class=\"wp-image-16229\" style=\"aspect-ratio:1;object-fit:cover\" srcset=\"https:\/\/www.lacroixvalmertourisme.com\/wp-content\/uploads\/2024\/06\/230424\u00a9lacroixvalmertourisme-8-768x1024.jpg 768w, https:\/\/www.lacroixvalmertourisme.com\/wp-content\/uploads\/2024\/06\/230424\u00a9lacroixvalmertourisme-8-225x300.jpg 225w, https:\/\/www.lacroixvalmertourisme.com\/wp-content\/uploads\/2024\/06\/230424\u00a9lacroixvalmertourisme-8-1152x1536.jpg 1152w, https:\/\/www.lacroixvalmertourisme.com\/wp-content\/uploads\/2024\/06\/230424\u00a9lacroixvalmertourisme-8-113x150.jpg 113w, https:\/\/www.lacroixvalmertourisme.com\/wp-content\/uploads\/2024\/06\/230424\u00a9lacroixvalmertourisme-8-rotated.jpg 1500w\" \/><\/a><\/figure>\n<\/div>\n<\/div>\n\n\n\n<div class=\"wp-block-columns alignfull is-layout-flex wp-container-core-columns-is-layout-0defc3be wp-block-columns-is-layout-flex\">\n<div class=\"wp-block-column is-layout-flow wp-block-column-is-layout-flow\">\n<figure class=\"wp-block-image size-large is-style-rounded is-style-rounded--5\"><a data-caption=\"piste cyclable\" href=\"https:\/\/www.lacroixvalmertourisme.com\/wp-content\/uploads\/2021\/05\/240421pistecyclable\u00a9lacroixvalmertourisme-4-1024x768.jpg\" data-fancybox=\"gallery\"><img loading=\"lazy\" decoding=\"async\" width=\"1024\" height=\"768\" sizes=\"auto, (max-width: 1024px) 100vw, 1024px\" data-tippy-content=\"piste cyclable\" src=\"https:\/\/www.lacroixvalmertourisme.com\/wp-content\/uploads\/2021\/05\/240421pistecyclable\u00a9lacroixvalmertourisme-4-1024x768.jpg\" alt=\"d\u00e9couvrir s'evader la croix valmer sentier balades randonn\u00e9es \u00e0 pied \u00e0 v\u00e9lo\" class=\"wp-image-1322\" style=\"aspect-ratio:1;object-fit:cover\" srcset=\"https:\/\/www.lacroixvalmertourisme.com\/wp-content\/uploads\/2021\/05\/240421pistecyclable\u00a9lacroixvalmertourisme-4-1024x768.jpg 1024w, https:\/\/www.lacroixvalmertourisme.com\/wp-content\/uploads\/2021\/05\/240421pistecyclable\u00a9lacroixvalmertourisme-4-300x225.jpg 300w, https:\/\/www.lacroixvalmertourisme.com\/wp-content\/uploads\/2021\/05\/240421pistecyclable\u00a9lacroixvalmertourisme-4-768x576.jpg 768w, https:\/\/www.lacroixvalmertourisme.com\/wp-content\/uploads\/2021\/05\/240421pistecyclable\u00a9lacroixvalmertourisme-4-1536x1152.jpg 1536w, https:\/\/www.lacroixvalmertourisme.com\/wp-content\/uploads\/2021\/05\/240421pistecyclable\u00a9lacroixvalmertourisme-4-200x150.jpg 200w, https:\/\/www.lacroixvalmertourisme.com\/wp-content\/uploads\/2021\/05\/240421pistecyclable\u00a9lacroixvalmertourisme-4.jpg 2048w\" \/><\/a><\/figure>\n<\/div>\n\n\n\n<div class=\"wp-block-column is-layout-flow wp-block-column-is-layout-flow\">\n<figure class=\"wp-block-image size-large is-style-rounded is-style-rounded--6\"><a data-caption=\"Poteaux v\u00e9los 2023 \u00a9 lacroixvalmertourisme (9)\" href=\"https:\/\/www.lacroixvalmertourisme.com\/wp-content\/uploads\/2025\/01\/Poteaux-velos-2023-\u00a9-lacroixvalmertourisme-9-768x1024.jpg\" data-fancybox=\"gallery\"><img loading=\"lazy\" decoding=\"async\" width=\"768\" height=\"1024\" sizes=\"auto, (max-width: 768px) 100vw, 768px\" data-tippy-content=\"Poteaux v\u00e9los 2023 \u00a9 lacroixvalmertourisme (9)\" src=\"https:\/\/www.lacroixvalmertourisme.com\/wp-content\/uploads\/2025\/01\/Poteaux-velos-2023-\u00a9-lacroixvalmertourisme-9-768x1024.jpg\" alt=\"velo stationnement parkings la croix Valmer plage du d\u00e9barquement\" class=\"wp-image-20058\" style=\"aspect-ratio:1;object-fit:cover\" srcset=\"https:\/\/www.lacroixvalmertourisme.com\/wp-content\/uploads\/2025\/01\/Poteaux-velos-2023-\u00a9-lacroixvalmertourisme-9-768x1024.jpg 768w, https:\/\/www.lacroixvalmertourisme.com\/wp-content\/uploads\/2025\/01\/Poteaux-velos-2023-\u00a9-lacroixvalmertourisme-9-225x300.jpg 225w, https:\/\/www.lacroixvalmertourisme.com\/wp-content\/uploads\/2025\/01\/Poteaux-velos-2023-\u00a9-lacroixvalmertourisme-9-113x150.jpg 113w, https:\/\/www.lacroixvalmertourisme.com\/wp-content\/uploads\/2025\/01\/Poteaux-velos-2023-\u00a9-lacroixvalmertourisme-9.jpg 810w\" \/><\/a><\/figure>\n<\/div>\n\n\n\n<div class=\"wp-block-column is-layout-flow wp-block-column-is-layout-flow\">\n<figure class=\"wp-block-image size-large is-style-rounded is-style-rounded--7\"><a data-caption=\"pav\u00a9lacroixvalmertourisme (1)\" href=\"https:\/\/www.lacroixvalmertourisme.com\/wp-content\/uploads\/2024\/06\/pav\u00a9lacroixvalmertourisme-1-850x1024.jpg\" data-fancybox=\"gallery\"><img loading=\"lazy\" decoding=\"async\" width=\"850\" height=\"1024\" sizes=\"auto, (max-width: 850px) 100vw, 850px\" data-tippy-content=\"pav\u00a9lacroixvalmertourisme (1)\" src=\"https:\/\/www.lacroixvalmertourisme.com\/wp-content\/uploads\/2024\/06\/pav\u00a9lacroixvalmertourisme-1-850x1024.jpg\" alt=\"\" class=\"wp-image-16097\" style=\"aspect-ratio:1;object-fit:cover\" srcset=\"https:\/\/www.lacroixvalmertourisme.com\/wp-content\/uploads\/2024\/06\/pav\u00a9lacroixvalmertourisme-1-850x1024.jpg 850w, https:\/\/www.lacroixvalmertourisme.com\/wp-content\/uploads\/2024\/06\/pav\u00a9lacroixvalmertourisme-1-249x300.jpg 249w, https:\/\/www.lacroixvalmertourisme.com\/wp-content\/uploads\/2024\/06\/pav\u00a9lacroixvalmertourisme-1-768x926.jpg 768w, https:\/\/www.lacroixvalmertourisme.com\/wp-content\/uploads\/2024\/06\/pav\u00a9lacroixvalmertourisme-1-1274x1536.jpg 1274w, https:\/\/www.lacroixvalmertourisme.com\/wp-content\/uploads\/2024\/06\/pav\u00a9lacroixvalmertourisme-1-124x150.jpg 124w, https:\/\/www.lacroixvalmertourisme.com\/wp-content\/uploads\/2024\/06\/pav\u00a9lacroixvalmertourisme-1.jpg 1612w\" \/><\/a><\/figure>\n<\/div>\n<\/div>\n<\/div>\n","protected":false},"excerpt":{"rendered":"<p>Information : absence de consignes dans le village et\/ou \u00e0 proximit\u00e9 de l&rsquo;Office de Tourisme. Les seules consignes disponibles sont install\u00e9es Boulevard de Gigaro, \u00e0 proximit\u00e9 de l&rsquo;entr\u00e9e du Domaine du Cap Lardier. La brochure En 2 roues vous permettra de retrouver les informations ci-dessous afin de faciliter votre s\u00e9jour \u00e0 La Croix Valmer :&#8230;<\/p>\n","protected":false},"author":4,"featured_media":1325,"parent":225,"menu_order":240,"comment_status":"closed","ping_status":"closed","template":"page-plage.blade.php","meta":{"_acf_changed":false,"_crdt_document":"","footnotes":""},"class_list":["post-19957","page","type-page","status-publish","has-post-thumbnail","hentry"],"acf":{"mots-cles":"","slogan":"","introduction":"","autoplay":false,"delay":"","video_mp4":false,"video_webm":false,"poster_image":false,"nugget":false,"pagepage-etendus":"compact","pagepage-updown":false,"page-virtuelle":false,"title_alignement":""},"yoast_head":"<!-- This site is optimized with the Yoast SEO plugin v27.5 - https:\/\/yoast.com\/product\/yoast-seo-wordpress\/ -->\n<title>La Croix Valmer en 2 roues - La Croix-Valmer Tourisme<\/title>\n<meta name=\"robots\" content=\"index, follow, max-snippet:-1, max-image-preview:large, max-video-preview:-1\" \/>\n<link rel=\"canonical\" href=\"https:\/\/www.lacroixvalmertourisme.com\/fr\/venir-transports-stationnement\/la-croix-valmer-en-2-roues\" \/>\n<meta property=\"og:locale\" content=\"fr_FR\" \/>\n<meta property=\"og:type\" content=\"article\" \/>\n<meta property=\"og:title\" content=\"La Croix Valmer en 2 roues - La Croix-Valmer Tourisme\" \/>\n<meta property=\"og:description\" content=\"Information : absence de consignes dans le village et\/ou \u00e0 proximit\u00e9 de l&rsquo;Office de Tourisme. Les seules consignes disponibles sont install\u00e9es Boulevard de Gigaro, \u00e0 proximit\u00e9 de l&rsquo;entr\u00e9e du Domaine du Cap Lardier. La brochure En 2 roues vous permettra de retrouver les informations ci-dessous afin de faciliter votre s\u00e9jour \u00e0 La Croix Valmer :...\" \/>\n<meta property=\"og:url\" content=\"https:\/\/www.lacroixvalmertourisme.com\/fr\/venir-transports-stationnement\/la-croix-valmer-en-2-roues\" \/>\n<meta property=\"og:site_name\" content=\"La Croix-Valmer Tourisme\" \/>\n<meta property=\"article:publisher\" content=\"https:\/\/www.facebook.com\/lacroixvalmertourisme\/\" \/>\n<meta property=\"article:modified_time\" content=\"2026-03-02T09:54:50+00:00\" \/>\n<meta property=\"og:image\" content=\"https:\/\/www.lacroixvalmertourisme.com\/wp-content\/uploads\/2021\/05\/240421pistecyclable\u00a9lacroixvalmertourisme-13-rotated.jpg\" \/>\n\t<meta property=\"og:image:width\" content=\"1536\" \/>\n\t<meta property=\"og:image:height\" content=\"2048\" \/>\n\t<meta property=\"og:image:type\" content=\"image\/jpeg\" \/>\n<meta name=\"twitter:card\" content=\"summary_large_image\" \/>\n<meta name=\"twitter:site\" content=\"@La_Croix_Valmer\" \/>\n<meta name=\"twitter:label1\" content=\"Dur\u00e9e de lecture estim\u00e9e\" \/>\n\t<meta name=\"twitter:data1\" content=\"1 minute\" \/>\n<!-- \/ Yoast SEO plugin. -->","yoast_head_json":{"title":"La Croix Valmer en 2 roues - La Croix-Valmer Tourisme","robots":{"index":"index","follow":"follow","max-snippet":"max-snippet:-1","max-image-preview":"max-image-preview:large","max-video-preview":"max-video-preview:-1"},"canonical":"https:\/\/www.lacroixvalmertourisme.com\/fr\/venir-transports-stationnement\/la-croix-valmer-en-2-roues","og_locale":"fr_FR","og_type":"article","og_title":"La Croix Valmer en 2 roues - La Croix-Valmer Tourisme","og_description":"Information : absence de consignes dans le village et\/ou \u00e0 proximit\u00e9 de l&rsquo;Office de Tourisme. Les seules consignes disponibles sont install\u00e9es Boulevard de Gigaro, \u00e0 proximit\u00e9 de l&rsquo;entr\u00e9e du Domaine du Cap Lardier. La brochure En 2 roues vous permettra de retrouver les informations ci-dessous afin de faciliter votre s\u00e9jour \u00e0 La Croix Valmer :...","og_url":"https:\/\/www.lacroixvalmertourisme.com\/fr\/venir-transports-stationnement\/la-croix-valmer-en-2-roues","og_site_name":"La Croix-Valmer Tourisme","article_publisher":"https:\/\/www.facebook.com\/lacroixvalmertourisme\/","article_modified_time":"2026-03-02T09:54:50+00:00","og_image":[{"width":1536,"height":2048,"url":"https:\/\/www.lacroixvalmertourisme.com\/wp-content\/uploads\/2021\/05\/240421pistecyclable\u00a9lacroixvalmertourisme-13-rotated.jpg","type":"image\/jpeg"}],"twitter_card":"summary_large_image","twitter_site":"@La_Croix_Valmer","twitter_misc":{"Dur\u00e9e de lecture estim\u00e9e":"1 minute"},"schema":{"@context":"https:\/\/schema.org","@graph":[{"@type":"WebPage","@id":"https:\/\/www.lacroixvalmertourisme.com\/fr\/venir-transports-stationnement\/la-croix-valmer-en-2-roues","url":"https:\/\/www.lacroixvalmertourisme.com\/fr\/venir-transports-stationnement\/la-croix-valmer-en-2-roues","name":"La Croix Valmer en 2 roues - La Croix-Valmer Tourisme","isPartOf":{"@id":"https:\/\/www.lacroixvalmertourisme.com\/fr\/#website"},"primaryImageOfPage":{"@id":"https:\/\/www.lacroixvalmertourisme.com\/fr\/venir-transports-stationnement\/la-croix-valmer-en-2-roues#primaryimage"},"image":{"@id":"https:\/\/www.lacroixvalmertourisme.com\/fr\/venir-transports-stationnement\/la-croix-valmer-en-2-roues#primaryimage"},"thumbnailUrl":"https:\/\/www.lacroixvalmertourisme.com\/wp-content\/uploads\/2021\/05\/240421pistecyclable\u00a9lacroixvalmertourisme-13-rotated.jpg","datePublished":"2025-01-13T09:35:17+00:00","dateModified":"2026-03-02T09:54:50+00:00","breadcrumb":{"@id":"https:\/\/www.lacroixvalmertourisme.com\/fr\/venir-transports-stationnement\/la-croix-valmer-en-2-roues#breadcrumb"},"inLanguage":"fr-FR","potentialAction":[{"@type":"ReadAction","target":["https:\/\/www.lacroixvalmertourisme.com\/fr\/venir-transports-stationnement\/la-croix-valmer-en-2-roues"]}]},{"@type":"ImageObject","inLanguage":"fr-FR","@id":"https:\/\/www.lacroixvalmertourisme.com\/fr\/venir-transports-stationnement\/la-croix-valmer-en-2-roues#primaryimage","url":"https:\/\/www.lacroixvalmertourisme.com\/wp-content\/uploads\/2021\/05\/240421pistecyclable\u00a9lacroixvalmertourisme-13-rotated.jpg","contentUrl":"https:\/\/www.lacroixvalmertourisme.com\/wp-content\/uploads\/2021\/05\/240421pistecyclable\u00a9lacroixvalmertourisme-13-rotated.jpg","width":1536,"height":2048,"caption":"\u00a9lacroixvalmertourisme"},{"@type":"BreadcrumbList","@id":"https:\/\/www.lacroixvalmertourisme.com\/fr\/venir-transports-stationnement\/la-croix-valmer-en-2-roues#breadcrumb","itemListElement":[{"@type":"ListItem","position":1,"name":"Accueil","item":"https:\/\/www.lacroixvalmertourisme.com\/fr"},{"@type":"ListItem","position":2,"name":"Venir.Se d\u00e9placer. Stationner.Navette","item":"https:\/\/www.lacroixvalmertourisme.com\/fr\/venir-transports-stationnement"},{"@type":"ListItem","position":3,"name":"La Croix Valmer en 2 roues"}]},{"@type":"WebSite","@id":"https:\/\/www.lacroixvalmertourisme.com\/fr\/#website","url":"https:\/\/www.lacroixvalmertourisme.com\/fr\/","name":"La Croix-Valmer Tourisme","description":"Toutes les informations touristiques pour organiser votre prochain s\u00e9jour \u00e0 La Croix Valmer dans le Golfe de Saint-Tropez","publisher":{"@id":"https:\/\/www.lacroixvalmertourisme.com\/fr\/#organization"},"potentialAction":[{"@type":"SearchAction","target":{"@type":"EntryPoint","urlTemplate":"https:\/\/www.lacroixvalmertourisme.com\/fr\/?s={search_term_string}"},"query-input":{"@type":"PropertyValueSpecification","valueRequired":true,"valueName":"search_term_string"}}],"inLanguage":"fr-FR"},{"@type":"Organization","@id":"https:\/\/www.lacroixvalmertourisme.com\/fr\/#organization","name":"Office de Tourisme de La Croix Valmer","url":"https:\/\/www.lacroixvalmertourisme.com\/fr\/","logo":{"@type":"ImageObject","inLanguage":"fr-FR","@id":"https:\/\/www.lacroixvalmertourisme.com\/fr\/#\/schema\/logo\/image\/","url":"https:\/\/www.lacroixvalmertourisme.com\/wp-content\/uploads\/2021\/06\/Logo_ot_bleu.png","contentUrl":"https:\/\/www.lacroixvalmertourisme.com\/wp-content\/uploads\/2021\/06\/Logo_ot_bleu.png","width":591,"height":454,"caption":"Office de Tourisme de La Croix Valmer"},"image":{"@id":"https:\/\/www.lacroixvalmertourisme.com\/fr\/#\/schema\/logo\/image\/"},"sameAs":["https:\/\/www.facebook.com\/lacroixvalmertourisme\/","https:\/\/x.com\/La_Croix_Valmer","https:\/\/www.instagram.com\/lacroixvalmer_tourisme\/"]}]}},"publishpress_future_workflow_manual_trigger":{"enabledWorkflows":[]},"_links":{"self":[{"href":"https:\/\/www.lacroixvalmertourisme.com\/fr\/wp-json\/wp\/v2\/pages\/19957","targetHints":{"allow":["GET"]}}],"collection":[{"href":"https:\/\/www.lacroixvalmertourisme.com\/fr\/wp-json\/wp\/v2\/pages"}],"about":[{"href":"https:\/\/www.lacroixvalmertourisme.com\/fr\/wp-json\/wp\/v2\/types\/page"}],"author":[{"embeddable":true,"href":"https:\/\/www.lacroixvalmertourisme.com\/fr\/wp-json\/wp\/v2\/users\/4"}],"replies":[{"embeddable":true,"href":"https:\/\/www.lacroixvalmertourisme.com\/fr\/wp-json\/wp\/v2\/comments?post=19957"}],"version-history":[{"count":27,"href":"https:\/\/www.lacroixvalmertourisme.com\/fr\/wp-json\/wp\/v2\/pages\/19957\/revisions"}],"predecessor-version":[{"id":27777,"href":"https:\/\/www.lacroixvalmertourisme.com\/fr\/wp-json\/wp\/v2\/pages\/19957\/revisions\/27777"}],"up":[{"embeddable":true,"href":"https:\/\/www.lacroixvalmertourisme.com\/fr\/wp-json\/wp\/v2\/pages\/225"}],"wp:featuredmedia":[{"embeddable":true,"href":"https:\/\/www.lacroixvalmertourisme.com\/fr\/wp-json\/wp\/v2\/media\/1325"}],"wp:attachment":[{"href":"https:\/\/www.lacroixvalmertourisme.com\/fr\/wp-json\/wp\/v2\/media?parent=19957"}],"curies":[{"name":"wp","href":"https:\/\/api.w.org\/{rel}","templated":true}]}}