{"id":171,"date":"2021-04-13T11:57:02","date_gmt":"2021-04-13T09:57:02","guid":{"rendered":"https:\/\/www.lacroixvalmertourisme.com\/?page_id=171"},"modified":"2025-12-17T09:25:18","modified_gmt":"2025-12-17T08:25:18","slug":"classement-un-gage-de-qualite","status":"publish","type":"page","link":"https:\/\/www.lacroixvalmertourisme.com\/fr\/classement-un-gage-de-qualite","title":{"rendered":"Classement, un gage de qualit\u00e9"},"content":{"rendered":"\n<h2 class=\"wp-block-heading has-text-align-center has-secondary-50-color has-text-color has-script-font-family has-5-xl-font-size\">Pourquoi faire classer son meubl\u00e9 de tourisme ?<\/h2>\n\n\n\n<p class=\"has-text-align-center has-secondary-50-color has-text-color wp-block-paragraph\">L&rsquo;Office de Tourisme porte une attention particuli\u00e8re \u00e0 la qualit\u00e9 des prestations propos\u00e9es aux visiteurs, c&rsquo;est pourquoi, il est engag\u00e9 dans cette d\u00e9marche depuis 2012.  En choisissant de faire classer votre bien, vous profiterez d&rsquo;avantages int\u00e9ressants et participerez \u00e0 la qualification de l&rsquo;offre d&rsquo;h\u00e9bergements du territoire. Gr\u00e2ce \u00e0 ce classement, vous aurez la possibilit\u00e9, si vous le souhaitez, de devenir partenaire de l&rsquo;Office de Tourisme afin de para\u00eetre sur les \u00e9ditions papier et les supports de communication web.<\/p>\n\n\n\n<figure class=\"wp-block-image aligncenter size-full is-resized is-style-rounded is-style-rounded--1\"><a href=\"https:\/\/drive.google.com\/file\/d\/1lFCR16WikWHR3dPrZAg37UhMQ7FOOnAy\/view?usp=drive_link\" target=\"_blank\" rel=\"noreferrer noopener\"><img loading=\"lazy\" decoding=\"async\" width=\"640\" height=\"895\" sizes=\"auto, (max-width: 640px) 100vw, 640px\" src=\"https:\/\/www.lacroixvalmertourisme.com\/wp-content\/uploads\/2025\/03\/classt-fr-2025.jpg\" alt=\"\" class=\"wp-image-21122\" style=\"width:389px;height:auto\" srcset=\"https:\/\/www.lacroixvalmertourisme.com\/wp-content\/uploads\/2025\/03\/classt-fr-2025.jpg 640w, https:\/\/www.lacroixvalmertourisme.com\/wp-content\/uploads\/2025\/03\/classt-fr-2025-215x300.jpg 215w, https:\/\/www.lacroixvalmertourisme.com\/wp-content\/uploads\/2025\/03\/classt-fr-2025-107x150.jpg 107w\" \/><\/a><\/figure>\n\n\n\n<div style=\"height:61px\" aria-hidden=\"true\" class=\"wp-block-spacer\"><\/div>\n\n\n\n<h2 class=\"wp-block-heading has-text-align-center has-secondary-50-color has-text-color has-script-font-family has-5-xl-font-size\">Comment classer son meubl\u00e9 en 3 \u00e9tapes ?<\/h2>\n\n\n\n<div class=\"wp-block-columns has-secondary-50-color has-text-color is-layout-flex wp-container-core-columns-is-layout-0defc3be wp-block-columns-is-layout-flex\">\n<div class=\"wp-block-column is-layout-flow wp-block-column-is-layout-flow\">\n<h3 class=\"wp-block-heading has-text-align-center\">1<\/h3>\n\n\n\n<p class=\"has-text-align-center has-red-default-color has-text-color wp-block-paragraph\"><\/p>\n\n\n\n<p class=\"has-text-align-center wp-block-paragraph\"><strong><a href=\"https:\/\/docs.google.com\/forms\/d\/e\/1FAIpQLSeuCKg6jjJVxK7leB6y7dbIODJ5IrNzoqJlbz2nuBRBhqpawA\/viewform?usp=sharing&amp;ouid=115663587590888671076\" target=\"_blank\" rel=\"noreferrer noopener\">Compl\u00e9ter le formulaire de demande de classement en ligne ici<\/a><\/strong><\/p>\n<\/div>\n\n\n\n<div class=\"wp-block-column is-layout-flow wp-block-column-is-layout-flow\">\n<h3 class=\"wp-block-heading has-text-align-center\">2<\/h3>\n\n\n\n<p class=\"wp-block-paragraph\"><\/p>\n\n\n\n<p class=\"has-text-align-center wp-block-paragraph\">A r\u00e9ception de votre demande,<br>vous serez contact\u00e9 pour fixer la date de la visite.<\/p>\n<\/div>\n\n\n\n<div class=\"wp-block-column is-layout-flow wp-block-column-is-layout-flow\">\n<h3 class=\"wp-block-heading has-text-align-center\">3<\/h3>\n\n\n\n<p class=\"wp-block-paragraph\"><\/p>\n\n\n\n<p class=\"has-text-align-center wp-block-paragraph\">Apr\u00e8s instruction du dossier,<br>vous obtenez le classement de votre bien pour 5 ans.<\/p>\n<\/div>\n<\/div>\n\n\n\n<div style=\"height:101px\" aria-hidden=\"true\" class=\"wp-block-spacer\"><\/div>\n\n\n\n<div class=\"wp-block-columns alignwide is-layout-flex wp-container-core-columns-is-layout-0defc3be wp-block-columns-is-layout-flex\">\n<div class=\"wp-block-column is-layout-flow wp-block-column-is-layout-flow\">\n<figure class=\"wp-block-image alignright size-large is-resized is-style-rounded is-style-rounded--2\"><img loading=\"lazy\" decoding=\"async\" width=\"724\" height=\"1024\" sizes=\"auto, (max-width: 724px) 100vw, 724px\" src=\"https:\/\/www.lacroixvalmertourisme.com\/wp-content\/uploads\/2025\/07\/pre-requis-classement-724x1024.jpg\" alt=\"Affiche pour les meubl\u00e9s de tourisme de La Croix Valmer, le fond est jaune avec des traits bleu tr\u00e8s fins. Les \u00e9critures sont dans des encadrement blancs avec une l\u00e9g\u00e8re transparence.\" class=\"wp-image-23962\" style=\"width:250px\" srcset=\"https:\/\/www.lacroixvalmertourisme.com\/wp-content\/uploads\/2025\/07\/pre-requis-classement-724x1024.jpg 724w, https:\/\/www.lacroixvalmertourisme.com\/wp-content\/uploads\/2025\/07\/pre-requis-classement-212x300.jpg 212w, https:\/\/www.lacroixvalmertourisme.com\/wp-content\/uploads\/2025\/07\/pre-requis-classement-768x1086.jpg 768w, https:\/\/www.lacroixvalmertourisme.com\/wp-content\/uploads\/2025\/07\/pre-requis-classement-1086x1536.jpg 1086w, https:\/\/www.lacroixvalmertourisme.com\/wp-content\/uploads\/2025\/07\/pre-requis-classement-106x150.jpg 106w, https:\/\/www.lacroixvalmertourisme.com\/wp-content\/uploads\/2025\/07\/pre-requis-classement.jpg 1414w\" \/><\/figure>\n<\/div>\n\n\n\n<div class=\"wp-block-column is-vertically-aligned-center is-layout-flow wp-block-column-is-layout-flow\">\n<p class=\"has-text-align-left wp-block-paragraph\">NB : Afin de pr\u00e9parer au mieux votre visite de classement, <br><strong><a href=\"https:\/\/drive.google.com\/file\/d\/1w1-sfCQUanj72uIBMZBZXKJcR7xUIegy\/view?usp=drive_link\" target=\"_blank\" rel=\"noreferrer noopener\">consultez la liste des pr\u00e9-requis ici<\/a><\/strong><\/p>\n<\/div>\n<\/div>\n\n\n\n<div style=\"height:101px\" aria-hidden=\"true\" class=\"wp-block-spacer\"><\/div>\n\n\n\n<h2 class=\"wp-block-heading has-text-align-center has-secondary-50-color has-text-color has-script-font-family has-5-xl-font-size\">Retrouvez toutes les informations utiles ci-dessous :<\/h2>\n\n\n\n<div class=\"wp-block-columns has-secondary-50-color has-text-color is-layout-flex wp-container-core-columns-is-layout-0defc3be wp-block-columns-is-layout-flex\">\n<div class=\"wp-block-column is-layout-flow wp-block-column-is-layout-flow\">\n<figure class=\"wp-block-image aligncenter size-full is-style-rounded is-style-rounded--3\"><a href=\"https:\/\/drive.google.com\/file\/d\/1lFCR16WikWHR3dPrZAg37UhMQ7FOOnAy\/view?usp=drive_link\" target=\"_blank\" rel=\"noreferrer noopener\"><img loading=\"lazy\" decoding=\"async\" width=\"640\" height=\"895\" sizes=\"auto, (max-width: 640px) 100vw, 640px\" src=\"https:\/\/www.lacroixvalmertourisme.com\/wp-content\/uploads\/2025\/03\/classt-fr-2025.jpg\" alt=\"\" class=\"wp-image-21122\" srcset=\"https:\/\/www.lacroixvalmertourisme.com\/wp-content\/uploads\/2025\/03\/classt-fr-2025.jpg 640w, https:\/\/www.lacroixvalmertourisme.com\/wp-content\/uploads\/2025\/03\/classt-fr-2025-215x300.jpg 215w, https:\/\/www.lacroixvalmertourisme.com\/wp-content\/uploads\/2025\/03\/classt-fr-2025-107x150.jpg 107w\" \/><\/a><figcaption class=\"wp-element-caption\"><strong>avantages<\/strong>, <strong>tarifs,<\/strong> <strong>modalit\u00e9s&#8230;<\/strong> <em>Changement de tarifs \u00e0 compter du 01\/02\/2025<\/em><\/figcaption><\/figure>\n<\/div>\n\n\n\n<div class=\"wp-block-column is-layout-flow wp-block-column-is-layout-flow\">\n<figure class=\"wp-block-image aligncenter size-full is-style-rounded is-style-rounded--4\"><a href=\"https:\/\/drive.google.com\/file\/d\/1qKTNjnnNq7OZLbrU0u8uRgS0oJlwury8\/view?usp=share_link\" target=\"_blank\" rel=\"noopener\"><img loading=\"lazy\" decoding=\"async\" width=\"635\" height=\"867\" sizes=\"auto, (max-width: 635px) 100vw, 635px\" src=\"https:\/\/www.lacroixvalmertourisme.com\/wp-content\/uploads\/2025\/03\/cgv-classt-fr-2025.jpg\" alt=\"\" class=\"wp-image-21125\" srcset=\"https:\/\/www.lacroixvalmertourisme.com\/wp-content\/uploads\/2025\/03\/cgv-classt-fr-2025.jpg 635w, https:\/\/www.lacroixvalmertourisme.com\/wp-content\/uploads\/2025\/03\/cgv-classt-fr-2025-220x300.jpg 220w, https:\/\/www.lacroixvalmertourisme.com\/wp-content\/uploads\/2025\/03\/cgv-classt-fr-2025-110x150.jpg 110w\" \/><\/a><figcaption class=\"wp-element-caption\"><strong>conditions g\u00e9n\u00e9rales de ventes<\/strong><\/figcaption><\/figure>\n<\/div>\n\n\n\n<div class=\"wp-block-column is-vertically-aligned-center is-layout-flow wp-block-column-is-layout-flow\">\n<figure class=\"wp-block-image aligncenter size-large is-style-rounded is-style-rounded--5\"><a href=\"https:\/\/drive.google.com\/file\/d\/1TvB-n7lwZkgXXqjlH31rbYnaxKxPdpMh\/view?usp=sharing\" target=\"_blank\" rel=\"noopener\"><img loading=\"lazy\" decoding=\"async\" width=\"1024\" height=\"720\" sizes=\"auto, (max-width: 1024px) 100vw, 1024px\" src=\"https:\/\/www.lacroixvalmertourisme.com\/wp-content\/uploads\/2021\/06\/grille-de-classement-1024x720.jpg\" alt=\"classement meubl\u00e9 de tourisme gratuit la croix valmer\" class=\"wp-image-4112\" srcset=\"https:\/\/www.lacroixvalmertourisme.com\/wp-content\/uploads\/2021\/06\/grille-de-classement-1024x720.jpg 1024w, https:\/\/www.lacroixvalmertourisme.com\/wp-content\/uploads\/2021\/06\/grille-de-classement-300x211.jpg 300w, https:\/\/www.lacroixvalmertourisme.com\/wp-content\/uploads\/2021\/06\/grille-de-classement-768x540.jpg 768w, https:\/\/www.lacroixvalmertourisme.com\/wp-content\/uploads\/2021\/06\/grille-de-classement-213x150.jpg 213w, https:\/\/www.lacroixvalmertourisme.com\/wp-content\/uploads\/2021\/06\/grille-de-classement.jpg 1286w\" \/><\/a><figcaption class=\"wp-element-caption\"><strong>grille de classement<\/strong><\/figcaption><\/figure>\n<\/div>\n\n\n\n<div class=\"wp-block-column is-layout-flow wp-block-column-is-layout-flow\">\n<figure class=\"wp-block-image aligncenter size-full is-style-rounded is-style-rounded--6\"><a href=\"https:\/\/drive.google.com\/file\/d\/1tYv_dmszec3z2K0N6_yp9qdjevbxfQNx\/view?usp=share_link\" target=\"_blank\" rel=\"noopener\"><img loading=\"lazy\" decoding=\"async\" width=\"635\" height=\"892\" sizes=\"auto, (max-width: 635px) 100vw, 635px\" src=\"https:\/\/www.lacroixvalmertourisme.com\/wp-content\/uploads\/2025\/03\/reclamation-classt-fr-2025.jpg\" alt=\"\" class=\"wp-image-21128\" srcset=\"https:\/\/www.lacroixvalmertourisme.com\/wp-content\/uploads\/2025\/03\/reclamation-classt-fr-2025.jpg 635w, https:\/\/www.lacroixvalmertourisme.com\/wp-content\/uploads\/2025\/03\/reclamation-classt-fr-2025-214x300.jpg 214w, https:\/\/www.lacroixvalmertourisme.com\/wp-content\/uploads\/2025\/03\/reclamation-classt-fr-2025-107x150.jpg 107w\" \/><\/a><figcaption class=\"wp-element-caption\"><strong>fiche de r\u00e9clamation<\/strong><\/figcaption><\/figure>\n<\/div>\n<\/div>\n\n\n\n<div class=\"wp-block-buttons alignwide is-horizontal is-content-justification-center is-layout-flex wp-container-core-buttons-is-layout-8ed12a5f wp-block-buttons-is-layout-flex\">\n<div class=\"wp-block-button has-custom-width wp-block-button__width-50 is-style-fill\"><a class=\"wp-block-button__link has-slate-700-background-color has-background wp-element-button\">classement@lacroixvalmer.fr<\/a><\/div>\n<\/div>\n\n\n\n<div style=\"height:50px\" aria-hidden=\"true\" class=\"wp-block-spacer\"><\/div>\n\n\n\n<h2 class=\"wp-block-heading alignwide has-text-align-center has-secondary-50-color has-text-color has-script-font-family has-5-xl-font-size\">Rappel h\u00e9bergeur : toutes vos d\u00e9marches en ligne<\/h2>\n\n\n\n<div class=\"wp-block-columns alignwide is-layout-flex wp-container-core-columns-is-layout-0defc3be wp-block-columns-is-layout-flex\">\n<div class=\"wp-block-column is-layout-flow wp-block-column-is-layout-flow\">\n<div class=\"wp-block-buttons is-content-justification-center is-layout-flex wp-container-core-buttons-is-layout-9b3e53d3 wp-block-buttons-is-layout-flex\">\n<div class=\"wp-block-button is-style-fill\"><a class=\"wp-block-button__link has-slate-700-background-color has-background wp-element-button\" href=\"https:\/\/www.declaloc.fr\/?tid=37\" target=\"_blank\" rel=\"noreferrer noopener\">Je d\u00e9clare mon activit\u00e9 et j&rsquo;obtiens mon num\u00e9ro d&rsquo;enregistrement<\/a><\/div>\n<\/div>\n<\/div>\n\n\n\n<div class=\"wp-block-column is-layout-flow wp-block-column-is-layout-flow\">\n<div class=\"wp-block-buttons is-content-justification-center is-layout-flex wp-container-core-buttons-is-layout-9b3e53d3 wp-block-buttons-is-layout-flex\">\n<div class=\"wp-block-button\"><a class=\"wp-block-button__link has-slate-700-background-color has-background wp-element-button\" href=\"https:\/\/lacroixvalmer.taxesejour.fr\/\" target=\"_blank\" rel=\"noreferrer noopener\">Je d\u00e9clare et je reverse la taxe de s\u00e9jour<\/a><\/div>\n<\/div>\n<\/div>\n\n\n\n<div class=\"wp-block-column is-layout-flow wp-block-column-is-layout-flow\">\n<div class=\"wp-block-buttons is-content-justification-center is-layout-flex wp-container-core-buttons-is-layout-9b3e53d3 wp-block-buttons-is-layout-flex\">\n<div class=\"wp-block-button\"><a class=\"wp-block-button__link has-slate-700-background-color has-background wp-element-button\" href=\"https:\/\/www.lacroixvalmertourisme.com\/fr\/devenez-partenaire\" target=\"_blank\" rel=\"noreferrer noopener\">Pour une visibilit\u00e9 accrue, je deviens partenaire<\/a><\/div>\n<\/div>\n<\/div>\n<\/div>\n\n\n\n<div style=\"height:50px\" aria-hidden=\"true\" class=\"wp-block-spacer\"><\/div>\n","protected":false},"excerpt":{"rendered":"<p>Pourquoi faire classer son meubl\u00e9 de tourisme ? L&rsquo;Office de Tourisme porte une attention particuli\u00e8re \u00e0 la qualit\u00e9 des prestations propos\u00e9es aux visiteurs, c&rsquo;est pourquoi, il est engag\u00e9 dans cette d\u00e9marche depuis 2012. En choisissant de faire classer votre bien, vous profiterez d&rsquo;avantages int\u00e9ressants et participerez \u00e0 la qualification de l&rsquo;offre d&rsquo;h\u00e9bergements du territoire. Gr\u00e2ce&#8230;<\/p>\n","protected":false},"author":4,"featured_media":16103,"parent":0,"menu_order":260,"comment_status":"closed","ping_status":"closed","template":"page-plage.blade.php","meta":{"_acf_changed":false,"_crdt_document":"","footnotes":""},"class_list":["post-171","page","type-page","status-publish","has-post-thumbnail","hentry"],"acf":{"slogan":"","introduction":"","video_mp4":false,"video_webm":false,"poster_image":false,"nugget":false,"pagepage-etendus":"compact","page-virtuelle":false,"pagepage-updown":false,"autoplay":false,"delay":"","mots-cles":"classement meubl\u00e9s de tourisme taxe de s\u00e9jour h\u00e9bergement qualit\u00e9 location qualification chambre h\u00f4te\r\n","title_alignement":""},"yoast_head":"<!-- This site is optimized with the Yoast SEO plugin v27.5 - https:\/\/yoast.com\/product\/yoast-seo-wordpress\/ -->\n<title>Classement, un gage de qualit\u00e9 - La Croix-Valmer Tourisme<\/title>\n<meta name=\"robots\" content=\"index, follow, max-snippet:-1, max-image-preview:large, max-video-preview:-1\" \/>\n<link rel=\"canonical\" href=\"https:\/\/www.lacroixvalmertourisme.com\/fr\/classement-un-gage-de-qualite\" \/>\n<meta property=\"og:locale\" content=\"fr_FR\" \/>\n<meta property=\"og:type\" content=\"article\" \/>\n<meta property=\"og:title\" content=\"Classement, un gage de qualit\u00e9 - La Croix-Valmer Tourisme\" \/>\n<meta property=\"og:description\" content=\"Pourquoi faire classer son meubl\u00e9 de tourisme ? L&rsquo;Office de Tourisme porte une attention particuli\u00e8re \u00e0 la qualit\u00e9 des prestations propos\u00e9es aux visiteurs, c&rsquo;est pourquoi, il est engag\u00e9 dans cette d\u00e9marche depuis 2012. En choisissant de faire classer votre bien, vous profiterez d&rsquo;avantages int\u00e9ressants et participerez \u00e0 la qualification de l&rsquo;offre d&rsquo;h\u00e9bergements du territoire. Gr\u00e2ce...\" \/>\n<meta property=\"og:url\" content=\"https:\/\/www.lacroixvalmertourisme.com\/fr\/classement-un-gage-de-qualite\" \/>\n<meta property=\"og:site_name\" content=\"La Croix-Valmer Tourisme\" \/>\n<meta property=\"article:publisher\" content=\"https:\/\/www.facebook.com\/lacroixvalmertourisme\/\" \/>\n<meta property=\"article:modified_time\" content=\"2025-12-17T08:25:18+00:00\" \/>\n<meta property=\"og:image\" content=\"https:\/\/www.lacroixvalmertourisme.com\/wp-content\/uploads\/2024\/06\/classement-052024-\u00a9-lacroixvalmertourisme-6.jpeg\" \/>\n\t<meta property=\"og:image:width\" content=\"2000\" \/>\n\t<meta property=\"og:image:height\" content=\"1500\" \/>\n\t<meta property=\"og:image:type\" content=\"image\/jpeg\" \/>\n<meta name=\"twitter:card\" content=\"summary_large_image\" \/>\n<meta name=\"twitter:site\" content=\"@La_Croix_Valmer\" \/>\n<meta name=\"twitter:label1\" content=\"Dur\u00e9e de lecture estim\u00e9e\" \/>\n\t<meta name=\"twitter:data1\" content=\"4 minutes\" \/>\n<!-- \/ Yoast SEO plugin. -->","yoast_head_json":{"title":"Classement, un gage de qualit\u00e9 - La Croix-Valmer Tourisme","robots":{"index":"index","follow":"follow","max-snippet":"max-snippet:-1","max-image-preview":"max-image-preview:large","max-video-preview":"max-video-preview:-1"},"canonical":"https:\/\/www.lacroixvalmertourisme.com\/fr\/classement-un-gage-de-qualite","og_locale":"fr_FR","og_type":"article","og_title":"Classement, un gage de qualit\u00e9 - La Croix-Valmer Tourisme","og_description":"Pourquoi faire classer son meubl\u00e9 de tourisme ? L&rsquo;Office de Tourisme porte une attention particuli\u00e8re \u00e0 la qualit\u00e9 des prestations propos\u00e9es aux visiteurs, c&rsquo;est pourquoi, il est engag\u00e9 dans cette d\u00e9marche depuis 2012. En choisissant de faire classer votre bien, vous profiterez d&rsquo;avantages int\u00e9ressants et participerez \u00e0 la qualification de l&rsquo;offre d&rsquo;h\u00e9bergements du territoire. Gr\u00e2ce...","og_url":"https:\/\/www.lacroixvalmertourisme.com\/fr\/classement-un-gage-de-qualite","og_site_name":"La Croix-Valmer Tourisme","article_publisher":"https:\/\/www.facebook.com\/lacroixvalmertourisme\/","article_modified_time":"2025-12-17T08:25:18+00:00","og_image":[{"width":2000,"height":1500,"url":"https:\/\/www.lacroixvalmertourisme.com\/wp-content\/uploads\/2024\/06\/classement-052024-\u00a9-lacroixvalmertourisme-6.jpeg","type":"image\/jpeg"}],"twitter_card":"summary_large_image","twitter_site":"@La_Croix_Valmer","twitter_misc":{"Dur\u00e9e de lecture estim\u00e9e":"4 minutes"},"schema":{"@context":"https:\/\/schema.org","@graph":[{"@type":"WebPage","@id":"https:\/\/www.lacroixvalmertourisme.com\/fr\/classement-un-gage-de-qualite","url":"https:\/\/www.lacroixvalmertourisme.com\/fr\/classement-un-gage-de-qualite","name":"Classement, un gage de qualit\u00e9 - La Croix-Valmer Tourisme","isPartOf":{"@id":"https:\/\/www.lacroixvalmertourisme.com\/fr\/#website"},"primaryImageOfPage":{"@id":"https:\/\/www.lacroixvalmertourisme.com\/fr\/classement-un-gage-de-qualite#primaryimage"},"image":{"@id":"https:\/\/www.lacroixvalmertourisme.com\/fr\/classement-un-gage-de-qualite#primaryimage"},"thumbnailUrl":"https:\/\/www.lacroixvalmertourisme.com\/wp-content\/uploads\/2024\/06\/classement-052024-\u00a9-lacroixvalmertourisme-6.jpeg","datePublished":"2021-04-13T09:57:02+00:00","dateModified":"2025-12-17T08:25:18+00:00","breadcrumb":{"@id":"https:\/\/www.lacroixvalmertourisme.com\/fr\/classement-un-gage-de-qualite#breadcrumb"},"inLanguage":"fr-FR","potentialAction":[{"@type":"ReadAction","target":["https:\/\/www.lacroixvalmertourisme.com\/fr\/classement-un-gage-de-qualite"]}]},{"@type":"ImageObject","inLanguage":"fr-FR","@id":"https:\/\/www.lacroixvalmertourisme.com\/fr\/classement-un-gage-de-qualite#primaryimage","url":"https:\/\/www.lacroixvalmertourisme.com\/wp-content\/uploads\/2024\/06\/classement-052024-\u00a9-lacroixvalmertourisme-6.jpeg","contentUrl":"https:\/\/www.lacroixvalmertourisme.com\/wp-content\/uploads\/2024\/06\/classement-052024-\u00a9-lacroixvalmertourisme-6.jpeg","width":2000,"height":1500},{"@type":"BreadcrumbList","@id":"https:\/\/www.lacroixvalmertourisme.com\/fr\/classement-un-gage-de-qualite#breadcrumb","itemListElement":[{"@type":"ListItem","position":1,"name":"Accueil","item":"https:\/\/www.lacroixvalmertourisme.com\/fr"},{"@type":"ListItem","position":2,"name":"Classement, un gage de qualit\u00e9"}]},{"@type":"WebSite","@id":"https:\/\/www.lacroixvalmertourisme.com\/fr\/#website","url":"https:\/\/www.lacroixvalmertourisme.com\/fr\/","name":"La Croix-Valmer Tourisme","description":"Toutes les informations touristiques pour organiser votre prochain s\u00e9jour \u00e0 La Croix Valmer dans le Golfe de Saint-Tropez","publisher":{"@id":"https:\/\/www.lacroixvalmertourisme.com\/fr\/#organization"},"potentialAction":[{"@type":"SearchAction","target":{"@type":"EntryPoint","urlTemplate":"https:\/\/www.lacroixvalmertourisme.com\/fr\/?s={search_term_string}"},"query-input":{"@type":"PropertyValueSpecification","valueRequired":true,"valueName":"search_term_string"}}],"inLanguage":"fr-FR"},{"@type":"Organization","@id":"https:\/\/www.lacroixvalmertourisme.com\/fr\/#organization","name":"Office de Tourisme de La Croix Valmer","url":"https:\/\/www.lacroixvalmertourisme.com\/fr\/","logo":{"@type":"ImageObject","inLanguage":"fr-FR","@id":"https:\/\/www.lacroixvalmertourisme.com\/fr\/#\/schema\/logo\/image\/","url":"https:\/\/www.lacroixvalmertourisme.com\/wp-content\/uploads\/2021\/06\/Logo_ot_bleu.png","contentUrl":"https:\/\/www.lacroixvalmertourisme.com\/wp-content\/uploads\/2021\/06\/Logo_ot_bleu.png","width":591,"height":454,"caption":"Office de Tourisme de La Croix Valmer"},"image":{"@id":"https:\/\/www.lacroixvalmertourisme.com\/fr\/#\/schema\/logo\/image\/"},"sameAs":["https:\/\/www.facebook.com\/lacroixvalmertourisme\/","https:\/\/x.com\/La_Croix_Valmer","https:\/\/www.instagram.com\/lacroixvalmer_tourisme\/"]}]}},"publishpress_future_workflow_manual_trigger":{"enabledWorkflows":[]},"_links":{"self":[{"href":"https:\/\/www.lacroixvalmertourisme.com\/fr\/wp-json\/wp\/v2\/pages\/171","targetHints":{"allow":["GET"]}}],"collection":[{"href":"https:\/\/www.lacroixvalmertourisme.com\/fr\/wp-json\/wp\/v2\/pages"}],"about":[{"href":"https:\/\/www.lacroixvalmertourisme.com\/fr\/wp-json\/wp\/v2\/types\/page"}],"author":[{"embeddable":true,"href":"https:\/\/www.lacroixvalmertourisme.com\/fr\/wp-json\/wp\/v2\/users\/4"}],"replies":[{"embeddable":true,"href":"https:\/\/www.lacroixvalmertourisme.com\/fr\/wp-json\/wp\/v2\/comments?post=171"}],"version-history":[{"count":14,"href":"https:\/\/www.lacroixvalmertourisme.com\/fr\/wp-json\/wp\/v2\/pages\/171\/revisions"}],"predecessor-version":[{"id":26076,"href":"https:\/\/www.lacroixvalmertourisme.com\/fr\/wp-json\/wp\/v2\/pages\/171\/revisions\/26076"}],"wp:featuredmedia":[{"embeddable":true,"href":"https:\/\/www.lacroixvalmertourisme.com\/fr\/wp-json\/wp\/v2\/media\/16103"}],"wp:attachment":[{"href":"https:\/\/www.lacroixvalmertourisme.com\/fr\/wp-json\/wp\/v2\/media?parent=171"}],"curies":[{"name":"wp","href":"https:\/\/api.w.org\/{rel}","templated":true}]}}