{"id":155,"date":"2021-04-13T11:36:21","date_gmt":"2021-04-13T09:36:21","guid":{"rendered":"https:\/\/www.lacroixvalmertourisme.com\/?page_id=155"},"modified":"2026-01-29T15:47:03","modified_gmt":"2026-01-29T14:47:03","slug":"la-croix-valmer-tourisme","status":"publish","type":"page","link":"https:\/\/www.lacroixvalmertourisme.com\/fr\/la-croix-valmer-tourisme","title":{"rendered":"Office de Tourisme"},"content":{"rendered":"\n<div class=\"wp-block-group alignwide is-layout-constrained wp-block-group-is-layout-constrained\"><div class=\"relative wp-block-fmz-slider alignfull\">\n<div class=\"wp-block-query alignfull is-layout-flow wp-block-query-is-layout-flow fmz-slider-1864198374489415 swiper\"><ul class=\"swiper-wrapper\"><li class=\"wp-block-post post-20207 page type-page status-publish has-post-thumbnail hentry swiper-slide\">\n\n<div class=\"wp-block-cover has-custom-content-position is-position-bottom-left\" style=\"padding-top:var(--wp--preset--spacing--60);padding-right:var(--wp--preset--spacing--60);padding-bottom:var(--wp--preset--spacing--60);padding-left:var(--wp--preset--spacing--60)\"><span aria-hidden=\"true\" class=\"wp-block-cover__background has-background-dim wp-block-cover__gradient-background has-background-gradient has-bg-gradient-to-black-bottom-gradient-background\"><\/span><img loading=\"lazy\" decoding=\"async\" width=\"768\" height=\"1024\" src=\"https:\/\/www.lacroixvalmertourisme.com\/wp-content\/uploads\/2024\/07\/Accueil-saisonniers-2024-\u00a9-lacroixvalmertourisme-40-768x1024.jpeg\" class=\"wp-block-cover__image-background wp-post-image\" alt=\"saison 2024 la croix valmer tourisme office de tourisme\" data-object-fit=\"cover\"   \/><div class=\"wp-block-cover__inner-container is-layout-constrained wp-container-core-cover-is-layout-11859842 wp-block-cover-is-layout-constrained\"><h2 class=\"wp-block-post-title\"><a href=\"https:\/\/www.lacroixvalmertourisme.com\/fr\/la-croix-valmer-tourisme\/cest-une-equipe-qualifiee\" target=\"_self\" >Une \u00e9quipe qualifi\u00e9e<\/a><\/h2><\/div><\/div>\n\n<\/li><li class=\"wp-block-post post-20213 page type-page status-publish has-post-thumbnail hentry swiper-slide\">\n\n<div class=\"wp-block-cover has-custom-content-position is-position-bottom-left\" style=\"padding-top:var(--wp--preset--spacing--60);padding-right:var(--wp--preset--spacing--60);padding-bottom:var(--wp--preset--spacing--60);padding-left:var(--wp--preset--spacing--60)\"><span aria-hidden=\"true\" class=\"wp-block-cover__background has-background-dim wp-block-cover__gradient-background has-background-gradient has-bg-gradient-to-black-bottom-gradient-background\"><\/span><img loading=\"lazy\" decoding=\"async\" width=\"1024\" height=\"768\" src=\"https:\/\/www.lacroixvalmertourisme.com\/wp-content\/uploads\/2024\/06\/IMG_6558-1024x768.jpg\" class=\"wp-block-cover__image-background wp-post-image\" alt=\"brochures eco evenements la croix valmer office de tourisme\" data-object-fit=\"cover\"   \/><div class=\"wp-block-cover__inner-container is-layout-constrained wp-container-core-cover-is-layout-11859842 wp-block-cover-is-layout-constrained\"><h2 class=\"wp-block-post-title\"><a href=\"https:\/\/www.lacroixvalmertourisme.com\/fr\/la-croix-valmer-tourisme\/qualite-daccueil\" target=\"_self\" >Qualit\u00e9 d&rsquo;accueil<\/a><\/h2><\/div><\/div>\n\n<\/li><li class=\"wp-block-post post-20217 page type-page status-publish has-post-thumbnail hentry swiper-slide\">\n\n<div class=\"wp-block-cover has-custom-content-position is-position-bottom-left\" style=\"padding-top:var(--wp--preset--spacing--60);padding-right:var(--wp--preset--spacing--60);padding-bottom:var(--wp--preset--spacing--60);padding-left:var(--wp--preset--spacing--60)\"><span aria-hidden=\"true\" class=\"wp-block-cover__background has-background-dim wp-block-cover__gradient-background has-background-gradient has-bg-gradient-to-black-bottom-gradient-background\"><\/span><img loading=\"lazy\" decoding=\"async\" width=\"1024\" height=\"768\" src=\"https:\/\/www.lacroixvalmertourisme.com\/wp-content\/uploads\/2025\/01\/Accueil-OT-012025-2-1024x768.jpeg\" class=\"wp-block-cover__image-background wp-post-image\" alt=\"\" data-object-fit=\"cover\"   \/><div class=\"wp-block-cover__inner-container is-layout-constrained wp-container-core-cover-is-layout-11859842 wp-block-cover-is-layout-constrained\"><h2 class=\"wp-block-post-title\"><a href=\"https:\/\/www.lacroixvalmertourisme.com\/fr\/la-croix-valmer-tourisme\/votre-avis-nous-interesse\" target=\"_self\" >Votre avis nous int\u00e9resse<\/a><\/h2><\/div><\/div>\n\n<\/li><li class=\"wp-block-post post-20223 page type-page status-publish has-post-thumbnail hentry swiper-slide\">\n\n<div class=\"wp-block-cover has-custom-content-position is-position-bottom-left\" style=\"padding-top:var(--wp--preset--spacing--60);padding-right:var(--wp--preset--spacing--60);padding-bottom:var(--wp--preset--spacing--60);padding-left:var(--wp--preset--spacing--60)\"><span aria-hidden=\"true\" class=\"wp-block-cover__background has-background-dim wp-block-cover__gradient-background has-background-gradient has-bg-gradient-to-black-bottom-gradient-background\"><\/span><img loading=\"lazy\" decoding=\"async\" width=\"1024\" height=\"682\" src=\"https:\/\/www.lacroixvalmertourisme.com\/wp-content\/uploads\/2025\/01\/rencontres-2024\u00a9service-communiction-lacroixvalmer-1-1024x682.jpg\" class=\"wp-block-cover__image-background wp-post-image\" alt=\"\" data-object-fit=\"cover\"   \/><div class=\"wp-block-cover__inner-container is-layout-constrained wp-container-core-cover-is-layout-11859842 wp-block-cover-is-layout-constrained\"><h2 class=\"wp-block-post-title\"><a href=\"https:\/\/www.lacroixvalmertourisme.com\/fr\/la-croix-valmer-tourisme\/au-service-des-professionnels\" target=\"_self\" >Au service des professionnels<\/a><\/h2><\/div><\/div>\n\n<\/li><li class=\"wp-block-post post-20219 page type-page status-publish has-post-thumbnail hentry swiper-slide\">\n\n<div class=\"wp-block-cover has-custom-content-position is-position-bottom-left\" style=\"padding-top:var(--wp--preset--spacing--60);padding-right:var(--wp--preset--spacing--60);padding-bottom:var(--wp--preset--spacing--60);padding-left:var(--wp--preset--spacing--60)\"><span aria-hidden=\"true\" class=\"wp-block-cover__background has-background-dim wp-block-cover__gradient-background has-background-gradient has-bg-gradient-to-black-bottom-gradient-background\"><\/span><img loading=\"lazy\" decoding=\"async\" width=\"1024\" height=\"731\" src=\"https:\/\/www.lacroixvalmertourisme.com\/wp-content\/uploads\/2021\/06\/2020-1709\u00a9guillaumevoiturier-14-SITE-OT-1024x731.jpg\" class=\"wp-block-cover__image-background wp-post-image\" alt=\"office de tourisme la croix valmer\" data-object-fit=\"cover\"   \/><div class=\"wp-block-cover__inner-container is-layout-constrained wp-container-core-cover-is-layout-11859842 wp-block-cover-is-layout-constrained\"><h2 class=\"wp-block-post-title\"><a href=\"https:\/\/www.lacroixvalmertourisme.com\/fr\/la-croix-valmer-tourisme\/accessibilite\" target=\"_self\" >Accessibilit\u00e9 de l&rsquo;Office de Tourisme<\/a><\/h2><\/div><\/div>\n\n<\/li><\/ul><\/div>\n<div class=\"swiper-prev-1864198374489415\"><div class=\"fa-4x h-full flex items-center absolute z-10 top-1\/2 -translate-x-1\/2 -translate-y-1\/2 left-0 right-auto cursor-pointer\">\r\n\t\t<span class=\"fa-layers fa-fw z-10\">\r\n\t\t\t<i class=\"fa-solid fa-circle text-white dark:text-black\"><\/i>\r\n\t\t\t<i class=\"fa-light fa-angle-left text-black dark:text-white\" data-fa-transform=\"shrink-6\"><\/i>\r\n\t\t<\/span>\r\n\t<\/div><\/div><div class=\"swiper-next-1864198374489415\"><div class=\"fa-4x h-full flex items-center absolute z-10 top-1\/2 translate-x-1\/2 -translate-y-1\/2 right-0 left-auto cursor-pointer\">\r\n\t\t<span class=\"fa-layers fa-fw z-10\">\r\n\t\t\t<i class=\"fa-solid fa-circle text-white dark:text-black\"><\/i>\r\n\t\t\t<i class=\"fa-light fa-angle-right text-black dark:text-white\" data-fa-transform=\"shrink-6\"><\/i>\r\n\t\t<\/span>\r\n\t<\/div><\/div><\/div><div class=\"fmz-slider-thumbs-container-1864198374489415 wp-block-fmz-slider alignfull\"><\/div>\r\n\t<script>\r\n\t\t\t\tnew Swiper('.fmz-slider-1864198374489415', {\r\n\t\t\t\n        \n        slidesPerView: 1,\n        spaceBetween: 20,\n        centeredSlides: false,\n        speed: 300,\n        loop: false,\n\t\t\t\tdirection: 'horizontal',\n\t\t\t\teffect: 'slide',\n        breakpoints:{ \n          576: { \n            slidesPerView: 2,\n            spaceBetween: 20,\n\t\t\t\t\t\tcenteredSlides: false,\n          }, \n          992: { \n            slidesPerView: 3,\n            spaceBetween: 20,\n\t\t\t\t\t\tcenteredSlides: false,\n          },\n          1200: {\n            slidesPerView: 4,\n            spaceBetween: 20,\n\t\t\t\t\t\tcenteredSlides: false,\n          },\n          1400: {\n            slidesPerView: 5,\n            spaceBetween: 20,\n\t\t\t\t\t\tcenteredSlides: false,\n          }\n        }\n      ,\r\n\t\t\t\t\t\t\tnavigation: { \r\n\t\t\t\t\tnextEl: '.swiper-next-1864198374489415', \r\n\t\t\t\t\tprevEl: '.swiper-prev-1864198374489415'\r\n\t\t\t\t},\r\n\t\t\t\t\t\t\t\t\ta11y: {\r\n\t\t\t\tenabled: true,\r\n\t\t\t\tprevSlideMessage: 'Diapositive pr\u00e9c\u00e9dente',\r\n\t\t\t\tnextSlideMessage: 'Diapositive suivante',\r\n\t\t\t\tfirstSlideMessage: 'Premi\u00e8re diapositive',\r\n\t\t\t\tlastSlideMessage: 'Derni\u00e8re diapositive',\r\n\t\t\t\tpaginationBulletMessage: 'Diapositive {{index}}',\r\n\t\t\t},\r\n\t\t\t\t\t\twatchSlidesProgress: true,\r\n\t\t\twatchOverflow: true\r\n\t\t} )\r\n\t<\/script>\r\n\t\r\n\t\n\n\n<h3 class=\"wp-block-heading has-text-align-center has-slate-700-color has-text-color has-script-font-family has-5-xl-font-size\">un accueil ouvert toute l&rsquo;ann\u00e9e<\/h3>\n\n\n\n<div style=\"height:31px\" aria-hidden=\"true\" class=\"wp-block-spacer\"><\/div>\n\n\n\n<div class=\"wp-block-columns alignwide is-layout-flex wp-container-core-columns-is-layout-0defc3be wp-block-columns-is-layout-flex\">\n<div class=\"wp-block-column is-layout-flow wp-block-column-is-layout-flow\">\n<p class=\"has-text-align-center has-slate-700-color has-text-color has-link-color wp-elements-4c56335b627ce85902030498fa3e8527 wp-block-paragraph\"><strong>Octobre \u00e0 Mars<\/strong><br>Lundi &#8211; Vendredi<br>9h-12h \/ 14h-18h<br>Ouverture samedi 9h-12h uniquement pendant les vacances scolaires<\/p>\n<\/div>\n\n\n\n<div class=\"wp-block-column is-layout-flow wp-block-column-is-layout-flow\">\n<p class=\"has-text-align-center has-slate-700-color has-text-color has-link-color wp-elements-24150ac27e0dc14ba7d82ce6d8f69824 wp-block-paragraph\"><strong>Avril, Mai, Juin, Septembre<\/strong><br>Lundi &#8211; Samedi<br>9h-12h \/ 14h-18h<br>Dimanche et f\u00e9ri\u00e9 9h-13h<br>(ferm\u00e9 le 01\/05)<\/p>\n<\/div>\n\n\n\n<div class=\"wp-block-column is-layout-flow wp-block-column-is-layout-flow\">\n<p class=\"has-text-align-center has-slate-700-color has-text-color has-link-color wp-elements-8a1831ec2c70e3d034db7d331fab018b wp-block-paragraph\"><strong>Juillet, Ao\u00fbt<\/strong><br>Lundi &#8211; Samedi<br>9h-13h \/ 14h-18h<br>Dimanche et f\u00e9ri\u00e9 9h-13h<\/p>\n<\/div>\n<\/div>\n\n\n\n<div style=\"height:50px\" aria-hidden=\"true\" class=\"wp-block-spacer\"><\/div>\n\n\n\n<p class=\"has-text-align-center has-slate-700-color has-text-color wp-block-paragraph\">Des QR codes sont \u00e0 votre disposition pour acc\u00e9der \u00e0 la version num\u00e9rique de nos \u00e9ditions et la documentation papier vous sera remise sur demande. Le wifi reste accessible 24h\/24 et nous vous invitons \u00e0 vous installer sur le parvis ext\u00e9rieur pour en profiter.<br>Au plaisir de vous accueillir prochainement.<\/p>\n\n\n\n<div style=\"height:50px\" aria-hidden=\"true\" class=\"wp-block-spacer\"><\/div>\n<\/div>\n\n\n\n<figure class=\"wp-block-video aligncenter\"><video height=\"1080\" style=\"aspect-ratio: 1920 \/ 1080;\" width=\"1920\" autoplay controls muted src=\"https:\/\/www.lacroixvalmertourisme.com\/wp-content\/uploads\/2026\/01\/Rapport-Activite-OT-LCV-music-open-final-1080-light-1.mov\" playsinline><\/video><\/figure>\n","protected":false},"excerpt":{"rendered":"<p>un accueil ouvert toute l&rsquo;ann\u00e9e Octobre \u00e0 MarsLundi &#8211; Vendredi9h-12h \/ 14h-18hOuverture samedi 9h-12h uniquement pendant les vacances scolaires Avril, Mai, Juin, SeptembreLundi &#8211; Samedi9h-12h \/ 14h-18hDimanche et f\u00e9ri\u00e9 9h-13h(ferm\u00e9 le 01\/05) Juillet, Ao\u00fbtLundi &#8211; Samedi9h-13h \/ 14h-18hDimanche et f\u00e9ri\u00e9 9h-13h Des QR codes sont \u00e0 votre disposition pour acc\u00e9der \u00e0 la version num\u00e9rique de&#8230;<\/p>\n","protected":false},"author":4,"featured_media":22691,"parent":0,"menu_order":215,"comment_status":"closed","ping_status":"closed","template":"page-plage.blade.php","meta":{"_acf_changed":false,"_crdt_document":"","footnotes":""},"class_list":["post-155","page","type-page","status-publish","has-post-thumbnail","hentry"],"acf":{"slogan":"","introduction":"","video_mp4":false,"video_webm":false,"poster_image":false,"nugget":false,"pagepage-etendus":"none","page-virtuelle":false,"pagepage-updown":false,"autoplay":false,"delay":"","mots-cles":"office de tourisme horaires ouverture ot gigaro covid qualit\u00e9 tourisme\r\n","title_alignement":""},"yoast_head":"<!-- This site is optimized with the Yoast SEO plugin v27.5 - https:\/\/yoast.com\/product\/yoast-seo-wordpress\/ -->\n<title>Office de Tourisme - La Croix-Valmer Tourisme<\/title>\n<meta name=\"robots\" content=\"index, follow, max-snippet:-1, max-image-preview:large, max-video-preview:-1\" \/>\n<link rel=\"canonical\" href=\"https:\/\/www.lacroixvalmertourisme.com\/fr\/la-croix-valmer-tourisme\" \/>\n<meta property=\"og:locale\" content=\"fr_FR\" \/>\n<meta property=\"og:type\" content=\"article\" \/>\n<meta property=\"og:title\" content=\"Office de Tourisme - La Croix-Valmer Tourisme\" \/>\n<meta property=\"og:description\" content=\"un accueil ouvert toute l&rsquo;ann\u00e9e Octobre \u00e0 MarsLundi &#8211; Vendredi9h-12h \/ 14h-18hOuverture samedi 9h-12h uniquement pendant les vacances scolaires Avril, Mai, Juin, SeptembreLundi &#8211; Samedi9h-12h \/ 14h-18hDimanche et f\u00e9ri\u00e9 9h-13h(ferm\u00e9 le 01\/05) Juillet, Ao\u00fbtLundi &#8211; Samedi9h-13h \/ 14h-18hDimanche et f\u00e9ri\u00e9 9h-13h Des QR codes sont \u00e0 votre disposition pour acc\u00e9der \u00e0 la version num\u00e9rique de...\" \/>\n<meta property=\"og:url\" content=\"https:\/\/www.lacroixvalmertourisme.com\/fr\/la-croix-valmer-tourisme\" \/>\n<meta property=\"og:site_name\" content=\"La Croix-Valmer Tourisme\" \/>\n<meta property=\"article:publisher\" content=\"https:\/\/www.facebook.com\/lacroixvalmertourisme\/\" \/>\n<meta property=\"article:modified_time\" content=\"2026-01-29T14:47:03+00:00\" \/>\n<meta property=\"og:image\" content=\"https:\/\/www.lacroixvalmertourisme.com\/wp-content\/uploads\/2025\/04\/OT-LCV-2024-\u00a9lacroixvalmertourisme-4-.jpg\" \/>\n\t<meta property=\"og:image:width\" content=\"1759\" \/>\n\t<meta property=\"og:image:height\" content=\"1080\" \/>\n\t<meta property=\"og:image:type\" content=\"image\/jpeg\" \/>\n<meta name=\"twitter:card\" content=\"summary_large_image\" \/>\n<meta name=\"twitter:site\" content=\"@La_Croix_Valmer\" \/>\n<meta name=\"twitter:label1\" content=\"Dur\u00e9e de lecture estim\u00e9e\" \/>\n\t<meta name=\"twitter:data1\" content=\"6 minutes\" \/>\n<!-- \/ Yoast SEO plugin. -->","yoast_head_json":{"title":"Office de Tourisme - La Croix-Valmer Tourisme","robots":{"index":"index","follow":"follow","max-snippet":"max-snippet:-1","max-image-preview":"max-image-preview:large","max-video-preview":"max-video-preview:-1"},"canonical":"https:\/\/www.lacroixvalmertourisme.com\/fr\/la-croix-valmer-tourisme","og_locale":"fr_FR","og_type":"article","og_title":"Office de Tourisme - La Croix-Valmer Tourisme","og_description":"un accueil ouvert toute l&rsquo;ann\u00e9e Octobre \u00e0 MarsLundi &#8211; Vendredi9h-12h \/ 14h-18hOuverture samedi 9h-12h uniquement pendant les vacances scolaires Avril, Mai, Juin, SeptembreLundi &#8211; Samedi9h-12h \/ 14h-18hDimanche et f\u00e9ri\u00e9 9h-13h(ferm\u00e9 le 01\/05) Juillet, Ao\u00fbtLundi &#8211; Samedi9h-13h \/ 14h-18hDimanche et f\u00e9ri\u00e9 9h-13h Des QR codes sont \u00e0 votre disposition pour acc\u00e9der \u00e0 la version num\u00e9rique de...","og_url":"https:\/\/www.lacroixvalmertourisme.com\/fr\/la-croix-valmer-tourisme","og_site_name":"La Croix-Valmer Tourisme","article_publisher":"https:\/\/www.facebook.com\/lacroixvalmertourisme\/","article_modified_time":"2026-01-29T14:47:03+00:00","og_image":[{"width":1759,"height":1080,"url":"https:\/\/www.lacroixvalmertourisme.com\/wp-content\/uploads\/2025\/04\/OT-LCV-2024-\u00a9lacroixvalmertourisme-4-.jpg","type":"image\/jpeg"}],"twitter_card":"summary_large_image","twitter_site":"@La_Croix_Valmer","twitter_misc":{"Dur\u00e9e de lecture estim\u00e9e":"6 minutes"},"schema":{"@context":"https:\/\/schema.org","@graph":[{"@type":"WebPage","@id":"https:\/\/www.lacroixvalmertourisme.com\/fr\/la-croix-valmer-tourisme","url":"https:\/\/www.lacroixvalmertourisme.com\/fr\/la-croix-valmer-tourisme","name":"Office de Tourisme - La Croix-Valmer Tourisme","isPartOf":{"@id":"https:\/\/www.lacroixvalmertourisme.com\/fr\/#website"},"primaryImageOfPage":{"@id":"https:\/\/www.lacroixvalmertourisme.com\/fr\/la-croix-valmer-tourisme#primaryimage"},"image":{"@id":"https:\/\/www.lacroixvalmertourisme.com\/fr\/la-croix-valmer-tourisme#primaryimage"},"thumbnailUrl":"https:\/\/www.lacroixvalmertourisme.com\/wp-content\/uploads\/2025\/04\/OT-LCV-2024-\u00a9lacroixvalmertourisme-4-.jpg","datePublished":"2021-04-13T09:36:21+00:00","dateModified":"2026-01-29T14:47:03+00:00","breadcrumb":{"@id":"https:\/\/www.lacroixvalmertourisme.com\/fr\/la-croix-valmer-tourisme#breadcrumb"},"inLanguage":"fr-FR","potentialAction":[{"@type":"ReadAction","target":["https:\/\/www.lacroixvalmertourisme.com\/fr\/la-croix-valmer-tourisme"]}]},{"@type":"ImageObject","inLanguage":"fr-FR","@id":"https:\/\/www.lacroixvalmertourisme.com\/fr\/la-croix-valmer-tourisme#primaryimage","url":"https:\/\/www.lacroixvalmertourisme.com\/wp-content\/uploads\/2025\/04\/OT-LCV-2024-\u00a9lacroixvalmertourisme-4-.jpg","contentUrl":"https:\/\/www.lacroixvalmertourisme.com\/wp-content\/uploads\/2025\/04\/OT-LCV-2024-\u00a9lacroixvalmertourisme-4-.jpg","width":1759,"height":1080},{"@type":"BreadcrumbList","@id":"https:\/\/www.lacroixvalmertourisme.com\/fr\/la-croix-valmer-tourisme#breadcrumb","itemListElement":[{"@type":"ListItem","position":1,"name":"Accueil","item":"https:\/\/www.lacroixvalmertourisme.com\/fr"},{"@type":"ListItem","position":2,"name":"Office de Tourisme"}]},{"@type":"WebSite","@id":"https:\/\/www.lacroixvalmertourisme.com\/fr\/#website","url":"https:\/\/www.lacroixvalmertourisme.com\/fr\/","name":"La Croix-Valmer Tourisme","description":"Toutes les informations touristiques pour organiser votre prochain s\u00e9jour \u00e0 La Croix Valmer dans le Golfe de Saint-Tropez","publisher":{"@id":"https:\/\/www.lacroixvalmertourisme.com\/fr\/#organization"},"potentialAction":[{"@type":"SearchAction","target":{"@type":"EntryPoint","urlTemplate":"https:\/\/www.lacroixvalmertourisme.com\/fr\/?s={search_term_string}"},"query-input":{"@type":"PropertyValueSpecification","valueRequired":true,"valueName":"search_term_string"}}],"inLanguage":"fr-FR"},{"@type":"Organization","@id":"https:\/\/www.lacroixvalmertourisme.com\/fr\/#organization","name":"Office de Tourisme de La Croix Valmer","url":"https:\/\/www.lacroixvalmertourisme.com\/fr\/","logo":{"@type":"ImageObject","inLanguage":"fr-FR","@id":"https:\/\/www.lacroixvalmertourisme.com\/fr\/#\/schema\/logo\/image\/","url":"https:\/\/www.lacroixvalmertourisme.com\/wp-content\/uploads\/2021\/06\/Logo_ot_bleu.png","contentUrl":"https:\/\/www.lacroixvalmertourisme.com\/wp-content\/uploads\/2021\/06\/Logo_ot_bleu.png","width":591,"height":454,"caption":"Office de Tourisme de La Croix Valmer"},"image":{"@id":"https:\/\/www.lacroixvalmertourisme.com\/fr\/#\/schema\/logo\/image\/"},"sameAs":["https:\/\/www.facebook.com\/lacroixvalmertourisme\/","https:\/\/x.com\/La_Croix_Valmer","https:\/\/www.instagram.com\/lacroixvalmer_tourisme\/"]}]}},"publishpress_future_workflow_manual_trigger":{"enabledWorkflows":[]},"_links":{"self":[{"href":"https:\/\/www.lacroixvalmertourisme.com\/fr\/wp-json\/wp\/v2\/pages\/155","targetHints":{"allow":["GET"]}}],"collection":[{"href":"https:\/\/www.lacroixvalmertourisme.com\/fr\/wp-json\/wp\/v2\/pages"}],"about":[{"href":"https:\/\/www.lacroixvalmertourisme.com\/fr\/wp-json\/wp\/v2\/types\/page"}],"author":[{"embeddable":true,"href":"https:\/\/www.lacroixvalmertourisme.com\/fr\/wp-json\/wp\/v2\/users\/4"}],"replies":[{"embeddable":true,"href":"https:\/\/www.lacroixvalmertourisme.com\/fr\/wp-json\/wp\/v2\/comments?post=155"}],"version-history":[{"count":29,"href":"https:\/\/www.lacroixvalmertourisme.com\/fr\/wp-json\/wp\/v2\/pages\/155\/revisions"}],"predecessor-version":[{"id":26728,"href":"https:\/\/www.lacroixvalmertourisme.com\/fr\/wp-json\/wp\/v2\/pages\/155\/revisions\/26728"}],"wp:featuredmedia":[{"embeddable":true,"href":"https:\/\/www.lacroixvalmertourisme.com\/fr\/wp-json\/wp\/v2\/media\/22691"}],"wp:attachment":[{"href":"https:\/\/www.lacroixvalmertourisme.com\/fr\/wp-json\/wp\/v2\/media?parent=155"}],"curies":[{"name":"wp","href":"https:\/\/api.w.org\/{rel}","templated":true}]}}