{"id":132,"date":"2021-04-13T11:23:51","date_gmt":"2021-04-13T09:23:51","guid":{"rendered":"https:\/\/www.lacroixvalmertourisme.com\/?page_id=132"},"modified":"2026-02-10T07:07:37","modified_gmt":"2026-02-10T06:07:37","slug":"devenez-partenaire","status":"publish","type":"page","link":"https:\/\/www.lacroixvalmertourisme.com\/fr\/devenez-partenaire","title":{"rendered":"Devenons partenaire"},"content":{"rendered":"\n<div class=\"wp-block-group is-layout-constrained wp-block-group-is-layout-constrained\">\n<h2 class=\"wp-block-heading has-text-align-left has-secondary-50-color has-text-color\"><strong>Devenez partenaire de l\u2019Office de Tourisme de La Croix Valmer<\/strong><\/h2>\n\n\n\n<div class=\"wp-block-group is-layout-constrained wp-block-group-is-layout-constrained\">\n<div class=\"wp-block-group is-layout-constrained wp-block-group-is-layout-constrained\">\n<p class=\"wp-block-paragraph\">Chaque jour, nous agissons pour faire d\u00e9couvrir la richesse de La Croix Valmer et <strong>Sa Vraie Nature<\/strong>, en valorisant les acteurs qui contribuent \u00e0 l\u2019identit\u00e9 et \u00e0 l\u2019attractivit\u00e9 de notre territoire.<\/p>\n<\/div>\n\n\n\n<p class=\"wp-block-paragraph\">Nos missions vont bien au-del\u00e0 de la simple information : nous cr\u00e9ons des exp\u00e9riences, nous accompagnons les professionnels et nous mettons en lumi\u00e8re les initiatives locales. Dans l\u2019esprit de <strong>La Vraie Nature<\/strong>, la marque qui incarne notre identit\u00e9, nous travaillons \u00e0 promouvoir vos services aupr\u00e8s des visiteurs, des saisonniers et de l\u2019ensemble de nos partenaires.<\/p>\n\n\n\n<h3 class=\"wp-block-heading\"><strong>Pourquoi devenir partenaire ?<\/strong><\/h3>\n\n\n\n<p class=\"wp-block-paragraph\">Rejoindre l\u2019Office de Tourisme de La Croix Valmer, c\u2019est bien plus qu\u2019une simple collaboration : c\u2019est \u00eatre au c\u0153ur de la promotion et de l\u2019animation de notre destination, tout en donnant une v\u00e9ritable visibilit\u00e9 \u00e0 votre activit\u00e9.<\/p>\n\n\n\n<p class=\"wp-block-paragraph\">En devenant partenaire, vous b\u00e9n\u00e9ficiez d\u2019un accompagnement qui combine expertise humaine et outils digitaux modernes :&nbsp;<\/p>\n\n\n\n<p class=\"has-text-align-center wp-block-paragraph\"><strong>Promotion de votre activit\u00e9<\/strong> : vos services, offres et \u00e9v\u00e9nements sont mis en avant sur nos supports num\u00e9riques, newsletters et r\u00e9seaux sociaux.<\/p>\n\n\n\n<p class=\"has-text-align-center wp-block-paragraph\"><strong>Animation de la destination<\/strong> : participez \u00e0 des projets collectifs (vid\u00e9os d\u2019attractivit\u00e9, journ\u00e9es portes ouvertes, salon de l\u2019emploi, ateliers th\u00e9matiques&#8230;) pour attirer visiteurs et candidats saisonniers.<\/p>\n\n\n\n<p class=\"has-text-align-center wp-block-paragraph\"><strong>Accompagnement et mise en r\u00e9seau<\/strong> : conseils pratiques, informations sur les tendances locales et \u00e9changes avec d\u2019autres professionnels pour cr\u00e9er des opportunit\u00e9s concr\u00e8tes.<\/p>\n\n\n\n<h3 class=\"wp-block-heading\"><strong>Les b\u00e9n\u00e9fices concrets pour les socio-professionnels<\/strong><\/h3>\n\n\n\n<div class=\"wp-block-group is-layout-constrained wp-block-group-is-layout-constrained\">\n<div class=\"wp-block-group is-layout-constrained wp-block-group-is-layout-constrained\">\n<p class=\"has-text-align-center wp-block-paragraph\">&#8211; \u00catre visible aupr\u00e8s des visiteurs et des saisonniers<\/p>\n\n\n\n<p class=\"has-text-align-center wp-block-paragraph\">&#8211; Participer \u00e0 des projets collectifs qui renforcent l\u2019attractivit\u00e9 du territoire<\/p>\n\n\n\n<p class=\"has-text-align-center wp-block-paragraph\">&#8211; Diffuser vos offres d\u2019emploi et vos actualit\u00e9s pour attirer les talents<\/p>\n\n\n\n<p class=\"has-text-align-center wp-block-paragraph\">&#8211; B\u00e9n\u00e9ficier d\u2019un accompagnement personnalis\u00e9 et d\u2019un r\u00e9seau de professionnels locaux<br><\/p>\n<\/div>\n<\/div>\n\n\n\n<p class=\"wp-block-paragraph\">Ensemble, nous faisons de La Croix Valmer une destination dynamique, accueillante et durable, fid\u00e8le \u00e0 <strong>La Vraie Nature<\/strong> qui la caract\u00e9rise, o\u00f9 chaque acteur local trouve sa place et gagne en visibilit\u00e9.<\/p>\n\n\n\n<h3 class=\"wp-block-heading\"><strong>Nos missions : l\u2019humain au c\u0153ur de la promotion digitale<\/strong><\/h3>\n\n\n\n<p class=\"wp-block-paragraph\">\u00c0 l\u2019\u00e8re du num\u00e9rique et de l\u2019intelligence artificielle, nos outils digitaux multiplient la visibilit\u00e9. Mais ce qui fait r\u00e9ellement la diff\u00e9rence, c\u2019est notre expertise humaine, notre connaissance du terrain et notre capacit\u00e9 \u00e0 valoriser les acteurs de <strong>La Vraie Nature<\/strong> de La Croix Valmer.<\/p>\n\n\n\n<div class=\"wp-block-group is-layout-constrained wp-block-group-is-layout-constrained\">\n<div class=\"wp-block-group is-layout-constrained wp-block-group-is-layout-constrained\">\n<h3 class=\"wp-block-heading\"><strong>Un accueil de proximit\u00e9 et de qualit\u00e9<\/strong><\/h3>\n<\/div>\n<\/div>\n\n\n\n<p class=\"wp-block-paragraph\">Plus de <strong>11 000 visiteurs<\/strong> ont franchi les portes de l\u2019Office de Tourisme de La Croix Valmer cette ann\u00e9e et <strong>7 000 demandes<\/strong> ont \u00e9t\u00e9 trait\u00e9es avec soin par notre \u00e9quipe.<\/p>\n\n\n\n<h3 class=\"wp-block-heading\"><strong>Une pr\u00e9sence num\u00e9rique en forte progression<\/strong><\/h3>\n\n\n\n<div class=\"wp-block-group is-layout-constrained wp-block-group-is-layout-constrained\">\n<p class=\"wp-block-paragraph\">Notre site internet a enregistr\u00e9 <strong>plus de 80 000 visiteurs<\/strong>, soit une <strong>hausse de 39,4 %<\/strong> par rapport \u00e0 2024.<br>Sur les r\u00e9seaux sociaux, la communaut\u00e9 s\u2019agrandit et s\u2019engage :<\/p>\n\n\n\n<p class=\"has-text-align-center wp-block-paragraph\"><strong>+11 600 fans<\/strong> sur Facebook<br><strong>+9 200 abonn\u00e9s<\/strong> sur Instagram<br><strong>+2 000 contenus<\/strong> partag\u00e9s, pour une <strong>augmentation des vues de +186,2 %<\/strong><\/p>\n<\/div>\n\n\n\n<h3 class=\"wp-block-heading\"><strong>\u00c9ditions&nbsp;<\/strong><\/h3>\n\n\n\n<p class=\"wp-block-paragraph\">Nos supports d\u2019information continuent de s\u00e9duire : <strong>7 000 brochures (t\u00e9l\u00e9chargeables)<\/strong> distribu\u00e9es, con\u00e7ues pour inspirer, orienter et faire d\u00e9couvrir nos p\u00e9pites locales.<\/p>\n\n\n\n<h3 class=\"wp-block-heading\"><strong>Taxe de s\u00e9jour<\/strong><\/h3>\n\n\n\n<p class=\"wp-block-paragraph\">Avec <strong>628 001,13 \u20ac collect\u00e9s<\/strong> pour <strong>252 105 nuit\u00e9es<\/strong> (au 24.10.2025), la taxe de s\u00e9jour confirme la <strong>dynamique touristique<\/strong> et contribue au d\u00e9veloppement de la destination.&nbsp;<\/p>\n\n\n\n<h3 class=\"wp-block-heading\"><strong>H\u00e9bergements &amp; classements<\/strong><\/h3>\n\n\n\n<p class=\"wp-block-paragraph\">Avec <strong>67 classements de meubl\u00e9s<\/strong> r\u00e9alis\u00e9s, nous accompagnons les h\u00e9bergeurs dans une <strong>d\u00e9marche de qualit\u00e9<\/strong> et de professionnalisation continue.<\/p>\n\n\n\n<h3 class=\"wp-block-heading\"><strong>Labels, classements et reconnaissance<\/strong><\/h3>\n\n\n\n<div class=\"wp-block-group is-layout-constrained wp-block-group-is-layout-constrained\">\n<div class=\"wp-block-group is-layout-constrained wp-block-group-is-layout-constrained\">\n<div class=\"wp-block-group is-layout-constrained wp-block-group-is-layout-constrained\">\n<p class=\"has-text-align-left wp-block-paragraph\">&#8211; <strong>Commune touristique&nbsp;<\/strong>depuis 2009 renouvellement&nbsp;pr\u00e9vu 2034<\/p>\n\n\n\n<p class=\"has-text-align-left wp-block-paragraph\">&#8211; <strong>Station class\u00e9e de tourisme<\/strong> depuis 2011 renouvellement&nbsp;pr\u00e9vu 2035<\/p>\n\n\n\n<p class=\"has-text-align-left wp-block-paragraph\">&#8211; <strong>Classement des meubl\u00e9s de tourisme&nbsp;<\/strong>depuis 2013 renouvellement&nbsp;pr\u00e9vu <strong>2026<\/strong><\/p>\n\n\n\n<p class=\"has-text-align-left wp-block-paragraph\">&#8211; <strong>Accueil V\u00e9lo<\/strong> depuis 2023 renouvellement&nbsp;pr\u00e9vu <strong>2026<\/strong><\/p>\n\n\n\n<p class=\"has-text-align-left wp-block-paragraph\">&#8211; <strong>Qualit\u00e9 Tourisme<\/strong> depuis 2012<\/p>\n\n\n\n<p class=\"has-text-align-left wp-block-paragraph\">&#8211; <strong>OT class\u00e9 Cat\u00e9gorie I<\/strong> depuis&nbsp;2013 renouvellement&nbsp;pr\u00e9vu 2029<\/p>\n\n\n\n<p class=\"wp-block-paragraph\">&#8211; <strong>Destination excellence<\/strong> labellisation pr\u00e9vue en <strong>2026<\/strong><\/p>\n<\/div>\n<\/div>\n<\/div>\n<\/div>\n\n\n\n<h3 class=\"wp-block-heading\">Pour devenir Partenaire : <\/h3>\n\n\n\n<div class=\"wp-block-media-text is-stacked-on-mobile is-style-rounded\" style=\"grid-template-columns:23% auto\"><figure class=\"wp-block-media-text__media\"><img data-dominant-color=\"b6a299\" data-has-transparency=\"true\" style=\"--dominant-color: #b6a299;\" loading=\"lazy\" decoding=\"async\" width=\"1024\" height=\"1024\" src=\"https:\/\/www.lacroixvalmertourisme.com\/wp-content\/uploads\/2025\/11\/sansfondorgnigramme-oct-2025-1024x1024.webp\" alt=\"\" class=\"wp-image-25486 size-full has-transparency\" srcset=\"https:\/\/www.lacroixvalmertourisme.com\/wp-content\/uploads\/2025\/11\/sansfondorgnigramme-oct-2025-1024x1024.webp 1024w, https:\/\/www.lacroixvalmertourisme.com\/wp-content\/uploads\/2025\/11\/sansfondorgnigramme-oct-2025-300x300.webp 300w, https:\/\/www.lacroixvalmertourisme.com\/wp-content\/uploads\/2025\/11\/sansfondorgnigramme-oct-2025-150x150.webp 150w, https:\/\/www.lacroixvalmertourisme.com\/wp-content\/uploads\/2025\/11\/sansfondorgnigramme-oct-2025-768x768.webp 768w, https:\/\/www.lacroixvalmertourisme.com\/wp-content\/uploads\/2025\/11\/sansfondorgnigramme-oct-2025-1536x1536.webp 1536w, https:\/\/www.lacroixvalmertourisme.com\/wp-content\/uploads\/2025\/11\/sansfondorgnigramme-oct-2025.webp 2048w\" sizes=\"auto, (max-width: 1024px) 100vw, 1024px\" \/><\/figure><div class=\"wp-block-media-text__content\">\n<p class=\"wp-block-paragraph\">Contactez <strong>Zoya<\/strong><\/p>\n\n\n\n<p class=\"wp-block-paragraph\"><strong>R\u00e9f\u00e9rente Partenariats \u00e0 l&rsquo;Office de Tourisme de La Croix Valmer : <\/strong><br>partenariat@lacroixvalmer.fr<br>+33 (0)4 94 55 12 14<\/p>\n<\/div><\/div>\n\n\n\n<p class=\"wp-block-paragraph\"><em>NB : vous pouvez devenir partenaire tout au long de l\u2019ann\u00e9e, cependant certaines prestations ne seront plus disponibles en raison des d\u00e9lais d&rsquo;\u00e9dition et d\u2019impression.<\/em><\/p>\n\n\n\n<div style=\"height:37px\" aria-hidden=\"true\" class=\"wp-block-spacer\"><\/div>\n\n\n\n<h2 class=\"wp-block-heading\">Pour tout savoir des missions et actions de votre Office de Tourisme : <\/h2>\n\n\n\n<div style=\"height:50px\" aria-hidden=\"true\" class=\"wp-block-spacer\"><\/div>\n\n\n\n<figure class=\"wp-block-embed aligncenter is-type-video is-provider-youtube wp-block-embed-youtube wp-embed-aspect-16-9 wp-has-aspect-ratio\"><div class=\"wp-block-embed__wrapper\">\n<iframe loading=\"lazy\" title=\"Rapport d&#039;activit\u00e9 LCV Tourisme 2025\" width=\"500\" height=\"281\" src=\"https:\/\/www.youtube.com\/embed\/zt7NbuUUA6Q?start=4&#038;feature=oembed\" frameborder=\"0\" allow=\"accelerometer; autoplay; clipboard-write; encrypted-media; gyroscope; picture-in-picture; web-share\" referrerpolicy=\"strict-origin-when-cross-origin\" allowfullscreen><\/iframe>\n<\/div><\/figure>\n\n\n\n<div style=\"height:50px\" aria-hidden=\"true\" class=\"wp-block-spacer\"><\/div>\n\n\n\n<div style=\"height:50px\" aria-hidden=\"true\" class=\"wp-block-spacer\"><\/div>\n\n\n\n<div class=\"wp-block-columns are-vertically-aligned-center is-layout-flex wp-container-core-columns-is-layout-0defc3be wp-block-columns-is-layout-flex\">\n<div class=\"wp-block-column is-vertically-aligned-center is-layout-flow wp-block-column-is-layout-flow\">\n<figure class=\"wp-block-image aligncenter size-full is-resized is-style-rounded is-style-rounded--1\"><a href=\"https:\/\/drive.google.com\/file\/d\/1ayaf0rIdZ98fgOgElBf3aTZjI_SpKXt9\/view?usp=drive_link\" target=\"_blank\" rel=\" noreferrer noopener\"><img data-dominant-color=\"453487\" data-has-transparency=\"false\" loading=\"lazy\" decoding=\"async\" width=\"623\" height=\"875\" sizes=\"auto, (max-width: 623px) 100vw, 623px\" data-tippy-content=\"rapport activite 2025 couv\" src=\"https:\/\/www.lacroixvalmertourisme.com\/wp-content\/uploads\/2026\/01\/rapport-activite-2025-couv.webp\" alt=\"Fond violet sur lequel est inscrit \"Rapport d'activit\u00e9 2025\" et un post-it \u00e9pingl\u00e9 avec le logo de l'Office de Tourisme de La Croix Valmer\" class=\"wp-image-26695 not-transparent\" style=\"--dominant-color: #453487; width:232px\" srcset=\"https:\/\/www.lacroixvalmertourisme.com\/wp-content\/uploads\/2026\/01\/rapport-activite-2025-couv.webp 623w, https:\/\/www.lacroixvalmertourisme.com\/wp-content\/uploads\/2026\/01\/rapport-activite-2025-couv-214x300.webp 214w, https:\/\/www.lacroixvalmertourisme.com\/wp-content\/uploads\/2026\/01\/rapport-activite-2025-couv-107x150.webp 107w\" \/><\/a><\/figure>\n<\/div>\n\n\n\n<div class=\"wp-block-column is-vertically-aligned-center is-layout-flow wp-block-column-is-layout-flow\">\n<figure class=\"wp-block-image aligncenter size-full is-resized is-style-rounded is-style-rounded--2\"><a href=\"https:\/\/drive.google.com\/file\/d\/1LHj33B59hUddJOC8yKgJuzCWdHYxuoQS\/view?usp=drive_link\" target=\"_blank\" rel=\" noreferrer noopener\"><img data-dominant-color=\"f1c659\" data-has-transparency=\"false\" loading=\"lazy\" decoding=\"async\" width=\"675\" height=\"953\" sizes=\"auto, (max-width: 675px) 100vw, 675px\" src=\"https:\/\/www.lacroixvalmertourisme.com\/wp-content\/uploads\/2025\/10\/bilan-de-saison-2025.webp\" alt=\"Dessin d'un tableau avec inscrit \"Bilan saison 2025\" en blanc, avec un post-it \u00e9pingl\u00e9 dessus contenant le logo de L'office de Tourisme de La Croix Valmer. Le tout est sur un fond jaune soleil\" class=\"wp-image-24614 not-transparent\" style=\"--dominant-color: #f1c659; width:232px\" srcset=\"https:\/\/www.lacroixvalmertourisme.com\/wp-content\/uploads\/2025\/10\/bilan-de-saison-2025.webp 675w, https:\/\/www.lacroixvalmertourisme.com\/wp-content\/uploads\/2025\/10\/bilan-de-saison-2025-212x300.webp 212w, https:\/\/www.lacroixvalmertourisme.com\/wp-content\/uploads\/2025\/10\/bilan-de-saison-2025-106x150.webp 106w\" \/><\/a><\/figure>\n<\/div>\n<\/div>\n<\/div>\n\n\n\n<div style=\"height:100px\" aria-hidden=\"true\" class=\"wp-block-spacer\"><\/div>\n","protected":false},"excerpt":{"rendered":"<p>Devenez partenaire de l\u2019Office de Tourisme de La Croix Valmer Chaque jour, nous agissons pour faire d\u00e9couvrir la richesse de La Croix Valmer et Sa Vraie Nature, en valorisant les acteurs qui contribuent \u00e0 l\u2019identit\u00e9 et \u00e0 l\u2019attractivit\u00e9 de notre territoire. Nos missions vont bien au-del\u00e0 de la simple information : nous cr\u00e9ons des exp\u00e9riences,&#8230;<\/p>\n","protected":false},"author":4,"featured_media":26052,"parent":0,"menu_order":263,"comment_status":"closed","ping_status":"closed","template":"page-plage.blade.php","meta":{"_acf_changed":false,"_crdt_document":"","footnotes":""},"class_list":["post-132","page","type-page","status-publish","has-post-thumbnail","hentry"],"acf":{"slogan":"","introduction":"","video_mp4":false,"video_webm":false,"poster_image":false,"nugget":false,"pagepage-etendus":"compact","page-virtuelle":false,"pagepage-updown":false,"autoplay":false,"delay":"","mots-cles":"partenariat professionnel socio pro acteurs promotion prestataire socio visibilit\u00e9 convention communication qualit\u00e9 tourisme esprit parc national labels chiffres cl\u00e9s missions OT\r\n","title_alignement":""},"yoast_head":"<!-- This site is optimized with the Yoast SEO plugin v27.5 - https:\/\/yoast.com\/product\/yoast-seo-wordpress\/ -->\n<title>Devenons partenaire - La Croix-Valmer Tourisme<\/title>\n<meta name=\"description\" content=\"Page destin\u00e9e au partenaires \/ socio professionnels de La Croix Valmer Page d&#039;attractivit\u00e9 de la commune pour les professionnels\" \/>\n<meta name=\"robots\" content=\"index, follow, max-snippet:-1, max-image-preview:large, max-video-preview:-1\" \/>\n<link rel=\"canonical\" href=\"https:\/\/www.lacroixvalmertourisme.com\/fr\/devenez-partenaire\" \/>\n<meta property=\"og:locale\" content=\"fr_FR\" \/>\n<meta property=\"og:type\" content=\"article\" \/>\n<meta property=\"og:title\" content=\"Devenons partenaire - La Croix-Valmer Tourisme\" \/>\n<meta property=\"og:description\" content=\"Page destin\u00e9e au partenaires \/ socio professionnels de La Croix Valmer Page d&#039;attractivit\u00e9 de la commune pour les professionnels\" \/>\n<meta property=\"og:url\" content=\"https:\/\/www.lacroixvalmertourisme.com\/fr\/devenez-partenaire\" \/>\n<meta property=\"og:site_name\" content=\"La Croix-Valmer Tourisme\" \/>\n<meta property=\"article:publisher\" content=\"https:\/\/www.facebook.com\/lacroixvalmertourisme\/\" \/>\n<meta property=\"article:modified_time\" content=\"2026-02-10T06:07:37+00:00\" \/>\n<meta property=\"og:image\" content=\"https:\/\/www.lacroixvalmertourisme.com\/wp-content\/uploads\/2025\/12\/Martine-PETIT-GABON-\u00a9-PETIT-GABON-16-scaled.webp\" \/>\n\t<meta property=\"og:image:width\" content=\"2560\" \/>\n\t<meta property=\"og:image:height\" content=\"1599\" \/>\n\t<meta property=\"og:image:type\" content=\"image\/jpeg\" \/>\n<meta name=\"twitter:card\" content=\"summary_large_image\" \/>\n<meta name=\"twitter:site\" content=\"@La_Croix_Valmer\" \/>\n<meta name=\"twitter:label1\" content=\"Dur\u00e9e de lecture estim\u00e9e\" \/>\n\t<meta name=\"twitter:data1\" content=\"5 minutes\" \/>\n<!-- \/ Yoast SEO plugin. -->","yoast_head_json":{"title":"Devenons partenaire - La Croix-Valmer Tourisme","description":"Page destin\u00e9e au partenaires \/ socio professionnels de La Croix Valmer Page d'attractivit\u00e9 de la commune pour les professionnels","robots":{"index":"index","follow":"follow","max-snippet":"max-snippet:-1","max-image-preview":"max-image-preview:large","max-video-preview":"max-video-preview:-1"},"canonical":"https:\/\/www.lacroixvalmertourisme.com\/fr\/devenez-partenaire","og_locale":"fr_FR","og_type":"article","og_title":"Devenons partenaire - La Croix-Valmer Tourisme","og_description":"Page destin\u00e9e au partenaires \/ socio professionnels de La Croix Valmer Page d'attractivit\u00e9 de la commune pour les professionnels","og_url":"https:\/\/www.lacroixvalmertourisme.com\/fr\/devenez-partenaire","og_site_name":"La Croix-Valmer Tourisme","article_publisher":"https:\/\/www.facebook.com\/lacroixvalmertourisme\/","article_modified_time":"2026-02-10T06:07:37+00:00","og_image":[{"width":2560,"height":1599,"url":"https:\/\/www.lacroixvalmertourisme.com\/wp-content\/uploads\/2025\/12\/Martine-PETIT-GABON-\u00a9-PETIT-GABON-16-scaled.webp","type":"image\/jpeg"}],"twitter_card":"summary_large_image","twitter_site":"@La_Croix_Valmer","twitter_misc":{"Dur\u00e9e de lecture estim\u00e9e":"5 minutes"},"schema":{"@context":"https:\/\/schema.org","@graph":[{"@type":"WebPage","@id":"https:\/\/www.lacroixvalmertourisme.com\/fr\/devenez-partenaire","url":"https:\/\/www.lacroixvalmertourisme.com\/fr\/devenez-partenaire","name":"Devenons partenaire - La Croix-Valmer Tourisme","isPartOf":{"@id":"https:\/\/www.lacroixvalmertourisme.com\/fr\/#website"},"primaryImageOfPage":{"@id":"https:\/\/www.lacroixvalmertourisme.com\/fr\/devenez-partenaire#primaryimage"},"image":{"@id":"https:\/\/www.lacroixvalmertourisme.com\/fr\/devenez-partenaire#primaryimage"},"thumbnailUrl":"https:\/\/www.lacroixvalmertourisme.com\/wp-content\/uploads\/2025\/12\/Martine-PETIT-GABON-\u00a9-PETIT-GABON-16-scaled.webp","datePublished":"2021-04-13T09:23:51+00:00","dateModified":"2026-02-10T06:07:37+00:00","description":"Page destin\u00e9e au partenaires \/ socio professionnels de La Croix Valmer Page d'attractivit\u00e9 de la commune pour les professionnels","breadcrumb":{"@id":"https:\/\/www.lacroixvalmertourisme.com\/fr\/devenez-partenaire#breadcrumb"},"inLanguage":"fr-FR","potentialAction":[{"@type":"ReadAction","target":["https:\/\/www.lacroixvalmertourisme.com\/fr\/devenez-partenaire"]}]},{"@type":"ImageObject","inLanguage":"fr-FR","@id":"https:\/\/www.lacroixvalmertourisme.com\/fr\/devenez-partenaire#primaryimage","url":"https:\/\/www.lacroixvalmertourisme.com\/wp-content\/uploads\/2025\/12\/Martine-PETIT-GABON-\u00a9-PETIT-GABON-16-scaled.webp","contentUrl":"https:\/\/www.lacroixvalmertourisme.com\/wp-content\/uploads\/2025\/12\/Martine-PETIT-GABON-\u00a9-PETIT-GABON-16-scaled.webp","width":2560,"height":1599,"caption":"Pont mythique de la plage du D\u00e9barquement \u00e0 La Croix Valmer sous un ciel bleu et un soleil couchant."},{"@type":"BreadcrumbList","@id":"https:\/\/www.lacroixvalmertourisme.com\/fr\/devenez-partenaire#breadcrumb","itemListElement":[{"@type":"ListItem","position":1,"name":"Accueil","item":"https:\/\/www.lacroixvalmertourisme.com\/fr"},{"@type":"ListItem","position":2,"name":"Devenons partenaire"}]},{"@type":"WebSite","@id":"https:\/\/www.lacroixvalmertourisme.com\/fr\/#website","url":"https:\/\/www.lacroixvalmertourisme.com\/fr\/","name":"La Croix-Valmer Tourisme","description":"Toutes les informations touristiques pour organiser votre prochain s\u00e9jour \u00e0 La Croix Valmer dans le Golfe de Saint-Tropez","publisher":{"@id":"https:\/\/www.lacroixvalmertourisme.com\/fr\/#organization"},"potentialAction":[{"@type":"SearchAction","target":{"@type":"EntryPoint","urlTemplate":"https:\/\/www.lacroixvalmertourisme.com\/fr\/?s={search_term_string}"},"query-input":{"@type":"PropertyValueSpecification","valueRequired":true,"valueName":"search_term_string"}}],"inLanguage":"fr-FR"},{"@type":"Organization","@id":"https:\/\/www.lacroixvalmertourisme.com\/fr\/#organization","name":"Office de Tourisme de La Croix Valmer","url":"https:\/\/www.lacroixvalmertourisme.com\/fr\/","logo":{"@type":"ImageObject","inLanguage":"fr-FR","@id":"https:\/\/www.lacroixvalmertourisme.com\/fr\/#\/schema\/logo\/image\/","url":"https:\/\/www.lacroixvalmertourisme.com\/wp-content\/uploads\/2021\/06\/Logo_ot_bleu.png","contentUrl":"https:\/\/www.lacroixvalmertourisme.com\/wp-content\/uploads\/2021\/06\/Logo_ot_bleu.png","width":591,"height":454,"caption":"Office de Tourisme de La Croix Valmer"},"image":{"@id":"https:\/\/www.lacroixvalmertourisme.com\/fr\/#\/schema\/logo\/image\/"},"sameAs":["https:\/\/www.facebook.com\/lacroixvalmertourisme\/","https:\/\/x.com\/La_Croix_Valmer","https:\/\/www.instagram.com\/lacroixvalmer_tourisme\/"]}]}},"publishpress_future_workflow_manual_trigger":{"enabledWorkflows":[]},"_links":{"self":[{"href":"https:\/\/www.lacroixvalmertourisme.com\/fr\/wp-json\/wp\/v2\/pages\/132","targetHints":{"allow":["GET"]}}],"collection":[{"href":"https:\/\/www.lacroixvalmertourisme.com\/fr\/wp-json\/wp\/v2\/pages"}],"about":[{"href":"https:\/\/www.lacroixvalmertourisme.com\/fr\/wp-json\/wp\/v2\/types\/page"}],"author":[{"embeddable":true,"href":"https:\/\/www.lacroixvalmertourisme.com\/fr\/wp-json\/wp\/v2\/users\/4"}],"replies":[{"embeddable":true,"href":"https:\/\/www.lacroixvalmertourisme.com\/fr\/wp-json\/wp\/v2\/comments?post=132"}],"version-history":[{"count":30,"href":"https:\/\/www.lacroixvalmertourisme.com\/fr\/wp-json\/wp\/v2\/pages\/132\/revisions"}],"predecessor-version":[{"id":26876,"href":"https:\/\/www.lacroixvalmertourisme.com\/fr\/wp-json\/wp\/v2\/pages\/132\/revisions\/26876"}],"wp:featuredmedia":[{"embeddable":true,"href":"https:\/\/www.lacroixvalmertourisme.com\/fr\/wp-json\/wp\/v2\/media\/26052"}],"wp:attachment":[{"href":"https:\/\/www.lacroixvalmertourisme.com\/fr\/wp-json\/wp\/v2\/media?parent=132"}],"curies":[{"name":"wp","href":"https:\/\/api.w.org\/{rel}","templated":true}]}}