{"id":120,"date":"2021-04-13T11:20:17","date_gmt":"2021-04-13T09:20:17","guid":{"rendered":"https:\/\/www.lacroixvalmertourisme.com\/?page_id=120"},"modified":"2026-01-13T08:03:10","modified_gmt":"2026-01-13T07:03:10","slug":"hebergements","status":"publish","type":"page","link":"https:\/\/www.lacroixvalmertourisme.com\/fr\/vivre-sejourner\/hebergements","title":{"rendered":"H\u00e9bergements"},"content":{"rendered":"\n<div class=\"wp-block-group alignwide is-layout-constrained wp-block-group-is-layout-constrained\"><div class=\"relative wp-block-fmz-slider alignfull\">\n<div class=\"wp-block-query alignfull is-layout-flow wp-block-query-is-layout-flow fmz-slider-1864223604557018 swiper\"><ul class=\"swiper-wrapper\"><li class=\"wp-block-post post-122 page type-page status-publish has-post-thumbnail hentry swiper-slide\">\n\n<div class=\"wp-block-cover has-custom-content-position is-position-bottom-left\" style=\"padding-top:var(--wp--preset--spacing--60);padding-right:var(--wp--preset--spacing--60);padding-bottom:var(--wp--preset--spacing--60);padding-left:var(--wp--preset--spacing--60)\"><span aria-hidden=\"true\" class=\"wp-block-cover__background has-background-dim wp-block-cover__gradient-background has-background-gradient has-bg-gradient-to-black-bottom-gradient-background\"><\/span><img loading=\"lazy\" decoding=\"async\" width=\"683\" height=\"1024\" src=\"https:\/\/www.lacroixvalmertourisme.com\/wp-content\/uploads\/2025\/01\/dom-louise-\u00a9-Nouvel-683x1024.jpg\" class=\"wp-block-cover__image-background wp-post-image\" alt=\"domaine louise la croix valmer tourisme\" data-object-fit=\"cover\"   \/><div class=\"wp-block-cover__inner-container is-layout-constrained wp-container-core-cover-is-layout-11859842 wp-block-cover-is-layout-constrained\"><h2 class=\"wp-block-post-title\"><a href=\"https:\/\/www.lacroixvalmertourisme.com\/fr\/vivre-sejourner\/hebergements\/agences\" target=\"_self\" >Agences immobili\u00e8res &#038; Conciergeries<\/a><\/h2><\/div><\/div>\n\n<\/li><li class=\"wp-block-post post-124 page type-page status-publish has-post-thumbnail hentry swiper-slide\">\n\n<div class=\"wp-block-cover has-custom-content-position is-position-bottom-left\" style=\"padding-top:var(--wp--preset--spacing--60);padding-right:var(--wp--preset--spacing--60);padding-bottom:var(--wp--preset--spacing--60);padding-left:var(--wp--preset--spacing--60)\"><span aria-hidden=\"true\" class=\"wp-block-cover__background has-background-dim wp-block-cover__gradient-background has-background-gradient has-bg-gradient-to-black-bottom-gradient-background\"><\/span><img loading=\"lazy\" decoding=\"async\" width=\"1024\" height=\"682\" src=\"https:\/\/www.lacroixvalmertourisme.com\/wp-content\/uploads\/2022\/12\/hotel\u00a9guillaume-voiturier-124-1024x682.jpg\" class=\"wp-block-cover__image-background wp-post-image\" alt=\"\" data-object-fit=\"cover\"   \/><div class=\"wp-block-cover__inner-container is-layout-constrained wp-container-core-cover-is-layout-11859842 wp-block-cover-is-layout-constrained\"><h2 class=\"wp-block-post-title\"><a href=\"https:\/\/www.lacroixvalmertourisme.com\/fr\/vivre-sejourner\/hebergements\/hotels\" target=\"_self\" >H\u00f4tels<\/a><\/h2><\/div><\/div>\n\n<\/li><li class=\"wp-block-post post-126 page type-page status-publish has-post-thumbnail hentry swiper-slide\">\n\n<div class=\"wp-block-cover has-custom-content-position is-position-bottom-left\" style=\"padding-top:var(--wp--preset--spacing--60);padding-right:var(--wp--preset--spacing--60);padding-bottom:var(--wp--preset--spacing--60);padding-left:var(--wp--preset--spacing--60)\"><span aria-hidden=\"true\" class=\"wp-block-cover__background has-background-dim wp-block-cover__gradient-background has-background-gradient has-bg-gradient-to-black-bottom-gradient-background\"><\/span><img loading=\"lazy\" decoding=\"async\" width=\"768\" height=\"1024\" src=\"https:\/\/www.lacroixvalmertourisme.com\/wp-content\/uploads\/2021\/06\/2020-sept-ambiances\u00a9lacroixvalmertourisme-22-768x1024.jpg\" class=\"wp-block-cover__image-background wp-post-image\" alt=\"h\u00e9bergement demeures h\u00f4teli\u00e8res location la croix valmer\" data-object-fit=\"cover\"   \/><div class=\"wp-block-cover__inner-container is-layout-constrained wp-container-core-cover-is-layout-11859842 wp-block-cover-is-layout-constrained\"><h2 class=\"wp-block-post-title\"><a href=\"https:\/\/www.lacroixvalmertourisme.com\/fr\/vivre-sejourner\/hebergements\/residence-camping\" target=\"_self\" >R\u00e9sidences &#038; Campings<\/a><\/h2><\/div><\/div>\n\n<\/li><li class=\"wp-block-post post-128 page type-page status-publish has-post-thumbnail hentry swiper-slide\">\n\n<div class=\"wp-block-cover has-custom-content-position is-position-bottom-left\" style=\"padding-top:var(--wp--preset--spacing--60);padding-right:var(--wp--preset--spacing--60);padding-bottom:var(--wp--preset--spacing--60);padding-left:var(--wp--preset--spacing--60)\"><span aria-hidden=\"true\" class=\"wp-block-cover__background has-background-dim wp-block-cover__gradient-background has-background-gradient has-bg-gradient-to-black-bottom-gradient-background\"><\/span><img loading=\"lazy\" decoding=\"async\" width=\"1024\" height=\"768\" src=\"https:\/\/www.lacroixvalmertourisme.com\/wp-content\/uploads\/2022\/12\/meuble-\u00a9laroixvalmertourisme-4-1024x768.jpg\" class=\"wp-block-cover__image-background wp-post-image\" alt=\"\" data-object-fit=\"cover\"   \/><div class=\"wp-block-cover__inner-container is-layout-constrained wp-container-core-cover-is-layout-11859842 wp-block-cover-is-layout-constrained\"><h2 class=\"wp-block-post-title\"><a href=\"https:\/\/www.lacroixvalmertourisme.com\/fr\/vivre-sejourner\/hebergements\/meubles\" target=\"_self\" >Meubl\u00e9s de tourisme<\/a><\/h2><\/div><\/div>\n\n<\/li><li class=\"wp-block-post post-335 page type-page status-publish has-post-thumbnail hentry swiper-slide\">\n\n<div class=\"wp-block-cover has-custom-content-position is-position-bottom-left\" style=\"padding-top:var(--wp--preset--spacing--60);padding-right:var(--wp--preset--spacing--60);padding-bottom:var(--wp--preset--spacing--60);padding-left:var(--wp--preset--spacing--60)\"><span aria-hidden=\"true\" class=\"wp-block-cover__background has-background-dim wp-block-cover__gradient-background has-background-gradient has-bg-gradient-to-black-bottom-gradient-background\"><\/span><img loading=\"lazy\" decoding=\"async\" width=\"1024\" height=\"666\" src=\"https:\/\/www.lacroixvalmertourisme.com\/wp-content\/uploads\/2022\/12\/demeures-hotelieres-\u00a9villa-louise-1024x666.jpg\" class=\"wp-block-cover__image-background wp-post-image\" alt=\"\" data-object-fit=\"cover\"   \/><div class=\"wp-block-cover__inner-container is-layout-constrained wp-container-core-cover-is-layout-11859842 wp-block-cover-is-layout-constrained\"><h2 class=\"wp-block-post-title\"><a href=\"https:\/\/www.lacroixvalmertourisme.com\/fr\/vivre-sejourner\/hebergements\/demeure-hoteliere\" target=\"_self\" >Demeures h\u00f4teli\u00e8res<\/a><\/h2><\/div><\/div>\n\n<\/li><\/ul><\/div>\n<div class=\"swiper-prev-1864223604557018\"><div class=\"fa-4x h-full flex items-center absolute z-10 top-1\/2 -translate-x-1\/2 -translate-y-1\/2 left-0 right-auto cursor-pointer\">\r\n\t\t<span class=\"fa-layers fa-fw z-10\">\r\n\t\t\t<i class=\"fa-solid fa-circle text-white dark:text-black\"><\/i>\r\n\t\t\t<i class=\"fa-light fa-angle-left text-black dark:text-white\" data-fa-transform=\"shrink-6\"><\/i>\r\n\t\t<\/span>\r\n\t<\/div><\/div><div class=\"swiper-next-1864223604557018\"><div class=\"fa-4x h-full flex items-center absolute z-10 top-1\/2 translate-x-1\/2 -translate-y-1\/2 right-0 left-auto cursor-pointer\">\r\n\t\t<span class=\"fa-layers fa-fw z-10\">\r\n\t\t\t<i class=\"fa-solid fa-circle text-white dark:text-black\"><\/i>\r\n\t\t\t<i class=\"fa-light fa-angle-right text-black dark:text-white\" data-fa-transform=\"shrink-6\"><\/i>\r\n\t\t<\/span>\r\n\t<\/div><\/div><\/div><div class=\"fmz-slider-thumbs-container-1864223604557018 wp-block-fmz-slider alignfull\"><\/div>\r\n\t<script>\r\n\t\t\t\tnew Swiper('.fmz-slider-1864223604557018', {\r\n\t\t\t\n         autoplay: { delay: 3000, disableOnInteraction: true },\n        slidesPerView: 1,\n        spaceBetween: 20,\n        centeredSlides: false,\n        speed: 300,\n        loop: false,\n\t\t\t\tdirection: 'horizontal',\n\t\t\t\teffect: 'slide',\n        breakpoints:{ \n          576: { \n            slidesPerView: 2,\n            spaceBetween: 20,\n\t\t\t\t\t\tcenteredSlides: false,\n          }, \n          992: { \n            slidesPerView: 3,\n            spaceBetween: 20,\n\t\t\t\t\t\tcenteredSlides: false,\n          },\n          1200: {\n            slidesPerView: 4,\n            spaceBetween: 20,\n\t\t\t\t\t\tcenteredSlides: false,\n          },\n          1400: {\n            slidesPerView: 5,\n            spaceBetween: 20,\n\t\t\t\t\t\tcenteredSlides: false,\n          }\n        }\n      ,\r\n\t\t\t\t\t\t\tnavigation: { \r\n\t\t\t\t\tnextEl: '.swiper-next-1864223604557018', \r\n\t\t\t\t\tprevEl: '.swiper-prev-1864223604557018'\r\n\t\t\t\t},\r\n\t\t\t\t\t\t\t\t\ta11y: {\r\n\t\t\t\tenabled: true,\r\n\t\t\t\tprevSlideMessage: 'Diapositive pr\u00e9c\u00e9dente',\r\n\t\t\t\tnextSlideMessage: 'Diapositive suivante',\r\n\t\t\t\tfirstSlideMessage: 'Premi\u00e8re diapositive',\r\n\t\t\t\tlastSlideMessage: 'Derni\u00e8re diapositive',\r\n\t\t\t\tpaginationBulletMessage: 'Diapositive {{index}}',\r\n\t\t\t},\r\n\t\t\t\t\t\twatchSlidesProgress: true,\r\n\t\t\twatchOverflow: true\r\n\t\t} )\r\n\t<\/script>\r\n\t\r\n\t\n\n\n<h2 class=\"wp-block-heading has-text-align-center\">TAXE DE S\u00c9JOUR 2026<\/h2>\n\n\n\n<p class=\"has-text-align-center wp-block-paragraph\">Les communes demandent aux vacanciers s\u00e9journant sur leur territoire de payer une taxe de s\u00e9jour. Elle permet de financer les d\u00e9penses li\u00e9es \u00e0 la fr\u00e9quentation touristique ou \u00e0 la protection des espaces naturels \u00e0 des fins touristiques de notre territoire. La taxe de s\u00e9jour est r\u00e9gie par une d\u00e9lib\u00e9ration vot\u00e9e chaque ann\u00e9e par le conseil municipal. Les tarifs sont fix\u00e9s pour chaque nature et cat\u00e9gorie d&rsquo;h\u00e9bergement.<\/p>\n\n\n\n<div class=\"wp-block-columns alignwide has-secondary-50-color has-text-color is-layout-flex wp-container-core-columns-is-layout-0defc3be wp-block-columns-is-layout-flex\">\n<div class=\"wp-block-column is-vertically-aligned-top is-layout-flow wp-block-column-is-layout-flow\">\n<div style=\"height:10px\" aria-hidden=\"true\" class=\"wp-block-spacer\"><\/div>\n\n\n\n<figure class=\"wp-block-image aligncenter size-full is-resized is-style-rounded is-style-rounded--1\"><a href=\"https:\/\/lacroixvalmer.taxesejour.fr\/\" target=\"_blank\" rel=\" noreferrer noopener\"><img data-dominant-color=\"cbd1d6\" data-has-transparency=\"false\" loading=\"lazy\" decoding=\"async\" width=\"680\" height=\"959\" sizes=\"auto, (max-width: 680px) 100vw, 680px\" src=\"https:\/\/www.lacroixvalmertourisme.com\/wp-content\/uploads\/2026\/01\/taxe-tarifs-fixes-2026.webp\" alt=\"Fiche informative avec les tarifs annonc\u00e9s pour la taxe de s\u00e9jour par personne et par nuit en vigueur au 01\/01\/2025. Le fond est blanc, les \u00e9critures sont noires et il y a un peu de bleu pour faire ressortir les informations importantes.\" class=\"wp-image-26459 not-transparent\" style=\"--dominant-color: #cbd1d6; width:500px\" srcset=\"https:\/\/www.lacroixvalmertourisme.com\/wp-content\/uploads\/2026\/01\/taxe-tarifs-fixes-2026.webp 680w, https:\/\/www.lacroixvalmertourisme.com\/wp-content\/uploads\/2026\/01\/taxe-tarifs-fixes-2026-213x300.webp 213w, https:\/\/www.lacroixvalmertourisme.com\/wp-content\/uploads\/2026\/01\/taxe-tarifs-fixes-2026-106x150.webp 106w\" \/><\/a><figcaption class=\"wp-element-caption\"><strong>Le bien que vous louez<\/strong><br><strong>est class\u00e9<\/strong><\/figcaption><\/figure>\n<\/div>\n\n\n\n<div class=\"wp-block-column is-layout-flow wp-block-column-is-layout-flow\">\n<div style=\"height:10px\" aria-hidden=\"true\" class=\"wp-block-spacer\"><\/div>\n\n\n\n<figure class=\"wp-block-image aligncenter size-full is-resized is-style-rounded is-style-rounded--2\"><a href=\"https:\/\/lacroixvalmer.taxesejour.fr\/\" target=\"_blank\" rel=\" noreferrer noopener\"><img data-dominant-color=\"d1d6db\" data-has-transparency=\"false\" loading=\"lazy\" decoding=\"async\" width=\"676\" height=\"953\" sizes=\"auto, (max-width: 676px) 100vw, 676px\" src=\"https:\/\/www.lacroixvalmertourisme.com\/wp-content\/uploads\/2026\/01\/taxe-tarifs-proportionnels-2026.webp\" alt=\"Fiche informative avec les tarifs annonc\u00e9s pour la taxe de s\u00e9jour proportionnelle par personne et par nuit en vigueur au 01\/01\/2026. Le fond est blanc, les \u00e9critures sont noires et il y a un peu de bleu pour faire ressortir les informations importantes.\" class=\"wp-image-26458 not-transparent\" style=\"--dominant-color: #d1d6db; width:500px\" srcset=\"https:\/\/www.lacroixvalmertourisme.com\/wp-content\/uploads\/2026\/01\/taxe-tarifs-proportionnels-2026.webp 676w, https:\/\/www.lacroixvalmertourisme.com\/wp-content\/uploads\/2026\/01\/taxe-tarifs-proportionnels-2026-213x300.webp 213w, https:\/\/www.lacroixvalmertourisme.com\/wp-content\/uploads\/2026\/01\/taxe-tarifs-proportionnels-2026-106x150.webp 106w\" \/><\/a><figcaption class=\"wp-element-caption\"><strong>Le bien que vous louez<\/strong><br><strong>n&rsquo;est pas class\u00e9<\/strong><\/figcaption><\/figure>\n<\/div>\n<\/div>\n\n\n\n<h2 class=\"wp-block-heading has-text-align-center has-secondary-50-color has-text-color has-script-font-family has-5-xl-font-size\"><strong>H\u00e9bergeur : toutes vos d\u00e9marches en ligne<\/strong><\/h2>\n\n\n\n<div class=\"wp-block-columns is-layout-flex wp-container-core-columns-is-layout-0defc3be wp-block-columns-is-layout-flex\">\n<div class=\"wp-block-column is-vertically-aligned-center is-layout-flow wp-block-column-is-layout-flow\">\n<div class=\"wp-block-buttons alignwide is-horizontal is-content-justification-center is-layout-flex wp-container-core-buttons-is-layout-8ed12a5f wp-block-buttons-is-layout-flex\">\n<div class=\"wp-block-button has-custom-width wp-block-button__width-100\"><a class=\"wp-block-button__link has-secondary-50-background-color has-background wp-element-button\" href=\"https:\/\/www.declaloc.fr\/?tid=37\" style=\"border-radius:12px\" target=\"_blank\" rel=\"noreferrer noopener mb-2\">Je d\u00e9clare mon activit\u00e9 et j&rsquo;obtiens mon num\u00e9ro d&rsquo;enregistrement<\/a><\/div>\n\n\n\n<div class=\"wp-block-button has-custom-width wp-block-button__width-100\"><a class=\"wp-block-button__link has-secondary-50-background-color has-background wp-element-button\" href=\"https:\/\/lacroixvalmer.taxesejour.fr\/\" style=\"border-radius:12px\" target=\"_blank\" rel=\"noreferrer noopener mb-2\">Je d\u00e9clare et je reverse la taxe de s\u00e9jour<\/a><\/div>\n\n\n\n<div class=\"wp-block-button has-custom-width wp-block-button__width-100\"><a class=\"wp-block-button__link has-secondary-50-background-color has-background wp-element-button\" href=\"https:\/\/www.lacroixvalmertourisme.com\/fr\/classement-un-gage-de-qualite\" style=\"border-radius:12px\" target=\"_blank\" rel=\"noreferrer noopener mb-2\">Je classe mon meubl\u00e9<\/a><\/div>\n\n\n\n<div class=\"wp-block-button has-custom-width wp-block-button__width-100\"><a class=\"wp-block-button__link has-secondary-50-background-color has-background wp-element-button\" href=\"https:\/\/www.lacroixvalmertourisme.com\/fr\/devenez-partenaire\" style=\"border-radius:12px\" target=\"_blank\" rel=\"noreferrer noopener mb-2\"> Pour une visibilit\u00e9 accrue, je deviens partenaire<\/a><\/div>\n<\/div>\n<\/div>\n<\/div>\n\n\n\n<div style=\"height:50px\" aria-hidden=\"true\" class=\"wp-block-spacer\"><\/div>\n\n\n\n<div class=\"wp-block-columns is-layout-flex wp-container-core-columns-is-layout-0defc3be wp-block-columns-is-layout-flex\">\n<div class=\"wp-block-column is-vertically-aligned-center has-secondary-50-color has-text-color is-layout-flow wp-block-column-is-layout-flow\">\n<figure class=\"wp-block-image aligncenter size-medium is-style-rounded is-style-rounded--3\"><img loading=\"lazy\" decoding=\"async\" width=\"300\" height=\"115\" sizes=\"auto, (max-width: 300px) 100vw, 300px\" src=\"https:\/\/www.lacroixvalmertourisme.com\/wp-content\/uploads\/2022\/03\/Logo_horiz-hd_web-300x115.png\" alt=\"taxe de sejour la croix valmer\" class=\"wp-image-7890\" srcset=\"https:\/\/www.lacroixvalmertourisme.com\/wp-content\/uploads\/2022\/03\/Logo_horiz-hd_web-300x115.png 300w, https:\/\/www.lacroixvalmertourisme.com\/wp-content\/uploads\/2022\/03\/Logo_horiz-hd_web-1024x393.png 1024w, https:\/\/www.lacroixvalmertourisme.com\/wp-content\/uploads\/2022\/03\/Logo_horiz-hd_web-768x294.png 768w, https:\/\/www.lacroixvalmertourisme.com\/wp-content\/uploads\/2022\/03\/Logo_horiz-hd_web-1536x589.png 1536w, https:\/\/www.lacroixvalmertourisme.com\/wp-content\/uploads\/2022\/03\/Logo_horiz-hd_web-2048x785.png 2048w, https:\/\/www.lacroixvalmertourisme.com\/wp-content\/uploads\/2022\/03\/Logo_horiz-hd_web-391x150.png 391w\" \/><figcaption class=\"wp-element-caption\"><strong>lacroixvalmer@taxesejour.fr<\/strong><br>+33 (0)4 94 55 12 18<\/figcaption><\/figure>\n<\/div>\n<\/div>\n<\/div>\n","protected":false},"excerpt":{"rendered":"<p>TAXE DE S\u00c9JOUR 2026 Les communes demandent aux vacanciers s\u00e9journant sur leur territoire de payer une taxe de s\u00e9jour. Elle permet de financer les d\u00e9penses li\u00e9es \u00e0 la fr\u00e9quentation touristique ou \u00e0 la protection des espaces naturels \u00e0 des fins touristiques de notre territoire. La taxe de s\u00e9jour est r\u00e9gie par une d\u00e9lib\u00e9ration vot\u00e9e chaque&#8230;<\/p>\n","protected":false},"author":4,"featured_media":10767,"parent":118,"menu_order":188,"comment_status":"closed","ping_status":"closed","template":"page-plage.blade.php","meta":{"_acf_changed":false,"_crdt_document":"","footnotes":""},"class_list":["post-120","page","type-page","status-publish","has-post-thumbnail","hentry"],"acf":{"slogan":"","introduction":"","pagepage-etendus":"none","video_mp4":false,"video_webm":false,"poster_image":false,"nugget":false,"page-virtuelle":false,"pagepage-updown":false,"autoplay":false,"delay":"","mots-cles":"h\u00e9bergement location meubl\u00e9 agences immobili\u00e8res h\u00f4tel camping r\u00e9sidence village vacances la croix valmer saisonni\u00e8re gite chambres h\u00f4te conciergerie demeure h\u00f4teli\u00e8re dormir taxe de s\u00e9jour classement partenariat num\u00e9ro enregistrement appartement studio villa mas vacances s\u00e9jour r\u00e9servation logement\r\n","title_alignement":""},"yoast_head":"<!-- This site is optimized with the Yoast SEO plugin v27.5 - https:\/\/yoast.com\/product\/yoast-seo-wordpress\/ -->\n<title>H\u00e9bergements - La Croix-Valmer Tourisme<\/title>\n<meta name=\"robots\" content=\"index, follow, max-snippet:-1, max-image-preview:large, max-video-preview:-1\" \/>\n<link rel=\"canonical\" href=\"https:\/\/www.lacroixvalmertourisme.com\/fr\/vivre-sejourner\/hebergements\" \/>\n<meta property=\"og:locale\" content=\"fr_FR\" \/>\n<meta property=\"og:type\" content=\"article\" \/>\n<meta property=\"og:title\" content=\"H\u00e9bergements - La Croix-Valmer Tourisme\" \/>\n<meta property=\"og:description\" content=\"TAXE DE S\u00c9JOUR 2026 Les communes demandent aux vacanciers s\u00e9journant sur leur territoire de payer une taxe de s\u00e9jour. Elle permet de financer les d\u00e9penses li\u00e9es \u00e0 la fr\u00e9quentation touristique ou \u00e0 la protection des espaces naturels \u00e0 des fins touristiques de notre territoire. La taxe de s\u00e9jour est r\u00e9gie par une d\u00e9lib\u00e9ration vot\u00e9e chaque...\" \/>\n<meta property=\"og:url\" content=\"https:\/\/www.lacroixvalmertourisme.com\/fr\/vivre-sejourner\/hebergements\" \/>\n<meta property=\"og:site_name\" content=\"La Croix-Valmer Tourisme\" \/>\n<meta property=\"article:publisher\" content=\"https:\/\/www.facebook.com\/lacroixvalmertourisme\/\" \/>\n<meta property=\"article:modified_time\" content=\"2026-01-13T07:03:10+00:00\" \/>\n<meta property=\"og:image\" content=\"https:\/\/www.lacroixvalmertourisme.com\/wp-content\/uploads\/2022\/12\/hebergements-\u00a9guillaumevoiturier-3.jpg\" \/>\n\t<meta property=\"og:image:width\" content=\"2000\" \/>\n\t<meta property=\"og:image:height\" content=\"1123\" \/>\n\t<meta property=\"og:image:type\" content=\"image\/jpeg\" \/>\n<meta name=\"twitter:card\" content=\"summary_large_image\" \/>\n<meta name=\"twitter:site\" content=\"@La_Croix_Valmer\" \/>\n<meta name=\"twitter:label1\" content=\"Dur\u00e9e de lecture estim\u00e9e\" \/>\n\t<meta name=\"twitter:data1\" content=\"2 minutes\" \/>\n<!-- \/ Yoast SEO plugin. -->","yoast_head_json":{"title":"H\u00e9bergements - La Croix-Valmer Tourisme","robots":{"index":"index","follow":"follow","max-snippet":"max-snippet:-1","max-image-preview":"max-image-preview:large","max-video-preview":"max-video-preview:-1"},"canonical":"https:\/\/www.lacroixvalmertourisme.com\/fr\/vivre-sejourner\/hebergements","og_locale":"fr_FR","og_type":"article","og_title":"H\u00e9bergements - La Croix-Valmer Tourisme","og_description":"TAXE DE S\u00c9JOUR 2026 Les communes demandent aux vacanciers s\u00e9journant sur leur territoire de payer une taxe de s\u00e9jour. Elle permet de financer les d\u00e9penses li\u00e9es \u00e0 la fr\u00e9quentation touristique ou \u00e0 la protection des espaces naturels \u00e0 des fins touristiques de notre territoire. La taxe de s\u00e9jour est r\u00e9gie par une d\u00e9lib\u00e9ration vot\u00e9e chaque...","og_url":"https:\/\/www.lacroixvalmertourisme.com\/fr\/vivre-sejourner\/hebergements","og_site_name":"La Croix-Valmer Tourisme","article_publisher":"https:\/\/www.facebook.com\/lacroixvalmertourisme\/","article_modified_time":"2026-01-13T07:03:10+00:00","og_image":[{"width":2000,"height":1123,"url":"https:\/\/www.lacroixvalmertourisme.com\/wp-content\/uploads\/2022\/12\/hebergements-\u00a9guillaumevoiturier-3.jpg","type":"image\/jpeg"}],"twitter_card":"summary_large_image","twitter_site":"@La_Croix_Valmer","twitter_misc":{"Dur\u00e9e de lecture estim\u00e9e":"2 minutes"},"schema":{"@context":"https:\/\/schema.org","@graph":[{"@type":"WebPage","@id":"https:\/\/www.lacroixvalmertourisme.com\/fr\/vivre-sejourner\/hebergements","url":"https:\/\/www.lacroixvalmertourisme.com\/fr\/vivre-sejourner\/hebergements","name":"H\u00e9bergements - La Croix-Valmer Tourisme","isPartOf":{"@id":"https:\/\/www.lacroixvalmertourisme.com\/fr\/#website"},"primaryImageOfPage":{"@id":"https:\/\/www.lacroixvalmertourisme.com\/fr\/vivre-sejourner\/hebergements#primaryimage"},"image":{"@id":"https:\/\/www.lacroixvalmertourisme.com\/fr\/vivre-sejourner\/hebergements#primaryimage"},"thumbnailUrl":"https:\/\/www.lacroixvalmertourisme.com\/wp-content\/uploads\/2022\/12\/hebergements-\u00a9guillaumevoiturier-3.jpg","datePublished":"2021-04-13T09:20:17+00:00","dateModified":"2026-01-13T07:03:10+00:00","breadcrumb":{"@id":"https:\/\/www.lacroixvalmertourisme.com\/fr\/vivre-sejourner\/hebergements#breadcrumb"},"inLanguage":"fr-FR","potentialAction":[{"@type":"ReadAction","target":["https:\/\/www.lacroixvalmertourisme.com\/fr\/vivre-sejourner\/hebergements"]}]},{"@type":"ImageObject","inLanguage":"fr-FR","@id":"https:\/\/www.lacroixvalmertourisme.com\/fr\/vivre-sejourner\/hebergements#primaryimage","url":"https:\/\/www.lacroixvalmertourisme.com\/wp-content\/uploads\/2022\/12\/hebergements-\u00a9guillaumevoiturier-3.jpg","contentUrl":"https:\/\/www.lacroixvalmertourisme.com\/wp-content\/uploads\/2022\/12\/hebergements-\u00a9guillaumevoiturier-3.jpg","width":2000,"height":1123},{"@type":"BreadcrumbList","@id":"https:\/\/www.lacroixvalmertourisme.com\/fr\/vivre-sejourner\/hebergements#breadcrumb","itemListElement":[{"@type":"ListItem","position":1,"name":"Accueil","item":"https:\/\/www.lacroixvalmertourisme.com\/fr"},{"@type":"ListItem","position":2,"name":"S\u00e9journer","item":"https:\/\/www.lacroixvalmertourisme.com\/fr\/vivre-sejourner"},{"@type":"ListItem","position":3,"name":"H\u00e9bergements"}]},{"@type":"WebSite","@id":"https:\/\/www.lacroixvalmertourisme.com\/fr\/#website","url":"https:\/\/www.lacroixvalmertourisme.com\/fr\/","name":"La Croix-Valmer Tourisme","description":"Toutes les informations touristiques pour organiser votre prochain s\u00e9jour \u00e0 La Croix Valmer dans le Golfe de Saint-Tropez","publisher":{"@id":"https:\/\/www.lacroixvalmertourisme.com\/fr\/#organization"},"potentialAction":[{"@type":"SearchAction","target":{"@type":"EntryPoint","urlTemplate":"https:\/\/www.lacroixvalmertourisme.com\/fr\/?s={search_term_string}"},"query-input":{"@type":"PropertyValueSpecification","valueRequired":true,"valueName":"search_term_string"}}],"inLanguage":"fr-FR"},{"@type":"Organization","@id":"https:\/\/www.lacroixvalmertourisme.com\/fr\/#organization","name":"Office de Tourisme de La Croix Valmer","url":"https:\/\/www.lacroixvalmertourisme.com\/fr\/","logo":{"@type":"ImageObject","inLanguage":"fr-FR","@id":"https:\/\/www.lacroixvalmertourisme.com\/fr\/#\/schema\/logo\/image\/","url":"https:\/\/www.lacroixvalmertourisme.com\/wp-content\/uploads\/2021\/06\/Logo_ot_bleu.png","contentUrl":"https:\/\/www.lacroixvalmertourisme.com\/wp-content\/uploads\/2021\/06\/Logo_ot_bleu.png","width":591,"height":454,"caption":"Office de Tourisme de La Croix Valmer"},"image":{"@id":"https:\/\/www.lacroixvalmertourisme.com\/fr\/#\/schema\/logo\/image\/"},"sameAs":["https:\/\/www.facebook.com\/lacroixvalmertourisme\/","https:\/\/x.com\/La_Croix_Valmer","https:\/\/www.instagram.com\/lacroixvalmer_tourisme\/"]}]}},"publishpress_future_workflow_manual_trigger":{"enabledWorkflows":[]},"_links":{"self":[{"href":"https:\/\/www.lacroixvalmertourisme.com\/fr\/wp-json\/wp\/v2\/pages\/120","targetHints":{"allow":["GET"]}}],"collection":[{"href":"https:\/\/www.lacroixvalmertourisme.com\/fr\/wp-json\/wp\/v2\/pages"}],"about":[{"href":"https:\/\/www.lacroixvalmertourisme.com\/fr\/wp-json\/wp\/v2\/types\/page"}],"author":[{"embeddable":true,"href":"https:\/\/www.lacroixvalmertourisme.com\/fr\/wp-json\/wp\/v2\/users\/4"}],"replies":[{"embeddable":true,"href":"https:\/\/www.lacroixvalmertourisme.com\/fr\/wp-json\/wp\/v2\/comments?post=120"}],"version-history":[{"count":13,"href":"https:\/\/www.lacroixvalmertourisme.com\/fr\/wp-json\/wp\/v2\/pages\/120\/revisions"}],"predecessor-version":[{"id":26477,"href":"https:\/\/www.lacroixvalmertourisme.com\/fr\/wp-json\/wp\/v2\/pages\/120\/revisions\/26477"}],"up":[{"embeddable":true,"href":"https:\/\/www.lacroixvalmertourisme.com\/fr\/wp-json\/wp\/v2\/pages\/118"}],"wp:featuredmedia":[{"embeddable":true,"href":"https:\/\/www.lacroixvalmertourisme.com\/fr\/wp-json\/wp\/v2\/media\/10767"}],"wp:attachment":[{"href":"https:\/\/www.lacroixvalmertourisme.com\/fr\/wp-json\/wp\/v2\/media?parent=120"}],"curies":[{"name":"wp","href":"https:\/\/api.w.org\/{rel}","templated":true}]}}