{"id":112,"date":"2021-04-13T11:14:29","date_gmt":"2021-04-13T09:14:29","guid":{"rendered":"https:\/\/www.lacroixvalmertourisme.com\/?page_id=112"},"modified":"2026-02-05T13:33:04","modified_gmt":"2026-02-05T12:33:04","slug":"festival-des-anches-d-azur","status":"publish","type":"page","link":"https:\/\/www.lacroixvalmertourisme.com\/fr\/sortir-se-divertir\/evenements\/festival-des-anches-d-azur","title":{"rendered":"Festival des Anches d\u2019Azur"},"content":{"rendered":"\n<div class=\"wp-block-group alignwide is-layout-constrained wp-block-group-is-layout-constrained\">\n<div style=\"height:50px\" aria-hidden=\"true\" class=\"wp-block-spacer\"><\/div>\n\n\n\n<div class=\"wp-block-columns alignfull are-vertically-aligned-center has-secondary-50-color has-text-color is-layout-flex wp-container-core-columns-is-layout-0defc3be wp-block-columns-is-layout-flex\">\n<div class=\"wp-block-column is-vertically-aligned-center is-layout-flow wp-block-column-is-layout-flow\" style=\"flex-basis:66.66%\">\n<p class=\"has-text-align-center has-sans-font-family wp-block-paragraph\">Le Festival des Anches d\u2019Azur de La Croix Valmer est devenu au fil des ans une r\u00e9f\u00e9rence musicale bien au-del\u00e0 des fronti\u00e8res du Golfe de Saint-Tropez. Depuis 1996, il a vu se succ\u00e9der sur sc\u00e8ne des orchestres et ensembles venus du monde entier. En 2011, les Jardins de la Villa Turquoise ont \u00e9t\u00e9 r\u00e9am\u00e9nag\u00e9 en amphith\u00e9atre ext\u00e9rieur, le Forum Constantin.&nbsp;Les concerts en journ\u00e9e dans le village et \u00e0 la plage du D\u00e9barquement laissent place aux concerts de gala en soir\u00e9e. Place au spectacle et \u00e0 la musique ! <\/p>\n\n\n\n<div style=\"height:50px\" aria-hidden=\"true\" class=\"wp-block-spacer\"><\/div>\n\n\n\n<h3 class=\"wp-block-heading has-text-align-center has-slate-700-color has-text-color has-link-color has-sans-font-family wp-elements-ac74fd92737ccccb204cb4024ac34bae\"><strong>La 29\u00e8me \u00e9dition du festival se d\u00e9roulera<\/strong><br><strong>du 26 au 28 Juin 2026, alors rendez-vous tr\u00e8s vite<\/strong> <strong>pour de nouvelles soir\u00e9es exceptionnelles !<\/strong><br><strong>En attendant, voici quelques extraits de l&rsquo;\u00e9dition 2025<\/strong><\/h3>\n<\/div>\n\n\n\n<div class=\"wp-block-column is-vertically-aligned-center is-layout-flow wp-block-column-is-layout-flow\" style=\"flex-basis:33.33%\">\n<figure class=\"wp-block-video aligncenter\"><video height=\"1920\" style=\"aspect-ratio: 1080 \/ 1920;\" width=\"1080\" controls src=\"https:\/\/www.lacroixvalmertourisme.com\/wp-content\/uploads\/2025\/07\/retro-video-festival-2025-compressee.mp4\"><\/video><\/figure>\n<\/div>\n<\/div>\n\n\n\n<div style=\"height:50px\" aria-hidden=\"true\" class=\"wp-block-spacer\"><\/div>\n\n\n\n<div class=\"wp-block-query alignfull is-layout-flow wp-block-query-is-layout-flow\"><ul class=\"columns-3 wp-block-post-template is-layout-grid wp-container-core-post-template-is-layout-748c1b9b wp-block-post-template-is-layout-grid\"><li class=\"wp-block-post post-5840 page type-page status-publish has-post-thumbnail hentry\">\n\n<div class=\"wp-block-cover has-custom-content-position is-position-bottom-left\" style=\"padding-top:var(--wp--preset--spacing--60);padding-right:var(--wp--preset--spacing--60);padding-bottom:var(--wp--preset--spacing--60);padding-left:var(--wp--preset--spacing--60)\"><span aria-hidden=\"true\" class=\"wp-block-cover__background has-background-dim wp-block-cover__gradient-background has-background-gradient has-bg-gradient-to-black-bottom-gradient-background\"><\/span><img loading=\"lazy\" decoding=\"async\" width=\"1024\" height=\"683\" src=\"https:\/\/www.lacroixvalmertourisme.com\/wp-content\/uploads\/2024\/07\/festival2024\u00a9guillaume-voiturier-72-1024x683.jpg\" class=\"wp-block-cover__image-background wp-post-image\" alt=\"festival anches d&#039;azur musique la croix valmer tourisme office de tourisme\" data-object-fit=\"cover\"   \/><div class=\"wp-block-cover__inner-container is-layout-constrained wp-container-core-cover-is-layout-11859842 wp-block-cover-is-layout-constrained\"><h2 class=\"wp-block-post-title\"><a href=\"https:\/\/www.lacroixvalmertourisme.com\/fr\/sortir-se-divertir\/evenements\/festival-des-anches-d-azur\/programme\" target=\"_self\" >Programmes<\/a><\/h2><\/div><\/div>\n\n<\/li><li class=\"wp-block-post post-13038 page type-page status-publish has-post-thumbnail hentry\">\n\n<div class=\"wp-block-cover has-custom-content-position is-position-bottom-left\" style=\"padding-top:var(--wp--preset--spacing--60);padding-right:var(--wp--preset--spacing--60);padding-bottom:var(--wp--preset--spacing--60);padding-left:var(--wp--preset--spacing--60)\"><span aria-hidden=\"true\" class=\"wp-block-cover__background has-background-dim wp-block-cover__gradient-background has-background-gradient has-bg-gradient-to-black-bottom-gradient-background\"><\/span><img loading=\"lazy\" decoding=\"async\" width=\"1024\" height=\"683\" src=\"https:\/\/www.lacroixvalmertourisme.com\/wp-content\/uploads\/2024\/07\/festival2024\u00a9guillaume-voiturier-386-1024x683.jpg\" class=\"wp-block-cover__image-background wp-post-image\" alt=\"festival anches d&#039;azur musique la croix valmer tourisme office de tourisme\" data-object-fit=\"cover\"   \/><div class=\"wp-block-cover__inner-container is-layout-constrained wp-container-core-cover-is-layout-11859842 wp-block-cover-is-layout-constrained\"><h2 class=\"wp-block-post-title\"><a href=\"https:\/\/www.lacroixvalmertourisme.com\/fr\/sortir-se-divertir\/evenements\/festival-des-anches-d-azur\/orchestres\" target=\"_self\" >Orchestres<\/a><\/h2><\/div><\/div>\n\n<\/li><li class=\"wp-block-post post-5846 page type-page status-publish has-post-thumbnail hentry\">\n\n<div class=\"wp-block-cover has-custom-content-position is-position-bottom-left\" style=\"padding-top:var(--wp--preset--spacing--60);padding-right:var(--wp--preset--spacing--60);padding-bottom:var(--wp--preset--spacing--60);padding-left:var(--wp--preset--spacing--60)\"><span aria-hidden=\"true\" class=\"wp-block-cover__background has-background-dim wp-block-cover__gradient-background has-background-gradient has-bg-gradient-to-black-bottom-gradient-background\"><\/span><img loading=\"lazy\" decoding=\"async\" width=\"1024\" height=\"682\" src=\"https:\/\/www.lacroixvalmertourisme.com\/wp-content\/uploads\/2024\/07\/festival2024\u00a9guillaume-voiturier-269-1024x682.jpg\" class=\"wp-block-cover__image-background wp-post-image\" alt=\"festival anches d&#039;azur musique la croix valmer tourisme office de tourisme\" data-object-fit=\"cover\"   \/><div class=\"wp-block-cover__inner-container is-layout-constrained wp-container-core-cover-is-layout-11859842 wp-block-cover-is-layout-constrained\"><h2 class=\"wp-block-post-title\"><a href=\"https:\/\/www.lacroixvalmertourisme.com\/fr\/sortir-se-divertir\/evenements\/festival-des-anches-d-azur\/retro\" target=\"_self\" >Retrospective<\/a><\/h2><\/div><\/div>\n\n<\/li><li class=\"wp-block-post post-12976 page type-page status-publish has-post-thumbnail hentry\">\n\n<div class=\"wp-block-cover has-custom-content-position is-position-bottom-left\" style=\"padding-top:var(--wp--preset--spacing--60);padding-right:var(--wp--preset--spacing--60);padding-bottom:var(--wp--preset--spacing--60);padding-left:var(--wp--preset--spacing--60)\"><span aria-hidden=\"true\" class=\"wp-block-cover__background has-background-dim wp-block-cover__gradient-background has-background-gradient has-bg-gradient-to-black-bottom-gradient-background\"><\/span><img loading=\"lazy\" decoding=\"async\" width=\"1024\" height=\"683\" src=\"https:\/\/www.lacroixvalmertourisme.com\/wp-content\/uploads\/2024\/07\/festival2024-def\u00a9guillaume-voiturier-1-1024x683.jpg\" class=\"wp-block-cover__image-background wp-post-image\" alt=\"festival anches d&#039;azur musique la croix valmer tourisme office de tourisme\" data-object-fit=\"cover\"   \/><div class=\"wp-block-cover__inner-container is-layout-constrained wp-container-core-cover-is-layout-11859842 wp-block-cover-is-layout-constrained\"><h2 class=\"wp-block-post-title\"><a href=\"https:\/\/www.lacroixvalmertourisme.com\/fr\/sortir-se-divertir\/evenements\/festival-des-anches-d-azur\/partenaires\" target=\"_self\" >Partenaires<\/a><\/h2><\/div><\/div>\n\n<\/li><li class=\"wp-block-post post-5849 page type-page status-publish has-post-thumbnail hentry\">\n\n<div class=\"wp-block-cover has-custom-content-position is-position-bottom-left\" style=\"padding-top:var(--wp--preset--spacing--60);padding-right:var(--wp--preset--spacing--60);padding-bottom:var(--wp--preset--spacing--60);padding-left:var(--wp--preset--spacing--60)\"><span aria-hidden=\"true\" class=\"wp-block-cover__background has-background-dim wp-block-cover__gradient-background has-background-gradient has-bg-gradient-to-black-bottom-gradient-background\"><\/span><img loading=\"lazy\" decoding=\"async\" width=\"1024\" height=\"683\" src=\"https:\/\/www.lacroixvalmertourisme.com\/wp-content\/uploads\/2024\/07\/festival2024\u00a9guillaume-voiturier-386-1024x683.jpg\" class=\"wp-block-cover__image-background wp-post-image\" alt=\"festival anches d&#039;azur musique la croix valmer tourisme office de tourisme\" data-object-fit=\"cover\"   \/><div class=\"wp-block-cover__inner-container is-layout-constrained wp-container-core-cover-is-layout-11859842 wp-block-cover-is-layout-constrained\"><h2 class=\"wp-block-post-title\"><a href=\"https:\/\/www.lacroixvalmertourisme.com\/fr\/sortir-se-divertir\/evenements\/festival-des-anches-d-azur\/informations-et-reservations\" target=\"_self\" >Coulisses<\/a><\/h2><\/div><\/div>\n\n<\/li><li class=\"wp-block-post post-12981 page type-page status-publish has-post-thumbnail hentry\">\n\n<div class=\"wp-block-cover has-custom-content-position is-position-bottom-left\" style=\"padding-top:var(--wp--preset--spacing--60);padding-right:var(--wp--preset--spacing--60);padding-bottom:var(--wp--preset--spacing--60);padding-left:var(--wp--preset--spacing--60)\"><span aria-hidden=\"true\" class=\"wp-block-cover__background has-background-dim wp-block-cover__gradient-background has-background-gradient has-bg-gradient-to-black-bottom-gradient-background\"><\/span><img loading=\"lazy\" decoding=\"async\" width=\"1024\" height=\"683\" src=\"https:\/\/www.lacroixvalmertourisme.com\/wp-content\/uploads\/2024\/07\/festival2024-def\u00a9guillaume-voiturier-12-1024x683.jpg\" class=\"wp-block-cover__image-background wp-post-image\" alt=\"festival anches d&#039;azur musique la croix valmer tourisme office de tourisme\" data-object-fit=\"cover\"   \/><div class=\"wp-block-cover__inner-container is-layout-constrained wp-container-core-cover-is-layout-11859842 wp-block-cover-is-layout-constrained\"><h2 class=\"wp-block-post-title\"><a href=\"https:\/\/www.lacroixvalmertourisme.com\/fr\/sortir-se-divertir\/evenements\/festival-des-anches-d-azur\/revue-de-presse\" target=\"_self\" >Revue de presse<\/a><\/h2><\/div><\/div>\n\n<\/li><\/ul><\/div>\n\n\n\n<div class=\"wp-block-columns alignwide are-vertically-aligned-center is-layout-flex wp-container-core-columns-is-layout-0defc3be wp-block-columns-is-layout-flex\">\n<div class=\"wp-block-column is-vertically-aligned-center is-layout-flow wp-block-column-is-layout-flow\">\n<h3 class=\"wp-block-heading has-text-align-center has-current-color has-text-color has-link-color has-display-font-family has-5-xl-font-size wp-elements-ba9158210eabece20dda3726cd147a48\">D\u00e9couvrez le Festival autrement avec ce <a href=\"https:\/\/smartlink.ausha.co\/podtrait\/festival-des-anches-d-azur-a-la-croix-valmer\" target=\"_blank\" rel=\"noreferrer noopener\">podcast <\/a>!! Son origine, son histoire et ses coulisses&#8230; Maestro, c&rsquo;est \u00e0 vous !<\/h3>\n<\/div>\n\n\n\n<div class=\"wp-block-column is-vertically-aligned-center is-layout-flow wp-block-column-is-layout-flow\">\n<figure class=\"wp-block-image aligncenter size-full is-resized is-style-rounded is-style-rounded--1\"><a href=\"https:\/\/smartlink.ausha.co\/podtrait\/festival-des-anches-d-azur-a-la-croix-valmer\" target=\"_blank\" rel=\" noreferrer noopener\"><img loading=\"lazy\" decoding=\"async\" width=\"637\" height=\"585\" sizes=\"auto, (max-width: 637px) 100vw, 637px\" src=\"https:\/\/www.lacroixvalmertourisme.com\/wp-content\/uploads\/2025\/06\/podcast.jpg\" alt=\"Capture d'\u00e9cran du fichier audio pr\u00e9sentant le Festival des Anches d'Azur. Il est \u00e9coutable sur Spotify, Apple Podcasts, Deezer, Podcast Addict et Amazon Music. En haut il est ecris \"Pdtrait, Sortez du cadre pour changer de point de vue\". Il y a des couleurs vives comme violet, vert ou orange.\" class=\"wp-image-23088\" style=\"aspect-ratio:1.0889105547867657;width:340px\" srcset=\"https:\/\/www.lacroixvalmertourisme.com\/wp-content\/uploads\/2025\/06\/podcast.jpg 637w, https:\/\/www.lacroixvalmertourisme.com\/wp-content\/uploads\/2025\/06\/podcast-300x276.jpg 300w, https:\/\/www.lacroixvalmertourisme.com\/wp-content\/uploads\/2025\/06\/podcast-163x150.jpg 163w\" \/><\/a><\/figure>\n<\/div>\n<\/div>\n\n\n\n<p class=\"has-text-align-center has-secondary-50-color has-text-color has-lg-font-size wp-block-paragraph\">Tous les concerts du Festival des Anches d&rsquo;Azur sont&nbsp;<strong>gratuits.<\/strong><\/p>\n\n\n\n<div style=\"height:50px\" aria-hidden=\"true\" class=\"wp-block-spacer\"><\/div>\n\n\n\n<div style=\"height:29px\" aria-hidden=\"true\" class=\"wp-block-spacer\"><\/div>\n<\/div>\n","protected":false},"excerpt":{"rendered":"<p>Le Festival des Anches d\u2019Azur de La Croix Valmer est devenu au fil des ans une r\u00e9f\u00e9rence musicale bien au-del\u00e0 des fronti\u00e8res du Golfe de Saint-Tropez. Depuis 1996, il a vu se succ\u00e9der sur sc\u00e8ne des orchestres et ensembles venus du monde entier. En 2011, les Jardins de la Villa Turquoise ont \u00e9t\u00e9 r\u00e9am\u00e9nag\u00e9 en&#8230;<\/p>\n","protected":false},"author":4,"featured_media":17285,"parent":4500,"menu_order":134,"comment_status":"closed","ping_status":"closed","template":"page-plage.blade.php","meta":{"_acf_changed":false,"_crdt_document":"","footnotes":""},"class_list":["post-112","page","type-page","status-publish","has-post-thumbnail","hentry"],"acf":{"slogan":"","introduction":"","video_mp4":false,"video_webm":false,"poster_image":false,"nugget":false,"pagepage-etendus":"none","page-virtuelle":false,"pagepage-updown":false,"autoplay":false,"delay":"","mots-cles":"agenda animation festivit\u00e9 \u00e9v\u00e9nement soir\u00e9e concert spectacle activit\u00e9 que faire divertissement enfant musique festival forum d\u00e9barquement anches la croix valmer \u00e9t\u00e9\r\n","title_alignement":""},"yoast_head":"<!-- This site is optimized with the Yoast SEO plugin v27.5 - https:\/\/yoast.com\/product\/yoast-seo-wordpress\/ -->\n<title>Festival des Anches d\u2019Azur - La Croix-Valmer Tourisme<\/title>\n<meta name=\"robots\" content=\"index, follow, max-snippet:-1, max-image-preview:large, max-video-preview:-1\" \/>\n<link rel=\"canonical\" href=\"https:\/\/www.lacroixvalmertourisme.com\/fr\/sortir-se-divertir\/evenements\/festival-des-anches-d-azur\" \/>\n<meta property=\"og:locale\" content=\"fr_FR\" \/>\n<meta property=\"og:type\" content=\"article\" \/>\n<meta property=\"og:title\" content=\"Festival des Anches d\u2019Azur - La Croix-Valmer Tourisme\" \/>\n<meta property=\"og:description\" content=\"Le Festival des Anches d\u2019Azur de La Croix Valmer est devenu au fil des ans une r\u00e9f\u00e9rence musicale bien au-del\u00e0 des fronti\u00e8res du Golfe de Saint-Tropez. Depuis 1996, il a vu se succ\u00e9der sur sc\u00e8ne des orchestres et ensembles venus du monde entier. En 2011, les Jardins de la Villa Turquoise ont \u00e9t\u00e9 r\u00e9am\u00e9nag\u00e9 en...\" \/>\n<meta property=\"og:url\" content=\"https:\/\/www.lacroixvalmertourisme.com\/fr\/sortir-se-divertir\/evenements\/festival-des-anches-d-azur\" \/>\n<meta property=\"og:site_name\" content=\"La Croix-Valmer Tourisme\" \/>\n<meta property=\"article:publisher\" content=\"https:\/\/www.facebook.com\/lacroixvalmertourisme\/\" \/>\n<meta property=\"article:modified_time\" content=\"2026-02-05T12:33:04+00:00\" \/>\n<meta property=\"og:image\" content=\"https:\/\/www.lacroixvalmertourisme.com\/wp-content\/uploads\/2024\/07\/JLCV9939.jpg\" \/>\n\t<meta property=\"og:image:width\" content=\"2000\" \/>\n\t<meta property=\"og:image:height\" content=\"1126\" \/>\n\t<meta property=\"og:image:type\" content=\"image\/jpeg\" \/>\n<meta name=\"twitter:card\" content=\"summary_large_image\" \/>\n<meta name=\"twitter:site\" content=\"@La_Croix_Valmer\" \/>\n<meta name=\"twitter:label1\" content=\"Dur\u00e9e de lecture estim\u00e9e\" \/>\n\t<meta name=\"twitter:data1\" content=\"4 minutes\" \/>\n<!-- \/ Yoast SEO plugin. -->","yoast_head_json":{"title":"Festival des Anches d\u2019Azur - La Croix-Valmer Tourisme","robots":{"index":"index","follow":"follow","max-snippet":"max-snippet:-1","max-image-preview":"max-image-preview:large","max-video-preview":"max-video-preview:-1"},"canonical":"https:\/\/www.lacroixvalmertourisme.com\/fr\/sortir-se-divertir\/evenements\/festival-des-anches-d-azur","og_locale":"fr_FR","og_type":"article","og_title":"Festival des Anches d\u2019Azur - La Croix-Valmer Tourisme","og_description":"Le Festival des Anches d\u2019Azur de La Croix Valmer est devenu au fil des ans une r\u00e9f\u00e9rence musicale bien au-del\u00e0 des fronti\u00e8res du Golfe de Saint-Tropez. Depuis 1996, il a vu se succ\u00e9der sur sc\u00e8ne des orchestres et ensembles venus du monde entier. En 2011, les Jardins de la Villa Turquoise ont \u00e9t\u00e9 r\u00e9am\u00e9nag\u00e9 en...","og_url":"https:\/\/www.lacroixvalmertourisme.com\/fr\/sortir-se-divertir\/evenements\/festival-des-anches-d-azur","og_site_name":"La Croix-Valmer Tourisme","article_publisher":"https:\/\/www.facebook.com\/lacroixvalmertourisme\/","article_modified_time":"2026-02-05T12:33:04+00:00","og_image":[{"width":2000,"height":1126,"url":"https:\/\/www.lacroixvalmertourisme.com\/wp-content\/uploads\/2024\/07\/JLCV9939.jpg","type":"image\/jpeg"}],"twitter_card":"summary_large_image","twitter_site":"@La_Croix_Valmer","twitter_misc":{"Dur\u00e9e de lecture estim\u00e9e":"4 minutes"},"schema":{"@context":"https:\/\/schema.org","@graph":[{"@type":"WebPage","@id":"https:\/\/www.lacroixvalmertourisme.com\/fr\/sortir-se-divertir\/evenements\/festival-des-anches-d-azur","url":"https:\/\/www.lacroixvalmertourisme.com\/fr\/sortir-se-divertir\/evenements\/festival-des-anches-d-azur","name":"Festival des Anches d\u2019Azur - La Croix-Valmer Tourisme","isPartOf":{"@id":"https:\/\/www.lacroixvalmertourisme.com\/fr\/#website"},"primaryImageOfPage":{"@id":"https:\/\/www.lacroixvalmertourisme.com\/fr\/sortir-se-divertir\/evenements\/festival-des-anches-d-azur#primaryimage"},"image":{"@id":"https:\/\/www.lacroixvalmertourisme.com\/fr\/sortir-se-divertir\/evenements\/festival-des-anches-d-azur#primaryimage"},"thumbnailUrl":"https:\/\/www.lacroixvalmertourisme.com\/wp-content\/uploads\/2024\/07\/JLCV9939.jpg","datePublished":"2021-04-13T09:14:29+00:00","dateModified":"2026-02-05T12:33:04+00:00","breadcrumb":{"@id":"https:\/\/www.lacroixvalmertourisme.com\/fr\/sortir-se-divertir\/evenements\/festival-des-anches-d-azur#breadcrumb"},"inLanguage":"fr-FR","potentialAction":[{"@type":"ReadAction","target":["https:\/\/www.lacroixvalmertourisme.com\/fr\/sortir-se-divertir\/evenements\/festival-des-anches-d-azur"]}]},{"@type":"ImageObject","inLanguage":"fr-FR","@id":"https:\/\/www.lacroixvalmertourisme.com\/fr\/sortir-se-divertir\/evenements\/festival-des-anches-d-azur#primaryimage","url":"https:\/\/www.lacroixvalmertourisme.com\/wp-content\/uploads\/2024\/07\/JLCV9939.jpg","contentUrl":"https:\/\/www.lacroixvalmertourisme.com\/wp-content\/uploads\/2024\/07\/JLCV9939.jpg","width":2000,"height":1126,"caption":"Orchestre symphonique en concert avec une chanteuse soliste, entour\u00e9e de musiciens dirig\u00e9s par un chef d'orchestre."},{"@type":"BreadcrumbList","@id":"https:\/\/www.lacroixvalmertourisme.com\/fr\/sortir-se-divertir\/evenements\/festival-des-anches-d-azur#breadcrumb","itemListElement":[{"@type":"ListItem","position":1,"name":"Accueil","item":"https:\/\/www.lacroixvalmertourisme.com\/fr"},{"@type":"ListItem","position":2,"name":"Sortir","item":"https:\/\/www.lacroixvalmertourisme.com\/fr\/sortir-se-divertir"},{"@type":"ListItem","position":3,"name":"Agenda","item":"https:\/\/www.lacroixvalmertourisme.com\/fr\/sortir-se-divertir\/evenements"},{"@type":"ListItem","position":4,"name":"Festival des Anches d\u2019Azur"}]},{"@type":"WebSite","@id":"https:\/\/www.lacroixvalmertourisme.com\/fr\/#website","url":"https:\/\/www.lacroixvalmertourisme.com\/fr\/","name":"La Croix-Valmer Tourisme","description":"Toutes les informations touristiques pour organiser votre prochain s\u00e9jour \u00e0 La Croix Valmer dans le Golfe de Saint-Tropez","publisher":{"@id":"https:\/\/www.lacroixvalmertourisme.com\/fr\/#organization"},"potentialAction":[{"@type":"SearchAction","target":{"@type":"EntryPoint","urlTemplate":"https:\/\/www.lacroixvalmertourisme.com\/fr\/?s={search_term_string}"},"query-input":{"@type":"PropertyValueSpecification","valueRequired":true,"valueName":"search_term_string"}}],"inLanguage":"fr-FR"},{"@type":"Organization","@id":"https:\/\/www.lacroixvalmertourisme.com\/fr\/#organization","name":"Office de Tourisme de La Croix Valmer","url":"https:\/\/www.lacroixvalmertourisme.com\/fr\/","logo":{"@type":"ImageObject","inLanguage":"fr-FR","@id":"https:\/\/www.lacroixvalmertourisme.com\/fr\/#\/schema\/logo\/image\/","url":"https:\/\/www.lacroixvalmertourisme.com\/wp-content\/uploads\/2021\/06\/Logo_ot_bleu.png","contentUrl":"https:\/\/www.lacroixvalmertourisme.com\/wp-content\/uploads\/2021\/06\/Logo_ot_bleu.png","width":591,"height":454,"caption":"Office de Tourisme de La Croix Valmer"},"image":{"@id":"https:\/\/www.lacroixvalmertourisme.com\/fr\/#\/schema\/logo\/image\/"},"sameAs":["https:\/\/www.facebook.com\/lacroixvalmertourisme\/","https:\/\/x.com\/La_Croix_Valmer","https:\/\/www.instagram.com\/lacroixvalmer_tourisme\/"]}]}},"publishpress_future_workflow_manual_trigger":{"enabledWorkflows":[]},"_links":{"self":[{"href":"https:\/\/www.lacroixvalmertourisme.com\/fr\/wp-json\/wp\/v2\/pages\/112","targetHints":{"allow":["GET"]}}],"collection":[{"href":"https:\/\/www.lacroixvalmertourisme.com\/fr\/wp-json\/wp\/v2\/pages"}],"about":[{"href":"https:\/\/www.lacroixvalmertourisme.com\/fr\/wp-json\/wp\/v2\/types\/page"}],"author":[{"embeddable":true,"href":"https:\/\/www.lacroixvalmertourisme.com\/fr\/wp-json\/wp\/v2\/users\/4"}],"replies":[{"embeddable":true,"href":"https:\/\/www.lacroixvalmertourisme.com\/fr\/wp-json\/wp\/v2\/comments?post=112"}],"version-history":[{"count":19,"href":"https:\/\/www.lacroixvalmertourisme.com\/fr\/wp-json\/wp\/v2\/pages\/112\/revisions"}],"predecessor-version":[{"id":23691,"href":"https:\/\/www.lacroixvalmertourisme.com\/fr\/wp-json\/wp\/v2\/pages\/112\/revisions\/23691"}],"up":[{"embeddable":true,"href":"https:\/\/www.lacroixvalmertourisme.com\/fr\/wp-json\/wp\/v2\/pages\/4500"}],"wp:featuredmedia":[{"embeddable":true,"href":"https:\/\/www.lacroixvalmertourisme.com\/fr\/wp-json\/wp\/v2\/media\/17285"}],"wp:attachment":[{"href":"https:\/\/www.lacroixvalmertourisme.com\/fr\/wp-json\/wp\/v2\/media?parent=112"}],"curies":[{"name":"wp","href":"https:\/\/api.w.org\/{rel}","templated":true}]}}