{"id":108,"date":"2021-04-13T11:12:35","date_gmt":"2021-04-13T09:12:35","guid":{"rendered":"https:\/\/www.lacroixvalmertourisme.com\/?page_id=108"},"modified":"2026-01-20T06:27:44","modified_gmt":"2026-01-20T05:27:44","slug":"bar-et-restaurants","status":"publish","type":"page","link":"https:\/\/www.lacroixvalmertourisme.com\/fr\/vivre-sejourner\/bar-et-restaurants","title":{"rendered":"Bars et Restaurants"},"content":{"rendered":"\n<div class=\"wp-block-group alignwide is-layout-constrained wp-block-group-is-layout-constrained\">\n<p class=\"wp-block-paragraph\">Plut\u00f4t <strong>gourmand<\/strong> ? App\u00e9tit d&rsquo;oiseau ? Fin <strong>gourmet<\/strong> ? <strong>Amateur<\/strong> de vin ? Envie d&rsquo;une d\u00e9gustation ou d&rsquo;une <strong>planche \u00e0 partager<\/strong>&#8230; Vous trouverez chaussure \u00e0 votre pied parmi les <strong><a href=\"https:\/\/www.lacroixvalmertourisme.com\/fr\/sortir-se-divertir\/bar-et-restaurants\/restaurants\" target=\"_blank\" rel=\"noreferrer noopener\">bars et restaurants<\/a><\/strong> croisiens. Cuisine&nbsp;traditionnelle, italienne, grillades, gastronomie,&nbsp;menu sur le pouce,&nbsp;avec vue, les pieds dans le sable, \u00e9tablissements renomm\u00e9s et chefs \u00e9toil\u00e9s&#8230;  \u00c0 chaque envie, du petit-d\u00e9jeuner au d\u00eener, en passant par l&rsquo;ap\u00e9ritif ou l&rsquo;afterwork, une adresse vous attend. Bon app\u00e9tit &amp; bonne d\u00e9gustation !<\/p>\n\n\n<div class=\"relative wp-block-fmz-slider alignfull\">\n<div class=\"wp-block-query alignfull is-layout-flow wp-block-query-is-layout-flow fmz-slider-1864279250848562 swiper\"><ul class=\"swiper-wrapper\"><li class=\"wp-block-post post-218 page type-page status-publish has-post-thumbnail hentry swiper-slide\">\n\n<div class=\"wp-block-cover has-custom-content-position is-position-bottom-left\" style=\"padding-top:var(--wp--preset--spacing--60);padding-right:var(--wp--preset--spacing--60);padding-bottom:var(--wp--preset--spacing--60);padding-left:var(--wp--preset--spacing--60)\"><span aria-hidden=\"true\" class=\"wp-block-cover__background has-background-dim wp-block-cover__gradient-background has-background-gradient has-bg-gradient-to-black-bottom-gradient-background\"><\/span><img loading=\"lazy\" decoding=\"async\" width=\"1024\" height=\"768\" src=\"https:\/\/www.lacroixvalmertourisme.com\/wp-content\/uploads\/2025\/04\/sept2023\u00a9lacroixvalmertourisme-22-1024x768.jpg\" class=\"wp-block-cover__image-background wp-post-image\" alt=\"\" data-object-fit=\"cover\"   \/><div class=\"wp-block-cover__inner-container is-layout-constrained wp-container-core-cover-is-layout-11859842 wp-block-cover-is-layout-constrained\"><h2 class=\"wp-block-post-title\"><a href=\"https:\/\/www.lacroixvalmertourisme.com\/fr\/vivre-sejourner\/bar-et-restaurants\/bars\" target=\"_self\" >Petite soif<\/a><\/h2><\/div><\/div>\n\n<\/li><li class=\"wp-block-post post-220 page type-page status-publish has-post-thumbnail hentry swiper-slide\">\n\n<div class=\"wp-block-cover has-custom-content-position is-position-bottom-left\" style=\"padding-top:var(--wp--preset--spacing--60);padding-right:var(--wp--preset--spacing--60);padding-bottom:var(--wp--preset--spacing--60);padding-left:var(--wp--preset--spacing--60)\"><span aria-hidden=\"true\" class=\"wp-block-cover__background has-background-dim wp-block-cover__gradient-background has-background-gradient has-bg-gradient-to-black-bottom-gradient-background\"><\/span><img loading=\"lazy\" decoding=\"async\" width=\"1024\" height=\"768\" src=\"https:\/\/www.lacroixvalmertourisme.com\/wp-content\/uploads\/2025\/04\/072024\u00a9lacroixvalmertourisme-7-1024x768.jpg\" class=\"wp-block-cover__image-background wp-post-image\" alt=\"\" data-object-fit=\"cover\"   \/><div class=\"wp-block-cover__inner-container is-layout-constrained wp-container-core-cover-is-layout-11859842 wp-block-cover-is-layout-constrained\"><h2 class=\"wp-block-post-title\"><a href=\"https:\/\/www.lacroixvalmertourisme.com\/fr\/vivre-sejourner\/bar-et-restaurants\/restaurants\" target=\"_self\" >Faim de loup<\/a><\/h2><\/div><\/div>\n\n<\/li><\/ul><\/div>\n<div class=\"swiper-prev-1864279250848562\"><div class=\"fa-4x h-full flex items-center absolute z-10 top-1\/2 -translate-x-1\/2 -translate-y-1\/2 left-0 right-auto cursor-pointer\">\r\n\t\t<span class=\"fa-layers fa-fw z-10\">\r\n\t\t\t<i class=\"fa-solid fa-circle text-white dark:text-black\"><\/i>\r\n\t\t\t<i class=\"fa-light fa-angle-left text-black dark:text-white\" data-fa-transform=\"shrink-6\"><\/i>\r\n\t\t<\/span>\r\n\t<\/div><\/div><div class=\"swiper-next-1864279250848562\"><div class=\"fa-4x h-full flex items-center absolute z-10 top-1\/2 translate-x-1\/2 -translate-y-1\/2 right-0 left-auto cursor-pointer\">\r\n\t\t<span class=\"fa-layers fa-fw z-10\">\r\n\t\t\t<i class=\"fa-solid fa-circle text-white dark:text-black\"><\/i>\r\n\t\t\t<i class=\"fa-light fa-angle-right text-black dark:text-white\" data-fa-transform=\"shrink-6\"><\/i>\r\n\t\t<\/span>\r\n\t<\/div><\/div><\/div><div class=\"fmz-slider-thumbs-container-1864279250848562 wp-block-fmz-slider alignfull\"><\/div>\r\n\t<script>\r\n\t\t\t\tnew Swiper('.fmz-slider-1864279250848562', {\r\n\t\t\t\n        \n        slidesPerView: 1,\n        spaceBetween: 20,\n        centeredSlides: false,\n        speed: 300,\n        loop: false,\n\t\t\t\tdirection: 'horizontal',\n\t\t\t\teffect: 'slide',\n        breakpoints:{ \n          576: { \n            slidesPerView: 2,\n            spaceBetween: 20,\n\t\t\t\t\t\tcenteredSlides: false,\n          }, \n          992: { \n            slidesPerView: 2,\n            spaceBetween: 20,\n\t\t\t\t\t\tcenteredSlides: false,\n          },\n          1200: {\n            slidesPerView: 2,\n            spaceBetween: 20,\n\t\t\t\t\t\tcenteredSlides: false,\n          },\n          1400: {\n            slidesPerView: 2,\n            spaceBetween: 20,\n\t\t\t\t\t\tcenteredSlides: false,\n          }\n        }\n      ,\r\n\t\t\t\t\t\t\tnavigation: { \r\n\t\t\t\t\tnextEl: '.swiper-next-1864279250848562', \r\n\t\t\t\t\tprevEl: '.swiper-prev-1864279250848562'\r\n\t\t\t\t},\r\n\t\t\t\t\t\t\t\t\ta11y: {\r\n\t\t\t\tenabled: true,\r\n\t\t\t\tprevSlideMessage: 'Diapositive pr\u00e9c\u00e9dente',\r\n\t\t\t\tnextSlideMessage: 'Diapositive suivante',\r\n\t\t\t\tfirstSlideMessage: 'Premi\u00e8re diapositive',\r\n\t\t\t\tlastSlideMessage: 'Derni\u00e8re diapositive',\r\n\t\t\t\tpaginationBulletMessage: 'Diapositive {{index}}',\r\n\t\t\t},\r\n\t\t\t\t\t\twatchSlidesProgress: true,\r\n\t\t\twatchOverflow: true\r\n\t\t} )\r\n\t<\/script>\r\n\t\r\n\t<\/div>\n","protected":false},"excerpt":{"rendered":"<p>Plut\u00f4t gourmand ? App\u00e9tit d&rsquo;oiseau ? Fin gourmet ? Amateur de vin ? Envie d&rsquo;une d\u00e9gustation ou d&rsquo;une planche \u00e0 partager&#8230; Vous trouverez chaussure \u00e0 votre pied parmi les bars et restaurants croisiens. Cuisine&nbsp;traditionnelle, italienne, grillades, gastronomie,&nbsp;menu sur le pouce,&nbsp;avec vue, les pieds dans le sable, \u00e9tablissements renomm\u00e9s et chefs \u00e9toil\u00e9s&#8230; \u00c0 chaque envie, du&#8230;<\/p>\n","protected":false},"author":4,"featured_media":10722,"parent":118,"menu_order":179,"comment_status":"closed","ping_status":"closed","template":"page-plage.blade.php","meta":{"_acf_changed":false,"_crdt_document":"","footnotes":""},"class_list":["post-108","page","type-page","status-publish","has-post-thumbnail","hentry"],"acf":{"slogan":"","introduction":"","pagepage-etendus":"none","video_mp4":false,"video_webm":false,"poster_image":false,"nugget":false,"page-virtuelle":false,"autoplay":false,"delay":"","pagepage-updown":false,"mots-cles":"restaurant bars restauration plage plagiste vins gastronomie gourmandise foodtruck diner d\u00e9jeuner petit pizza afterwork ap\u00e9ritif tapas ardoise planche poisson viande grill\u00e9 cuisine gourmet d\u00e9gustation gigaro\r\n","title_alignement":""},"yoast_head":"<!-- This site is optimized with the Yoast SEO plugin v27.5 - https:\/\/yoast.com\/product\/yoast-seo-wordpress\/ -->\n<title>Bars et Restaurants - La Croix-Valmer Tourisme<\/title>\n<meta name=\"robots\" content=\"index, follow, max-snippet:-1, max-image-preview:large, max-video-preview:-1\" \/>\n<link rel=\"canonical\" href=\"https:\/\/www.lacroixvalmertourisme.com\/fr\/vivre-sejourner\/bar-et-restaurants\" \/>\n<meta property=\"og:locale\" content=\"fr_FR\" \/>\n<meta property=\"og:type\" content=\"article\" \/>\n<meta property=\"og:title\" content=\"Bars et Restaurants - La Croix-Valmer Tourisme\" \/>\n<meta property=\"og:description\" content=\"Plut\u00f4t gourmand ? App\u00e9tit d&rsquo;oiseau ? Fin gourmet ? Amateur de vin ? Envie d&rsquo;une d\u00e9gustation ou d&rsquo;une planche \u00e0 partager&#8230; Vous trouverez chaussure \u00e0 votre pied parmi les bars et restaurants croisiens. Cuisine&nbsp;traditionnelle, italienne, grillades, gastronomie,&nbsp;menu sur le pouce,&nbsp;avec vue, les pieds dans le sable, \u00e9tablissements renomm\u00e9s et chefs \u00e9toil\u00e9s&#8230; \u00c0 chaque envie, du...\" \/>\n<meta property=\"og:url\" content=\"https:\/\/www.lacroixvalmertourisme.com\/fr\/vivre-sejourner\/bar-et-restaurants\" \/>\n<meta property=\"og:site_name\" content=\"La Croix-Valmer Tourisme\" \/>\n<meta property=\"article:publisher\" content=\"https:\/\/www.facebook.com\/lacroixvalmertourisme\/\" \/>\n<meta property=\"article:modified_time\" content=\"2026-01-20T05:27:44+00:00\" \/>\n<meta property=\"og:image\" content=\"https:\/\/www.lacroixvalmertourisme.com\/wp-content\/uploads\/2022\/12\/bars-restaurants\u00a9guillaumevoiturier-28.jpg\" \/>\n\t<meta property=\"og:image:width\" content=\"2000\" \/>\n\t<meta property=\"og:image:height\" content=\"1333\" \/>\n\t<meta property=\"og:image:type\" content=\"image\/jpeg\" \/>\n<meta name=\"twitter:card\" content=\"summary_large_image\" \/>\n<meta name=\"twitter:site\" content=\"@La_Croix_Valmer\" \/>\n<meta name=\"twitter:label1\" content=\"Dur\u00e9e de lecture estim\u00e9e\" \/>\n\t<meta name=\"twitter:data1\" content=\"1 minute\" \/>\n<!-- \/ Yoast SEO plugin. -->","yoast_head_json":{"title":"Bars et Restaurants - La Croix-Valmer Tourisme","robots":{"index":"index","follow":"follow","max-snippet":"max-snippet:-1","max-image-preview":"max-image-preview:large","max-video-preview":"max-video-preview:-1"},"canonical":"https:\/\/www.lacroixvalmertourisme.com\/fr\/vivre-sejourner\/bar-et-restaurants","og_locale":"fr_FR","og_type":"article","og_title":"Bars et Restaurants - La Croix-Valmer Tourisme","og_description":"Plut\u00f4t gourmand ? App\u00e9tit d&rsquo;oiseau ? Fin gourmet ? Amateur de vin ? Envie d&rsquo;une d\u00e9gustation ou d&rsquo;une planche \u00e0 partager&#8230; Vous trouverez chaussure \u00e0 votre pied parmi les bars et restaurants croisiens. Cuisine&nbsp;traditionnelle, italienne, grillades, gastronomie,&nbsp;menu sur le pouce,&nbsp;avec vue, les pieds dans le sable, \u00e9tablissements renomm\u00e9s et chefs \u00e9toil\u00e9s&#8230; \u00c0 chaque envie, du...","og_url":"https:\/\/www.lacroixvalmertourisme.com\/fr\/vivre-sejourner\/bar-et-restaurants","og_site_name":"La Croix-Valmer Tourisme","article_publisher":"https:\/\/www.facebook.com\/lacroixvalmertourisme\/","article_modified_time":"2026-01-20T05:27:44+00:00","og_image":[{"width":2000,"height":1333,"url":"https:\/\/www.lacroixvalmertourisme.com\/wp-content\/uploads\/2022\/12\/bars-restaurants\u00a9guillaumevoiturier-28.jpg","type":"image\/jpeg"}],"twitter_card":"summary_large_image","twitter_site":"@La_Croix_Valmer","twitter_misc":{"Dur\u00e9e de lecture estim\u00e9e":"1 minute"},"schema":{"@context":"https:\/\/schema.org","@graph":[{"@type":"WebPage","@id":"https:\/\/www.lacroixvalmertourisme.com\/fr\/vivre-sejourner\/bar-et-restaurants","url":"https:\/\/www.lacroixvalmertourisme.com\/fr\/vivre-sejourner\/bar-et-restaurants","name":"Bars et Restaurants - La Croix-Valmer Tourisme","isPartOf":{"@id":"https:\/\/www.lacroixvalmertourisme.com\/fr\/#website"},"primaryImageOfPage":{"@id":"https:\/\/www.lacroixvalmertourisme.com\/fr\/vivre-sejourner\/bar-et-restaurants#primaryimage"},"image":{"@id":"https:\/\/www.lacroixvalmertourisme.com\/fr\/vivre-sejourner\/bar-et-restaurants#primaryimage"},"thumbnailUrl":"https:\/\/www.lacroixvalmertourisme.com\/wp-content\/uploads\/2022\/12\/bars-restaurants\u00a9guillaumevoiturier-28.jpg","datePublished":"2021-04-13T09:12:35+00:00","dateModified":"2026-01-20T05:27:44+00:00","breadcrumb":{"@id":"https:\/\/www.lacroixvalmertourisme.com\/fr\/vivre-sejourner\/bar-et-restaurants#breadcrumb"},"inLanguage":"fr-FR","potentialAction":[{"@type":"ReadAction","target":["https:\/\/www.lacroixvalmertourisme.com\/fr\/vivre-sejourner\/bar-et-restaurants"]}]},{"@type":"ImageObject","inLanguage":"fr-FR","@id":"https:\/\/www.lacroixvalmertourisme.com\/fr\/vivre-sejourner\/bar-et-restaurants#primaryimage","url":"https:\/\/www.lacroixvalmertourisme.com\/wp-content\/uploads\/2022\/12\/bars-restaurants\u00a9guillaumevoiturier-28.jpg","contentUrl":"https:\/\/www.lacroixvalmertourisme.com\/wp-content\/uploads\/2022\/12\/bars-restaurants\u00a9guillaumevoiturier-28.jpg","width":2000,"height":1333},{"@type":"BreadcrumbList","@id":"https:\/\/www.lacroixvalmertourisme.com\/fr\/vivre-sejourner\/bar-et-restaurants#breadcrumb","itemListElement":[{"@type":"ListItem","position":1,"name":"Accueil","item":"https:\/\/www.lacroixvalmertourisme.com\/fr"},{"@type":"ListItem","position":2,"name":"S\u00e9journer","item":"https:\/\/www.lacroixvalmertourisme.com\/fr\/vivre-sejourner"},{"@type":"ListItem","position":3,"name":"Bars et Restaurants"}]},{"@type":"WebSite","@id":"https:\/\/www.lacroixvalmertourisme.com\/fr\/#website","url":"https:\/\/www.lacroixvalmertourisme.com\/fr\/","name":"La Croix-Valmer Tourisme","description":"Toutes les informations touristiques pour organiser votre prochain s\u00e9jour \u00e0 La Croix Valmer dans le Golfe de Saint-Tropez","publisher":{"@id":"https:\/\/www.lacroixvalmertourisme.com\/fr\/#organization"},"potentialAction":[{"@type":"SearchAction","target":{"@type":"EntryPoint","urlTemplate":"https:\/\/www.lacroixvalmertourisme.com\/fr\/?s={search_term_string}"},"query-input":{"@type":"PropertyValueSpecification","valueRequired":true,"valueName":"search_term_string"}}],"inLanguage":"fr-FR"},{"@type":"Organization","@id":"https:\/\/www.lacroixvalmertourisme.com\/fr\/#organization","name":"Office de Tourisme de La Croix Valmer","url":"https:\/\/www.lacroixvalmertourisme.com\/fr\/","logo":{"@type":"ImageObject","inLanguage":"fr-FR","@id":"https:\/\/www.lacroixvalmertourisme.com\/fr\/#\/schema\/logo\/image\/","url":"https:\/\/www.lacroixvalmertourisme.com\/wp-content\/uploads\/2021\/06\/Logo_ot_bleu.png","contentUrl":"https:\/\/www.lacroixvalmertourisme.com\/wp-content\/uploads\/2021\/06\/Logo_ot_bleu.png","width":591,"height":454,"caption":"Office de Tourisme de La Croix Valmer"},"image":{"@id":"https:\/\/www.lacroixvalmertourisme.com\/fr\/#\/schema\/logo\/image\/"},"sameAs":["https:\/\/www.facebook.com\/lacroixvalmertourisme\/","https:\/\/x.com\/La_Croix_Valmer","https:\/\/www.instagram.com\/lacroixvalmer_tourisme\/"]}]}},"publishpress_future_workflow_manual_trigger":{"enabledWorkflows":[]},"_links":{"self":[{"href":"https:\/\/www.lacroixvalmertourisme.com\/fr\/wp-json\/wp\/v2\/pages\/108","targetHints":{"allow":["GET"]}}],"collection":[{"href":"https:\/\/www.lacroixvalmertourisme.com\/fr\/wp-json\/wp\/v2\/pages"}],"about":[{"href":"https:\/\/www.lacroixvalmertourisme.com\/fr\/wp-json\/wp\/v2\/types\/page"}],"author":[{"embeddable":true,"href":"https:\/\/www.lacroixvalmertourisme.com\/fr\/wp-json\/wp\/v2\/users\/4"}],"replies":[{"embeddable":true,"href":"https:\/\/www.lacroixvalmertourisme.com\/fr\/wp-json\/wp\/v2\/comments?post=108"}],"version-history":[{"count":9,"href":"https:\/\/www.lacroixvalmertourisme.com\/fr\/wp-json\/wp\/v2\/pages\/108\/revisions"}],"predecessor-version":[{"id":22012,"href":"https:\/\/www.lacroixvalmertourisme.com\/fr\/wp-json\/wp\/v2\/pages\/108\/revisions\/22012"}],"up":[{"embeddable":true,"href":"https:\/\/www.lacroixvalmertourisme.com\/fr\/wp-json\/wp\/v2\/pages\/118"}],"wp:featuredmedia":[{"embeddable":true,"href":"https:\/\/www.lacroixvalmertourisme.com\/fr\/wp-json\/wp\/v2\/media\/10722"}],"wp:attachment":[{"href":"https:\/\/www.lacroixvalmertourisme.com\/fr\/wp-json\/wp\/v2\/media?parent=108"}],"curies":[{"name":"wp","href":"https:\/\/api.w.org\/{rel}","templated":true}]}}