{"id":106,"date":"2021-04-13T11:10:45","date_gmt":"2021-04-13T09:10:45","guid":{"rendered":"https:\/\/www.lacroixvalmertourisme.com\/?page_id=106"},"modified":"2026-01-20T06:26:53","modified_gmt":"2026-01-20T05:26:53","slug":"envie-daventure","status":"publish","type":"page","link":"https:\/\/www.lacroixvalmertourisme.com\/fr\/decouvrir-et-s-evader\/envie-daventure","title":{"rendered":"Les Activit\u00e9s"},"content":{"rendered":"\n<div class=\"wp-block-group alignwide is-layout-constrained wp-block-group-is-layout-constrained\"><div class=\"relative wp-block-fmz-slider alignfull\">\n<div class=\"wp-block-query alignfull is-layout-flow wp-block-query-is-layout-flow fmz-slider-1861917740702527 swiper\"><ul class=\"swiper-wrapper\"><li class=\"wp-block-post post-4497 page type-page status-publish has-post-thumbnail hentry swiper-slide\">\n\n<div class=\"wp-block-cover has-custom-content-position is-position-bottom-left\" style=\"padding-top:var(--wp--preset--spacing--60);padding-right:var(--wp--preset--spacing--60);padding-bottom:var(--wp--preset--spacing--60);padding-left:var(--wp--preset--spacing--60)\"><span aria-hidden=\"true\" class=\"wp-block-cover__background has-background-dim wp-block-cover__gradient-background has-background-gradient has-bg-gradient-to-black-bottom-gradient-background\"><\/span><img loading=\"lazy\" decoding=\"async\" width=\"1024\" height=\"682\" src=\"https:\/\/www.lacroixvalmertourisme.com\/wp-content\/uploads\/2022\/12\/activites-sports-loisirs-\u00a9service-communication-2-1024x682.jpg\" class=\"wp-block-cover__image-background wp-post-image\" alt=\"\" data-object-fit=\"cover\"   \/><div class=\"wp-block-cover__inner-container is-layout-constrained wp-container-core-cover-is-layout-11859842 wp-block-cover-is-layout-constrained\"><h2 class=\"wp-block-post-title\"><a href=\"https:\/\/www.lacroixvalmertourisme.com\/fr\/decouvrir-et-s-evader\/envie-daventure\/activites-sports-et-loisirs\" target=\"_self\" >Activit\u00e9s, Sports et Loisirs<\/a><\/h2><\/div><\/div>\n\n<\/li><li class=\"wp-block-post post-658 page type-page status-publish has-post-thumbnail hentry swiper-slide\">\n\n<div class=\"wp-block-cover has-custom-content-position is-position-bottom-left\" style=\"padding-top:var(--wp--preset--spacing--60);padding-right:var(--wp--preset--spacing--60);padding-bottom:var(--wp--preset--spacing--60);padding-left:var(--wp--preset--spacing--60)\"><span aria-hidden=\"true\" class=\"wp-block-cover__background has-background-dim wp-block-cover__gradient-background has-background-gradient has-bg-gradient-to-black-bottom-gradient-background\"><\/span><img loading=\"lazy\" decoding=\"async\" width=\"1024\" height=\"768\" src=\"https:\/\/www.lacroixvalmertourisme.com\/wp-content\/uploads\/2024\/06\/Expo-Paradis-protege-2023-\u00a9-lacroixvalmer-tourisme-52-1024x768.jpg\" class=\"wp-block-cover__image-background wp-post-image\" alt=\"expositions la croix valmer tourisme office\" data-object-fit=\"cover\"   \/><div class=\"wp-block-cover__inner-container is-layout-constrained wp-container-core-cover-is-layout-11859842 wp-block-cover-is-layout-constrained\"><h2 class=\"wp-block-post-title\"><a href=\"https:\/\/www.lacroixvalmertourisme.com\/fr\/decouvrir-et-s-evader\/envie-daventure\/culture-patrimoine\" target=\"_self\" >Culture et Patrimoine<\/a><\/h2><\/div><\/div>\n\n<\/li><li class=\"wp-block-post post-660 page type-page status-publish has-post-thumbnail hentry swiper-slide\">\n\n<div class=\"wp-block-cover has-custom-content-position is-position-bottom-left\" style=\"padding-top:var(--wp--preset--spacing--60);padding-right:var(--wp--preset--spacing--60);padding-bottom:var(--wp--preset--spacing--60);padding-left:var(--wp--preset--spacing--60)\"><span aria-hidden=\"true\" class=\"wp-block-cover__background has-background-dim wp-block-cover__gradient-background has-background-gradient has-bg-gradient-to-black-bottom-gradient-background\"><\/span><img loading=\"lazy\" decoding=\"async\" width=\"1024\" height=\"664\" src=\"https:\/\/www.lacroixvalmertourisme.com\/wp-content\/uploads\/2022\/12\/bien-etre-\u00a9guillaumevoiturier-22-1024x664.jpg\" class=\"wp-block-cover__image-background wp-post-image\" alt=\"\" data-object-fit=\"cover\"   \/><div class=\"wp-block-cover__inner-container is-layout-constrained wp-container-core-cover-is-layout-11859842 wp-block-cover-is-layout-constrained\"><h2 class=\"wp-block-post-title\"><a href=\"https:\/\/www.lacroixvalmertourisme.com\/fr\/decouvrir-et-s-evader\/envie-daventure\/bien-etre\" target=\"_self\" >Bien-\u00eatre<\/a><\/h2><\/div><\/div>\n\n<\/li><\/ul><\/div>\n<div class=\"swiper-prev-1861917740702527\"><div class=\"fa-4x h-full flex items-center absolute z-10 top-1\/2 -translate-x-1\/2 -translate-y-1\/2 left-0 right-auto cursor-pointer\">\r\n\t\t<span class=\"fa-layers fa-fw z-10\">\r\n\t\t\t<i class=\"fa-solid fa-circle text-white dark:text-black\"><\/i>\r\n\t\t\t<i class=\"fa-light fa-angle-left text-black dark:text-white\" data-fa-transform=\"shrink-6\"><\/i>\r\n\t\t<\/span>\r\n\t<\/div><\/div><div class=\"swiper-next-1861917740702527\"><div class=\"fa-4x h-full flex items-center absolute z-10 top-1\/2 translate-x-1\/2 -translate-y-1\/2 right-0 left-auto cursor-pointer\">\r\n\t\t<span class=\"fa-layers fa-fw z-10\">\r\n\t\t\t<i class=\"fa-solid fa-circle text-white dark:text-black\"><\/i>\r\n\t\t\t<i class=\"fa-light fa-angle-right text-black dark:text-white\" data-fa-transform=\"shrink-6\"><\/i>\r\n\t\t<\/span>\r\n\t<\/div><\/div><\/div><div class=\"fmz-slider-thumbs-container-1861917740702527 wp-block-fmz-slider alignfull\"><\/div>\r\n\t<script>\r\n\t\t\t\tnew Swiper('.fmz-slider-1861917740702527', {\r\n\t\t\t\n        \n        slidesPerView: 1,\n        spaceBetween: 20,\n        centeredSlides: false,\n        speed: 300,\n        loop: false,\n\t\t\t\tdirection: 'horizontal',\n\t\t\t\teffect: 'slide',\n        breakpoints:{ \n          576: { \n            slidesPerView: 2,\n            spaceBetween: 20,\n\t\t\t\t\t\tcenteredSlides: false,\n          }, \n          992: { \n            slidesPerView: 3,\n            spaceBetween: 20,\n\t\t\t\t\t\tcenteredSlides: false,\n          },\n          1200: {\n            slidesPerView: 3,\n            spaceBetween: 20,\n\t\t\t\t\t\tcenteredSlides: false,\n          },\n          1400: {\n            slidesPerView: 3,\n            spaceBetween: 20,\n\t\t\t\t\t\tcenteredSlides: false,\n          }\n        }\n      ,\r\n\t\t\t\t\t\t\tnavigation: { \r\n\t\t\t\t\tnextEl: '.swiper-next-1861917740702527', \r\n\t\t\t\t\tprevEl: '.swiper-prev-1861917740702527'\r\n\t\t\t\t},\r\n\t\t\t\t\t\t\t\t\ta11y: {\r\n\t\t\t\tenabled: true,\r\n\t\t\t\tprevSlideMessage: 'Diapositive pr\u00e9c\u00e9dente',\r\n\t\t\t\tnextSlideMessage: 'Diapositive suivante',\r\n\t\t\t\tfirstSlideMessage: 'Premi\u00e8re diapositive',\r\n\t\t\t\tlastSlideMessage: 'Derni\u00e8re diapositive',\r\n\t\t\t\tpaginationBulletMessage: 'Diapositive {{index}}',\r\n\t\t\t},\r\n\t\t\t\t\t\twatchSlidesProgress: true,\r\n\t\t\twatchOverflow: true\r\n\t\t} )\r\n\t<\/script>\r\n\t\r\n\t\n\n\n<h3 class=\"wp-block-heading alignwide has-text-align-center has-secondary-50-color has-text-color has-script-font-family has-5-xl-font-size\"><strong>Des vacances de r\u00eave dans un lieu d&rsquo;exception et de quoi faire pour toute la famille, des petits aux grands, en passant par les moyens !&nbsp;<\/strong><\/h3>\n\n\n\n<p class=\"has-text-align-left has-secondary-50-color has-text-color wp-block-paragraph\"><br><strong>C\u00f4t\u00e9 mer<\/strong> : <strong><a href=\"https:\/\/www.lacroixvalmertourisme.com\/fr\/sortir-se-divertir\/envie-daventure\/activites-sports-et-loisirs\" target=\"_blank\" rel=\"noreferrer noopener\">Activit\u00e9s et loisirs<\/a><\/strong> nautiques, sensations fortes, d\u00e9couverte des fonds marins, snorkeling, <strong><a href=\"https:\/\/www.lacroixvalmertourisme.com\/fr\/decouvrir-et-s-evader\/les-pieds-dans-l-eau\/sentier-marin\" target=\"_blank\" rel=\"noreferrer noopener\">sentier marin<\/a><\/strong>, navettes maritimes&#8230; <strong>C\u00f4t\u00e9 terre<\/strong> : city stade, piscine municipale, tennis, skate park, boulodrome, terrains de beach volley&#8230; de nombreux&nbsp;<strong><a href=\"https:\/\/www.lacroixvalmertourisme.com\/fr\/sortir-se-divertir\/envie-daventure\/activites-sports-et-loisirs\" target=\"_blank\" rel=\"noreferrer noopener\">\u00e9quipements<\/a> <\/strong>install\u00e9s dans le village et en bord de mer&#8230; <strong><a href=\"https:\/\/www.lacroixvalmertourisme.com\/fr\/sortir-se-divertir\/envie-daventure\/culture-patrimoine\" target=\"_blank\" rel=\"noreferrer noopener\">Culture, patrimoine<\/a><\/strong> &amp; services compl\u00e8tent cet \u00ab\u00a0inventaire \u00e0 la Pr\u00e9vert\u00a0\u00bb.<\/p>\n<\/div>\n","protected":false},"excerpt":{"rendered":"<p>Des vacances de r\u00eave dans un lieu d&rsquo;exception et de quoi faire pour toute la famille, des petits aux grands, en passant par les moyens !&nbsp; C\u00f4t\u00e9 mer : Activit\u00e9s et loisirs nautiques, sensations fortes, d\u00e9couverte des fonds marins, snorkeling, sentier marin, navettes maritimes&#8230; C\u00f4t\u00e9 terre : city stade, piscine municipale, tennis, skate park, boulodrome,&#8230;<\/p>\n","protected":false},"author":4,"featured_media":16181,"parent":102,"menu_order":45,"comment_status":"closed","ping_status":"closed","template":"page-plage.blade.php","meta":{"_acf_changed":false,"_crdt_document":"","footnotes":""},"class_list":["post-106","page","type-page","status-publish","has-post-thumbnail","hentry"],"acf":{"slogan":"","introduction":"","pagepage-etendus":"none","video_mp4":false,"video_webm":false,"poster_image":false,"nugget":false,"page-virtuelle":false,"autoplay":false,"delay":"","pagepage-updown":false,"mots-cles":"loisirs activit\u00e9s que faire visiter que visiter local guide enfant famille plage sport sportif nautique piscine randonn\u00e9es mjc sentier marin gigaro jovat crocodile marin snorkeling accompagn\u00e9e palme masque poisson d\u00e9couverte sous an\u00e9mone d\u00e9barquement plage tennis stade\r\n","title_alignement":""},"yoast_head":"<!-- This site is optimized with the Yoast SEO plugin v27.3 - https:\/\/yoast.com\/product\/yoast-seo-wordpress\/ -->\n<title>Les Activit\u00e9s - La Croix-Valmer Tourisme<\/title>\n<meta name=\"robots\" content=\"index, follow, max-snippet:-1, max-image-preview:large, max-video-preview:-1\" \/>\n<link rel=\"canonical\" href=\"https:\/\/www.lacroixvalmertourisme.com\/fr\/decouvrir-et-s-evader\/envie-daventure\" \/>\n<meta property=\"og:locale\" content=\"fr_FR\" \/>\n<meta property=\"og:type\" content=\"article\" \/>\n<meta property=\"og:title\" content=\"Les Activit\u00e9s - La Croix-Valmer Tourisme\" \/>\n<meta property=\"og:description\" content=\"Des vacances de r\u00eave dans un lieu d&rsquo;exception et de quoi faire pour toute la famille, des petits aux grands, en passant par les moyens !&nbsp; C\u00f4t\u00e9 mer : Activit\u00e9s et loisirs nautiques, sensations fortes, d\u00e9couverte des fonds marins, snorkeling, sentier marin, navettes maritimes&#8230; C\u00f4t\u00e9 terre : city stade, piscine municipale, tennis, skate park, boulodrome,...\" \/>\n<meta property=\"og:url\" content=\"https:\/\/www.lacroixvalmertourisme.com\/fr\/decouvrir-et-s-evader\/envie-daventure\" \/>\n<meta property=\"og:site_name\" content=\"La Croix-Valmer Tourisme\" \/>\n<meta property=\"article:publisher\" content=\"https:\/\/www.facebook.com\/lacroixvalmertourisme\/\" \/>\n<meta property=\"article:modified_time\" content=\"2026-01-20T05:26:53+00:00\" \/>\n<meta property=\"og:image\" content=\"https:\/\/www.lacroixvalmertourisme.com\/wp-content\/uploads\/2024\/06\/plages204\u00a9guillaumevoiturier-17.jpg\" \/>\n\t<meta property=\"og:image:width\" content=\"2000\" \/>\n\t<meta property=\"og:image:height\" content=\"1333\" \/>\n\t<meta property=\"og:image:type\" content=\"image\/jpeg\" \/>\n<meta name=\"twitter:card\" content=\"summary_large_image\" \/>\n<meta name=\"twitter:site\" content=\"@La_Croix_Valmer\" \/>\n<meta name=\"twitter:label1\" content=\"Dur\u00e9e de lecture estim\u00e9e\" \/>\n\t<meta name=\"twitter:data1\" content=\"1 minute\" \/>\n<!-- \/ Yoast SEO plugin. -->","yoast_head_json":{"title":"Les Activit\u00e9s - La Croix-Valmer Tourisme","robots":{"index":"index","follow":"follow","max-snippet":"max-snippet:-1","max-image-preview":"max-image-preview:large","max-video-preview":"max-video-preview:-1"},"canonical":"https:\/\/www.lacroixvalmertourisme.com\/fr\/decouvrir-et-s-evader\/envie-daventure","og_locale":"fr_FR","og_type":"article","og_title":"Les Activit\u00e9s - La Croix-Valmer Tourisme","og_description":"Des vacances de r\u00eave dans un lieu d&rsquo;exception et de quoi faire pour toute la famille, des petits aux grands, en passant par les moyens !&nbsp; C\u00f4t\u00e9 mer : Activit\u00e9s et loisirs nautiques, sensations fortes, d\u00e9couverte des fonds marins, snorkeling, sentier marin, navettes maritimes&#8230; C\u00f4t\u00e9 terre : city stade, piscine municipale, tennis, skate park, boulodrome,...","og_url":"https:\/\/www.lacroixvalmertourisme.com\/fr\/decouvrir-et-s-evader\/envie-daventure","og_site_name":"La Croix-Valmer Tourisme","article_publisher":"https:\/\/www.facebook.com\/lacroixvalmertourisme\/","article_modified_time":"2026-01-20T05:26:53+00:00","og_image":[{"width":2000,"height":1333,"url":"https:\/\/www.lacroixvalmertourisme.com\/wp-content\/uploads\/2024\/06\/plages204\u00a9guillaumevoiturier-17.jpg","type":"image\/jpeg"}],"twitter_card":"summary_large_image","twitter_site":"@La_Croix_Valmer","twitter_misc":{"Dur\u00e9e de lecture estim\u00e9e":"1 minute"},"schema":{"@context":"https:\/\/schema.org","@graph":[{"@type":"WebPage","@id":"https:\/\/www.lacroixvalmertourisme.com\/fr\/decouvrir-et-s-evader\/envie-daventure","url":"https:\/\/www.lacroixvalmertourisme.com\/fr\/decouvrir-et-s-evader\/envie-daventure","name":"Les Activit\u00e9s - La Croix-Valmer Tourisme","isPartOf":{"@id":"https:\/\/www.lacroixvalmertourisme.com\/fr\/#website"},"primaryImageOfPage":{"@id":"https:\/\/www.lacroixvalmertourisme.com\/fr\/decouvrir-et-s-evader\/envie-daventure#primaryimage"},"image":{"@id":"https:\/\/www.lacroixvalmertourisme.com\/fr\/decouvrir-et-s-evader\/envie-daventure#primaryimage"},"thumbnailUrl":"https:\/\/www.lacroixvalmertourisme.com\/wp-content\/uploads\/2024\/06\/plages204\u00a9guillaumevoiturier-17.jpg","datePublished":"2021-04-13T09:10:45+00:00","dateModified":"2026-01-20T05:26:53+00:00","breadcrumb":{"@id":"https:\/\/www.lacroixvalmertourisme.com\/fr\/decouvrir-et-s-evader\/envie-daventure#breadcrumb"},"inLanguage":"fr-FR","potentialAction":[{"@type":"ReadAction","target":["https:\/\/www.lacroixvalmertourisme.com\/fr\/decouvrir-et-s-evader\/envie-daventure"]}]},{"@type":"ImageObject","inLanguage":"fr-FR","@id":"https:\/\/www.lacroixvalmertourisme.com\/fr\/decouvrir-et-s-evader\/envie-daventure#primaryimage","url":"https:\/\/www.lacroixvalmertourisme.com\/wp-content\/uploads\/2024\/06\/plages204\u00a9guillaumevoiturier-17.jpg","contentUrl":"https:\/\/www.lacroixvalmertourisme.com\/wp-content\/uploads\/2024\/06\/plages204\u00a9guillaumevoiturier-17.jpg","width":2000,"height":1333,"caption":"paddle sport plage de jovat littoral la croix valmer tourisme office"},{"@type":"BreadcrumbList","@id":"https:\/\/www.lacroixvalmertourisme.com\/fr\/decouvrir-et-s-evader\/envie-daventure#breadcrumb","itemListElement":[{"@type":"ListItem","position":1,"name":"Accueil","item":"https:\/\/www.lacroixvalmertourisme.com\/fr"},{"@type":"ListItem","position":2,"name":"D\u00e9couvrir","item":"https:\/\/www.lacroixvalmertourisme.com\/fr\/decouvrir-et-s-evader"},{"@type":"ListItem","position":3,"name":"Les Activit\u00e9s"}]},{"@type":"WebSite","@id":"https:\/\/www.lacroixvalmertourisme.com\/fr\/#website","url":"https:\/\/www.lacroixvalmertourisme.com\/fr\/","name":"La Croix-Valmer Tourisme","description":"Toutes les informations touristiques pour organiser votre prochain s\u00e9jour \u00e0 La Croix Valmer dans le Golfe de Saint-Tropez","publisher":{"@id":"https:\/\/www.lacroixvalmertourisme.com\/fr\/#organization"},"potentialAction":[{"@type":"SearchAction","target":{"@type":"EntryPoint","urlTemplate":"https:\/\/www.lacroixvalmertourisme.com\/fr\/?s={search_term_string}"},"query-input":{"@type":"PropertyValueSpecification","valueRequired":true,"valueName":"search_term_string"}}],"inLanguage":"fr-FR"},{"@type":"Organization","@id":"https:\/\/www.lacroixvalmertourisme.com\/fr\/#organization","name":"Office de Tourisme de La Croix Valmer","url":"https:\/\/www.lacroixvalmertourisme.com\/fr\/","logo":{"@type":"ImageObject","inLanguage":"fr-FR","@id":"https:\/\/www.lacroixvalmertourisme.com\/fr\/#\/schema\/logo\/image\/","url":"https:\/\/www.lacroixvalmertourisme.com\/wp-content\/uploads\/2021\/06\/Logo_ot_bleu.png","contentUrl":"https:\/\/www.lacroixvalmertourisme.com\/wp-content\/uploads\/2021\/06\/Logo_ot_bleu.png","width":591,"height":454,"caption":"Office de Tourisme de La Croix Valmer"},"image":{"@id":"https:\/\/www.lacroixvalmertourisme.com\/fr\/#\/schema\/logo\/image\/"},"sameAs":["https:\/\/www.facebook.com\/lacroixvalmertourisme\/","https:\/\/x.com\/La_Croix_Valmer","https:\/\/www.instagram.com\/lacroixvalmer_tourisme\/"]}]}},"publishpress_future_workflow_manual_trigger":{"enabledWorkflows":[]},"_links":{"self":[{"href":"https:\/\/www.lacroixvalmertourisme.com\/fr\/wp-json\/wp\/v2\/pages\/106","targetHints":{"allow":["GET"]}}],"collection":[{"href":"https:\/\/www.lacroixvalmertourisme.com\/fr\/wp-json\/wp\/v2\/pages"}],"about":[{"href":"https:\/\/www.lacroixvalmertourisme.com\/fr\/wp-json\/wp\/v2\/types\/page"}],"author":[{"embeddable":true,"href":"https:\/\/www.lacroixvalmertourisme.com\/fr\/wp-json\/wp\/v2\/users\/4"}],"replies":[{"embeddable":true,"href":"https:\/\/www.lacroixvalmertourisme.com\/fr\/wp-json\/wp\/v2\/comments?post=106"}],"version-history":[{"count":6,"href":"https:\/\/www.lacroixvalmertourisme.com\/fr\/wp-json\/wp\/v2\/pages\/106\/revisions"}],"predecessor-version":[{"id":26617,"href":"https:\/\/www.lacroixvalmertourisme.com\/fr\/wp-json\/wp\/v2\/pages\/106\/revisions\/26617"}],"up":[{"embeddable":true,"href":"https:\/\/www.lacroixvalmertourisme.com\/fr\/wp-json\/wp\/v2\/pages\/102"}],"wp:featuredmedia":[{"embeddable":true,"href":"https:\/\/www.lacroixvalmertourisme.com\/fr\/wp-json\/wp\/v2\/media\/16181"}],"wp:attachment":[{"href":"https:\/\/www.lacroixvalmertourisme.com\/fr\/wp-json\/wp\/v2\/media?parent=106"}],"curies":[{"name":"wp","href":"https:\/\/api.w.org\/{rel}","templated":true}]}}