{"id":102,"date":"2021-04-13T11:08:40","date_gmt":"2021-04-13T09:08:40","guid":{"rendered":"https:\/\/www.lacroixvalmertourisme.com\/?page_id=102"},"modified":"2026-01-19T15:28:50","modified_gmt":"2026-01-19T14:28:50","slug":"decouvrir-et-s-evader","status":"publish","type":"page","link":"https:\/\/www.lacroixvalmertourisme.com\/fr\/decouvrir-et-s-evader","title":{"rendered":"D\u00e9couvrir"},"content":{"rendered":"\n<div class=\"wp-block-group alignwide is-layout-constrained wp-block-group-is-layout-constrained\">\n<p class=\"has-text-align-center has-secondary-50-color has-text-color has-script-font-family has-5-xl-font-size wp-block-paragraph\"><strong>Bienvenue chez vous !<\/strong><\/p>\n\n\n\n<p class=\"has-text-align-center has-secondary-50-color has-text-color has-lg-font-size wp-block-paragraph\">Vous pr\u00e9voyez une escapade en amoureux, des vacances en famille,<br>un week-end entre amis\u2026 ?<br>Vous r\u00eavez de d\u00e9connexion, de d\u00e9paysement, d&rsquo;un retour \u00e0 l&rsquo;essentiel\u2026 ?<br>Vous \u00eates plut\u00f4t contemplatif ? sportif ? \u00e9picurien ?<\/p>\n\n\n\n<div class=\"wp-block-columns alignwide is-layout-flex wp-container-core-columns-is-layout-0defc3be wp-block-columns-is-layout-flex\">\n<div class=\"wp-block-column is-layout-flow wp-block-column-is-layout-flow\">\n<div class=\"wp-block-cover has-custom-content-position is-position-bottom-left\" style=\"padding-top:var(--wp--preset--spacing--50);padding-right:var(--wp--preset--spacing--50);padding-bottom:var(--wp--preset--spacing--50);padding-left:var(--wp--preset--spacing--50)\"><img loading=\"lazy\" decoding=\"async\" width=\"1920\" height=\"2560\" sizes=\"auto, (max-width: 1920px) 100vw, 1920px\" class=\"wp-block-cover__image-background wp-image-19350\" alt=\"\" src=\"https:\/\/www.lacroixvalmertourisme.com\/wp-content\/uploads\/2025\/01\/littoral2024\u00a9lacroixvalmertourisme-5-scaled.jpg\" data-object-fit=\"cover\" srcset=\"https:\/\/www.lacroixvalmertourisme.com\/wp-content\/uploads\/2025\/01\/littoral2024\u00a9lacroixvalmertourisme-5-scaled.jpg 1920w, https:\/\/www.lacroixvalmertourisme.com\/wp-content\/uploads\/2025\/01\/littoral2024\u00a9lacroixvalmertourisme-5-225x300.jpg 225w, https:\/\/www.lacroixvalmertourisme.com\/wp-content\/uploads\/2025\/01\/littoral2024\u00a9lacroixvalmertourisme-5-768x1024.jpg 768w, https:\/\/www.lacroixvalmertourisme.com\/wp-content\/uploads\/2025\/01\/littoral2024\u00a9lacroixvalmertourisme-5-1152x1536.jpg 1152w, https:\/\/www.lacroixvalmertourisme.com\/wp-content\/uploads\/2025\/01\/littoral2024\u00a9lacroixvalmertourisme-5-1536x2048.jpg 1536w, https:\/\/www.lacroixvalmertourisme.com\/wp-content\/uploads\/2025\/01\/littoral2024\u00a9lacroixvalmertourisme-5-113x150.jpg 113w\" \/><span aria-hidden=\"true\" class=\"wp-block-cover__background has-black-background-color has-background-dim-10 has-background-dim\"><\/span><div class=\"wp-block-cover__inner-container is-layout-constrained wp-container-core-cover-is-layout-953aee64 wp-block-cover-is-layout-constrained\">\n<p class=\"has-text-align-left has-white-color has-text-color has-link-color wp-elements-dec2d2e6b329f17a414d1a5a034ffe58 wp-block-paragraph\" style=\"margin-bottom:0px;font-size:24px;font-style:normal;font-weight:500;line-height:1.2\">Balades &amp; Randonn\u00e9es<\/p>\n\n\n<a href=\"https:\/\/www.lacroixvalmertourisme.com\/fr\/decouvrir-et-s-evader\/ecrin-de-verdure\" target=\"_blank\"><span aria-hidden=\"true\" class=\"absolute inset-0\"><\/span><span class=\"sr-only\">Les randonn\u00e9es et balades<\/span><\/a><\/div><\/div>\n<\/div>\n\n\n\n<div class=\"wp-block-column is-layout-flow wp-block-column-is-layout-flow\">\n<div class=\"wp-block-cover is-light has-custom-content-position is-position-bottom-left\" style=\"padding-top:var(--wp--preset--spacing--50);padding-right:var(--wp--preset--spacing--50);padding-bottom:var(--wp--preset--spacing--50);padding-left:var(--wp--preset--spacing--50)\"><img loading=\"lazy\" decoding=\"async\" width=\"1024\" height=\"768\" sizes=\"auto, (max-width: 1024px) 100vw, 1024px\" class=\"wp-block-cover__image-background wp-image-17239 size-large\" alt=\"masque tuba la croix valmer tourisme office de tourisme\" src=\"https:\/\/www.lacroixvalmertourisme.com\/wp-content\/uploads\/2024\/07\/\u00a9lacroixvalmertourisme-3-1024x768.jpg\" data-object-fit=\"cover\" srcset=\"https:\/\/www.lacroixvalmertourisme.com\/wp-content\/uploads\/2024\/07\/\u00a9lacroixvalmertourisme-3-1024x768.jpg 1024w, https:\/\/www.lacroixvalmertourisme.com\/wp-content\/uploads\/2024\/07\/\u00a9lacroixvalmertourisme-3-300x225.jpg 300w, https:\/\/www.lacroixvalmertourisme.com\/wp-content\/uploads\/2024\/07\/\u00a9lacroixvalmertourisme-3-768x576.jpg 768w, https:\/\/www.lacroixvalmertourisme.com\/wp-content\/uploads\/2024\/07\/\u00a9lacroixvalmertourisme-3-1536x1152.jpg 1536w, https:\/\/www.lacroixvalmertourisme.com\/wp-content\/uploads\/2024\/07\/\u00a9lacroixvalmertourisme-3-200x150.jpg 200w, https:\/\/www.lacroixvalmertourisme.com\/wp-content\/uploads\/2024\/07\/\u00a9lacroixvalmertourisme-3.jpg 2000w\" \/><span aria-hidden=\"true\" class=\"wp-block-cover__background has-black-background-color has-background-dim-10 has-background-dim\"><\/span><div class=\"wp-block-cover__inner-container is-layout-constrained wp-container-core-cover-is-layout-953aee64 wp-block-cover-is-layout-constrained\">\n<p class=\"has-text-align-left has-white-color has-text-color has-link-color wp-elements-e7e51b4b63bca81ddde55a91593f1d8c wp-block-paragraph\" style=\"margin-bottom:0px;font-size:24px;font-style:normal;font-weight:500;line-height:1.2\">Activit\u00e9s, sports &amp; loisirs<\/p>\n\n\n<a href=\"https:\/\/www.lacroixvalmertourisme.com\/fr\/decouvrir-et-s-evader\/envie-daventure\/activites-sports-et-loisirs\" target=\"_blank\"><span aria-hidden=\"true\" class=\"absolute inset-0\"><\/span><span class=\"sr-only\">Activit\u00e9s, Sports et Loisirs<\/span><\/a><\/div><\/div>\n<\/div>\n\n\n\n<div class=\"wp-block-column is-layout-flow wp-block-column-is-layout-flow\">\n<div class=\"wp-block-cover has-custom-content-position is-position-bottom-left\" style=\"padding-top:var(--wp--preset--spacing--50);padding-right:var(--wp--preset--spacing--50);padding-bottom:var(--wp--preset--spacing--50);padding-left:var(--wp--preset--spacing--50)\"><img loading=\"lazy\" decoding=\"async\" width=\"2000\" height=\"1326\" sizes=\"auto, (max-width: 2000px) 100vw, 2000px\" class=\"wp-block-cover__image-background wp-image-13995\" alt=\"\" src=\"https:\/\/www.lacroixvalmertourisme.com\/wp-content\/uploads\/2023\/11\/cote-mer-2.jpg\" data-object-fit=\"cover\" srcset=\"https:\/\/www.lacroixvalmertourisme.com\/wp-content\/uploads\/2023\/11\/cote-mer-2.jpg 2000w, https:\/\/www.lacroixvalmertourisme.com\/wp-content\/uploads\/2023\/11\/cote-mer-2-300x199.jpg 300w, https:\/\/www.lacroixvalmertourisme.com\/wp-content\/uploads\/2023\/11\/cote-mer-2-1024x679.jpg 1024w, https:\/\/www.lacroixvalmertourisme.com\/wp-content\/uploads\/2023\/11\/cote-mer-2-768x509.jpg 768w, https:\/\/www.lacroixvalmertourisme.com\/wp-content\/uploads\/2023\/11\/cote-mer-2-1536x1018.jpg 1536w, https:\/\/www.lacroixvalmertourisme.com\/wp-content\/uploads\/2023\/11\/cote-mer-2-226x150.jpg 226w\" \/><span aria-hidden=\"true\" class=\"wp-block-cover__background has-black-background-color has-background-dim-10 has-background-dim\"><\/span><div class=\"wp-block-cover__inner-container is-layout-constrained wp-container-core-cover-is-layout-953aee64 wp-block-cover-is-layout-constrained\">\n<p class=\"has-text-align-left has-white-color has-text-color has-link-color wp-elements-ddc3b3b8e6c1ec38fa119f8210ed7ae6 wp-block-paragraph\" style=\"margin-bottom:0px;font-size:24px;font-style:normal;font-weight:500;line-height:1.2\">Plages de r\u00eave<\/p>\n\n\n<a href=\"https:\/\/www.lacroixvalmertourisme.com\/fr\/decouvrir-et-s-evader\/les-pieds-dans-l-eau\" target=\"_blank\"><span aria-hidden=\"true\" class=\"absolute inset-0\"><\/span><span class=\"sr-only\">Nos plages de r\u00eave<\/span><\/a><\/div><\/div>\n<\/div>\n\n\n\n<div class=\"wp-block-column is-layout-flow wp-block-column-is-layout-flow\">\n<div class=\"wp-block-cover has-custom-content-position is-position-bottom-left\" style=\"padding-top:var(--wp--preset--spacing--50);padding-right:var(--wp--preset--spacing--50);padding-bottom:var(--wp--preset--spacing--50);padding-left:var(--wp--preset--spacing--50)\"><img loading=\"lazy\" decoding=\"async\" width=\"1024\" height=\"768\" sizes=\"auto, (max-width: 1024px) 100vw, 1024px\" class=\"wp-block-cover__image-background wp-image-9823 size-large\" alt=\"\" src=\"https:\/\/www.lacroixvalmertourisme.com\/wp-content\/uploads\/2022\/10\/marches-1-1024x768.jpg\" data-object-fit=\"cover\" srcset=\"https:\/\/www.lacroixvalmertourisme.com\/wp-content\/uploads\/2022\/10\/marches-1-1024x768.jpg 1024w, https:\/\/www.lacroixvalmertourisme.com\/wp-content\/uploads\/2022\/10\/marches-1-300x225.jpg 300w, https:\/\/www.lacroixvalmertourisme.com\/wp-content\/uploads\/2022\/10\/marches-1-768x576.jpg 768w, https:\/\/www.lacroixvalmertourisme.com\/wp-content\/uploads\/2022\/10\/marches-1-1536x1152.jpg 1536w, https:\/\/www.lacroixvalmertourisme.com\/wp-content\/uploads\/2022\/10\/marches-1-200x150.jpg 200w, https:\/\/www.lacroixvalmertourisme.com\/wp-content\/uploads\/2022\/10\/marches-1.jpg 2000w\" \/><span aria-hidden=\"true\" class=\"wp-block-cover__background has-black-background-color has-background-dim-10 has-background-dim\"><\/span><div class=\"wp-block-cover__inner-container is-layout-constrained wp-container-core-cover-is-layout-953aee64 wp-block-cover-is-layout-constrained\">\n<p class=\"has-text-align-left has-white-color has-text-color has-link-color wp-elements-6a58d8e12cea28a5f7bc18ef3dd0dd28 wp-block-paragraph\" style=\"margin-bottom:0px;font-size:24px;font-style:normal;font-weight:500;line-height:1.2\">Saveurs locales<\/p>\n\n\n<a href=\"https:\/\/www.lacroixvalmertourisme.com\/fr\/decouvrir-et-s-evader\/le-gout-du-terroir\" target=\"_blank\"><span aria-hidden=\"true\" class=\"absolute inset-0\"><\/span><span class=\"sr-only\"><\/span><\/a><\/div><\/div>\n<\/div>\n\n\n\n<div class=\"wp-block-column is-layout-flow wp-block-column-is-layout-flow\">\n<div class=\"wp-block-cover has-custom-content-position is-position-bottom-left\" style=\"padding-top:var(--wp--preset--spacing--50);padding-right:var(--wp--preset--spacing--50);padding-bottom:var(--wp--preset--spacing--50);padding-left:var(--wp--preset--spacing--50)\"><img loading=\"lazy\" decoding=\"async\" width=\"1080\" height=\"1440\" sizes=\"auto, (max-width: 1080px) 100vw, 1080px\" class=\"wp-block-cover__image-background wp-image-19314\" alt=\"\" src=\"https:\/\/www.lacroixvalmertourisme.com\/wp-content\/uploads\/2025\/01\/Croix-de-constantin-2023-2023-\u00a9-lacroixvalmertourisme-rotated.jpg\" data-object-fit=\"cover\" srcset=\"https:\/\/www.lacroixvalmertourisme.com\/wp-content\/uploads\/2025\/01\/Croix-de-constantin-2023-2023-\u00a9-lacroixvalmertourisme-rotated.jpg 1080w, https:\/\/www.lacroixvalmertourisme.com\/wp-content\/uploads\/2025\/01\/Croix-de-constantin-2023-2023-\u00a9-lacroixvalmertourisme-225x300.jpg 225w, https:\/\/www.lacroixvalmertourisme.com\/wp-content\/uploads\/2025\/01\/Croix-de-constantin-2023-2023-\u00a9-lacroixvalmertourisme-768x1024.jpg 768w, https:\/\/www.lacroixvalmertourisme.com\/wp-content\/uploads\/2025\/01\/Croix-de-constantin-2023-2023-\u00a9-lacroixvalmertourisme-113x150.jpg 113w\" \/><span aria-hidden=\"true\" class=\"wp-block-cover__background has-black-background-color has-background-dim-10 has-background-dim\"><\/span><div class=\"wp-block-cover__inner-container is-layout-constrained wp-container-core-cover-is-layout-953aee64 wp-block-cover-is-layout-constrained\">\n<p class=\"has-text-align-left has-white-color has-text-color has-link-color wp-elements-9d18b4dafd89546a6ef69fb5b8427fc2 wp-block-paragraph\" style=\"margin-bottom:0px;font-size:24px;font-style:normal;font-weight:500;line-height:1.2\">Histoire<\/p>\n\n\n<a href=\"https:\/\/www.lacroixvalmertourisme.com\/fr\/decouvrir-et-s-evader\/livre-dhistoire\" target=\"_blank\"><span aria-hidden=\"true\" class=\"absolute inset-0\"><\/span><span class=\"sr-only\"><\/span><\/a><\/div><\/div>\n<\/div>\n<\/div>\n<\/div>\n\n\n\n<p class=\"wp-block-paragraph\"><\/p>\n","protected":false},"excerpt":{"rendered":"<p>Bienvenue chez vous ! Vous pr\u00e9voyez une escapade en amoureux, des vacances en famille,un week-end entre amis\u2026 ?Vous r\u00eavez de d\u00e9connexion, de d\u00e9paysement, d&rsquo;un retour \u00e0 l&rsquo;essentiel\u2026 ?Vous \u00eates plut\u00f4t contemplatif ? sportif ? \u00e9picurien ?<\/p>\n","protected":false},"author":4,"featured_media":16247,"parent":0,"menu_order":26,"comment_status":"closed","ping_status":"closed","template":"page-plage.blade.php","meta":{"_acf_changed":false,"_crdt_document":"","footnotes":""},"class_list":["post-102","page","type-page","status-publish","has-post-thumbnail","hentry"],"acf":{"slogan":"","introduction":"","pagepage-etendus":"none","video_mp4":false,"poster_image":false,"nugget":false,"video_webm":false,"page-virtuelle":false,"autoplay":false,"delay":"","mots-cles":"","pagepage-updown":true,"title_alignement":""},"yoast_head":"<!-- This site is optimized with the Yoast SEO plugin v27.5 - https:\/\/yoast.com\/product\/yoast-seo-wordpress\/ -->\n<title>D\u00e9couvrir - La Croix-Valmer Tourisme<\/title>\n<meta name=\"robots\" content=\"index, follow, max-snippet:-1, max-image-preview:large, max-video-preview:-1\" \/>\n<link rel=\"canonical\" href=\"https:\/\/www.lacroixvalmertourisme.com\/fr\/decouvrir-et-s-evader\" \/>\n<meta property=\"og:locale\" content=\"fr_FR\" \/>\n<meta property=\"og:type\" content=\"article\" \/>\n<meta property=\"og:title\" content=\"D\u00e9couvrir - La Croix-Valmer Tourisme\" \/>\n<meta property=\"og:description\" content=\"Bienvenue chez vous ! Vous pr\u00e9voyez une escapade en amoureux, des vacances en famille,un week-end entre amis\u2026 ?Vous r\u00eavez de d\u00e9connexion, de d\u00e9paysement, d&rsquo;un retour \u00e0 l&rsquo;essentiel\u2026 ?Vous \u00eates plut\u00f4t contemplatif ? sportif ? \u00e9picurien ?\" \/>\n<meta property=\"og:url\" content=\"https:\/\/www.lacroixvalmertourisme.com\/fr\/decouvrir-et-s-evader\" \/>\n<meta property=\"og:site_name\" content=\"La Croix-Valmer Tourisme\" \/>\n<meta property=\"article:publisher\" content=\"https:\/\/www.facebook.com\/lacroixvalmertourisme\/\" \/>\n<meta property=\"article:modified_time\" content=\"2026-01-19T14:28:50+00:00\" \/>\n<meta property=\"og:image\" content=\"https:\/\/www.lacroixvalmertourisme.com\/wp-content\/uploads\/2024\/06\/plages2024\u00a9guillaumevoiturier-8.jpg\" \/>\n\t<meta property=\"og:image:width\" content=\"2000\" \/>\n\t<meta property=\"og:image:height\" content=\"1500\" \/>\n\t<meta property=\"og:image:type\" content=\"image\/jpeg\" \/>\n<meta name=\"twitter:card\" content=\"summary_large_image\" \/>\n<meta name=\"twitter:site\" content=\"@La_Croix_Valmer\" \/>\n<!-- \/ Yoast SEO plugin. -->","yoast_head_json":{"title":"D\u00e9couvrir - La Croix-Valmer Tourisme","robots":{"index":"index","follow":"follow","max-snippet":"max-snippet:-1","max-image-preview":"max-image-preview:large","max-video-preview":"max-video-preview:-1"},"canonical":"https:\/\/www.lacroixvalmertourisme.com\/fr\/decouvrir-et-s-evader","og_locale":"fr_FR","og_type":"article","og_title":"D\u00e9couvrir - La Croix-Valmer Tourisme","og_description":"Bienvenue chez vous ! Vous pr\u00e9voyez une escapade en amoureux, des vacances en famille,un week-end entre amis\u2026 ?Vous r\u00eavez de d\u00e9connexion, de d\u00e9paysement, d&rsquo;un retour \u00e0 l&rsquo;essentiel\u2026 ?Vous \u00eates plut\u00f4t contemplatif ? sportif ? \u00e9picurien ?","og_url":"https:\/\/www.lacroixvalmertourisme.com\/fr\/decouvrir-et-s-evader","og_site_name":"La Croix-Valmer Tourisme","article_publisher":"https:\/\/www.facebook.com\/lacroixvalmertourisme\/","article_modified_time":"2026-01-19T14:28:50+00:00","og_image":[{"width":2000,"height":1500,"url":"https:\/\/www.lacroixvalmertourisme.com\/wp-content\/uploads\/2024\/06\/plages2024\u00a9guillaumevoiturier-8.jpg","type":"image\/jpeg"}],"twitter_card":"summary_large_image","twitter_site":"@La_Croix_Valmer","schema":{"@context":"https:\/\/schema.org","@graph":[{"@type":"WebPage","@id":"https:\/\/www.lacroixvalmertourisme.com\/fr\/decouvrir-et-s-evader","url":"https:\/\/www.lacroixvalmertourisme.com\/fr\/decouvrir-et-s-evader","name":"D\u00e9couvrir - La Croix-Valmer Tourisme","isPartOf":{"@id":"https:\/\/www.lacroixvalmertourisme.com\/fr\/#website"},"primaryImageOfPage":{"@id":"https:\/\/www.lacroixvalmertourisme.com\/fr\/decouvrir-et-s-evader#primaryimage"},"image":{"@id":"https:\/\/www.lacroixvalmertourisme.com\/fr\/decouvrir-et-s-evader#primaryimage"},"thumbnailUrl":"https:\/\/www.lacroixvalmertourisme.com\/wp-content\/uploads\/2024\/06\/plages2024\u00a9guillaumevoiturier-8.jpg","datePublished":"2021-04-13T09:08:40+00:00","dateModified":"2026-01-19T14:28:50+00:00","breadcrumb":{"@id":"https:\/\/www.lacroixvalmertourisme.com\/fr\/decouvrir-et-s-evader#breadcrumb"},"inLanguage":"fr-FR","potentialAction":[{"@type":"ReadAction","target":["https:\/\/www.lacroixvalmertourisme.com\/fr\/decouvrir-et-s-evader"]}]},{"@type":"ImageObject","inLanguage":"fr-FR","@id":"https:\/\/www.lacroixvalmertourisme.com\/fr\/decouvrir-et-s-evader#primaryimage","url":"https:\/\/www.lacroixvalmertourisme.com\/wp-content\/uploads\/2024\/06\/plages2024\u00a9guillaumevoiturier-8.jpg","contentUrl":"https:\/\/www.lacroixvalmertourisme.com\/wp-content\/uploads\/2024\/06\/plages2024\u00a9guillaumevoiturier-8.jpg","width":2000,"height":1500,"caption":"plage de la briande la croix valmer office de tourisme"},{"@type":"BreadcrumbList","@id":"https:\/\/www.lacroixvalmertourisme.com\/fr\/decouvrir-et-s-evader#breadcrumb","itemListElement":[{"@type":"ListItem","position":1,"name":"Accueil","item":"https:\/\/www.lacroixvalmertourisme.com\/fr"},{"@type":"ListItem","position":2,"name":"D\u00e9couvrir"}]},{"@type":"WebSite","@id":"https:\/\/www.lacroixvalmertourisme.com\/fr\/#website","url":"https:\/\/www.lacroixvalmertourisme.com\/fr\/","name":"La Croix-Valmer Tourisme","description":"Toutes les informations touristiques pour organiser votre prochain s\u00e9jour \u00e0 La Croix Valmer dans le Golfe de Saint-Tropez","publisher":{"@id":"https:\/\/www.lacroixvalmertourisme.com\/fr\/#organization"},"potentialAction":[{"@type":"SearchAction","target":{"@type":"EntryPoint","urlTemplate":"https:\/\/www.lacroixvalmertourisme.com\/fr\/?s={search_term_string}"},"query-input":{"@type":"PropertyValueSpecification","valueRequired":true,"valueName":"search_term_string"}}],"inLanguage":"fr-FR"},{"@type":"Organization","@id":"https:\/\/www.lacroixvalmertourisme.com\/fr\/#organization","name":"Office de Tourisme de La Croix Valmer","url":"https:\/\/www.lacroixvalmertourisme.com\/fr\/","logo":{"@type":"ImageObject","inLanguage":"fr-FR","@id":"https:\/\/www.lacroixvalmertourisme.com\/fr\/#\/schema\/logo\/image\/","url":"https:\/\/www.lacroixvalmertourisme.com\/wp-content\/uploads\/2021\/06\/Logo_ot_bleu.png","contentUrl":"https:\/\/www.lacroixvalmertourisme.com\/wp-content\/uploads\/2021\/06\/Logo_ot_bleu.png","width":591,"height":454,"caption":"Office de Tourisme de La Croix Valmer"},"image":{"@id":"https:\/\/www.lacroixvalmertourisme.com\/fr\/#\/schema\/logo\/image\/"},"sameAs":["https:\/\/www.facebook.com\/lacroixvalmertourisme\/","https:\/\/x.com\/La_Croix_Valmer","https:\/\/www.instagram.com\/lacroixvalmer_tourisme\/"]}]}},"publishpress_future_workflow_manual_trigger":{"enabledWorkflows":[]},"_links":{"self":[{"href":"https:\/\/www.lacroixvalmertourisme.com\/fr\/wp-json\/wp\/v2\/pages\/102","targetHints":{"allow":["GET"]}}],"collection":[{"href":"https:\/\/www.lacroixvalmertourisme.com\/fr\/wp-json\/wp\/v2\/pages"}],"about":[{"href":"https:\/\/www.lacroixvalmertourisme.com\/fr\/wp-json\/wp\/v2\/types\/page"}],"author":[{"embeddable":true,"href":"https:\/\/www.lacroixvalmertourisme.com\/fr\/wp-json\/wp\/v2\/users\/4"}],"replies":[{"embeddable":true,"href":"https:\/\/www.lacroixvalmertourisme.com\/fr\/wp-json\/wp\/v2\/comments?post=102"}],"version-history":[{"count":16,"href":"https:\/\/www.lacroixvalmertourisme.com\/fr\/wp-json\/wp\/v2\/pages\/102\/revisions"}],"predecessor-version":[{"id":26605,"href":"https:\/\/www.lacroixvalmertourisme.com\/fr\/wp-json\/wp\/v2\/pages\/102\/revisions\/26605"}],"wp:featuredmedia":[{"embeddable":true,"href":"https:\/\/www.lacroixvalmertourisme.com\/fr\/wp-json\/wp\/v2\/media\/16247"}],"wp:attachment":[{"href":"https:\/\/www.lacroixvalmertourisme.com\/fr\/wp-json\/wp\/v2\/media?parent=102"}],"curies":[{"name":"wp","href":"https:\/\/api.w.org\/{rel}","templated":true}]}}