{"id":8591,"date":"2022-04-09T12:27:31","date_gmt":"2022-04-09T10:27:31","guid":{"rendered":"https:\/\/www.lacroixvalmertourisme.com\/discover-escape\/local-terroir\/markets"},"modified":"2026-05-01T21:52:58","modified_gmt":"2026-05-01T19:52:58","slug":"markets","status":"publish","type":"page","link":"https:\/\/www.lacroixvalmertourisme.com\/en\/discover-escape\/local-terroir\/markets","title":{"rendered":"Markets"},"content":{"rendered":"\n<div class=\"wp-block-group alignwide is-layout-constrained wp-block-group-is-layout-constrained\">\n<figure class=\"wp-block-pullquote has-secondary-50-color has-text-color has-script-font-family has-5-xl-font-size\"><blockquote><p><strong>The best market of the Bay<\/strong><\/p><\/blockquote><\/figure>\n\n\n\n<p class=\"has-secondary-50-color has-text-color wp-block-paragraph\">A must-see, lively meeting place, the <strong>Proven\u00e7al market<\/strong> takes place every Sunday morning of the year. The colourful stalls are chained together like the pearls of a necklace, fragrances of Proven\u00e7al herbs and fruits, olives, local peaches\u2026 what happiness!<\/p>\n\n\n\n<div style=\"height:65px\" aria-hidden=\"true\" class=\"wp-block-spacer\"><\/div>\n\n\n\n<figure class=\"wp-block-gallery alignfull has-nested-images columns-default is-cropped wp-block-gallery-1 is-layout-flex wp-block-gallery-is-layout-flex\">\n<figure class=\"wp-block-image size-large\"><a data-caption=\"march\u00e9 280924 \u00a9 lacroixvalmertourisme (3)\" href=\"https:\/\/www.lacroixvalmertourisme.com\/wp-content\/uploads\/2024\/10\/marche-280924-&#xA9;-lacroixvalmertourisme-3-768x1024.jpeg\" data-fancybox=\"gallery\"><img decoding=\"async\" sizes=\"(max-width: 768px) 100vw, 768px\" data-id=\"18764\" data-tippy-content=\"march\u00e9 280924 \u00a9 lacroixvalmertourisme (3)\" src=\"https:\/\/www.lacroixvalmertourisme.com\/wp-content\/uploads\/2024\/10\/marche-280924-&#xA9;-lacroixvalmertourisme-3-768x1024.jpeg\" alt=\"la croix valmer tourisme office de tourisme march\u00e9 dominical\" class=\"wp-image-18764\" \/><\/a><\/figure>\n\n\n\n<figure class=\"wp-block-image size-large\"><a data-caption=\"march\u00e9 280924 \u00a9 lacroixvalmertourisme (2)\" href=\"https:\/\/www.lacroixvalmertourisme.com\/wp-content\/uploads\/2024\/10\/marche-280924-&#xA9;-lacroixvalmertourisme-2.jpeg\" data-fancybox=\"gallery\"><img decoding=\"async\" data-id=\"18761\" data-tippy-content=\"march\u00e9 280924 \u00a9 lacroixvalmertourisme (2)\" src=\"https:\/\/www.lacroixvalmertourisme.com\/wp-content\/uploads\/2024\/10\/marche-280924-&#xA9;-lacroixvalmertourisme-2.jpeg\" alt=\"la croix valmer tourisme \noffice de tourisme\nmarch\u00e9 dominical \" class=\"wp-image-18761\" \/><\/a><\/figure>\n\n\n\n<figure class=\"wp-block-image size-large\"><a data-caption=\"marchejuin2021\u00a9lacroixvalmertourisme (3)\" href=\"https:\/\/www.lacroixvalmertourisme.com\/wp-content\/uploads\/2021\/06\/marchejuin2021&#xA9;lacroixvalmertourisme-3.jpg\" data-fancybox=\"gallery\"><img decoding=\"async\" sizes=\"(max-width: 1024px) 100vw, 1024px\" data-id=\"2463\" data-tippy-content=\"marchejuin2021\u00a9lacroixvalmertourisme (3)\" data-caption=\"\u00a9lacroixvalmertourisme\" src=\"https:\/\/www.lacroixvalmertourisme.com\/wp-content\/uploads\/2021\/06\/marchejuin2021&#xA9;lacroixvalmertourisme-3.jpg\" alt=\"march\u00e9 la croix valmer\" class=\"wp-image-2463\" \/><\/a><\/figure>\n\n\n\n<figure class=\"wp-block-image size-large\"><a data-caption=\"marchejuin2021\u00a9lacroixvalmertourisme (18)\" href=\"https:\/\/www.lacroixvalmertourisme.com\/wp-content\/uploads\/2021\/06\/marchejuin2021&#xA9;lacroixvalmertourisme-18.jpg\" data-fancybox=\"gallery\"><img decoding=\"async\" sizes=\"(max-width: 1024px) 100vw, 1024px\" data-id=\"2460\" data-tippy-content=\"marchejuin2021\u00a9lacroixvalmertourisme (18)\" data-caption=\"\u00a9lacroixvalmertourisme\" src=\"https:\/\/www.lacroixvalmertourisme.com\/wp-content\/uploads\/2021\/06\/marchejuin2021&#xA9;lacroixvalmertourisme-18.jpg\" alt=\"march\u00e9 la croix valmer\" class=\"wp-image-2460\" \/><\/a><\/figure>\n\n\n\n<figure class=\"wp-block-image size-large\"><a data-caption=\"marchejuin2021\u00a9lacroixvalmertourisme (5)\" href=\"https:\/\/www.lacroixvalmertourisme.com\/wp-content\/uploads\/2021\/06\/marchejuin2021&#xA9;lacroixvalmertourisme-5.jpg\" data-fancybox=\"gallery\"><img decoding=\"async\" sizes=\"(max-width: 1024px) 100vw, 1024px\" data-id=\"2457\" data-tippy-content=\"marchejuin2021\u00a9lacroixvalmertourisme (5)\" data-caption=\"\u00a9lacroixvalmertourisme\" src=\"https:\/\/www.lacroixvalmertourisme.com\/wp-content\/uploads\/2021\/06\/marchejuin2021&#xA9;lacroixvalmertourisme-5.jpg\" alt=\"march\u00e9 la croix valmer\" class=\"wp-image-2457\" \/><\/a><\/figure>\n\n\n\n<figure class=\"wp-block-image size-large\"><a data-caption=\"2017 0207 marche dominical\u00a9lacroixvalmertourisme (43)\" href=\"https:\/\/www.lacroixvalmertourisme.com\/wp-content\/uploads\/2021\/06\/2017-0207-marche-dominical&#xA9;lacroixvalmertourisme-43.jpg\" data-fancybox=\"gallery\"><img decoding=\"async\" sizes=\"(max-width: 1024px) 100vw, 1024px\" data-id=\"1667\" data-tippy-content=\"2017 0207 marche dominical\u00a9lacroixvalmertourisme (43)\" data-caption=\"\u00a9lacroixvalmertourisme\" src=\"https:\/\/www.lacroixvalmertourisme.com\/wp-content\/uploads\/2021\/06\/2017-0207-marche-dominical&#xA9;lacroixvalmertourisme-43.jpg\" alt=\"d\u00e9couvrir s'evader la croix valmer tourisme durable sentier balades plages terroir march\u00e9 vignobles domaines quoi faire visiter\" class=\"wp-image-1667\" \/><\/a><\/figure>\n\n\n\n<figure class=\"wp-block-image size-large\"><a data-caption=\"2017 0207 marche dominical\u00a9lacroixvalmertourisme (25)\" href=\"https:\/\/www.lacroixvalmertourisme.com\/wp-content\/uploads\/2021\/06\/2017-0207-marche-dominical&#xA9;lacroixvalmertourisme-25.jpg\" data-fancybox=\"gallery\"><img decoding=\"async\" sizes=\"(max-width: 1024px) 100vw, 1024px\" data-id=\"1661\" data-tippy-content=\"2017 0207 marche dominical\u00a9lacroixvalmertourisme (25)\" data-caption=\"\u00a9lacroixvalmertourisme\" src=\"https:\/\/www.lacroixvalmertourisme.com\/wp-content\/uploads\/2021\/06\/2017-0207-marche-dominical&#xA9;lacroixvalmertourisme-25.jpg\" alt=\"d\u00e9couvrir s'evader la croix valmer tourisme durable sentier balades plages terroir march\u00e9 vignobles domaines quoi faire visiter\" class=\"wp-image-1661\" \/><\/a><\/figure>\n\n\n\n<figure class=\"wp-block-image size-large\"><a data-caption=\"2020 06 12 march\u00e9 dominical \u00a9lacroixvalmertourisme (8)\" href=\"https:\/\/www.lacroixvalmertourisme.com\/wp-content\/uploads\/2021\/05\/2020-06-12-marche-dominical-&#xA9;lacroixvalmertourisme-8.jpg\" data-fancybox=\"gallery\"><img decoding=\"async\" sizes=\"(max-width: 1024px) 100vw, 1024px\" data-id=\"1259\" data-tippy-content=\"2020 06 12 march\u00e9 dominical \u00a9lacroixvalmertourisme (8)\" data-caption=\"\u00a9lacroixvalmertourisme\" src=\"https:\/\/www.lacroixvalmertourisme.com\/wp-content\/uploads\/2021\/05\/2020-06-12-marche-dominical-&#xA9;lacroixvalmertourisme-8.jpg\" alt=\"d\u00e9couvrir s'evader la croix valmer tourisme durable sentier balades plages terroir march\u00e9 vignobles domaines quoi faire visiter\" class=\"wp-image-1259\" \/><\/a><\/figure>\n\n\n\n<figure class=\"wp-block-image size-large\"><a data-caption=\"2017 0207 marche dominical\u00a9lacroixvalmertourisme (64)\" href=\"https:\/\/www.lacroixvalmertourisme.com\/wp-content\/uploads\/2021\/04\/2017-0207-marche-dominical&#xA9;lacroixvalmertourisme-64.jpg\" data-fancybox=\"gallery\"><img decoding=\"async\" sizes=\"(max-width: 1024px) 100vw, 1024px\" data-id=\"979\" data-tippy-content=\"2017 0207 marche dominical\u00a9lacroixvalmertourisme (64)\" data-caption=\"\u00a9lacroixvalmertourisme\" src=\"https:\/\/www.lacroixvalmertourisme.com\/wp-content\/uploads\/2021\/04\/2017-0207-marche-dominical&#xA9;lacroixvalmertourisme-64.jpg\" alt=\"d\u00e9couvrir s'evader la croix valmer tourisme durable sentier balades plages terroir march\u00e9 vignobles domaines quoi faire visiter\" class=\"wp-image-979\" \/><\/a><\/figure>\n\n\n\n<figure class=\"wp-block-image size-large\"><a data-caption=\"2017 0207 marche dominical\u00a9lacroixvalmertourisme (41)\" href=\"https:\/\/www.lacroixvalmertourisme.com\/wp-content\/uploads\/2021\/06\/2017-0207-marche-dominical&#xA9;lacroixvalmertourisme-41.jpg\" data-fancybox=\"gallery\"><img decoding=\"async\" sizes=\"(max-width: 1024px) 100vw, 1024px\" data-id=\"1664\" data-tippy-content=\"2017 0207 marche dominical\u00a9lacroixvalmertourisme (41)\" data-caption=\"\u00a9lacroixvalmertourisme\" src=\"https:\/\/www.lacroixvalmertourisme.com\/wp-content\/uploads\/2021\/06\/2017-0207-marche-dominical&#xA9;lacroixvalmertourisme-41.jpg\" alt=\"d\u00e9couvrir s'evader la croix valmer tourisme durable sentier balades plages terroir march\u00e9 vignobles domaines quoi faire visiter\" class=\"wp-image-1664\" \/><\/a><\/figure>\n<\/figure>\n\n\n\n<div style=\"height:65px\" aria-hidden=\"true\" class=\"wp-block-spacer\"><\/div>\n\n\n\n<hr class=\"wp-block-separator has-css-opacity aligncenter\" \/>\n\n\n\n<div style=\"height:65px\" aria-hidden=\"true\" class=\"wp-block-spacer\"><\/div>\n\n\n\n<h3 class=\"wp-block-heading alignwide has-text-align-center has-secondary-50-color has-text-color has-script-font-family has-5-xl-font-size\">\u2026and at the heart of Summer, discover the evening crafts market, on Thursday nights<\/h3>\n\n\n\n<div style=\"height:65px\" aria-hidden=\"true\" class=\"wp-block-spacer\"><\/div>\n\n\n\n<figure class=\"wp-block-gallery alignfull has-nested-images columns-default is-cropped wp-block-gallery-2 is-layout-flex wp-block-gallery-is-layout-flex\">\n<figure class=\"wp-block-image size-large\"><a data-caption=\"2011 1606 marche artisanal\u00a9servicecommunciationlacroixvalmer (2)\" href=\"https:\/\/www.lacroixvalmertourisme.com\/wp-content\/uploads\/2021\/06\/2011-1606-marche-artisanal&#xA9;servicecommunciationlacroixvalmer-2.jpg\" data-fancybox=\"gallery\"><img decoding=\"async\" sizes=\"(max-width: 1024px) 100vw, 1024px\" data-id=\"2196\" data-tippy-content=\"2011 1606 marche artisanal\u00a9servicecommunciationlacroixvalmer (2)\" data-caption=\"\u00a9servicecommunciationlacroixvalmer\" src=\"https:\/\/www.lacroixvalmertourisme.com\/wp-content\/uploads\/2021\/06\/2011-1606-marche-artisanal&#xA9;servicecommunciationlacroixvalmer-2.jpg\" alt=\"march\u00e9 nocturne la croix valmer\" class=\"wp-image-2196\" \/><\/a><\/figure>\n\n\n\n<figure class=\"wp-block-image size-large\"><a data-caption=\"2018\u00a9guillaumevoiturier (2)\" href=\"https:\/\/www.lacroixvalmertourisme.com\/wp-content\/uploads\/2021\/04\/2018&#xA9;guillaumevoiturier-2.jpg\" data-fancybox=\"gallery\"><img decoding=\"async\" sizes=\"(max-width: 1024px) 100vw, 1024px\" data-id=\"982\" data-tippy-content=\"2018\u00a9guillaumevoiturier (2)\" data-caption=\"\u00a9guillaumevoiturier\" src=\"https:\/\/www.lacroixvalmertourisme.com\/wp-content\/uploads\/2021\/04\/2018&#xA9;guillaumevoiturier-2.jpg\" alt=\"\u00a9servicecommunciationlacroixvalmer\" class=\"wp-image-982\" \/><\/a><\/figure>\n\n\n\n<figure class=\"wp-block-image size-large\"><a data-caption=\"2016 2107 marche artisanal\u00a9servicecommunciationlacroixvalmer (7)\" href=\"https:\/\/www.lacroixvalmertourisme.com\/wp-content\/uploads\/2021\/04\/2016-2107-marche-artisanal&#xA9;servicecommunciationlacroixvalmer-7.jpg\" data-fancybox=\"gallery\"><img decoding=\"async\" sizes=\"(max-width: 1024px) 100vw, 1024px\" data-id=\"988\" data-tippy-content=\"2016 2107 marche artisanal\u00a9servicecommunciationlacroixvalmer (7)\" data-caption=\"\u00a9servicecommunciationlacroixvalmer\" src=\"https:\/\/www.lacroixvalmertourisme.com\/wp-content\/uploads\/2021\/04\/2016-2107-marche-artisanal&#xA9;servicecommunciationlacroixvalmer-7.jpg\" alt=\"\u00a9servicecommunciationlacroixvalmer\" class=\"wp-image-988\" \/><\/a><\/figure>\n\n\n\n<figure class=\"wp-block-image size-large\"><a data-caption=\"2018\u00a9guillaumevoiturier (3)\" href=\"https:\/\/www.lacroixvalmertourisme.com\/wp-content\/uploads\/2021\/04\/2018&#xA9;guillaumevoiturier-3.jpg\" data-fancybox=\"gallery\"><img decoding=\"async\" sizes=\"(max-width: 1024px) 100vw, 1024px\" data-id=\"985\" data-tippy-content=\"2018\u00a9guillaumevoiturier (3)\" data-caption=\"\u00a9guillaumevoiturier\" src=\"https:\/\/www.lacroixvalmertourisme.com\/wp-content\/uploads\/2021\/04\/2018&#xA9;guillaumevoiturier-3.jpg\" alt=\"d\u00e9couvrir s'evader la croix valmer tourisme durable sentier balades plages terroir march\u00e9 vignobles domaines quoi faire visiter\" class=\"wp-image-985\" \/><\/a><\/figure>\n\n\n\n<figure class=\"wp-block-image size-large\"><a data-caption=\"marche nocturne 0507 \u00a9 lacroixvalmertourisme(50)\" href=\"https:\/\/www.lacroixvalmertourisme.com\/wp-content\/uploads\/2024\/07\/marche-nocturne-0507-&#xA9;-lacroixvalmertourisme50-768x1024.jpeg\" data-fancybox=\"gallery\"><img decoding=\"async\" sizes=\"(max-width: 768px) 100vw, 768px\" data-id=\"17248\" data-tippy-content=\"marche nocturne 0507 \u00a9 lacroixvalmertourisme(50)\" src=\"https:\/\/www.lacroixvalmertourisme.com\/wp-content\/uploads\/2024\/07\/marche-nocturne-0507-&#xA9;-lacroixvalmertourisme50-768x1024.jpeg\" alt=\"march\u00e9 nocturne la croix valmer tourisme office de tourisme\" class=\"wp-image-17248\" \/><\/a><\/figure>\n\n\n\n<figure class=\"wp-block-image size-large\"><a data-caption=\"marche nocturne 0507 \u00a9 lacroixvalmertourisme(48)\" href=\"https:\/\/www.lacroixvalmertourisme.com\/wp-content\/uploads\/2024\/07\/marche-nocturne-0507-&#xA9;-lacroixvalmertourisme48-768x1024.jpeg\" data-fancybox=\"gallery\"><img decoding=\"async\" sizes=\"(max-width: 768px) 100vw, 768px\" data-id=\"17245\" data-tippy-content=\"marche nocturne 0507 \u00a9 lacroixvalmertourisme(48)\" src=\"https:\/\/www.lacroixvalmertourisme.com\/wp-content\/uploads\/2024\/07\/marche-nocturne-0507-&#xA9;-lacroixvalmertourisme48-768x1024.jpeg\" alt=\"march\u00e9 nocturne la croix valmer tourisme office de tourisme\" class=\"wp-image-17245\" \/><\/a><\/figure>\n<\/figure>\n<\/div>\n","protected":false},"excerpt":{"rendered":"<p>The best market of the Bay A must-see, lively meeting place, the Proven\u00e7al market takes place every Sunday morning of the year. The colourful stalls are chained together like the pearls of a necklace, fragrances of Proven\u00e7al herbs and fruits, olives, local peaches\u2026 what happiness! \u2026and at the heart of Summer, discover the evening crafts&#8230;<\/p>\n","protected":false},"author":4,"featured_media":10780,"parent":4509,"menu_order":98,"comment_status":"closed","ping_status":"closed","template":"page-plage.blade.php","meta":{"_acf_changed":false,"_crdt_document":"","footnotes":""},"class_list":["post-8591","page","type-page","status-publish","has-post-thumbnail","hentry"],"acf":{"video_mp4":false,"poster_image":false,"nugget":false,"page-virtuelle":false,"video_webm":false,"pagepage-updown":false,"autoplay":false,"delay":"","pagepage-etendus":"compact","title_alignement":"","mots-cles":"vigne vignoble vin raison viticole domaine cave march\u00e9 proven\u00e7al nocturne artisanal artisanat dimanche dominical hebdomadaire provence fruit l\u00e9gume village la croix valmer locaux produits parking stationnement\r\n"},"yoast_head":"<!-- This site is optimized with the Yoast SEO plugin v27.5 - https:\/\/yoast.com\/product\/yoast-seo-wordpress\/ -->\n<title>Markets - La Croix-Valmer Tourisme<\/title>\n<meta name=\"robots\" content=\"index, follow, max-snippet:-1, max-image-preview:large, max-video-preview:-1\" \/>\n<link rel=\"canonical\" href=\"https:\/\/www.lacroixvalmertourisme.com\/en\/discover-escape\/local-terroir\/markets\" \/>\n<meta property=\"og:locale\" content=\"en_US\" \/>\n<meta property=\"og:type\" content=\"article\" \/>\n<meta property=\"og:title\" content=\"Markets - La Croix-Valmer Tourisme\" \/>\n<meta property=\"og:description\" content=\"The best market of the Bay A must-see, lively meeting place, the Proven\u00e7al market takes place every Sunday morning of the year. The colourful stalls are chained together like the pearls of a necklace, fragrances of Proven\u00e7al herbs and fruits, olives, local peaches\u2026 what happiness! \u2026and at the heart of Summer, discover the evening crafts...\" \/>\n<meta property=\"og:url\" content=\"https:\/\/www.lacroixvalmertourisme.com\/en\/discover-escape\/local-terroir\/markets\" \/>\n<meta property=\"og:site_name\" content=\"La Croix-Valmer Tourisme\" \/>\n<meta property=\"article:publisher\" content=\"https:\/\/www.facebook.com\/lacroixvalmertourisme\/\" \/>\n<meta property=\"article:modified_time\" content=\"2026-05-01T19:52:58+00:00\" \/>\n<meta property=\"og:image\" content=\"https:\/\/www.lacroixvalmertourisme.com\/wp-content\/uploads\/2022\/12\/marche-\u00a9lacroixvalmertourisme-31.jpg\" \/>\n\t<meta property=\"og:image:width\" content=\"2000\" \/>\n\t<meta property=\"og:image:height\" content=\"1500\" \/>\n\t<meta property=\"og:image:type\" content=\"image\/jpeg\" \/>\n<meta name=\"twitter:card\" content=\"summary_large_image\" \/>\n<meta name=\"twitter:site\" content=\"@La_Croix_Valmer\" \/>\n<!-- \/ Yoast SEO plugin. -->","yoast_head_json":{"title":"Markets - La Croix-Valmer Tourisme","robots":{"index":"index","follow":"follow","max-snippet":"max-snippet:-1","max-image-preview":"max-image-preview:large","max-video-preview":"max-video-preview:-1"},"canonical":"https:\/\/www.lacroixvalmertourisme.com\/en\/discover-escape\/local-terroir\/markets","og_locale":"en_US","og_type":"article","og_title":"Markets - La Croix-Valmer Tourisme","og_description":"The best market of the Bay A must-see, lively meeting place, the Proven\u00e7al market takes place every Sunday morning of the year. The colourful stalls are chained together like the pearls of a necklace, fragrances of Proven\u00e7al herbs and fruits, olives, local peaches\u2026 what happiness! \u2026and at the heart of Summer, discover the evening crafts...","og_url":"https:\/\/www.lacroixvalmertourisme.com\/en\/discover-escape\/local-terroir\/markets","og_site_name":"La Croix-Valmer Tourisme","article_publisher":"https:\/\/www.facebook.com\/lacroixvalmertourisme\/","article_modified_time":"2026-05-01T19:52:58+00:00","og_image":[{"width":2000,"height":1500,"url":"https:\/\/www.lacroixvalmertourisme.com\/wp-content\/uploads\/2022\/12\/marche-\u00a9lacroixvalmertourisme-31.jpg","type":"image\/jpeg"}],"twitter_card":"summary_large_image","twitter_site":"@La_Croix_Valmer","schema":{"@context":"https:\/\/schema.org","@graph":[{"@type":"WebPage","@id":"https:\/\/www.lacroixvalmertourisme.com\/en\/discover-escape\/local-terroir\/markets","url":"https:\/\/www.lacroixvalmertourisme.com\/en\/discover-escape\/local-terroir\/markets","name":"Markets - La Croix-Valmer Tourisme","isPartOf":{"@id":"https:\/\/www.lacroixvalmertourisme.com\/en#website"},"primaryImageOfPage":{"@id":"https:\/\/www.lacroixvalmertourisme.com\/en\/discover-escape\/local-terroir\/markets#primaryimage"},"image":{"@id":"https:\/\/www.lacroixvalmertourisme.com\/en\/discover-escape\/local-terroir\/markets#primaryimage"},"thumbnailUrl":"https:\/\/www.lacroixvalmertourisme.com\/wp-content\/uploads\/2022\/12\/marche-\u00a9lacroixvalmertourisme-31.jpg","datePublished":"2022-04-09T10:27:31+00:00","dateModified":"2026-05-01T19:52:58+00:00","breadcrumb":{"@id":"https:\/\/www.lacroixvalmertourisme.com\/en\/discover-escape\/local-terroir\/markets#breadcrumb"},"inLanguage":"en-US","potentialAction":[{"@type":"ReadAction","target":["https:\/\/www.lacroixvalmertourisme.com\/en\/discover-escape\/local-terroir\/markets"]}]},{"@type":"ImageObject","inLanguage":"en-US","@id":"https:\/\/www.lacroixvalmertourisme.com\/en\/discover-escape\/local-terroir\/markets#primaryimage","url":"https:\/\/www.lacroixvalmertourisme.com\/wp-content\/uploads\/2022\/12\/marche-\u00a9lacroixvalmertourisme-31.jpg","contentUrl":"https:\/\/www.lacroixvalmertourisme.com\/wp-content\/uploads\/2022\/12\/marche-\u00a9lacroixvalmertourisme-31.jpg","width":2000,"height":1500},{"@type":"BreadcrumbList","@id":"https:\/\/www.lacroixvalmertourisme.com\/en\/discover-escape\/local-terroir\/markets#breadcrumb","itemListElement":[{"@type":"ListItem","position":1,"name":"Accueil","item":"https:\/\/www.lacroixvalmertourisme.com\/en"},{"@type":"ListItem","position":2,"name":"Discover","item":"https:\/\/www.lacroixvalmertourisme.com\/en\/discover-escape"},{"@type":"ListItem","position":3,"name":"Local tastes","item":"https:\/\/www.lacroixvalmertourisme.com\/en\/discover-escape\/local-terroir"},{"@type":"ListItem","position":4,"name":"Markets"}]},{"@type":"WebSite","@id":"https:\/\/www.lacroixvalmertourisme.com\/en#website","url":"https:\/\/www.lacroixvalmertourisme.com\/en","name":"La Croix-Valmer Tourisme","description":"Toutes les informations touristiques pour organiser votre prochain s\u00e9jour \u00e0 La Croix Valmer dans le Golfe de Saint-Tropez","publisher":{"@id":"https:\/\/www.lacroixvalmertourisme.com\/en#organization"},"potentialAction":[{"@type":"SearchAction","target":{"@type":"EntryPoint","urlTemplate":"https:\/\/www.lacroixvalmertourisme.com\/en?s={search_term_string}"},"query-input":{"@type":"PropertyValueSpecification","valueRequired":true,"valueName":"search_term_string"}}],"inLanguage":"en-US"},{"@type":"Organization","@id":"https:\/\/www.lacroixvalmertourisme.com\/en#organization","name":"Office de Tourisme de La Croix Valmer","url":"https:\/\/www.lacroixvalmertourisme.com\/en","logo":{"@type":"ImageObject","inLanguage":"en-US","@id":"https:\/\/www.lacroixvalmertourisme.com\/en#\/schema\/logo\/image\/","url":"https:\/\/www.lacroixvalmertourisme.com\/wp-content\/uploads\/2021\/06\/Logo_ot_bleu.png","contentUrl":"https:\/\/www.lacroixvalmertourisme.com\/wp-content\/uploads\/2021\/06\/Logo_ot_bleu.png","width":591,"height":454,"caption":"Office de Tourisme de La Croix Valmer"},"image":{"@id":"https:\/\/www.lacroixvalmertourisme.com\/en#\/schema\/logo\/image\/"},"sameAs":["https:\/\/www.facebook.com\/lacroixvalmertourisme\/","https:\/\/x.com\/La_Croix_Valmer","https:\/\/www.instagram.com\/lacroixvalmer_tourisme\/"]}]}},"publishpress_future_workflow_manual_trigger":{"enabledWorkflows":[]},"_links":{"self":[{"href":"https:\/\/www.lacroixvalmertourisme.com\/en\/wp-json\/wp\/v2\/pages\/8591","targetHints":{"allow":["GET"]}}],"collection":[{"href":"https:\/\/www.lacroixvalmertourisme.com\/en\/wp-json\/wp\/v2\/pages"}],"about":[{"href":"https:\/\/www.lacroixvalmertourisme.com\/en\/wp-json\/wp\/v2\/types\/page"}],"author":[{"embeddable":true,"href":"https:\/\/www.lacroixvalmertourisme.com\/en\/wp-json\/wp\/v2\/users\/4"}],"replies":[{"embeddable":true,"href":"https:\/\/www.lacroixvalmertourisme.com\/en\/wp-json\/wp\/v2\/comments?post=8591"}],"version-history":[{"count":4,"href":"https:\/\/www.lacroixvalmertourisme.com\/en\/wp-json\/wp\/v2\/pages\/8591\/revisions"}],"predecessor-version":[{"id":25194,"href":"https:\/\/www.lacroixvalmertourisme.com\/en\/wp-json\/wp\/v2\/pages\/8591\/revisions\/25194"}],"up":[{"embeddable":true,"href":"https:\/\/www.lacroixvalmertourisme.com\/en\/wp-json\/wp\/v2\/pages\/4509"}],"wp:featuredmedia":[{"embeddable":true,"href":"https:\/\/www.lacroixvalmertourisme.com\/en\/wp-json\/wp\/v2\/media\/10780"}],"wp:attachment":[{"href":"https:\/\/www.lacroixvalmertourisme.com\/en\/wp-json\/wp\/v2\/media?parent=8591"}],"curies":[{"name":"wp","href":"https:\/\/api.w.org\/{rel}","templated":true}]}}