{"id":5541,"date":"2021-07-05T11:29:46","date_gmt":"2021-07-05T09:29:46","guid":{"rendered":"https:\/\/www.lacroixvalmertourisme.com\/legal-information"},"modified":"2026-04-28T12:26:43","modified_gmt":"2026-04-28T10:26:43","slug":"legal-information","status":"publish","type":"page","link":"https:\/\/www.lacroixvalmertourisme.com\/en\/legal-information","title":{"rendered":"Legal information"},"content":{"rendered":"\n<div class=\"wp-block-group is-layout-constrained wp-block-group-is-layout-constrained\">\n<p class=\"has-secondary-50-color has-text-color wp-block-paragraph\"><a href=\"https:\/\/www.lacroixvalmertourisme.com\">www.lacroixvalmertourisme.com<\/a> is the official website for the Tourist Office of La Croix Valmer<\/p>\n\n\n\n<h2 class=\"wp-block-heading has-secondary-50-color has-text-color has-5-xl-font-size\">Presentation<\/h2>\n\n\n\n<p class=\"has-secondary-50-color has-text-color wp-block-paragraph\">In application of article 6 of law n\u00b02004-575 form June 21st 2004 concerning digital economy,  www.lacroixvalmertourisme.com&#8217;s internet user is informed of the publishing details and contributors : <\/p>\n\n\n\n<p class=\"has-secondary-50-color has-text-color wp-block-paragraph\"><strong>Editor<\/strong> : Office de Tourisme &#8211; Mairie de La Croix Valmer \u2013 T\u00e9l. : 04 94 55 12 12 \u2013 Fax : 04 94 55 12 10 \u2013 lacroixvalmertourisme@lacroixvalmer.fr<br \/><strong>Publication director<\/strong> : Fran\u00e7oise Carandante, manager of La Croix Valmer&#8217;s Tourist Office<br \/><strong>Contents and editing<\/strong> : Juliette Piotrowski, Herv\u00e9 C\u00f4tes<br \/><strong>Creation and technical service provider<\/strong> : Franck M\u00e9zi\u00e8re \u2013 Webdesign &amp; d\u00e9veloppement \u2013 meziere.net<br \/><strong>Website hosting<\/strong> : OVH SAS, filiale de la soci\u00e9t\u00e9 OVH Groupe SAS, soci\u00e9t\u00e9 immatricul\u00e9e au RCS de Lille sous le num\u00e9ro 537 407 926 sise 2, rue Kellermann, 59100 Roubaix (France)<\/p>\n\n\n\n<p class=\"has-secondary-50-color has-text-color wp-block-paragraph\">Photographs and copyright : Service Communication de la Mairie de La Croix Valmer, Office de Tourisme de La Croix Valmer, Guillaume Voiturier, Luc Schneider, Julien Visconti et Emmanuel Bertrand. The reproduction, use, exploitation, full or partial adaptation of the contents (photographs, videos, images, cards, texts, data base extractions, elements of graphic design and in general terms, any material published), no matter the means used, is strictly prohibited without prior agreement of their authors. Non-compliance with this condition shall constitute an infringement and is punishable by law.<\/p>\n\n\n\n<h2 class=\"wp-block-heading has-secondary-50-color has-text-color has-5-xl-font-size\">General terms and condition of use and provided services for the website<\/h2>\n\n\n\n<p class=\"has-secondary-50-color has-text-color wp-block-paragraph\">Using the website www.lacroixvalmertourisme.com implies the internet user accepts the general conditions of use described below. use conditions may be submitted to changes, modified at anytime, internet users are hereby invited to check the legal information regularly. This website is available all the time. If any interruption should occur for technical purposes, Office de Tourisme &#8211; Mairie de La Croix Valmer commits itself to communicate the information prior to the event. The website is updated regularly by the Tourist Office. These legal information may also be modified at anytime , the internet user is invited to consult them regularly.<\/p>\n\n\n\n<h2 class=\"wp-block-heading has-secondary-50-color has-text-color has-5-xl-font-size\">Contents and information<\/h2>\n\n\n\n<p class=\"has-secondary-50-color has-text-color wp-block-paragraph\">The website www.lacroixvalmertourisme.com provides tourist information on the territory. The Tourist office does its best to provide liable and updated information. The Tourist Office cannot be held responsible for any omission, inaccuracy or lack of update whether they depend on him or of the professionals that supply the information. The information on the website are provides for information use only and may be submitted to changes. This information is non exhaustive.<\/p>\n\n\n\n<h2 class=\"wp-block-heading has-secondary-50-color has-text-color has-5-xl-font-size\">Technical data and liability<\/h2>\n\n\n\n<p class=\"has-secondary-50-color has-text-color wp-block-paragraph\">The website uses JavaScript technology. Office de Tourisme &#8211; Mairie de La Croix Valmer cannot be held responsible for any material damage linked to the use of the website. Furthermore, the internet user commits himself to access the website with proper, recent, non viral equipment and an updated last generation internet browser.<\/p>\n\n\n\n<h2 class=\"wp-block-heading has-secondary-50-color has-text-color has-5-xl-font-size\">Intellectual property and copyright<\/h2>\n\n\n\n<p class=\"has-secondary-50-color has-text-color wp-block-paragraph\">Office de Tourisme &#8211; Mairie de La Croix Valmer posseses the rights or the authorization necessary to use the elements and information present on the website such as texts, images, design, logos, sounds, icons, software. The reproduction, use, exploitation, full or partial adaptation of the contents (photographs, videos, images, cards, texts, data base extractions, elements of graphic design and in general terms, any material published), no matter the means used, is strictly prohibited without prior agreement of their authors. Non-compliance with this condition shall constitute an infringement and is punishable by law.<\/p>\n\n\n\n<h2 class=\"wp-block-heading has-secondary-50-color has-text-color has-5-xl-font-size\">Liability limitation<\/h2>\n\n\n\n<p class=\"has-secondary-50-color has-text-color wp-block-paragraph\">Office de Tourisme &#8211; Mairie de La Croix Valmer cannot be held responsible for any material damage linked to the use of the website. Furthermore, the internet user commits himself to access the website with proper, recent, non viral equipment and an updated last generation internet browser. The Tourist Office cannot be held responsible for any material damage linked to the use of the website. Furthermore, the internet user commits himself to access the website with proper, recent, non viral equipment and an updated last generation internet browser. The internet user may use the contact form available on the website. The Tourist Office is free to erase, without prior information, any content left in this form, that should contravene with French law, furthermore regarding the protection of personal data. If necessary, the Tourist Office may also question civil or penal liability of the internet user for any racist, insulting, libellous or pornographic content or message, no Matter the means used.<\/p>\n\n\n\n<h2 class=\"wp-block-heading has-secondary-50-color has-text-color has-5-xl-font-size\">Personal data<\/h2>\n\n\n\n<p class=\"has-secondary-50-color has-text-color wp-block-paragraph\">The personal date collected on the website results in the voluntary communication of the email address, name and surname for the newsletter inscription and contact form. This data is used for the information requested. The data collected will not be communicated or sold to any private company or used for any commercial use.<\/p>\n\n\n\n<p class=\"has-secondary-50-color has-text-color wp-block-paragraph\">In compliance to the law of January 6th 1978, you can exercise your right to access, rectify, oppose and erase your personal data at any time by sending your request to the following address : Office de Tourisme, 287 Rue Louis Martin, 83420 La Croix Valmer<\/p>\n\n\n\n<h2 class=\"wp-block-heading has-secondary-50-color has-text-color has-5-xl-font-size\">Hypertext links and cookies<\/h2>\n\n\n\n<p class=\"has-secondary-50-color has-text-color wp-block-paragraph\">The presence of hypertext links connecting to other sites shall not constitute a guarantee of quality as to the contents and proper functioning of the aforesaid website. The internet user must exercise proper and necessary caution when using the hypertext links.<br \/><br \/>In order to enhance the functionality and provide a more enjoyable user experience, navigation on www.lacroixvalmertourisme.com is submitted to the use of cookies. The internet user if free to withdraw his consent at anytime. If you do not wish to use cookies, you must reconfigure the settings of you computer in order to delete the cookies.<\/p>\n\n\n\n<p class=\"has-secondary-50-color has-text-color wp-block-paragraph\">The website uses Google Analytics, an analysis service of the website provided by Goggle, a branch of Alphabet. Google Analytics uses cookies, text files placed on your computer, to allow the website to analyse the use of the site by the users. The data generated by the cookies concerning your use of the website (except your full IP address) will be passed on and stored by Google in servers located in the United States. Google will use this data to study you use of the website, to compile the information for analysis purposes of the website and the internet browser. Google may be obliged to communicate this data for legal purposes or to companies that deal with google data. Google will not pair your IP address with any other date detained by Google. The use of cookies enhances the functionality and provides a more enjoyable user experience, navigation on www.lacroixvalmertourisme.com. The internet user if free to withdraw his consent at anytime. If you do not wish to use cookies, you must reconfigure the settings of you computer in order to delete the cookies. By using this website, you expressly consent to the use of your anonymised data by Google in the general terms and conditions specified above.<\/p>\n\n\n\n<h2 class=\"wp-block-heading has-secondary-50-color has-text-color has-5-xl-font-size\">Law and jurisdiction<\/h2>\n\n\n\n<p class=\"has-secondary-50-color has-text-color wp-block-paragraph\">Any litigation that would occur from the use of the website www.lacroixvalmertourisme.com, that will not be sorted by amicable agreement, will be dealt with by the Administrative Court in Toulon.<\/p>\n\n\n\n<h2 class=\"wp-block-heading has-secondary-50-color has-text-color has-5-xl-font-size\">Law references<\/h2>\n\n\n\n<p class=\"has-secondary-50-color has-text-color wp-block-paragraph\">Law n\u00b0 78-87 from January 6th 1978, modified by law n\u00b0 2004-801 from August 6th 2004<br \/>Law n\u00b02004-575 from June 21st 2004<\/p>\n<\/div>\n","protected":false},"excerpt":{"rendered":"<p>www.lacroixvalmertourisme.com is the official website for the Tourist Office of La Croix Valmer Presentation In application of article 6 of law n\u00b02004-575 form June 21st 2004 concerning digital economy, www.lacroixvalmertourisme.com&#8217;s internet user is informed of the publishing details and contributors : Editor : Office de Tourisme &#8211; Mairie de La Croix Valmer \u2013 T\u00e9l. :&#8230;<\/p>\n","protected":false},"author":4,"featured_media":0,"parent":0,"menu_order":279,"comment_status":"closed","ping_status":"closed","template":"","meta":{"_acf_changed":false,"_crdt_document":"","footnotes":""},"class_list":["post-5541","page","type-page","status-publish","hentry"],"acf":{"video_mp4":false,"poster_image":false,"nugget":false,"page-virtuelle":false,"video_webm":false,"pagepage-etendus":"compact","pagepage-updown":false,"autoplay":false,"delay":"","title_alignement":""},"yoast_head":"<!-- This site is optimized with the Yoast SEO plugin v27.5 - https:\/\/yoast.com\/product\/yoast-seo-wordpress\/ -->\n<title>Legal information - La Croix-Valmer Tourisme<\/title>\n<meta name=\"robots\" content=\"index, follow, max-snippet:-1, max-image-preview:large, max-video-preview:-1\" \/>\n<link rel=\"canonical\" href=\"https:\/\/www.lacroixvalmertourisme.com\/en\/legal-information\" \/>\n<meta property=\"og:locale\" content=\"en_US\" \/>\n<meta property=\"og:type\" content=\"article\" \/>\n<meta property=\"og:title\" content=\"Legal information - La Croix-Valmer Tourisme\" \/>\n<meta property=\"og:description\" content=\"www.lacroixvalmertourisme.com is the official website for the Tourist Office of La Croix Valmer Presentation In application of article 6 of law n\u00b02004-575 form June 21st 2004 concerning digital economy, www.lacroixvalmertourisme.com&#8217;s internet user is informed of the publishing details and contributors : Editor : Office de Tourisme &#8211; Mairie de La Croix Valmer \u2013 T\u00e9l. :...\" \/>\n<meta property=\"og:url\" content=\"https:\/\/www.lacroixvalmertourisme.com\/en\/legal-information\" \/>\n<meta property=\"og:site_name\" content=\"La Croix-Valmer Tourisme\" \/>\n<meta property=\"article:publisher\" content=\"https:\/\/www.facebook.com\/lacroixvalmertourisme\/\" \/>\n<meta property=\"article:modified_time\" content=\"2026-04-28T10:26:43+00:00\" \/>\n<meta name=\"twitter:card\" content=\"summary_large_image\" \/>\n<meta name=\"twitter:site\" content=\"@La_Croix_Valmer\" \/>\n<meta name=\"twitter:label1\" content=\"Est. reading time\" \/>\n\t<meta name=\"twitter:data1\" content=\"6 minutes\" \/>\n<!-- \/ Yoast SEO plugin. -->","yoast_head_json":{"title":"Legal information - La Croix-Valmer Tourisme","robots":{"index":"index","follow":"follow","max-snippet":"max-snippet:-1","max-image-preview":"max-image-preview:large","max-video-preview":"max-video-preview:-1"},"canonical":"https:\/\/www.lacroixvalmertourisme.com\/en\/legal-information","og_locale":"en_US","og_type":"article","og_title":"Legal information - La Croix-Valmer Tourisme","og_description":"www.lacroixvalmertourisme.com is the official website for the Tourist Office of La Croix Valmer Presentation In application of article 6 of law n\u00b02004-575 form June 21st 2004 concerning digital economy, www.lacroixvalmertourisme.com&#8217;s internet user is informed of the publishing details and contributors : Editor : Office de Tourisme &#8211; Mairie de La Croix Valmer \u2013 T\u00e9l. :...","og_url":"https:\/\/www.lacroixvalmertourisme.com\/en\/legal-information","og_site_name":"La Croix-Valmer Tourisme","article_publisher":"https:\/\/www.facebook.com\/lacroixvalmertourisme\/","article_modified_time":"2026-04-28T10:26:43+00:00","twitter_card":"summary_large_image","twitter_site":"@La_Croix_Valmer","twitter_misc":{"Est. reading time":"6 minutes"},"schema":{"@context":"https:\/\/schema.org","@graph":[{"@type":"WebPage","@id":"https:\/\/www.lacroixvalmertourisme.com\/en\/legal-information","url":"https:\/\/www.lacroixvalmertourisme.com\/en\/legal-information","name":"Legal information - La Croix-Valmer Tourisme","isPartOf":{"@id":"https:\/\/www.lacroixvalmertourisme.com\/en#website"},"datePublished":"2021-07-05T09:29:46+00:00","dateModified":"2026-04-28T10:26:43+00:00","breadcrumb":{"@id":"https:\/\/www.lacroixvalmertourisme.com\/en\/legal-information#breadcrumb"},"inLanguage":"en-US","potentialAction":[{"@type":"ReadAction","target":["https:\/\/www.lacroixvalmertourisme.com\/en\/legal-information"]}]},{"@type":"BreadcrumbList","@id":"https:\/\/www.lacroixvalmertourisme.com\/en\/legal-information#breadcrumb","itemListElement":[{"@type":"ListItem","position":1,"name":"Accueil","item":"https:\/\/www.lacroixvalmertourisme.com\/en"},{"@type":"ListItem","position":2,"name":"Legal information"}]},{"@type":"WebSite","@id":"https:\/\/www.lacroixvalmertourisme.com\/en#website","url":"https:\/\/www.lacroixvalmertourisme.com\/en","name":"La Croix-Valmer Tourisme","description":"Toutes les informations touristiques pour organiser votre prochain s\u00e9jour \u00e0 La Croix Valmer dans le Golfe de Saint-Tropez","publisher":{"@id":"https:\/\/www.lacroixvalmertourisme.com\/en#organization"},"potentialAction":[{"@type":"SearchAction","target":{"@type":"EntryPoint","urlTemplate":"https:\/\/www.lacroixvalmertourisme.com\/en?s={search_term_string}"},"query-input":{"@type":"PropertyValueSpecification","valueRequired":true,"valueName":"search_term_string"}}],"inLanguage":"en-US"},{"@type":"Organization","@id":"https:\/\/www.lacroixvalmertourisme.com\/en#organization","name":"Office de Tourisme de La Croix Valmer","url":"https:\/\/www.lacroixvalmertourisme.com\/en","logo":{"@type":"ImageObject","inLanguage":"en-US","@id":"https:\/\/www.lacroixvalmertourisme.com\/en#\/schema\/logo\/image\/","url":"https:\/\/www.lacroixvalmertourisme.com\/wp-content\/uploads\/2021\/06\/Logo_ot_bleu.png","contentUrl":"https:\/\/www.lacroixvalmertourisme.com\/wp-content\/uploads\/2021\/06\/Logo_ot_bleu.png","width":591,"height":454,"caption":"Office de Tourisme de La Croix Valmer"},"image":{"@id":"https:\/\/www.lacroixvalmertourisme.com\/en#\/schema\/logo\/image\/"},"sameAs":["https:\/\/www.facebook.com\/lacroixvalmertourisme\/","https:\/\/x.com\/La_Croix_Valmer","https:\/\/www.instagram.com\/lacroixvalmer_tourisme\/"]}]}},"publishpress_future_workflow_manual_trigger":{"enabledWorkflows":[]},"_links":{"self":[{"href":"https:\/\/www.lacroixvalmertourisme.com\/en\/wp-json\/wp\/v2\/pages\/5541","targetHints":{"allow":["GET"]}}],"collection":[{"href":"https:\/\/www.lacroixvalmertourisme.com\/en\/wp-json\/wp\/v2\/pages"}],"about":[{"href":"https:\/\/www.lacroixvalmertourisme.com\/en\/wp-json\/wp\/v2\/types\/page"}],"author":[{"embeddable":true,"href":"https:\/\/www.lacroixvalmertourisme.com\/en\/wp-json\/wp\/v2\/users\/4"}],"replies":[{"embeddable":true,"href":"https:\/\/www.lacroixvalmertourisme.com\/en\/wp-json\/wp\/v2\/comments?post=5541"}],"version-history":[{"count":5,"href":"https:\/\/www.lacroixvalmertourisme.com\/en\/wp-json\/wp\/v2\/pages\/5541\/revisions"}],"predecessor-version":[{"id":24823,"href":"https:\/\/www.lacroixvalmertourisme.com\/en\/wp-json\/wp\/v2\/pages\/5541\/revisions\/24823"}],"wp:attachment":[{"href":"https:\/\/www.lacroixvalmertourisme.com\/en\/wp-json\/wp\/v2\/media?parent=5541"}],"curies":[{"name":"wp","href":"https:\/\/api.w.org\/{rel}","templated":true}]}}