{"id":4685,"date":"2021-06-29T11:06:30","date_gmt":"2021-06-29T09:06:30","guid":{"rendered":"https:\/\/www.lacroixvalmertourisme.com\/accommodation-classification"},"modified":"2026-04-29T14:20:52","modified_gmt":"2026-04-29T12:20:52","slug":"accommodation-classification","status":"publish","type":"page","link":"https:\/\/www.lacroixvalmertourisme.com\/en\/accommodation-classification","title":{"rendered":"Accommodation classification"},"content":{"rendered":"\n<h2 class=\"wp-block-heading has-text-align-center has-secondary-50-color has-text-color has-script-font-family has-5-xl-font-size\">Why should you classify your holiday home ?<\/h2>\n\n<p class=\"has-text-align-center has-secondary-50-color has-text-color wp-block-paragraph\">Thanks to the classification process, you will be able become a partner of the Tourist Office. This will give you the opportunity to appear in our brochures, on our website and social media accounts.<\/p>\n\n<figure class=\"wp-block-image aligncenter size-full is-resized is-style-rounded is-style-rounded--1\"><a href=\"https:\/\/drive.google.com\/file\/d\/1lFCR16WikWHR3dPrZAg37UhMQ7FOOnAy\/view?usp=drive_link\" target=\"_blank\" rel=\"noreferrer noopener\"><img loading=\"lazy\" decoding=\"async\" width=\"640\" height=\"895\" sizes=\"auto, (max-width: 640px) 100vw, 640px\" src=\"https:\/\/www.lacroixvalmertourisme.com\/wp-content\/uploads\/2025\/03\/classt-fr-2025.jpg\" alt=\"\" class=\"wp-image-21122\" style=\"width:389px;height:auto\" srcset=\"https:\/\/www.lacroixvalmertourisme.com\/wp-content\/uploads\/2025\/03\/classt-fr-2025.jpg 640w, https:\/\/www.lacroixvalmertourisme.com\/wp-content\/uploads\/2025\/03\/classt-fr-2025-215x300.jpg 215w, https:\/\/www.lacroixvalmertourisme.com\/wp-content\/uploads\/2025\/03\/classt-fr-2025-107x150.jpg 107w\" \/><\/a><\/figure>\n\n<div style=\"height:61px\" aria-hidden=\"true\" class=\"wp-block-spacer\"><\/div>\n\n<h2 class=\"wp-block-heading has-text-align-center has-secondary-50-color has-text-color has-script-font-family has-5-xl-font-size\">How to classify your holiday home in 3 steps ?<\/h2>\n\n<div class=\"wp-block-columns has-secondary-50-color has-text-color is-layout-flex wp-container-core-columns-is-layout-0defc3be wp-block-columns-is-layout-flex\">\n<div class=\"wp-block-column is-layout-flow wp-block-column-is-layout-flow\">\n<h3 class=\"wp-block-heading has-text-align-center\">1<\/h3>\n\n\n\n<p class=\"has-text-align-center has-red-default-color has-text-color wp-block-paragraph\"><\/p>\n\n\n\n<p class=\"has-text-align-center wp-block-paragraph\"><strong><a href=\"https:\/\/docs.google.com\/forms\/d\/e\/1FAIpQLSeuCKg6jjJVxK7leB6y7dbIODJ5IrNzoqJlbz2nuBRBhqpawA\/viewform?usp=sharing&amp;ouid=115663587590888671076\" target=\"_blank\" rel=\"noopener\">Fill in the form here<\/a><\/strong><\/p>\n<\/div>\n\n\n\n<div class=\"wp-block-column is-layout-flow wp-block-column-is-layout-flow\">\n<h3 class=\"wp-block-heading has-text-align-center\">2<\/h3>\n\n\n\n<p class=\"wp-block-paragraph\"><\/p>\n\n\n\n<p class=\"has-text-align-center wp-block-paragraph\">Once we have received your application, we will contact you to organise an appointment to carry out the classification.<\/p>\n<\/div>\n\n\n\n<div class=\"wp-block-column is-layout-flow wp-block-column-is-layout-flow\">\n<h3 class=\"wp-block-heading has-text-align-center\">3<\/h3>\n\n\n\n<p class=\"wp-block-paragraph\"><\/p>\n\n\n\n<p class=\"has-text-align-center wp-block-paragraph\">Once your file has been treated,<br \/>you will obtain a classification which is valid for 5 years.<\/p>\n<\/div>\n<\/div>\n\n<div style=\"height:101px\" aria-hidden=\"true\" class=\"wp-block-spacer\"><\/div>\n\n<div class=\"wp-block-columns alignwide is-layout-flex wp-container-core-columns-is-layout-0defc3be wp-block-columns-is-layout-flex\">\n<div class=\"wp-block-column is-layout-flow wp-block-column-is-layout-flow\">\n<figure class=\"wp-block-image alignright size-large is-resized is-style-rounded is-style-rounded--2\"><img loading=\"lazy\" decoding=\"async\" width=\"724\" height=\"1024\" sizes=\"auto, (max-width: 724px) 100vw, 724px\" src=\"https:\/\/www.lacroixvalmertourisme.com\/wp-content\/uploads\/2025\/07\/pre-requis-classement-724x1024.jpg\" alt=\"Affiche pour les meubl\u00e9s de tourisme de La Croix Valmer, le fond est jaune avec des traits bleu tr\u00e8s fins. Les \u00e9critures sont dans des encadrement blancs avec une l\u00e9g\u00e8re transparence.\" class=\"wp-image-23962\" style=\"width:250px\" srcset=\"https:\/\/www.lacroixvalmertourisme.com\/wp-content\/uploads\/2025\/07\/pre-requis-classement-724x1024.jpg 724w, https:\/\/www.lacroixvalmertourisme.com\/wp-content\/uploads\/2025\/07\/pre-requis-classement-212x300.jpg 212w, https:\/\/www.lacroixvalmertourisme.com\/wp-content\/uploads\/2025\/07\/pre-requis-classement-768x1086.jpg 768w, https:\/\/www.lacroixvalmertourisme.com\/wp-content\/uploads\/2025\/07\/pre-requis-classement-1086x1536.jpg 1086w, https:\/\/www.lacroixvalmertourisme.com\/wp-content\/uploads\/2025\/07\/pre-requis-classement-106x150.jpg 106w, https:\/\/www.lacroixvalmertourisme.com\/wp-content\/uploads\/2025\/07\/pre-requis-classement.jpg 1414w\" \/><\/figure>\n<\/div>\n\n\n\n<div class=\"wp-block-column is-vertically-aligned-center is-layout-flow wp-block-column-is-layout-flow\">\n<p class=\"has-text-align-left wp-block-paragraph\">NB : In order to make the best of the classification visit,\u00a0 <strong><a href=\"https:\/\/drive.google.com\/file\/d\/1w1-sfCQUanj72uIBMZBZXKJcR7xUIegy\/view?usp=drive_link\" target=\"_blank\" rel=\"noopener\">have a look at the requirements here<\/a><\/strong><\/p>\n<\/div>\n<\/div>\n\n<div style=\"height:101px\" aria-hidden=\"true\" class=\"wp-block-spacer\"><\/div>\n\n<h2 class=\"wp-block-heading has-text-align-center has-secondary-50-color has-text-color has-script-font-family has-5-xl-font-size\">Find all the pratical information here :<\/h2>\n\n<div class=\"wp-block-columns has-secondary-50-color has-text-color is-layout-flex wp-container-core-columns-is-layout-0defc3be wp-block-columns-is-layout-flex\">\n<div class=\"wp-block-column is-layout-flow wp-block-column-is-layout-flow\">\n<figure class=\"wp-block-image aligncenter size-full is-style-rounded is-style-rounded--3\"><a href=\"https:\/\/drive.google.com\/file\/d\/1lFCR16WikWHR3dPrZAg37UhMQ7FOOnAy\/view?usp=drive_link\" target=\"_blank\" rel=\"noreferrer noopener\"><img loading=\"lazy\" decoding=\"async\" width=\"640\" height=\"895\" sizes=\"auto, (max-width: 640px) 100vw, 640px\" src=\"https:\/\/www.lacroixvalmertourisme.com\/wp-content\/uploads\/2025\/03\/classt-fr-2025.jpg\" alt=\"\" class=\"wp-image-21122\" srcset=\"https:\/\/www.lacroixvalmertourisme.com\/wp-content\/uploads\/2025\/03\/classt-fr-2025.jpg 640w, https:\/\/www.lacroixvalmertourisme.com\/wp-content\/uploads\/2025\/03\/classt-fr-2025-215x300.jpg 215w, https:\/\/www.lacroixvalmertourisme.com\/wp-content\/uploads\/2025\/03\/classt-fr-2025-107x150.jpg 107w\" \/><\/a><figcaption class=\"wp-element-caption\"><strong>benefits, process, fares&#8230;<\/strong><\/figcaption><\/figure>\n<\/div>\n\n\n\n<div class=\"wp-block-column is-layout-flow wp-block-column-is-layout-flow\">\n<figure class=\"wp-block-image aligncenter size-full is-style-rounded is-style-rounded--4\"><a href=\"https:\/\/drive.google.com\/file\/d\/1qKTNjnnNq7OZLbrU0u8uRgS0oJlwury8\/view?usp=share_link\" target=\"_blank\" rel=\"noopener\"><img loading=\"lazy\" decoding=\"async\" width=\"635\" height=\"867\" sizes=\"auto, (max-width: 635px) 100vw, 635px\" src=\"https:\/\/www.lacroixvalmertourisme.com\/wp-content\/uploads\/2025\/03\/cgv-classt-fr-2025.jpg\" alt=\"\" class=\"wp-image-21125\" srcset=\"https:\/\/www.lacroixvalmertourisme.com\/wp-content\/uploads\/2025\/03\/cgv-classt-fr-2025.jpg 635w, https:\/\/www.lacroixvalmertourisme.com\/wp-content\/uploads\/2025\/03\/cgv-classt-fr-2025-220x300.jpg 220w, https:\/\/www.lacroixvalmertourisme.com\/wp-content\/uploads\/2025\/03\/cgv-classt-fr-2025-110x150.jpg 110w\" \/><\/a><figcaption class=\"wp-element-caption\"><strong>general terms and conditions<\/strong><\/figcaption><\/figure>\n<\/div>\n\n\n\n<div class=\"wp-block-column is-vertically-aligned-center is-layout-flow wp-block-column-is-layout-flow\">\n<figure class=\"wp-block-image aligncenter size-large is-style-rounded is-style-rounded--5\"><a href=\"https:\/\/drive.google.com\/file\/d\/1TvB-n7lwZkgXXqjlH31rbYnaxKxPdpMh\/view?usp=sharing\" target=\"_blank\" rel=\"noopener\"><img loading=\"lazy\" decoding=\"async\" width=\"1024\" height=\"720\" sizes=\"auto, (max-width: 1024px) 100vw, 1024px\" src=\"https:\/\/www.lacroixvalmertourisme.com\/wp-content\/uploads\/2021\/06\/grille-de-classement-1024x720.jpg\" alt=\"classement meubl\u00e9 de tourisme gratuit la croix valmer\" class=\"wp-image-4112\" srcset=\"https:\/\/www.lacroixvalmertourisme.com\/wp-content\/uploads\/2021\/06\/grille-de-classement-1024x720.jpg 1024w, https:\/\/www.lacroixvalmertourisme.com\/wp-content\/uploads\/2021\/06\/grille-de-classement-300x211.jpg 300w, https:\/\/www.lacroixvalmertourisme.com\/wp-content\/uploads\/2021\/06\/grille-de-classement-768x540.jpg 768w, https:\/\/www.lacroixvalmertourisme.com\/wp-content\/uploads\/2021\/06\/grille-de-classement-213x150.jpg 213w, https:\/\/www.lacroixvalmertourisme.com\/wp-content\/uploads\/2021\/06\/grille-de-classement.jpg 1286w\" \/><\/a><figcaption class=\"wp-element-caption\"><strong>classification grid<\/strong><\/figcaption><\/figure>\n<\/div>\n\n\n\n<div class=\"wp-block-column is-layout-flow wp-block-column-is-layout-flow\">\n<figure class=\"wp-block-image aligncenter size-full is-style-rounded is-style-rounded--6\"><a href=\"https:\/\/drive.google.com\/file\/d\/1tYv_dmszec3z2K0N6_yp9qdjevbxfQNx\/view?usp=share_link\" target=\"_blank\" rel=\"noopener\"><img loading=\"lazy\" decoding=\"async\" width=\"635\" height=\"892\" sizes=\"auto, (max-width: 635px) 100vw, 635px\" src=\"https:\/\/www.lacroixvalmertourisme.com\/wp-content\/uploads\/2025\/03\/reclamation-classt-fr-2025.jpg\" alt=\"\" class=\"wp-image-21128\" srcset=\"https:\/\/www.lacroixvalmertourisme.com\/wp-content\/uploads\/2025\/03\/reclamation-classt-fr-2025.jpg 635w, https:\/\/www.lacroixvalmertourisme.com\/wp-content\/uploads\/2025\/03\/reclamation-classt-fr-2025-214x300.jpg 214w, https:\/\/www.lacroixvalmertourisme.com\/wp-content\/uploads\/2025\/03\/reclamation-classt-fr-2025-107x150.jpg 107w\" \/><\/a><figcaption class=\"wp-element-caption\"><strong>complaint form<\/strong><\/figcaption><\/figure>\n<\/div>\n<\/div>\n\n<div class=\"wp-block-buttons alignwide is-horizontal is-content-justification-center is-layout-flex wp-container-core-buttons-is-layout-8ed12a5f wp-block-buttons-is-layout-flex\">\n<div class=\"wp-block-button has-custom-width wp-block-button__width-50 is-style-fill\"><a class=\"wp-block-button__link has-slate-700-background-color has-background wp-element-button\">classement@lacroixvalmer.fr<\/a><\/div>\n<\/div>\n\n<div style=\"height:50px\" aria-hidden=\"true\" class=\"wp-block-spacer\"><\/div>\n\n<h2 class=\"wp-block-heading alignwide has-text-align-center has-secondary-50-color has-text-color has-script-font-family has-5-xl-font-size\">Reminder : all your online procedures<\/h2>\n\n<div class=\"wp-block-columns alignwide is-layout-flex wp-container-core-columns-is-layout-0defc3be wp-block-columns-is-layout-flex\">\n<div class=\"wp-block-column is-layout-flow wp-block-column-is-layout-flow\">\n<div class=\"wp-block-buttons is-content-justification-center is-layout-flex wp-container-core-buttons-is-layout-9b3e53d3 wp-block-buttons-is-layout-flex\">\n<div class=\"wp-block-button is-style-fill\"><a class=\"wp-block-button__link has-slate-700-background-color has-background wp-element-button\" href=\"https:\/\/www.declaloc.fr\/?tid=37\" target=\"_blank\" rel=\"noreferrer noopener\">I declare my activity and obtain my registration number<\/a><\/div>\n<\/div>\n<\/div>\n\n\n\n<div class=\"wp-block-column is-layout-flow wp-block-column-is-layout-flow\">\n<div class=\"wp-block-buttons is-content-justification-center is-layout-flex wp-container-core-buttons-is-layout-9b3e53d3 wp-block-buttons-is-layout-flex\">\n<div class=\"wp-block-button\"><a class=\"wp-block-button__link has-slate-700-background-color has-background wp-element-button\" href=\"https:\/\/lacroixvalmer.taxesejour.fr\/\" target=\"_blank\" rel=\"noreferrer noopener\">I declare and pay the tourist tax<\/a><\/div>\n<\/div>\n<\/div>\n\n\n\n<div class=\"wp-block-column is-layout-flow wp-block-column-is-layout-flow\">\n<div class=\"wp-block-buttons is-content-justification-center is-layout-flex wp-container-core-buttons-is-layout-9b3e53d3 wp-block-buttons-is-layout-flex\">\n<div class=\"wp-block-button\"><a class=\"wp-block-button__link has-slate-700-background-color has-background wp-element-button\" href=\"https:\/\/www.lacroixvalmertourisme.com\/en\/partnership\" target=\"_blank\" rel=\"noreferrer noopener\">For increased visibility, become a partner<\/a><\/div>\n<\/div>\n<\/div>\n<\/div>\n\n<div style=\"height:50px\" aria-hidden=\"true\" class=\"wp-block-spacer\"><\/div>\n","protected":false},"excerpt":{"rendered":"<p>Why should you classify your holiday home ? Thanks to the classification process, you will be able become a partner of the Tourist Office. This will give you the opportunity to appear in our brochures, on our website and social media accounts. How to classify your holiday home in 3 steps ? 1 Fill in&#8230;<\/p>\n","protected":false},"author":4,"featured_media":16104,"parent":0,"menu_order":260,"comment_status":"closed","ping_status":"closed","template":"page-plage.blade.php","meta":{"_acf_changed":false,"_crdt_document":"","footnotes":""},"class_list":["post-4685","page","type-page","status-publish","has-post-thumbnail","hentry"],"acf":{"video_mp4":false,"poster_image":false,"nugget":false,"page-virtuelle":false,"video_webm":false,"pagepage-updown":false,"introduction":"Qualify your accommodation... or how to differentiate yourself from the competition and offer a guarantee of quality to your customers","autoplay":false,"delay":"","slogan":"","pagepage-etendus":"compact","title_alignement":"","mots-cles":"classement meubl\u00e9s de tourisme taxe de s\u00e9jour h\u00e9bergement qualit\u00e9 location qualification chambre h\u00f4te\r\n"},"yoast_head":"<!-- This site is optimized with the Yoast SEO plugin v27.5 - https:\/\/yoast.com\/product\/yoast-seo-wordpress\/ -->\n<title>Accommodation classification - La Croix-Valmer Tourisme<\/title>\n<meta name=\"robots\" content=\"index, follow, max-snippet:-1, max-image-preview:large, max-video-preview:-1\" \/>\n<link rel=\"canonical\" href=\"https:\/\/www.lacroixvalmertourisme.com\/en\/accommodation-classification\" \/>\n<meta property=\"og:locale\" content=\"en_US\" \/>\n<meta property=\"og:type\" content=\"article\" \/>\n<meta property=\"og:title\" content=\"Accommodation classification - La Croix-Valmer Tourisme\" \/>\n<meta property=\"og:description\" content=\"Why should you classify your holiday home ? Thanks to the classification process, you will be able become a partner of the Tourist Office. This will give you the opportunity to appear in our brochures, on our website and social media accounts. How to classify your holiday home in 3 steps ? 1 Fill in...\" \/>\n<meta property=\"og:url\" content=\"https:\/\/www.lacroixvalmertourisme.com\/en\/accommodation-classification\" \/>\n<meta property=\"og:site_name\" content=\"La Croix-Valmer Tourisme\" \/>\n<meta property=\"article:publisher\" content=\"https:\/\/www.facebook.com\/lacroixvalmertourisme\/\" \/>\n<meta property=\"article:modified_time\" content=\"2026-04-29T12:20:52+00:00\" \/>\n<meta property=\"og:image\" content=\"https:\/\/www.lacroixvalmertourisme.com\/wp-content\/uploads\/2024\/06\/classement-052024-\u00a9-lacroixvalmertourisme-6.jpeg\" \/>\n\t<meta property=\"og:image:width\" content=\"2000\" \/>\n\t<meta property=\"og:image:height\" content=\"1500\" \/>\n\t<meta property=\"og:image:type\" content=\"image\/jpeg\" \/>\n<meta name=\"twitter:card\" content=\"summary_large_image\" \/>\n<meta name=\"twitter:site\" content=\"@La_Croix_Valmer\" \/>\n<meta name=\"twitter:label1\" content=\"Est. reading time\" \/>\n\t<meta name=\"twitter:data1\" content=\"1 minute\" \/>\n<!-- \/ Yoast SEO plugin. -->","yoast_head_json":{"title":"Accommodation classification - La Croix-Valmer Tourisme","robots":{"index":"index","follow":"follow","max-snippet":"max-snippet:-1","max-image-preview":"max-image-preview:large","max-video-preview":"max-video-preview:-1"},"canonical":"https:\/\/www.lacroixvalmertourisme.com\/en\/accommodation-classification","og_locale":"en_US","og_type":"article","og_title":"Accommodation classification - La Croix-Valmer Tourisme","og_description":"Why should you classify your holiday home ? Thanks to the classification process, you will be able become a partner of the Tourist Office. This will give you the opportunity to appear in our brochures, on our website and social media accounts. How to classify your holiday home in 3 steps ? 1 Fill in...","og_url":"https:\/\/www.lacroixvalmertourisme.com\/en\/accommodation-classification","og_site_name":"La Croix-Valmer Tourisme","article_publisher":"https:\/\/www.facebook.com\/lacroixvalmertourisme\/","article_modified_time":"2026-04-29T12:20:52+00:00","og_image":[{"width":2000,"height":1500,"url":"https:\/\/www.lacroixvalmertourisme.com\/wp-content\/uploads\/2024\/06\/classement-052024-\u00a9-lacroixvalmertourisme-6.jpeg","type":"image\/jpeg"}],"twitter_card":"summary_large_image","twitter_site":"@La_Croix_Valmer","twitter_misc":{"Est. reading time":"1 minute"},"schema":{"@context":"https:\/\/schema.org","@graph":[{"@type":"WebPage","@id":"https:\/\/www.lacroixvalmertourisme.com\/en\/accommodation-classification","url":"https:\/\/www.lacroixvalmertourisme.com\/en\/accommodation-classification","name":"Accommodation classification - La Croix-Valmer Tourisme","isPartOf":{"@id":"https:\/\/www.lacroixvalmertourisme.com\/en#website"},"primaryImageOfPage":{"@id":"https:\/\/www.lacroixvalmertourisme.com\/en\/accommodation-classification#primaryimage"},"image":{"@id":"https:\/\/www.lacroixvalmertourisme.com\/en\/accommodation-classification#primaryimage"},"thumbnailUrl":"https:\/\/www.lacroixvalmertourisme.com\/wp-content\/uploads\/2024\/06\/classement-052024-\u00a9-lacroixvalmertourisme-6.jpeg","datePublished":"2021-06-29T09:06:30+00:00","dateModified":"2026-04-29T12:20:52+00:00","breadcrumb":{"@id":"https:\/\/www.lacroixvalmertourisme.com\/en\/accommodation-classification#breadcrumb"},"inLanguage":"en-US","potentialAction":[{"@type":"ReadAction","target":["https:\/\/www.lacroixvalmertourisme.com\/en\/accommodation-classification"]}]},{"@type":"ImageObject","inLanguage":"en-US","@id":"https:\/\/www.lacroixvalmertourisme.com\/en\/accommodation-classification#primaryimage","url":"https:\/\/www.lacroixvalmertourisme.com\/wp-content\/uploads\/2024\/06\/classement-052024-\u00a9-lacroixvalmertourisme-6.jpeg","contentUrl":"https:\/\/www.lacroixvalmertourisme.com\/wp-content\/uploads\/2024\/06\/classement-052024-\u00a9-lacroixvalmertourisme-6.jpeg","width":2000,"height":1500},{"@type":"BreadcrumbList","@id":"https:\/\/www.lacroixvalmertourisme.com\/en\/accommodation-classification#breadcrumb","itemListElement":[{"@type":"ListItem","position":1,"name":"Accueil","item":"https:\/\/www.lacroixvalmertourisme.com\/en"},{"@type":"ListItem","position":2,"name":"Accommodation classification"}]},{"@type":"WebSite","@id":"https:\/\/www.lacroixvalmertourisme.com\/en#website","url":"https:\/\/www.lacroixvalmertourisme.com\/en","name":"La Croix-Valmer Tourisme","description":"Toutes les informations touristiques pour organiser votre prochain s\u00e9jour \u00e0 La Croix Valmer dans le Golfe de Saint-Tropez","publisher":{"@id":"https:\/\/www.lacroixvalmertourisme.com\/en#organization"},"potentialAction":[{"@type":"SearchAction","target":{"@type":"EntryPoint","urlTemplate":"https:\/\/www.lacroixvalmertourisme.com\/en?s={search_term_string}"},"query-input":{"@type":"PropertyValueSpecification","valueRequired":true,"valueName":"search_term_string"}}],"inLanguage":"en-US"},{"@type":"Organization","@id":"https:\/\/www.lacroixvalmertourisme.com\/en#organization","name":"Office de Tourisme de La Croix Valmer","url":"https:\/\/www.lacroixvalmertourisme.com\/en","logo":{"@type":"ImageObject","inLanguage":"en-US","@id":"https:\/\/www.lacroixvalmertourisme.com\/en#\/schema\/logo\/image\/","url":"https:\/\/www.lacroixvalmertourisme.com\/wp-content\/uploads\/2021\/06\/Logo_ot_bleu.png","contentUrl":"https:\/\/www.lacroixvalmertourisme.com\/wp-content\/uploads\/2021\/06\/Logo_ot_bleu.png","width":591,"height":454,"caption":"Office de Tourisme de La Croix Valmer"},"image":{"@id":"https:\/\/www.lacroixvalmertourisme.com\/en#\/schema\/logo\/image\/"},"sameAs":["https:\/\/www.facebook.com\/lacroixvalmertourisme\/","https:\/\/x.com\/La_Croix_Valmer","https:\/\/www.instagram.com\/lacroixvalmer_tourisme\/"]}]}},"publishpress_future_workflow_manual_trigger":{"enabledWorkflows":[]},"_links":{"self":[{"href":"https:\/\/www.lacroixvalmertourisme.com\/en\/wp-json\/wp\/v2\/pages\/4685","targetHints":{"allow":["GET"]}}],"collection":[{"href":"https:\/\/www.lacroixvalmertourisme.com\/en\/wp-json\/wp\/v2\/pages"}],"about":[{"href":"https:\/\/www.lacroixvalmertourisme.com\/en\/wp-json\/wp\/v2\/types\/page"}],"author":[{"embeddable":true,"href":"https:\/\/www.lacroixvalmertourisme.com\/en\/wp-json\/wp\/v2\/users\/4"}],"replies":[{"embeddable":true,"href":"https:\/\/www.lacroixvalmertourisme.com\/en\/wp-json\/wp\/v2\/comments?post=4685"}],"version-history":[{"count":14,"href":"https:\/\/www.lacroixvalmertourisme.com\/en\/wp-json\/wp\/v2\/pages\/4685\/revisions"}],"predecessor-version":[{"id":26335,"href":"https:\/\/www.lacroixvalmertourisme.com\/en\/wp-json\/wp\/v2\/pages\/4685\/revisions\/26335"}],"wp:featuredmedia":[{"embeddable":true,"href":"https:\/\/www.lacroixvalmertourisme.com\/en\/wp-json\/wp\/v2\/media\/16104"}],"wp:attachment":[{"href":"https:\/\/www.lacroixvalmertourisme.com\/en\/wp-json\/wp\/v2\/media?parent=4685"}],"curies":[{"name":"wp","href":"https:\/\/api.w.org\/{rel}","templated":true}]}}