{"id":4671,"date":"2021-06-29T10:46:13","date_gmt":"2021-06-29T08:46:13","guid":{"rendered":"https:\/\/www.lacroixvalmertourisme.com\/living-staying"},"modified":"2026-05-01T18:28:43","modified_gmt":"2026-05-01T16:28:43","slug":"living-staying","status":"publish","type":"page","link":"https:\/\/www.lacroixvalmertourisme.com\/en\/living-staying","title":{"rendered":"Living &amp; Staying"},"content":{"rendered":"\n<div class=\"wp-block-group alignwide is-layout-constrained wp-block-group-is-layout-constrained\">\n<figure class=\"wp-block-pullquote alignwide has-secondary-50-color has-text-color has-script-font-family has-5-xl-font-size\" style=\"border-style:none;border-width:0px\"><blockquote><p>Follow your dreams, they know the way.<\/p><cite>Kobi Yamada<\/cite><\/blockquote><\/figure>\n\n\n\n<p class=\"has-secondary-50-color has-text-color wp-block-paragraph\">La Croix Valmer will be your next holiday destination, it\u2019s decided! Find in this section all the information, essential and practical, for the organization of your stay.<br \/><\/p>\n\n\n\n<p class=\"has-secondary-50-color has-text-color wp-block-paragraph\"><a href=\"https:\/\/www.lacroixvalmertourisme.com\/en\/living-staying\/accommodation\" target=\"_blank\" rel=\"noopener\"><em><strong>ACCOMMODATION<\/strong><\/em><\/a>: tourist furnished rentals, real estate agencies, hotels, campsites, residences\/holiday villages, concierges, guest houses, tourist tax&#8230;<\/p>\n\n\n\n<p class=\"has-secondary-50-color has-text-color wp-block-paragraph\"><a href=\"https:\/\/www.lacroixvalmertourisme.com\/en\/living-staying\/shops-services\" target=\"_blank\" rel=\"noopener\"><em><strong>PRACTICAL<\/strong><\/em><\/a>: artisans, shops, services, useful\/emergency numbers, medical\/paramedical services, fashion, accessories, public services&#8230;<\/p>\n\n\n\n<div class=\"wp-block-columns alignwide is-layout-flex wp-container-core-columns-is-layout-0defc3be wp-block-columns-is-layout-flex\">\n<div class=\"wp-block-column is-layout-flow wp-block-column-is-layout-flow\">\n<div class=\"wp-block-cover has-custom-content-position is-position-bottom-left\" style=\"padding-top:var(--wp--preset--spacing--50);padding-right:var(--wp--preset--spacing--50);padding-bottom:var(--wp--preset--spacing--50);padding-left:var(--wp--preset--spacing--50)\"><img loading=\"lazy\" decoding=\"async\" width=\"1707\" height=\"2560\" sizes=\"auto, (max-width: 1707px) 100vw, 1707px\" class=\"wp-block-cover__image-background wp-image-19382\" alt=\"\" src=\"https:\/\/www.lacroixvalmertourisme.com\/wp-content\/uploads\/2025\/01\/dom-louise-\u00a9-Nouvel-scaled.jpg\" data-object-fit=\"cover\" srcset=\"https:\/\/www.lacroixvalmertourisme.com\/wp-content\/uploads\/2025\/01\/dom-louise-\u00a9-Nouvel-scaled.jpg 1707w, https:\/\/www.lacroixvalmertourisme.com\/wp-content\/uploads\/2025\/01\/dom-louise-\u00a9-Nouvel-200x300.jpg 200w, https:\/\/www.lacroixvalmertourisme.com\/wp-content\/uploads\/2025\/01\/dom-louise-\u00a9-Nouvel-683x1024.jpg 683w, https:\/\/www.lacroixvalmertourisme.com\/wp-content\/uploads\/2025\/01\/dom-louise-\u00a9-Nouvel-768x1152.jpg 768w, https:\/\/www.lacroixvalmertourisme.com\/wp-content\/uploads\/2025\/01\/dom-louise-\u00a9-Nouvel-1024x1536.jpg 1024w, https:\/\/www.lacroixvalmertourisme.com\/wp-content\/uploads\/2025\/01\/dom-louise-\u00a9-Nouvel-1365x2048.jpg 1365w, https:\/\/www.lacroixvalmertourisme.com\/wp-content\/uploads\/2025\/01\/dom-louise-\u00a9-Nouvel-100x150.jpg 100w\" \/><span aria-hidden=\"true\" class=\"wp-block-cover__background has-background-dim-60 has-background-dim wp-block-cover__gradient-background has-background-gradient has-bg-gradient-to-black-bottom-gradient-background\"><\/span><div class=\"wp-block-cover__inner-container is-layout-constrained wp-container-core-cover-is-layout-953aee64 wp-block-cover-is-layout-constrained\">\n<p class=\"has-text-align-left has-white-color has-text-color has-link-color wp-elements-26030ccdfc2db0e6ba4a43a3a82f4b3a wp-block-paragraph\" style=\"margin-bottom:0px;font-size:24px;font-style:normal;font-weight:500;line-height:1.2\">Accommodation<\/p>\n\n\n<a href=\"https:\/\/www.lacroixvalmertourisme.com\/en\/living-staying\/accommodation\" target=\"_blank\"><span aria-hidden=\"true\" class=\"absolute inset-0\"><\/span><span class=\"sr-only\">Accommodation<\/span><\/a><\/div><\/div>\n<\/div>\n\n\n\n<div class=\"wp-block-column is-layout-flow wp-block-column-is-layout-flow\">\n<div class=\"wp-block-cover has-custom-content-position is-position-bottom-left\" style=\"padding-top:var(--wp--preset--spacing--50);padding-right:var(--wp--preset--spacing--50);padding-bottom:var(--wp--preset--spacing--50);padding-left:var(--wp--preset--spacing--50)\"><img loading=\"lazy\" decoding=\"async\" width=\"1920\" height=\"2560\" sizes=\"auto, (max-width: 1920px) 100vw, 1920px\" class=\"wp-block-cover__image-background wp-image-19379\" alt=\"\" src=\"https:\/\/www.lacroixvalmertourisme.com\/wp-content\/uploads\/2025\/01\/Ma-Til-Dit-2023-\u00a9-lacroixvalmertourisme-11-scaled.jpg\" data-object-fit=\"cover\" srcset=\"https:\/\/www.lacroixvalmertourisme.com\/wp-content\/uploads\/2025\/01\/Ma-Til-Dit-2023-\u00a9-lacroixvalmertourisme-11-scaled.jpg 1920w, https:\/\/www.lacroixvalmertourisme.com\/wp-content\/uploads\/2025\/01\/Ma-Til-Dit-2023-\u00a9-lacroixvalmertourisme-11-225x300.jpg 225w, https:\/\/www.lacroixvalmertourisme.com\/wp-content\/uploads\/2025\/01\/Ma-Til-Dit-2023-\u00a9-lacroixvalmertourisme-11-768x1024.jpg 768w, https:\/\/www.lacroixvalmertourisme.com\/wp-content\/uploads\/2025\/01\/Ma-Til-Dit-2023-\u00a9-lacroixvalmertourisme-11-1152x1536.jpg 1152w, https:\/\/www.lacroixvalmertourisme.com\/wp-content\/uploads\/2025\/01\/Ma-Til-Dit-2023-\u00a9-lacroixvalmertourisme-11-1536x2048.jpg 1536w, https:\/\/www.lacroixvalmertourisme.com\/wp-content\/uploads\/2025\/01\/Ma-Til-Dit-2023-\u00a9-lacroixvalmertourisme-11-113x150.jpg 113w\" \/><span aria-hidden=\"true\" class=\"wp-block-cover__background has-background-dim-60 has-background-dim wp-block-cover__gradient-background has-background-gradient has-bg-gradient-to-black-bottom-gradient-background\"><\/span><div class=\"wp-block-cover__inner-container is-layout-constrained wp-container-core-cover-is-layout-953aee64 wp-block-cover-is-layout-constrained\">\n<p class=\"has-text-align-left has-white-color has-text-color has-link-color wp-elements-2920e928bf34e639a2e4a5b7aff3c57d wp-block-paragraph\" style=\"margin-bottom:0px;font-size:24px;font-style:normal;font-weight:500;line-height:1.2\">Shops &amp; services<\/p>\n\n\n<a href=\"https:\/\/www.lacroixvalmertourisme.com\/en\/living-staying\/shops-services\" target=\"_blank\"><span aria-hidden=\"true\" class=\"absolute inset-0\"><\/span><span class=\"sr-only\">Shops &amp; Services<\/span><\/a><\/div><\/div>\n<\/div>\n\n\n\n<div class=\"wp-block-column is-layout-flow wp-block-column-is-layout-flow\">\n<div class=\"wp-block-cover has-custom-content-position is-position-bottom-left\" style=\"padding-top:var(--wp--preset--spacing--50);padding-right:var(--wp--preset--spacing--50);padding-bottom:var(--wp--preset--spacing--50);padding-left:var(--wp--preset--spacing--50)\"><img loading=\"lazy\" decoding=\"async\" width=\"1536\" height=\"2048\" sizes=\"auto, (max-width: 1536px) 100vw, 1536px\" class=\"wp-block-cover__image-background wp-image-19388\" alt=\"\" src=\"https:\/\/www.lacroixvalmertourisme.com\/wp-content\/uploads\/2025\/01\/pinede-plage-06-2024-\u00a9-lacroixvalmertourisme-10.jpeg\" data-object-fit=\"cover\" srcset=\"https:\/\/www.lacroixvalmertourisme.com\/wp-content\/uploads\/2025\/01\/pinede-plage-06-2024-\u00a9-lacroixvalmertourisme-10.jpeg 1536w, https:\/\/www.lacroixvalmertourisme.com\/wp-content\/uploads\/2025\/01\/pinede-plage-06-2024-\u00a9-lacroixvalmertourisme-10-225x300.jpeg 225w, https:\/\/www.lacroixvalmertourisme.com\/wp-content\/uploads\/2025\/01\/pinede-plage-06-2024-\u00a9-lacroixvalmertourisme-10-768x1024.jpeg 768w, https:\/\/www.lacroixvalmertourisme.com\/wp-content\/uploads\/2025\/01\/pinede-plage-06-2024-\u00a9-lacroixvalmertourisme-10-1152x1536.jpeg 1152w, https:\/\/www.lacroixvalmertourisme.com\/wp-content\/uploads\/2025\/01\/pinede-plage-06-2024-\u00a9-lacroixvalmertourisme-10-113x150.jpeg 113w\" \/><span aria-hidden=\"true\" class=\"wp-block-cover__background has-background-dim-60 has-background-dim wp-block-cover__gradient-background has-background-gradient has-bg-gradient-to-black-bottom-gradient-background\"><\/span><div class=\"wp-block-cover__inner-container is-layout-constrained wp-container-core-cover-is-layout-953aee64 wp-block-cover-is-layout-constrained\">\n<p class=\"has-text-align-left has-white-color has-text-color has-link-color wp-elements-92301cd4ec0d190a1c6ce3ee1b6fe711 wp-block-paragraph\" style=\"margin-bottom:0px;font-size:24px;font-style:normal;font-weight:500;line-height:1.2\">Bars &amp; Restaurants<\/p>\n\n\n<a href=\"https:\/\/www.lacroixvalmertourisme.com\/en\/living-staying\/bars-and-restaurants\" target=\"_blank\"><span aria-hidden=\"true\" class=\"absolute inset-0\"><\/span><span class=\"sr-only\">Bars and Restaurants<\/span><\/a><\/div><\/div>\n<\/div>\n\n\n\n<div class=\"wp-block-column is-layout-flow wp-block-column-is-layout-flow\">\n<div class=\"wp-block-cover has-custom-content-position is-position-bottom-left\" style=\"padding-top:var(--wp--preset--spacing--50);padding-right:var(--wp--preset--spacing--50);padding-bottom:var(--wp--preset--spacing--50);padding-left:var(--wp--preset--spacing--50)\"><img loading=\"lazy\" decoding=\"async\" width=\"1024\" height=\"768\" sizes=\"auto, (max-width: 1024px) 100vw, 1024px\" class=\"wp-block-cover__image-background wp-image-9823 size-large\" alt=\"\" src=\"https:\/\/www.lacroixvalmertourisme.com\/wp-content\/uploads\/2022\/10\/marches-1-1024x768.jpg\" data-object-fit=\"cover\" srcset=\"https:\/\/www.lacroixvalmertourisme.com\/wp-content\/uploads\/2022\/10\/marches-1-1024x768.jpg 1024w, https:\/\/www.lacroixvalmertourisme.com\/wp-content\/uploads\/2022\/10\/marches-1-300x225.jpg 300w, https:\/\/www.lacroixvalmertourisme.com\/wp-content\/uploads\/2022\/10\/marches-1-768x576.jpg 768w, https:\/\/www.lacroixvalmertourisme.com\/wp-content\/uploads\/2022\/10\/marches-1-1536x1152.jpg 1536w, https:\/\/www.lacroixvalmertourisme.com\/wp-content\/uploads\/2022\/10\/marches-1-200x150.jpg 200w, https:\/\/www.lacroixvalmertourisme.com\/wp-content\/uploads\/2022\/10\/marches-1.jpg 2000w\" \/><span aria-hidden=\"true\" class=\"wp-block-cover__background has-black-background-color has-background-dim-10 has-background-dim\"><\/span><div class=\"wp-block-cover__inner-container is-layout-constrained wp-container-core-cover-is-layout-953aee64 wp-block-cover-is-layout-constrained\">\n<p class=\"has-text-align-left has-white-color has-text-color has-link-color wp-elements-73afb592ba35b0db2d8cb97abc7e3235 wp-block-paragraph\" style=\"margin-bottom:0px;font-size:24px;font-style:normal;font-weight:500;line-height:1.2\">Local terroir<\/p>\n\n\n<a href=\"https:\/\/www.lacroixvalmertourisme.com\/fr\/decouvrir-et-s-evader\/le-gout-du-terroir\" target=\"_blank\"><span aria-hidden=\"true\" class=\"absolute inset-0\"><\/span><span class=\"sr-only\"><\/span><\/a><\/div><\/div>\n<\/div>\n<\/div>\n<\/div>\n","protected":false},"excerpt":{"rendered":"<p>Follow your dreams, they know the way. Kobi Yamada La Croix Valmer will be your next holiday destination, it\u2019s decided! Find in this section all the information, essential and practical, for the organization of your stay. ACCOMMODATION: tourist furnished rentals, real estate agencies, hotels, campsites, residences\/holiday villages, concierges, guest houses, tourist tax&#8230; PRACTICAL: artisans, shops,&#8230;<\/p>\n","protected":false},"author":4,"featured_media":3354,"parent":0,"menu_order":176,"comment_status":"closed","ping_status":"closed","template":"page-plage.blade.php","meta":{"_acf_changed":false,"_crdt_document":"","footnotes":""},"class_list":["post-4671","page","type-page","status-publish","has-post-thumbnail","hentry"],"acf":{"video_mp4":false,"poster_image":false,"nugget":false,"page-virtuelle":false,"video_webm":false,"autoplay":false,"delay":"","pagepage-updown":true,"title_alignement":"","pagepage-etendus":"none","mots-cles":"h\u00e9bergement location meubl\u00e9 agences immobili\u00e8res hotel camping r\u00e9sidence village vacances la croix valmer saisonni\u00e8re gite chambres hote conciergerie demeure hoteli\u00e8re dormir taxe de s\u00e9jour classement partenariat num\u00e9ro enregistrement appartement studio villa mas vacances s\u00e9jour r\u00e9servation logement artisans commerces services vie info pratique utile alimentation agence m\u00e9dical param\u00e9dical supermarch\u00e9 num\u00e9ro urgence mode accessoire mairie services publics taxi pharmacie\r\n"},"yoast_head":"<!-- This site is optimized with the Yoast SEO plugin v27.5 - https:\/\/yoast.com\/product\/yoast-seo-wordpress\/ -->\n<title>Living &amp; Staying - La Croix-Valmer Tourisme<\/title>\n<meta name=\"robots\" content=\"index, follow, max-snippet:-1, max-image-preview:large, max-video-preview:-1\" \/>\n<link rel=\"canonical\" href=\"https:\/\/www.lacroixvalmertourisme.com\/en\/living-staying\" \/>\n<meta property=\"og:locale\" content=\"en_US\" \/>\n<meta property=\"og:type\" content=\"article\" \/>\n<meta property=\"og:title\" content=\"Living &amp; Staying - La Croix-Valmer Tourisme\" \/>\n<meta property=\"og:description\" content=\"Follow your dreams, they know the way. Kobi Yamada La Croix Valmer will be your next holiday destination, it\u2019s decided! Find in this section all the information, essential and practical, for the organization of your stay. ACCOMMODATION: tourist furnished rentals, real estate agencies, hotels, campsites, residences\/holiday villages, concierges, guest houses, tourist tax&#8230; PRACTICAL: artisans, shops,...\" \/>\n<meta property=\"og:url\" content=\"https:\/\/www.lacroixvalmertourisme.com\/en\/living-staying\" \/>\n<meta property=\"og:site_name\" content=\"La Croix-Valmer Tourisme\" \/>\n<meta property=\"article:publisher\" content=\"https:\/\/www.facebook.com\/lacroixvalmertourisme\/\" \/>\n<meta property=\"article:modified_time\" content=\"2026-05-01T16:28:43+00:00\" \/>\n<meta property=\"og:image\" content=\"https:\/\/www.lacroixvalmertourisme.com\/wp-content\/uploads\/2021\/06\/repas-SITE-OT.png\" \/>\n\t<meta property=\"og:image:width\" content=\"2000\" \/>\n\t<meta property=\"og:image:height\" content=\"1125\" \/>\n\t<meta property=\"og:image:type\" content=\"image\/png\" \/>\n<meta name=\"twitter:card\" content=\"summary_large_image\" \/>\n<meta name=\"twitter:site\" content=\"@La_Croix_Valmer\" \/>\n<!-- \/ Yoast SEO plugin. -->","yoast_head_json":{"title":"Living &amp; Staying - La Croix-Valmer Tourisme","robots":{"index":"index","follow":"follow","max-snippet":"max-snippet:-1","max-image-preview":"max-image-preview:large","max-video-preview":"max-video-preview:-1"},"canonical":"https:\/\/www.lacroixvalmertourisme.com\/en\/living-staying","og_locale":"en_US","og_type":"article","og_title":"Living &amp; Staying - La Croix-Valmer Tourisme","og_description":"Follow your dreams, they know the way. Kobi Yamada La Croix Valmer will be your next holiday destination, it\u2019s decided! Find in this section all the information, essential and practical, for the organization of your stay. ACCOMMODATION: tourist furnished rentals, real estate agencies, hotels, campsites, residences\/holiday villages, concierges, guest houses, tourist tax&#8230; PRACTICAL: artisans, shops,...","og_url":"https:\/\/www.lacroixvalmertourisme.com\/en\/living-staying","og_site_name":"La Croix-Valmer Tourisme","article_publisher":"https:\/\/www.facebook.com\/lacroixvalmertourisme\/","article_modified_time":"2026-05-01T16:28:43+00:00","og_image":[{"width":2000,"height":1125,"url":"https:\/\/www.lacroixvalmertourisme.com\/wp-content\/uploads\/2021\/06\/repas-SITE-OT.png","type":"image\/png"}],"twitter_card":"summary_large_image","twitter_site":"@La_Croix_Valmer","schema":{"@context":"https:\/\/schema.org","@graph":[{"@type":"WebPage","@id":"https:\/\/www.lacroixvalmertourisme.com\/en\/living-staying","url":"https:\/\/www.lacroixvalmertourisme.com\/en\/living-staying","name":"Living &amp; Staying - La Croix-Valmer Tourisme","isPartOf":{"@id":"https:\/\/www.lacroixvalmertourisme.com\/en#website"},"primaryImageOfPage":{"@id":"https:\/\/www.lacroixvalmertourisme.com\/en\/living-staying#primaryimage"},"image":{"@id":"https:\/\/www.lacroixvalmertourisme.com\/en\/living-staying#primaryimage"},"thumbnailUrl":"https:\/\/www.lacroixvalmertourisme.com\/wp-content\/uploads\/2021\/06\/repas-SITE-OT.png","datePublished":"2021-06-29T08:46:13+00:00","dateModified":"2026-05-01T16:28:43+00:00","breadcrumb":{"@id":"https:\/\/www.lacroixvalmertourisme.com\/en\/living-staying#breadcrumb"},"inLanguage":"en-US","potentialAction":[{"@type":"ReadAction","target":["https:\/\/www.lacroixvalmertourisme.com\/en\/living-staying"]}]},{"@type":"ImageObject","inLanguage":"en-US","@id":"https:\/\/www.lacroixvalmertourisme.com\/en\/living-staying#primaryimage","url":"https:\/\/www.lacroixvalmertourisme.com\/wp-content\/uploads\/2021\/06\/repas-SITE-OT.png","contentUrl":"https:\/\/www.lacroixvalmertourisme.com\/wp-content\/uploads\/2021\/06\/repas-SITE-OT.png","width":2000,"height":1125},{"@type":"BreadcrumbList","@id":"https:\/\/www.lacroixvalmertourisme.com\/en\/living-staying#breadcrumb","itemListElement":[{"@type":"ListItem","position":1,"name":"Accueil","item":"https:\/\/www.lacroixvalmertourisme.com\/en"},{"@type":"ListItem","position":2,"name":"Living &amp; Staying"}]},{"@type":"WebSite","@id":"https:\/\/www.lacroixvalmertourisme.com\/en#website","url":"https:\/\/www.lacroixvalmertourisme.com\/en","name":"La Croix-Valmer Tourisme","description":"Toutes les informations touristiques pour organiser votre prochain s\u00e9jour \u00e0 La Croix Valmer dans le Golfe de Saint-Tropez","publisher":{"@id":"https:\/\/www.lacroixvalmertourisme.com\/en#organization"},"potentialAction":[{"@type":"SearchAction","target":{"@type":"EntryPoint","urlTemplate":"https:\/\/www.lacroixvalmertourisme.com\/en?s={search_term_string}"},"query-input":{"@type":"PropertyValueSpecification","valueRequired":true,"valueName":"search_term_string"}}],"inLanguage":"en-US"},{"@type":"Organization","@id":"https:\/\/www.lacroixvalmertourisme.com\/en#organization","name":"Office de Tourisme de La Croix Valmer","url":"https:\/\/www.lacroixvalmertourisme.com\/en","logo":{"@type":"ImageObject","inLanguage":"en-US","@id":"https:\/\/www.lacroixvalmertourisme.com\/en#\/schema\/logo\/image\/","url":"https:\/\/www.lacroixvalmertourisme.com\/wp-content\/uploads\/2021\/06\/Logo_ot_bleu.png","contentUrl":"https:\/\/www.lacroixvalmertourisme.com\/wp-content\/uploads\/2021\/06\/Logo_ot_bleu.png","width":591,"height":454,"caption":"Office de Tourisme de La Croix Valmer"},"image":{"@id":"https:\/\/www.lacroixvalmertourisme.com\/en#\/schema\/logo\/image\/"},"sameAs":["https:\/\/www.facebook.com\/lacroixvalmertourisme\/","https:\/\/x.com\/La_Croix_Valmer","https:\/\/www.instagram.com\/lacroixvalmer_tourisme\/"]}]}},"publishpress_future_workflow_manual_trigger":{"enabledWorkflows":[]},"_links":{"self":[{"href":"https:\/\/www.lacroixvalmertourisme.com\/en\/wp-json\/wp\/v2\/pages\/4671","targetHints":{"allow":["GET"]}}],"collection":[{"href":"https:\/\/www.lacroixvalmertourisme.com\/en\/wp-json\/wp\/v2\/pages"}],"about":[{"href":"https:\/\/www.lacroixvalmertourisme.com\/en\/wp-json\/wp\/v2\/types\/page"}],"author":[{"embeddable":true,"href":"https:\/\/www.lacroixvalmertourisme.com\/en\/wp-json\/wp\/v2\/users\/4"}],"replies":[{"embeddable":true,"href":"https:\/\/www.lacroixvalmertourisme.com\/en\/wp-json\/wp\/v2\/comments?post=4671"}],"version-history":[{"count":8,"href":"https:\/\/www.lacroixvalmertourisme.com\/en\/wp-json\/wp\/v2\/pages\/4671\/revisions"}],"predecessor-version":[{"id":26682,"href":"https:\/\/www.lacroixvalmertourisme.com\/en\/wp-json\/wp\/v2\/pages\/4671\/revisions\/26682"}],"wp:featuredmedia":[{"embeddable":true,"href":"https:\/\/www.lacroixvalmertourisme.com\/en\/wp-json\/wp\/v2\/media\/3354"}],"wp:attachment":[{"href":"https:\/\/www.lacroixvalmertourisme.com\/en\/wp-json\/wp\/v2\/media?parent=4671"}],"curies":[{"name":"wp","href":"https:\/\/api.w.org\/{rel}","templated":true}]}}