{"id":4665,"date":"2021-06-29T10:45:14","date_gmt":"2021-06-29T08:45:14","guid":{"rendered":"https:\/\/www.lacroixvalmertourisme.com\/sporting-events"},"modified":"2026-03-25T16:13:17","modified_gmt":"2026-03-25T15:13:17","slug":"sporting-events","status":"publish","type":"page","link":"https:\/\/www.lacroixvalmertourisme.com\/en\/fun-nightlife-events\/events\/sporting-events","title":{"rendered":"Sporting events"},"content":{"rendered":"\n<div class=\"wp-block-group alignwide is-layout-constrained wp-block-group-is-layout-constrained\">\n<p class=\"wp-block-paragraph\">Whether you are a professional or an amateur, a swimmer or a runner, or whether you are more comfortable on a bike or with poles, La Croix Valmer has something for you! Throughout the year, come and take part in our various events or come and cheer on the athletes. Take advantage of the beautiful landscapes our town has to offer to push your limits! Visit the Tourist Office for more information.<\/p>\n\n\n\n<div style=\"height:50px\" aria-hidden=\"true\" class=\"wp-block-spacer\"><\/div>\n\n\n\n<div class=\"wp-block-columns alignfull has-secondary-50-color has-text-color is-layout-flex wp-container-core-columns-is-layout-0defc3be wp-block-columns-is-layout-flex\">\n<div class=\"wp-block-column is-layout-flow wp-block-column-is-layout-flow\">\n<h2 class=\"wp-block-heading has-text-align-center has-script-font-family has-5-xl-font-size\"><strong>Foul\u00e9e Croisienne<\/strong><\/h2>\n\n\n\n<figure class=\"wp-block-image aligncenter size-large is-resized is-style-rounded is-style-rounded--1\"><a href=\"https:\/\/kms.fr\/v5\/public\/course\/5083\" target=\"_blank\" rel=\" noreferrer noopener\"><img data-dominant-color=\"4b574a\" data-has-transparency=\"false\" loading=\"lazy\" decoding=\"async\" width=\"724\" height=\"1024\" sizes=\"auto, (max-width: 724px) 100vw, 724px\" data-tippy-content=\"37eme-foulee-croisienne_5992980_1\" src=\"https:\/\/www.lacroixvalmertourisme.com\/wp-content\/uploads\/2026\/02\/37eme-foulee-croisienne_5992980_1-724x1024.webp\" alt=\"Affiche des 37\u00e8me Foul\u00e9es Croisienne o\u00f9 l'on voit un coureur tout en noir, ainsi qu'un marcheur tout en noir \u00e9galement. Ils sont sur un fond de nature avec des arbres typiques de la Provence\" class=\"wp-image-26740 not-transparent\" style=\"--dominant-color: #4b574a; aspect-ratio:0.7070405075290772;width:466px;height:auto\" srcset=\"https:\/\/www.lacroixvalmertourisme.com\/wp-content\/uploads\/2026\/02\/37eme-foulee-croisienne_5992980_1-724x1024.webp 724w, https:\/\/www.lacroixvalmertourisme.com\/wp-content\/uploads\/2026\/02\/37eme-foulee-croisienne_5992980_1-212x300.webp 212w, https:\/\/www.lacroixvalmertourisme.com\/wp-content\/uploads\/2026\/02\/37eme-foulee-croisienne_5992980_1-106x150.webp 106w, https:\/\/www.lacroixvalmertourisme.com\/wp-content\/uploads\/2026\/02\/37eme-foulee-croisienne_5992980_1.webp 742w\" \/><\/a><\/figure>\n\n\n\n<figure class=\"wp-block-image aligncenter size-large is-resized is-style-rounded is-style-rounded--2\"><a data-caption=\"foulee croisienne \u00a9guillaumevoiturier\" href=\"https:\/\/www.lacroixvalmertourisme.com\/wp-content\/uploads\/2021\/06\/2019-visuels-film&#xA9;guillaumevoiturier-9-edited.jpg\" data-fancybox=\"gallery\"><img decoding=\"async\" sizes=\"(max-width: 1024px) 100vw, 1024px\" data-tippy-content=\"foulee croisienne \u00a9guillaumevoiturier\" data-caption=\"\u00a9guillaumevoiturier\" src=\"https:\/\/www.lacroixvalmertourisme.com\/wp-content\/uploads\/2021\/06\/2019-visuels-film&#xA9;guillaumevoiturier-9-edited.jpg\" alt=\"sortir se divertir agenda animations evenements sportifs la croix valmer\" class=\"wp-image-3625\" style=\"aspect-ratio:1.334526185396738;width:478px;height:auto\" \/><\/a><\/figure>\n\n\n\n<div style=\"height:100px\" aria-hidden=\"true\" class=\"wp-block-spacer\"><\/div>\n\n\n\n<h2 class=\"wp-block-heading has-text-align-center has-script-font-family has-5-xl-font-size\"><strong>Swinrun Valmer<\/strong><\/h2>\n\n\n\n<figure class=\"wp-block-image aligncenter size-full is-resized is-style-rounded is-style-rounded--3\"><a href=\"https:\/\/www.facebook.com\/swimrunvalmer\/?locale=fr_FR\" target=\"_blank\" rel=\" noreferrer noopener\"><img decoding=\"async\" src=\"https:\/\/www.lacroixvalmertourisme.com\/wp-content\/uploads\/2026\/02\/swimrun.webp\" alt=\"\" class=\"wp-image-26742\" style=\"width:548px;height:auto\" \/><\/a><\/figure>\n\n\n\n<figure class=\"wp-block-image aligncenter size-large is-resized is-style-rounded is-style-rounded--4\"><a data-caption=\"swimrun \u00a9guillaumevoiturier\" href=\"https:\/\/www.lacroixvalmertourisme.com\/wp-content\/uploads\/2021\/06\/2019&#xA9;guillaumevoiturier-12-edited-1024x768.jpg\" data-fancybox=\"gallery\"><img decoding=\"async\" sizes=\"(max-width: 1024px) 100vw, 1024px\" data-tippy-content=\"swimrun \u00a9guillaumevoiturier\" src=\"https:\/\/www.lacroixvalmertourisme.com\/wp-content\/uploads\/2021\/06\/2019&#xA9;guillaumevoiturier-12-edited-1024x768.jpg\" alt=\"sortir se divertir agenda animations evenements sportifs la croix valmer\" class=\"wp-image-3634\" style=\"width:516px;height:auto\" \/><\/a><\/figure>\n<\/div>\n\n\n\n<div class=\"wp-block-column is-layout-flow wp-block-column-is-layout-flow\">\n<div style=\"height:100px\" aria-hidden=\"true\" class=\"wp-block-spacer\"><\/div>\n\n\n\n<h2 class=\"wp-block-heading has-text-align-center has-script-font-family has-5-xl-font-size\"><strong>Marathon of Golfe<\/strong><\/h2>\n\n\n\n<figure class=\"wp-block-image aligncenter size-large is-style-rounded is-style-rounded--5\"><a href=\"https:\/\/www.marathondugolfedesainttropez.com\/2026\/fr\/\" target=\"_blank\" rel=\" noreferrer noopener\"><img data-dominant-color=\"88a6c1\" data-has-transparency=\"false\" style=\"--dominant-color: #88a6c1;\" loading=\"lazy\" decoding=\"async\" width=\"1024\" height=\"326\" sizes=\"auto, (max-width: 1024px) 100vw, 1024px\" data-tippy-content=\"marathon\" src=\"https:\/\/www.lacroixvalmertourisme.com\/wp-content\/uploads\/2026\/02\/marathon-1024x326.webp\" alt=\"banderole du Marathon du Golfe de Saint-Tropez avec diff\u00e9rentes photos des anciennes \u00e9ditions. Au centre il y a un dessin de coureurs qui courent sur le globe avec la vue sur le golfe.\" class=\"wp-image-26741 not-transparent\" srcset=\"https:\/\/www.lacroixvalmertourisme.com\/wp-content\/uploads\/2026\/02\/marathon-1024x326.webp 1024w, https:\/\/www.lacroixvalmertourisme.com\/wp-content\/uploads\/2026\/02\/marathon-300x95.webp 300w, https:\/\/www.lacroixvalmertourisme.com\/wp-content\/uploads\/2026\/02\/marathon-768x244.webp 768w, https:\/\/www.lacroixvalmertourisme.com\/wp-content\/uploads\/2026\/02\/marathon-1536x489.webp 1536w, https:\/\/www.lacroixvalmertourisme.com\/wp-content\/uploads\/2026\/02\/marathon-471x150.webp 471w, https:\/\/www.lacroixvalmertourisme.com\/wp-content\/uploads\/2026\/02\/marathon.webp 1920w\" \/><\/a><\/figure>\n\n\n\n<figure class=\"wp-block-image aligncenter size-large is-style-rounded is-style-rounded--6\"><a data-caption=\"marathon \u00a9servicecommunicationlacroixvalmer\" href=\"https:\/\/www.lacroixvalmertourisme.com\/wp-content\/uploads\/2021\/06\/2018-marathon-&#xA9;servicecommunicationlacroixvalmer-6-edited.jpg\" data-fancybox=\"gallery\"><img decoding=\"async\" sizes=\"(max-width: 1024px) 100vw, 1024px\" data-tippy-content=\"marathon \u00a9servicecommunicationlacroixvalmer\" data-caption=\"\u00a9servicecommunicationlacroixvalmer\" src=\"https:\/\/www.lacroixvalmertourisme.com\/wp-content\/uploads\/2021\/06\/2018-marathon-&#xA9;servicecommunicationlacroixvalmer-6-edited.jpg\" alt=\"sortir se divertir agenda animations evenements sportifs la croix valmer\" class=\"wp-image-3631\" \/><\/a><\/figure>\n\n\n\n<div style=\"height:100px\" aria-hidden=\"true\" class=\"wp-block-spacer\"><\/div>\n\n\n\n<h2 class=\"wp-block-heading has-text-align-center has-script-font-family has-5-xl-font-size\"><strong>Travers\u00e9es \u00e0 la nage<\/strong><\/h2>\n\n\n\n<figure class=\"wp-block-image aligncenter size-large is-resized is-style-rounded is-style-rounded--7\"><a href=\"https:\/\/www.facebook.com\/profile.php?id=100063693544086\" target=\"_blank\" rel=\" noreferrer noopener\"><img data-dominant-color=\"7b99ad\" data-has-transparency=\"false\" loading=\"lazy\" decoding=\"async\" width=\"819\" height=\"1024\" sizes=\"auto, (max-width: 819px) 100vw, 819px\" data-tippy-content=\"nage\" src=\"https:\/\/www.lacroixvalmertourisme.com\/wp-content\/uploads\/2026\/02\/nage-819x1024.webp\" alt=\"Affiche pour les Travers\u00e9es \u00e0 la nage. Un dessins d'une nageuse avec un maillot de bain et un bonnet de bain rouge dans la mer avec le littora de Provence en fond. Elle est en train de nager et toutes les informations des courses sont inscrites sous elle.\" class=\"wp-image-26743 not-transparent\" style=\"--dominant-color: #7b99ad; width:496px;height:auto\" srcset=\"https:\/\/www.lacroixvalmertourisme.com\/wp-content\/uploads\/2026\/02\/nage-819x1024.webp 819w, https:\/\/www.lacroixvalmertourisme.com\/wp-content\/uploads\/2026\/02\/nage-240x300.webp 240w, https:\/\/www.lacroixvalmertourisme.com\/wp-content\/uploads\/2026\/02\/nage-768x960.webp 768w, https:\/\/www.lacroixvalmertourisme.com\/wp-content\/uploads\/2026\/02\/nage-1229x1536.webp 1229w, https:\/\/www.lacroixvalmertourisme.com\/wp-content\/uploads\/2026\/02\/nage-1638x2048.webp 1638w, https:\/\/www.lacroixvalmertourisme.com\/wp-content\/uploads\/2026\/02\/nage-120x150.webp 120w, https:\/\/www.lacroixvalmertourisme.com\/wp-content\/uploads\/2026\/02\/nage-scaled.webp 2048w\" \/><\/a><\/figure>\n\n\n\n<figure class=\"wp-block-image aligncenter size-large is-resized is-style-rounded is-style-rounded--8\"><a data-caption=\"Travers\u00e9es juillet 2023 \u00a9 service communication (2)\" href=\"https:\/\/www.lacroixvalmertourisme.com\/wp-content\/uploads\/2024\/06\/Traversees-juillet-2023-&#xA9;-service-communication-2-1024x682.jpg\" data-fancybox=\"gallery\"><img decoding=\"async\" sizes=\"(max-width: 1024px) 100vw, 1024px\" data-tippy-content=\"Travers\u00e9es juillet 2023 \u00a9 service communication (2)\" src=\"https:\/\/www.lacroixvalmertourisme.com\/wp-content\/uploads\/2024\/06\/Traversees-juillet-2023-&#xA9;-service-communication-2-1024x682.jpg\" alt=\"\" class=\"wp-image-16115\" style=\"aspect-ratio:1.5015098722415796;width:502px;height:auto\" \/><\/a><\/figure>\n<\/div>\n<\/div>\n\n\n\n<div style=\"height:50px\" aria-hidden=\"true\" class=\"wp-block-spacer\"><\/div>\n\n\n\n<p class=\"has-text-align-center has-secondary-50-color has-text-color has-lg-font-size wp-block-paragraph\"><em><strong>NB: Dates may be subject to changes.<\/strong><\/em><\/p>\n\n\n\n<div style=\"height:50px\" aria-hidden=\"true\" class=\"wp-block-spacer\"><\/div>\n\n\n\n<h3 class=\"wp-block-heading has-text-align-center has-slate-700-color has-text-color has-link-color wp-elements-b588fdfa9273b39d1e8109da9b924890\"><strong>Organisation &amp; Information<\/strong><br \/><a href=\"https:\/\/www.facebook.com\/profile.php?id=100063693544086\" target=\"_blank\" rel=\"noreferrer noopener\">Service municipal des sports<\/a> +33 (0)4 98 11 48 87<\/h3>\n\n\n\n<div style=\"height:100px\" aria-hidden=\"true\" class=\"wp-block-spacer\"><\/div>\n<\/div>\n","protected":false},"excerpt":{"rendered":"<p>Whether you are a professional or an amateur, a swimmer or a runner, or whether you are more comfortable on a bike or with poles, La Croix Valmer has something for you! Throughout the year, come and take part in our various events or come and cheer on the athletes. Take advantage of the beautiful&#8230;<\/p>\n","protected":false},"author":4,"featured_media":27583,"parent":4754,"menu_order":173,"comment_status":"closed","ping_status":"closed","template":"page-plage.blade.php","meta":{"_acf_changed":false,"_crdt_document":"","footnotes":""},"class_list":["post-4665","page","type-page","status-publish","has-post-thumbnail","hentry"],"acf":{"video_mp4":false,"poster_image":false,"nugget":false,"page-virtuelle":false,"video_webm":false,"pagepage-updown":false,"autoplay":false,"delay":"","pagepage-etendus":"compact","slogan":"","introduction":"","mots-cles":"","title_alignement":""},"yoast_head":"<!-- This site is optimized with the Yoast SEO plugin v27.5 - https:\/\/yoast.com\/product\/yoast-seo-wordpress\/ -->\n<title>Sporting events - La Croix-Valmer Tourisme<\/title>\n<meta name=\"robots\" content=\"index, follow, max-snippet:-1, max-image-preview:large, max-video-preview:-1\" \/>\n<link rel=\"canonical\" href=\"https:\/\/www.lacroixvalmertourisme.com\/en\/fun-nightlife-events\/events\/sporting-events\" \/>\n<meta property=\"og:locale\" content=\"en_US\" \/>\n<meta property=\"og:type\" content=\"article\" \/>\n<meta property=\"og:title\" content=\"Sporting events - La Croix-Valmer Tourisme\" \/>\n<meta property=\"og:description\" content=\"Whether you are a professional or an amateur, a swimmer or a runner, or whether you are more comfortable on a bike or with poles, La Croix Valmer has something for you! Throughout the year, come and take part in our various events or come and cheer on the athletes. Take advantage of the beautiful...\" \/>\n<meta property=\"og:url\" content=\"https:\/\/www.lacroixvalmertourisme.com\/en\/fun-nightlife-events\/events\/sporting-events\" \/>\n<meta property=\"og:site_name\" content=\"La Croix-Valmer Tourisme\" \/>\n<meta property=\"article:publisher\" content=\"https:\/\/www.facebook.com\/lacroixvalmertourisme\/\" \/>\n<meta property=\"article:modified_time\" content=\"2026-03-25T15:13:17+00:00\" \/>\n<meta property=\"og:image\" content=\"https:\/\/www.lacroixvalmertourisme.com\/wp-content\/uploads\/2024\/06\/Traversees-juillet-2023-\u00a9-service-communication-2.jpg\" \/>\n\t<meta property=\"og:image:width\" content=\"2000\" \/>\n\t<meta property=\"og:image:height\" content=\"1333\" \/>\n\t<meta property=\"og:image:type\" content=\"image\/jpeg\" \/>\n<meta name=\"twitter:card\" content=\"summary_large_image\" \/>\n<meta name=\"twitter:site\" content=\"@La_Croix_Valmer\" \/>\n<!-- \/ Yoast SEO plugin. -->","yoast_head_json":{"title":"Sporting events - La Croix-Valmer Tourisme","robots":{"index":"index","follow":"follow","max-snippet":"max-snippet:-1","max-image-preview":"max-image-preview:large","max-video-preview":"max-video-preview:-1"},"canonical":"https:\/\/www.lacroixvalmertourisme.com\/en\/fun-nightlife-events\/events\/sporting-events","og_locale":"en_US","og_type":"article","og_title":"Sporting events - La Croix-Valmer Tourisme","og_description":"Whether you are a professional or an amateur, a swimmer or a runner, or whether you are more comfortable on a bike or with poles, La Croix Valmer has something for you! Throughout the year, come and take part in our various events or come and cheer on the athletes. Take advantage of the beautiful...","og_url":"https:\/\/www.lacroixvalmertourisme.com\/en\/fun-nightlife-events\/events\/sporting-events","og_site_name":"La Croix-Valmer Tourisme","article_publisher":"https:\/\/www.facebook.com\/lacroixvalmertourisme\/","article_modified_time":"2026-03-25T15:13:17+00:00","og_image":[{"width":2000,"height":1333,"url":"https:\/\/www.lacroixvalmertourisme.com\/wp-content\/uploads\/2024\/06\/Traversees-juillet-2023-\u00a9-service-communication-2.jpg","type":"image\/jpeg"}],"twitter_card":"summary_large_image","twitter_site":"@La_Croix_Valmer","schema":{"@context":"https:\/\/schema.org","@graph":[{"@type":"WebPage","@id":"https:\/\/www.lacroixvalmertourisme.com\/en\/fun-nightlife-events\/events\/sporting-events","url":"https:\/\/www.lacroixvalmertourisme.com\/en\/fun-nightlife-events\/events\/sporting-events","name":"Sporting events - La Croix-Valmer Tourisme","isPartOf":{"@id":"https:\/\/www.lacroixvalmertourisme.com\/en#website"},"primaryImageOfPage":{"@id":"https:\/\/www.lacroixvalmertourisme.com\/en\/fun-nightlife-events\/events\/sporting-events#primaryimage"},"image":{"@id":"https:\/\/www.lacroixvalmertourisme.com\/en\/fun-nightlife-events\/events\/sporting-events#primaryimage"},"thumbnailUrl":"https:\/\/www.lacroixvalmertourisme.com\/wp-content\/uploads\/2024\/06\/Traversees-juillet-2023-\u00a9-service-communication-2.jpg","datePublished":"2021-06-29T08:45:14+00:00","dateModified":"2026-03-25T15:13:17+00:00","breadcrumb":{"@id":"https:\/\/www.lacroixvalmertourisme.com\/en\/fun-nightlife-events\/events\/sporting-events#breadcrumb"},"inLanguage":"en-US","potentialAction":[{"@type":"ReadAction","target":["https:\/\/www.lacroixvalmertourisme.com\/en\/fun-nightlife-events\/events\/sporting-events"]}]},{"@type":"ImageObject","inLanguage":"en-US","@id":"https:\/\/www.lacroixvalmertourisme.com\/en\/fun-nightlife-events\/events\/sporting-events#primaryimage","url":"https:\/\/www.lacroixvalmertourisme.com\/wp-content\/uploads\/2024\/06\/Traversees-juillet-2023-\u00a9-service-communication-2.jpg","contentUrl":"https:\/\/www.lacroixvalmertourisme.com\/wp-content\/uploads\/2024\/06\/Traversees-juillet-2023-\u00a9-service-communication-2.jpg","width":2000,"height":1333},{"@type":"BreadcrumbList","@id":"https:\/\/www.lacroixvalmertourisme.com\/en\/fun-nightlife-events\/events\/sporting-events#breadcrumb","itemListElement":[{"@type":"ListItem","position":1,"name":"Accueil","item":"https:\/\/www.lacroixvalmertourisme.com\/en"},{"@type":"ListItem","position":2,"name":"Hangout","item":"https:\/\/www.lacroixvalmertourisme.com\/en\/fun-nightlife-events"},{"@type":"ListItem","position":3,"name":"Events","item":"https:\/\/www.lacroixvalmertourisme.com\/en\/fun-nightlife-events\/events"},{"@type":"ListItem","position":4,"name":"Sporting events"}]},{"@type":"WebSite","@id":"https:\/\/www.lacroixvalmertourisme.com\/en#website","url":"https:\/\/www.lacroixvalmertourisme.com\/en","name":"La Croix-Valmer Tourisme","description":"Toutes les informations touristiques pour organiser votre prochain s\u00e9jour \u00e0 La Croix Valmer dans le Golfe de Saint-Tropez","publisher":{"@id":"https:\/\/www.lacroixvalmertourisme.com\/en#organization"},"potentialAction":[{"@type":"SearchAction","target":{"@type":"EntryPoint","urlTemplate":"https:\/\/www.lacroixvalmertourisme.com\/en?s={search_term_string}"},"query-input":{"@type":"PropertyValueSpecification","valueRequired":true,"valueName":"search_term_string"}}],"inLanguage":"en-US"},{"@type":"Organization","@id":"https:\/\/www.lacroixvalmertourisme.com\/en#organization","name":"Office de Tourisme de La Croix Valmer","url":"https:\/\/www.lacroixvalmertourisme.com\/en","logo":{"@type":"ImageObject","inLanguage":"en-US","@id":"https:\/\/www.lacroixvalmertourisme.com\/en#\/schema\/logo\/image\/","url":"https:\/\/www.lacroixvalmertourisme.com\/wp-content\/uploads\/2021\/06\/Logo_ot_bleu.png","contentUrl":"https:\/\/www.lacroixvalmertourisme.com\/wp-content\/uploads\/2021\/06\/Logo_ot_bleu.png","width":591,"height":454,"caption":"Office de Tourisme de La Croix Valmer"},"image":{"@id":"https:\/\/www.lacroixvalmertourisme.com\/en#\/schema\/logo\/image\/"},"sameAs":["https:\/\/www.facebook.com\/lacroixvalmertourisme\/","https:\/\/x.com\/La_Croix_Valmer","https:\/\/www.instagram.com\/lacroixvalmer_tourisme\/"]}]}},"publishpress_future_workflow_manual_trigger":{"enabledWorkflows":[]},"_links":{"self":[{"href":"https:\/\/www.lacroixvalmertourisme.com\/en\/wp-json\/wp\/v2\/pages\/4665","targetHints":{"allow":["GET"]}}],"collection":[{"href":"https:\/\/www.lacroixvalmertourisme.com\/en\/wp-json\/wp\/v2\/pages"}],"about":[{"href":"https:\/\/www.lacroixvalmertourisme.com\/en\/wp-json\/wp\/v2\/types\/page"}],"author":[{"embeddable":true,"href":"https:\/\/www.lacroixvalmertourisme.com\/en\/wp-json\/wp\/v2\/users\/4"}],"replies":[{"embeddable":true,"href":"https:\/\/www.lacroixvalmertourisme.com\/en\/wp-json\/wp\/v2\/comments?post=4665"}],"version-history":[{"count":8,"href":"https:\/\/www.lacroixvalmertourisme.com\/en\/wp-json\/wp\/v2\/pages\/4665\/revisions"}],"predecessor-version":[{"id":27125,"href":"https:\/\/www.lacroixvalmertourisme.com\/en\/wp-json\/wp\/v2\/pages\/4665\/revisions\/27125"}],"up":[{"embeddable":true,"href":"https:\/\/www.lacroixvalmertourisme.com\/en\/wp-json\/wp\/v2\/pages\/4754"}],"wp:featuredmedia":[{"embeddable":true,"href":"https:\/\/www.lacroixvalmertourisme.com\/en\/wp-json\/wp\/v2\/media\/27583"}],"wp:attachment":[{"href":"https:\/\/www.lacroixvalmertourisme.com\/en\/wp-json\/wp\/v2\/media?parent=4665"}],"curies":[{"name":"wp","href":"https:\/\/api.w.org\/{rel}","templated":true}]}}