{"id":4661,"date":"2021-06-29T10:42:19","date_gmt":"2021-06-29T08:42:19","guid":{"rendered":"https:\/\/www.lacroixvalmertourisme.com\/local-major-events"},"modified":"2026-04-24T21:12:09","modified_gmt":"2026-04-24T19:12:09","slug":"local-major-events","status":"publish","type":"page","link":"https:\/\/www.lacroixvalmertourisme.com\/en\/fun-nightlife-events\/events\/local-major-events","title":{"rendered":"Local major events"},"content":{"rendered":"\n<div class=\"wp-block-group alignwide is-layout-constrained wp-block-group-is-layout-constrained\">\n<div style=\"height:50px\" aria-hidden=\"true\" class=\"wp-block-spacer\"><\/div>\n\n\n\n<div class=\"wp-block-query alignwide is-layout-flow wp-block-query-is-layout-flow\"><ul class=\"columns-3 wp-block-post-template is-layout-grid wp-container-core-post-template-is-layout-748c1b9b wp-block-post-template-is-layout-grid\"><li class=\"wp-block-post post-27165 page type-page status-publish has-post-thumbnail hentry\">\n\n<div class=\"wp-block-cover\"><span aria-hidden=\"true\" class=\"wp-block-cover__background has-background-dim-10 has-background-dim\"><\/span><img loading=\"lazy\" decoding=\"async\" width=\"300\" height=\"300\" src=\"https:\/\/www.lacroixvalmertourisme.com\/wp-content\/uploads\/2024\/10\/richesses-croisiennes-2024-13-300x300.jpeg\" class=\"wp-block-cover__image-background wp-post-image\" alt=\"la croix valmer tourisme office de tourisme balades randonn\u00e9es escape game outdoor\" data-object-fit=\"cover\"   \/><div class=\"wp-block-cover__inner-container is-layout-constrained wp-block-cover-is-layout-constrained\"><h2 class=\"has-link-color wp-elements-0572ec0e346cf07630fcd6f80e7074c9 wp-block-post-title has-text-color has-on-primary-color has-sans-font-family has-text-align-center\"><a href=\"https:\/\/www.lacroixvalmertourisme.com\/en\/fun-nightlife-events\/events\/local-major-events\/pichounventures\" target=\"_self\" >Pichoun&#8217;Ventures<\/a><\/h2><\/div><\/div>\n\n<\/li><li class=\"wp-block-post post-27193 page type-page status-publish has-post-thumbnail hentry\">\n\n<div class=\"wp-block-cover\"><span aria-hidden=\"true\" class=\"wp-block-cover__background has-background-dim-10 has-background-dim\"><\/span><img loading=\"lazy\" decoding=\"async\" width=\"300\" height=\"300\" src=\"https:\/\/www.lacroixvalmertourisme.com\/wp-content\/uploads\/2024\/10\/richesses-croisiennes-2024-4-300x300.jpeg\" class=\"wp-block-cover__image-background wp-post-image\" alt=\"la croix valmer tourisme office de tourisme vignes vignobles domaines\" data-object-fit=\"cover\"   \/><div class=\"wp-block-cover__inner-container is-layout-constrained wp-block-cover-is-layout-constrained\"><h2 class=\"has-link-color wp-elements-0572ec0e346cf07630fcd6f80e7074c9 wp-block-post-title has-text-color has-on-primary-color has-sans-font-family has-text-align-center\"><a href=\"https:\/\/www.lacroixvalmertourisme.com\/en\/fun-nightlife-events\/events\/local-major-events\/des-chefs-dans-les-vignes\" target=\"_self\" >Des Chefs dans les Vignes<\/a><\/h2><\/div><\/div>\n\n<\/li><li class=\"wp-block-post post-4657 page type-page status-publish has-post-thumbnail hentry\">\n\n<div class=\"wp-block-cover\"><span aria-hidden=\"true\" class=\"wp-block-cover__background has-background-dim-10 has-background-dim\"><\/span><img loading=\"lazy\" decoding=\"async\" width=\"300\" height=\"300\" src=\"https:\/\/www.lacroixvalmertourisme.com\/wp-content\/uploads\/2024\/07\/JLCV9939-300x300.jpg\" class=\"wp-block-cover__image-background wp-post-image\" alt=\"festival anches d&#039;azur musique la croix valmer tourisme office de tourisme\" data-object-fit=\"cover\"   \/><div class=\"wp-block-cover__inner-container is-layout-constrained wp-block-cover-is-layout-constrained\"><h2 class=\"has-link-color wp-elements-0572ec0e346cf07630fcd6f80e7074c9 wp-block-post-title has-text-color has-on-primary-color has-sans-font-family has-text-align-center\"><a href=\"https:\/\/www.lacroixvalmertourisme.com\/en\/fun-nightlife-events\/events\/festival-des-anches-dazur\" target=\"_self\" >Festival des Anches d\u2019Azur<\/a><\/h2><\/div><\/div>\n\n<\/li><li class=\"wp-block-post post-27217 page type-page status-publish has-post-thumbnail hentry\">\n\n<div class=\"wp-block-cover\"><span aria-hidden=\"true\" class=\"wp-block-cover__background has-background-dim-10 has-background-dim\"><\/span><img loading=\"lazy\" decoding=\"async\" width=\"300\" height=\"300\" src=\"https:\/\/www.lacroixvalmertourisme.com\/wp-content\/uploads\/2024\/08\/31-07-24-2-300x300.jpg\" class=\"wp-block-cover__image-background wp-post-image\" alt=\"soir\u00e9es d&#039;\u00e9t\u00e9 concert golfe saint tropez la croix valmer tourisme office de tourisme\" data-object-fit=\"cover\"   \/><div class=\"wp-block-cover__inner-container is-layout-constrained wp-block-cover-is-layout-constrained\"><h2 class=\"has-link-color wp-elements-0572ec0e346cf07630fcd6f80e7074c9 wp-block-post-title has-text-color has-on-primary-color has-sans-font-family has-text-align-center\"><a href=\"https:\/\/www.lacroixvalmertourisme.com\/en\/fun-nightlife-events\/events\/local-major-events\/summernight-shows\" target=\"_self\" >Summernight shows<\/a><\/h2><\/div><\/div>\n\n<\/li><li class=\"wp-block-post post-27232 page type-page status-publish has-post-thumbnail hentry\">\n\n<div class=\"wp-block-cover\"><span aria-hidden=\"true\" class=\"wp-block-cover__background has-background-dim-10 has-background-dim\"><\/span><img loading=\"lazy\" decoding=\"async\" width=\"300\" height=\"300\" src=\"https:\/\/www.lacroixvalmertourisme.com\/wp-content\/uploads\/2024\/10\/richesses-croisiennes-2024-1-300x300.jpeg\" class=\"wp-block-cover__image-background wp-post-image\" alt=\"la croix valmer tourisme office de tourisme balades randonn\u00e9es sentier du littoral\" data-object-fit=\"cover\"   \/><div class=\"wp-block-cover__inner-container is-layout-constrained wp-block-cover-is-layout-constrained\"><h2 class=\"has-link-color wp-elements-0572ec0e346cf07630fcd6f80e7074c9 wp-block-post-title has-text-color has-on-primary-color has-sans-font-family has-text-align-center\"><a href=\"https:\/\/www.lacroixvalmertourisme.com\/en\/fun-nightlife-events\/events\/local-major-events\/local-treasures\" target=\"_self\" >Local treasures<\/a><\/h2><\/div><\/div>\n\n<\/li><li class=\"wp-block-post post-27245 page type-page status-publish has-post-thumbnail hentry\">\n\n<div class=\"wp-block-cover\"><span aria-hidden=\"true\" class=\"wp-block-cover__background has-background-dim-10 has-background-dim\"><\/span><img loading=\"lazy\" decoding=\"async\" width=\"300\" height=\"300\" src=\"https:\/\/www.lacroixvalmertourisme.com\/wp-content\/uploads\/2025\/01\/parade-fantastic-sugar-\u00a9-lacroixvalmertourisme-31-300x300.jpeg\" class=\"wp-block-cover__image-background wp-post-image\" alt=\"la croix valmer tourisme office de tourisme d\u00e9corations illuminations no\u00ebl 2024\" data-object-fit=\"cover\"   \/><div class=\"wp-block-cover__inner-container is-layout-constrained wp-block-cover-is-layout-constrained\"><h2 class=\"has-link-color wp-elements-0572ec0e346cf07630fcd6f80e7074c9 wp-block-post-title has-text-color has-on-primary-color has-sans-font-family has-text-align-center\"><a href=\"https:\/\/www.lacroixvalmertourisme.com\/en\/fun-nightlife-events\/events\/local-major-events\/festi-pichoun\" target=\"_self\" >Festi Pichoun<\/a><\/h2><\/div><\/div>\n\n<\/li><li class=\"wp-block-post post-20557 page type-page status-publish has-post-thumbnail hentry\">\n\n<div class=\"wp-block-cover\"><span aria-hidden=\"true\" class=\"wp-block-cover__background has-background-dim-10 has-background-dim\"><\/span><img loading=\"lazy\" decoding=\"async\" width=\"300\" height=\"300\" src=\"https:\/\/www.lacroixvalmertourisme.com\/wp-content\/uploads\/2025\/01\/2017\u00a9guillaumevoiturier-16-300x300.jpg\" class=\"wp-block-cover__image-background wp-post-image\" alt=\"\" data-object-fit=\"cover\"   \/><div class=\"wp-block-cover__inner-container is-layout-constrained wp-block-cover-is-layout-constrained\"><h2 class=\"has-link-color wp-elements-0572ec0e346cf07630fcd6f80e7074c9 wp-block-post-title has-text-color has-on-primary-color has-sans-font-family has-text-align-center\"><a href=\"https:\/\/www.lacroixvalmertourisme.com\/en\/fun-nightlife-events\/events\/eco-events\" target=\"_self\" >Eco-events<\/a><\/h2><\/div><\/div>\n\n<\/li><li class=\"wp-block-post post-4665 page type-page status-publish has-post-thumbnail hentry\">\n\n<div class=\"wp-block-cover\"><span aria-hidden=\"true\" class=\"wp-block-cover__background has-background-dim-10 has-background-dim\"><\/span><img loading=\"lazy\" decoding=\"async\" width=\"300\" height=\"300\" src=\"https:\/\/www.lacroixvalmertourisme.com\/wp-content\/uploads\/2024\/06\/Traversees-juillet-2023-\u00a9-service-communication-2-300x300.jpg\" class=\"wp-block-cover__image-background wp-post-image\" alt=\"\" data-object-fit=\"cover\"   \/><div class=\"wp-block-cover__inner-container is-layout-constrained wp-block-cover-is-layout-constrained\"><h2 class=\"has-link-color wp-elements-0572ec0e346cf07630fcd6f80e7074c9 wp-block-post-title has-text-color has-on-primary-color has-sans-font-family has-text-align-center\"><a href=\"https:\/\/www.lacroixvalmertourisme.com\/en\/fun-nightlife-events\/events\/sporting-events\" target=\"_self\" >Sporting events<\/a><\/h2><\/div><\/div>\n\n<\/li><li class=\"wp-block-post post-4754 page type-page status-publish has-post-thumbnail hentry\">\n\n<div class=\"wp-block-cover\"><span aria-hidden=\"true\" class=\"wp-block-cover__background has-background-dim-10 has-background-dim\"><\/span><img loading=\"lazy\" decoding=\"async\" width=\"300\" height=\"300\" src=\"https:\/\/www.lacroixvalmertourisme.com\/wp-content\/uploads\/2025\/04\/cabaret-farlight-\u00a9-service-communication-5-300x300.jpg\" class=\"wp-block-cover__image-background wp-post-image\" alt=\"\" data-object-fit=\"cover\"   \/><div class=\"wp-block-cover__inner-container is-layout-constrained wp-block-cover-is-layout-constrained\"><h2 class=\"has-link-color wp-elements-0572ec0e346cf07630fcd6f80e7074c9 wp-block-post-title has-text-color has-on-primary-color has-sans-font-family has-text-align-center\"><a href=\"https:\/\/www.lacroixvalmertourisme.com\/en\/fun-nightlife-events\/events\" target=\"_self\" >Events<\/a><\/h2><\/div><\/div>\n\n<\/li><\/ul><\/div>\n\n\n\n<div style=\"height:50px\" aria-hidden=\"true\" class=\"wp-block-spacer\"><\/div>\n<\/div>\n","protected":false},"excerpt":{"rendered":"","protected":false},"author":4,"featured_media":16125,"parent":4754,"menu_order":155,"comment_status":"closed","ping_status":"closed","template":"page-plage.blade.php","meta":{"_acf_changed":false,"_crdt_document":"","footnotes":""},"class_list":["post-4661","page","type-page","status-publish","has-post-thumbnail","hentry"],"acf":{"video_mp4":false,"poster_image":false,"nugget":false,"page-virtuelle":false,"video_webm":false,"pagepage-updown":false,"autoplay":false,"delay":"","slogan":"","introduction":"","title_alignement":"","pagepage-etendus":"none","mots-cles":"agenda animation festivit\u00e9 \u00e9v\u00e9nement soir\u00e9e concert spectacle activit\u00e9 que faire divertissement enfant danse musique festival anches la croix valmer folklore portugal patinoire anchoiade soir\u00e9e \u00e9t\u00e9 nocturnes croisiennes f\u00eate locale festi pichoun\r\n"},"yoast_head":"<!-- This site is optimized with the Yoast SEO plugin v27.5 - https:\/\/yoast.com\/product\/yoast-seo-wordpress\/ -->\n<title>Local major events - La Croix-Valmer Tourisme<\/title>\n<meta name=\"robots\" content=\"index, follow, max-snippet:-1, max-image-preview:large, max-video-preview:-1\" \/>\n<link rel=\"canonical\" href=\"https:\/\/www.lacroixvalmertourisme.com\/en\/fun-nightlife-events\/events\/local-major-events\" \/>\n<meta property=\"og:locale\" content=\"en_US\" \/>\n<meta property=\"og:type\" content=\"article\" \/>\n<meta property=\"og:title\" content=\"Local major events - La Croix-Valmer Tourisme\" \/>\n<meta property=\"og:url\" content=\"https:\/\/www.lacroixvalmertourisme.com\/en\/fun-nightlife-events\/events\/local-major-events\" \/>\n<meta property=\"og:site_name\" content=\"La Croix-Valmer Tourisme\" \/>\n<meta property=\"article:publisher\" content=\"https:\/\/www.facebook.com\/lacroixvalmertourisme\/\" \/>\n<meta property=\"article:modified_time\" content=\"2026-04-24T19:12:09+00:00\" \/>\n<meta property=\"og:image\" content=\"https:\/\/www.lacroixvalmertourisme.com\/wp-content\/uploads\/2024\/06\/130723\u00a9lacroixvalmertourisme-22.jpg\" \/>\n\t<meta property=\"og:image:width\" content=\"2000\" \/>\n\t<meta property=\"og:image:height\" content=\"1500\" \/>\n\t<meta property=\"og:image:type\" content=\"image\/jpeg\" \/>\n<meta name=\"twitter:card\" content=\"summary_large_image\" \/>\n<meta name=\"twitter:site\" content=\"@La_Croix_Valmer\" \/>\n<!-- \/ Yoast SEO plugin. -->","yoast_head_json":{"title":"Local major events - La Croix-Valmer Tourisme","robots":{"index":"index","follow":"follow","max-snippet":"max-snippet:-1","max-image-preview":"max-image-preview:large","max-video-preview":"max-video-preview:-1"},"canonical":"https:\/\/www.lacroixvalmertourisme.com\/en\/fun-nightlife-events\/events\/local-major-events","og_locale":"en_US","og_type":"article","og_title":"Local major events - La Croix-Valmer Tourisme","og_url":"https:\/\/www.lacroixvalmertourisme.com\/en\/fun-nightlife-events\/events\/local-major-events","og_site_name":"La Croix-Valmer Tourisme","article_publisher":"https:\/\/www.facebook.com\/lacroixvalmertourisme\/","article_modified_time":"2026-04-24T19:12:09+00:00","og_image":[{"width":2000,"height":1500,"url":"https:\/\/www.lacroixvalmertourisme.com\/wp-content\/uploads\/2024\/06\/130723\u00a9lacroixvalmertourisme-22.jpg","type":"image\/jpeg"}],"twitter_card":"summary_large_image","twitter_site":"@La_Croix_Valmer","schema":{"@context":"https:\/\/schema.org","@graph":[{"@type":"WebPage","@id":"https:\/\/www.lacroixvalmertourisme.com\/en\/fun-nightlife-events\/events\/local-major-events","url":"https:\/\/www.lacroixvalmertourisme.com\/en\/fun-nightlife-events\/events\/local-major-events","name":"Local major events - La Croix-Valmer Tourisme","isPartOf":{"@id":"https:\/\/www.lacroixvalmertourisme.com\/en#website"},"primaryImageOfPage":{"@id":"https:\/\/www.lacroixvalmertourisme.com\/en\/fun-nightlife-events\/events\/local-major-events#primaryimage"},"image":{"@id":"https:\/\/www.lacroixvalmertourisme.com\/en\/fun-nightlife-events\/events\/local-major-events#primaryimage"},"thumbnailUrl":"https:\/\/www.lacroixvalmertourisme.com\/wp-content\/uploads\/2024\/06\/130723\u00a9lacroixvalmertourisme-22.jpg","datePublished":"2021-06-29T08:42:19+00:00","dateModified":"2026-04-24T19:12:09+00:00","breadcrumb":{"@id":"https:\/\/www.lacroixvalmertourisme.com\/en\/fun-nightlife-events\/events\/local-major-events#breadcrumb"},"inLanguage":"en-US","potentialAction":[{"@type":"ReadAction","target":["https:\/\/www.lacroixvalmertourisme.com\/en\/fun-nightlife-events\/events\/local-major-events"]}]},{"@type":"ImageObject","inLanguage":"en-US","@id":"https:\/\/www.lacroixvalmertourisme.com\/en\/fun-nightlife-events\/events\/local-major-events#primaryimage","url":"https:\/\/www.lacroixvalmertourisme.com\/wp-content\/uploads\/2024\/06\/130723\u00a9lacroixvalmertourisme-22.jpg","contentUrl":"https:\/\/www.lacroixvalmertourisme.com\/wp-content\/uploads\/2024\/06\/130723\u00a9lacroixvalmertourisme-22.jpg","width":2000,"height":1500},{"@type":"BreadcrumbList","@id":"https:\/\/www.lacroixvalmertourisme.com\/en\/fun-nightlife-events\/events\/local-major-events#breadcrumb","itemListElement":[{"@type":"ListItem","position":1,"name":"Accueil","item":"https:\/\/www.lacroixvalmertourisme.com\/en"},{"@type":"ListItem","position":2,"name":"Hangout","item":"https:\/\/www.lacroixvalmertourisme.com\/en\/fun-nightlife-events"},{"@type":"ListItem","position":3,"name":"Events","item":"https:\/\/www.lacroixvalmertourisme.com\/en\/fun-nightlife-events\/events"},{"@type":"ListItem","position":4,"name":"Local major events"}]},{"@type":"WebSite","@id":"https:\/\/www.lacroixvalmertourisme.com\/en#website","url":"https:\/\/www.lacroixvalmertourisme.com\/en","name":"La Croix-Valmer Tourisme","description":"Toutes les informations touristiques pour organiser votre prochain s\u00e9jour \u00e0 La Croix Valmer dans le Golfe de Saint-Tropez","publisher":{"@id":"https:\/\/www.lacroixvalmertourisme.com\/en#organization"},"potentialAction":[{"@type":"SearchAction","target":{"@type":"EntryPoint","urlTemplate":"https:\/\/www.lacroixvalmertourisme.com\/en?s={search_term_string}"},"query-input":{"@type":"PropertyValueSpecification","valueRequired":true,"valueName":"search_term_string"}}],"inLanguage":"en-US"},{"@type":"Organization","@id":"https:\/\/www.lacroixvalmertourisme.com\/en#organization","name":"Office de Tourisme de La Croix Valmer","url":"https:\/\/www.lacroixvalmertourisme.com\/en","logo":{"@type":"ImageObject","inLanguage":"en-US","@id":"https:\/\/www.lacroixvalmertourisme.com\/en#\/schema\/logo\/image\/","url":"https:\/\/www.lacroixvalmertourisme.com\/wp-content\/uploads\/2021\/06\/Logo_ot_bleu.png","contentUrl":"https:\/\/www.lacroixvalmertourisme.com\/wp-content\/uploads\/2021\/06\/Logo_ot_bleu.png","width":591,"height":454,"caption":"Office de Tourisme de La Croix Valmer"},"image":{"@id":"https:\/\/www.lacroixvalmertourisme.com\/en#\/schema\/logo\/image\/"},"sameAs":["https:\/\/www.facebook.com\/lacroixvalmertourisme\/","https:\/\/x.com\/La_Croix_Valmer","https:\/\/www.instagram.com\/lacroixvalmer_tourisme\/"]}]}},"publishpress_future_workflow_manual_trigger":{"enabledWorkflows":[]},"_links":{"self":[{"href":"https:\/\/www.lacroixvalmertourisme.com\/en\/wp-json\/wp\/v2\/pages\/4661","targetHints":{"allow":["GET"]}}],"collection":[{"href":"https:\/\/www.lacroixvalmertourisme.com\/en\/wp-json\/wp\/v2\/pages"}],"about":[{"href":"https:\/\/www.lacroixvalmertourisme.com\/en\/wp-json\/wp\/v2\/types\/page"}],"author":[{"embeddable":true,"href":"https:\/\/www.lacroixvalmertourisme.com\/en\/wp-json\/wp\/v2\/users\/4"}],"replies":[{"embeddable":true,"href":"https:\/\/www.lacroixvalmertourisme.com\/en\/wp-json\/wp\/v2\/comments?post=4661"}],"version-history":[{"count":17,"href":"https:\/\/www.lacroixvalmertourisme.com\/en\/wp-json\/wp\/v2\/pages\/4661\/revisions"}],"predecessor-version":[{"id":28815,"href":"https:\/\/www.lacroixvalmertourisme.com\/en\/wp-json\/wp\/v2\/pages\/4661\/revisions\/28815"}],"up":[{"embeddable":true,"href":"https:\/\/www.lacroixvalmertourisme.com\/en\/wp-json\/wp\/v2\/pages\/4754"}],"wp:featuredmedia":[{"embeddable":true,"href":"https:\/\/www.lacroixvalmertourisme.com\/en\/wp-json\/wp\/v2\/media\/16125"}],"wp:attachment":[{"href":"https:\/\/www.lacroixvalmertourisme.com\/en\/wp-json\/wp\/v2\/media?parent=4661"}],"curies":[{"name":"wp","href":"https:\/\/api.w.org\/{rel}","templated":true}]}}