{"id":4657,"date":"2021-06-29T10:40:39","date_gmt":"2021-06-29T08:40:39","guid":{"rendered":"https:\/\/www.lacroixvalmertourisme.com\/festival-des-anches-dazur"},"modified":"2026-04-29T02:55:07","modified_gmt":"2026-04-29T00:55:07","slug":"festival-des-anches-dazur","status":"publish","type":"page","link":"https:\/\/www.lacroixvalmertourisme.com\/en\/fun-nightlife-events\/events\/festival-des-anches-dazur","title":{"rendered":"Festival des Anches d\u2019Azur"},"content":{"rendered":"\n<div class=\"wp-block-group alignwide is-layout-constrained wp-block-group-is-layout-constrained\">\n<div style=\"height:50px\" aria-hidden=\"true\" class=\"wp-block-spacer\"><\/div>\n\n\n\n<div class=\"wp-block-columns alignfull are-vertically-aligned-center has-secondary-50-color has-text-color is-layout-flex wp-container-core-columns-is-layout-0defc3be wp-block-columns-is-layout-flex\">\n<div class=\"wp-block-column is-vertically-aligned-center is-layout-flow wp-block-column-is-layout-flow\" style=\"flex-basis:66.66%\">\n<p class=\"has-text-align-center has-sans-font-family wp-block-paragraph\">Over the years, La Croix Valmer&#8217;s Reeds Festival has become a musical reference in the Bay of Saint-Tropez and beyond. Since 1996, over 55 international orchestras and bands have had the chance to perform in the gardens of the Villa Turquoise. This beautiful setting was reconfigured into an outdoor theater in 2011, the Forum Constantin. Daytime concerts in the village and at the D-Day beach give way to gala concerts in the evening. Show and music! <\/p>\n\n\n\n<div style=\"height:50px\" aria-hidden=\"true\" class=\"wp-block-spacer\"><\/div>\n\n\n\n<h3 class=\"wp-block-heading has-text-align-center has-slate-700-color has-text-color has-link-color has-sans-font-family wp-elements-e000c6faf898e6be9a03b9dd43891a80\"><h3 class=\"wp-block-heading has-text-align-center has-slate-700-color has-text-color has-link-color wp-elements-9578d69beb9c5338b3ed8dfe952fd669\"><strong>The 29th edition of the festival will take place from<\/strong>&#013;\n<strong>June 26th to 28th\u00a0 2026, <\/strong><strong>so look out for some exceptional new evenings ! Meanwhile, here a few notes from this year&#8217;s edition<\/strong><\/h3><\/h3>\n<\/div>\n\n\n\n<div class=\"wp-block-column is-vertically-aligned-center is-layout-flow wp-block-column-is-layout-flow\" style=\"flex-basis:33.33%\">\n<figure class=\"wp-block-video aligncenter\"><video height=\"1920\" style=\"aspect-ratio: 1080 \/ 1920;\" width=\"1080\" controls=\"\" src=\"https:\/\/www.lacroixvalmertourisme.com\/wp-content\/uploads\/2025\/07\/retro-video-festival-2025-compressee.mp4\"><\/video><\/figure>\n<\/div>\n<\/div>\n\n\n\n<div style=\"height:50px\" aria-hidden=\"true\" class=\"wp-block-spacer\"><\/div>\n\n\n\n<div class=\"wp-block-query alignfull is-layout-flow wp-block-query-is-layout-flow\"><ul class=\"columns-3 wp-block-post-template is-layout-grid wp-container-core-post-template-is-layout-748c1b9b wp-block-post-template-is-layout-grid\"><li class=\"wp-block-post post-6148 page type-page status-publish has-post-thumbnail hentry\">\n\n<div class=\"wp-block-cover has-custom-content-position is-position-bottom-left\" style=\"padding-top:var(--wp--preset--spacing--60);padding-right:var(--wp--preset--spacing--60);padding-bottom:var(--wp--preset--spacing--60);padding-left:var(--wp--preset--spacing--60)\"><span aria-hidden=\"true\" class=\"wp-block-cover__background has-background-dim wp-block-cover__gradient-background has-background-gradient has-bg-gradient-to-black-bottom-gradient-background\"><\/span><img loading=\"lazy\" decoding=\"async\" width=\"1024\" height=\"683\" src=\"https:\/\/www.lacroixvalmertourisme.com\/wp-content\/uploads\/2024\/07\/festival2024\u00a9guillaume-voiturier-72-1024x683.jpg\" class=\"wp-block-cover__image-background wp-post-image\" alt=\"festival anches d&#039;azur musique la croix valmer tourisme office de tourisme\" data-object-fit=\"cover\"   \/><div class=\"wp-block-cover__inner-container is-layout-constrained wp-container-core-cover-is-layout-11859842 wp-block-cover-is-layout-constrained\"><h2 class=\"wp-block-post-title\"><a href=\"https:\/\/www.lacroixvalmertourisme.com\/en\/fun-nightlife-events\/events\/festival-des-anches-dazur\/2021-edition\" target=\"_self\" >Program<\/a><\/h2><\/div><\/div>\n\n<\/li><li class=\"wp-block-post post-13051 page type-page status-publish has-post-thumbnail hentry\">\n\n<div class=\"wp-block-cover has-custom-content-position is-position-bottom-left\" style=\"padding-top:var(--wp--preset--spacing--60);padding-right:var(--wp--preset--spacing--60);padding-bottom:var(--wp--preset--spacing--60);padding-left:var(--wp--preset--spacing--60)\"><span aria-hidden=\"true\" class=\"wp-block-cover__background has-background-dim wp-block-cover__gradient-background has-background-gradient has-bg-gradient-to-black-bottom-gradient-background\"><\/span><img loading=\"lazy\" decoding=\"async\" width=\"1024\" height=\"683\" src=\"https:\/\/www.lacroixvalmertourisme.com\/wp-content\/uploads\/2024\/07\/festival2024\u00a9guillaume-voiturier-386-1024x683.jpg\" class=\"wp-block-cover__image-background wp-post-image\" alt=\"festival anches d&#039;azur musique la croix valmer tourisme office de tourisme\" data-object-fit=\"cover\"   \/><div class=\"wp-block-cover__inner-container is-layout-constrained wp-container-core-cover-is-layout-11859842 wp-block-cover-is-layout-constrained\"><h2 class=\"wp-block-post-title\"><a href=\"https:\/\/www.lacroixvalmertourisme.com\/en\/fun-nightlife-events\/events\/festival-des-anches-dazur\/orchestras\" target=\"_self\" >Orchestras<\/a><\/h2><\/div><\/div>\n\n<\/li><li class=\"wp-block-post post-6166 page type-page status-publish has-post-thumbnail hentry\">\n\n<div class=\"wp-block-cover has-custom-content-position is-position-bottom-left\" style=\"padding-top:var(--wp--preset--spacing--60);padding-right:var(--wp--preset--spacing--60);padding-bottom:var(--wp--preset--spacing--60);padding-left:var(--wp--preset--spacing--60)\"><span aria-hidden=\"true\" class=\"wp-block-cover__background has-background-dim wp-block-cover__gradient-background has-background-gradient has-bg-gradient-to-black-bottom-gradient-background\"><\/span><img loading=\"lazy\" decoding=\"async\" width=\"1024\" height=\"682\" src=\"https:\/\/www.lacroixvalmertourisme.com\/wp-content\/uploads\/2024\/07\/festival2024\u00a9guillaume-voiturier-269-1024x682.jpg\" class=\"wp-block-cover__image-background wp-post-image\" alt=\"festival anches d&#039;azur musique la croix valmer tourisme office de tourisme\" data-object-fit=\"cover\"   \/><div class=\"wp-block-cover__inner-container is-layout-constrained wp-container-core-cover-is-layout-11859842 wp-block-cover-is-layout-constrained\"><h2 class=\"wp-block-post-title\"><a href=\"https:\/\/www.lacroixvalmertourisme.com\/en\/fun-nightlife-events\/events\/festival-des-anches-dazur\/photos-retrospective\" target=\"_self\" >Retrospective<\/a><\/h2><\/div><\/div>\n\n<\/li><li class=\"wp-block-post post-13076 page type-page status-publish has-post-thumbnail hentry\">\n\n<div class=\"wp-block-cover has-custom-content-position is-position-bottom-left\" style=\"padding-top:var(--wp--preset--spacing--60);padding-right:var(--wp--preset--spacing--60);padding-bottom:var(--wp--preset--spacing--60);padding-left:var(--wp--preset--spacing--60)\"><span aria-hidden=\"true\" class=\"wp-block-cover__background has-background-dim wp-block-cover__gradient-background has-background-gradient has-bg-gradient-to-black-bottom-gradient-background\"><\/span><img loading=\"lazy\" decoding=\"async\" width=\"1024\" height=\"683\" src=\"https:\/\/www.lacroixvalmertourisme.com\/wp-content\/uploads\/2024\/07\/festival2024-def\u00a9guillaume-voiturier-1-1024x683.jpg\" class=\"wp-block-cover__image-background wp-post-image\" alt=\"festival anches d&#039;azur musique la croix valmer tourisme office de tourisme\" data-object-fit=\"cover\"   \/><div class=\"wp-block-cover__inner-container is-layout-constrained wp-container-core-cover-is-layout-11859842 wp-block-cover-is-layout-constrained\"><h2 class=\"wp-block-post-title\"><a href=\"https:\/\/www.lacroixvalmertourisme.com\/en\/fun-nightlife-events\/events\/festival-des-anches-dazur\/sponsors\" target=\"_self\" >Sponsors<\/a><\/h2><\/div><\/div>\n\n<\/li><li class=\"wp-block-post post-6164 page type-page status-publish has-post-thumbnail hentry\">\n\n<div class=\"wp-block-cover has-custom-content-position is-position-bottom-left\" style=\"padding-top:var(--wp--preset--spacing--60);padding-right:var(--wp--preset--spacing--60);padding-bottom:var(--wp--preset--spacing--60);padding-left:var(--wp--preset--spacing--60)\"><span aria-hidden=\"true\" class=\"wp-block-cover__background has-background-dim wp-block-cover__gradient-background has-background-gradient has-bg-gradient-to-black-bottom-gradient-background\"><\/span><img loading=\"lazy\" decoding=\"async\" width=\"1024\" height=\"769\" src=\"https:\/\/www.lacroixvalmertourisme.com\/wp-content\/uploads\/2021\/10\/5-SITE-OT-edited-1024x769.jpg\" class=\"wp-block-cover__image-background wp-post-image\" alt=\"sortir se divertir agenda animations festival des anches spectacle la croix valmer\" data-object-fit=\"cover\"   \/><div class=\"wp-block-cover__inner-container is-layout-constrained wp-container-core-cover-is-layout-11859842 wp-block-cover-is-layout-constrained\"><h2 class=\"wp-block-post-title\"><a href=\"https:\/\/www.lacroixvalmertourisme.com\/en\/fun-nightlife-events\/events\/festival-des-anches-dazur\/information-reservation\" target=\"_self\" >Backstage<\/a><\/h2><\/div><\/div>\n\n<\/li><li class=\"wp-block-post post-13072 page type-page status-publish has-post-thumbnail hentry\">\n\n<div class=\"wp-block-cover has-custom-content-position is-position-bottom-left\" style=\"padding-top:var(--wp--preset--spacing--60);padding-right:var(--wp--preset--spacing--60);padding-bottom:var(--wp--preset--spacing--60);padding-left:var(--wp--preset--spacing--60)\"><span aria-hidden=\"true\" class=\"wp-block-cover__background has-background-dim wp-block-cover__gradient-background has-background-gradient has-bg-gradient-to-black-bottom-gradient-background\"><\/span><img loading=\"lazy\" decoding=\"async\" width=\"1024\" height=\"683\" src=\"https:\/\/www.lacroixvalmertourisme.com\/wp-content\/uploads\/2024\/07\/festival2024-def\u00a9guillaume-voiturier-12-1024x683.jpg\" class=\"wp-block-cover__image-background wp-post-image\" alt=\"festival anches d&#039;azur musique la croix valmer tourisme office de tourisme\" data-object-fit=\"cover\"   \/><div class=\"wp-block-cover__inner-container is-layout-constrained wp-container-core-cover-is-layout-11859842 wp-block-cover-is-layout-constrained\"><h2 class=\"wp-block-post-title\"><a href=\"https:\/\/www.lacroixvalmertourisme.com\/en\/fun-nightlife-events\/events\/festival-des-anches-dazur\/press\" target=\"_self\" >Press<\/a><\/h2><\/div><\/div>\n\n<\/li><\/ul><\/div>\n\n\n\n<div class=\"wp-block-columns alignwide are-vertically-aligned-center is-layout-flex wp-container-core-columns-is-layout-0defc3be wp-block-columns-is-layout-flex\">\n<div class=\"wp-block-column is-vertically-aligned-center is-layout-flow wp-block-column-is-layout-flow\">\n<h3 class=\"wp-block-heading has-text-align-center has-current-color has-text-color has-link-color has-display-font-family has-5-xl-font-size wp-elements-e3cdf5818f5bd28616affe2b3ed672e7\">Discover the Festival in a different way with this \u00a0<a href=\"https:\/\/smartlink.ausha.co\/podtrait\/festival-des-anches-d-azur-a-la-croix-valmer\" target=\"_blank\" rel=\"noreferrer noopener\">podcast<\/a>! Its origins, its history and behind the scenes&#8230;<\/h3>\n<\/div>\n\n\n\n<div class=\"wp-block-column is-vertically-aligned-center is-layout-flow wp-block-column-is-layout-flow\">\n<figure class=\"wp-block-image aligncenter size-full is-resized is-style-rounded is-style-rounded--1\"><a href=\"https:\/\/smartlink.ausha.co\/podtrait\/festival-des-anches-d-azur-a-la-croix-valmer\" target=\"_blank\" rel=\" noreferrer noopener\"><img loading=\"lazy\" decoding=\"async\" width=\"637\" height=\"585\" sizes=\"auto, (max-width: 637px) 100vw, 637px\" src=\"https:\/\/www.lacroixvalmertourisme.com\/wp-content\/uploads\/2025\/06\/podcast.jpg\" alt=\"Capture d'\u00e9cran du fichier audio pr\u00e9sentant le Festival des Anches d'Azur. Il est \u00e9coutable sur Spotify, Apple Podcasts, Deezer, Podcast Addict et Amazon Music. En haut il est ecris \"Pdtrait, Sortez du cadre pour changer de point de vue\". Il y a des couleurs vives comme violet, vert ou orange.\" class=\"wp-image-23088\" style=\"aspect-ratio:1.0889105547867657;width:340px\" srcset=\"https:\/\/www.lacroixvalmertourisme.com\/wp-content\/uploads\/2025\/06\/podcast.jpg 637w, https:\/\/www.lacroixvalmertourisme.com\/wp-content\/uploads\/2025\/06\/podcast-300x276.jpg 300w, https:\/\/www.lacroixvalmertourisme.com\/wp-content\/uploads\/2025\/06\/podcast-163x150.jpg 163w\" \/><\/a><\/figure>\n<\/div>\n<\/div>\n\n\n\n<p class=\"has-text-align-center has-secondary-50-color has-text-color has-lg-font-size wp-block-paragraph\">All the concerts are\u00a0<strong>free<\/strong>.<\/p>\n\n\n\n<div style=\"height:50px\" aria-hidden=\"true\" class=\"wp-block-spacer\"><\/div>\n\n\n\n<div style=\"height:29px\" aria-hidden=\"true\" class=\"wp-block-spacer\"><\/div>\n<\/div>\n","protected":false},"excerpt":{"rendered":"<p>Over the years, La Croix Valmer&#8217;s Reeds Festival has become a musical reference in the Bay of Saint-Tropez and beyond. Since 1996, over 55 international orchestras and bands have had the chance to perform in the gardens of the Villa Turquoise. This beautiful setting was reconfigured into an outdoor theater in 2011, the Forum Constantin&#8230;.<\/p>\n","protected":false},"author":4,"featured_media":17286,"parent":4754,"menu_order":134,"comment_status":"closed","ping_status":"closed","template":"page-plage.blade.php","meta":{"_acf_changed":false,"_crdt_document":"","footnotes":""},"class_list":["post-4657","page","type-page","status-publish","has-post-thumbnail","hentry"],"acf":{"video_mp4":false,"poster_image":false,"nugget":false,"page-virtuelle":false,"video_webm":false,"autoplay":false,"delay":"","pagepage-updown":false,"slogan":"","introduction":"","title_alignement":"","pagepage-etendus":"none","mots-cles":"agenda animation festivit\u00e9 \u00e9v\u00e9nement soir\u00e9e concert spectacle activit\u00e9 que faire divertissement enfant musique festival forum d\u00e9barquement anches la croix valmer \u00e9t\u00e9\r\n"},"yoast_head":"<!-- This site is optimized with the Yoast SEO plugin v27.5 - https:\/\/yoast.com\/product\/yoast-seo-wordpress\/ -->\n<title>Festival des Anches d\u2019Azur - La Croix-Valmer Tourisme<\/title>\n<meta name=\"robots\" content=\"index, follow, max-snippet:-1, max-image-preview:large, max-video-preview:-1\" \/>\n<link rel=\"canonical\" href=\"https:\/\/www.lacroixvalmertourisme.com\/en\/fun-nightlife-events\/events\/festival-des-anches-dazur\" \/>\n<meta property=\"og:locale\" content=\"en_US\" \/>\n<meta property=\"og:type\" content=\"article\" \/>\n<meta property=\"og:title\" content=\"Festival des Anches d\u2019Azur - La Croix-Valmer Tourisme\" \/>\n<meta property=\"og:description\" content=\"Over the years, La Croix Valmer&#8217;s Reeds Festival has become a musical reference in the Bay of Saint-Tropez and beyond. Since 1996, over 55 international orchestras and bands have had the chance to perform in the gardens of the Villa Turquoise. This beautiful setting was reconfigured into an outdoor theater in 2011, the Forum Constantin....\" \/>\n<meta property=\"og:url\" content=\"https:\/\/www.lacroixvalmertourisme.com\/en\/fun-nightlife-events\/events\/festival-des-anches-dazur\" \/>\n<meta property=\"og:site_name\" content=\"La Croix-Valmer Tourisme\" \/>\n<meta property=\"article:publisher\" content=\"https:\/\/www.facebook.com\/lacroixvalmertourisme\/\" \/>\n<meta property=\"article:modified_time\" content=\"2026-04-29T00:55:07+00:00\" \/>\n<meta property=\"og:image\" content=\"https:\/\/www.lacroixvalmertourisme.com\/wp-content\/uploads\/2024\/07\/JLCV9939.jpg\" \/>\n\t<meta property=\"og:image:width\" content=\"2000\" \/>\n\t<meta property=\"og:image:height\" content=\"1126\" \/>\n\t<meta property=\"og:image:type\" content=\"image\/jpeg\" \/>\n<meta name=\"twitter:card\" content=\"summary_large_image\" \/>\n<meta name=\"twitter:site\" content=\"@La_Croix_Valmer\" \/>\n<meta name=\"twitter:label1\" content=\"Est. reading time\" \/>\n\t<meta name=\"twitter:data1\" content=\"1 minute\" \/>\n<!-- \/ Yoast SEO plugin. -->","yoast_head_json":{"title":"Festival des Anches d\u2019Azur - La Croix-Valmer Tourisme","robots":{"index":"index","follow":"follow","max-snippet":"max-snippet:-1","max-image-preview":"max-image-preview:large","max-video-preview":"max-video-preview:-1"},"canonical":"https:\/\/www.lacroixvalmertourisme.com\/en\/fun-nightlife-events\/events\/festival-des-anches-dazur","og_locale":"en_US","og_type":"article","og_title":"Festival des Anches d\u2019Azur - La Croix-Valmer Tourisme","og_description":"Over the years, La Croix Valmer&#8217;s Reeds Festival has become a musical reference in the Bay of Saint-Tropez and beyond. Since 1996, over 55 international orchestras and bands have had the chance to perform in the gardens of the Villa Turquoise. This beautiful setting was reconfigured into an outdoor theater in 2011, the Forum Constantin....","og_url":"https:\/\/www.lacroixvalmertourisme.com\/en\/fun-nightlife-events\/events\/festival-des-anches-dazur","og_site_name":"La Croix-Valmer Tourisme","article_publisher":"https:\/\/www.facebook.com\/lacroixvalmertourisme\/","article_modified_time":"2026-04-29T00:55:07+00:00","og_image":[{"width":2000,"height":1126,"url":"https:\/\/www.lacroixvalmertourisme.com\/wp-content\/uploads\/2024\/07\/JLCV9939.jpg","type":"image\/jpeg"}],"twitter_card":"summary_large_image","twitter_site":"@La_Croix_Valmer","twitter_misc":{"Est. reading time":"1 minute"},"schema":{"@context":"https:\/\/schema.org","@graph":[{"@type":"WebPage","@id":"https:\/\/www.lacroixvalmertourisme.com\/en\/fun-nightlife-events\/events\/festival-des-anches-dazur","url":"https:\/\/www.lacroixvalmertourisme.com\/en\/fun-nightlife-events\/events\/festival-des-anches-dazur","name":"Festival des Anches d\u2019Azur - La Croix-Valmer Tourisme","isPartOf":{"@id":"https:\/\/www.lacroixvalmertourisme.com\/en#website"},"primaryImageOfPage":{"@id":"https:\/\/www.lacroixvalmertourisme.com\/en\/fun-nightlife-events\/events\/festival-des-anches-dazur#primaryimage"},"image":{"@id":"https:\/\/www.lacroixvalmertourisme.com\/en\/fun-nightlife-events\/events\/festival-des-anches-dazur#primaryimage"},"thumbnailUrl":"https:\/\/www.lacroixvalmertourisme.com\/wp-content\/uploads\/2024\/07\/JLCV9939.jpg","datePublished":"2021-06-29T08:40:39+00:00","dateModified":"2026-04-29T00:55:07+00:00","breadcrumb":{"@id":"https:\/\/www.lacroixvalmertourisme.com\/en\/fun-nightlife-events\/events\/festival-des-anches-dazur#breadcrumb"},"inLanguage":"en-US","potentialAction":[{"@type":"ReadAction","target":["https:\/\/www.lacroixvalmertourisme.com\/en\/fun-nightlife-events\/events\/festival-des-anches-dazur"]}]},{"@type":"ImageObject","inLanguage":"en-US","@id":"https:\/\/www.lacroixvalmertourisme.com\/en\/fun-nightlife-events\/events\/festival-des-anches-dazur#primaryimage","url":"https:\/\/www.lacroixvalmertourisme.com\/wp-content\/uploads\/2024\/07\/JLCV9939.jpg","contentUrl":"https:\/\/www.lacroixvalmertourisme.com\/wp-content\/uploads\/2024\/07\/JLCV9939.jpg","width":2000,"height":1126,"caption":"festival anches d'azur musique la croix valmer tourisme office de tourisme"},{"@type":"BreadcrumbList","@id":"https:\/\/www.lacroixvalmertourisme.com\/en\/fun-nightlife-events\/events\/festival-des-anches-dazur#breadcrumb","itemListElement":[{"@type":"ListItem","position":1,"name":"Accueil","item":"https:\/\/www.lacroixvalmertourisme.com\/en"},{"@type":"ListItem","position":2,"name":"Hangout","item":"https:\/\/www.lacroixvalmertourisme.com\/en\/fun-nightlife-events"},{"@type":"ListItem","position":3,"name":"Events","item":"https:\/\/www.lacroixvalmertourisme.com\/en\/fun-nightlife-events\/events"},{"@type":"ListItem","position":4,"name":"Festival des Anches d\u2019Azur"}]},{"@type":"WebSite","@id":"https:\/\/www.lacroixvalmertourisme.com\/en#website","url":"https:\/\/www.lacroixvalmertourisme.com\/en","name":"La Croix-Valmer Tourisme","description":"Toutes les informations touristiques pour organiser votre prochain s\u00e9jour \u00e0 La Croix Valmer dans le Golfe de Saint-Tropez","publisher":{"@id":"https:\/\/www.lacroixvalmertourisme.com\/en#organization"},"potentialAction":[{"@type":"SearchAction","target":{"@type":"EntryPoint","urlTemplate":"https:\/\/www.lacroixvalmertourisme.com\/en?s={search_term_string}"},"query-input":{"@type":"PropertyValueSpecification","valueRequired":true,"valueName":"search_term_string"}}],"inLanguage":"en-US"},{"@type":"Organization","@id":"https:\/\/www.lacroixvalmertourisme.com\/en#organization","name":"Office de Tourisme de La Croix Valmer","url":"https:\/\/www.lacroixvalmertourisme.com\/en","logo":{"@type":"ImageObject","inLanguage":"en-US","@id":"https:\/\/www.lacroixvalmertourisme.com\/en#\/schema\/logo\/image\/","url":"https:\/\/www.lacroixvalmertourisme.com\/wp-content\/uploads\/2021\/06\/Logo_ot_bleu.png","contentUrl":"https:\/\/www.lacroixvalmertourisme.com\/wp-content\/uploads\/2021\/06\/Logo_ot_bleu.png","width":591,"height":454,"caption":"Office de Tourisme de La Croix Valmer"},"image":{"@id":"https:\/\/www.lacroixvalmertourisme.com\/en#\/schema\/logo\/image\/"},"sameAs":["https:\/\/www.facebook.com\/lacroixvalmertourisme\/","https:\/\/x.com\/La_Croix_Valmer","https:\/\/www.instagram.com\/lacroixvalmer_tourisme\/"]}]}},"publishpress_future_workflow_manual_trigger":{"enabledWorkflows":[]},"_links":{"self":[{"href":"https:\/\/www.lacroixvalmertourisme.com\/en\/wp-json\/wp\/v2\/pages\/4657","targetHints":{"allow":["GET"]}}],"collection":[{"href":"https:\/\/www.lacroixvalmertourisme.com\/en\/wp-json\/wp\/v2\/pages"}],"about":[{"href":"https:\/\/www.lacroixvalmertourisme.com\/en\/wp-json\/wp\/v2\/types\/page"}],"author":[{"embeddable":true,"href":"https:\/\/www.lacroixvalmertourisme.com\/en\/wp-json\/wp\/v2\/users\/4"}],"replies":[{"embeddable":true,"href":"https:\/\/www.lacroixvalmertourisme.com\/en\/wp-json\/wp\/v2\/comments?post=4657"}],"version-history":[{"count":15,"href":"https:\/\/www.lacroixvalmertourisme.com\/en\/wp-json\/wp\/v2\/pages\/4657\/revisions"}],"predecessor-version":[{"id":27476,"href":"https:\/\/www.lacroixvalmertourisme.com\/en\/wp-json\/wp\/v2\/pages\/4657\/revisions\/27476"}],"up":[{"embeddable":true,"href":"https:\/\/www.lacroixvalmertourisme.com\/en\/wp-json\/wp\/v2\/pages\/4754"}],"wp:featuredmedia":[{"embeddable":true,"href":"https:\/\/www.lacroixvalmertourisme.com\/en\/wp-json\/wp\/v2\/media\/17286"}],"wp:attachment":[{"href":"https:\/\/www.lacroixvalmertourisme.com\/en\/wp-json\/wp\/v2\/media?parent=4657"}],"curies":[{"name":"wp","href":"https:\/\/api.w.org\/{rel}","templated":true}]}}