{"id":4555,"date":"2021-06-29T09:23:03","date_gmt":"2021-06-29T07:23:03","guid":{"rendered":"https:\/\/www.lacroixvalmertourisme.com\/walks"},"modified":"2026-05-01T21:22:57","modified_gmt":"2026-05-01T19:22:57","slug":"walks","status":"publish","type":"page","link":"https:\/\/www.lacroixvalmertourisme.com\/en\/discover-escape\/untamed-nature\/walks","title":{"rendered":"Walks &amp; Activities"},"content":{"rendered":"\n<div class=\"wp-block-group alignwide is-layout-constrained wp-block-group-is-layout-constrained\">\n<div class=\"wp-block-group is-layout-constrained wp-block-group-is-layout-constrained\">\n<p class=\"has-text-align-center has-lg-font-size wp-block-paragraph\">Enjoy the mild morning air or late afternoon sunshine as you stroll along paths and trails: the scent of pine forests, the colours of Provence, the horizon stretching out before you, a moment suspended in time, an invitation to charge your batteries.<\/p>\n\n\n\n<div style=\"height:50px\" aria-hidden=\"true\" class=\"wp-block-spacer\"><\/div>\n\n\n\n<p class=\"has-secondary-50-color has-text-color wp-block-paragraph\">There are walks, bike rides and hikes for everyone! Whether you are a beginner or an experienced walker, solo or with your family&#8230; There is a wide range of choice : walk along the coastal path, discover the architectural heritage of the village, see the amazing panoramas, vineyards, mimosas, the seaside or the hills&#8230; La Croix Valmer&#8217;s natural areas can be visited with enchantment, contemplated like a colourful painting, and protected like a well kept treasure. There are plenty of walks to do : enough for 1 hike a day during your stay!<\/p>\n\n\n\n<div style=\"height:50px\" aria-hidden=\"true\" class=\"wp-block-spacer\"><\/div>\n\n\n\n<div class=\"wp-block-buttons alignwide is-content-justification-center is-layout-flex wp-container-core-buttons-is-layout-9b3e53d3 wp-block-buttons-is-layout-flex\">\n<div class=\"wp-block-button\"><a class=\"wp-block-button__link has-emerald-600-background-color has-background wp-element-button\" href=\"https:\/\/www.lacroixvalmertourisme.com\/en\/walks-hikes\" target=\"_blank\" rel=\"noreferrer noopener\">Find all the itineraries here<\/a><\/div>\n<\/div>\n<\/div>\n\n\n\n<div style=\"height:50px\" aria-hidden=\"true\" class=\"wp-block-spacer\"><\/div>\n\n\n\n<div class=\"wp-block-group alignfull has-white-color has-secondary-container-background-color has-text-color has-background has-link-color wp-elements-6622f742a0b0830e1f7b98464893e912 is-layout-constrained wp-block-group-is-layout-constrained\" style=\"border-style:none;border-width:0px;border-radius:30px\">\n<h2 class=\"wp-block-heading has-white-color has-text-color has-link-color has-script-font-family has-5-xl-font-size wp-elements-161cf33ec22c2854a837b0d7f83972b8\"><strong>Escape Game <\/strong><\/h2>\n\n\n\n<div class=\"wp-block-columns is-layout-flex wp-container-core-columns-is-layout-0defc3be wp-block-columns-is-layout-flex\">\n<div class=\"wp-block-column is-layout-flow wp-block-column-is-layout-flow\" style=\"flex-basis:66.66%\">\n<p class=\"wp-block-paragraph\"><\/p>\n\n\n\n<p class=\"wp-block-paragraph\"><div>Feeling like having a family or friend activity?<\/div><br \/><div>The Tourism Office in partnership with the Culture Service invites you to join Victor Conti in his quest :<\/div><br \/><div>Browse around La Croix Valmer in order to solve &#8220;The Mysteries of La Croix&#8221; and find the Constantin Cross before Adrian Wolfe The Wicked and his terrible mercenary team do!<\/div><\/p>\n\n\n\n<div class=\"wp-block-columns alignwide are-vertically-aligned-top is-layout-flex wp-container-core-columns-is-layout-0defc3be wp-block-columns-is-layout-flex\">\n<div class=\"wp-block-column is-vertically-aligned-top is-layout-flow wp-block-column-is-layout-flow\">\n<figure class=\"wp-block-image aligncenter size-large is-resized is-style-rounded is-style-rounded--1\"><a data-caption=\"Escape game sept24 \u00a9 lacroixvalmertourisme (19)\" href=\"https:\/\/www.lacroixvalmertourisme.com\/wp-content\/uploads\/2024\/09\/Escape-game-sept24-&#xA9;-lacroixvalmertourisme-19-768x1024.jpeg\" data-fancybox=\"gallery\"><img decoding=\"async\" sizes=\"(max-width: 768px) 100vw, 768px\" data-tippy-content=\"Escape game sept24 \u00a9 lacroixvalmertourisme (19)\" src=\"https:\/\/www.lacroixvalmertourisme.com\/wp-content\/uploads\/2024\/09\/Escape-game-sept24-&#xA9;-lacroixvalmertourisme-19-768x1024.jpeg\" alt=\"la croix valmer tourisme \noffice de tourisme\nescape game \" class=\"wp-image-18474\" style=\"aspect-ratio:3\/4;object-fit:cover;width:168px;height:auto\" \/><\/a><\/figure>\n<\/div>\n\n\n\n<div class=\"wp-block-column is-vertically-aligned-top is-layout-flow wp-block-column-is-layout-flow\">\n<figure class=\"wp-block-image aligncenter size-large is-style-rounded is-style-rounded--2\"><a data-caption=\"Escape game sept24 \u00a9 lacroixvalmertourisme (53)\" href=\"https:\/\/www.lacroixvalmertourisme.com\/wp-content\/uploads\/2024\/09\/Escape-game-sept24-&#xA9;-lacroixvalmertourisme-53-768x1024.jpeg\" data-fancybox=\"gallery\"><img decoding=\"async\" sizes=\"(max-width: 768px) 100vw, 768px\" data-tippy-content=\"Escape game sept24 \u00a9 lacroixvalmertourisme (53)\" src=\"https:\/\/www.lacroixvalmertourisme.com\/wp-content\/uploads\/2024\/09\/Escape-game-sept24-&#xA9;-lacroixvalmertourisme-53-768x1024.jpeg\" alt=\"la croix valmer tourisme \noffice de tourisme\nescape game \" class=\"wp-image-18477\" style=\"aspect-ratio:3\/4;object-fit:cover\" \/><\/a><\/figure>\n<\/div>\n\n\n\n<div class=\"wp-block-column is-vertically-aligned-top is-layout-flow wp-block-column-is-layout-flow\">\n<figure class=\"wp-block-image aligncenter size-large is-resized is-style-rounded is-style-rounded--3\"><a data-caption=\"Escape game sept24 \u00a9 lacroixvalmertourisme (1)\" href=\"https:\/\/www.lacroixvalmertourisme.com\/wp-content\/uploads\/2024\/09\/Escape-game-sept24-&#xA9;-lacroixvalmertourisme-1-768x1024.jpeg\" data-fancybox=\"gallery\"><img decoding=\"async\" sizes=\"(max-width: 768px) 100vw, 768px\" data-tippy-content=\"Escape game sept24 \u00a9 lacroixvalmertourisme (1)\" src=\"https:\/\/www.lacroixvalmertourisme.com\/wp-content\/uploads\/2024\/09\/Escape-game-sept24-&#xA9;-lacroixvalmertourisme-1-768x1024.jpeg\" alt=\"la croix valmer tourisme \noffice de tourisme\nescape game \" class=\"wp-image-18480\" style=\"aspect-ratio:3\/4;object-fit:cover;width:166px;height:auto\" \/><\/a><\/figure>\n<\/div>\n<\/div>\n<\/div>\n\n\n\n<div class=\"wp-block-column is-layout-flow wp-block-column-is-layout-flow\" style=\"flex-basis:33.33%\">\n<div class=\"wp-block-buttons is-content-justification-center is-layout-flex wp-container-core-buttons-is-layout-9b3e53d3 wp-block-buttons-is-layout-flex\">\n<div class=\"wp-block-button is-style-tertiary\"><a class=\"wp-block-button__link has-red-400-color has-slate-50-background-color has-text-color has-background has-link-color has-text-align-center wp-element-button\" href=\"https:\/\/lacroixvalmer.alwaysdata.net\/\" target=\"_blank\" rel=\"noreferrer noopener\">Let&#8217;s go !!<\/a><\/div>\n<\/div>\n\n\n\n<figure class=\"wp-block-image aligncenter size-large is-resized is-style-rounded is-style-rounded--4\"><a data-caption=\"escape game\" href=\"https:\/\/www.lacroixvalmertourisme.com\/wp-content\/uploads\/2024\/10\/escape-game-724x1024.jpg\" data-fancybox=\"gallery\"><img loading=\"lazy\" decoding=\"async\" width=\"724\" height=\"1024\" sizes=\"auto, (max-width: 724px) 100vw, 724px\" data-tippy-content=\"escape game\" src=\"https:\/\/www.lacroixvalmertourisme.com\/wp-content\/uploads\/2024\/10\/escape-game-724x1024.jpg\" alt=\"la croix valmer tourisme \noffice de tourisme\nescape game \" class=\"wp-image-18536\" style=\"aspect-ratio:3\/4;object-fit:cover;width:234px;height:auto\" srcset=\"https:\/\/www.lacroixvalmertourisme.com\/wp-content\/uploads\/2024\/10\/escape-game-724x1024.jpg 724w, https:\/\/www.lacroixvalmertourisme.com\/wp-content\/uploads\/2024\/10\/escape-game-212x300.jpg 212w, https:\/\/www.lacroixvalmertourisme.com\/wp-content\/uploads\/2024\/10\/escape-game-768x1086.jpg 768w, https:\/\/www.lacroixvalmertourisme.com\/wp-content\/uploads\/2024\/10\/escape-game-1087x1536.jpg 1087w, https:\/\/www.lacroixvalmertourisme.com\/wp-content\/uploads\/2024\/10\/escape-game-1449x2048.jpg 1449w, https:\/\/www.lacroixvalmertourisme.com\/wp-content\/uploads\/2024\/10\/escape-game-106x150.jpg 106w, https:\/\/www.lacroixvalmertourisme.com\/wp-content\/uploads\/2024\/10\/escape-game.jpg 1773w\" \/><\/a><\/figure>\n<\/div>\n<\/div>\n<\/div>\n\n\n\n<div style=\"height:100px\" aria-hidden=\"true\" class=\"wp-block-spacer\"><\/div>\n\n\n\n<div class=\"wp-block-columns alignfull is-layout-flex wp-container-core-columns-is-layout-0defc3be wp-block-columns-is-layout-flex\">\n<div class=\"wp-block-column is-layout-flow wp-block-column-is-layout-flow\">\n<figure class=\"wp-block-image alignwide size-medium is-style-rounded is-style-rounded--5\"><a data-caption=\"Inspecteur Rando\" href=\"https:\/\/www.lacroixvalmertourisme.com\/wp-content\/uploads\/2021\/04\/7905_636900747890846708-237x300.png\" data-fancybox=\"gallery\"><img loading=\"lazy\" decoding=\"async\" width=\"237\" height=\"300\" sizes=\"auto, (max-width: 237px) 100vw, 237px\" data-tippy-content=\"Inspecteur Rando\" src=\"https:\/\/www.lacroixvalmertourisme.com\/wp-content\/uploads\/2021\/04\/7905_636900747890846708-237x300.png\" alt=\"d\u00e9couvrir s'evader la croix valmer sentier balades randonn\u00e9es \u00e0 pied \u00e0 v\u00e9lo\" class=\"wp-image-903\" srcset=\"https:\/\/www.lacroixvalmertourisme.com\/wp-content\/uploads\/2021\/04\/7905_636900747890846708-237x300.png 237w, https:\/\/www.lacroixvalmertourisme.com\/wp-content\/uploads\/2021\/04\/7905_636900747890846708-808x1024.png 808w, https:\/\/www.lacroixvalmertourisme.com\/wp-content\/uploads\/2021\/04\/7905_636900747890846708-768x973.png 768w, https:\/\/www.lacroixvalmertourisme.com\/wp-content\/uploads\/2021\/04\/7905_636900747890846708-1212x1536.png 1212w, https:\/\/www.lacroixvalmertourisme.com\/wp-content\/uploads\/2021\/04\/7905_636900747890846708-118x150.png 118w, https:\/\/www.lacroixvalmertourisme.com\/wp-content\/uploads\/2021\/04\/7905_636900747890846708.png 1578w\" \/><\/a><\/figure>\n<\/div>\n\n\n\n<div class=\"wp-block-column is-layout-flow wp-block-column-is-layout-flow\">\n<h2 class=\"wp-block-heading has-text-align-center has-script-font-family has-5-xl-font-size\"><strong>Follow Inspector Rando !<\/strong><\/h2>\n\n\n\n<p class=\"has-text-align-left wp-block-paragraph\">Designed for children, our \u201c<a href=\"https:\/\/bit.ly\/radolandfr\" target=\"_blank\" rel=\"noopener\">Fun Walks<\/a>\u201d booklet takes the form of a treasure hunt. The clues collected along the way on elements of the built or natural heritage lead children to observe and search for elements to solve the enigmas suggested.<\/p>\n\n\n\n<p class=\"has-text-align-left wp-block-paragraph\">3 walking routes (two on foot and one by bike) accessible from the age of 4, will allow you to discover La Croix Valmer as a family while having fun together.<\/p>\n\n\n\n<p class=\"has-text-align-left wp-block-paragraph\">These walks encourage our youngest visitors to be curious and attentive to their surroundings: it\u2019s up to them to set the pace of the walk by playing the role of explorers, allowing parents to rediscover their childlike spirit. Each tour has three levels of difficulty, depending on the age of your children: 4\/6 years, 7\/9 years and over 10 years.<\/p>\n<\/div>\n<\/div>\n\n\n\n<div style=\"height:100px\" aria-hidden=\"true\" class=\"wp-block-spacer\"><\/div>\n\n\n\n<div class=\"wp-block-group alignwide has-white-color has-text-color has-background is-layout-constrained wp-block-group-is-layout-constrained\" style=\"border-radius:25px;background-color:#be185d\">\n<h2 class=\"wp-block-heading alignfull has-text-align-center has-white-color has-text-color has-script-font-family has-5-xl-font-size\"><strong>Audioguides<\/strong><\/h2>\n\n\n\n<div class=\"wp-block-columns alignfull is-layout-flex wp-container-core-columns-is-layout-0defc3be wp-block-columns-is-layout-flex\">\n<div class=\"wp-block-column is-vertically-aligned-top is-layout-flow wp-block-column-is-layout-flow\" style=\"flex-basis:33.33%\">\n<figure class=\"wp-block-image aligncenter size-medium is-resized is-style-rounded is-style-rounded--6\"><a data-caption=\"audioguides\" href=\"https:\/\/www.lacroixvalmertourisme.com\/wp-content\/uploads\/2023\/10\/audioguides-300x300.jpg\" data-fancybox=\"gallery\"><img loading=\"lazy\" decoding=\"async\" width=\"300\" height=\"300\" sizes=\"auto, (max-width: 300px) 100vw, 300px\" data-tippy-content=\"audioguides\" src=\"https:\/\/www.lacroixvalmertourisme.com\/wp-content\/uploads\/2023\/10\/audioguides-300x300.jpg\" alt=\"\" class=\"wp-image-13589\" style=\"object-fit:cover;width:300px;height:300px\" srcset=\"https:\/\/www.lacroixvalmertourisme.com\/wp-content\/uploads\/2023\/10\/audioguides-300x300.jpg 300w, https:\/\/www.lacroixvalmertourisme.com\/wp-content\/uploads\/2023\/10\/audioguides-150x150.jpg 150w, https:\/\/www.lacroixvalmertourisme.com\/wp-content\/uploads\/2023\/10\/audioguides.jpg 500w\" \/><\/a><\/figure>\n<\/div>\n\n\n\n<div class=\"wp-block-column is-vertically-aligned-top is-layout-flow wp-block-column-is-layout-flow\" style=\"flex-basis:66.66%\">\n<p class=\"wp-block-paragraph\">Looking for something new? How about (re)discovering La Croix Valmer from a different angle?\u00a0<\/p>\n\n\n\n<p class=\"wp-block-paragraph\"><\/p>\n\n\n\n<p class=\"wp-block-paragraph\">Put on your sports shoes, grab your phone and headphones and let us tell you all about La Croix Valmer and its history. Explore the streets and lanes on one of our 4 itineraries, available in three languages (French, English and German):\u00a0<\/p>\n\n\n\n<p class=\"wp-block-paragraph\"><em><strong>La Croix Valmer and the Ch\u00e2teau de Chausse<\/strong><\/em>, will help you understand the importance of the vineyards in our village&#13;\n<span style=\"font-weight: 400;\"><em><strong>La Croix Valmer et le Domaine de La Madrague<\/strong><\/em>, will take you through the vineyards and along the coastal paths<\/span>&#13;\n<span style=\"font-weight: 400;\"><em><strong>La Croix Valmer and Domaine de La Croix<\/strong><\/em>, will explain the links between the development of the vineyard and the town<\/span>&#13;\n<span style=\"font-weight: 400;\"><em><strong>La Croix Valmer and the Ch\u00e2teau de Chausse<\/strong><\/em>, will help you understand the importance of the vineyards in our village<\/span><\/p>\n\n\n\n<div class=\"wp-block-buttons is-content-justification-center is-layout-flex wp-container-core-buttons-is-layout-9b3e53d3 wp-block-buttons-is-layout-flex\">\n<div class=\"wp-block-button is-style-fill\"><a class=\"wp-block-button__link has-pink-700-color has-white-background-color has-text-color has-background wp-element-button\" href=\"https:\/\/la-croix-valmer-tourisme.beta.yunow.app\/fr\/\" target=\"_blank\" rel=\"noreferrer noopener\">Follow the guide !!<\/a><\/div>\n<\/div>\n<\/div>\n<\/div>\n<\/div>\n<\/div>\n","protected":false},"excerpt":{"rendered":"<p>Enjoy the mild morning air or late afternoon sunshine as you stroll along paths and trails: the scent of pine forests, the colours of Provence, the horizon stretching out before you, a moment suspended in time, an invitation to charge your batteries. There are walks, bike rides and hikes for everyone! Whether you are a&#8230;<\/p>\n","protected":false},"author":4,"featured_media":10819,"parent":5021,"menu_order":44,"comment_status":"closed","ping_status":"closed","template":"page-plage.blade.php","meta":{"_acf_changed":false,"_crdt_document":"","footnotes":""},"class_list":["post-4555","page","type-page","status-publish","has-post-thumbnail","hentry"],"acf":{"video_mp4":false,"poster_image":false,"nugget":false,"page-virtuelle":false,"video_webm":false,"autoplay":false,"delay":"","slogan":"","pagepage-updown":false,"introduction":"Take advantage of the morning or late afternoon mild temperature, to walk off beaten tracks : the scent of the pine forest, the colors of Provence, a moment out of time, an invitation to wonder.","title_alignement":"","pagepage-etendus":"none","mots-cles":"balade randonn\u00e9e promenade p\u00e9destre cap lardier cap taillat nature environnement que faire visiter que visiter local guide espace prot\u00e9g\u00e9 parc national panorama conservatoire du littoral sentier architecture histoire patrimoine vigne vignoble mimosa mer plage sentier du littoral sentier des douaniers point de vue cr\u00eate pass\u00e9 s\u00e9maphore randoland famille ludique enfant guid\u00e9e"},"yoast_head":"<!-- This site is optimized with the Yoast SEO plugin v27.5 - https:\/\/yoast.com\/product\/yoast-seo-wordpress\/ -->\n<title>Walks &amp; Activities - La Croix-Valmer Tourisme<\/title>\n<meta name=\"robots\" content=\"index, follow, max-snippet:-1, max-image-preview:large, max-video-preview:-1\" \/>\n<link rel=\"canonical\" href=\"https:\/\/www.lacroixvalmertourisme.com\/en\/discover-escape\/untamed-nature\/walks\" \/>\n<meta property=\"og:locale\" content=\"en_US\" \/>\n<meta property=\"og:type\" content=\"article\" \/>\n<meta property=\"og:title\" content=\"Walks &amp; Activities - La Croix-Valmer Tourisme\" \/>\n<meta property=\"og:description\" content=\"Enjoy the mild morning air or late afternoon sunshine as you stroll along paths and trails: the scent of pine forests, the colours of Provence, the horizon stretching out before you, a moment suspended in time, an invitation to charge your batteries. There are walks, bike rides and hikes for everyone! Whether you are a...\" \/>\n<meta property=\"og:url\" content=\"https:\/\/www.lacroixvalmertourisme.com\/en\/discover-escape\/untamed-nature\/walks\" \/>\n<meta property=\"og:site_name\" content=\"La Croix-Valmer Tourisme\" \/>\n<meta property=\"article:publisher\" content=\"https:\/\/www.facebook.com\/lacroixvalmertourisme\/\" \/>\n<meta property=\"article:modified_time\" content=\"2026-05-01T19:22:57+00:00\" \/>\n<meta property=\"og:image\" content=\"https:\/\/www.lacroixvalmertourisme.com\/wp-content\/uploads\/2022\/12\/a-pied-\u00a9guillaumevoiturier-24.jpg\" \/>\n\t<meta property=\"og:image:width\" content=\"2000\" \/>\n\t<meta property=\"og:image:height\" content=\"1334\" \/>\n\t<meta property=\"og:image:type\" content=\"image\/jpeg\" \/>\n<meta name=\"twitter:card\" content=\"summary_large_image\" \/>\n<meta name=\"twitter:site\" content=\"@La_Croix_Valmer\" \/>\n<meta name=\"twitter:label1\" content=\"Est. reading time\" \/>\n\t<meta name=\"twitter:data1\" content=\"2 minutes\" \/>\n<!-- \/ Yoast SEO plugin. -->","yoast_head_json":{"title":"Walks &amp; Activities - La Croix-Valmer Tourisme","robots":{"index":"index","follow":"follow","max-snippet":"max-snippet:-1","max-image-preview":"max-image-preview:large","max-video-preview":"max-video-preview:-1"},"canonical":"https:\/\/www.lacroixvalmertourisme.com\/en\/discover-escape\/untamed-nature\/walks","og_locale":"en_US","og_type":"article","og_title":"Walks &amp; Activities - La Croix-Valmer Tourisme","og_description":"Enjoy the mild morning air or late afternoon sunshine as you stroll along paths and trails: the scent of pine forests, the colours of Provence, the horizon stretching out before you, a moment suspended in time, an invitation to charge your batteries. There are walks, bike rides and hikes for everyone! Whether you are a...","og_url":"https:\/\/www.lacroixvalmertourisme.com\/en\/discover-escape\/untamed-nature\/walks","og_site_name":"La Croix-Valmer Tourisme","article_publisher":"https:\/\/www.facebook.com\/lacroixvalmertourisme\/","article_modified_time":"2026-05-01T19:22:57+00:00","og_image":[{"width":2000,"height":1334,"url":"https:\/\/www.lacroixvalmertourisme.com\/wp-content\/uploads\/2022\/12\/a-pied-\u00a9guillaumevoiturier-24.jpg","type":"image\/jpeg"}],"twitter_card":"summary_large_image","twitter_site":"@La_Croix_Valmer","twitter_misc":{"Est. reading time":"2 minutes"},"schema":{"@context":"https:\/\/schema.org","@graph":[{"@type":"WebPage","@id":"https:\/\/www.lacroixvalmertourisme.com\/en\/discover-escape\/untamed-nature\/walks","url":"https:\/\/www.lacroixvalmertourisme.com\/en\/discover-escape\/untamed-nature\/walks","name":"Walks &amp; Activities - La Croix-Valmer Tourisme","isPartOf":{"@id":"https:\/\/www.lacroixvalmertourisme.com\/en#website"},"primaryImageOfPage":{"@id":"https:\/\/www.lacroixvalmertourisme.com\/en\/discover-escape\/untamed-nature\/walks#primaryimage"},"image":{"@id":"https:\/\/www.lacroixvalmertourisme.com\/en\/discover-escape\/untamed-nature\/walks#primaryimage"},"thumbnailUrl":"https:\/\/www.lacroixvalmertourisme.com\/wp-content\/uploads\/2022\/12\/a-pied-\u00a9guillaumevoiturier-24.jpg","datePublished":"2021-06-29T07:23:03+00:00","dateModified":"2026-05-01T19:22:57+00:00","breadcrumb":{"@id":"https:\/\/www.lacroixvalmertourisme.com\/en\/discover-escape\/untamed-nature\/walks#breadcrumb"},"inLanguage":"en-US","potentialAction":[{"@type":"ReadAction","target":["https:\/\/www.lacroixvalmertourisme.com\/en\/discover-escape\/untamed-nature\/walks"]}]},{"@type":"ImageObject","inLanguage":"en-US","@id":"https:\/\/www.lacroixvalmertourisme.com\/en\/discover-escape\/untamed-nature\/walks#primaryimage","url":"https:\/\/www.lacroixvalmertourisme.com\/wp-content\/uploads\/2022\/12\/a-pied-\u00a9guillaumevoiturier-24.jpg","contentUrl":"https:\/\/www.lacroixvalmertourisme.com\/wp-content\/uploads\/2022\/12\/a-pied-\u00a9guillaumevoiturier-24.jpg","width":2000,"height":1334},{"@type":"BreadcrumbList","@id":"https:\/\/www.lacroixvalmertourisme.com\/en\/discover-escape\/untamed-nature\/walks#breadcrumb","itemListElement":[{"@type":"ListItem","position":1,"name":"Accueil","item":"https:\/\/www.lacroixvalmertourisme.com\/en"},{"@type":"ListItem","position":2,"name":"Discover","item":"https:\/\/www.lacroixvalmertourisme.com\/en\/discover-escape"},{"@type":"ListItem","position":3,"name":"Activities","item":"https:\/\/www.lacroixvalmertourisme.com\/en\/discover-escape\/untamed-nature"},{"@type":"ListItem","position":4,"name":"Walks &amp; Activities"}]},{"@type":"WebSite","@id":"https:\/\/www.lacroixvalmertourisme.com\/en#website","url":"https:\/\/www.lacroixvalmertourisme.com\/en","name":"La Croix-Valmer Tourisme","description":"Toutes les informations touristiques pour organiser votre prochain s\u00e9jour \u00e0 La Croix Valmer dans le Golfe de Saint-Tropez","publisher":{"@id":"https:\/\/www.lacroixvalmertourisme.com\/en#organization"},"potentialAction":[{"@type":"SearchAction","target":{"@type":"EntryPoint","urlTemplate":"https:\/\/www.lacroixvalmertourisme.com\/en?s={search_term_string}"},"query-input":{"@type":"PropertyValueSpecification","valueRequired":true,"valueName":"search_term_string"}}],"inLanguage":"en-US"},{"@type":"Organization","@id":"https:\/\/www.lacroixvalmertourisme.com\/en#organization","name":"Office de Tourisme de La Croix Valmer","url":"https:\/\/www.lacroixvalmertourisme.com\/en","logo":{"@type":"ImageObject","inLanguage":"en-US","@id":"https:\/\/www.lacroixvalmertourisme.com\/en#\/schema\/logo\/image\/","url":"https:\/\/www.lacroixvalmertourisme.com\/wp-content\/uploads\/2021\/06\/Logo_ot_bleu.png","contentUrl":"https:\/\/www.lacroixvalmertourisme.com\/wp-content\/uploads\/2021\/06\/Logo_ot_bleu.png","width":591,"height":454,"caption":"Office de Tourisme de La Croix Valmer"},"image":{"@id":"https:\/\/www.lacroixvalmertourisme.com\/en#\/schema\/logo\/image\/"},"sameAs":["https:\/\/www.facebook.com\/lacroixvalmertourisme\/","https:\/\/x.com\/La_Croix_Valmer","https:\/\/www.instagram.com\/lacroixvalmer_tourisme\/"]}]}},"publishpress_future_workflow_manual_trigger":{"enabledWorkflows":[]},"_links":{"self":[{"href":"https:\/\/www.lacroixvalmertourisme.com\/en\/wp-json\/wp\/v2\/pages\/4555","targetHints":{"allow":["GET"]}}],"collection":[{"href":"https:\/\/www.lacroixvalmertourisme.com\/en\/wp-json\/wp\/v2\/pages"}],"about":[{"href":"https:\/\/www.lacroixvalmertourisme.com\/en\/wp-json\/wp\/v2\/types\/page"}],"author":[{"embeddable":true,"href":"https:\/\/www.lacroixvalmertourisme.com\/en\/wp-json\/wp\/v2\/users\/4"}],"replies":[{"embeddable":true,"href":"https:\/\/www.lacroixvalmertourisme.com\/en\/wp-json\/wp\/v2\/comments?post=4555"}],"version-history":[{"count":14,"href":"https:\/\/www.lacroixvalmertourisme.com\/en\/wp-json\/wp\/v2\/pages\/4555\/revisions"}],"predecessor-version":[{"id":27062,"href":"https:\/\/www.lacroixvalmertourisme.com\/en\/wp-json\/wp\/v2\/pages\/4555\/revisions\/27062"}],"up":[{"embeddable":true,"href":"https:\/\/www.lacroixvalmertourisme.com\/en\/wp-json\/wp\/v2\/pages\/5021"}],"wp:featuredmedia":[{"embeddable":true,"href":"https:\/\/www.lacroixvalmertourisme.com\/en\/wp-json\/wp\/v2\/media\/10819"}],"wp:attachment":[{"href":"https:\/\/www.lacroixvalmertourisme.com\/en\/wp-json\/wp\/v2\/media?parent=4555"}],"curies":[{"name":"wp","href":"https:\/\/api.w.org\/{rel}","templated":true}]}}