{"id":4509,"date":"2021-06-28T16:22:36","date_gmt":"2021-06-28T14:22:36","guid":{"rendered":"https:\/\/www.lacroixvalmertourisme.com\/local-terroir"},"modified":"2026-05-03T12:01:43","modified_gmt":"2026-05-03T10:01:43","slug":"local-terroir","status":"publish","type":"page","link":"https:\/\/www.lacroixvalmertourisme.com\/en\/discover-escape\/local-terroir","title":{"rendered":"Local tastes"},"content":{"rendered":"\n<div class=\"wp-block-group alignwide is-layout-constrained wp-block-group-is-layout-constrained\">\n<figure class=\"wp-block-pullquote has-script-font-family has-5-xl-font-size\"><blockquote><p><strong>Travelling is not about discovering new places&#013;\nbut a new way of looking at things.<\/strong><\/p><cite>Marcel Proust<\/cite><\/blockquote><\/figure>\n\n\n\n<p class=\"has-text-align-center has-navy-color has-text-color has-script-font-family has-5-xl-font-size wp-block-paragraph\" style=\"line-height:1.6\"><strong>The South, a land, 2 symbols&#8230;&#013;\nthe emblematic proven\u00e7al markets &amp; the vineyards!<\/strong><\/p>\n\n\n\n<p class=\"has-text-align-center has-secondary-50-color has-text-color wp-block-paragraph\">Lovers of local products? Come and discover a village whose <a href=\"https:\/\/www.lacroixvalmertourisme.com\/en\/discover-escape\/history-book\/history\" target=\"_blank\" rel=\"noopener\"><strong>history<\/strong><\/a> is closely linked to the <a href=\"https:\/\/www.lacroixvalmertourisme.com\/en\/discover-escape\/local-terroir\/vineyards-wineries\" target=\"_blank\" rel=\"noopener\"><strong>wine industry<\/strong><\/a> and whose weekly <a href=\"https:\/\/www.lacroixvalmertourisme.com\/en\/discover-escape\/local-terroir\/markets\" target=\"_blank\" rel=\"noopener\"><strong>market<\/strong><\/a> is one of the most famous in the Gulf of Saint Tropez. Local products, wines, fruits, vegetables&#8230; Bring your shopping bags with you!<\/p>\n\n\n<div class=\"relative wp-block-fmz-slider alignfull\">\n<div class=\"wp-block-query alignfull is-layout-flow wp-block-query-is-layout-flow fmz-slider-1864193531383337 swiper\"><ul class=\"swiper-wrapper\"><li class=\"wp-block-post post-8591 page type-page status-publish has-post-thumbnail hentry swiper-slide\">\n\n<div class=\"wp-block-cover has-custom-content-position is-position-bottom-left\" style=\"padding-top:var(--wp--preset--spacing--60);padding-right:var(--wp--preset--spacing--60);padding-bottom:var(--wp--preset--spacing--60);padding-left:var(--wp--preset--spacing--60)\"><span aria-hidden=\"true\" class=\"wp-block-cover__background has-background-dim wp-block-cover__gradient-background has-background-gradient has-bg-gradient-to-black-bottom-gradient-background\"><\/span><img loading=\"lazy\" decoding=\"async\" width=\"1024\" height=\"768\" src=\"https:\/\/www.lacroixvalmertourisme.com\/wp-content\/uploads\/2022\/12\/marche-\u00a9lacroixvalmertourisme-31-1024x768.jpg\" class=\"wp-block-cover__image-background wp-post-image\" alt=\"\" data-object-fit=\"cover\"   \/><div class=\"wp-block-cover__inner-container is-layout-constrained wp-container-core-cover-is-layout-11859842 wp-block-cover-is-layout-constrained\"><h2 class=\"wp-block-post-title\"><a href=\"https:\/\/www.lacroixvalmertourisme.com\/en\/discover-escape\/local-terroir\/markets\" target=\"_self\" >Markets<\/a><\/h2><\/div><\/div>\n\n<\/li><li class=\"wp-block-post post-8593 page type-page status-publish has-post-thumbnail hentry swiper-slide\">\n\n<div class=\"wp-block-cover has-custom-content-position is-position-bottom-left\" style=\"padding-top:var(--wp--preset--spacing--60);padding-right:var(--wp--preset--spacing--60);padding-bottom:var(--wp--preset--spacing--60);padding-left:var(--wp--preset--spacing--60)\"><span aria-hidden=\"true\" class=\"wp-block-cover__background has-background-dim wp-block-cover__gradient-background has-background-gradient has-bg-gradient-to-black-bottom-gradient-background\"><\/span><img loading=\"lazy\" decoding=\"async\" width=\"1024\" height=\"768\" src=\"https:\/\/www.lacroixvalmertourisme.com\/wp-content\/uploads\/2025\/04\/vignes-08-2024-\u00a9-lacroixvalmertourisme-4-1024x768.jpeg\" class=\"wp-block-cover__image-background wp-post-image\" alt=\"\" data-object-fit=\"cover\"   \/><div class=\"wp-block-cover__inner-container is-layout-constrained wp-container-core-cover-is-layout-11859842 wp-block-cover-is-layout-constrained\"><h2 class=\"wp-block-post-title\"><a href=\"https:\/\/www.lacroixvalmertourisme.com\/en\/discover-escape\/local-terroir\/vineyards-wineries\" target=\"_self\" >Vineyards &amp; Wineries<\/a><\/h2><\/div><\/div>\n\n<\/li><\/ul><\/div>\n<div class=\"swiper-prev-1864193531383337\"><div class=\"fa-4x h-full flex items-center absolute z-10 top-1\/2 -translate-x-1\/2 -translate-y-1\/2 left-0 right-auto cursor-pointer\">\r\n\t\t<span class=\"fa-layers fa-fw z-10\">\r\n\t\t\t<i class=\"fa-solid fa-circle text-white dark:text-black\"><\/i>\r\n\t\t\t<i class=\"fa-light fa-angle-left text-black dark:text-white\" data-fa-transform=\"shrink-6\"><\/i>\r\n\t\t<\/span>\r\n\t<\/div><\/div><div class=\"swiper-next-1864193531383337\"><div class=\"fa-4x h-full flex items-center absolute z-10 top-1\/2 translate-x-1\/2 -translate-y-1\/2 right-0 left-auto cursor-pointer\">\r\n\t\t<span class=\"fa-layers fa-fw z-10\">\r\n\t\t\t<i class=\"fa-solid fa-circle text-white dark:text-black\"><\/i>\r\n\t\t\t<i class=\"fa-light fa-angle-right text-black dark:text-white\" data-fa-transform=\"shrink-6\"><\/i>\r\n\t\t<\/span>\r\n\t<\/div><\/div><\/div><div class=\"fmz-slider-thumbs-container-1864193531383337 wp-block-fmz-slider alignfull\"><\/div>\r\n\t<script>\r\n\t\t\t\tnew Swiper('.fmz-slider-1864193531383337', {\r\n\t\t\t\n        \n        slidesPerView: 1,\n        spaceBetween: 20,\n        centeredSlides: false,\n        speed: 300,\n        loop: false,\n\t\t\t\tdirection: 'horizontal',\n\t\t\t\teffect: 'slide',\n        breakpoints:{ \n          576: { \n            slidesPerView: 2,\n            spaceBetween: 20,\n\t\t\t\t\t\tcenteredSlides: false,\n          }, \n          992: { \n            slidesPerView: 2,\n            spaceBetween: 20,\n\t\t\t\t\t\tcenteredSlides: false,\n          },\n          1200: {\n            slidesPerView: 2,\n            spaceBetween: 20,\n\t\t\t\t\t\tcenteredSlides: false,\n          },\n          1400: {\n            slidesPerView: 2,\n            spaceBetween: 20,\n\t\t\t\t\t\tcenteredSlides: false,\n          }\n        }\n      ,\r\n\t\t\t\t\t\t\tnavigation: { \r\n\t\t\t\t\tnextEl: '.swiper-next-1864193531383337', \r\n\t\t\t\t\tprevEl: '.swiper-prev-1864193531383337'\r\n\t\t\t\t},\r\n\t\t\t\t\t\t\t\t\ta11y: {\r\n\t\t\t\tenabled: true,\r\n\t\t\t\tprevSlideMessage: 'Previous slide',\r\n\t\t\t\tnextSlideMessage: 'Next slide',\r\n\t\t\t\tfirstSlideMessage: 'First slide',\r\n\t\t\t\tlastSlideMessage: 'Last slide',\r\n\t\t\t\tpaginationBulletMessage: 'Slide {{index}}',\r\n\t\t\t},\r\n\t\t\t\t\t\twatchSlidesProgress: true,\r\n\t\t\twatchOverflow: true\r\n\t\t} )\r\n\t<\/script>\r\n\t\r\n\t<\/div>\n\n<div style=\"height:50px\" aria-hidden=\"true\" class=\"wp-block-spacer\"><\/div>\n\n<div class=\"wp-block-buttons alignwide is-content-justification-center is-layout-flex wp-container-core-buttons-is-layout-9b3e53d3 wp-block-buttons-is-layout-flex\">\n<div class=\"wp-block-button is-style-secondary\"><a class=\"wp-block-button__link wp-element-button\" href=\"https:\/\/www.golfe-saint-tropez-information.com\/fr\/le-golfe-de-saint-tropez-un-vignoble-d-exception\" target=\"_blank\" rel=\"noreferrer noopener\">The bay of Saint-Tropez, an exceptional vineyard<\/a><\/div>\n<\/div>\n\n<div style=\"height:50px\" aria-hidden=\"true\" class=\"wp-block-spacer\"><\/div>\n\n<p class=\"wp-block-paragraph\"><\/p>\n","protected":false},"excerpt":{"rendered":"<p>Travelling is not about discovering new places&#013; but a new way of looking at things. Marcel Proust The South, a land, 2 symbols&#8230;&#013; the emblematic proven\u00e7al markets &amp; the vineyards! Lovers of local products? Come and discover a village whose history is closely linked to the wine industry and whose weekly market is one of&#8230;<\/p>\n","protected":false},"author":2,"featured_media":22642,"parent":4551,"menu_order":95,"comment_status":"closed","ping_status":"closed","template":"page-plage.blade.php","meta":{"_acf_changed":false,"_crdt_document":"","footnotes":""},"class_list":["post-4509","page","type-page","status-publish","has-post-thumbnail","hentry"],"acf":{"video_mp4":false,"poster_image":{"ID":3366,"id":3366,"title":"terroir (3) (SITE OT)","filename":"terroir-3-SITE-OT.png","filesize":2721328,"url":"https:\/\/www.lacroixvalmertourisme.com\/wp-content\/uploads\/2021\/06\/terroir-3-SITE-OT.png","link":"https:\/\/www.lacroixvalmertourisme.com\/en\/discover-escape\/terroir-3-site-ot-2","alt":"d\u00e9couvrir s'evader la croix valmer tourisme durable sentier balades plages terroir march\u00e9 vignobles domaines quoi faire visiter","author":"4","description":"d\u00e9couvrir s'evader la croix valmer tourisme durable sentier balades plages terroir march\u00e9 vignobles domaines quoi faire visiter","caption":"","name":"terroir-3-site-ot-2","status":"inherit","uploaded_to":4551,"date":"2021-06-21 11:27:36","modified":"2022-03-29 08:53:41","menu_order":0,"mime_type":"image\/png","type":"image","subtype":"png","icon":"https:\/\/www.lacroixvalmertourisme.com\/wp-includes\/images\/media\/default.png","width":2000,"height":1030,"sizes":{"thumbnail":"https:\/\/www.lacroixvalmertourisme.com\/wp-content\/uploads\/2021\/06\/terroir-3-SITE-OT-150x150.png","thumbnail-width":150,"thumbnail-height":150,"medium":"https:\/\/www.lacroixvalmertourisme.com\/wp-content\/uploads\/2021\/06\/terroir-3-SITE-OT-300x155.png","medium-width":300,"medium-height":155,"medium_large":"https:\/\/www.lacroixvalmertourisme.com\/wp-content\/uploads\/2021\/06\/terroir-3-SITE-OT-768x396.png","medium_large-width":768,"medium_large-height":396,"large":"https:\/\/www.lacroixvalmertourisme.com\/wp-content\/uploads\/2021\/06\/terroir-3-SITE-OT-1024x527.png","large-width":1024,"large-height":527,"1536x1536":"https:\/\/www.lacroixvalmertourisme.com\/wp-content\/uploads\/2021\/06\/terroir-3-SITE-OT-1536x791.png","1536x1536-width":1536,"1536x1536-height":791,"2048x2048":"https:\/\/www.lacroixvalmertourisme.com\/wp-content\/uploads\/2021\/06\/terroir-3-SITE-OT.png","2048x2048-width":2000,"2048x2048-height":1030,"thumb_small_vertical":"https:\/\/www.lacroixvalmertourisme.com\/wp-content\/uploads\/2021\/06\/terroir-3-SITE-OT-291x150.png","thumb_small_vertical-width":291,"thumb_small_vertical-height":150,"thumb_300_225":"https:\/\/www.lacroixvalmertourisme.com\/wp-content\/uploads\/2021\/06\/terroir-3-SITE-OT-300x225.png","thumb_300_225-width":300,"thumb_300_225-height":225,"thumb_1280_1024":"https:\/\/www.lacroixvalmertourisme.com\/wp-content\/uploads\/2021\/06\/terroir-3-SITE-OT-1280x1024.png","thumb_1280_1024-width":1280,"thumb_1280_1024-height":1024,"post-thumbnail":"https:\/\/www.lacroixvalmertourisme.com\/wp-content\/uploads\/2021\/06\/terroir-3-SITE-OT.png","post-thumbnail-width":300,"post-thumbnail-height":155}},"nugget":false,"page-virtuelle":false,"video_webm":false,"autoplay":false,"delay":"","pagepage-updown":true,"title_alignement":"","pagepage-etendus":"none","mots-cles":"vigne vignoble vin raison viticole domaine cave march\u00e9 proven\u00e7al nocturne artisanal artisanat dimanche dominical hebdomadaire provence fruit l\u00e9gume village la croix valmer locaux produits parking stationnement\r\n"},"yoast_head":"<!-- This site is optimized with the Yoast SEO plugin v27.5 - https:\/\/yoast.com\/product\/yoast-seo-wordpress\/ -->\n<title>Local tastes - La Croix-Valmer Tourisme<\/title>\n<meta name=\"robots\" content=\"index, follow, max-snippet:-1, max-image-preview:large, max-video-preview:-1\" \/>\n<link rel=\"canonical\" href=\"https:\/\/www.lacroixvalmertourisme.com\/en\/discover-escape\/local-terroir\" \/>\n<meta property=\"og:locale\" content=\"en_US\" \/>\n<meta property=\"og:type\" content=\"article\" \/>\n<meta property=\"og:title\" content=\"Local tastes - La Croix-Valmer Tourisme\" \/>\n<meta property=\"og:description\" content=\"Travelling is not about discovering new places&#013; but a new way of looking at things. Marcel Proust The South, a land, 2 symbols&#8230;&#013; the emblematic proven\u00e7al markets &amp; the vineyards! Lovers of local products? Come and discover a village whose history is closely linked to the wine industry and whose weekly market is one of...\" \/>\n<meta property=\"og:url\" content=\"https:\/\/www.lacroixvalmertourisme.com\/en\/discover-escape\/local-terroir\" \/>\n<meta property=\"og:site_name\" content=\"La Croix-Valmer Tourisme\" \/>\n<meta property=\"article:publisher\" content=\"https:\/\/www.facebook.com\/lacroixvalmertourisme\/\" \/>\n<meta property=\"article:modified_time\" content=\"2026-05-03T10:01:43+00:00\" \/>\n<meta property=\"og:image\" content=\"https:\/\/www.lacroixvalmertourisme.com\/wp-content\/uploads\/2025\/04\/Marche-140724-\u00a9-lacroixvalmertourisme-12.jpg\" \/>\n\t<meta property=\"og:image:width\" content=\"1440\" \/>\n\t<meta property=\"og:image:height\" content=\"1080\" \/>\n\t<meta property=\"og:image:type\" content=\"image\/jpeg\" \/>\n<meta name=\"twitter:card\" content=\"summary_large_image\" \/>\n<meta name=\"twitter:site\" content=\"@La_Croix_Valmer\" \/>\n<!-- \/ Yoast SEO plugin. -->","yoast_head_json":{"title":"Local tastes - La Croix-Valmer Tourisme","robots":{"index":"index","follow":"follow","max-snippet":"max-snippet:-1","max-image-preview":"max-image-preview:large","max-video-preview":"max-video-preview:-1"},"canonical":"https:\/\/www.lacroixvalmertourisme.com\/en\/discover-escape\/local-terroir","og_locale":"en_US","og_type":"article","og_title":"Local tastes - La Croix-Valmer Tourisme","og_description":"Travelling is not about discovering new places&#013; but a new way of looking at things. Marcel Proust The South, a land, 2 symbols&#8230;&#013; the emblematic proven\u00e7al markets &amp; the vineyards! Lovers of local products? Come and discover a village whose history is closely linked to the wine industry and whose weekly market is one of...","og_url":"https:\/\/www.lacroixvalmertourisme.com\/en\/discover-escape\/local-terroir","og_site_name":"La Croix-Valmer Tourisme","article_publisher":"https:\/\/www.facebook.com\/lacroixvalmertourisme\/","article_modified_time":"2026-05-03T10:01:43+00:00","og_image":[{"width":1440,"height":1080,"url":"https:\/\/www.lacroixvalmertourisme.com\/wp-content\/uploads\/2025\/04\/Marche-140724-\u00a9-lacroixvalmertourisme-12.jpg","type":"image\/jpeg"}],"twitter_card":"summary_large_image","twitter_site":"@La_Croix_Valmer","schema":{"@context":"https:\/\/schema.org","@graph":[{"@type":"WebPage","@id":"https:\/\/www.lacroixvalmertourisme.com\/en\/discover-escape\/local-terroir","url":"https:\/\/www.lacroixvalmertourisme.com\/en\/discover-escape\/local-terroir","name":"Local tastes - La Croix-Valmer Tourisme","isPartOf":{"@id":"https:\/\/www.lacroixvalmertourisme.com\/en#website"},"primaryImageOfPage":{"@id":"https:\/\/www.lacroixvalmertourisme.com\/en\/discover-escape\/local-terroir#primaryimage"},"image":{"@id":"https:\/\/www.lacroixvalmertourisme.com\/en\/discover-escape\/local-terroir#primaryimage"},"thumbnailUrl":"https:\/\/www.lacroixvalmertourisme.com\/wp-content\/uploads\/2025\/04\/Marche-140724-\u00a9-lacroixvalmertourisme-12.jpg","datePublished":"2021-06-28T14:22:36+00:00","dateModified":"2026-05-03T10:01:43+00:00","breadcrumb":{"@id":"https:\/\/www.lacroixvalmertourisme.com\/en\/discover-escape\/local-terroir#breadcrumb"},"inLanguage":"en-US","potentialAction":[{"@type":"ReadAction","target":["https:\/\/www.lacroixvalmertourisme.com\/en\/discover-escape\/local-terroir"]}]},{"@type":"ImageObject","inLanguage":"en-US","@id":"https:\/\/www.lacroixvalmertourisme.com\/en\/discover-escape\/local-terroir#primaryimage","url":"https:\/\/www.lacroixvalmertourisme.com\/wp-content\/uploads\/2025\/04\/Marche-140724-\u00a9-lacroixvalmertourisme-12.jpg","contentUrl":"https:\/\/www.lacroixvalmertourisme.com\/wp-content\/uploads\/2025\/04\/Marche-140724-\u00a9-lacroixvalmertourisme-12.jpg","width":1440,"height":1080},{"@type":"BreadcrumbList","@id":"https:\/\/www.lacroixvalmertourisme.com\/en\/discover-escape\/local-terroir#breadcrumb","itemListElement":[{"@type":"ListItem","position":1,"name":"Accueil","item":"https:\/\/www.lacroixvalmertourisme.com\/en"},{"@type":"ListItem","position":2,"name":"Discover","item":"https:\/\/www.lacroixvalmertourisme.com\/en\/discover-escape"},{"@type":"ListItem","position":3,"name":"Local tastes"}]},{"@type":"WebSite","@id":"https:\/\/www.lacroixvalmertourisme.com\/en#website","url":"https:\/\/www.lacroixvalmertourisme.com\/en","name":"La Croix-Valmer Tourisme","description":"Toutes les informations touristiques pour organiser votre prochain s\u00e9jour \u00e0 La Croix Valmer dans le Golfe de Saint-Tropez","publisher":{"@id":"https:\/\/www.lacroixvalmertourisme.com\/en#organization"},"potentialAction":[{"@type":"SearchAction","target":{"@type":"EntryPoint","urlTemplate":"https:\/\/www.lacroixvalmertourisme.com\/en?s={search_term_string}"},"query-input":{"@type":"PropertyValueSpecification","valueRequired":true,"valueName":"search_term_string"}}],"inLanguage":"en-US"},{"@type":"Organization","@id":"https:\/\/www.lacroixvalmertourisme.com\/en#organization","name":"Office de Tourisme de La Croix Valmer","url":"https:\/\/www.lacroixvalmertourisme.com\/en","logo":{"@type":"ImageObject","inLanguage":"en-US","@id":"https:\/\/www.lacroixvalmertourisme.com\/en#\/schema\/logo\/image\/","url":"https:\/\/www.lacroixvalmertourisme.com\/wp-content\/uploads\/2021\/06\/Logo_ot_bleu.png","contentUrl":"https:\/\/www.lacroixvalmertourisme.com\/wp-content\/uploads\/2021\/06\/Logo_ot_bleu.png","width":591,"height":454,"caption":"Office de Tourisme de La Croix Valmer"},"image":{"@id":"https:\/\/www.lacroixvalmertourisme.com\/en#\/schema\/logo\/image\/"},"sameAs":["https:\/\/www.facebook.com\/lacroixvalmertourisme\/","https:\/\/x.com\/La_Croix_Valmer","https:\/\/www.instagram.com\/lacroixvalmer_tourisme\/"]}]}},"publishpress_future_workflow_manual_trigger":{"enabledWorkflows":[]},"_links":{"self":[{"href":"https:\/\/www.lacroixvalmertourisme.com\/en\/wp-json\/wp\/v2\/pages\/4509","targetHints":{"allow":["GET"]}}],"collection":[{"href":"https:\/\/www.lacroixvalmertourisme.com\/en\/wp-json\/wp\/v2\/pages"}],"about":[{"href":"https:\/\/www.lacroixvalmertourisme.com\/en\/wp-json\/wp\/v2\/types\/page"}],"author":[{"embeddable":true,"href":"https:\/\/www.lacroixvalmertourisme.com\/en\/wp-json\/wp\/v2\/users\/2"}],"replies":[{"embeddable":true,"href":"https:\/\/www.lacroixvalmertourisme.com\/en\/wp-json\/wp\/v2\/comments?post=4509"}],"version-history":[{"count":10,"href":"https:\/\/www.lacroixvalmertourisme.com\/en\/wp-json\/wp\/v2\/pages\/4509\/revisions"}],"predecessor-version":[{"id":27502,"href":"https:\/\/www.lacroixvalmertourisme.com\/en\/wp-json\/wp\/v2\/pages\/4509\/revisions\/27502"}],"up":[{"embeddable":true,"href":"https:\/\/www.lacroixvalmertourisme.com\/en\/wp-json\/wp\/v2\/pages\/4551"}],"wp:featuredmedia":[{"embeddable":true,"href":"https:\/\/www.lacroixvalmertourisme.com\/en\/wp-json\/wp\/v2\/media\/22642"}],"wp:attachment":[{"href":"https:\/\/www.lacroixvalmertourisme.com\/en\/wp-json\/wp\/v2\/media?parent=4509"}],"curies":[{"name":"wp","href":"https:\/\/api.w.org\/{rel}","templated":true}]}}