{"id":27165,"date":"2026-02-17T14:03:22","date_gmt":"2026-02-17T13:03:22","guid":{"rendered":"https:\/\/www.lacroixvalmertourisme.com\/fun-nightlife-events\/events\/local-major-events\/pichounventures"},"modified":"2026-03-25T14:49:23","modified_gmt":"2026-03-25T13:49:23","slug":"pichounventures","status":"publish","type":"page","link":"https:\/\/www.lacroixvalmertourisme.com\/en\/fun-nightlife-events\/events\/local-major-events\/pichounventures","title":{"rendered":"Pichoun&#8217;Ventures"},"content":{"rendered":"\n<div style=\"height:50px\" aria-hidden=\"true\" class=\"wp-block-spacer\"><\/div>\n\n<p class=\"wp-block-paragraph\">The holidays are finally here! It&#8217;s a chance to get together and enjoy lots of activities. <\/p>\n\n<p class=\"wp-block-paragraph\">Throughout the school holidays, the Tourist Office offers families fun and educational activities for young and old alike. There&#8217;s plenty to keep you entertained and make the time fly by.<\/p>\n\n<p class=\"wp-block-paragraph\">Call the Tourist Office to find out more !<\/p>\n\n<div style=\"height:50px\" aria-hidden=\"true\" class=\"wp-block-spacer\"><\/div>\n\n<h2 class=\"wp-block-heading has-primary-container-color has-text-color has-link-color has-mono-font-family has-3-xl-font-size wp-elements-04cd1025d92dd35262e85796dc0306e1\">February 2026 ~ Heading to Hogwarth&#8230;<\/h2>\n\n<div style=\"height:50px\" aria-hidden=\"true\" class=\"wp-block-spacer\"><\/div>\n\n<p class=\"has-text-align-left wp-block-paragraph\">Pour les vacances d\u2019hiver, La Croix Valmer se transforme et devient magique ! \u00c0 toutes les<br \/>sorci\u00e8res et tous les sorciers, les petits comme les grands, nous vous adressons une invitation<br \/>pour passer des moments m\u00e9morables du 18 au 27 f\u00e9vrier 2026. Entrez dans l\u2019univers de Poudlard,<br \/>une \u00e9cole pleine de secrets o\u00f9 se forment les meilleurs magiciens du monde\u2026<\/p>\n\n<div style=\"height:50px\" aria-hidden=\"true\" class=\"wp-block-spacer\"><\/div>\n\n<div class=\"wp-block-columns alignwide is-layout-flex wp-container-core-columns-is-layout-0defc3be wp-block-columns-is-layout-flex\">\n<div class=\"wp-block-column is-vertically-aligned-center is-layout-flow wp-block-column-is-layout-flow\">\n<figure class=\"wp-block-image aligncenter size-full is-style-rounded is-style-rounded--1\"><img data-dominant-color=\"9fa396\" data-has-transparency=\"false\" style=\"--dominant-color: #9fa396;\" loading=\"lazy\" decoding=\"async\" width=\"560\" height=\"792\" sizes=\"auto, (max-width: 560px) 100vw, 560px\" data-tippy-content=\"pichoun ventures hiver\" src=\"https:\/\/www.lacroixvalmertourisme.com\/wp-content\/uploads\/2026\/02\/pichoun-ventures-hiver.webp\" alt=\"Affiche des pichoun'ventures d'hiver repr\u00e9sentant deux jeunes sorciers qui apprennent \u00e0 faire de la magie. Ils sont dans un ch\u00e2teau et il y a des chauves sourires avec eux. Le th\u00e8me d'Harry Potter est repr\u00e9sent\u00e9 avec les capes et les jeux derri\u00e8re.\" class=\"wp-image-26762 not-transparent\" srcset=\"https:\/\/www.lacroixvalmertourisme.com\/wp-content\/uploads\/2026\/02\/pichoun-ventures-hiver.webp 560w, https:\/\/www.lacroixvalmertourisme.com\/wp-content\/uploads\/2026\/02\/pichoun-ventures-hiver-212x300.webp 212w, https:\/\/www.lacroixvalmertourisme.com\/wp-content\/uploads\/2026\/02\/pichoun-ventures-hiver-106x150.webp 106w\" \/><\/figure>\n<\/div>\n\n\n\n<div class=\"wp-block-column is-layout-flow wp-block-column-is-layout-flow\">\n<figure class=\"wp-block-image aligncenter size-full is-style-rounded is-style-rounded--2\"><img data-dominant-color=\"d5dadc\" data-has-transparency=\"false\" style=\"--dominant-color: #d5dadc;\" loading=\"lazy\" decoding=\"async\" width=\"660\" height=\"933\" sizes=\"auto, (max-width: 660px) 100vw, 660px\" data-tippy-content=\"prog pichoun ventures fev 2026\" src=\"https:\/\/www.lacroixvalmertourisme.com\/wp-content\/uploads\/2026\/02\/prog-pichoun-ventures-fev-2026.webp\" alt=\"Brochure annon\u00e7ant le programme des pichoun'ventures d'hiver avec toutes les descriptions, les horaires et les lieux en bleu sur fond blanc. En arri\u00e8re plan il y a des diff\u00e9rentes formes de diff\u00e9rentes couleurs. Il y a le dessin d'un chat noir mais \u00e9galement un chapeau de sorci\u00e8re et des potions.\" class=\"wp-image-26784 not-transparent\" srcset=\"https:\/\/www.lacroixvalmertourisme.com\/wp-content\/uploads\/2026\/02\/prog-pichoun-ventures-fev-2026.webp 660w, https:\/\/www.lacroixvalmertourisme.com\/wp-content\/uploads\/2026\/02\/prog-pichoun-ventures-fev-2026-212x300.webp 212w, https:\/\/www.lacroixvalmertourisme.com\/wp-content\/uploads\/2026\/02\/prog-pichoun-ventures-fev-2026-106x150.webp 106w\" \/><\/figure>\n<\/div>\n<\/div>\n\n<div style=\"height:50px\" aria-hidden=\"true\" class=\"wp-block-spacer\"><\/div>\n\n<h2 class=\"wp-block-heading has-primary-container-color has-text-color has-link-color has-mono-font-family has-3-xl-font-size wp-elements-f041dcb607bbb80adeabc885f12811d4\">October 2025 ~ Pumpkin time&#8230;<\/h2>\n\n<div style=\"height:50px\" aria-hidden=\"true\" class=\"wp-block-spacer\"><\/div>\n\n<div class=\"wp-block-columns alignwide is-layout-flex wp-container-core-columns-is-layout-0defc3be wp-block-columns-is-layout-flex\">\n<div class=\"wp-block-column is-vertically-aligned-center is-layout-flow wp-block-column-is-layout-flow\">\n<figure class=\"wp-block-image aligncenter size-full is-style-rounded is-style-rounded--3\"><img loading=\"lazy\" decoding=\"async\" width=\"642\" height=\"888\" sizes=\"auto, (max-width: 642px) 100vw, 642px\" src=\"https:\/\/www.lacroixvalmertourisme.com\/wp-content\/uploads\/2025\/10\/pichoun-ventures-2025.jpg\" alt=\"Affiche de l'\u00e9v\u00e8nement pichoun'ventures d'octobre 2025. Un dessin d'un petit enfant avec une loupe le montre en train de regarder dans de la v\u00e9g\u00e9tation de diff\u00e9rente couleur. A c\u00f4t\u00e9 de lui se trouve un chat noir, une citrouille orange ainsi qu'un chapeau de sorci\u00e8re et un coffre au tr\u00e9sor\" class=\"wp-image-24505\" srcset=\"https:\/\/www.lacroixvalmertourisme.com\/wp-content\/uploads\/2025\/10\/pichoun-ventures-2025.jpg 642w, https:\/\/www.lacroixvalmertourisme.com\/wp-content\/uploads\/2025\/10\/pichoun-ventures-2025-217x300.jpg 217w, https:\/\/www.lacroixvalmertourisme.com\/wp-content\/uploads\/2025\/10\/pichoun-ventures-2025-108x150.jpg 108w\" \/><\/figure>\n<\/div>\n\n\n\n<div class=\"wp-block-column is-layout-flow wp-block-column-is-layout-flow\">\n<figure class=\"wp-block-image size-full is-style-rounded is-style-rounded--4\"><img data-dominant-color=\"d7d7d8\" data-has-transparency=\"false\" style=\"--dominant-color: #d7d7d8;\" loading=\"lazy\" decoding=\"async\" width=\"618\" height=\"876\" sizes=\"auto, (max-width: 618px) 100vw, 618px\" data-tippy-content=\"pv oct\" src=\"https:\/\/www.lacroixvalmertourisme.com\/wp-content\/uploads\/2026\/02\/pv-oct.webp\" alt=\"Brochure annon\u00e7ant le programme des Pichoun'ventures d'automne avec toutes les descriptions, les horaires et les lieux en bleu sur fond blanc. En arri\u00e8re plan il y a des diff\u00e9rentes formes de diff\u00e9rentes couleurs. Au premier plan il y a un chat noir dessin\u00e9.\" class=\"wp-image-26809 not-transparent\" srcset=\"https:\/\/www.lacroixvalmertourisme.com\/wp-content\/uploads\/2026\/02\/pv-oct.webp 618w, https:\/\/www.lacroixvalmertourisme.com\/wp-content\/uploads\/2026\/02\/pv-oct-212x300.webp 212w, https:\/\/www.lacroixvalmertourisme.com\/wp-content\/uploads\/2026\/02\/pv-oct-106x150.webp 106w\" \/><\/figure>\n<\/div>\n\n\n\n<div class=\"wp-block-column is-layout-flow wp-block-column-is-layout-flow\">\n<figure class=\"wp-block-image aligncenter size-full is-style-rounded is-style-rounded--5\"><img data-dominant-color=\"c4c6c1\" data-has-transparency=\"false\" style=\"--dominant-color: #c4c6c1;\" loading=\"lazy\" decoding=\"async\" width=\"613\" height=\"874\" sizes=\"auto, (max-width: 613px) 100vw, 613px\" data-tippy-content=\"pv oct 2\" src=\"https:\/\/www.lacroixvalmertourisme.com\/wp-content\/uploads\/2026\/02\/pv-oct-2.webp\" alt=\"Brochure annon\u00e7ant le programme de la journ\u00e9e de la mer avec toutes les descriptions, les horaires et les lieux en bleu sur fond blanc. En arri\u00e8re plan il y a des diff\u00e9rentes formes de diff\u00e9rentes couleurs.\" class=\"wp-image-26810 not-transparent\" srcset=\"https:\/\/www.lacroixvalmertourisme.com\/wp-content\/uploads\/2026\/02\/pv-oct-2.webp 613w, https:\/\/www.lacroixvalmertourisme.com\/wp-content\/uploads\/2026\/02\/pv-oct-2-210x300.webp 210w, https:\/\/www.lacroixvalmertourisme.com\/wp-content\/uploads\/2026\/02\/pv-oct-2-105x150.webp 105w\" \/><\/figure>\n<\/div>\n<\/div>\n\n<div style=\"height:50px\" aria-hidden=\"true\" class=\"wp-block-spacer\"><\/div>\n\n<figure class=\"wp-block-gallery alignwide has-nested-images columns-default is-cropped wp-block-gallery-6 is-layout-flex wp-block-gallery-is-layout-flex\">\n<figure class=\"wp-block-image alignwide size-large\"><img data-dominant-color=\"857773\" data-has-transparency=\"false\" style=\"--dominant-color: #857773;\" loading=\"lazy\" decoding=\"async\" width=\"771\" height=\"1024\" sizes=\"auto, (max-width: 771px) 100vw, 771px\" data-id=\"26962\" data-tippy-content=\"pichoun ventures oct 2025 (6)\" src=\"https:\/\/www.lacroixvalmertourisme.com\/wp-content\/uploads\/2026\/02\/pichoun-ventures-oct-2025-6-771x1024.webp\" alt=\"Un enfant pr\u00e9sente un jouet qu'il a fabriqu\u00e9 lui m\u00eame avec du fils, de la paille, des feuilles, du tissus et des brillants au bout d'un pic en bois. Il y a d'autres enfants autour qui sont install\u00e9s \u00e0 des tables pour faire la m\u00eame chose.\" class=\"wp-image-26962 not-transparent\" srcset=\"https:\/\/www.lacroixvalmertourisme.com\/wp-content\/uploads\/2026\/02\/pichoun-ventures-oct-2025-6-771x1024.webp 771w, https:\/\/www.lacroixvalmertourisme.com\/wp-content\/uploads\/2026\/02\/pichoun-ventures-oct-2025-6-226x300.webp 226w, https:\/\/www.lacroixvalmertourisme.com\/wp-content\/uploads\/2026\/02\/pichoun-ventures-oct-2025-6-768x1020.webp 768w, https:\/\/www.lacroixvalmertourisme.com\/wp-content\/uploads\/2026\/02\/pichoun-ventures-oct-2025-6-1157x1536.webp 1157w, https:\/\/www.lacroixvalmertourisme.com\/wp-content\/uploads\/2026\/02\/pichoun-ventures-oct-2025-6-1542x2048.webp 1542w, https:\/\/www.lacroixvalmertourisme.com\/wp-content\/uploads\/2026\/02\/pichoun-ventures-oct-2025-6-113x150.webp 113w, https:\/\/www.lacroixvalmertourisme.com\/wp-content\/uploads\/2026\/02\/pichoun-ventures-oct-2025-6-scaled.webp 1928w\" \/><\/figure>\n\n\n\n<figure class=\"wp-block-image size-large\"><img data-dominant-color=\"766857\" data-has-transparency=\"false\" style=\"--dominant-color: #766857;\" loading=\"lazy\" decoding=\"async\" width=\"771\" height=\"1024\" sizes=\"auto, (max-width: 771px) 100vw, 771px\" data-id=\"26961\" data-tippy-content=\"pichoun ventures oct 2025 (5)\" src=\"https:\/\/www.lacroixvalmertourisme.com\/wp-content\/uploads\/2026\/02\/pichoun-ventures-oct-2025-5-771x1024.webp\" alt=\"Une main d'enfant touche le sol avec son doigt. Sur le sol il y a de la boue et de l'herbe\" class=\"wp-image-26961 not-transparent\" srcset=\"https:\/\/www.lacroixvalmertourisme.com\/wp-content\/uploads\/2026\/02\/pichoun-ventures-oct-2025-5-771x1024.webp 771w, https:\/\/www.lacroixvalmertourisme.com\/wp-content\/uploads\/2026\/02\/pichoun-ventures-oct-2025-5-226x300.webp 226w, https:\/\/www.lacroixvalmertourisme.com\/wp-content\/uploads\/2026\/02\/pichoun-ventures-oct-2025-5-768x1020.webp 768w, https:\/\/www.lacroixvalmertourisme.com\/wp-content\/uploads\/2026\/02\/pichoun-ventures-oct-2025-5-1157x1536.webp 1157w, https:\/\/www.lacroixvalmertourisme.com\/wp-content\/uploads\/2026\/02\/pichoun-ventures-oct-2025-5-1542x2048.webp 1542w, https:\/\/www.lacroixvalmertourisme.com\/wp-content\/uploads\/2026\/02\/pichoun-ventures-oct-2025-5-113x150.webp 113w, https:\/\/www.lacroixvalmertourisme.com\/wp-content\/uploads\/2026\/02\/pichoun-ventures-oct-2025-5-scaled.webp 1928w\" \/><\/figure>\n\n\n\n<figure class=\"wp-block-image size-large\"><img data-dominant-color=\"655f66\" data-has-transparency=\"false\" style=\"--dominant-color: #655f66;\" loading=\"lazy\" decoding=\"async\" width=\"771\" height=\"1024\" sizes=\"auto, (max-width: 771px) 100vw, 771px\" data-id=\"26960\" data-tippy-content=\"pichoun ventures oct 2025 (4)\" src=\"https:\/\/www.lacroixvalmertourisme.com\/wp-content\/uploads\/2026\/02\/pichoun-ventures-oct-2025-4-771x1024.webp\" alt=\"Un animateur indique \u00e0 plusieurs enfants autour de lui ce qu'ils peuvent trouver sur le sol en leur pointant du doigt la terre et les herbes.\" class=\"wp-image-26960 not-transparent\" srcset=\"https:\/\/www.lacroixvalmertourisme.com\/wp-content\/uploads\/2026\/02\/pichoun-ventures-oct-2025-4-771x1024.webp 771w, https:\/\/www.lacroixvalmertourisme.com\/wp-content\/uploads\/2026\/02\/pichoun-ventures-oct-2025-4-226x300.webp 226w, https:\/\/www.lacroixvalmertourisme.com\/wp-content\/uploads\/2026\/02\/pichoun-ventures-oct-2025-4-768x1020.webp 768w, https:\/\/www.lacroixvalmertourisme.com\/wp-content\/uploads\/2026\/02\/pichoun-ventures-oct-2025-4-1157x1536.webp 1157w, https:\/\/www.lacroixvalmertourisme.com\/wp-content\/uploads\/2026\/02\/pichoun-ventures-oct-2025-4-1542x2048.webp 1542w, https:\/\/www.lacroixvalmertourisme.com\/wp-content\/uploads\/2026\/02\/pichoun-ventures-oct-2025-4-113x150.webp 113w, https:\/\/www.lacroixvalmertourisme.com\/wp-content\/uploads\/2026\/02\/pichoun-ventures-oct-2025-4-scaled.webp 1928w\" \/><\/figure>\n\n\n\n<figure class=\"wp-block-image size-large\"><img data-dominant-color=\"928d47\" data-has-transparency=\"false\" style=\"--dominant-color: #928d47;\" loading=\"lazy\" decoding=\"async\" width=\"771\" height=\"1024\" sizes=\"auto, (max-width: 771px) 100vw, 771px\" data-id=\"26959\" data-tippy-content=\"pichoun ventures oct 2025 (3)\" src=\"https:\/\/www.lacroixvalmertourisme.com\/wp-content\/uploads\/2026\/02\/pichoun-ventures-oct-2025-3-771x1024.webp\" alt=\"Sur une b\u00e2che verte, il y a les r\u00e9alisations artistiques des enfants qui rajoutent des perles sur leur p\u00e2te. Les perles se trouvent dans des petits pots bleu et blanc.\" class=\"wp-image-26959 not-transparent\" srcset=\"https:\/\/www.lacroixvalmertourisme.com\/wp-content\/uploads\/2026\/02\/pichoun-ventures-oct-2025-3-771x1024.webp 771w, https:\/\/www.lacroixvalmertourisme.com\/wp-content\/uploads\/2026\/02\/pichoun-ventures-oct-2025-3-226x300.webp 226w, https:\/\/www.lacroixvalmertourisme.com\/wp-content\/uploads\/2026\/02\/pichoun-ventures-oct-2025-3-768x1020.webp 768w, https:\/\/www.lacroixvalmertourisme.com\/wp-content\/uploads\/2026\/02\/pichoun-ventures-oct-2025-3-1157x1536.webp 1157w, https:\/\/www.lacroixvalmertourisme.com\/wp-content\/uploads\/2026\/02\/pichoun-ventures-oct-2025-3-1542x2048.webp 1542w, https:\/\/www.lacroixvalmertourisme.com\/wp-content\/uploads\/2026\/02\/pichoun-ventures-oct-2025-3-113x150.webp 113w, https:\/\/www.lacroixvalmertourisme.com\/wp-content\/uploads\/2026\/02\/pichoun-ventures-oct-2025-3-scaled.webp 1928w\" \/><\/figure>\n\n\n\n<figure class=\"wp-block-image size-large\"><img data-dominant-color=\"ad9c8b\" data-has-transparency=\"false\" style=\"--dominant-color: #ad9c8b;\" loading=\"lazy\" decoding=\"async\" width=\"768\" height=\"1024\" sizes=\"auto, (max-width: 768px) 100vw, 768px\" data-id=\"26957\" data-tippy-content=\"pichoun ventures oct 2025 (1)\" src=\"https:\/\/www.lacroixvalmertourisme.com\/wp-content\/uploads\/2026\/02\/pichoun-ventures-oct-2025-1-768x1024.webp\" alt=\"Activit\u00e9 avec les enfants pour qu'ils cr\u00e9aient des objets en argile sur le th\u00e8me d'Halloween. Ils sont en train de rouler leur boule d'argile sur des plaquettes de bois.\" class=\"wp-image-26957 not-transparent\" srcset=\"https:\/\/www.lacroixvalmertourisme.com\/wp-content\/uploads\/2026\/02\/pichoun-ventures-oct-2025-1-768x1024.webp 768w, https:\/\/www.lacroixvalmertourisme.com\/wp-content\/uploads\/2026\/02\/pichoun-ventures-oct-2025-1-225x300.webp 225w, https:\/\/www.lacroixvalmertourisme.com\/wp-content\/uploads\/2026\/02\/pichoun-ventures-oct-2025-1-1152x1536.webp 1152w, https:\/\/www.lacroixvalmertourisme.com\/wp-content\/uploads\/2026\/02\/pichoun-ventures-oct-2025-1-113x150.webp 113w, https:\/\/www.lacroixvalmertourisme.com\/wp-content\/uploads\/2026\/02\/pichoun-ventures-oct-2025-1.webp 1200w\" \/><\/figure>\n\n\n\n<figure class=\"wp-block-image size-large\"><img data-dominant-color=\"958a76\" data-has-transparency=\"false\" style=\"--dominant-color: #958a76;\" loading=\"lazy\" decoding=\"async\" width=\"768\" height=\"1024\" sizes=\"auto, (max-width: 768px) 100vw, 768px\" data-id=\"26958\" data-tippy-content=\"pichoun ventures oct 2025 (2)\" src=\"https:\/\/www.lacroixvalmertourisme.com\/wp-content\/uploads\/2026\/02\/pichoun-ventures-oct-2025-2-768x1024.webp\" alt=\"Cr\u00e9ation en argile d'un bol en forme de citrouille, pos\u00e9 sur un carton pour le laisser s\u00e9cher.\" class=\"wp-image-26958 not-transparent\" srcset=\"https:\/\/www.lacroixvalmertourisme.com\/wp-content\/uploads\/2026\/02\/pichoun-ventures-oct-2025-2-768x1024.webp 768w, https:\/\/www.lacroixvalmertourisme.com\/wp-content\/uploads\/2026\/02\/pichoun-ventures-oct-2025-2-225x300.webp 225w, https:\/\/www.lacroixvalmertourisme.com\/wp-content\/uploads\/2026\/02\/pichoun-ventures-oct-2025-2-1152x1536.webp 1152w, https:\/\/www.lacroixvalmertourisme.com\/wp-content\/uploads\/2026\/02\/pichoun-ventures-oct-2025-2-113x150.webp 113w, https:\/\/www.lacroixvalmertourisme.com\/wp-content\/uploads\/2026\/02\/pichoun-ventures-oct-2025-2.webp 1200w\" \/><\/figure>\n<\/figure>\n","protected":false},"excerpt":{"rendered":"<p>The holidays are finally here! It&#8217;s a chance to get together and enjoy lots of activities. Throughout the school holidays, the Tourist Office offers families fun and educational activities for young and old alike. There&#8217;s plenty to keep you entertained and make the time fly by. Call the Tourist Office to find out more !&#8230;<\/p>\n","protected":false},"author":4,"featured_media":27694,"parent":4661,"menu_order":158,"comment_status":"closed","ping_status":"closed","template":"page-plage.blade.php","meta":{"_acf_changed":false,"_crdt_document":"","footnotes":""},"class_list":["post-27165","page","type-page","status-publish","has-post-thumbnail","hentry"],"acf":{"pagepage-etendus":"none","video_mp4":false,"poster_image":false,"nugget":false,"page-virtuelle":false,"video_webm":false,"pagepage-updown":false,"autoplay":false,"delay":"","title_alignement":""},"yoast_head":"<!-- This site is optimized with the Yoast SEO plugin v27.5 - https:\/\/yoast.com\/product\/yoast-seo-wordpress\/ -->\n<title>Pichoun&#039;Ventures - La Croix-Valmer Tourisme<\/title>\n<meta name=\"robots\" content=\"index, follow, max-snippet:-1, max-image-preview:large, max-video-preview:-1\" \/>\n<link rel=\"canonical\" href=\"https:\/\/www.lacroixvalmertourisme.com\/en\/fun-nightlife-events\/events\/local-major-events\/pichounventures\" \/>\n<meta property=\"og:locale\" content=\"en_US\" \/>\n<meta property=\"og:type\" content=\"article\" \/>\n<meta property=\"og:title\" content=\"Pichoun&#039;Ventures - La Croix-Valmer Tourisme\" \/>\n<meta property=\"og:description\" content=\"The holidays are finally here! It&#8217;s a chance to get together and enjoy lots of activities. Throughout the school holidays, the Tourist Office offers families fun and educational activities for young and old alike. There&#8217;s plenty to keep you entertained and make the time fly by. Call the Tourist Office to find out more !...\" \/>\n<meta property=\"og:url\" content=\"https:\/\/www.lacroixvalmertourisme.com\/en\/fun-nightlife-events\/events\/local-major-events\/pichounventures\" \/>\n<meta property=\"og:site_name\" content=\"La Croix-Valmer Tourisme\" \/>\n<meta property=\"article:publisher\" content=\"https:\/\/www.facebook.com\/lacroixvalmertourisme\/\" \/>\n<meta property=\"article:modified_time\" content=\"2026-03-25T13:49:23+00:00\" \/>\n<meta property=\"og:image\" content=\"https:\/\/www.lacroixvalmertourisme.com\/wp-content\/uploads\/2024\/10\/richesses-croisiennes-2024-13.jpeg\" \/>\n\t<meta property=\"og:image:width\" content=\"1536\" \/>\n\t<meta property=\"og:image:height\" content=\"2048\" \/>\n\t<meta property=\"og:image:type\" content=\"image\/jpeg\" \/>\n<meta name=\"twitter:card\" content=\"summary_large_image\" \/>\n<meta name=\"twitter:site\" content=\"@La_Croix_Valmer\" \/>\n<meta name=\"twitter:label1\" content=\"Est. reading time\" \/>\n\t<meta name=\"twitter:data1\" content=\"1 minute\" \/>\n<!-- \/ Yoast SEO plugin. -->","yoast_head_json":{"title":"Pichoun'Ventures - La Croix-Valmer Tourisme","robots":{"index":"index","follow":"follow","max-snippet":"max-snippet:-1","max-image-preview":"max-image-preview:large","max-video-preview":"max-video-preview:-1"},"canonical":"https:\/\/www.lacroixvalmertourisme.com\/en\/fun-nightlife-events\/events\/local-major-events\/pichounventures","og_locale":"en_US","og_type":"article","og_title":"Pichoun'Ventures - La Croix-Valmer Tourisme","og_description":"The holidays are finally here! It&#8217;s a chance to get together and enjoy lots of activities. Throughout the school holidays, the Tourist Office offers families fun and educational activities for young and old alike. There&#8217;s plenty to keep you entertained and make the time fly by. Call the Tourist Office to find out more !...","og_url":"https:\/\/www.lacroixvalmertourisme.com\/en\/fun-nightlife-events\/events\/local-major-events\/pichounventures","og_site_name":"La Croix-Valmer Tourisme","article_publisher":"https:\/\/www.facebook.com\/lacroixvalmertourisme\/","article_modified_time":"2026-03-25T13:49:23+00:00","og_image":[{"width":1536,"height":2048,"url":"https:\/\/www.lacroixvalmertourisme.com\/wp-content\/uploads\/2024\/10\/richesses-croisiennes-2024-13.jpeg","type":"image\/jpeg"}],"twitter_card":"summary_large_image","twitter_site":"@La_Croix_Valmer","twitter_misc":{"Est. reading time":"1 minute"},"schema":{"@context":"https:\/\/schema.org","@graph":[{"@type":"WebPage","@id":"https:\/\/www.lacroixvalmertourisme.com\/en\/fun-nightlife-events\/events\/local-major-events\/pichounventures","url":"https:\/\/www.lacroixvalmertourisme.com\/en\/fun-nightlife-events\/events\/local-major-events\/pichounventures","name":"Pichoun'Ventures - La Croix-Valmer Tourisme","isPartOf":{"@id":"https:\/\/www.lacroixvalmertourisme.com\/en#website"},"primaryImageOfPage":{"@id":"https:\/\/www.lacroixvalmertourisme.com\/en\/fun-nightlife-events\/events\/local-major-events\/pichounventures#primaryimage"},"image":{"@id":"https:\/\/www.lacroixvalmertourisme.com\/en\/fun-nightlife-events\/events\/local-major-events\/pichounventures#primaryimage"},"thumbnailUrl":"https:\/\/www.lacroixvalmertourisme.com\/wp-content\/uploads\/2024\/10\/richesses-croisiennes-2024-13.jpeg","datePublished":"2026-02-17T13:03:22+00:00","dateModified":"2026-03-25T13:49:23+00:00","breadcrumb":{"@id":"https:\/\/www.lacroixvalmertourisme.com\/en\/fun-nightlife-events\/events\/local-major-events\/pichounventures#breadcrumb"},"inLanguage":"en-US","potentialAction":[{"@type":"ReadAction","target":["https:\/\/www.lacroixvalmertourisme.com\/en\/fun-nightlife-events\/events\/local-major-events\/pichounventures"]}]},{"@type":"ImageObject","inLanguage":"en-US","@id":"https:\/\/www.lacroixvalmertourisme.com\/en\/fun-nightlife-events\/events\/local-major-events\/pichounventures#primaryimage","url":"https:\/\/www.lacroixvalmertourisme.com\/wp-content\/uploads\/2024\/10\/richesses-croisiennes-2024-13.jpeg","contentUrl":"https:\/\/www.lacroixvalmertourisme.com\/wp-content\/uploads\/2024\/10\/richesses-croisiennes-2024-13.jpeg","width":1536,"height":2048,"caption":"la croix valmer tourisme office de tourisme balades randonn\u00e9es escape game outdoor"},{"@type":"BreadcrumbList","@id":"https:\/\/www.lacroixvalmertourisme.com\/en\/fun-nightlife-events\/events\/local-major-events\/pichounventures#breadcrumb","itemListElement":[{"@type":"ListItem","position":1,"name":"Accueil","item":"https:\/\/www.lacroixvalmertourisme.com\/en"},{"@type":"ListItem","position":2,"name":"Hangout","item":"https:\/\/www.lacroixvalmertourisme.com\/en\/fun-nightlife-events"},{"@type":"ListItem","position":3,"name":"Events","item":"https:\/\/www.lacroixvalmertourisme.com\/en\/fun-nightlife-events\/events"},{"@type":"ListItem","position":4,"name":"Local major events","item":"https:\/\/www.lacroixvalmertourisme.com\/en\/fun-nightlife-events\/events\/local-major-events"},{"@type":"ListItem","position":5,"name":"Pichoun&rsquo;Ventures"}]},{"@type":"WebSite","@id":"https:\/\/www.lacroixvalmertourisme.com\/en#website","url":"https:\/\/www.lacroixvalmertourisme.com\/en","name":"La Croix-Valmer Tourisme","description":"Toutes les informations touristiques pour organiser votre prochain s\u00e9jour \u00e0 La Croix Valmer dans le Golfe de Saint-Tropez","publisher":{"@id":"https:\/\/www.lacroixvalmertourisme.com\/en#organization"},"potentialAction":[{"@type":"SearchAction","target":{"@type":"EntryPoint","urlTemplate":"https:\/\/www.lacroixvalmertourisme.com\/en?s={search_term_string}"},"query-input":{"@type":"PropertyValueSpecification","valueRequired":true,"valueName":"search_term_string"}}],"inLanguage":"en-US"},{"@type":"Organization","@id":"https:\/\/www.lacroixvalmertourisme.com\/en#organization","name":"Office de Tourisme de La Croix Valmer","url":"https:\/\/www.lacroixvalmertourisme.com\/en","logo":{"@type":"ImageObject","inLanguage":"en-US","@id":"https:\/\/www.lacroixvalmertourisme.com\/en#\/schema\/logo\/image\/","url":"https:\/\/www.lacroixvalmertourisme.com\/wp-content\/uploads\/2021\/06\/Logo_ot_bleu.png","contentUrl":"https:\/\/www.lacroixvalmertourisme.com\/wp-content\/uploads\/2021\/06\/Logo_ot_bleu.png","width":591,"height":454,"caption":"Office de Tourisme de La Croix Valmer"},"image":{"@id":"https:\/\/www.lacroixvalmertourisme.com\/en#\/schema\/logo\/image\/"},"sameAs":["https:\/\/www.facebook.com\/lacroixvalmertourisme\/","https:\/\/x.com\/La_Croix_Valmer","https:\/\/www.instagram.com\/lacroixvalmer_tourisme\/"]}]}},"publishpress_future_workflow_manual_trigger":{"enabledWorkflows":[]},"_links":{"self":[{"href":"https:\/\/www.lacroixvalmertourisme.com\/en\/wp-json\/wp\/v2\/pages\/27165","targetHints":{"allow":["GET"]}}],"collection":[{"href":"https:\/\/www.lacroixvalmertourisme.com\/en\/wp-json\/wp\/v2\/pages"}],"about":[{"href":"https:\/\/www.lacroixvalmertourisme.com\/en\/wp-json\/wp\/v2\/types\/page"}],"author":[{"embeddable":true,"href":"https:\/\/www.lacroixvalmertourisme.com\/en\/wp-json\/wp\/v2\/users\/4"}],"replies":[{"embeddable":true,"href":"https:\/\/www.lacroixvalmertourisme.com\/en\/wp-json\/wp\/v2\/comments?post=27165"}],"version-history":[{"count":2,"href":"https:\/\/www.lacroixvalmertourisme.com\/en\/wp-json\/wp\/v2\/pages\/27165\/revisions"}],"predecessor-version":[{"id":27697,"href":"https:\/\/www.lacroixvalmertourisme.com\/en\/wp-json\/wp\/v2\/pages\/27165\/revisions\/27697"}],"up":[{"embeddable":true,"href":"https:\/\/www.lacroixvalmertourisme.com\/en\/wp-json\/wp\/v2\/pages\/4661"}],"wp:featuredmedia":[{"embeddable":true,"href":"https:\/\/www.lacroixvalmertourisme.com\/en\/wp-json\/wp\/v2\/media\/27694"}],"wp:attachment":[{"href":"https:\/\/www.lacroixvalmertourisme.com\/en\/wp-json\/wp\/v2\/media?parent=27165"}],"curies":[{"name":"wp","href":"https:\/\/api.w.org\/{rel}","templated":true}]}}