{"id":25065,"date":"2025-10-26T23:58:21","date_gmt":"2025-10-26T22:58:21","guid":{"rendered":"https:\/\/www.lacroixvalmertourisme.com\/accessibility-declaration"},"modified":"2026-04-20T21:39:28","modified_gmt":"2026-04-20T19:39:28","slug":"accessibility-declaration","status":"publish","type":"page","link":"https:\/\/www.lacroixvalmertourisme.com\/en\/accessibility-declaration","title":{"rendered":"Accessibility declaration"},"content":{"rendered":"\n<div class=\"wp-block-group is-layout-constrained wp-block-group-is-layout-constrained\">\n<p class=\"wp-block-paragraph\">La Croix Valmer Tourist Office is committed to making its website accessible in accordance with Article 47 of Law No. 2005-102 of 11 February 2005.<\/p>\n\n\n\n<p class=\"wp-block-paragraph\">This accessibility statement applies to the <a href=\"https:\/\/www.lacroixvalmertourisme.com\/\">https:\/\/www.lacroixvalmertourisme.com\/<\/a> website.<\/p>\n\n\n\n<h2 class=\"wp-block-heading\">Compliance status<\/h2>\n\n\n\n<p class=\"wp-block-paragraph\">The <a href=\"https:\/\/www.lacroixvalmertourisme.com\/\">https:\/\/www.lacroixvalmertourisme.com\/<\/a> website is partially compliant with the RGAA (r\u00e9f\u00e9rentiel g\u00e9n\u00e9ral d\u2019am\u00e9lioration de l\u2019accessibilit\u00e9), version 4.1.2, due to the non-conformities and derogations listed below.<\/p>\n\n\n\n<h2 class=\"wp-block-heading\">Test results<\/h2>\n\n\n\n<p class=\"wp-block-paragraph\">The accessibility audit carried out on 27 October 2025, updated at 14 December 2025, on a representative sample of 10 pages reveals that :&#013;\n&#013;\n<\/p>\n\n\n\n<ul class=\"wp-block-list\">\n<li>79% of RGAA version 4.1.2 criteria are met;<\/li>\n\n\n\n<li>For information, the site\u2019s average compliance rate is 85,8%;<\/li>\n<\/ul>\n\n\n\n<h3 class=\"wp-block-heading\">Site pages verified for compliance<\/h3>\n\n\n\n<figure class=\"wp-block-table is-style-regular\"><table><thead><tr><th><strong>Name<\/strong><\/th><th><strong>Url<\/strong><\/th><th><strong>Significant elements<\/strong><\/th><\/tr><\/thead><tbody><tr><td>Home<\/td><td><a href=\"https:\/\/www.lacroixvalmertourisme.com\/\">https:\/\/www.lacroixvalmertourisme.com\/<\/a><\/td><td>Mandatory page<\/td><\/tr><tr><td>Contact<\/td><td><a href=\"https:\/\/www.lacroixvalmertourisme.com\/en\/contact\">https:\/\/www.lacroixvalmertourisme.com\/fr\/contact<\/a><\/td><td>Mandatory page<\/td><\/tr><tr><td>Terms of use<\/td><td><a href=\"https:\/\/www.lacroixvalmertourisme.com\/en\/legal-information\">https:\/\/www.lacroixvalmertourisme.com\/fr\/mentions-legales<\/a><\/td><td>Mandatory page<\/td><\/tr><tr><td>Accessibility<\/td><td><a href=\"https:\/\/www.lacroixvalmertourisme.com\/en\/accessibility-declaration\">https:\/\/www.lacroixvalmertourisme.com\/fr\/declaration-daccessibilite<\/a><\/td><td>Mandatory page<\/td><\/tr><tr><td>Search<\/td><td><a href=\"https:\/\/www.lacroixvalmertourisme.com\/en\/search\">https:\/\/www.lacroixvalmertourisme.com\/fr\/search<\/a><\/td><td>Search page and search results page<\/td><\/tr><tr><td>\tEvents page<\/td><td><a href=\"https:\/\/www.lacroixvalmertourisme.com\/en\/fun-nightlife-events\/events\">https:\/\/www.lacroixvalmertourisme.com\/fr\/sortir-se-divertir\/evenements<\/a><\/td><td>Events page<\/td><\/tr><tr><td>Accommodation<\/td><td><a href=\"https:\/\/www.lacroixvalmertourisme.com\/fr\/hebergement\/hotel-restaurant\/la-croix-valmer\/lily-of-the-valley-5241511\">https:\/\/www.lacroixvalmertourisme.com\/fr\/hebergement\/hotel-restaurant\/la-croix-valmer\/lily-of-the-valley-5241511<\/a><\/td><td>Accommodation page<\/td><\/tr><tr><td>Eco friendly holidays<\/td><td><a href=\"https:\/\/www.lacroixvalmertourisme.com\/en\/discover-escape\/a-sustainable-destination\/greening-your-holidays\">https:\/\/www.lacroixvalmertourisme.com\/fr\/decouvrir-et-s-evader\/destination-responsable\/mettre-du-vert-dans-vos-vacances<\/a><\/td><td>Editorial page<\/td><\/tr><tr><td>No risk taken<\/td><td><a href=\"https:\/\/www.lacroixvalmertourisme.com\/en\/no-risk-taken\">https:\/\/www.lacroixvalmertourisme.com\/fr\/pour-ne-prendre-aucun-risque<\/a><\/td><td>Miscellaneous page<\/td><\/tr><tr><td>Documentation<\/td><td><a href=\"https:\/\/www.lacroixvalmertourisme.com\/en\/brochures\">https:\/\/www.lacroixvalmertourisme.com\/fr\/brochures<\/a><\/td><td>Documentation download page<\/td><\/tr><\/tbody><\/table><\/figure>\n\n\n\n<h3 class=\"wp-block-heading\">Test environment and tools for assessing accessibility<\/h3>\n\n\n\n<ul class=\"wp-block-list\">\n<li>Manual test based on RGAA 4.1.2 (criteria and tests)<\/li>\n\n\n\n<li>Rendering engine: Blink, Gecko<\/li>\n\n\n\n<li>Analysis tools: Chrome version 141, Firefox version 144, Web Developer version 3.0.1 (extension), Color Contrast Analyzer version 3.5.4<\/li>\n\n\n\n<li>Screen readers: NVDA version 2024.4.2, JAWS 2025.2505.43<\/li>\n<\/ul>\n\n\n\n<h3 class=\"wp-block-heading\">Content not accessible<\/h3>\n\n\n\n<p class=\"wp-block-paragraph\">Despite our efforts, some content is not accessible:<\/p>\n\n\n\n<ul class=\"wp-block-list\">\n<li><strong>Images<\/strong>\n<ul class=\"wp-block-list\">\n<li>Images containing text are not accompanied by alternative text that conveys the information, or the alternative text is irrelevant or too long.<\/li>\n\n\n\n<li>Images containing complex information do not have detailed descriptions.<\/li>\n<\/ul>\n<\/li>\n\n\n\n<li><strong>Links<\/strong>\n<ul class=\"wp-block-list\">\n<li>Some links do not have accessible titles or their titles are not relevant.<\/li>\n\n\n\n<li>Links to multimedia content do not specify the type of resource.<\/li>\n<\/ul>\n<\/li>\n\n\n\n<li><strong>Forms<\/strong>\n<ul class=\"wp-block-list\">\n<li>Form fields do not have visible labels.<\/li>\n\n\n\n<li>The autocomplete attribute is missing from some input fields.<\/li>\n<\/ul>\n<\/li>\n\n\n\n<li><strong>Multimedia<\/strong>\n<ul class=\"wp-block-list\">\n<li>Some video content does not have synchronised audio description or text transcription.<\/li>\n<\/ul>\n<\/li>\n\n\n\n<li><strong>Navigation<\/strong>\n<ul class=\"wp-block-list\">\n<li>The main navigation menu is not accessible when JavaScript is disabled.<\/li>\n<\/ul>\n<\/li>\n\n\n\n<li><strong>Consultation<\/strong>\n<ul class=\"wp-block-list\">\n<li>Passages of text in a foreign language are not identified by the appropriate lang attribute.<\/li>\n<\/ul>\n<\/li>\n<\/ul>\n\n\n\n<h3 class=\"wp-block-heading\">Derogations for disproportionate burden<\/h3>\n\n\n\n<ul class=\"wp-block-list\">\n<li>No exceptions<\/li>\n<\/ul>\n\n\n\n<h3 class=\"wp-block-heading\">Content not subject to accessibility requirements<\/h3>\n\n\n\n<ul class=\"wp-block-list\">\n<li>Third-party content that is neither funded nor developed by the organisation concerned and is not under its control (online framework, YouTube player, mapping).<\/li>\n\n\n\n<li>Files available in office formats published before 23 September 2018, unless they are necessary for the completion of an administrative procedure falling within the remit of the body concerned.<\/li>\n\n\n\n<li>Pre-recorded audio and video content, including content with interactive components, published before 23 September 2020.<\/li>\n<\/ul>\n\n\n\n<h2 class=\"wp-block-heading\">Preparation of this statement<\/h2>\n\n\n\n<p class=\"wp-block-paragraph\">This statement was prepared on 27 October 2025, based on a comprehensive audit conducted by an external service provider.<\/p>\n\n\n\n<h2 class=\"wp-block-heading\">Feedback and contact<\/h2>\n\n\n\n<p class=\"wp-block-paragraph\">If you are unable to access content or notice a lack of accessibility, you may contact the website manager to be directed to an accessible alternative or obtain the content in another format.<\/p>\n\n\n\n<p class=\"wp-block-paragraph\"><a href=\"https:\/\/www.lacroixvalmertourisme.com\/en\/contact\">Send a message<\/a><\/p>\n\n\n\n<h2 class=\"wp-block-heading\">Avenues of appeal<\/h2>\n\n\n\n<p class=\"wp-block-paragraph\">If you notice a lack of accessibility that prevents you from accessing a content or functionality of the site, and you report it to us and are unable to obtain a response from us, you have the right to send your complaints or a request for referral to the Rights Defender.<\/p>\n\n\n\n<p class=\"wp-block-paragraph\">There are several ways to do this:<\/p>\n\n\n\n<ul class=\"wp-block-list\">\n<li>Write a message to the D\u00e9fenseur des droits (<a href=\"https:\/\/formulaire.defenseurdesdroits.fr\/\">formulaire.defenseurdesdroits.fr<\/a>)<\/li>\n\n\n\n<li>Contact your local D\u00e9fenseur des droits delegate (<a href=\"https:\/\/defenseurdesdroits.fr\/saisir\/delegues\">defenseurdesdroits.fr\/saisir\/delegues<\/a>)<\/li>\n\n\n\n<li>Send a letter by post (free, do not use stamps):<\/li>\n<\/ul>\n\n\n\n<p class=\"wp-block-paragraph\">D\u00e9fenseur des droits<br \/>Free response 71120<br \/><br \/>75342 Paris CEDEX 07<\/p>\n<\/div>\n","protected":false},"excerpt":{"rendered":"<p>La Croix Valmer Tourist Office is committed to making its website accessible in accordance with Article 47 of Law No. 2005-102 of 11 February 2005. This accessibility statement applies to the https:\/\/www.lacroixvalmertourisme.com\/ website. Compliance status The https:\/\/www.lacroixvalmertourisme.com\/ website is partially compliant with the RGAA (r\u00e9f\u00e9rentiel g\u00e9n\u00e9ral d\u2019am\u00e9lioration de l\u2019accessibilit\u00e9), version 4.1.2, due to the non-conformities&#8230;<\/p>\n","protected":false},"author":2,"featured_media":0,"parent":0,"menu_order":279,"comment_status":"closed","ping_status":"closed","template":"","meta":{"_acf_changed":false,"_crdt_document":"","footnotes":""},"class_list":["post-25065","page","type-page","status-publish","hentry"],"acf":{"pagepage-etendus":"none","video_mp4":false,"poster_image":false,"nugget":false,"page-virtuelle":false,"video_webm":false,"pagepage-updown":false,"autoplay":false,"delay":"","title_alignement":""},"yoast_head":"<!-- This site is optimized with the Yoast SEO plugin v27.4 - https:\/\/yoast.com\/product\/yoast-seo-wordpress\/ -->\n<title>Accessibility declaration - La Croix-Valmer Tourisme<\/title>\n<meta name=\"robots\" content=\"index, follow, max-snippet:-1, max-image-preview:large, max-video-preview:-1\" \/>\n<link rel=\"canonical\" href=\"https:\/\/www.lacroixvalmertourisme.com\/en\/accessibility-declaration\" \/>\n<meta property=\"og:locale\" content=\"en_US\" \/>\n<meta property=\"og:type\" content=\"article\" \/>\n<meta property=\"og:title\" content=\"Accessibility declaration - La Croix-Valmer Tourisme\" \/>\n<meta property=\"og:description\" content=\"La Croix Valmer Tourist Office is committed to making its website accessible in accordance with Article 47 of Law No. 2005-102 of 11 February 2005. This accessibility statement applies to the https:\/\/www.lacroixvalmertourisme.com\/ website. Compliance status The https:\/\/www.lacroixvalmertourisme.com\/ website is partially compliant with the RGAA (r\u00e9f\u00e9rentiel g\u00e9n\u00e9ral d\u2019am\u00e9lioration de l\u2019accessibilit\u00e9), version 4.1.2, due to the non-conformities...\" \/>\n<meta property=\"og:url\" content=\"https:\/\/www.lacroixvalmertourisme.com\/en\/accessibility-declaration\" \/>\n<meta property=\"og:site_name\" content=\"La Croix-Valmer Tourisme\" \/>\n<meta property=\"article:publisher\" content=\"https:\/\/www.facebook.com\/lacroixvalmertourisme\/\" \/>\n<meta property=\"article:modified_time\" content=\"2026-04-20T19:39:28+00:00\" \/>\n<meta name=\"twitter:card\" content=\"summary_large_image\" \/>\n<meta name=\"twitter:site\" content=\"@La_Croix_Valmer\" \/>\n<meta name=\"twitter:label1\" content=\"Est. reading time\" \/>\n\t<meta name=\"twitter:data1\" content=\"3 minutes\" \/>\n<!-- \/ Yoast SEO plugin. -->","yoast_head_json":{"title":"Accessibility declaration - La Croix-Valmer Tourisme","robots":{"index":"index","follow":"follow","max-snippet":"max-snippet:-1","max-image-preview":"max-image-preview:large","max-video-preview":"max-video-preview:-1"},"canonical":"https:\/\/www.lacroixvalmertourisme.com\/en\/accessibility-declaration","og_locale":"en_US","og_type":"article","og_title":"Accessibility declaration - La Croix-Valmer Tourisme","og_description":"La Croix Valmer Tourist Office is committed to making its website accessible in accordance with Article 47 of Law No. 2005-102 of 11 February 2005. This accessibility statement applies to the https:\/\/www.lacroixvalmertourisme.com\/ website. Compliance status The https:\/\/www.lacroixvalmertourisme.com\/ website is partially compliant with the RGAA (r\u00e9f\u00e9rentiel g\u00e9n\u00e9ral d\u2019am\u00e9lioration de l\u2019accessibilit\u00e9), version 4.1.2, due to the non-conformities...","og_url":"https:\/\/www.lacroixvalmertourisme.com\/en\/accessibility-declaration","og_site_name":"La Croix-Valmer Tourisme","article_publisher":"https:\/\/www.facebook.com\/lacroixvalmertourisme\/","article_modified_time":"2026-04-20T19:39:28+00:00","twitter_card":"summary_large_image","twitter_site":"@La_Croix_Valmer","twitter_misc":{"Est. reading time":"3 minutes"},"schema":{"@context":"https:\/\/schema.org","@graph":[{"@type":"WebPage","@id":"https:\/\/www.lacroixvalmertourisme.com\/en\/accessibility-declaration","url":"https:\/\/www.lacroixvalmertourisme.com\/en\/accessibility-declaration","name":"Accessibility declaration - La Croix-Valmer Tourisme","isPartOf":{"@id":"https:\/\/www.lacroixvalmertourisme.com\/en#website"},"datePublished":"2025-10-26T22:58:21+00:00","dateModified":"2026-04-20T19:39:28+00:00","breadcrumb":{"@id":"https:\/\/www.lacroixvalmertourisme.com\/en\/accessibility-declaration#breadcrumb"},"inLanguage":"en-US","potentialAction":[{"@type":"ReadAction","target":["https:\/\/www.lacroixvalmertourisme.com\/en\/accessibility-declaration"]}]},{"@type":"BreadcrumbList","@id":"https:\/\/www.lacroixvalmertourisme.com\/en\/accessibility-declaration#breadcrumb","itemListElement":[{"@type":"ListItem","position":1,"name":"Accueil","item":"https:\/\/www.lacroixvalmertourisme.com\/en"},{"@type":"ListItem","position":2,"name":"Accessibility declaration"}]},{"@type":"WebSite","@id":"https:\/\/www.lacroixvalmertourisme.com\/en#website","url":"https:\/\/www.lacroixvalmertourisme.com\/en","name":"La Croix-Valmer Tourisme","description":"Toutes les informations touristiques pour organiser votre prochain s\u00e9jour \u00e0 La Croix Valmer dans le Golfe de Saint-Tropez","publisher":{"@id":"https:\/\/www.lacroixvalmertourisme.com\/en#organization"},"potentialAction":[{"@type":"SearchAction","target":{"@type":"EntryPoint","urlTemplate":"https:\/\/www.lacroixvalmertourisme.com\/en?s={search_term_string}"},"query-input":{"@type":"PropertyValueSpecification","valueRequired":true,"valueName":"search_term_string"}}],"inLanguage":"en-US"},{"@type":"Organization","@id":"https:\/\/www.lacroixvalmertourisme.com\/en#organization","name":"Office de Tourisme de La Croix Valmer","url":"https:\/\/www.lacroixvalmertourisme.com\/en","logo":{"@type":"ImageObject","inLanguage":"en-US","@id":"https:\/\/www.lacroixvalmertourisme.com\/en#\/schema\/logo\/image\/","url":"https:\/\/www.lacroixvalmertourisme.com\/wp-content\/uploads\/2021\/06\/Logo_ot_bleu.png","contentUrl":"https:\/\/www.lacroixvalmertourisme.com\/wp-content\/uploads\/2021\/06\/Logo_ot_bleu.png","width":591,"height":454,"caption":"Office de Tourisme de La Croix Valmer"},"image":{"@id":"https:\/\/www.lacroixvalmertourisme.com\/en#\/schema\/logo\/image\/"},"sameAs":["https:\/\/www.facebook.com\/lacroixvalmertourisme\/","https:\/\/x.com\/La_Croix_Valmer","https:\/\/www.instagram.com\/lacroixvalmer_tourisme\/"]}]}},"publishpress_future_workflow_manual_trigger":{"enabledWorkflows":[]},"_links":{"self":[{"href":"https:\/\/www.lacroixvalmertourisme.com\/en\/wp-json\/wp\/v2\/pages\/25065","targetHints":{"allow":["GET"]}}],"collection":[{"href":"https:\/\/www.lacroixvalmertourisme.com\/en\/wp-json\/wp\/v2\/pages"}],"about":[{"href":"https:\/\/www.lacroixvalmertourisme.com\/en\/wp-json\/wp\/v2\/types\/page"}],"author":[{"embeddable":true,"href":"https:\/\/www.lacroixvalmertourisme.com\/en\/wp-json\/wp\/v2\/users\/2"}],"replies":[{"embeddable":true,"href":"https:\/\/www.lacroixvalmertourisme.com\/en\/wp-json\/wp\/v2\/comments?post=25065"}],"version-history":[{"count":4,"href":"https:\/\/www.lacroixvalmertourisme.com\/en\/wp-json\/wp\/v2\/pages\/25065\/revisions"}],"predecessor-version":[{"id":26075,"href":"https:\/\/www.lacroixvalmertourisme.com\/en\/wp-json\/wp\/v2\/pages\/25065\/revisions\/26075"}],"wp:attachment":[{"href":"https:\/\/www.lacroixvalmertourisme.com\/en\/wp-json\/wp\/v2\/media?parent=25065"}],"curies":[{"name":"wp","href":"https:\/\/api.w.org\/{rel}","templated":true}]}}