{"id":24369,"date":"2025-09-16T09:35:52","date_gmt":"2025-09-16T07:35:52","guid":{"rendered":"https:\/\/www.lacroixvalmertourisme.com\/blog"},"modified":"2026-04-27T15:11:02","modified_gmt":"2026-04-27T13:11:02","slug":"blog","status":"publish","type":"page","link":"https:\/\/www.lacroixvalmertourisme.com\/en\/blog","title":{"rendered":"Blog"},"content":{"rendered":"\n<div class=\"wp-block-group alignwide is-layout-constrained wp-block-group-is-layout-constrained\">\n<div class=\"wp-block-query alignwide is-layout-flow wp-block-query-is-layout-flow\"><ul class=\"columns-2 alignfull wp-block-post-template is-layout-grid wp-container-core-post-template-is-layout-b8ceaeaf wp-block-post-template-is-layout-grid\"><li class=\"wp-block-post post-26517 post type-post status-publish format-standard has-post-thumbnail hentry category-blog\">\n\n<div class=\"wp-block-cover has-custom-content-position is-position-bottom-left\" style=\"padding-top:var(--wp--preset--spacing--60);padding-right:var(--wp--preset--spacing--60);padding-bottom:var(--wp--preset--spacing--60);padding-left:var(--wp--preset--spacing--60)\"><span aria-hidden=\"true\" class=\"wp-block-cover__background has-background-dim-60 has-background-dim wp-block-cover__gradient-background has-background-gradient has-bg-gradient-to-black-bottom-gradient-background\"><\/span><img loading=\"lazy\" decoding=\"async\" width=\"1280\" height=\"810\" src=\"https:\/\/www.lacroixvalmertourisme.com\/wp-content\/uploads\/2026\/01\/dummy-1280x810.webp\" class=\"wp-block-cover__image-background not-transparent wp-post-image\" alt=\"Lieu de d\u00e9part de la course \u00e0 v\u00e9lo de route, l&#039;arche gonflable d\u00e9limite la ligne de d\u00e9part et beaucoup de cyclistes attendent de pouvoir s&#039;\u00e9lancer sur les routes du golfe. C&#039;est au coeur de La Croix Valmer, des supporters sont venu les soutenir.\" data-object-fit=\"cover\" data-has-transparency=\"false\" data-dominant-color=\"686b66\" style=\"--dominant-color: #686b66;\" \/><div class=\"wp-block-cover__inner-container is-layout-constrained wp-container-core-cover-is-layout-11859842 wp-block-cover-is-layout-constrained\"><h2 class=\"wp-block-post-title\"><a href=\"https:\/\/www.lacroixvalmertourisme.com\/en\/portrait-gulf-tour\" target=\"_self\" >Portrait Gulf Tour<\/a><\/h2><\/div><\/div>\n\n<\/li><li class=\"wp-block-post post-26288 post type-post status-publish format-standard has-post-thumbnail hentry category-blog\">\n\n<div class=\"wp-block-cover has-custom-content-position is-position-bottom-left\" style=\"padding-top:var(--wp--preset--spacing--60);padding-right:var(--wp--preset--spacing--60);padding-bottom:var(--wp--preset--spacing--60);padding-left:var(--wp--preset--spacing--60)\"><span aria-hidden=\"true\" class=\"wp-block-cover__background has-background-dim-60 has-background-dim wp-block-cover__gradient-background has-background-gradient has-bg-gradient-to-black-bottom-gradient-background\"><\/span><img loading=\"lazy\" decoding=\"async\" width=\"1280\" height=\"1024\" src=\"https:\/\/www.lacroixvalmertourisme.com\/wp-content\/uploads\/2025\/12\/PXL_20251023_121521436.MP_-1280x1024.webp\" class=\"wp-block-cover__image-background not-transparent wp-post-image\" alt=\"Technical Services Set Design Christmas 2025\" data-object-fit=\"cover\" data-has-transparency=\"false\" data-dominant-color=\"82868a\" style=\"--dominant-color: #82868a;\" \/><div class=\"wp-block-cover__inner-container is-layout-constrained wp-container-core-cover-is-layout-11859842 wp-block-cover-is-layout-constrained\"><h2 class=\"wp-block-post-title\"><a href=\"https:\/\/www.lacroixvalmertourisme.com\/en\/christmas-notebooks-in-la-croix-valmer\" target=\"_self\" >Christmas Notebooks in La Croix Valmer<\/a><\/h2><\/div><\/div>\n\n<\/li><li class=\"wp-block-post post-26101 post type-post status-publish format-standard has-post-thumbnail hentry category-blog\">\n\n<div class=\"wp-block-cover has-custom-content-position is-position-bottom-left\" style=\"padding-top:var(--wp--preset--spacing--60);padding-right:var(--wp--preset--spacing--60);padding-bottom:var(--wp--preset--spacing--60);padding-left:var(--wp--preset--spacing--60)\"><span aria-hidden=\"true\" class=\"wp-block-cover__background has-background-dim-60 has-background-dim wp-block-cover__gradient-background has-background-gradient has-bg-gradient-to-black-bottom-gradient-background\"><\/span><img loading=\"lazy\" decoding=\"async\" width=\"1280\" height=\"1024\" src=\"https:\/\/www.lacroixvalmertourisme.com\/wp-content\/uploads\/2025\/12\/Orangeraie-Photo-Bernard-GIANI5-2-1280x1024.webp\" class=\"wp-block-cover__image-background not-transparent wp-post-image\" alt=\"Overview of the Orangeraie hotel, where you can see the beautiful period roof and the magnificent, well-maintained garden with a fountain and palm tree. The hotel pool is also clearly visible, surrounded by deckchairs and restaurant tables.\" data-object-fit=\"cover\" data-has-transparency=\"false\" data-dominant-color=\"7d8165\" style=\"--dominant-color: #7d8165;\" \/><div class=\"wp-block-cover__inner-container is-layout-constrained wp-container-core-cover-is-layout-11859842 wp-block-cover-is-layout-constrained\"><h2 class=\"wp-block-post-title\"><a href=\"https:\/\/www.lacroixvalmertourisme.com\/en\/4-star-hotel-lorangeraie\" target=\"_self\" >4-star Hotel L&#8217;Orangeraie<\/a><\/h2><\/div><\/div>\n\n<\/li><li class=\"wp-block-post post-25688 post type-post status-publish format-standard has-post-thumbnail hentry category-blog\">\n\n<div class=\"wp-block-cover has-custom-content-position is-position-bottom-left\" style=\"padding-top:var(--wp--preset--spacing--60);padding-right:var(--wp--preset--spacing--60);padding-bottom:var(--wp--preset--spacing--60);padding-left:var(--wp--preset--spacing--60)\"><span aria-hidden=\"true\" class=\"wp-block-cover__background has-background-dim-60 has-background-dim wp-block-cover__gradient-background has-background-gradient has-bg-gradient-to-black-bottom-gradient-background\"><\/span><img loading=\"lazy\" decoding=\"async\" width=\"600\" height=\"315\" src=\"https:\/\/www.lacroixvalmertourisme.com\/wp-content\/uploads\/2025\/10\/90fc80c8675636a2303f8ded0ca3cd-123b8.webp\" class=\"wp-block-cover__image-background not-transparent wp-post-image\" alt=\"Banc de dauphins nageant vers le fond de l&#039;oc\u00e9an\" data-object-fit=\"cover\"   data-has-transparency=\"false\" data-dominant-color=\"2a689e\" style=\"--dominant-color: #2a689e;\" \/><div class=\"wp-block-cover__inner-container is-layout-constrained wp-container-core-cover-is-layout-11859842 wp-block-cover-is-layout-constrained\"><h2 class=\"wp-block-post-title\"><a href=\"https:\/\/www.lacroixvalmertourisme.com\/en\/portrait-sea-day-no-2-2\" target=\"_self\" >Portrait Sea Day No. 2<\/a><\/h2><\/div><\/div>\n\n<\/li><li class=\"wp-block-post post-25540 post type-post status-publish format-standard has-post-thumbnail hentry category-blog category-non-classifiee\">\n\n<div class=\"wp-block-cover has-custom-content-position is-position-bottom-left\" style=\"padding-top:var(--wp--preset--spacing--60);padding-right:var(--wp--preset--spacing--60);padding-bottom:var(--wp--preset--spacing--60);padding-left:var(--wp--preset--spacing--60)\"><span aria-hidden=\"true\" class=\"wp-block-cover__background has-background-dim-60 has-background-dim wp-block-cover__gradient-background has-background-gradient has-bg-gradient-to-black-bottom-gradient-background\"><\/span><img loading=\"lazy\" decoding=\"async\" width=\"1280\" height=\"1024\" src=\"https:\/\/www.lacroixvalmertourisme.com\/wp-content\/uploads\/2025\/11\/Lily-of-the-Valley_La-Brigantine-5-1280x1024.webp\" class=\"wp-block-cover__image-background not-transparent wp-post-image\" alt=\"Restaurant La Brigantine - H\u00f4tel Lily of the Valley\" data-object-fit=\"cover\" data-has-transparency=\"false\" data-dominant-color=\"674a32\" style=\"--dominant-color: #674a32;\" \/><div class=\"wp-block-cover__inner-container is-layout-constrained wp-container-core-cover-is-layout-11859842 wp-block-cover-is-layout-constrained\"><h2 class=\"wp-block-post-title\"><a href=\"https:\/\/www.lacroixvalmertourisme.com\/en\/special-restaurants-ouverts-a-lannee\" target=\"_self\" >Special feature: Restaurants open all year round<\/a><\/h2><\/div><\/div>\n\n<\/li><li class=\"wp-block-post post-25308 post type-post status-publish format-standard has-post-thumbnail hentry category-blog\">\n\n<div class=\"wp-block-cover has-custom-content-position is-position-bottom-left\" style=\"padding-top:var(--wp--preset--spacing--60);padding-right:var(--wp--preset--spacing--60);padding-bottom:var(--wp--preset--spacing--60);padding-left:var(--wp--preset--spacing--60)\"><span aria-hidden=\"true\" class=\"wp-block-cover__background has-background-dim-60 has-background-dim wp-block-cover__gradient-background has-background-gradient has-bg-gradient-to-black-bottom-gradient-background\"><\/span><img loading=\"lazy\" decoding=\"async\" width=\"1280\" height=\"1024\" src=\"https:\/\/www.lacroixvalmertourisme.com\/wp-content\/uploads\/2025\/11\/7340182-1280x1024.webp\" class=\"wp-block-cover__image-background not-transparent wp-post-image\" alt=\"Un homme allong\u00e9 sur une table de massage avec une serviette blanche recevant un soin bien-\u00eatre par un professionnel en tenue dans un spa\" data-object-fit=\"cover\" data-has-transparency=\"false\" data-dominant-color=\"6f5740\" style=\"--dominant-color: #6f5740;\" \/><div class=\"wp-block-cover__inner-container is-layout-constrained wp-container-core-cover-is-layout-11859842 wp-block-cover-is-layout-constrained\"><h2 class=\"wp-block-post-title\"><a href=\"https:\/\/www.lacroixvalmertourisme.com\/en\/wellness-special-spa-and-relaxation\" target=\"_self\" >Wellness Special: Spa and Relaxation<\/a><\/h2><\/div><\/div>\n\n<\/li><li class=\"wp-block-post post-25274 post type-post status-publish format-standard has-post-thumbnail hentry category-blog\">\n\n<div class=\"wp-block-cover has-custom-content-position is-position-bottom-left\" style=\"padding-top:var(--wp--preset--spacing--60);padding-right:var(--wp--preset--spacing--60);padding-bottom:var(--wp--preset--spacing--60);padding-left:var(--wp--preset--spacing--60)\"><span aria-hidden=\"true\" class=\"wp-block-cover__background has-background-dim-60 has-background-dim wp-block-cover__gradient-background has-background-gradient has-bg-gradient-to-black-bottom-gradient-background\"><\/span><img loading=\"lazy\" decoding=\"async\" width=\"1280\" height=\"1024\" src=\"https:\/\/www.lacroixvalmertourisme.com\/wp-content\/uploads\/2025\/11\/Brunch-Les-Saisonniers-1280x1024.webp\" class=\"wp-block-cover__image-background not-transparent wp-post-image\" alt=\"A gourmet table with different plates that make up a brunch with drinks like coffee and juice, cereals with yogurt, pastries, bread, salads, fruit...\" data-object-fit=\"cover\" data-has-transparency=\"false\" data-dominant-color=\"978370\" style=\"--dominant-color: #978370;\" \/><div class=\"wp-block-cover__inner-container is-layout-constrained wp-container-core-cover-is-layout-11859842 wp-block-cover-is-layout-constrained\"><h2 class=\"wp-block-post-title\"><a href=\"https:\/\/www.lacroixvalmertourisme.com\/en\/focus-on-brunch-breakfast\" target=\"_self\" >Focus on Brunch &amp; Breakfast<\/a><\/h2><\/div><\/div>\n\n<\/li><li class=\"wp-block-post post-24636 post type-post status-publish format-standard has-post-thumbnail hentry category-blog\">\n\n<div class=\"wp-block-cover has-custom-content-position is-position-bottom-left\" style=\"padding-top:var(--wp--preset--spacing--60);padding-right:var(--wp--preset--spacing--60);padding-bottom:var(--wp--preset--spacing--60);padding-left:var(--wp--preset--spacing--60)\"><span aria-hidden=\"true\" class=\"wp-block-cover__background has-background-dim-60 has-background-dim wp-block-cover__gradient-background has-background-gradient has-bg-gradient-to-black-bottom-gradient-background\"><\/span><img loading=\"lazy\" decoding=\"async\" width=\"768\" height=\"1024\" src=\"https:\/\/www.lacroixvalmertourisme.com\/wp-content\/uploads\/2025\/10\/PNPC_014035_BD.webp\" class=\"wp-block-cover__image-background wp-post-image\" alt=\"Vue panoramique depuis les \u00eeles du Parc National de Port-Cros. La photo est prise depuis une fondation qui donne une jolie vue sur la for\u00eat bien verte du littoral ainsi que sur la mer compos\u00e9e de diff\u00e9rents bleus. Quatre bateaux sont sur l&#039;eau sous un ciel parfaitement bleu\" data-object-fit=\"cover\"   \/><div class=\"wp-block-cover__inner-container is-layout-constrained wp-container-core-cover-is-layout-11859842 wp-block-cover-is-layout-constrained\"><h2 class=\"wp-block-post-title\"><a href=\"https:\/\/www.lacroixvalmertourisme.com\/en\/portrait-journee-mer-virginie-pnpc\" target=\"_self\" >Portrait Sea Day No. 1<\/a><\/h2><\/div><\/div>\n\n<\/li><li class=\"wp-block-post post-24339 post type-post status-publish format-standard has-post-thumbnail hentry category-blog\">\n\n<div class=\"wp-block-cover has-custom-content-position is-position-bottom-left\" style=\"padding-top:var(--wp--preset--spacing--60);padding-right:var(--wp--preset--spacing--60);padding-bottom:var(--wp--preset--spacing--60);padding-left:var(--wp--preset--spacing--60)\"><span aria-hidden=\"true\" class=\"wp-block-cover__background has-background-dim-60 has-background-dim wp-block-cover__gradient-background has-background-gradient has-bg-gradient-to-black-bottom-gradient-background\"><\/span><img loading=\"lazy\" decoding=\"async\" width=\"1080\" height=\"1024\" src=\"https:\/\/www.lacroixvalmertourisme.com\/wp-content\/uploads\/2025\/09\/1-1080x1024.png\" class=\"wp-block-cover__image-background wp-post-image\" alt=\"Photo of a poster created by Les Editions Bisous. It is a drawing of Sylvabelle beach in La Croix Valmer.\" data-object-fit=\"cover\" \/><div class=\"wp-block-cover__inner-container is-layout-constrained wp-container-core-cover-is-layout-11859842 wp-block-cover-is-layout-constrained\"><h2 class=\"wp-block-post-title\"><a href=\"https:\/\/www.lacroixvalmertourisme.com\/en\/meeting-with-audrey-founder-of-editions-bisous\" target=\"_self\" >Meeting with Audrey &#8211; Founder of \u00c9ditions Bisous<\/a><\/h2><\/div><\/div>\n\n<\/li><li class=\"wp-block-post post-24327 post type-post status-publish format-standard has-post-thumbnail hentry category-blog\">\n\n<div class=\"wp-block-cover has-custom-content-position is-position-bottom-left\" style=\"padding-top:var(--wp--preset--spacing--60);padding-right:var(--wp--preset--spacing--60);padding-bottom:var(--wp--preset--spacing--60);padding-left:var(--wp--preset--spacing--60)\"><span aria-hidden=\"true\" class=\"wp-block-cover__background has-background-dim-60 has-background-dim wp-block-cover__gradient-background has-background-gradient has-bg-gradient-to-black-bottom-gradient-background\"><\/span><img loading=\"lazy\" decoding=\"async\" width=\"1280\" height=\"1024\" src=\"https:\/\/www.lacroixvalmertourisme.com\/wp-content\/uploads\/2025\/09\/la-croix-valmer-richesses-croisiennes-soliver-2023-\u00a9-Golfe-de-Saint-Tropez-55-1280x1024.jpg\" class=\"wp-block-cover__image-background wp-post-image\" alt=\"Un guide du Parc National de Port-Cros en train de se balader sur les sentier du littoral avec une paire de jumelles autour du cou. Il est au milieu de la v\u00e9g\u00e9tation verte du littoral proven\u00e7al et il marche sur un chemin avec du sable\" data-object-fit=\"cover\" \/><div class=\"wp-block-cover__inner-container is-layout-constrained wp-container-core-cover-is-layout-11859842 wp-block-cover-is-layout-constrained\"><h2 class=\"wp-block-post-title\"><a href=\"https:\/\/www.lacroixvalmertourisme.com\/en\/portrait-richesses-croisiennes-n1\" target=\"_self\" >Portrait of Croisienne Riches No. 1<\/a><\/h2><\/div><\/div>\n\n<\/li><li class=\"wp-block-post post-24325 post type-post status-publish format-standard has-post-thumbnail hentry category-blog\">\n\n<div class=\"wp-block-cover has-custom-content-position is-position-bottom-left\" style=\"padding-top:var(--wp--preset--spacing--60);padding-right:var(--wp--preset--spacing--60);padding-bottom:var(--wp--preset--spacing--60);padding-left:var(--wp--preset--spacing--60)\"><span aria-hidden=\"true\" class=\"wp-block-cover__background has-background-dim-60 has-background-dim wp-block-cover__gradient-background has-background-gradient has-bg-gradient-to-black-bottom-gradient-background\"><\/span><img loading=\"lazy\" decoding=\"async\" width=\"1280\" height=\"1024\" src=\"https:\/\/www.lacroixvalmertourisme.com\/wp-content\/uploads\/2025\/09\/Elia-Kuhn-Photographe-2020-\uf020Sonia-au-Domaine-de-La-Croix\uf020-117-1280x1024.jpg\" class=\"wp-block-cover__image-background wp-post-image\" alt=\"Sonia Ferchaud de Beyond the Wine en robe rouge et gilet noir en train de d\u00e9guster un verre de vin rouge du Domaine de La Croix dans les jardins du domaine. Elle est assise face \u00e0 une barrique qui sert de table sur laquelle une bouteille de vin rouge est pos\u00e9e.\" data-object-fit=\"cover\" \/><div class=\"wp-block-cover__inner-container is-layout-constrained wp-container-core-cover-is-layout-11859842 wp-block-cover-is-layout-constrained\"><h2 class=\"wp-block-post-title\"><a href=\"https:\/\/www.lacroixvalmertourisme.com\/en\/portrait-richesses-croisiennes-n2\" target=\"_self\" >Portrait of Croisian Riches No.2<\/a><\/h2><\/div><\/div>\n\n<\/li><li class=\"wp-block-post post-24323 post type-post status-publish format-standard has-post-thumbnail hentry category-blog\">\n\n<div class=\"wp-block-cover has-custom-content-position is-position-bottom-left\" style=\"padding-top:var(--wp--preset--spacing--60);padding-right:var(--wp--preset--spacing--60);padding-bottom:var(--wp--preset--spacing--60);padding-left:var(--wp--preset--spacing--60)\"><span aria-hidden=\"true\" class=\"wp-block-cover__background has-background-dim-60 has-background-dim wp-block-cover__gradient-background has-background-gradient has-bg-gradient-to-black-bottom-gradient-background\"><\/span><img loading=\"lazy\" decoding=\"async\" width=\"800\" height=\"526\" src=\"https:\/\/www.lacroixvalmertourisme.com\/wp-content\/uploads\/2025\/09\/Photo-Jeremy-Fel-Copyright-Philippe-Matsas-2021-2024-crop-1.webp\" class=\"wp-block-cover__image-background wp-post-image\" alt=\"Photographie de l&#039;auteur Jeremy Fel, il a les bras crois\u00e9s et le regard per\u00e7ant. Il porte une veste en cuir noire et une chemise blanche, il est pos\u00e9 devant un fond gris\" data-object-fit=\"cover\"   \/><div class=\"wp-block-cover__inner-container is-layout-constrained wp-container-core-cover-is-layout-11859842 wp-block-cover-is-layout-constrained\"><h2 class=\"wp-block-post-title\"><a href=\"https:\/\/www.lacroixvalmertourisme.com\/en\/meeting-with-jeremy-fel-author-of-the-novel-malgre-toute-ma-rage-despite-all-my-rage\" target=\"_self\" >Meeting with J\u00e9r\u00e9my Fel \u2013 Author of the novel Malgr\u00e9 toute ma rage (Despite All My Rage)<\/a><\/h2><\/div><\/div>\n\n<\/li><\/ul><\/div>\n<\/div>\n","protected":false},"excerpt":{"rendered":"","protected":false},"author":4,"featured_media":0,"parent":0,"menu_order":209,"comment_status":"closed","ping_status":"closed","template":"","meta":{"_acf_changed":false,"_crdt_document":"","footnotes":""},"class_list":["post-24369","page","type-page","status-publish","hentry"],"acf":{"pagepage-etendus":"none","video_mp4":false,"poster_image":false,"nugget":false,"page-virtuelle":false,"video_webm":false,"pagepage-updown":false,"autoplay":false,"delay":"","title_alignement":""},"yoast_head":"<!-- This site is optimized with the Yoast SEO plugin v27.5 - https:\/\/yoast.com\/product\/yoast-seo-wordpress\/ -->\n<title>Blog - La Croix-Valmer Tourisme<\/title>\n<meta name=\"robots\" content=\"index, follow, max-snippet:-1, max-image-preview:large, max-video-preview:-1\" \/>\n<link rel=\"canonical\" href=\"https:\/\/www.lacroixvalmertourisme.com\/en\/blog\" \/>\n<meta property=\"og:locale\" content=\"en_US\" \/>\n<meta property=\"og:type\" content=\"article\" \/>\n<meta property=\"og:title\" content=\"Blog - La Croix-Valmer Tourisme\" \/>\n<meta property=\"og:url\" content=\"https:\/\/www.lacroixvalmertourisme.com\/en\/blog\" \/>\n<meta property=\"og:site_name\" content=\"La Croix-Valmer Tourisme\" \/>\n<meta property=\"article:publisher\" content=\"https:\/\/www.facebook.com\/lacroixvalmertourisme\/\" \/>\n<meta property=\"article:modified_time\" content=\"2026-04-27T13:11:02+00:00\" \/>\n<meta name=\"twitter:card\" content=\"summary_large_image\" \/>\n<meta name=\"twitter:site\" content=\"@La_Croix_Valmer\" \/>\n<!-- \/ Yoast SEO plugin. -->","yoast_head_json":{"title":"Blog - La Croix-Valmer Tourisme","robots":{"index":"index","follow":"follow","max-snippet":"max-snippet:-1","max-image-preview":"max-image-preview:large","max-video-preview":"max-video-preview:-1"},"canonical":"https:\/\/www.lacroixvalmertourisme.com\/en\/blog","og_locale":"en_US","og_type":"article","og_title":"Blog - La Croix-Valmer Tourisme","og_url":"https:\/\/www.lacroixvalmertourisme.com\/en\/blog","og_site_name":"La Croix-Valmer Tourisme","article_publisher":"https:\/\/www.facebook.com\/lacroixvalmertourisme\/","article_modified_time":"2026-04-27T13:11:02+00:00","twitter_card":"summary_large_image","twitter_site":"@La_Croix_Valmer","schema":{"@context":"https:\/\/schema.org","@graph":[{"@type":"WebPage","@id":"https:\/\/www.lacroixvalmertourisme.com\/en\/blog","url":"https:\/\/www.lacroixvalmertourisme.com\/en\/blog","name":"Blog - La Croix-Valmer Tourisme","isPartOf":{"@id":"https:\/\/www.lacroixvalmertourisme.com\/en#website"},"datePublished":"2025-09-16T07:35:52+00:00","dateModified":"2026-04-27T13:11:02+00:00","breadcrumb":{"@id":"https:\/\/www.lacroixvalmertourisme.com\/en\/blog#breadcrumb"},"inLanguage":"en-US","potentialAction":[{"@type":"ReadAction","target":["https:\/\/www.lacroixvalmertourisme.com\/en\/blog"]}]},{"@type":"BreadcrumbList","@id":"https:\/\/www.lacroixvalmertourisme.com\/en\/blog#breadcrumb","itemListElement":[{"@type":"ListItem","position":1,"name":"Accueil","item":"https:\/\/www.lacroixvalmertourisme.com\/en"},{"@type":"ListItem","position":2,"name":"Blog"}]},{"@type":"WebSite","@id":"https:\/\/www.lacroixvalmertourisme.com\/en#website","url":"https:\/\/www.lacroixvalmertourisme.com\/en","name":"La Croix-Valmer Tourisme","description":"Toutes les informations touristiques pour organiser votre prochain s\u00e9jour \u00e0 La Croix Valmer dans le Golfe de Saint-Tropez","publisher":{"@id":"https:\/\/www.lacroixvalmertourisme.com\/en#organization"},"potentialAction":[{"@type":"SearchAction","target":{"@type":"EntryPoint","urlTemplate":"https:\/\/www.lacroixvalmertourisme.com\/en?s={search_term_string}"},"query-input":{"@type":"PropertyValueSpecification","valueRequired":true,"valueName":"search_term_string"}}],"inLanguage":"en-US"},{"@type":"Organization","@id":"https:\/\/www.lacroixvalmertourisme.com\/en#organization","name":"Office de Tourisme de La Croix Valmer","url":"https:\/\/www.lacroixvalmertourisme.com\/en","logo":{"@type":"ImageObject","inLanguage":"en-US","@id":"https:\/\/www.lacroixvalmertourisme.com\/en#\/schema\/logo\/image\/","url":"https:\/\/www.lacroixvalmertourisme.com\/wp-content\/uploads\/2021\/06\/Logo_ot_bleu.png","contentUrl":"https:\/\/www.lacroixvalmertourisme.com\/wp-content\/uploads\/2021\/06\/Logo_ot_bleu.png","width":591,"height":454,"caption":"Office de Tourisme de La Croix Valmer"},"image":{"@id":"https:\/\/www.lacroixvalmertourisme.com\/en#\/schema\/logo\/image\/"},"sameAs":["https:\/\/www.facebook.com\/lacroixvalmertourisme\/","https:\/\/x.com\/La_Croix_Valmer","https:\/\/www.instagram.com\/lacroixvalmer_tourisme\/"]}]}},"publishpress_future_workflow_manual_trigger":{"enabledWorkflows":[]},"_links":{"self":[{"href":"https:\/\/www.lacroixvalmertourisme.com\/en\/wp-json\/wp\/v2\/pages\/24369","targetHints":{"allow":["GET"]}}],"collection":[{"href":"https:\/\/www.lacroixvalmertourisme.com\/en\/wp-json\/wp\/v2\/pages"}],"about":[{"href":"https:\/\/www.lacroixvalmertourisme.com\/en\/wp-json\/wp\/v2\/types\/page"}],"author":[{"embeddable":true,"href":"https:\/\/www.lacroixvalmertourisme.com\/en\/wp-json\/wp\/v2\/users\/4"}],"replies":[{"embeddable":true,"href":"https:\/\/www.lacroixvalmertourisme.com\/en\/wp-json\/wp\/v2\/comments?post=24369"}],"version-history":[{"count":11,"href":"https:\/\/www.lacroixvalmertourisme.com\/en\/wp-json\/wp\/v2\/pages\/24369\/revisions"}],"predecessor-version":[{"id":24992,"href":"https:\/\/www.lacroixvalmertourisme.com\/en\/wp-json\/wp\/v2\/pages\/24369\/revisions\/24992"}],"wp:attachment":[{"href":"https:\/\/www.lacroixvalmertourisme.com\/en\/wp-json\/wp\/v2\/media?parent=24369"}],"curies":[{"name":"wp","href":"https:\/\/api.w.org\/{rel}","templated":true}]}}