{"id":20411,"date":"2025-01-24T10:16:04","date_gmt":"2025-01-24T09:16:04","guid":{"rendered":"https:\/\/www.lacroixvalmertourisme.com\/la-croix-valmer-tourisme\/your-opinion-matters"},"modified":"2026-02-17T10:41:36","modified_gmt":"2026-02-17T09:41:36","slug":"your-opinion-matters","status":"publish","type":"page","link":"https:\/\/www.lacroixvalmertourisme.com\/en\/la-croix-valmer-tourisme\/your-opinion-matters","title":{"rendered":"Your opinion matters"},"content":{"rendered":"\n<div class=\"wp-block-group alignwide is-layout-constrained wp-block-group-is-layout-constrained\">\n<figure class=\"wp-block-image aligncenter size-large is-style-rounded is-style-rounded--1\"><a data-caption=\"form votre avis nous int\u00e9resse\" href=\"https:\/\/www.lacroixvalmertourisme.com\/wp-content\/uploads\/2025\/02\/form-votre-avis-nous-interesse-1-1024x256.png\" data-fancybox=\"gallery\"><img loading=\"lazy\" decoding=\"async\" width=\"1024\" height=\"256\" sizes=\"auto, (max-width: 1024px) 100vw, 1024px\" data-tippy-content=\"form votre avis nous int\u00e9resse\" src=\"https:\/\/www.lacroixvalmertourisme.com\/wp-content\/uploads\/2025\/02\/form-votre-avis-nous-interesse-1-1024x256.png\" alt=\"\" class=\"wp-image-20752\" srcset=\"https:\/\/www.lacroixvalmertourisme.com\/wp-content\/uploads\/2025\/02\/form-votre-avis-nous-interesse-1-1024x256.png 1024w, https:\/\/www.lacroixvalmertourisme.com\/wp-content\/uploads\/2025\/02\/form-votre-avis-nous-interesse-1-300x75.png 300w, https:\/\/www.lacroixvalmertourisme.com\/wp-content\/uploads\/2025\/02\/form-votre-avis-nous-interesse-1-768x192.png 768w, https:\/\/www.lacroixvalmertourisme.com\/wp-content\/uploads\/2025\/02\/form-votre-avis-nous-interesse-1-1536x384.png 1536w, https:\/\/www.lacroixvalmertourisme.com\/wp-content\/uploads\/2025\/02\/form-votre-avis-nous-interesse-1-600x150.png 600w, https:\/\/www.lacroixvalmertourisme.com\/wp-content\/uploads\/2025\/02\/form-votre-avis-nous-interesse-1.png 2000w\" \/><\/a><\/figure>\n\n\n\n<div style=\"height:50px\" aria-hidden=\"true\" class=\"wp-block-spacer\"><\/div>\n\n\n\n<h3 class=\"wp-block-heading has-text-align-center has-slate-700-color has-text-color has-link-color has-script-font-family has-5-xl-font-size wp-elements-37ef5fa64571bd04b345f1a335eeea3d\">Your opinion matters.<br \/><br \/>Please tell us what you think to help us improve !<\/h3>\n\n\n\n<div style=\"height:75px\" aria-hidden=\"true\" class=\"wp-block-spacer\"><\/div>\n\n\n\n<p class=\"has-text-align-center has-slate-700-color has-text-color has-link-color wp-elements-2d03315957932bd53f98b01866305c7c wp-block-paragraph\"><em><strong>Flash the qr code or click on it<\/strong><\/em><\/p>\n\n\n\n<div style=\"height:75px\" aria-hidden=\"true\" class=\"wp-block-spacer\"><\/div>\n\n\n\n<div class=\"wp-block-columns alignwide is-layout-flex wp-container-core-columns-is-layout-0defc3be wp-block-columns-is-layout-flex\">\n<div class=\"wp-block-column is-vertically-aligned-bottom is-layout-flow wp-block-column-is-layout-flow\">\n<p class=\"has-text-align-center has-slate-50-color has-slate-700-background-color has-text-color has-background has-link-color wp-elements-a8c81d9fd22e160cf422eb1f3cd11819 wp-block-paragraph\"><strong>If you have a specific comment? Please fill in this form to tell us about it<\/strong><\/p>\n\n\n\n<figure class=\"wp-block-image size-large is-style-rounded is-style-rounded--2\"><a href=\"https:\/\/docs.google.com\/forms\/d\/e\/1FAIpQLSez4V3ukY8CWs_IVBY6vcIE80IEMhwqZxs_pmH2QFM8aLC4MQ\/viewform\" target=\"_blank\" rel=\" noreferrer noopener\"><img loading=\"lazy\" decoding=\"async\" width=\"1024\" height=\"1024\" sizes=\"auto, (max-width: 1024px) 100vw, 1024px\" src=\"https:\/\/www.lacroixvalmertourisme.com\/wp-content\/uploads\/2025\/02\/formulaire-votreavisnousinteresseenligne-1024x1024.png\" alt=\"\" class=\"wp-image-20740\" srcset=\"https:\/\/www.lacroixvalmertourisme.com\/wp-content\/uploads\/2025\/02\/formulaire-votreavisnousinteresseenligne-1024x1024.png 1024w, https:\/\/www.lacroixvalmertourisme.com\/wp-content\/uploads\/2025\/02\/formulaire-votreavisnousinteresseenligne-300x300.png 300w, https:\/\/www.lacroixvalmertourisme.com\/wp-content\/uploads\/2025\/02\/formulaire-votreavisnousinteresseenligne-150x150.png 150w, https:\/\/www.lacroixvalmertourisme.com\/wp-content\/uploads\/2025\/02\/formulaire-votreavisnousinteresseenligne-768x768.png 768w, https:\/\/www.lacroixvalmertourisme.com\/wp-content\/uploads\/2025\/02\/formulaire-votreavisnousinteresseenligne.png 1240w\" \/><\/a><\/figure>\n<\/div>\n\n\n\n<div class=\"wp-block-column is-vertically-aligned-bottom is-layout-flow wp-block-column-is-layout-flow\">\n<figure class=\"wp-block-image aligncenter size-full is-style-rounded is-style-rounded--3\"><a data-caption=\"google\" href=\"https:\/\/www.lacroixvalmertourisme.com\/wp-content\/uploads\/2025\/02\/google.png\" data-fancybox=\"gallery\"><img loading=\"lazy\" decoding=\"async\" width=\"285\" height=\"177\" sizes=\"auto, (max-width: 285px) 100vw, 285px\" data-tippy-content=\"google\" src=\"https:\/\/www.lacroixvalmertourisme.com\/wp-content\/uploads\/2025\/02\/google.png\" alt=\"\" class=\"wp-image-20759\" srcset=\"https:\/\/www.lacroixvalmertourisme.com\/wp-content\/uploads\/2025\/02\/google.png 285w, https:\/\/www.lacroixvalmertourisme.com\/wp-content\/uploads\/2025\/02\/google-242x150.png 242w\" \/><\/a><\/figure>\n\n\n\n<figure class=\"wp-block-image size-full is-style-rounded is-style-rounded--4\"><a href=\"https:\/\/www.google.com\/maps\/place\/La+Croix+Valmer+Tourisme\/@43.2069399,6.5684574,17z\/data=!3m1!4b1!4m6!3m5!1s0x12cec61c7cf21b09:0xd4835b4c36dd2ae9!8m2!3d43.2069399!4d6.5684574!16s%2Fg%2F1tpmd770?entry=ttu&amp;g_ep=EgoyMDI1MDIxOS4xIKXMDSoASAFQAw%3D%3D\" target=\"_blank\" rel=\" noreferrer noopener\"><img loading=\"lazy\" decoding=\"async\" width=\"720\" height=\"720\" sizes=\"auto, (max-width: 720px) 100vw, 720px\" src=\"https:\/\/www.lacroixvalmertourisme.com\/wp-content\/uploads\/2025\/02\/satisfaction-google.jpeg\" alt=\"\" class=\"wp-image-20743\" srcset=\"https:\/\/www.lacroixvalmertourisme.com\/wp-content\/uploads\/2025\/02\/satisfaction-google.jpeg 720w, https:\/\/www.lacroixvalmertourisme.com\/wp-content\/uploads\/2025\/02\/satisfaction-google-300x300.jpeg 300w, https:\/\/www.lacroixvalmertourisme.com\/wp-content\/uploads\/2025\/02\/satisfaction-google-150x150.jpeg 150w\" \/><\/a><\/figure>\n<\/div>\n\n\n\n<div class=\"wp-block-column is-vertically-aligned-bottom is-layout-flow wp-block-column-is-layout-flow\">\n<figure class=\"wp-block-image size-full\"><img data-dominant-color=\"ecb0af\" data-has-transparency=\"false\" style=\"--dominant-color: #ecb0af;\" loading=\"lazy\" decoding=\"async\" width=\"397\" height=\"127\" sizes=\"auto, (max-width: 397px) 100vw, 397px\" data-tippy-content=\"petit fute\" src=\"https:\/\/www.lacroixvalmertourisme.com\/wp-content\/uploads\/2026\/02\/petit-fute.webp\" alt=\"Logo du Petit Fut\u00e9, l'\u00e9criture est \u00e9paisse et rouge, il y a un dessin d'un petit \u00e9cureuil orange et rouge juste au dessus\" class=\"wp-image-26879 not-transparent\" srcset=\"https:\/\/www.lacroixvalmertourisme.com\/wp-content\/uploads\/2026\/02\/petit-fute.webp 397w, https:\/\/www.lacroixvalmertourisme.com\/wp-content\/uploads\/2026\/02\/petit-fute-300x96.webp 300w\" \/><\/figure>\n\n\n\n<figure class=\"wp-block-image size-large\"><a href=\"https:\/\/www.petitfute.com\/v33448-la-croix-valmer-83420\/c1173-visites-points-d-interet\/c1213-office-de-tourisme\/399135-office-de-tourisme.html#ancre-etab-infos\" target=\"_blank\" rel=\" noreferrer noopener\"><img data-dominant-color=\"acaaaa\" data-has-transparency=\"false\" style=\"--dominant-color: #acaaaa;\" loading=\"lazy\" decoding=\"async\" width=\"1024\" height=\"1024\" sizes=\"auto, (max-width: 1024px) 100vw, 1024px\" data-tippy-content=\"qr code petit fute\" src=\"https:\/\/www.lacroixvalmertourisme.com\/wp-content\/uploads\/2026\/02\/qr-code-petit-fute-1024x1024.webp\" alt=\"QR code pour laisser un avis sur le site du Petit Fut\u00e9\" class=\"wp-image-26880 not-transparent\" srcset=\"https:\/\/www.lacroixvalmertourisme.com\/wp-content\/uploads\/2026\/02\/qr-code-petit-fute-1024x1024.webp 1024w, https:\/\/www.lacroixvalmertourisme.com\/wp-content\/uploads\/2026\/02\/qr-code-petit-fute-300x300.webp 300w, https:\/\/www.lacroixvalmertourisme.com\/wp-content\/uploads\/2026\/02\/qr-code-petit-fute-150x150.webp 150w, https:\/\/www.lacroixvalmertourisme.com\/wp-content\/uploads\/2026\/02\/qr-code-petit-fute-768x768.webp 768w, https:\/\/www.lacroixvalmertourisme.com\/wp-content\/uploads\/2026\/02\/qr-code-petit-fute-1536x1536.webp 1536w, https:\/\/www.lacroixvalmertourisme.com\/wp-content\/uploads\/2026\/02\/qr-code-petit-fute.webp 2000w\" \/><\/a><\/figure>\n<\/div>\n\n\n\n<div class=\"wp-block-column is-vertically-aligned-bottom is-layout-flow wp-block-column-is-layout-flow\">\n<figure class=\"wp-block-image aligncenter size-full is-style-rounded is-style-rounded--5\"><a data-caption=\"tripadvisro\" href=\"https:\/\/www.lacroixvalmertourisme.com\/wp-content\/uploads\/2025\/02\/tripadvisro.jpg\" data-fancybox=\"gallery\"><img loading=\"lazy\" decoding=\"async\" width=\"398\" height=\"300\" sizes=\"auto, (max-width: 398px) 100vw, 398px\" data-tippy-content=\"tripadvisro\" src=\"https:\/\/www.lacroixvalmertourisme.com\/wp-content\/uploads\/2025\/02\/tripadvisro.jpg\" alt=\"\" class=\"wp-image-20756\" srcset=\"https:\/\/www.lacroixvalmertourisme.com\/wp-content\/uploads\/2025\/02\/tripadvisro.jpg 398w, https:\/\/www.lacroixvalmertourisme.com\/wp-content\/uploads\/2025\/02\/tripadvisro-300x225.jpg 300w, https:\/\/www.lacroixvalmertourisme.com\/wp-content\/uploads\/2025\/02\/tripadvisro-199x150.jpg 199w\" \/><\/a><\/figure>\n\n\n\n<figure class=\"wp-block-image size-full is-style-rounded is-style-rounded--6\"><a href=\"https:\/\/www.tripadvisor.fr\/Attraction_Review-g196676-d8874043-Reviews-La_Croix_Valmer_Tourisme-La_Croix_Valmer_French_Riviera_Cote_d_Azur_Provence_Alpe.html\" target=\"_blank\" rel=\" noreferrer noopener\"><img loading=\"lazy\" decoding=\"async\" width=\"720\" height=\"720\" sizes=\"auto, (max-width: 720px) 100vw, 720px\" src=\"https:\/\/www.lacroixvalmertourisme.com\/wp-content\/uploads\/2025\/02\/satisfaction-tripadvisor.jpeg\" alt=\"\" class=\"wp-image-20746\" srcset=\"https:\/\/www.lacroixvalmertourisme.com\/wp-content\/uploads\/2025\/02\/satisfaction-tripadvisor.jpeg 720w, https:\/\/www.lacroixvalmertourisme.com\/wp-content\/uploads\/2025\/02\/satisfaction-tripadvisor-300x300.jpeg 300w, https:\/\/www.lacroixvalmertourisme.com\/wp-content\/uploads\/2025\/02\/satisfaction-tripadvisor-150x150.jpeg 150w\" \/><\/a><\/figure>\n<\/div>\n\n\n\n<div class=\"wp-block-column is-vertically-aligned-bottom is-layout-flow wp-block-column-is-layout-flow\">\n<figure class=\"wp-block-image aligncenter size-large is-style-rounded is-style-rounded--7\"><a data-caption=\"qr code dex logo\" href=\"https:\/\/www.lacroixvalmertourisme.com\/wp-content\/uploads\/2025\/04\/qr-code-dex-logo-1024x1024.png\" data-fancybox=\"gallery\"><img loading=\"lazy\" decoding=\"async\" width=\"1024\" height=\"1024\" sizes=\"auto, (max-width: 1024px) 100vw, 1024px\" data-tippy-content=\"qr code dex logo\" src=\"https:\/\/www.lacroixvalmertourisme.com\/wp-content\/uploads\/2025\/04\/qr-code-dex-logo-1024x1024.png\" alt=\"\" class=\"wp-image-22723\" srcset=\"https:\/\/www.lacroixvalmertourisme.com\/wp-content\/uploads\/2025\/04\/qr-code-dex-logo-1024x1024.png 1024w, https:\/\/www.lacroixvalmertourisme.com\/wp-content\/uploads\/2025\/04\/qr-code-dex-logo-300x300.png 300w, https:\/\/www.lacroixvalmertourisme.com\/wp-content\/uploads\/2025\/04\/qr-code-dex-logo-150x150.png 150w, https:\/\/www.lacroixvalmertourisme.com\/wp-content\/uploads\/2025\/04\/qr-code-dex-logo-768x768.png 768w, https:\/\/www.lacroixvalmertourisme.com\/wp-content\/uploads\/2025\/04\/qr-code-dex-logo.png 1240w\" \/><\/a><\/figure>\n\n\n\n<figure class=\"wp-block-image size-large\"><a href=\"https:\/\/labels.atout-france.fr\/110688\" target=\"_blank\" rel=\" noreferrer noopener\"><img loading=\"lazy\" decoding=\"async\" width=\"1024\" height=\"1024\" sizes=\"auto, (max-width: 1024px) 100vw, 1024px\" src=\"https:\/\/www.lacroixvalmertourisme.com\/wp-content\/uploads\/2025\/04\/qr-code-dex-1024x1024.png\" alt=\"\" class=\"wp-image-22726\" srcset=\"https:\/\/www.lacroixvalmertourisme.com\/wp-content\/uploads\/2025\/04\/qr-code-dex-1024x1024.png 1024w, https:\/\/www.lacroixvalmertourisme.com\/wp-content\/uploads\/2025\/04\/qr-code-dex-300x300.png 300w, https:\/\/www.lacroixvalmertourisme.com\/wp-content\/uploads\/2025\/04\/qr-code-dex-150x150.png 150w, https:\/\/www.lacroixvalmertourisme.com\/wp-content\/uploads\/2025\/04\/qr-code-dex-768x768.png 768w, https:\/\/www.lacroixvalmertourisme.com\/wp-content\/uploads\/2025\/04\/qr-code-dex.png 1240w\" \/><\/a><\/figure>\n<\/div>\n<\/div>\n\n\n\n<div style=\"height:50px\" aria-hidden=\"true\" class=\"wp-block-spacer\"><\/div>\n<\/div>\n","protected":false},"excerpt":{"rendered":"<p>Your opinion matters. Please tell us what you think to help us improve ! Flash the qr code or click on it If you have a specific comment? Please fill in this form to tell us about it<\/p>\n","protected":false},"author":4,"featured_media":0,"parent":4681,"menu_order":246,"comment_status":"closed","ping_status":"closed","template":"page-plage.blade.php","meta":{"_acf_changed":false,"_crdt_document":"","footnotes":""},"class_list":["post-20411","page","type-page","status-publish","hentry"],"acf":{"pagepage-etendus":"compact","video_mp4":false,"poster_image":false,"nugget":false,"page-virtuelle":false,"video_webm":false,"pagepage-updown":true,"autoplay":false,"delay":""},"yoast_head":"<!-- This site is optimized with the Yoast SEO plugin v27.5 - https:\/\/yoast.com\/product\/yoast-seo-wordpress\/ -->\n<title>Your opinion matters - La Croix-Valmer Tourisme<\/title>\n<meta name=\"robots\" content=\"index, follow, max-snippet:-1, max-image-preview:large, max-video-preview:-1\" \/>\n<link rel=\"canonical\" href=\"https:\/\/www.lacroixvalmertourisme.com\/en\/la-croix-valmer-tourisme\/your-opinion-matters\" \/>\n<meta property=\"og:locale\" content=\"en_US\" \/>\n<meta property=\"og:type\" content=\"article\" \/>\n<meta property=\"og:title\" content=\"Your opinion matters - La Croix-Valmer Tourisme\" \/>\n<meta property=\"og:description\" content=\"Your opinion matters. Please tell us what you think to help us improve ! Flash the qr code or click on it If you have a specific comment? Please fill in this form to tell us about it\" \/>\n<meta property=\"og:url\" content=\"https:\/\/www.lacroixvalmertourisme.com\/en\/la-croix-valmer-tourisme\/your-opinion-matters\" \/>\n<meta property=\"og:site_name\" content=\"La Croix-Valmer Tourisme\" \/>\n<meta property=\"article:publisher\" content=\"https:\/\/www.facebook.com\/lacroixvalmertourisme\/\" \/>\n<meta property=\"article:modified_time\" content=\"2026-02-17T09:41:36+00:00\" \/>\n<meta property=\"og:image\" content=\"https:\/\/www.lacroixvalmertourisme.com\/wp-content\/uploads\/2025\/01\/Accueil-OT-012025-2.jpeg\" \/>\n\t<meta property=\"og:image:width\" content=\"2000\" \/>\n\t<meta property=\"og:image:height\" content=\"1500\" \/>\n\t<meta property=\"og:image:type\" content=\"image\/jpeg\" \/>\n<meta name=\"twitter:card\" content=\"summary_large_image\" \/>\n<meta name=\"twitter:site\" content=\"@La_Croix_Valmer\" \/>\n<!-- \/ Yoast SEO plugin. -->","yoast_head_json":{"title":"Your opinion matters - La Croix-Valmer Tourisme","robots":{"index":"index","follow":"follow","max-snippet":"max-snippet:-1","max-image-preview":"max-image-preview:large","max-video-preview":"max-video-preview:-1"},"canonical":"https:\/\/www.lacroixvalmertourisme.com\/en\/la-croix-valmer-tourisme\/your-opinion-matters","og_locale":"en_US","og_type":"article","og_title":"Your opinion matters - La Croix-Valmer Tourisme","og_description":"Your opinion matters. Please tell us what you think to help us improve ! Flash the qr code or click on it If you have a specific comment? Please fill in this form to tell us about it","og_url":"https:\/\/www.lacroixvalmertourisme.com\/en\/la-croix-valmer-tourisme\/your-opinion-matters","og_site_name":"La Croix-Valmer Tourisme","article_publisher":"https:\/\/www.facebook.com\/lacroixvalmertourisme\/","article_modified_time":"2026-02-17T09:41:36+00:00","og_image":[{"width":2000,"height":1500,"url":"https:\/\/www.lacroixvalmertourisme.com\/wp-content\/uploads\/2025\/01\/Accueil-OT-012025-2.jpeg","type":"image\/jpeg"}],"twitter_card":"summary_large_image","twitter_site":"@La_Croix_Valmer","schema":{"@context":"https:\/\/schema.org","@graph":[{"@type":"WebPage","@id":"https:\/\/www.lacroixvalmertourisme.com\/en\/la-croix-valmer-tourisme\/your-opinion-matters","url":"https:\/\/www.lacroixvalmertourisme.com\/en\/la-croix-valmer-tourisme\/your-opinion-matters","name":"Your opinion matters - La Croix-Valmer Tourisme","isPartOf":{"@id":"https:\/\/www.lacroixvalmertourisme.com\/en#website"},"primaryImageOfPage":{"@id":"https:\/\/www.lacroixvalmertourisme.com\/en\/la-croix-valmer-tourisme\/your-opinion-matters#primaryimage"},"image":{"@id":"https:\/\/www.lacroixvalmertourisme.com\/en\/la-croix-valmer-tourisme\/your-opinion-matters#primaryimage"},"thumbnailUrl":"https:\/\/www.lacroixvalmertourisme.com\/wp-content\/uploads\/2025\/02\/form-votre-avis-nous-interesse-1-1024x256.png","datePublished":"2025-01-24T09:16:04+00:00","dateModified":"2026-02-17T09:41:36+00:00","breadcrumb":{"@id":"https:\/\/www.lacroixvalmertourisme.com\/en\/la-croix-valmer-tourisme\/your-opinion-matters#breadcrumb"},"inLanguage":"en-US","potentialAction":[{"@type":"ReadAction","target":["https:\/\/www.lacroixvalmertourisme.com\/en\/la-croix-valmer-tourisme\/your-opinion-matters"]}]},{"@type":"ImageObject","inLanguage":"en-US","@id":"https:\/\/www.lacroixvalmertourisme.com\/en\/la-croix-valmer-tourisme\/your-opinion-matters#primaryimage","url":"https:\/\/www.lacroixvalmertourisme.com\/wp-content\/uploads\/2025\/02\/form-votre-avis-nous-interesse-1-1024x256.png","contentUrl":"https:\/\/www.lacroixvalmertourisme.com\/wp-content\/uploads\/2025\/02\/form-votre-avis-nous-interesse-1-1024x256.png"},{"@type":"BreadcrumbList","@id":"https:\/\/www.lacroixvalmertourisme.com\/en\/la-croix-valmer-tourisme\/your-opinion-matters#breadcrumb","itemListElement":[{"@type":"ListItem","position":1,"name":"Accueil","item":"https:\/\/www.lacroixvalmertourisme.com\/en"},{"@type":"ListItem","position":2,"name":"Tourist Office","item":"https:\/\/www.lacroixvalmertourisme.com\/en\/la-croix-valmer-tourisme"},{"@type":"ListItem","position":3,"name":"Your opinion matters"}]},{"@type":"WebSite","@id":"https:\/\/www.lacroixvalmertourisme.com\/en#website","url":"https:\/\/www.lacroixvalmertourisme.com\/en","name":"La Croix-Valmer Tourisme","description":"Toutes les informations touristiques pour organiser votre prochain s\u00e9jour \u00e0 La Croix Valmer dans le Golfe de Saint-Tropez","publisher":{"@id":"https:\/\/www.lacroixvalmertourisme.com\/en#organization"},"potentialAction":[{"@type":"SearchAction","target":{"@type":"EntryPoint","urlTemplate":"https:\/\/www.lacroixvalmertourisme.com\/en?s={search_term_string}"},"query-input":{"@type":"PropertyValueSpecification","valueRequired":true,"valueName":"search_term_string"}}],"inLanguage":"en-US"},{"@type":"Organization","@id":"https:\/\/www.lacroixvalmertourisme.com\/en#organization","name":"Office de Tourisme de La Croix Valmer","url":"https:\/\/www.lacroixvalmertourisme.com\/en","logo":{"@type":"ImageObject","inLanguage":"en-US","@id":"https:\/\/www.lacroixvalmertourisme.com\/en#\/schema\/logo\/image\/","url":"https:\/\/www.lacroixvalmertourisme.com\/wp-content\/uploads\/2021\/06\/Logo_ot_bleu.png","contentUrl":"https:\/\/www.lacroixvalmertourisme.com\/wp-content\/uploads\/2021\/06\/Logo_ot_bleu.png","width":591,"height":454,"caption":"Office de Tourisme de La Croix Valmer"},"image":{"@id":"https:\/\/www.lacroixvalmertourisme.com\/en#\/schema\/logo\/image\/"},"sameAs":["https:\/\/www.facebook.com\/lacroixvalmertourisme\/","https:\/\/x.com\/La_Croix_Valmer","https:\/\/www.instagram.com\/lacroixvalmer_tourisme\/"]}]}},"publishpress_future_workflow_manual_trigger":{"enabledWorkflows":[]},"_links":{"self":[{"href":"https:\/\/www.lacroixvalmertourisme.com\/en\/wp-json\/wp\/v2\/pages\/20411","targetHints":{"allow":["GET"]}}],"collection":[{"href":"https:\/\/www.lacroixvalmertourisme.com\/en\/wp-json\/wp\/v2\/pages"}],"about":[{"href":"https:\/\/www.lacroixvalmertourisme.com\/en\/wp-json\/wp\/v2\/types\/page"}],"author":[{"embeddable":true,"href":"https:\/\/www.lacroixvalmertourisme.com\/en\/wp-json\/wp\/v2\/users\/4"}],"replies":[{"embeddable":true,"href":"https:\/\/www.lacroixvalmertourisme.com\/en\/wp-json\/wp\/v2\/comments?post=20411"}],"version-history":[{"count":7,"href":"https:\/\/www.lacroixvalmertourisme.com\/en\/wp-json\/wp\/v2\/pages\/20411\/revisions"}],"predecessor-version":[{"id":27040,"href":"https:\/\/www.lacroixvalmertourisme.com\/en\/wp-json\/wp\/v2\/pages\/20411\/revisions\/27040"}],"up":[{"embeddable":true,"href":"https:\/\/www.lacroixvalmertourisme.com\/en\/wp-json\/wp\/v2\/pages\/4681"}],"wp:attachment":[{"href":"https:\/\/www.lacroixvalmertourisme.com\/en\/wp-json\/wp\/v2\/media?parent=20411"}],"curies":[{"name":"wp","href":"https:\/\/api.w.org\/{rel}","templated":true}]}}