{"id":20040,"date":"2025-01-13T14:46:41","date_gmt":"2025-01-13T13:46:41","guid":{"rendered":"https:\/\/www.lacroixvalmertourisme.com\/coming-parking\/parking"},"modified":"2026-05-03T09:47:52","modified_gmt":"2026-05-03T07:47:52","slug":"parking","status":"publish","type":"page","link":"https:\/\/www.lacroixvalmertourisme.com\/en\/coming-parking\/parking","title":{"rendered":"Parking"},"content":{"rendered":"\n<div class=\"wp-block-group alignwide is-layout-constrained wp-block-group-is-layout-constrained\">\n<div class=\"wp-block-columns alignfull is-layout-flex wp-container-core-columns-is-layout-0defc3be wp-block-columns-is-layout-flex\">\n<div class=\"wp-block-column is-layout-flow wp-block-column-is-layout-flow\">\n<h3 class=\"wp-block-heading has-text-align-center has-slate-700-color has-text-color has-link-color has-script-font-family has-5-xl-font-size wp-elements-816a4326fd7ba706a51b0ef9f6e1e443\"><strong>&#8230; in the village<\/strong><\/h3>\n\n\n\n<div style=\"height:50px\" aria-hidden=\"true\" class=\"wp-block-spacer\"><\/div>\n\n\n\n<figure class=\"wp-block-image aligncenter size-large is-style-rounded is-style-rounded--1\"><a data-caption=\"IMG_8447\" href=\"https:\/\/www.lacroixvalmertourisme.com\/wp-content\/uploads\/2021\/06\/IMG_8447-1024x768.jpg\" data-fancybox=\"gallery\"><img loading=\"lazy\" decoding=\"async\" width=\"1024\" height=\"768\" sizes=\"auto, (max-width: 1024px) 100vw, 1024px\" data-tippy-content=\"IMG_8447\" data-caption=\"\u00a9lacroixvalmertourisme\" src=\"https:\/\/www.lacroixvalmertourisme.com\/wp-content\/uploads\/2021\/06\/IMG_8447-1024x768.jpg\" alt=\"la croix valmer\" class=\"wp-image-2729\" style=\"aspect-ratio:4\/3;object-fit:cover\" srcset=\"https:\/\/www.lacroixvalmertourisme.com\/wp-content\/uploads\/2021\/06\/IMG_8447-1024x768.jpg 1024w, https:\/\/www.lacroixvalmertourisme.com\/wp-content\/uploads\/2021\/06\/IMG_8447-300x225.jpg 300w, https:\/\/www.lacroixvalmertourisme.com\/wp-content\/uploads\/2021\/06\/IMG_8447-768x576.jpg 768w, https:\/\/www.lacroixvalmertourisme.com\/wp-content\/uploads\/2021\/06\/IMG_8447-1536x1152.jpg 1536w, https:\/\/www.lacroixvalmertourisme.com\/wp-content\/uploads\/2021\/06\/IMG_8447-200x150.jpg 200w, https:\/\/www.lacroixvalmertourisme.com\/wp-content\/uploads\/2021\/06\/IMG_8447.jpg 2048w\" \/><\/a><\/figure>\n\n\n\n<p class=\"has-text-align-center has-slate-700-color has-text-color has-link-color wp-elements-49c8537173431c973a7ff0660ad07a39 wp-block-paragraph\"><strong>Blue zone<\/strong> ~ La Croix Valmer has over 500 free parking spaces, including 170 in the blue zone. This free parking is controlled by a disc that must be affixed to the front of the vehicule. Parking is limited to 30 minutes\u00a0 Place des Palmiers and 1.5 hours in the rest of the village. Failure to affix a disc is punishable by a fixed fine of 35 euros. Blue discs are available free of charge from the Tourist Office, the Town hall and the Police Municipale.<\/p>\n<\/div>\n\n\n\n<div class=\"wp-block-column is-layout-flow wp-block-column-is-layout-flow\">\n<h3 class=\"wp-block-heading has-text-align-center has-slate-700-color has-text-color has-link-color has-script-font-family has-5-xl-font-size wp-elements-85f9cdb989a5de6a8d9cd8219826f1de\"><strong>&#8230; <strong>by the sea<\/strong><\/strong><\/h3>\n\n\n\n<div style=\"height:50px\" aria-hidden=\"true\" class=\"wp-block-spacer\"><\/div>\n\n\n\n<figure class=\"wp-block-image aligncenter size-large is-style-rounded is-style-rounded--2\"><a data-caption=\"stationnement170621\u00a9lacroixvalmertourisme (7)\" href=\"https:\/\/www.lacroixvalmertourisme.com\/wp-content\/uploads\/2025\/01\/stationnement170621&#xA9;lacroixvalmertourisme-7-1024x768.jpg\" data-fancybox=\"gallery\"><img decoding=\"async\" sizes=\"(max-width: 1024px) 100vw, 1024px\" data-tippy-content=\"stationnement170621\u00a9lacroixvalmertourisme (7)\" src=\"https:\/\/www.lacroixvalmertourisme.com\/wp-content\/uploads\/2025\/01\/stationnement170621&#xA9;lacroixvalmertourisme-7-1024x768.jpg\" alt=\"borne stationnement parkings la croix Valmer plage du d\u00e9barquement \" class=\"wp-image-20073\" style=\"aspect-ratio:4\/3;object-fit:cover\" \/><\/a><\/figure>\n\n\n\n<p class=\"has-text-align-center has-slate-700-color has-text-color has-link-color wp-elements-416043b15c967f284856a646586dbf92 wp-block-paragraph\"><strong>Parking at the beaches<\/strong> is not free of charge from 1 June to 30 September from 9am to 7pm. Pay for your parking using the <a href=\"https:\/\/www.paybyphone.fr\/\">Paybyphone<\/a>. application. There&#8217;s no need to wait at the pay and display machine, no need for change, no need to wait for the clock&#8230; Paying for your parking or season ticket is quick and easy: just select the zone, enter your vehicle registration number and the desired parking time, and confirm payment. You can also use the application to extend or interrupt your parking without returning to your vehicle, and to be notified before your parking time expires&#8230; Find all the practical information you need about parking meters.<\/p>\n<\/div>\n<\/div>\n\n\n\n<div style=\"height:100px\" aria-hidden=\"true\" class=\"wp-block-spacer\"><\/div>\n\n\n\n<div class=\"wp-block-columns alignwide are-vertically-aligned-center is-layout-flex wp-container-core-columns-is-layout-0defc3be wp-block-columns-is-layout-flex\">\n<div class=\"wp-block-column is-vertically-aligned-center is-layout-flow wp-block-column-is-layout-flow\">\n<figure class=\"wp-block-image aligncenter size-medium is-style-rounded is-style-rounded--3\"><a data-caption=\"parking \u00aecommunication la croix valmer\" href=\"https:\/\/www.lacroixvalmertourisme.com\/wp-content\/uploads\/2025\/07\/parking-&#xAE;communication-la-croix-valmer-edited-300x300.jpg\" data-fancybox=\"gallery\"><img decoding=\"async\" sizes=\"(max-width: 300px) 100vw, 300px\" data-tippy-content=\"parking \u00aecommunication la croix valmer\" src=\"https:\/\/www.lacroixvalmertourisme.com\/wp-content\/uploads\/2025\/07\/parking-&#xAE;communication-la-croix-valmer-edited-300x300.jpg\" alt=\"Entr\u00e9e du nouveau parking de La Croix Valmer avec la vue sur les poubelles de tri, les places pour les deux roues ainsi que la place pour la voiture de l'Office de Tourisme qui est juste \u00e0 c\u00f4t\u00e9. On aper\u00e7oit \u00e9galement le jardin du train des Pignes juste au dessus\" class=\"wp-image-23700\" \/><\/a><\/figure>\n<\/div>\n\n\n\n<div class=\"wp-block-column is-vertically-aligned-center is-layout-flow wp-block-column-is-layout-flow\">\n<h3 class=\"wp-block-heading has-text-align-center has-display-font-family has-5-xl-font-size\"><strong>Parking du Jardin du train des Pignes<\/strong><\/h3>\n\n\n\n<p class=\"has-text-align-center wp-block-paragraph\"><strong>Fermeture jusqu&#8217;\u00e0 nouvel ordre.<\/strong><\/p>\n\n\n\n<p class=\"has-text-align-center wp-block-paragraph\">Le stationnement sera accessible 24\/24, 7\/7. Syst\u00e8me de lecture de plaque, aucune \u00e9dition de ticket. Profitez d&#8217;une gratuit\u00e9 de 45 min pour faire vos courses dans le village. Bornes de recharge pour v\u00e9hicules \u00e9lectriques \u00e0 l&#8217;entr\u00e9e du parking, stationnement 2 roues toujours accessibles.<\/p>\n<\/div>\n<\/div>\n\n\n\n<div style=\"height:100px\" aria-hidden=\"true\" class=\"wp-block-spacer\"><\/div>\n\n\n\n<div class=\"wp-block-columns alignfull is-layout-flex wp-container-core-columns-is-layout-0defc3be wp-block-columns-is-layout-flex\">\n<div class=\"wp-block-column is-layout-flow wp-block-column-is-layout-flow\">\n<h3 class=\"wp-block-heading has-text-align-center has-slate-700-color has-text-color has-link-color has-script-font-family has-5-xl-font-size wp-elements-fa3bead47af5ec50bf07c1d879d92dbf\"><strong>Handicaped parking<\/strong><\/h3>\n\n\n\n<div style=\"height:50px\" aria-hidden=\"true\" class=\"wp-block-spacer\"><\/div>\n\n\n\n<figure class=\"wp-block-image aligncenter size-full is-resized is-style-rounded is-style-rounded--4\"><a data-caption=\"stationnement16072021\u00a9lacroixvalmertourisme (1)\" href=\"https:\/\/www.lacroixvalmertourisme.com\/wp-content\/uploads\/2025\/01\/stationnement16072021&#xA9;lacroixvalmertourisme-1-rotated.jpg\" data-fancybox=\"gallery\"><img decoding=\"async\" sizes=\"(max-width: 1080px) 100vw, 1080px\" data-tippy-content=\"stationnement16072021\u00a9lacroixvalmertourisme (1)\" src=\"https:\/\/www.lacroixvalmertourisme.com\/wp-content\/uploads\/2025\/01\/stationnement16072021&#xA9;lacroixvalmertourisme-1-rotated.jpg\" alt=\"stationnement parkings la croix valmer \" class=\"wp-image-20076\" style=\"aspect-ratio:1;object-fit:cover;width:400px\" \/><\/a><\/figure>\n\n\n\n<p class=\"has-text-align-center has-slate-700-color has-text-color has-link-color wp-elements-888779097d7ee343ea0680199b472501 wp-block-paragraph\">Parking is free throughout the area for holders of the European Parking Card or a third party accompanying them. Parking is limited to 24 hours.<\/p>\n<\/div>\n\n\n\n<div class=\"wp-block-column is-layout-flow wp-block-column-is-layout-flow\">\n<h3 class=\"wp-block-heading has-text-align-center has-slate-700-color has-text-color has-link-color has-script-font-family has-5-xl-font-size wp-elements-fff387c927d17c9bee2756673e146781\"><strong>&#8230; <strong>with your bicycle<\/strong><\/strong><\/h3>\n\n\n\n<div style=\"height:50px\" aria-hidden=\"true\" class=\"wp-block-spacer\"><\/div>\n\n\n\n<figure class=\"wp-block-image aligncenter size-large is-resized is-style-rounded is-style-rounded--5\"><a data-caption=\"stationnement velo\" href=\"https:\/\/www.lacroixvalmertourisme.com\/wp-content\/uploads\/2025\/01\/stationnement-velo-768x1024.jpg\" data-fancybox=\"gallery\"><img loading=\"lazy\" decoding=\"async\" width=\"768\" height=\"1024\" sizes=\"auto, (max-width: 768px) 100vw, 768px\" data-tippy-content=\"stationnement velo\" src=\"https:\/\/www.lacroixvalmertourisme.com\/wp-content\/uploads\/2025\/01\/stationnement-velo-768x1024.jpg\" alt=\"velo stationnement parkings la croix Valmer plage du d\u00e9barquement \" class=\"wp-image-20064\" style=\"aspect-ratio:1;object-fit:cover;width:400px\" srcset=\"https:\/\/www.lacroixvalmertourisme.com\/wp-content\/uploads\/2025\/01\/stationnement-velo-768x1024.jpg 768w, https:\/\/www.lacroixvalmertourisme.com\/wp-content\/uploads\/2025\/01\/stationnement-velo-225x300.jpg 225w, https:\/\/www.lacroixvalmertourisme.com\/wp-content\/uploads\/2025\/01\/stationnement-velo-113x150.jpg 113w, https:\/\/www.lacroixvalmertourisme.com\/wp-content\/uploads\/2025\/01\/stationnement-velo.jpg 810w\" \/><\/a><\/figure>\n\n\n\n<p class=\"has-text-align-center has-slate-700-color has-text-color has-link-color wp-elements-ca3e9ace5516e37c4b107ffeecafb7f0 wp-block-paragraph\"><strong>BICYCLES<\/strong> ~ Hang your bike safely on the street furniture provided in the village: Place des palmiers, Square de Vregille, Rue F. Mistral, in Gigaro and at the D\u00e9barquement&#8230;<\/p>\n\n\n\n<p class=\"has-text-align-center has-slate-700-color has-text-color has-link-color wp-elements-def2210b020a5d791113f297be974e0b wp-block-paragraph\"><strong>SCOOTER &#8211; MOTORBIKE<\/strong> ~ Motorised 2-wheelers must be parked in the spaces reserved for them in the village and on the coast.<\/p>\n<\/div>\n<\/div>\n\n\n\n<div style=\"height:100px\" aria-hidden=\"true\" class=\"wp-block-spacer\"><\/div>\n\n\n\n<h2 class=\"wp-block-heading has-text-align-center has-secondary-50-color has-text-color has-script-font-family has-5-xl-font-size\"><strong>Electric vehicle charging points<\/strong><\/h2>\n\n\n\n<div style=\"height:50px\" aria-hidden=\"true\" class=\"wp-block-spacer\"><\/div>\n\n\n\n<div class=\"wp-block-columns alignfull are-vertically-aligned-center is-layout-flex wp-container-core-columns-is-layout-0defc3be wp-block-columns-is-layout-flex\">\n<div class=\"wp-block-column is-vertically-aligned-center is-layout-flow wp-block-column-is-layout-flow\" style=\"flex-basis:33.33%\">\n<figure class=\"wp-block-image aligncenter size-large is-style-rounded is-style-rounded--6\"><a data-caption=\"2016 1207 borne elect\u00a9lacroixvalmertourisme (3)\" href=\"https:\/\/www.lacroixvalmertourisme.com\/wp-content\/uploads\/2021\/06\/2016-1207-borne-elect&#xA9;lacroixvalmertourisme-3-1024x768.jpeg\" data-fancybox=\"gallery\"><img decoding=\"async\" sizes=\"(max-width: 1024px) 100vw, 1024px\" data-tippy-content=\"2016 1207 borne elect\u00a9lacroixvalmertourisme (3)\" data-caption=\"\u00a9lacroixvalmertourisme\" src=\"https:\/\/www.lacroixvalmertourisme.com\/wp-content\/uploads\/2021\/06\/2016-1207-borne-elect&#xA9;lacroixvalmertourisme-3-1024x768.jpeg\" alt=\"la croix valmer\" class=\"wp-image-2642\" \/><\/a><figcaption class=\"wp-element-caption\"><em>Green markings on the ground with the connector logo indicate these locations<\/em><\/figcaption><\/figure>\n<\/div>\n\n\n\n<div class=\"wp-block-column is-vertically-aligned-center is-layout-flow wp-block-column-is-layout-flow\" style=\"flex-basis:66.66%\">\n<p class=\"has-inherit-color has-text-color wp-block-paragraph\">La Croix Valmer has twelve charging points for electric vehicles:<\/p>\n\n\n\n<p class=\"has-inherit-color has-text-color wp-block-paragraph\">8 en centre-ville :<br \/>2 au niveau du parking de La Poste (au-dessus de la Place Foisy)<br \/>2 sur le Parking Foisy<br \/>4 \u00e0 l&#8217;entr\u00e9e du parking du Jardin du Train des Pignes<\/p>\n\n\n\n<p class=\"has-inherit-color has-text-color wp-block-paragraph\">8 by the beaches :<br \/>2 in Gigaro, opposite the summer shuttle bus stop &#8220;Plage de Gigaro&#8221;<br \/>2 Parking Mar\u00e9chal Juin, Plage du D\u00e9barquement<br \/>2 Parking de Sylvabelle<br \/>2 Parking Saint-Michel<\/p>\n<\/div>\n<\/div>\n\n\n\n<div style=\"height:100px\" aria-hidden=\"true\" class=\"wp-block-spacer\"><\/div>\n\n\n\n<figure class=\"wp-block-image aligncenter size-full is-resized is-style-rounded is-style-rounded--7\"><img data-dominant-color=\"cdceab\" data-has-transparency=\"false\" loading=\"lazy\" decoding=\"async\" width=\"842\" height=\"758\" sizes=\"auto, (max-width: 842px) 100vw, 842px\" data-tippy-content=\"bornes recharge village\" src=\"https:\/\/www.lacroixvalmertourisme.com\/wp-content\/uploads\/2025\/12\/bornes-recharge-village.webp\" alt=\"Plan du centre ville de La Croix Valmer indiquant les diff\u00e9rents point importants comme les parkings, les toilettes, h\u00f4tels, bornes de recharge pour les voitures \u00e9lectriques ou les pharmacies ainsi que les bancs pour pique-niquer, la piscine, l'office de tourisme et les parkings v\u00e9lo.\" class=\"wp-image-26174 not-transparent\" style=\"--dominant-color: #cdceab; width:694px;height:auto\" srcset=\"https:\/\/www.lacroixvalmertourisme.com\/wp-content\/uploads\/2025\/12\/bornes-recharge-village.webp 842w, https:\/\/www.lacroixvalmertourisme.com\/wp-content\/uploads\/2025\/12\/bornes-recharge-village-300x270.webp 300w, https:\/\/www.lacroixvalmertourisme.com\/wp-content\/uploads\/2025\/12\/bornes-recharge-village-768x691.webp 768w, https:\/\/www.lacroixvalmertourisme.com\/wp-content\/uploads\/2025\/12\/bornes-recharge-village-167x150.webp 167w\" \/><figcaption class=\"wp-element-caption\">village<\/figcaption><\/figure>\n<\/div>\n\n<figure class=\"wp-block-image aligncenter size-large is-style-rounded is-style-rounded--8\"><img data-dominant-color=\"bfcab8\" data-has-transparency=\"false\" style=\"--dominant-color: #bfcab8;\" loading=\"lazy\" decoding=\"async\" width=\"1024\" height=\"317\" sizes=\"auto, (max-width: 1024px) 100vw, 1024px\" data-tippy-content=\"bornes recharges littoral\" src=\"https:\/\/www.lacroixvalmertourisme.com\/wp-content\/uploads\/2025\/12\/bornes-recharges-littoral-1024x317.webp\" alt=\"plan de La Croix Valmer vu depuis la mer, indiquant les points et commerce utile de la commune comme les parkings, les toilettes, h\u00f4tels, bornes de recharge pour les voitures \u00e9lectriques ou les pharmacies.\" class=\"wp-image-26176 not-transparent\" srcset=\"https:\/\/www.lacroixvalmertourisme.com\/wp-content\/uploads\/2025\/12\/bornes-recharges-littoral-1024x317.webp 1024w, https:\/\/www.lacroixvalmertourisme.com\/wp-content\/uploads\/2025\/12\/bornes-recharges-littoral-300x93.webp 300w, https:\/\/www.lacroixvalmertourisme.com\/wp-content\/uploads\/2025\/12\/bornes-recharges-littoral-768x237.webp 768w, https:\/\/www.lacroixvalmertourisme.com\/wp-content\/uploads\/2025\/12\/bornes-recharges-littoral-1536x475.webp 1536w, https:\/\/www.lacroixvalmertourisme.com\/wp-content\/uploads\/2025\/12\/bornes-recharges-littoral-485x150.webp 485w, https:\/\/www.lacroixvalmertourisme.com\/wp-content\/uploads\/2025\/12\/bornes-recharges-littoral.webp 1627w\" \/><figcaption class=\"wp-element-caption\">by the sea<\/figcaption><\/figure>\n","protected":false},"excerpt":{"rendered":"<p>&#8230; in the village Blue zone ~ La Croix Valmer has over 500 free parking spaces, including 170 in the blue zone. This free parking is controlled by a disc that must be affixed to the front of the vehicule. Parking is limited to 30 minutes\u00a0 Place des Palmiers and 1.5 hours in the rest&#8230;<\/p>\n","protected":false},"author":4,"featured_media":20068,"parent":4679,"menu_order":237,"comment_status":"closed","ping_status":"closed","template":"page-plage.blade.php","meta":{"_acf_changed":false,"_crdt_document":"","footnotes":""},"class_list":["post-20040","page","type-page","status-publish","has-post-thumbnail","hentry"],"acf":{"pagepage-etendus":"compact","video_mp4":false,"poster_image":false,"nugget":false,"page-virtuelle":false,"video_webm":false,"pagepage-updown":false,"autoplay":false,"delay":"","title_alignement":""},"yoast_head":"<!-- This site is optimized with the Yoast SEO plugin v27.5 - https:\/\/yoast.com\/product\/yoast-seo-wordpress\/ -->\n<title>Parking - La Croix-Valmer Tourisme<\/title>\n<meta name=\"robots\" content=\"index, follow, max-snippet:-1, max-image-preview:large, max-video-preview:-1\" \/>\n<link rel=\"canonical\" href=\"https:\/\/www.lacroixvalmertourisme.com\/en\/coming-parking\/parking\" \/>\n<meta property=\"og:locale\" content=\"en_US\" \/>\n<meta property=\"og:type\" content=\"article\" \/>\n<meta property=\"og:title\" content=\"Parking - La Croix-Valmer Tourisme\" \/>\n<meta property=\"og:description\" content=\"&#8230; in the village Blue zone ~ La Croix Valmer has over 500 free parking spaces, including 170 in the blue zone. This free parking is controlled by a disc that must be affixed to the front of the vehicule. Parking is limited to 30 minutes\u00a0 Place des Palmiers and 1.5 hours in the rest...\" \/>\n<meta property=\"og:url\" content=\"https:\/\/www.lacroixvalmertourisme.com\/en\/coming-parking\/parking\" \/>\n<meta property=\"og:site_name\" content=\"La Croix-Valmer Tourisme\" \/>\n<meta property=\"article:publisher\" content=\"https:\/\/www.facebook.com\/lacroixvalmertourisme\/\" \/>\n<meta property=\"article:modified_time\" content=\"2026-05-03T07:47:52+00:00\" \/>\n<meta property=\"og:image\" content=\"https:\/\/www.lacroixvalmertourisme.com\/wp-content\/uploads\/2025\/01\/stationnement2021\u00a9la-croix-valmertourisme-1-rotated.jpg\" \/>\n\t<meta property=\"og:image:width\" content=\"1080\" \/>\n\t<meta property=\"og:image:height\" content=\"1440\" \/>\n\t<meta property=\"og:image:type\" content=\"image\/jpeg\" \/>\n<meta name=\"twitter:card\" content=\"summary_large_image\" \/>\n<meta name=\"twitter:site\" content=\"@La_Croix_Valmer\" \/>\n<meta name=\"twitter:label1\" content=\"Est. reading time\" \/>\n\t<meta name=\"twitter:data1\" content=\"2 minutes\" \/>\n<!-- \/ Yoast SEO plugin. -->","yoast_head_json":{"title":"Parking - La Croix-Valmer Tourisme","robots":{"index":"index","follow":"follow","max-snippet":"max-snippet:-1","max-image-preview":"max-image-preview:large","max-video-preview":"max-video-preview:-1"},"canonical":"https:\/\/www.lacroixvalmertourisme.com\/en\/coming-parking\/parking","og_locale":"en_US","og_type":"article","og_title":"Parking - La Croix-Valmer Tourisme","og_description":"&#8230; in the village Blue zone ~ La Croix Valmer has over 500 free parking spaces, including 170 in the blue zone. This free parking is controlled by a disc that must be affixed to the front of the vehicule. Parking is limited to 30 minutes\u00a0 Place des Palmiers and 1.5 hours in the rest...","og_url":"https:\/\/www.lacroixvalmertourisme.com\/en\/coming-parking\/parking","og_site_name":"La Croix-Valmer Tourisme","article_publisher":"https:\/\/www.facebook.com\/lacroixvalmertourisme\/","article_modified_time":"2026-05-03T07:47:52+00:00","og_image":[{"width":1080,"height":1440,"url":"https:\/\/www.lacroixvalmertourisme.com\/wp-content\/uploads\/2025\/01\/stationnement2021\u00a9la-croix-valmertourisme-1-rotated.jpg","type":"image\/jpeg"}],"twitter_card":"summary_large_image","twitter_site":"@La_Croix_Valmer","twitter_misc":{"Est. reading time":"2 minutes"},"schema":{"@context":"https:\/\/schema.org","@graph":[{"@type":"WebPage","@id":"https:\/\/www.lacroixvalmertourisme.com\/en\/coming-parking\/parking","url":"https:\/\/www.lacroixvalmertourisme.com\/en\/coming-parking\/parking","name":"Parking - La Croix-Valmer Tourisme","isPartOf":{"@id":"https:\/\/www.lacroixvalmertourisme.com\/en#website"},"primaryImageOfPage":{"@id":"https:\/\/www.lacroixvalmertourisme.com\/en\/coming-parking\/parking#primaryimage"},"image":{"@id":"https:\/\/www.lacroixvalmertourisme.com\/en\/coming-parking\/parking#primaryimage"},"thumbnailUrl":"https:\/\/www.lacroixvalmertourisme.com\/wp-content\/uploads\/2025\/01\/stationnement2021\u00a9la-croix-valmertourisme-1-rotated.jpg","datePublished":"2025-01-13T13:46:41+00:00","dateModified":"2026-05-03T07:47:52+00:00","breadcrumb":{"@id":"https:\/\/www.lacroixvalmertourisme.com\/en\/coming-parking\/parking#breadcrumb"},"inLanguage":"en-US","potentialAction":[{"@type":"ReadAction","target":["https:\/\/www.lacroixvalmertourisme.com\/en\/coming-parking\/parking"]}]},{"@type":"ImageObject","inLanguage":"en-US","@id":"https:\/\/www.lacroixvalmertourisme.com\/en\/coming-parking\/parking#primaryimage","url":"https:\/\/www.lacroixvalmertourisme.com\/wp-content\/uploads\/2025\/01\/stationnement2021\u00a9la-croix-valmertourisme-1-rotated.jpg","contentUrl":"https:\/\/www.lacroixvalmertourisme.com\/wp-content\/uploads\/2025\/01\/stationnement2021\u00a9la-croix-valmertourisme-1-rotated.jpg","width":1080,"height":1440,"caption":"borne stationnement parkings la croix Valmer plage du d\u00e9barquement"},{"@type":"BreadcrumbList","@id":"https:\/\/www.lacroixvalmertourisme.com\/en\/coming-parking\/parking#breadcrumb","itemListElement":[{"@type":"ListItem","position":1,"name":"Accueil","item":"https:\/\/www.lacroixvalmertourisme.com\/en"},{"@type":"ListItem","position":2,"name":"Coming.Parking.Shuttles","item":"https:\/\/www.lacroixvalmertourisme.com\/en\/coming-parking"},{"@type":"ListItem","position":3,"name":"Parking"}]},{"@type":"WebSite","@id":"https:\/\/www.lacroixvalmertourisme.com\/en#website","url":"https:\/\/www.lacroixvalmertourisme.com\/en","name":"La Croix-Valmer Tourisme","description":"Toutes les informations touristiques pour organiser votre prochain s\u00e9jour \u00e0 La Croix Valmer dans le Golfe de Saint-Tropez","publisher":{"@id":"https:\/\/www.lacroixvalmertourisme.com\/en#organization"},"potentialAction":[{"@type":"SearchAction","target":{"@type":"EntryPoint","urlTemplate":"https:\/\/www.lacroixvalmertourisme.com\/en?s={search_term_string}"},"query-input":{"@type":"PropertyValueSpecification","valueRequired":true,"valueName":"search_term_string"}}],"inLanguage":"en-US"},{"@type":"Organization","@id":"https:\/\/www.lacroixvalmertourisme.com\/en#organization","name":"Office de Tourisme de La Croix Valmer","url":"https:\/\/www.lacroixvalmertourisme.com\/en","logo":{"@type":"ImageObject","inLanguage":"en-US","@id":"https:\/\/www.lacroixvalmertourisme.com\/en#\/schema\/logo\/image\/","url":"https:\/\/www.lacroixvalmertourisme.com\/wp-content\/uploads\/2021\/06\/Logo_ot_bleu.png","contentUrl":"https:\/\/www.lacroixvalmertourisme.com\/wp-content\/uploads\/2021\/06\/Logo_ot_bleu.png","width":591,"height":454,"caption":"Office de Tourisme de La Croix Valmer"},"image":{"@id":"https:\/\/www.lacroixvalmertourisme.com\/en#\/schema\/logo\/image\/"},"sameAs":["https:\/\/www.facebook.com\/lacroixvalmertourisme\/","https:\/\/x.com\/La_Croix_Valmer","https:\/\/www.instagram.com\/lacroixvalmer_tourisme\/"]}]}},"publishpress_future_workflow_manual_trigger":{"enabledWorkflows":[]},"_links":{"self":[{"href":"https:\/\/www.lacroixvalmertourisme.com\/en\/wp-json\/wp\/v2\/pages\/20040","targetHints":{"allow":["GET"]}}],"collection":[{"href":"https:\/\/www.lacroixvalmertourisme.com\/en\/wp-json\/wp\/v2\/pages"}],"about":[{"href":"https:\/\/www.lacroixvalmertourisme.com\/en\/wp-json\/wp\/v2\/types\/page"}],"author":[{"embeddable":true,"href":"https:\/\/www.lacroixvalmertourisme.com\/en\/wp-json\/wp\/v2\/users\/4"}],"replies":[{"embeddable":true,"href":"https:\/\/www.lacroixvalmertourisme.com\/en\/wp-json\/wp\/v2\/comments?post=20040"}],"version-history":[{"count":12,"href":"https:\/\/www.lacroixvalmertourisme.com\/en\/wp-json\/wp\/v2\/pages\/20040\/revisions"}],"predecessor-version":[{"id":28925,"href":"https:\/\/www.lacroixvalmertourisme.com\/en\/wp-json\/wp\/v2\/pages\/20040\/revisions\/28925"}],"up":[{"embeddable":true,"href":"https:\/\/www.lacroixvalmertourisme.com\/en\/wp-json\/wp\/v2\/pages\/4679"}],"wp:featuredmedia":[{"embeddable":true,"href":"https:\/\/www.lacroixvalmertourisme.com\/en\/wp-json\/wp\/v2\/media\/20068"}],"wp:attachment":[{"href":"https:\/\/www.lacroixvalmertourisme.com\/en\/wp-json\/wp\/v2\/media?parent=20040"}],"curies":[{"name":"wp","href":"https:\/\/api.w.org\/{rel}","templated":true}]}}