{"id":13853,"date":"2023-11-14T12:30:55","date_gmt":"2023-11-14T11:30:55","guid":{"rendered":"https:\/\/www.lacroixvalmertourisme.com\/?page_id=13853"},"modified":"2026-04-20T21:58:28","modified_gmt":"2026-04-20T19:58:28","slug":"posidonie-marine-protected-area","status":"publish","type":"page","link":"https:\/\/www.lacroixvalmertourisme.com\/en\/discover-escape\/sea-sand\/posidonie-marine-protected-area","title":{"rendered":"Posidonia &amp; Marine protected area"},"content":{"rendered":"\n<div class=\"wp-block-group alignwide is-layout-constrained wp-block-group-is-layout-constrained\">\n<div class=\"wp-block-columns alignfull are-vertically-aligned-center has-secondary-50-color has-text-color is-layout-flex wp-container-core-columns-is-layout-0defc3be wp-block-columns-is-layout-flex\">\n<div class=\"wp-block-column is-vertically-aligned-center is-layout-flow wp-block-column-is-layout-flow\" style=\"flex-basis:66.66%\">\n<h3 class=\"wp-block-heading has-text-align-right has-script-font-family has-5-xl-font-size\">Posidonia Oceanica <\/h3>\n\n\n\n<p class=\"has-text-align-right wp-block-paragraph\">The posidonia is an extremely valuable plant. You\u2019ll often find it washed up on the beach, and if you go underwater with your snorkelling mask, you\u2019ll be able to admire the vast sea beds it forms. The species is protected by law for the many benefits it provides to marine ecosystems and also to us humans.<\/p>\n\n\n\n<p class=\"wp-block-paragraph\"><\/p>\n\n\n\n<p class=\"has-text-align-right wp-block-paragraph\">Indeed, seagrass beds are first and foremost a habitat providing shelter and food for the many species of fish, crustaceans, echinoderms and many other forms of life that inhabit the area. Posidonia\u2019s photosynthetic ability allows it to absorb carbon dioxide dissolved in the water and for it to be stored in the leaves and the roots. Thus preventing an increase in carbon dioxide as part of the global warming process. In addition, this allows oxygen to be released into the sea that sustains marine life. As the old leaves die and detach from the roots, they often end up on beaches, where they can form huge banks and become part of coastal ecosystems, sheltering a host of small invertebrates.<\/p>\n\n\n\n<p class=\"wp-block-paragraph\"><\/p>\n\n\n\n<p class=\"has-text-align-right wp-block-paragraph\">These banks and collections of posidonia often act as a natural barrier against the impact of the waves on the beach, helping to limit coastal erosion. Posidonia\u2019s photosynthetic ability allows it to absorb carbon dioxide dissolved in the water and for it to be stored in the leaves and the roots. Thus preventing an increase in carbon dioxide as part of the global warming process. In addition, this allows oxygen to be released into the sea that sustains marine life. As the old leaves die and detach from the roots, they often end up on beaches, where they can form huge banks and become part of coastal ecosystems, sheltering a host of small invertebrates. <\/p>\n\n\n\n<p class=\"has-text-align-right wp-block-paragraph\">These banks and collections of posidonia often act as a natural barrier against the impact of the waves on the beach, helping to limit coastal erosion.<\/p>\n\n\n\n<p class=\"has-text-align-right wp-block-paragraph\">You may not find it to your liking on the beach. Yet it\u2019s a natural feature of the Mediterranean, in contrast to the \u201cfine\u201d sandy beaches to which people have become used to.<\/p>\n\n\n\n<p class=\"wp-block-paragraph\"><\/p>\n\n\n\n<p class=\"has-text-align-right wp-block-paragraph\">Be aware that this plant and its habitat are fragile.<\/p>\n\n\n\n<p class=\"has-text-align-right wp-block-paragraph\">Please respect the seagrass beds and Posidonia.<\/p>\n\n\n\n<p class=\"has-text-align-right wp-block-paragraph\">Pierre Lacosse, <em>agent du Parc national de Port-Cros<\/em><\/p>\n<\/div>\n\n\n\n<div class=\"wp-block-column is-vertically-aligned-center is-layout-flow wp-block-column-is-layout-flow\">\n<figure class=\"wp-block-image size-large is-resized is-style-rounded is-style-rounded--1\"><a data-caption=\"posidonie\u00a9guillaumevoiturier (3)\" href=\"https:\/\/www.lacroixvalmertourisme.com\/wp-content\/uploads\/2024\/11\/posidonie&#xA9;guillaumevoiturier-3-1024x576.jpg\" data-fancybox=\"gallery\"><img decoding=\"async\" sizes=\"(max-width: 1024px) 100vw, 1024px\" data-tippy-content=\"posidonie\u00a9guillaumevoiturier (3)\" src=\"https:\/\/www.lacroixvalmertourisme.com\/wp-content\/uploads\/2024\/11\/posidonie&#xA9;guillaumevoiturier-3-1024x576.jpg\" alt=\"la croix valmer tourisme office de tourisme posidonie \u00e9co \u00e9v\u00e9nements\" class=\"wp-image-18898\" style=\"width:277px;height:auto\" \/><\/a><\/figure>\n\n\n\n<figure class=\"wp-block-image size-large is-resized is-style-rounded is-style-rounded--2\"><a data-caption=\"260123\u00a9lacroixvalmertourisme (1)\" href=\"https:\/\/www.lacroixvalmertourisme.com\/wp-content\/uploads\/2023\/11\/260123&#xA9;lacroixvalmertourisme-1-768x1024.jpg\" data-fancybox=\"gallery\"><img decoding=\"async\" sizes=\"(max-width: 768px) 100vw, 768px\" data-tippy-content=\"260123\u00a9lacroixvalmertourisme (1)\" src=\"https:\/\/www.lacroixvalmertourisme.com\/wp-content\/uploads\/2023\/11\/260123&#xA9;lacroixvalmertourisme-1-768x1024.jpg\" alt=\"\" class=\"wp-image-13870\" style=\"width:277px;height:auto\" \/><\/a><\/figure>\n\n\n\n<figure class=\"wp-block-image size-large is-resized is-style-rounded is-style-rounded--3\"><a data-caption=\"Balade PNPC Richesses croisiennes \u00a9 lacroixvalmertourisme (73)\" href=\"https:\/\/www.lacroixvalmertourisme.com\/wp-content\/uploads\/2023\/11\/Balade-PNPC-Richesses-croisiennes-&#xA9;-lacroixvalmertourisme-73-771x1024.jpg\" data-fancybox=\"gallery\"><img decoding=\"async\" sizes=\"(max-width: 771px) 100vw, 771px\" data-tippy-content=\"Balade PNPC Richesses croisiennes \u00a9 lacroixvalmertourisme (73)\" src=\"https:\/\/www.lacroixvalmertourisme.com\/wp-content\/uploads\/2023\/11\/Balade-PNPC-Richesses-croisiennes-&#xA9;-lacroixvalmertourisme-73-771x1024.jpg\" alt=\"\" class=\"wp-image-13861\" style=\"width:275px;height:auto\" \/><\/a><\/figure>\n<\/div>\n<\/div>\n\n\n\n<div style=\"height:100px\" aria-hidden=\"true\" class=\"wp-block-spacer\"><\/div>\n\n\n\n<div class=\"wp-block-columns alignfull has-secondary-50-color has-text-color is-layout-flex wp-container-core-columns-is-layout-0defc3be wp-block-columns-is-layout-flex\">\n<div class=\"wp-block-column is-vertically-aligned-center is-layout-flow wp-block-column-is-layout-flow\">\n<figure class=\"wp-block-image size-full\"><img loading=\"lazy\" decoding=\"async\" width=\"794\" height=\"746\" sizes=\"auto, (max-width: 794px) 100vw, 794px\" src=\"https:\/\/www.lacroixvalmertourisme.com\/wp-content\/uploads\/2023\/11\/BlocMarque-AMP-1.png\" alt=\"\" class=\"wp-image-13848\" srcset=\"https:\/\/www.lacroixvalmertourisme.com\/wp-content\/uploads\/2023\/11\/BlocMarque-AMP-1.png 794w, https:\/\/www.lacroixvalmertourisme.com\/wp-content\/uploads\/2023\/11\/BlocMarque-AMP-1-300x282.png 300w, https:\/\/www.lacroixvalmertourisme.com\/wp-content\/uploads\/2023\/11\/BlocMarque-AMP-1-768x722.png 768w, https:\/\/www.lacroixvalmertourisme.com\/wp-content\/uploads\/2023\/11\/BlocMarque-AMP-1-160x150.png 160w\" \/><\/figure>\n<\/div>\n\n\n\n<div class=\"wp-block-column is-layout-flow wp-block-column-is-layout-flow\" style=\"flex-basis:66.66%\">\n<h3 class=\"wp-block-heading has-script-font-family has-5-xl-font-size\"> Marine protected area<\/h3>\n\n\n\n<p class=\"wp-block-paragraph\">Our village has a magnificent biodiversity and is an integral part of the Aire Marine Prot\u00e9g\u00e9e du Golfe de Saint-Tropez (Gulf of Saint-Tropez). Paradisiac coves, sandy beaches and magnificent coastal cliffs await you during your stay with us.<\/p>\n\n\n\n<p class=\"wp-block-paragraph\">The greatest treasures, however, are not to be found on land for all to see, but underwater : posidonia sea grass beds are home to numerous fish, multicolored coral or even marine mammals if you take a little trip out to sea.<\/p>\n\n\n\n<p class=\"wp-block-paragraph\"><\/p>\n\n\n\n<p class=\"wp-block-paragraph\">La Croix Valmer is committed to protecting its flora and fauna, and has been classified as a Natura 2000 site. Thanks to this status, the village maintains the delicate balance between preserving biodiversity and developing economic and tourist activities.<\/p>\n\n\n\n<p class=\"wp-block-paragraph\">The \u201ccommunaut\u00e9 de communes du Golfe de Saint-Tropez\u201d, which manages this area, has set up a number of actions: patrols, underwater developments, buoy marking, anchoring and cleaning of the seabed.<\/p>\n<\/div>\n<\/div>\n\n\n\n<div style=\"height:49px\" aria-hidden=\"true\" class=\"wp-block-spacer\"><\/div>\n\n\n\n<figure class=\"wp-block-gallery alignfull has-nested-images columns-default is-cropped wp-block-gallery-5 is-layout-flex wp-block-gallery-is-layout-flex\">\n<figure class=\"wp-block-image size-large is-style-rounded is-style-rounded--4\"><a data-caption=\"activites nautiques\" href=\"https:\/\/www.lacroixvalmertourisme.com\/wp-content\/uploads\/2021\/06\/activites-nautiques-3-SITE-OT-1024x576.png\" data-fancybox=\"gallery\"><img loading=\"lazy\" decoding=\"async\" width=\"1024\" height=\"576\" sizes=\"auto, (max-width: 1024px) 100vw, 1024px\" data-id=\"3335\" data-tippy-content=\"activites nautiques\" src=\"https:\/\/www.lacroixvalmertourisme.com\/wp-content\/uploads\/2021\/06\/activites-nautiques-3-SITE-OT-1024x576.png\" alt=\"d&#xE9;couvrir s'evader la croix valmer plages\" class=\"wp-image-3335\" srcset=\"https:\/\/www.lacroixvalmertourisme.com\/wp-content\/uploads\/2021\/06\/activites-nautiques-3-SITE-OT-1024x576.png 1024w, https:\/\/www.lacroixvalmertourisme.com\/wp-content\/uploads\/2021\/06\/activites-nautiques-3-SITE-OT-300x169.png 300w, https:\/\/www.lacroixvalmertourisme.com\/wp-content\/uploads\/2021\/06\/activites-nautiques-3-SITE-OT-768x432.png 768w, https:\/\/www.lacroixvalmertourisme.com\/wp-content\/uploads\/2021\/06\/activites-nautiques-3-SITE-OT-1536x864.png 1536w, https:\/\/www.lacroixvalmertourisme.com\/wp-content\/uploads\/2021\/06\/activites-nautiques-3-SITE-OT-267x150.png 267w, https:\/\/www.lacroixvalmertourisme.com\/wp-content\/uploads\/2021\/06\/activites-nautiques-3-SITE-OT.png 2000w\" \/><\/a><\/figure>\n<\/figure>\n<\/div>\n","protected":false},"excerpt":{"rendered":"<p>Posidonia Oceanica The posidonia is an extremely valuable plant. You\u2019ll often find it washed up on the beach, and if you go underwater with your snorkelling mask, you\u2019ll be able to admire the vast sea beds it forms. The species is protected by law for the many benefits it provides to marine ecosystems and also&#8230;<\/p>\n","protected":false},"author":4,"featured_media":16288,"parent":4633,"menu_order":62,"comment_status":"closed","ping_status":"closed","template":"page-plage.blade.php","meta":{"_acf_changed":false,"_crdt_document":"","footnotes":""},"class_list":["post-13853","page","type-page","status-publish","has-post-thumbnail","hentry"],"acf":{"slogan":"","introduction":"","autoplay":false,"delay":"","video_mp4":false,"video_webm":false,"poster_image":false,"nugget":false,"mots-cles":"","pagepage-etendus":"compact","pagepage-updown":false,"page-virtuelle":false,"title_alignement":""},"yoast_head":"<!-- This site is optimized with the Yoast SEO plugin v27.5 - https:\/\/yoast.com\/product\/yoast-seo-wordpress\/ -->\n<title>Posidonia &amp; Marine protected area - La Croix-Valmer Tourisme<\/title>\n<meta name=\"robots\" content=\"index, follow, max-snippet:-1, max-image-preview:large, max-video-preview:-1\" \/>\n<link rel=\"canonical\" href=\"https:\/\/www.lacroixvalmertourisme.com\/en\/discover-escape\/sea-sand\/posidonie-marine-protected-area\" \/>\n<meta property=\"og:locale\" content=\"en_US\" \/>\n<meta property=\"og:type\" content=\"article\" \/>\n<meta property=\"og:title\" content=\"Posidonia &amp; Marine protected area - La Croix-Valmer Tourisme\" \/>\n<meta property=\"og:description\" content=\"Posidonia Oceanica The posidonia is an extremely valuable plant. You\u2019ll often find it washed up on the beach, and if you go underwater with your snorkelling mask, you\u2019ll be able to admire the vast sea beds it forms. The species is protected by law for the many benefits it provides to marine ecosystems and also...\" \/>\n<meta property=\"og:url\" content=\"https:\/\/www.lacroixvalmertourisme.com\/en\/discover-escape\/sea-sand\/posidonie-marine-protected-area\" \/>\n<meta property=\"og:site_name\" content=\"La Croix-Valmer Tourisme\" \/>\n<meta property=\"article:publisher\" content=\"https:\/\/www.facebook.com\/lacroixvalmertourisme\/\" \/>\n<meta property=\"article:modified_time\" content=\"2026-04-20T19:58:28+00:00\" \/>\n<meta property=\"og:image\" content=\"https:\/\/www.lacroixvalmertourisme.com\/wp-content\/uploads\/2024\/06\/posidonie\u00a9guillaumevoiturier-6.jpg\" \/>\n\t<meta property=\"og:image:width\" content=\"2000\" \/>\n\t<meta property=\"og:image:height\" content=\"1125\" \/>\n\t<meta property=\"og:image:type\" content=\"image\/jpeg\" \/>\n<meta name=\"twitter:card\" content=\"summary_large_image\" \/>\n<meta name=\"twitter:site\" content=\"@La_Croix_Valmer\" \/>\n<meta name=\"twitter:label1\" content=\"Est. reading time\" \/>\n\t<meta name=\"twitter:data1\" content=\"3 minutes\" \/>\n<!-- \/ Yoast SEO plugin. -->","yoast_head_json":{"title":"Posidonia &amp; Marine protected area - La Croix-Valmer Tourisme","robots":{"index":"index","follow":"follow","max-snippet":"max-snippet:-1","max-image-preview":"max-image-preview:large","max-video-preview":"max-video-preview:-1"},"canonical":"https:\/\/www.lacroixvalmertourisme.com\/en\/discover-escape\/sea-sand\/posidonie-marine-protected-area","og_locale":"en_US","og_type":"article","og_title":"Posidonia &amp; Marine protected area - La Croix-Valmer Tourisme","og_description":"Posidonia Oceanica The posidonia is an extremely valuable plant. You\u2019ll often find it washed up on the beach, and if you go underwater with your snorkelling mask, you\u2019ll be able to admire the vast sea beds it forms. The species is protected by law for the many benefits it provides to marine ecosystems and also...","og_url":"https:\/\/www.lacroixvalmertourisme.com\/en\/discover-escape\/sea-sand\/posidonie-marine-protected-area","og_site_name":"La Croix-Valmer Tourisme","article_publisher":"https:\/\/www.facebook.com\/lacroixvalmertourisme\/","article_modified_time":"2026-04-20T19:58:28+00:00","og_image":[{"width":2000,"height":1125,"url":"https:\/\/www.lacroixvalmertourisme.com\/wp-content\/uploads\/2024\/06\/posidonie\u00a9guillaumevoiturier-6.jpg","type":"image\/jpeg"}],"twitter_card":"summary_large_image","twitter_site":"@La_Croix_Valmer","twitter_misc":{"Est. reading time":"3 minutes"},"schema":{"@context":"https:\/\/schema.org","@graph":[{"@type":"WebPage","@id":"https:\/\/www.lacroixvalmertourisme.com\/en\/discover-escape\/sea-sand\/posidonie-marine-protected-area","url":"https:\/\/www.lacroixvalmertourisme.com\/en\/discover-escape\/sea-sand\/posidonie-marine-protected-area","name":"Posidonia &amp; Marine protected area - La Croix-Valmer Tourisme","isPartOf":{"@id":"https:\/\/www.lacroixvalmertourisme.com\/en#website"},"primaryImageOfPage":{"@id":"https:\/\/www.lacroixvalmertourisme.com\/en\/discover-escape\/sea-sand\/posidonie-marine-protected-area#primaryimage"},"image":{"@id":"https:\/\/www.lacroixvalmertourisme.com\/en\/discover-escape\/sea-sand\/posidonie-marine-protected-area#primaryimage"},"thumbnailUrl":"https:\/\/www.lacroixvalmertourisme.com\/wp-content\/uploads\/2024\/06\/posidonie\u00a9guillaumevoiturier-6.jpg","datePublished":"2023-11-14T11:30:55+00:00","dateModified":"2026-04-20T19:58:28+00:00","breadcrumb":{"@id":"https:\/\/www.lacroixvalmertourisme.com\/en\/discover-escape\/sea-sand\/posidonie-marine-protected-area#breadcrumb"},"inLanguage":"en-US","potentialAction":[{"@type":"ReadAction","target":["https:\/\/www.lacroixvalmertourisme.com\/en\/discover-escape\/sea-sand\/posidonie-marine-protected-area"]}]},{"@type":"ImageObject","inLanguage":"en-US","@id":"https:\/\/www.lacroixvalmertourisme.com\/en\/discover-escape\/sea-sand\/posidonie-marine-protected-area#primaryimage","url":"https:\/\/www.lacroixvalmertourisme.com\/wp-content\/uploads\/2024\/06\/posidonie\u00a9guillaumevoiturier-6.jpg","contentUrl":"https:\/\/www.lacroixvalmertourisme.com\/wp-content\/uploads\/2024\/06\/posidonie\u00a9guillaumevoiturier-6.jpg","width":2000,"height":1125,"caption":"default"},{"@type":"BreadcrumbList","@id":"https:\/\/www.lacroixvalmertourisme.com\/en\/discover-escape\/sea-sand\/posidonie-marine-protected-area#breadcrumb","itemListElement":[{"@type":"ListItem","position":1,"name":"Accueil","item":"https:\/\/www.lacroixvalmertourisme.com\/en"},{"@type":"ListItem","position":2,"name":"Discover","item":"https:\/\/www.lacroixvalmertourisme.com\/en\/discover-escape"},{"@type":"ListItem","position":3,"name":"Dream beaches","item":"https:\/\/www.lacroixvalmertourisme.com\/en\/discover-escape\/sea-sand"},{"@type":"ListItem","position":4,"name":"Posidonia &amp; Marine protected area"}]},{"@type":"WebSite","@id":"https:\/\/www.lacroixvalmertourisme.com\/en#website","url":"https:\/\/www.lacroixvalmertourisme.com\/en","name":"La Croix-Valmer Tourisme","description":"Toutes les informations touristiques pour organiser votre prochain s\u00e9jour \u00e0 La Croix Valmer dans le Golfe de Saint-Tropez","publisher":{"@id":"https:\/\/www.lacroixvalmertourisme.com\/en#organization"},"potentialAction":[{"@type":"SearchAction","target":{"@type":"EntryPoint","urlTemplate":"https:\/\/www.lacroixvalmertourisme.com\/en?s={search_term_string}"},"query-input":{"@type":"PropertyValueSpecification","valueRequired":true,"valueName":"search_term_string"}}],"inLanguage":"en-US"},{"@type":"Organization","@id":"https:\/\/www.lacroixvalmertourisme.com\/en#organization","name":"Office de Tourisme de La Croix Valmer","url":"https:\/\/www.lacroixvalmertourisme.com\/en","logo":{"@type":"ImageObject","inLanguage":"en-US","@id":"https:\/\/www.lacroixvalmertourisme.com\/en#\/schema\/logo\/image\/","url":"https:\/\/www.lacroixvalmertourisme.com\/wp-content\/uploads\/2021\/06\/Logo_ot_bleu.png","contentUrl":"https:\/\/www.lacroixvalmertourisme.com\/wp-content\/uploads\/2021\/06\/Logo_ot_bleu.png","width":591,"height":454,"caption":"Office de Tourisme de La Croix Valmer"},"image":{"@id":"https:\/\/www.lacroixvalmertourisme.com\/en#\/schema\/logo\/image\/"},"sameAs":["https:\/\/www.facebook.com\/lacroixvalmertourisme\/","https:\/\/x.com\/La_Croix_Valmer","https:\/\/www.instagram.com\/lacroixvalmer_tourisme\/"]}]}},"publishpress_future_workflow_manual_trigger":{"enabledWorkflows":[]},"_links":{"self":[{"href":"https:\/\/www.lacroixvalmertourisme.com\/en\/wp-json\/wp\/v2\/pages\/13853","targetHints":{"allow":["GET"]}}],"collection":[{"href":"https:\/\/www.lacroixvalmertourisme.com\/en\/wp-json\/wp\/v2\/pages"}],"about":[{"href":"https:\/\/www.lacroixvalmertourisme.com\/en\/wp-json\/wp\/v2\/types\/page"}],"author":[{"embeddable":true,"href":"https:\/\/www.lacroixvalmertourisme.com\/en\/wp-json\/wp\/v2\/users\/4"}],"replies":[{"embeddable":true,"href":"https:\/\/www.lacroixvalmertourisme.com\/en\/wp-json\/wp\/v2\/comments?post=13853"}],"version-history":[{"count":7,"href":"https:\/\/www.lacroixvalmertourisme.com\/en\/wp-json\/wp\/v2\/pages\/13853\/revisions"}],"predecessor-version":[{"id":27797,"href":"https:\/\/www.lacroixvalmertourisme.com\/en\/wp-json\/wp\/v2\/pages\/13853\/revisions\/27797"}],"up":[{"embeddable":true,"href":"https:\/\/www.lacroixvalmertourisme.com\/en\/wp-json\/wp\/v2\/pages\/4633"}],"wp:featuredmedia":[{"embeddable":true,"href":"https:\/\/www.lacroixvalmertourisme.com\/en\/wp-json\/wp\/v2\/media\/16288"}],"wp:attachment":[{"href":"https:\/\/www.lacroixvalmertourisme.com\/en\/wp-json\/wp\/v2\/media?parent=13853"}],"curies":[{"name":"wp","href":"https:\/\/api.w.org\/{rel}","templated":true}]}}