{"id":11738,"date":"2023-03-15T12:46:12","date_gmt":"2023-03-15T11:46:12","guid":{"rendered":"https:\/\/www.lacroixvalmertourisme.com\/discover-escape\/sea-sand\/dive-explore"},"modified":"2026-05-01T04:50:05","modified_gmt":"2026-05-01T02:50:05","slug":"dive-explore","status":"publish","type":"page","link":"https:\/\/www.lacroixvalmertourisme.com\/en\/discover-escape\/sea-sand\/dive-explore","title":{"rendered":"Dive &amp; Explore"},"content":{"rendered":"\n<div class=\"wp-block-group alignwide is-layout-constrained wp-block-group-is-layout-constrained\">\n<h2 class=\"wp-block-heading has-text-align-center has-secondary-50-color has-text-color\">&#8230; in the waters of La Croix Valmer &amp; the bay of Cavalaire<\/h2>\n\n\n\n<div style=\"height:100px\" aria-hidden=\"true\" class=\"wp-block-spacer\"><\/div>\n\n\n\n<div class=\"wp-block-columns alignfull has-secondary-50-color has-text-color is-layout-flex wp-container-core-columns-is-layout-0defc3be wp-block-columns-is-layout-flex\">\n<div class=\"wp-block-column is-layout-flow wp-block-column-is-layout-flow\">\n<h2 class=\"wp-block-heading has-text-align-center has-script-font-family has-5-xl-font-size\"><strong>Petit sec<\/strong><\/h2>\n\n\n\n<p class=\"has-text-align-center wp-block-paragraph\">The Petit Sec dive site is located at the tip of Cap Lardier. It is a rocky outcrop that skims the surface of the water, but goes down to a depth of about twenty meters. Divers particularly enjoy this spot for its fauna and flora, for it shelters a beautiful variety of fish all year long (girelles, groupers, morays, etc.).<\/p>\n\n\n\n<figure class=\"wp-block-image aligncenter size-large is-style-rounded is-style-rounded--1\"><a data-caption=\"Petit sec\" href=\"https:\/\/www.lacroixvalmertourisme.com\/wp-content\/uploads\/2023\/02\/Petit-sec-1024x710.jpg\" data-fancybox=\"gallery\"><img loading=\"lazy\" decoding=\"async\" width=\"1024\" height=\"710\" sizes=\"auto, (max-width: 1024px) 100vw, 1024px\" data-tippy-content=\"Petit sec\" src=\"https:\/\/www.lacroixvalmertourisme.com\/wp-content\/uploads\/2023\/02\/Petit-sec-1024x710.jpg\" alt=\"\" class=\"wp-image-11400\" srcset=\"https:\/\/www.lacroixvalmertourisme.com\/wp-content\/uploads\/2023\/02\/Petit-sec-1024x710.jpg 1024w, https:\/\/www.lacroixvalmertourisme.com\/wp-content\/uploads\/2023\/02\/Petit-sec-300x208.jpg 300w, https:\/\/www.lacroixvalmertourisme.com\/wp-content\/uploads\/2023\/02\/Petit-sec-768x533.jpg 768w, https:\/\/www.lacroixvalmertourisme.com\/wp-content\/uploads\/2023\/02\/Petit-sec-1536x1065.jpg 1536w, https:\/\/www.lacroixvalmertourisme.com\/wp-content\/uploads\/2023\/02\/Petit-sec-216x150.jpg 216w, https:\/\/www.lacroixvalmertourisme.com\/wp-content\/uploads\/2023\/02\/Petit-sec.jpg 2000w\" \/><\/a><figcaption class=\"wp-element-caption\"><em>\u00a9 eric dieterlen<\/em><\/figcaption><\/figure>\n\n\n\n<div style=\"height:75px\" aria-hidden=\"true\" class=\"wp-block-spacer\"><\/div>\n\n\n\n<h2 class=\"wp-block-heading has-text-align-center has-script-font-family has-5-xl-font-size\"><strong>Togo<\/strong><\/h2>\n\n\n\n<figure class=\"wp-block-image aligncenter size-large is-style-rounded is-style-rounded--2\"><a data-caption=\"togo \u00a9aldo ferrucci (2)\" href=\"https:\/\/www.lacroixvalmertourisme.com\/wp-content\/uploads\/2023\/02\/togo-&#xA9;aldo-ferrucci-2-1024x825.jpg\" data-fancybox=\"gallery\"><img decoding=\"async\" sizes=\"(max-width: 1024px) 100vw, 1024px\" data-tippy-content=\"togo \u00a9aldo ferrucci (2)\" src=\"https:\/\/www.lacroixvalmertourisme.com\/wp-content\/uploads\/2023\/02\/togo-&#xA9;aldo-ferrucci-2-1024x825.jpg\" alt=\"\" class=\"wp-image-11374\" \/><\/a><figcaption class=\"wp-element-caption\"><em>\u00a9aldo ferrucci<\/em><\/figcaption><\/figure>\n\n\n\n<p class=\"has-text-align-center wp-block-paragraph\">The Togo is one of the most beautiful wrecks in the Mediterranean. It is a 76 m long motor and sail cargo ship (3 masts and a 208 HP engine), built in 1882 in Newcastle (England) for the Havraise P\u00e9ninsulaire company. Initially, this company named it &#8220;Ville de Valence&#8221;. In 1906, this cargo ship was sold to the Becchi Lalagno Company of Savona, where it sailed under the name Amor. In 1912, it was bought by the Ilva company to transport coal in the Mediterranean. It was this company that renamed it &#8220;Togo&#8221;. On 12th May 1918, the Togo hit a 150 kg floating mine in the bay of Cavalaire. As a result of the impact, it immediately split in two and sank rapidly. Nowadays, the front part lies upright on the sand on a 60 m sandy bottom. The rear part, on the other hand, is 300 m further away and rests on the sand at a depth of 68 m.<\/p>\n\n\n\n<div class=\"wp-block-columns is-layout-flex wp-container-core-columns-is-layout-0defc3be wp-block-columns-is-layout-flex\">\n<div class=\"wp-block-column is-layout-flow wp-block-column-is-layout-flow\">\n<figure class=\"wp-block-image aligncenter size-full is-style-rounded is-style-rounded--3\"><a data-caption=\"togo \u00a9aldo ferrucci (1)\" href=\"https:\/\/www.lacroixvalmertourisme.com\/wp-content\/uploads\/2023\/02\/togo-&#xA9;aldo-ferrucci-1.jpg\" data-fancybox=\"gallery\"><img decoding=\"async\" sizes=\"(max-width: 960px) 100vw, 960px\" data-tippy-content=\"togo \u00a9aldo ferrucci (1)\" src=\"https:\/\/www.lacroixvalmertourisme.com\/wp-content\/uploads\/2023\/02\/togo-&#xA9;aldo-ferrucci-1.jpg\" alt=\"\" class=\"wp-image-11371\" \/><\/a><\/figure>\n<\/div>\n\n\n\n<div class=\"wp-block-column is-layout-flow wp-block-column-is-layout-flow\">\n<figure class=\"wp-block-image aligncenter size-large is-style-rounded is-style-rounded--4\"><a data-caption=\"togo \u00a9aldo ferrucci\" href=\"https:\/\/www.lacroixvalmertourisme.com\/wp-content\/uploads\/2023\/02\/togo-&#xA9;aldo-ferrucci-3-1024x903.jpg\" data-fancybox=\"gallery\"><img decoding=\"async\" sizes=\"(max-width: 1024px) 100vw, 1024px\" data-tippy-content=\"togo \u00a9aldo ferrucci\" src=\"https:\/\/www.lacroixvalmertourisme.com\/wp-content\/uploads\/2023\/02\/togo-&#xA9;aldo-ferrucci-3-1024x903.jpg\" alt=\"\" class=\"wp-image-11368\" \/><\/a><figcaption class=\"wp-element-caption\"><em>\u00a9aldo ferrucci<\/em><\/figcaption><\/figure>\n<\/div>\n<\/div>\n\n\n\n<div style=\"height:75px\" aria-hidden=\"true\" class=\"wp-block-spacer\"><\/div>\n\n\n\n<h2 class=\"wp-block-heading has-text-align-center has-script-font-family has-5-xl-font-size\"><strong>Proph\u00e8te<\/strong><\/h2>\n\n\n\n<p class=\"has-text-align-center wp-block-paragraph\">The Proph\u00e8te was a small-scale steam and propeller-driven ship. It was used to link Algeria and Provence. After only three years of service, the Proph\u00e8te, carrying wheat, was wrecked in 1860, in the roadstead of Agay at the diving site of Saint-Rapha\u00ebl. To this day, the wreck of the Proph\u00e8te is the oldest steamship on the Provencal coast. The remains of this ship are spread out over some fifty metres on the bottom of the sea. <\/p>\n\n\n\n<p class=\"has-text-align-center wp-block-paragraph\">The anchors are in place, the rudder is in place, a propeller is also visible, etc., enough to make your scuba diving in the bay of Cavalaire a real discovery. It is accessible to all, as there is generally little current and good visibility. However, it is recommended to go there when the weather is good, as the site is very exposed to the wind and offers no shelter.<\/p>\n\n\n\n<div class=\"wp-block-columns is-layout-flex wp-container-core-columns-is-layout-0defc3be wp-block-columns-is-layout-flex\">\n<div class=\"wp-block-column is-layout-flow wp-block-column-is-layout-flow\">\n<figure class=\"wp-block-image aligncenter size-large is-style-rounded is-style-rounded--5\"><a data-caption=\"2016\u00a9guillaumevoiturier\" href=\"https:\/\/www.lacroixvalmertourisme.com\/wp-content\/uploads\/2023\/02\/2016&#xA9;guillaumevoiturier-23-1024x577.jpg\" data-fancybox=\"gallery\"><img decoding=\"async\" sizes=\"(max-width: 1024px) 100vw, 1024px\" data-tippy-content=\"2016\u00a9guillaumevoiturier\" src=\"https:\/\/www.lacroixvalmertourisme.com\/wp-content\/uploads\/2023\/02\/2016&#xA9;guillaumevoiturier-23-1024x577.jpg\" alt=\"\" class=\"wp-image-11396\" \/><\/a><figcaption class=\"wp-element-caption\"><em>\u00a9guillaumevoiturier<\/em><\/figcaption><\/figure>\n<\/div>\n\n\n\n<div class=\"wp-block-column is-layout-flow wp-block-column-is-layout-flow\">\n<figure class=\"wp-block-image aligncenter size-full is-style-rounded is-style-rounded--6\"><a data-caption=\"le-prophete \u00a9miopalmo\" href=\"https:\/\/www.lacroixvalmertourisme.com\/wp-content\/uploads\/2023\/02\/le-prophete-&#xA9;miopalmo.jpg\" data-fancybox=\"gallery\"><img decoding=\"async\" sizes=\"(max-width: 540px) 100vw, 540px\" data-tippy-content=\"le-prophete \u00a9miopalmo\" src=\"https:\/\/www.lacroixvalmertourisme.com\/wp-content\/uploads\/2023\/02\/le-prophete-&#xA9;miopalmo.jpg\" alt=\"\" class=\"wp-image-11393\" \/><\/a><figcaption class=\"wp-element-caption\"><em>\u00a9miopalmo<\/em><\/figcaption><\/figure>\n<\/div>\n<\/div>\n<\/div>\n\n\n\n<div class=\"wp-block-column is-layout-flow wp-block-column-is-layout-flow\">\n<figure class=\"wp-block-image aligncenter size-full is-resized\"><img loading=\"lazy\" decoding=\"async\" width=\"466\" height=\"213\" sizes=\"auto, (max-width: 466px) 100vw, 466px\" src=\"https:\/\/www.lacroixvalmertourisme.com\/wp-content\/uploads\/2023\/02\/Sans-titre.jpg\" alt=\"\" class=\"wp-image-11414\" style=\"width:267px;height:122px\" srcset=\"https:\/\/www.lacroixvalmertourisme.com\/wp-content\/uploads\/2023\/02\/Sans-titre.jpg 466w, https:\/\/www.lacroixvalmertourisme.com\/wp-content\/uploads\/2023\/02\/Sans-titre-300x137.jpg 300w, https:\/\/www.lacroixvalmertourisme.com\/wp-content\/uploads\/2023\/02\/Sans-titre-328x150.jpg 328w\" \/><\/figure>\n\n\n\n<div style=\"height:50px\" aria-hidden=\"true\" class=\"wp-block-spacer\"><\/div>\n\n\n\n<h2 class=\"wp-block-heading has-text-align-center has-script-font-family has-5-xl-font-size\"><strong>Moyen sec<\/strong><\/h2>\n\n\n\n<p class=\"has-text-align-center wp-block-paragraph\">The drop off of the &#8220;Moyen Sec&#8221; is located a short distance from Lardier. Here you can easily encounter all kinds of typical Mediterranean fauna such as sars and conger eels. In addition to diving, there is also the opportunity to learn about underwater photography on an exploration dive. Experienced and trained divers can also dive by themselves.<\/p>\n\n\n\n<div style=\"height:75px\" aria-hidden=\"true\" class=\"wp-block-spacer\"><\/div>\n\n\n\n<h2 class=\"wp-block-heading has-text-align-center has-script-font-family has-5-xl-font-size\"><strong>Espingole<\/strong><\/h2>\n\n\n\n<div class=\"wp-block-columns is-layout-flex wp-container-core-columns-is-layout-0defc3be wp-block-columns-is-layout-flex\">\n<div class=\"wp-block-column is-layout-flow wp-block-column-is-layout-flow\">\n<figure class=\"wp-block-image aligncenter size-large is-style-rounded is-style-rounded--7\"><a data-caption=\"espignole \u00a9aldo ferrucci (1)\" href=\"https:\/\/www.lacroixvalmertourisme.com\/wp-content\/uploads\/2023\/02\/espignole-&#xA9;aldo-ferrucci-1-1024x681.jpg\" data-fancybox=\"gallery\"><img decoding=\"async\" sizes=\"(max-width: 1024px) 100vw, 1024px\" data-tippy-content=\"espignole \u00a9aldo ferrucci (1)\" src=\"https:\/\/www.lacroixvalmertourisme.com\/wp-content\/uploads\/2023\/02\/espignole-&#xA9;aldo-ferrucci-1-1024x681.jpg\" alt=\"\" class=\"wp-image-11358\" \/><\/a><figcaption class=\"wp-element-caption\"><em>\u00a9aldo ferrucci<\/em><\/figcaption><\/figure>\n<\/div>\n\n\n\n<div class=\"wp-block-column is-layout-flow wp-block-column-is-layout-flow\">\n<figure class=\"wp-block-image aligncenter size-large is-style-rounded is-style-rounded--8\"><a data-caption=\"espignole \u00a9aldo ferrucci (2)\" href=\"https:\/\/www.lacroixvalmertourisme.com\/wp-content\/uploads\/2023\/02\/espignole-&#xA9;aldo-ferrucci-2-1024x681.jpg\" data-fancybox=\"gallery\"><img decoding=\"async\" sizes=\"(max-width: 1024px) 100vw, 1024px\" data-tippy-content=\"espignole \u00a9aldo ferrucci (2)\" src=\"https:\/\/www.lacroixvalmertourisme.com\/wp-content\/uploads\/2023\/02\/espignole-&#xA9;aldo-ferrucci-2-1024x681.jpg\" alt=\"\" class=\"wp-image-11361\" \/><\/a><figcaption class=\"wp-element-caption\"><em>\u00a9aldo ferrucci<\/em><\/figcaption><\/figure>\n<\/div>\n<\/div>\n\n\n\n<p class=\"has-text-align-center wp-block-paragraph\">The Espignole was a very long (56m long) and thin (6m wide) destroyer. The warship could accommodate 62 men on board with several armaments (cannon and torpedoes). It served between 1900 and 1903 and sank on February 4th 1903. Today, it is stranded near Cap Lardier, 400 m west of Andati Point.<\/p>\n\n\n\n<div style=\"height:75px\" aria-hidden=\"true\" class=\"wp-block-spacer\"><\/div>\n\n\n\n<h2 class=\"wp-block-heading has-text-align-center has-script-font-family has-5-xl-font-size\"><strong>Roches Quairolles<\/strong><\/h2>\n\n\n\n<figure class=\"wp-block-image aligncenter size-large is-style-rounded is-style-rounded--9\"><a data-caption=\"2017\u00a9guillaumevoiturier\" href=\"https:\/\/www.lacroixvalmertourisme.com\/wp-content\/uploads\/2023\/02\/2017&#xA9;guillaumevoiturier-26-1024x682.jpg\" data-fancybox=\"gallery\"><img decoding=\"async\" sizes=\"(max-width: 1024px) 100vw, 1024px\" data-tippy-content=\"2017\u00a9guillaumevoiturier\" src=\"https:\/\/www.lacroixvalmertourisme.com\/wp-content\/uploads\/2023\/02\/2017&#xA9;guillaumevoiturier-26-1024x682.jpg\" alt=\"\" class=\"wp-image-11381\" \/><\/a><figcaption class=\"wp-element-caption\"><em>\u00a9guillaumevoiturier<\/em><\/figcaption><\/figure>\n\n\n\n<p class=\"has-text-align-center wp-block-paragraph\">The Roches Quairolles are a beautiful rocky formations. They are composed of two pots, the small Quairolle and the large Quairolle. They are located in the heart of the 3 Caps protection zone. Divers who enjoy photography can discover a rich and exceptional fauna and flora. In good weather, the east side will allow you to meet Gorgonians in the morning, while the west side will allow you to admire magnificent overhangs covered with sea mimosa. The spot is also home to passing fish such as groupers, conger eels, dentex, moray eels and corbs. The dive takes place between 15 and 35m.<\/p>\n\n\n\n<figure class=\"wp-block-image aligncenter size-large is-style-rounded is-style-rounded--10\"><a data-caption=\"la grande quairolle &#8211; \u00a9Var Tourisme Nicolas Barraqu\u00e9\" href=\"https:\/\/www.lacroixvalmertourisme.com\/wp-content\/uploads\/2023\/02\/la-grande-quairolle-&#xA9;Var-Tourisme-Nicolas-Barraque-1024x899.jpg\" data-fancybox=\"gallery\"><img decoding=\"async\" sizes=\"(max-width: 1024px) 100vw, 1024px\" data-tippy-content=\"la grande quairolle &#8211; \u00a9Var Tourisme Nicolas Barraqu\u00e9\" src=\"https:\/\/www.lacroixvalmertourisme.com\/wp-content\/uploads\/2023\/02\/la-grande-quairolle-&#xA9;Var-Tourisme-Nicolas-Barraque-1024x899.jpg\" alt=\"\" class=\"wp-image-11378\" \/><\/a><figcaption class=\"wp-element-caption\"><em>\u00a9Var Tourisme Nicolas Barraqu\u00e9<\/em><\/figcaption><\/figure>\n\n\n\n<div style=\"height:100px\" aria-hidden=\"true\" class=\"wp-block-spacer\"><\/div>\n\n\n\n<div class=\"wp-block-buttons is-layout-flex wp-block-buttons-is-layout-flex\">\n<div class=\"wp-block-button aligncenter is-style-fill\"><a class=\"wp-block-button__link has-secondary-50-background-color has-background wp-element-button\" href=\"http:\/\/www.miopalmoplongee.com\/\" target=\"_blank\" rel=\"noreferrer noopener\"><em>source : miopalmoplongee.com<\/em><\/a><\/div>\n<\/div>\n\n\n\n<div style=\"height:100px\" aria-hidden=\"true\" class=\"wp-block-spacer\"><\/div>\n\n\n\n<figure class=\"wp-block-image size-full is-resized\"><img loading=\"lazy\" decoding=\"async\" width=\"477\" height=\"373\" sizes=\"auto, (max-width: 477px) 100vw, 477px\" src=\"https:\/\/www.lacroixvalmertourisme.com\/wp-content\/uploads\/2023\/02\/3-1.jpg\" alt=\"\" class=\"wp-image-11427\" style=\"width:371px;height:290px\" srcset=\"https:\/\/www.lacroixvalmertourisme.com\/wp-content\/uploads\/2023\/02\/3-1.jpg 477w, https:\/\/www.lacroixvalmertourisme.com\/wp-content\/uploads\/2023\/02\/3-1-300x235.jpg 300w, https:\/\/www.lacroixvalmertourisme.com\/wp-content\/uploads\/2023\/02\/3-1-192x150.jpg 192w\" \/><\/figure>\n<\/div>\n<\/div>\n\n\n\n<div style=\"height:100px\" aria-hidden=\"true\" class=\"wp-block-spacer\"><\/div>\n\n\n\n<div class=\"wp-block-columns alignfull are-vertically-aligned-center is-layout-flex wp-container-core-columns-is-layout-0defc3be wp-block-columns-is-layout-flex\">\n<div class=\"wp-block-column is-vertically-aligned-center is-layout-flow wp-block-column-is-layout-flow\">\n<figure class=\"wp-block-image aligncenter size-full is-resized\"><img loading=\"lazy\" decoding=\"async\" width=\"411\" height=\"402\" sizes=\"auto, (max-width: 411px) 100vw, 411px\" src=\"https:\/\/www.lacroixvalmertourisme.com\/wp-content\/uploads\/2023\/02\/2-1.jpg\" alt=\"\" class=\"wp-image-11430\" style=\"width:210px;height:206px\" srcset=\"https:\/\/www.lacroixvalmertourisme.com\/wp-content\/uploads\/2023\/02\/2-1.jpg 411w, https:\/\/www.lacroixvalmertourisme.com\/wp-content\/uploads\/2023\/02\/2-1-300x293.jpg 300w, https:\/\/www.lacroixvalmertourisme.com\/wp-content\/uploads\/2023\/02\/2-1-153x150.jpg 153w\" \/><\/figure>\n\n\n\n<h2 class=\"wp-block-heading has-text-align-center has-secondary-50-color has-text-color has-script-font-family has-5-xl-font-size\"><strong>&#8230; and don&#8217;t forget<\/strong><br \/><strong>the <a href=\"https:\/\/www.lacroixvalmertourisme.com\/en\/discover-escape\/sea-sand\/snorkeling-path\">Marine Trail<\/a><\/strong><\/h2>\n<\/div>\n\n\n\n<div class=\"wp-block-column is-vertically-aligned-center is-layout-flow wp-block-column-is-layout-flow\">\n<figure class=\"wp-block-image size-large\"><a href=\"https:\/\/www.lacroixvalmertourisme.com\/en\/discover-escape\/sea-sand\/snorkeling-path\" target=\"_blank\" rel=\"noreferrer noopener\"><img decoding=\"async\" src=\"https:\/\/www.lacroixvalmertourisme.com\/wp-content\/uploads\/2023\/01\/1-1024x1024.png\" alt=\"\" class=\"wp-image-11124\" \/><\/a><\/figure>\n<\/div>\n<\/div>\n\n\n\n<div style=\"height:100px\" aria-hidden=\"true\" class=\"wp-block-spacer\"><\/div>\n<\/div>\n","protected":false},"excerpt":{"rendered":"<p>&#8230; in the waters of La Croix Valmer &amp; the bay of Cavalaire Petit sec The Petit Sec dive site is located at the tip of Cap Lardier. It is a rocky outcrop that skims the surface of the water, but goes down to a depth of about twenty meters. Divers particularly enjoy this spot&#8230;<\/p>\n","protected":false},"author":4,"featured_media":11409,"parent":4633,"menu_order":68,"comment_status":"closed","ping_status":"closed","template":"page-plage.blade.php","meta":{"_acf_changed":false,"_crdt_document":"","footnotes":""},"class_list":["post-11738","page","type-page","status-publish","has-post-thumbnail","hentry"],"acf":{"pagepage-etendus":"compact","video_mp4":false,"poster_image":false,"nugget":false,"page-virtuelle":false,"video_webm":false,"pagepage-updown":false,"autoplay":false,"delay":"","title_alignement":""},"yoast_head":"<!-- This site is optimized with the Yoast SEO plugin v27.5 - https:\/\/yoast.com\/product\/yoast-seo-wordpress\/ -->\n<title>Dive &amp; Explore - La Croix-Valmer Tourisme<\/title>\n<meta name=\"robots\" content=\"index, follow, max-snippet:-1, max-image-preview:large, max-video-preview:-1\" \/>\n<link rel=\"canonical\" href=\"https:\/\/www.lacroixvalmertourisme.com\/en\/discover-escape\/sea-sand\/dive-explore\" \/>\n<meta property=\"og:locale\" content=\"en_US\" \/>\n<meta property=\"og:type\" content=\"article\" \/>\n<meta property=\"og:title\" content=\"Dive &amp; Explore - La Croix-Valmer Tourisme\" \/>\n<meta property=\"og:description\" content=\"&#8230; in the waters of La Croix Valmer &amp; the bay of Cavalaire Petit sec The Petit Sec dive site is located at the tip of Cap Lardier. It is a rocky outcrop that skims the surface of the water, but goes down to a depth of about twenty meters. Divers particularly enjoy this spot...\" \/>\n<meta property=\"og:url\" content=\"https:\/\/www.lacroixvalmertourisme.com\/en\/discover-escape\/sea-sand\/dive-explore\" \/>\n<meta property=\"og:site_name\" content=\"La Croix-Valmer Tourisme\" \/>\n<meta property=\"article:publisher\" content=\"https:\/\/www.facebook.com\/lacroixvalmertourisme\/\" \/>\n<meta property=\"article:modified_time\" content=\"2026-05-01T02:50:05+00:00\" \/>\n<meta property=\"og:image\" content=\"https:\/\/www.lacroixvalmertourisme.com\/wp-content\/uploads\/2023\/02\/2020\u00a9guillaume-voiturier-25.jpg\" \/>\n\t<meta property=\"og:image:width\" content=\"2000\" \/>\n\t<meta property=\"og:image:height\" content=\"1123\" \/>\n\t<meta property=\"og:image:type\" content=\"image\/jpeg\" \/>\n<meta name=\"twitter:card\" content=\"summary_large_image\" \/>\n<meta name=\"twitter:site\" content=\"@La_Croix_Valmer\" \/>\n<meta name=\"twitter:label1\" content=\"Est. reading time\" \/>\n\t<meta name=\"twitter:data1\" content=\"3 minutes\" \/>\n<!-- \/ Yoast SEO plugin. -->","yoast_head_json":{"title":"Dive &amp; Explore - La Croix-Valmer Tourisme","robots":{"index":"index","follow":"follow","max-snippet":"max-snippet:-1","max-image-preview":"max-image-preview:large","max-video-preview":"max-video-preview:-1"},"canonical":"https:\/\/www.lacroixvalmertourisme.com\/en\/discover-escape\/sea-sand\/dive-explore","og_locale":"en_US","og_type":"article","og_title":"Dive &amp; Explore - La Croix-Valmer Tourisme","og_description":"&#8230; in the waters of La Croix Valmer &amp; the bay of Cavalaire Petit sec The Petit Sec dive site is located at the tip of Cap Lardier. It is a rocky outcrop that skims the surface of the water, but goes down to a depth of about twenty meters. Divers particularly enjoy this spot...","og_url":"https:\/\/www.lacroixvalmertourisme.com\/en\/discover-escape\/sea-sand\/dive-explore","og_site_name":"La Croix-Valmer Tourisme","article_publisher":"https:\/\/www.facebook.com\/lacroixvalmertourisme\/","article_modified_time":"2026-05-01T02:50:05+00:00","og_image":[{"width":2000,"height":1123,"url":"https:\/\/www.lacroixvalmertourisme.com\/wp-content\/uploads\/2023\/02\/2020\u00a9guillaume-voiturier-25.jpg","type":"image\/jpeg"}],"twitter_card":"summary_large_image","twitter_site":"@La_Croix_Valmer","twitter_misc":{"Est. reading time":"3 minutes"},"schema":{"@context":"https:\/\/schema.org","@graph":[{"@type":"WebPage","@id":"https:\/\/www.lacroixvalmertourisme.com\/en\/discover-escape\/sea-sand\/dive-explore","url":"https:\/\/www.lacroixvalmertourisme.com\/en\/discover-escape\/sea-sand\/dive-explore","name":"Dive &amp; Explore - La Croix-Valmer Tourisme","isPartOf":{"@id":"https:\/\/www.lacroixvalmertourisme.com\/en#website"},"primaryImageOfPage":{"@id":"https:\/\/www.lacroixvalmertourisme.com\/en\/discover-escape\/sea-sand\/dive-explore#primaryimage"},"image":{"@id":"https:\/\/www.lacroixvalmertourisme.com\/en\/discover-escape\/sea-sand\/dive-explore#primaryimage"},"thumbnailUrl":"https:\/\/www.lacroixvalmertourisme.com\/wp-content\/uploads\/2023\/02\/2020\u00a9guillaume-voiturier-25.jpg","datePublished":"2023-03-15T11:46:12+00:00","dateModified":"2026-05-01T02:50:05+00:00","breadcrumb":{"@id":"https:\/\/www.lacroixvalmertourisme.com\/en\/discover-escape\/sea-sand\/dive-explore#breadcrumb"},"inLanguage":"en-US","potentialAction":[{"@type":"ReadAction","target":["https:\/\/www.lacroixvalmertourisme.com\/en\/discover-escape\/sea-sand\/dive-explore"]}]},{"@type":"ImageObject","inLanguage":"en-US","@id":"https:\/\/www.lacroixvalmertourisme.com\/en\/discover-escape\/sea-sand\/dive-explore#primaryimage","url":"https:\/\/www.lacroixvalmertourisme.com\/wp-content\/uploads\/2023\/02\/2020\u00a9guillaume-voiturier-25.jpg","contentUrl":"https:\/\/www.lacroixvalmertourisme.com\/wp-content\/uploads\/2023\/02\/2020\u00a9guillaume-voiturier-25.jpg","width":2000,"height":1123},{"@type":"BreadcrumbList","@id":"https:\/\/www.lacroixvalmertourisme.com\/en\/discover-escape\/sea-sand\/dive-explore#breadcrumb","itemListElement":[{"@type":"ListItem","position":1,"name":"Accueil","item":"https:\/\/www.lacroixvalmertourisme.com\/en"},{"@type":"ListItem","position":2,"name":"Discover","item":"https:\/\/www.lacroixvalmertourisme.com\/en\/discover-escape"},{"@type":"ListItem","position":3,"name":"Dream beaches","item":"https:\/\/www.lacroixvalmertourisme.com\/en\/discover-escape\/sea-sand"},{"@type":"ListItem","position":4,"name":"Dive &amp; Explore"}]},{"@type":"WebSite","@id":"https:\/\/www.lacroixvalmertourisme.com\/en#website","url":"https:\/\/www.lacroixvalmertourisme.com\/en","name":"La Croix-Valmer Tourisme","description":"Toutes les informations touristiques pour organiser votre prochain s\u00e9jour \u00e0 La Croix Valmer dans le Golfe de Saint-Tropez","publisher":{"@id":"https:\/\/www.lacroixvalmertourisme.com\/en#organization"},"potentialAction":[{"@type":"SearchAction","target":{"@type":"EntryPoint","urlTemplate":"https:\/\/www.lacroixvalmertourisme.com\/en?s={search_term_string}"},"query-input":{"@type":"PropertyValueSpecification","valueRequired":true,"valueName":"search_term_string"}}],"inLanguage":"en-US"},{"@type":"Organization","@id":"https:\/\/www.lacroixvalmertourisme.com\/en#organization","name":"Office de Tourisme de La Croix Valmer","url":"https:\/\/www.lacroixvalmertourisme.com\/en","logo":{"@type":"ImageObject","inLanguage":"en-US","@id":"https:\/\/www.lacroixvalmertourisme.com\/en#\/schema\/logo\/image\/","url":"https:\/\/www.lacroixvalmertourisme.com\/wp-content\/uploads\/2021\/06\/Logo_ot_bleu.png","contentUrl":"https:\/\/www.lacroixvalmertourisme.com\/wp-content\/uploads\/2021\/06\/Logo_ot_bleu.png","width":591,"height":454,"caption":"Office de Tourisme de La Croix Valmer"},"image":{"@id":"https:\/\/www.lacroixvalmertourisme.com\/en#\/schema\/logo\/image\/"},"sameAs":["https:\/\/www.facebook.com\/lacroixvalmertourisme\/","https:\/\/x.com\/La_Croix_Valmer","https:\/\/www.instagram.com\/lacroixvalmer_tourisme\/"]}]}},"publishpress_future_workflow_manual_trigger":{"enabledWorkflows":[]},"_links":{"self":[{"href":"https:\/\/www.lacroixvalmertourisme.com\/en\/wp-json\/wp\/v2\/pages\/11738","targetHints":{"allow":["GET"]}}],"collection":[{"href":"https:\/\/www.lacroixvalmertourisme.com\/en\/wp-json\/wp\/v2\/pages"}],"about":[{"href":"https:\/\/www.lacroixvalmertourisme.com\/en\/wp-json\/wp\/v2\/types\/page"}],"author":[{"embeddable":true,"href":"https:\/\/www.lacroixvalmertourisme.com\/en\/wp-json\/wp\/v2\/users\/4"}],"replies":[{"embeddable":true,"href":"https:\/\/www.lacroixvalmertourisme.com\/en\/wp-json\/wp\/v2\/comments?post=11738"}],"version-history":[{"count":7,"href":"https:\/\/www.lacroixvalmertourisme.com\/en\/wp-json\/wp\/v2\/pages\/11738\/revisions"}],"predecessor-version":[{"id":26327,"href":"https:\/\/www.lacroixvalmertourisme.com\/en\/wp-json\/wp\/v2\/pages\/11738\/revisions\/26327"}],"up":[{"embeddable":true,"href":"https:\/\/www.lacroixvalmertourisme.com\/en\/wp-json\/wp\/v2\/pages\/4633"}],"wp:featuredmedia":[{"embeddable":true,"href":"https:\/\/www.lacroixvalmertourisme.com\/en\/wp-json\/wp\/v2\/media\/11409"}],"wp:attachment":[{"href":"https:\/\/www.lacroixvalmertourisme.com\/en\/wp-json\/wp\/v2\/media?parent=11738"}],"curies":[{"name":"wp","href":"https:\/\/api.w.org\/{rel}","templated":true}]}}