{"id":8094,"date":"2022-03-17T16:06:09","date_gmt":"2022-03-17T15:06:09","guid":{"rendered":"https:\/\/www.lacroixvalmertourisme.com\/anreise-parken\/pendelbus"},"modified":"2026-05-03T14:26:55","modified_gmt":"2026-05-03T12:26:55","slug":"pendelbus","status":"publish","type":"page","link":"https:\/\/www.lacroixvalmertourisme.com\/de\/anreise-parken\/pendelbus","title":{"rendered":"Pendelbus"},"content":{"rendered":"\n<div class=\"wp-block-group alignwide is-layout-constrained wp-block-group-is-layout-constrained\">\n<h3 class=\"wp-block-heading has-text-align-center has-script-font-family has-5-xl-font-size\">Shuttle-Service vom <strong>1. Juni bis 30. September<\/strong><\/h3>\n\n\n\n<div style=\"height:65px\" aria-hidden=\"true\" class=\"wp-block-spacer\"><\/div>\n\n\n\n<div class=\"wp-block-columns alignfull are-vertically-aligned-center is-layout-flex wp-container-core-columns-is-layout-0defc3be wp-block-columns-is-layout-flex\">\n<div class=\"wp-block-column is-vertically-aligned-center is-layout-flow wp-block-column-is-layout-flow\">\n<p class=\"has-text-align-center has-slate-700-color has-text-color has-link-color wp-elements-58d83ff7d7126bf5a31241b6665b49bf wp-block-paragraph\"><strong>Tags\u00fcber<\/strong>,<br \/>profitieren Sie von den kostenlosen Pendelbussen, mit denen Sie zwischen dem Dorf und den <a href=\"https:\/\/www.lacroixvalmertourisme.com\/de\/entdecken-entkommen\/fuesse-im-wasser\" target=\"_blank\" rel=\"noopener\"><strong>Str\u00e4nden<\/strong><\/a> D\u00e9barquement, Gigaro, Sylvabelle und H\u00e9racl\u00e9e verkehren k\u00f6nnen, ohne sich um den Verkehr oder das Parken k\u00fcmmern zu m\u00fcssen! Sie sind kostenlos und fahren nonstop von 8 Uhr bis ca. 20 Uhr, 7 Tage die Woche.<\/p>\n<\/div>\n\n\n\n<div class=\"wp-block-column is-vertically-aligned-center is-layout-flow wp-block-column-is-layout-flow\">\n<figure class=\"wp-block-image aligncenter size-full\"><a data-caption=\"navette\" href=\"https:\/\/www.lacroixvalmertourisme.com\/wp-content\/uploads\/2025\/01\/navette.png\" data-fancybox=\"gallery\"><img loading=\"lazy\" decoding=\"async\" width=\"500\" height=\"500\" sizes=\"auto, (max-width: 500px) 100vw, 500px\" data-tippy-content=\"navette\" src=\"https:\/\/www.lacroixvalmertourisme.com\/wp-content\/uploads\/2025\/01\/navette.png\" alt=\"arr\u00eat parkings la croix Valmer bus\" class=\"wp-image-19982\" srcset=\"https:\/\/www.lacroixvalmertourisme.com\/wp-content\/uploads\/2025\/01\/navette.png 500w, https:\/\/www.lacroixvalmertourisme.com\/wp-content\/uploads\/2025\/01\/navette-300x300.png 300w, https:\/\/www.lacroixvalmertourisme.com\/wp-content\/uploads\/2025\/01\/navette-150x150.png 150w\" \/><\/a><\/figure>\n<\/div>\n\n\n\n<div class=\"wp-block-column is-vertically-aligned-center is-layout-flow wp-block-column-is-layout-flow\">\n<p class=\"has-text-align-center has-slate-700-color has-text-color has-link-color wp-elements-9c8bc247c32685a3109505dddb5d36c0 wp-block-paragraph\"><strong>Am Abend<\/strong><br \/>verkehren von 20 Uhr bis Mitternacht Pendelbusse, sodass Sie auch ohne Auto ein Abendessen mit den F\u00fc\u00dfen im Sand oder die <strong><a href=\"https:\/\/www.lacroixvalmertourisme.com\/de\/ausgehen-spass\/events\">Animationen<\/a><\/strong>\u00a0im Dorf genie\u00dfen k\u00f6nnen!<\/p>\n<\/div>\n<\/div>\n\n\n\n<div style=\"height:65px\" aria-hidden=\"true\" class=\"wp-block-spacer\"><\/div>\n\n\n\n<div class=\"wp-block-columns alignfull are-vertically-aligned-center is-layout-flex wp-container-core-columns-is-layout-0defc3be wp-block-columns-is-layout-flex\">\n<div class=\"wp-block-column is-vertically-aligned-center is-layout-flow wp-block-column-is-layout-flow\">\n<figure class=\"wp-block-image aligncenter size-full is-resized is-style-rounded is-style-rounded--1\"><a href=\"https:\/\/bit.ly\/Navette_Estivale\" target=\"_blank\" rel=\"noopener\"><a data-caption=\"navettes 2025\" href=\"https:\/\/www.lacroixvalmertourisme.com\/wp-content\/uploads\/2025\/05\/navettes-2025.jpg\" data-fancybox=\"gallery\"><img loading=\"lazy\" decoding=\"async\" width=\"448\" height=\"947\" sizes=\"auto, (max-width: 448px) 100vw, 448px\" data-tippy-content=\"navettes 2025\" src=\"https:\/\/www.lacroixvalmertourisme.com\/wp-content\/uploads\/2025\/05\/navettes-2025.jpg\" alt=\"\" class=\"wp-image-22861\" style=\"width:271px;height:568px\" srcset=\"https:\/\/www.lacroixvalmertourisme.com\/wp-content\/uploads\/2025\/05\/navettes-2025.jpg 448w, https:\/\/www.lacroixvalmertourisme.com\/wp-content\/uploads\/2025\/05\/navettes-2025-142x300.jpg 142w, https:\/\/www.lacroixvalmertourisme.com\/wp-content\/uploads\/2025\/05\/navettes-2025-71x150.jpg 71w\" \/><\/a><\/a><figcaption class=\"wp-element-caption\"><em>2025<\/em><\/figcaption><\/figure>\n<\/div>\n\n\n\n<div class=\"wp-block-column is-vertically-aligned-center is-layout-flow wp-block-column-is-layout-flow\">\n<figure class=\"wp-block-image aligncenter size-full is-style-rounded is-style-rounded--2\"><a data-caption=\"navette 2\" href=\"https:\/\/www.lacroixvalmertourisme.com\/wp-content\/uploads\/2023\/06\/navette-2.jpg\" data-fancybox=\"gallery\"><img loading=\"lazy\" decoding=\"async\" width=\"568\" height=\"538\" sizes=\"auto, (max-width: 568px) 100vw, 568px\" data-tippy-content=\"navette 2\" src=\"https:\/\/www.lacroixvalmertourisme.com\/wp-content\/uploads\/2023\/06\/navette-2.jpg\" alt=\"\" class=\"wp-image-12663\" srcset=\"https:\/\/www.lacroixvalmertourisme.com\/wp-content\/uploads\/2023\/06\/navette-2.jpg 568w, https:\/\/www.lacroixvalmertourisme.com\/wp-content\/uploads\/2023\/06\/navette-2-300x284.jpg 300w, https:\/\/www.lacroixvalmertourisme.com\/wp-content\/uploads\/2023\/06\/navette-2-158x150.jpg 158w\" \/><\/a><\/figure>\n\n\n\n<div class=\"wp-block-buttons is-content-justification-center is-layout-flex wp-container-core-buttons-is-layout-9b3e53d3 wp-block-buttons-is-layout-flex\"><\/div>\n<\/div>\n\n\n\n<div class=\"wp-block-column is-vertically-aligned-center is-layout-flow wp-block-column-is-layout-flow\">\n<figure class=\"wp-block-image aligncenter size-full is-style-rounded is-style-rounded--3\"><a data-caption=\"navette 3\" href=\"https:\/\/www.lacroixvalmertourisme.com\/wp-content\/uploads\/2023\/06\/navette-3.jpg\" data-fancybox=\"gallery\"><img loading=\"lazy\" decoding=\"async\" width=\"538\" height=\"474\" sizes=\"auto, (max-width: 538px) 100vw, 538px\" data-tippy-content=\"navette 3\" src=\"https:\/\/www.lacroixvalmertourisme.com\/wp-content\/uploads\/2023\/06\/navette-3.jpg\" alt=\"\" class=\"wp-image-12666\" srcset=\"https:\/\/www.lacroixvalmertourisme.com\/wp-content\/uploads\/2023\/06\/navette-3.jpg 538w, https:\/\/www.lacroixvalmertourisme.com\/wp-content\/uploads\/2023\/06\/navette-3-300x264.jpg 300w, https:\/\/www.lacroixvalmertourisme.com\/wp-content\/uploads\/2023\/06\/navette-3-170x150.jpg 170w\" \/><\/a><\/figure>\n<\/div>\n<\/div>\n\n\n\n<div style=\"height:65px\" aria-hidden=\"true\" class=\"wp-block-spacer\"><\/div>\n\n\n\n<div class=\"wp-block-columns alignfull is-layout-flex wp-container-core-columns-is-layout-0defc3be wp-block-columns-is-layout-flex\">\n<div class=\"wp-block-column is-layout-flow wp-block-column-is-layout-flow\">\n<figure class=\"wp-block-image aligncenter size-large is-style-rounded is-style-rounded--4\"><a data-caption=\"Navette estivale 062024 \u00a9 lacroixvalmertourisme (1)\" href=\"https:\/\/www.lacroixvalmertourisme.com\/wp-content\/uploads\/2025\/01\/Navette-estivale-062024-&#xA9;-lacroixvalmertourisme-1-768x1024.jpeg\" data-fancybox=\"gallery\"><img decoding=\"async\" sizes=\"(max-width: 768px) 100vw, 768px\" data-tippy-content=\"Navette estivale 062024 \u00a9 lacroixvalmertourisme (1)\" src=\"https:\/\/www.lacroixvalmertourisme.com\/wp-content\/uploads\/2025\/01\/Navette-estivale-062024-&#xA9;-lacroixvalmertourisme-1-768x1024.jpeg\" alt=\"navette arr\u00eat parkings la croix Valmer \" class=\"wp-image-20052\" \/><\/a><\/figure>\n<\/div>\n\n\n\n<div class=\"wp-block-column is-layout-flow wp-block-column-is-layout-flow\">\n<figure class=\"wp-block-image aligncenter size-large is-style-rounded is-style-rounded--5\"><a data-caption=\"Navette estivale 062024 \u00a9 lacroixvalmertourisme (10)\" href=\"https:\/\/www.lacroixvalmertourisme.com\/wp-content\/uploads\/2025\/01\/Navette-estivale-062024-&#xA9;-lacroixvalmertourisme-10-768x1024.jpeg\" data-fancybox=\"gallery\"><img decoding=\"async\" sizes=\"(max-width: 768px) 100vw, 768px\" data-tippy-content=\"Navette estivale 062024 \u00a9 lacroixvalmertourisme (10)\" src=\"https:\/\/www.lacroixvalmertourisme.com\/wp-content\/uploads\/2025\/01\/Navette-estivale-062024-&#xA9;-lacroixvalmertourisme-10-768x1024.jpeg\" alt=\"navette arr\u00eat parkings la croix Valmer heraclee\" class=\"wp-image-20046\" \/><\/a><\/figure>\n<\/div>\n\n\n\n<div class=\"wp-block-column is-layout-flow wp-block-column-is-layout-flow\">\n<figure class=\"wp-block-image aligncenter size-large is-style-rounded is-style-rounded--6\"><img loading=\"lazy\" decoding=\"async\" width=\"768\" height=\"1024\" sizes=\"auto, (max-width: 768px) 100vw, 768px\" src=\"https:\/\/www.lacroixvalmertourisme.com\/wp-content\/uploads\/2023\/07\/navette-2023-4-768x1024.jpg\" alt=\"\" class=\"wp-image-13410\" srcset=\"https:\/\/www.lacroixvalmertourisme.com\/wp-content\/uploads\/2023\/07\/navette-2023-4-768x1024.jpg 768w, https:\/\/www.lacroixvalmertourisme.com\/wp-content\/uploads\/2023\/07\/navette-2023-4-225x300.jpg 225w, https:\/\/www.lacroixvalmertourisme.com\/wp-content\/uploads\/2023\/07\/navette-2023-4-1152x1536.jpg 1152w, https:\/\/www.lacroixvalmertourisme.com\/wp-content\/uploads\/2023\/07\/navette-2023-4-113x150.jpg 113w, https:\/\/www.lacroixvalmertourisme.com\/wp-content\/uploads\/2023\/07\/navette-2023-4-rotated.jpg 1500w\" \/><\/figure>\n<\/div>\n\n\n\n<div class=\"wp-block-column is-layout-flow wp-block-column-is-layout-flow\">\n<figure class=\"wp-block-image aligncenter size-large is-style-rounded is-style-rounded--7\"><a data-caption=\"Navette 07 2024 \u00a9 lacroixvalmertourisme (16)\" href=\"https:\/\/www.lacroixvalmertourisme.com\/wp-content\/uploads\/2025\/01\/Navette-07-2024-&#xA9;-lacroixvalmertourisme-16-768x1024.jpeg\" data-fancybox=\"gallery\"><img decoding=\"async\" sizes=\"(max-width: 768px) 100vw, 768px\" data-tippy-content=\"Navette 07 2024 \u00a9 lacroixvalmertourisme (16)\" src=\"https:\/\/www.lacroixvalmertourisme.com\/wp-content\/uploads\/2025\/01\/Navette-07-2024-&#xA9;-lacroixvalmertourisme-16-768x1024.jpeg\" alt=\"navette arr\u00eat parkings la croix Valmer gigaro\" class=\"wp-image-20049\" \/><\/a><\/figure>\n<\/div>\n<\/div>\n<\/div>\n","protected":false},"excerpt":{"rendered":"<p>Shuttle-Service vom 1. Juni bis 30. September Tags\u00fcber,profitieren Sie von den kostenlosen Pendelbussen, mit denen Sie zwischen dem Dorf und den Str\u00e4nden D\u00e9barquement, Gigaro, Sylvabelle und H\u00e9racl\u00e9e verkehren k\u00f6nnen, ohne sich um den Verkehr oder das Parken k\u00fcmmern zu m\u00fcssen! Sie sind kostenlos und fahren nonstop von 8 Uhr bis ca. 20 Uhr, 7 Tage&#8230;<\/p>\n","protected":false},"author":2,"featured_media":13415,"parent":4677,"menu_order":234,"comment_status":"closed","ping_status":"closed","template":"page-plage.blade.php","meta":{"_acf_changed":false,"_crdt_document":"","footnotes":""},"class_list":["post-8094","page","type-page","status-publish","has-post-thumbnail","hentry"],"acf":{"video_mp4":false,"poster_image":false,"nugget":false,"page-virtuelle":false,"video_webm":false,"autoplay":false,"delay":"","pagepage-etendus":"compact","slogan":"","introduction":"","mots-cles":"","pagepage-updown":false,"title_alignement":""},"yoast_head":"<!-- This site is optimized with the Yoast SEO plugin v27.5 - https:\/\/yoast.com\/product\/yoast-seo-wordpress\/ -->\n<title>Pendelbus - La Croix-Valmer Tourisme<\/title>\n<meta name=\"robots\" content=\"index, follow, max-snippet:-1, max-image-preview:large, max-video-preview:-1\" \/>\n<link rel=\"canonical\" href=\"https:\/\/www.lacroixvalmertourisme.com\/de\/anreise-parken\/pendelbus\" \/>\n<meta property=\"og:locale\" content=\"de_DE\" \/>\n<meta property=\"og:type\" content=\"article\" \/>\n<meta property=\"og:title\" content=\"Pendelbus - La Croix-Valmer Tourisme\" \/>\n<meta property=\"og:description\" content=\"Shuttle-Service vom 1. Juni bis 30. September Tags\u00fcber,profitieren Sie von den kostenlosen Pendelbussen, mit denen Sie zwischen dem Dorf und den Str\u00e4nden D\u00e9barquement, Gigaro, Sylvabelle und H\u00e9racl\u00e9e verkehren k\u00f6nnen, ohne sich um den Verkehr oder das Parken k\u00fcmmern zu m\u00fcssen! Sie sind kostenlos und fahren nonstop von 8 Uhr bis ca. 20 Uhr, 7 Tage...\" \/>\n<meta property=\"og:url\" content=\"https:\/\/www.lacroixvalmertourisme.com\/de\/anreise-parken\/pendelbus\" \/>\n<meta property=\"og:site_name\" content=\"La Croix-Valmer Tourisme\" \/>\n<meta property=\"article:publisher\" content=\"https:\/\/www.facebook.com\/lacroixvalmertourisme\/\" \/>\n<meta property=\"article:modified_time\" content=\"2026-05-03T12:26:55+00:00\" \/>\n<meta property=\"og:image\" content=\"https:\/\/www.lacroixvalmertourisme.com\/wp-content\/uploads\/2023\/07\/navette-2023-5.jpg\" \/>\n\t<meta property=\"og:image:width\" content=\"2000\" \/>\n\t<meta property=\"og:image:height\" content=\"1500\" \/>\n\t<meta property=\"og:image:type\" content=\"image\/jpeg\" \/>\n<meta name=\"twitter:card\" content=\"summary_large_image\" \/>\n<meta name=\"twitter:site\" content=\"@La_Croix_Valmer\" \/>\n<!-- \/ Yoast SEO plugin. -->","yoast_head_json":{"title":"Pendelbus - La Croix-Valmer Tourisme","robots":{"index":"index","follow":"follow","max-snippet":"max-snippet:-1","max-image-preview":"max-image-preview:large","max-video-preview":"max-video-preview:-1"},"canonical":"https:\/\/www.lacroixvalmertourisme.com\/de\/anreise-parken\/pendelbus","og_locale":"de_DE","og_type":"article","og_title":"Pendelbus - La Croix-Valmer Tourisme","og_description":"Shuttle-Service vom 1. Juni bis 30. September Tags\u00fcber,profitieren Sie von den kostenlosen Pendelbussen, mit denen Sie zwischen dem Dorf und den Str\u00e4nden D\u00e9barquement, Gigaro, Sylvabelle und H\u00e9racl\u00e9e verkehren k\u00f6nnen, ohne sich um den Verkehr oder das Parken k\u00fcmmern zu m\u00fcssen! Sie sind kostenlos und fahren nonstop von 8 Uhr bis ca. 20 Uhr, 7 Tage...","og_url":"https:\/\/www.lacroixvalmertourisme.com\/de\/anreise-parken\/pendelbus","og_site_name":"La Croix-Valmer Tourisme","article_publisher":"https:\/\/www.facebook.com\/lacroixvalmertourisme\/","article_modified_time":"2026-05-03T12:26:55+00:00","og_image":[{"width":2000,"height":1500,"url":"https:\/\/www.lacroixvalmertourisme.com\/wp-content\/uploads\/2023\/07\/navette-2023-5.jpg","type":"image\/jpeg"}],"twitter_card":"summary_large_image","twitter_site":"@La_Croix_Valmer","schema":{"@context":"https:\/\/schema.org","@graph":[{"@type":"WebPage","@id":"https:\/\/www.lacroixvalmertourisme.com\/de\/anreise-parken\/pendelbus","url":"https:\/\/www.lacroixvalmertourisme.com\/de\/anreise-parken\/pendelbus","name":"Pendelbus - La Croix-Valmer Tourisme","isPartOf":{"@id":"https:\/\/www.lacroixvalmertourisme.com\/de#website"},"primaryImageOfPage":{"@id":"https:\/\/www.lacroixvalmertourisme.com\/de\/anreise-parken\/pendelbus#primaryimage"},"image":{"@id":"https:\/\/www.lacroixvalmertourisme.com\/de\/anreise-parken\/pendelbus#primaryimage"},"thumbnailUrl":"https:\/\/www.lacroixvalmertourisme.com\/wp-content\/uploads\/2023\/07\/navette-2023-5.jpg","datePublished":"2022-03-17T15:06:09+00:00","dateModified":"2026-05-03T12:26:55+00:00","breadcrumb":{"@id":"https:\/\/www.lacroixvalmertourisme.com\/de\/anreise-parken\/pendelbus#breadcrumb"},"inLanguage":"de","potentialAction":[{"@type":"ReadAction","target":["https:\/\/www.lacroixvalmertourisme.com\/de\/anreise-parken\/pendelbus"]}]},{"@type":"ImageObject","inLanguage":"de","@id":"https:\/\/www.lacroixvalmertourisme.com\/de\/anreise-parken\/pendelbus#primaryimage","url":"https:\/\/www.lacroixvalmertourisme.com\/wp-content\/uploads\/2023\/07\/navette-2023-5.jpg","contentUrl":"https:\/\/www.lacroixvalmertourisme.com\/wp-content\/uploads\/2023\/07\/navette-2023-5.jpg","width":2000,"height":1500},{"@type":"BreadcrumbList","@id":"https:\/\/www.lacroixvalmertourisme.com\/de\/anreise-parken\/pendelbus#breadcrumb","itemListElement":[{"@type":"ListItem","position":1,"name":"Accueil","item":"https:\/\/www.lacroixvalmertourisme.com\/de"},{"@type":"ListItem","position":2,"name":"Anreise.Parken.Shuttlebus","item":"https:\/\/www.lacroixvalmertourisme.com\/de\/anreise-parken"},{"@type":"ListItem","position":3,"name":"Pendelbus"}]},{"@type":"WebSite","@id":"https:\/\/www.lacroixvalmertourisme.com\/de#website","url":"https:\/\/www.lacroixvalmertourisme.com\/de","name":"La Croix-Valmer Tourisme","description":"Toutes les informations touristiques pour organiser votre prochain s\u00e9jour \u00e0 La Croix Valmer dans le Golfe de Saint-Tropez","publisher":{"@id":"https:\/\/www.lacroixvalmertourisme.com\/de#organization"},"potentialAction":[{"@type":"SearchAction","target":{"@type":"EntryPoint","urlTemplate":"https:\/\/www.lacroixvalmertourisme.com\/de?s={search_term_string}"},"query-input":{"@type":"PropertyValueSpecification","valueRequired":true,"valueName":"search_term_string"}}],"inLanguage":"de"},{"@type":"Organization","@id":"https:\/\/www.lacroixvalmertourisme.com\/de#organization","name":"Office de Tourisme de La Croix Valmer","url":"https:\/\/www.lacroixvalmertourisme.com\/de","logo":{"@type":"ImageObject","inLanguage":"de","@id":"https:\/\/www.lacroixvalmertourisme.com\/de#\/schema\/logo\/image\/","url":"https:\/\/www.lacroixvalmertourisme.com\/wp-content\/uploads\/2021\/06\/Logo_ot_bleu.png","contentUrl":"https:\/\/www.lacroixvalmertourisme.com\/wp-content\/uploads\/2021\/06\/Logo_ot_bleu.png","width":591,"height":454,"caption":"Office de Tourisme de La Croix Valmer"},"image":{"@id":"https:\/\/www.lacroixvalmertourisme.com\/de#\/schema\/logo\/image\/"},"sameAs":["https:\/\/www.facebook.com\/lacroixvalmertourisme\/","https:\/\/x.com\/La_Croix_Valmer","https:\/\/www.instagram.com\/lacroixvalmer_tourisme\/"]}]}},"publishpress_future_workflow_manual_trigger":{"enabledWorkflows":[]},"_links":{"self":[{"href":"https:\/\/www.lacroixvalmertourisme.com\/de\/wp-json\/wp\/v2\/pages\/8094","targetHints":{"allow":["GET"]}}],"collection":[{"href":"https:\/\/www.lacroixvalmertourisme.com\/de\/wp-json\/wp\/v2\/pages"}],"about":[{"href":"https:\/\/www.lacroixvalmertourisme.com\/de\/wp-json\/wp\/v2\/types\/page"}],"author":[{"embeddable":true,"href":"https:\/\/www.lacroixvalmertourisme.com\/de\/wp-json\/wp\/v2\/users\/2"}],"replies":[{"embeddable":true,"href":"https:\/\/www.lacroixvalmertourisme.com\/de\/wp-json\/wp\/v2\/comments?post=8094"}],"version-history":[{"count":9,"href":"https:\/\/www.lacroixvalmertourisme.com\/de\/wp-json\/wp\/v2\/pages\/8094\/revisions"}],"predecessor-version":[{"id":27154,"href":"https:\/\/www.lacroixvalmertourisme.com\/de\/wp-json\/wp\/v2\/pages\/8094\/revisions\/27154"}],"up":[{"embeddable":true,"href":"https:\/\/www.lacroixvalmertourisme.com\/de\/wp-json\/wp\/v2\/pages\/4677"}],"wp:featuredmedia":[{"embeddable":true,"href":"https:\/\/www.lacroixvalmertourisme.com\/de\/wp-json\/wp\/v2\/media\/13415"}],"wp:attachment":[{"href":"https:\/\/www.lacroixvalmertourisme.com\/de\/wp-json\/wp\/v2\/media?parent=8094"}],"curies":[{"name":"wp","href":"https:\/\/api.w.org\/{rel}","templated":true}]}}