{"id":4693,"date":"2021-06-29T11:13:37","date_gmt":"2021-06-29T09:13:37","guid":{"rendered":"https:\/\/www.lacroixvalmertourisme.com\/partnerschaft"},"modified":"2026-04-28T16:16:36","modified_gmt":"2026-04-28T14:16:36","slug":"partnerschaft","status":"publish","type":"page","link":"https:\/\/www.lacroixvalmertourisme.com\/de\/partnerschaft","title":{"rendered":"Lassen Sie uns Partner werden !"},"content":{"rendered":"\n<div class=\"wp-block-group is-layout-constrained wp-block-group-is-layout-constrained\">\n<h2 class=\"wp-block-heading has-text-align-left has-secondary-50-color has-text-color\"><strong>Werden Sie Partner des Fremdenverkehrsamtes von La Croix Valmer<\/strong><\/h2>\n\n\n\n<div class=\"wp-block-group is-layout-constrained wp-block-group-is-layout-constrained\">\n<div class=\"wp-block-group is-layout-constrained wp-block-group-is-layout-constrained\">\n<p class=\"wp-block-paragraph\">Jeden Tag setzen wir uns daf\u00fcr ein, das Reichtum von La Croix Valmer und <strong>ihre wahre Natur<\/strong> bekannt zu machen, indem wir die Akteure w\u00fcrdigen, die zur Identit\u00e4t und Attraktivit\u00e4t unserer Region beitragen.<\/p>\n<\/div>\n\n\n\n<p class=\"wp-block-paragraph\">Unsere Aufgaben gehen weit \u00fcber die reine Information hinaus: Wir schaffen Erlebnisse, begleiten Fachleute und stellen lokale Initiativen ins Rampenlicht. Im Sinne von <strong>La Vraie Nature,<\/strong> der Marke, die unsere Identit\u00e4t verk\u00f6rpert, arbeiten wir daran, Ihre Dienstleistungen bei Besuchern, Saisonarbeitern und allen unseren Partnern bekannt zu machen.<\/p>\n\n\n\n<h3 class=\"wp-block-heading\">Warum Partner werden?<\/h3>\n\n\n\n<p class=\"wp-block-paragraph\">Ein Beitritt zum Fremdenverkehrsamt von La Croix Valmer ist viel mehr als nur eine einfache Zusammenarbeit: Sie stehen im Mittelpunkt der Werbung und Animation unseres Reiseziels und verschaffen Ihrer T\u00e4tigkeit gleichzeitig echte Sichtbarkeit.<\/p>\n\n\n\n<p class=\"wp-block-paragraph\">Als Partner profitieren Sie von einer Betreuung, die menschliches Fachwissen und moderne digitale Tools kombiniert: <\/p>\n\n\n\n<p class=\"has-text-align-center wp-block-paragraph\"><strong>Werbung f\u00fcr Ihr Unternehmen:<\/strong> Ihre Dienstleistungen, Angebote und Veranstaltungen werden in unseren digitalen Medien, Newslettern und sozialen Netzwerken hervorgehoben.<\/p>\n\n\n\n<p class=\"has-text-align-center wp-block-paragraph\"><strong>Belebung des Reiseziels:<\/strong> Beteiligen Sie sich an Gemeinschaftsprojekten (Attraktivit\u00e4tsvideos, Tage der offenen T\u00fcr, Jobmessen, thematische Workshops &#8230;), um Besucher und Saisonarbeitskr\u00e4fte anzulocken.<\/p>\n\n\n\n<p class=\"has-text-align-center wp-block-paragraph\"><strong>Begleitung und Vernetzung:<\/strong> praktische Ratschl\u00e4ge, Informationen zu lokalen Trends und Austausch mit anderen Fachleuten, um konkrete Chancen zu schaffen.<\/p>\n\n\n\n<h3 class=\"wp-block-heading\"><strong>Konkrete Vorteile f\u00fcr Sozial- und Berufsfachleute<\/strong><\/h3>\n\n\n\n<div class=\"wp-block-group is-layout-constrained wp-block-group-is-layout-constrained\">\n<div class=\"wp-block-group is-layout-constrained wp-block-group-is-layout-constrained\">\n<p class=\"has-text-align-center wp-block-paragraph\">&#8211; F\u00fcr Besucher und Saisonarbeiter sichtbar sein<\/p>\n\n\n\n<p class=\"has-text-align-center wp-block-paragraph\">&#8211; Teilnahme an Gemeinschaftsprojekten, die die Attraktivit\u00e4t der Region steigern<\/p>\n\n\n\n<p class=\"has-text-align-center wp-block-paragraph\">&#8211; Verbreiten Sie Ihre Stellenangebote und Neuigkeiten, um Talente anzuziehen.<\/p>\n\n\n\n<p class=\"has-text-align-center wp-block-paragraph\">&#8211; Profitieren Sie von einer pers\u00f6nlichen Betreuung und einem Netzwerk lokaler Fachleute.<\/p>\n<\/div>\n<\/div>\n\n\n\n<p class=\"wp-block-paragraph\">Gemeinsam machen wir La Croix Valmer zu einem dynamischen, einladenden und nachhaltigen Reiseziel, das <strong>seiner wahren Natur<\/strong> treu bleibt, in dem jeder lokale Akteur seinen Platz findet und an Sichtbarkeit gewinnt.<\/p>\n\n\n\n<h3 class=\"wp-block-heading\"><strong>Unsere Aufgaben: Der Mensch im Mittelpunkt der digitalen Werbung<\/strong><\/h3>\n\n\n\n<p class=\"wp-block-paragraph\">Im Zeitalter der Digitalisierung und k\u00fcnstlichen Intelligenz erh\u00f6hen unsere digitalen Tools die Sichtbarkeit. Was jedoch wirklich den Unterschied ausmacht, ist unser menschliches Fachwissen, unsere Kenntnisse vor Ort und unsere F\u00e4higkeit, die Akteure von <strong>La Vraie Nature<\/strong> de La Croix Valmer zur Geltung zu bringen.<\/p>\n\n\n\n<div class=\"wp-block-group is-layout-constrained wp-block-group-is-layout-constrained\">\n<div class=\"wp-block-group is-layout-constrained wp-block-group-is-layout-constrained\">\n<h3 class=\"wp-block-heading\"><strong>Ein freundlicher Empfang in Ihrer N\u00e4he<\/strong><\/h3>\n<\/div>\n<\/div>\n\n\n\n<p class=\"wp-block-paragraph\">Mehr als <strong>11.000 Besucher<\/strong> haben in diesem Jahr die T\u00fcren des Fremdenverkehrsamtes von La Croix Valmer durchschritten, und <strong>7.000 Anfragen<\/strong> wurden von unserem Team sorgf\u00e4ltig bearbeitet.<\/p>\n\n\n\n<h3 class=\"wp-block-heading\"><strong>Eine stark wachsende digitale Pr\u00e4senz<\/strong><\/h3>\n\n\n\n<div class=\"wp-block-group is-layout-constrained wp-block-group-is-layout-constrained\">\n<p class=\"wp-block-paragraph\">Unsere Website verzeichnete <strong>mehr als 80.000 Besucher,<\/strong> was einem <strong>Anstieg von 39,4 %<\/strong> gegen\u00fcber 2024 entspricht.<br \/>In den sozialen Netzwerken w\u00e4chst die Community und engagiert sich:<\/p>\n\n\n\n<p class=\"has-text-align-center wp-block-paragraph\"><strong>+11.600 Fans<\/strong> auf Facebook<br \/><strong>+9.200 Follower<\/strong> auf Instagram<br \/><strong>+2.000 geteilte<\/strong> Inhalte, was einem Anstieg der Aufrufe um +186,2 % entspricht<\/p>\n<\/div>\n\n\n\n<h3 class=\"wp-block-heading\"><strong>Ausgaben <\/strong><\/h3>\n\n\n\n<p class=\"wp-block-paragraph\">Unsere Informationsmaterialien sind nach wie vor sehr beliebt: <strong>7.000 Brosch\u00fcren (zum Herunterladen)<\/strong> wurden verteilt, um zu inspirieren, zu orientieren und unsere lokalen Sch\u00e4tze zu entdecken.<\/p>\n\n\n\n<h3 class=\"wp-block-heading\"><strong>Kurtaxe<\/strong><\/h3>\n\n\n\n<p class=\"wp-block-paragraph\">Mit Einnahmen in H\u00f6he von <strong>628.001,13 \u20ac<\/strong> f\u00fcr <strong>252.105 \u00dcbernachtungen<\/strong> (Stand: 24.10.2025) best\u00e4tigt die Kurtaxe die <strong>touristische Dynamik<\/strong> und tr\u00e4gt zur Entwicklung der Destination bei.<\/p>\n\n\n\n<h3 class=\"wp-block-heading\"><strong>Unterk\u00fcnfte &amp; Klassifizierungen<\/strong><\/h3>\n\n\n\n<p class=\"wp-block-paragraph\">Mit <strong>67 durchgef\u00fchrten Bewertungen<\/strong> von Ferienwohnungen unterst\u00fctzen wir Gastgeber bei ihrem Streben nach <strong>Qualit\u00e4t und kontinuierlicher<\/strong> Professionalisierung.<\/p>\n\n\n\n<h3 class=\"wp-block-heading\"><strong>Labels, Klassifizierungen und Anerkennung<\/strong><\/h3>\n\n\n\n<div class=\"wp-block-group is-layout-constrained wp-block-group-is-layout-constrained\">\n<div class=\"wp-block-group is-layout-constrained wp-block-group-is-layout-constrained\">\n<div class=\"wp-block-group is-layout-constrained wp-block-group-is-layout-constrained\">\n<p class=\"has-text-align-left wp-block-paragraph\">&#8211; Seit 2009 als <strong>Tourismusgemeinde anerkannt<\/strong>, Verl\u00e4ngerung f\u00fcr 2034 vorgesehen<\/p>\n\n\n\n<p class=\"has-text-align-left wp-block-paragraph\"><strong>&#8211; Als Tourismusort klassifiziert <\/strong>seit 2011, Erneuerung vorgesehen f\u00fcr 2035<\/p>\n\n\n\n<p class=\"has-text-align-left wp-block-paragraph\"><strong>&#8211; Klassifizierung von Ferienwohnungen <\/strong>seit 2013, Erneuerung vorgesehen f\u00fcr<strong> 2026<\/strong><\/p>\n\n\n\n<p class=\"has-text-align-left wp-block-paragraph\">&#8211; <strong>Fahrradfreundliche Gemeinde<\/strong> seit 2023, Erneuerung f\u00fcr <strong>2026<\/strong> vorgesehen<\/p>\n\n\n\n<p class=\"has-text-align-left wp-block-paragraph\">&#8211; <strong>Qualit\u00e4tstourismus<\/strong> seit 2012<\/p>\n\n\n\n<p class=\"has-text-align-left wp-block-paragraph\">&#8211; Tourismusb\u00fcro seit 2013 als <strong>Kategorie I klassifiziert<\/strong>, Erneuerung f\u00fcr 2029 vorgesehen<\/p>\n\n\n\n<p class=\"wp-block-paragraph\">&#8211; Auszeichnung als <strong>\u201eDestination Excellence\u201c<\/strong> f\u00fcr 2026 geplant<\/p>\n<\/div>\n<\/div>\n<\/div>\n<\/div>\n\n\n\n<h3 class=\"wp-block-heading\">Um Partner zu werden: <\/h3>\n\n\n\n<div class=\"wp-block-media-text is-stacked-on-mobile is-style-rounded\" style=\"grid-template-columns:23% auto\"><figure class=\"wp-block-media-text__media\"><img data-dominant-color=\"b6a299\" data-has-transparency=\"true\" style=\"--dominant-color: #b6a299;\" loading=\"lazy\" decoding=\"async\" width=\"1024\" height=\"1024\" src=\"https:\/\/www.lacroixvalmertourisme.com\/wp-content\/uploads\/2025\/11\/sansfondorgnigramme-oct-2025-1024x1024.webp\" alt=\"\" class=\"wp-image-25486 size-full has-transparency\" srcset=\"https:\/\/www.lacroixvalmertourisme.com\/wp-content\/uploads\/2025\/11\/sansfondorgnigramme-oct-2025-1024x1024.webp 1024w, https:\/\/www.lacroixvalmertourisme.com\/wp-content\/uploads\/2025\/11\/sansfondorgnigramme-oct-2025-300x300.webp 300w, https:\/\/www.lacroixvalmertourisme.com\/wp-content\/uploads\/2025\/11\/sansfondorgnigramme-oct-2025-150x150.webp 150w, https:\/\/www.lacroixvalmertourisme.com\/wp-content\/uploads\/2025\/11\/sansfondorgnigramme-oct-2025-768x768.webp 768w, https:\/\/www.lacroixvalmertourisme.com\/wp-content\/uploads\/2025\/11\/sansfondorgnigramme-oct-2025-1536x1536.webp 1536w, https:\/\/www.lacroixvalmertourisme.com\/wp-content\/uploads\/2025\/11\/sansfondorgnigramme-oct-2025.webp 2048w\" sizes=\"auto, (max-width: 1024px) 100vw, 1024px\" \/><\/figure><div class=\"wp-block-media-text__content\">\n<p class=\"wp-block-paragraph\">Kontaktieren Sie <strong>Zoya<\/strong><\/p>\n\n\n\n<p class=\"wp-block-paragraph\"><strong>Indem Sie das Fremdenverkehrsamt kontaktieren :<\/strong><br \/>partenariat@lacroixvalmer.fr<br \/>+33 (0)4 94 55 12 14<\/p>\n<\/div><\/div>\n\n\n\n<p class=\"wp-block-paragraph\"><em>NB: Sie k\u00f6nnen das ganze Jahr \u00fcber Partner werden, allerdings werden einige Leistungen aufgrund von Bearbeitungs- und Druckfristen nicht mehr verf\u00fcgbar sein.<\/em><\/p>\n\n\n\n<div style=\"height:37px\" aria-hidden=\"true\" class=\"wp-block-spacer\"><\/div>\n\n\n\n<h2 class=\"wp-block-heading\"><strong>Wenn Sie mehr \u00fcber die Arbeit und Ma\u00dfnahmen<\/strong><br \/><br \/><strong>Ihres Fremdenverkehrsamtes erfahren m\u00f6chten, wenden Sie sich an :<\/strong><\/h2>\n\n\n\n<div style=\"height:50px\" aria-hidden=\"true\" class=\"wp-block-spacer\"><\/div>\n\n\n\n<figure class=\"wp-block-embed aligncenter is-type-video is-provider-youtube wp-block-embed-youtube wp-embed-aspect-16-9 wp-has-aspect-ratio\">\r\n<div class=\"wp-block-embed__wrapper\">https:\/\/www.youtube.com\/watch?v=zt7NbuUUA6Q&amp;t=4s<\/div><\/figure>\n\n\n\n<div style=\"height:50px\" aria-hidden=\"true\" class=\"wp-block-spacer\"><\/div>\n\n\n\n<div style=\"height:50px\" aria-hidden=\"true\" class=\"wp-block-spacer\"><\/div>\n\n\n\n<div class=\"wp-block-columns are-vertically-aligned-center is-layout-flex wp-container-core-columns-is-layout-0defc3be wp-block-columns-is-layout-flex\">\n<div class=\"wp-block-column is-vertically-aligned-center is-layout-flow wp-block-column-is-layout-flow\">\n<figure class=\"wp-block-image aligncenter size-full is-resized is-style-rounded is-style-rounded--1\"><a href=\"https:\/\/drive.google.com\/file\/d\/1ayaf0rIdZ98fgOgElBf3aTZjI_SpKXt9\/view?usp=drive_link\" target=\"_blank\" rel=\" noreferrer noopener\"><img data-dominant-color=\"453487\" data-has-transparency=\"false\" loading=\"lazy\" decoding=\"async\" width=\"623\" height=\"875\" sizes=\"auto, (max-width: 623px) 100vw, 623px\" data-tippy-content=\"rapport activite 2025 couv\" src=\"https:\/\/www.lacroixvalmertourisme.com\/wp-content\/uploads\/2026\/01\/rapport-activite-2025-couv.webp\" alt=\"Fond violet sur lequel est inscrit \"Rapport d'activit\u00e9 2025\" et un post-it \u00e9pingl\u00e9 avec le logo de l'Office de Tourisme de La Croix Valmer\" class=\"wp-image-26695 not-transparent\" style=\"--dominant-color: #453487; width:232px\" srcset=\"https:\/\/www.lacroixvalmertourisme.com\/wp-content\/uploads\/2026\/01\/rapport-activite-2025-couv.webp 623w, https:\/\/www.lacroixvalmertourisme.com\/wp-content\/uploads\/2026\/01\/rapport-activite-2025-couv-214x300.webp 214w, https:\/\/www.lacroixvalmertourisme.com\/wp-content\/uploads\/2026\/01\/rapport-activite-2025-couv-107x150.webp 107w\" \/><\/a><\/figure>\n<\/div>\n\n\n\n<div class=\"wp-block-column is-vertically-aligned-center is-layout-flow wp-block-column-is-layout-flow\">\n<figure class=\"wp-block-image aligncenter size-full is-resized is-style-rounded is-style-rounded--2\"><a href=\"https:\/\/drive.google.com\/file\/d\/1LHj33B59hUddJOC8yKgJuzCWdHYxuoQS\/view?usp=drive_link\" target=\"_blank\" rel=\" noreferrer noopener\"><img data-dominant-color=\"f1c659\" data-has-transparency=\"false\" loading=\"lazy\" decoding=\"async\" width=\"675\" height=\"953\" sizes=\"auto, (max-width: 675px) 100vw, 675px\" src=\"https:\/\/www.lacroixvalmertourisme.com\/wp-content\/uploads\/2025\/10\/bilan-de-saison-2025.webp\" alt=\"Dessin d'un tableau avec inscrit \"Bilan saison 2025\" en blanc, avec un post-it \u00e9pingl\u00e9 dessus contenant le logo de L'office de Tourisme de La Croix Valmer. Le tout est sur un fond jaune soleil\" class=\"wp-image-24614 not-transparent\" style=\"--dominant-color: #f1c659; width:232px\" srcset=\"https:\/\/www.lacroixvalmertourisme.com\/wp-content\/uploads\/2025\/10\/bilan-de-saison-2025.webp 675w, https:\/\/www.lacroixvalmertourisme.com\/wp-content\/uploads\/2025\/10\/bilan-de-saison-2025-212x300.webp 212w, https:\/\/www.lacroixvalmertourisme.com\/wp-content\/uploads\/2025\/10\/bilan-de-saison-2025-106x150.webp 106w\" \/><\/a><\/figure>\n<\/div>\n<\/div>\n<\/div>\n\n<div style=\"height:100px\" aria-hidden=\"true\" class=\"wp-block-spacer\"><\/div>\n","protected":false},"excerpt":{"rendered":"<p>Werden Sie Partner des Fremdenverkehrsamtes von La Croix Valmer Jeden Tag setzen wir uns daf\u00fcr ein, das Reichtum von La Croix Valmer und ihre wahre Natur bekannt zu machen, indem wir die Akteure w\u00fcrdigen, die zur Identit\u00e4t und Attraktivit\u00e4t unserer Region beitragen. Unsere Aufgaben gehen weit \u00fcber die reine Information hinaus: Wir schaffen Erlebnisse, begleiten&#8230;<\/p>\n","protected":false},"author":4,"featured_media":26053,"parent":0,"menu_order":263,"comment_status":"closed","ping_status":"closed","template":"page-plage.blade.php","meta":{"_acf_changed":false,"_crdt_document":"","footnotes":""},"class_list":["post-4693","page","type-page","status-publish","has-post-thumbnail","hentry"],"acf":{"video_mp4":false,"poster_image":false,"nugget":false,"page-virtuelle":false,"video_webm":false,"pagepage-updown":false,"autoplay":false,"delay":"","pagepage-etendus":"compact","slogan":"","introduction":"","title_alignement":"","mots-cles":"professionelle Partnerschaft Sozialpartner Akteure F\u00f6rderung Dienstleister Soziales Sichtbarkeit Vereinbarung Kommunikation Qualit\u00e4t Tourismus Geist des Nationalparks Labels Kennzahlen Aufgaben des Fremdenverkehrsamtes\r\n"},"yoast_head":"<!-- This site is optimized with the Yoast SEO plugin v27.5 - https:\/\/yoast.com\/product\/yoast-seo-wordpress\/ -->\n<title>Lassen Sie uns Partner werden ! - La Croix-Valmer Tourisme<\/title>\n<meta name=\"description\" content=\"Seite f\u00fcr Partner\/Gesch\u00e4ftspartner von La Croix Valmer Seite zur Attraktivit\u00e4t der Gemeinde f\u00fcr Gewerbetreibende\" \/>\n<meta name=\"robots\" content=\"index, follow, max-snippet:-1, max-image-preview:large, max-video-preview:-1\" \/>\n<link rel=\"canonical\" href=\"https:\/\/www.lacroixvalmertourisme.com\/de\/partnerschaft\" \/>\n<meta property=\"og:locale\" content=\"de_DE\" \/>\n<meta property=\"og:type\" content=\"article\" \/>\n<meta property=\"og:title\" content=\"Lassen Sie uns Partner werden ! - La Croix-Valmer Tourisme\" \/>\n<meta property=\"og:description\" content=\"Seite f\u00fcr Partner\/Gesch\u00e4ftspartner von La Croix Valmer Seite zur Attraktivit\u00e4t der Gemeinde f\u00fcr Gewerbetreibende\" \/>\n<meta property=\"og:url\" content=\"https:\/\/www.lacroixvalmertourisme.com\/de\/partnerschaft\" \/>\n<meta property=\"og:site_name\" content=\"La Croix-Valmer Tourisme\" \/>\n<meta property=\"article:publisher\" content=\"https:\/\/www.facebook.com\/lacroixvalmertourisme\/\" \/>\n<meta property=\"article:modified_time\" content=\"2026-04-28T14:16:36+00:00\" \/>\n<meta property=\"og:image\" content=\"https:\/\/www.lacroixvalmertourisme.com\/wp-content\/uploads\/2025\/12\/Martine-PETIT-GABON-\u00a9-PETIT-GABON-16-scaled.webp\" \/>\n\t<meta property=\"og:image:width\" content=\"2560\" \/>\n\t<meta property=\"og:image:height\" content=\"1599\" \/>\n\t<meta property=\"og:image:type\" content=\"image\/jpeg\" \/>\n<meta name=\"twitter:card\" content=\"summary_large_image\" \/>\n<meta name=\"twitter:site\" content=\"@La_Croix_Valmer\" \/>\n<meta name=\"twitter:label1\" content=\"Gesch\u00e4tzte Lesezeit\" \/>\n\t<meta name=\"twitter:data1\" content=\"3\u00a0Minute\" \/>\n<!-- \/ Yoast SEO plugin. -->","yoast_head_json":{"title":"Lassen Sie uns Partner werden ! - La Croix-Valmer Tourisme","description":"Seite f\u00fcr Partner\/Gesch\u00e4ftspartner von La Croix Valmer Seite zur Attraktivit\u00e4t der Gemeinde f\u00fcr Gewerbetreibende","robots":{"index":"index","follow":"follow","max-snippet":"max-snippet:-1","max-image-preview":"max-image-preview:large","max-video-preview":"max-video-preview:-1"},"canonical":"https:\/\/www.lacroixvalmertourisme.com\/de\/partnerschaft","og_locale":"de_DE","og_type":"article","og_title":"Lassen Sie uns Partner werden ! - La Croix-Valmer Tourisme","og_description":"Seite f\u00fcr Partner\/Gesch\u00e4ftspartner von La Croix Valmer Seite zur Attraktivit\u00e4t der Gemeinde f\u00fcr Gewerbetreibende","og_url":"https:\/\/www.lacroixvalmertourisme.com\/de\/partnerschaft","og_site_name":"La Croix-Valmer Tourisme","article_publisher":"https:\/\/www.facebook.com\/lacroixvalmertourisme\/","article_modified_time":"2026-04-28T14:16:36+00:00","og_image":[{"width":2560,"height":1599,"url":"https:\/\/www.lacroixvalmertourisme.com\/wp-content\/uploads\/2025\/12\/Martine-PETIT-GABON-\u00a9-PETIT-GABON-16-scaled.webp","type":"image\/jpeg"}],"twitter_card":"summary_large_image","twitter_site":"@La_Croix_Valmer","twitter_misc":{"Gesch\u00e4tzte Lesezeit":"3\u00a0Minute"},"schema":{"@context":"https:\/\/schema.org","@graph":[{"@type":"WebPage","@id":"https:\/\/www.lacroixvalmertourisme.com\/de\/partnerschaft","url":"https:\/\/www.lacroixvalmertourisme.com\/de\/partnerschaft","name":"Lassen Sie uns Partner werden ! - La Croix-Valmer Tourisme","isPartOf":{"@id":"https:\/\/www.lacroixvalmertourisme.com\/de#website"},"primaryImageOfPage":{"@id":"https:\/\/www.lacroixvalmertourisme.com\/de\/partnerschaft#primaryimage"},"image":{"@id":"https:\/\/www.lacroixvalmertourisme.com\/de\/partnerschaft#primaryimage"},"thumbnailUrl":"https:\/\/www.lacroixvalmertourisme.com\/wp-content\/uploads\/2025\/12\/Martine-PETIT-GABON-\u00a9-PETIT-GABON-16-scaled.webp","datePublished":"2021-06-29T09:13:37+00:00","dateModified":"2026-04-28T14:16:36+00:00","description":"Seite f\u00fcr Partner\/Gesch\u00e4ftspartner von La Croix Valmer Seite zur Attraktivit\u00e4t der Gemeinde f\u00fcr Gewerbetreibende","breadcrumb":{"@id":"https:\/\/www.lacroixvalmertourisme.com\/de\/partnerschaft#breadcrumb"},"inLanguage":"de","potentialAction":[{"@type":"ReadAction","target":["https:\/\/www.lacroixvalmertourisme.com\/de\/partnerschaft"]}]},{"@type":"ImageObject","inLanguage":"de","@id":"https:\/\/www.lacroixvalmertourisme.com\/de\/partnerschaft#primaryimage","url":"https:\/\/www.lacroixvalmertourisme.com\/wp-content\/uploads\/2025\/12\/Martine-PETIT-GABON-\u00a9-PETIT-GABON-16-scaled.webp","contentUrl":"https:\/\/www.lacroixvalmertourisme.com\/wp-content\/uploads\/2025\/12\/Martine-PETIT-GABON-\u00a9-PETIT-GABON-16-scaled.webp","width":2560,"height":1599,"caption":"Pont mythique de la plage du D\u00e9barquement \u00e0 La Croix Valmer sous un ciel bleu et un soleil couchant."},{"@type":"BreadcrumbList","@id":"https:\/\/www.lacroixvalmertourisme.com\/de\/partnerschaft#breadcrumb","itemListElement":[{"@type":"ListItem","position":1,"name":"Accueil","item":"https:\/\/www.lacroixvalmertourisme.com\/de"},{"@type":"ListItem","position":2,"name":"Lassen Sie uns Partner werden !"}]},{"@type":"WebSite","@id":"https:\/\/www.lacroixvalmertourisme.com\/de#website","url":"https:\/\/www.lacroixvalmertourisme.com\/de","name":"La Croix-Valmer Tourisme","description":"Toutes les informations touristiques pour organiser votre prochain s\u00e9jour \u00e0 La Croix Valmer dans le Golfe de Saint-Tropez","publisher":{"@id":"https:\/\/www.lacroixvalmertourisme.com\/de#organization"},"potentialAction":[{"@type":"SearchAction","target":{"@type":"EntryPoint","urlTemplate":"https:\/\/www.lacroixvalmertourisme.com\/de?s={search_term_string}"},"query-input":{"@type":"PropertyValueSpecification","valueRequired":true,"valueName":"search_term_string"}}],"inLanguage":"de"},{"@type":"Organization","@id":"https:\/\/www.lacroixvalmertourisme.com\/de#organization","name":"Office de Tourisme de La Croix Valmer","url":"https:\/\/www.lacroixvalmertourisme.com\/de","logo":{"@type":"ImageObject","inLanguage":"de","@id":"https:\/\/www.lacroixvalmertourisme.com\/de#\/schema\/logo\/image\/","url":"https:\/\/www.lacroixvalmertourisme.com\/wp-content\/uploads\/2021\/06\/Logo_ot_bleu.png","contentUrl":"https:\/\/www.lacroixvalmertourisme.com\/wp-content\/uploads\/2021\/06\/Logo_ot_bleu.png","width":591,"height":454,"caption":"Office de Tourisme de La Croix Valmer"},"image":{"@id":"https:\/\/www.lacroixvalmertourisme.com\/de#\/schema\/logo\/image\/"},"sameAs":["https:\/\/www.facebook.com\/lacroixvalmertourisme\/","https:\/\/x.com\/La_Croix_Valmer","https:\/\/www.instagram.com\/lacroixvalmer_tourisme\/"]}]}},"publishpress_future_workflow_manual_trigger":{"enabledWorkflows":[]},"_links":{"self":[{"href":"https:\/\/www.lacroixvalmertourisme.com\/de\/wp-json\/wp\/v2\/pages\/4693","targetHints":{"allow":["GET"]}}],"collection":[{"href":"https:\/\/www.lacroixvalmertourisme.com\/de\/wp-json\/wp\/v2\/pages"}],"about":[{"href":"https:\/\/www.lacroixvalmertourisme.com\/de\/wp-json\/wp\/v2\/types\/page"}],"author":[{"embeddable":true,"href":"https:\/\/www.lacroixvalmertourisme.com\/de\/wp-json\/wp\/v2\/users\/4"}],"replies":[{"embeddable":true,"href":"https:\/\/www.lacroixvalmertourisme.com\/de\/wp-json\/wp\/v2\/comments?post=4693"}],"version-history":[{"count":28,"href":"https:\/\/www.lacroixvalmertourisme.com\/de\/wp-json\/wp\/v2\/pages\/4693\/revisions"}],"predecessor-version":[{"id":27726,"href":"https:\/\/www.lacroixvalmertourisme.com\/de\/wp-json\/wp\/v2\/pages\/4693\/revisions\/27726"}],"wp:featuredmedia":[{"embeddable":true,"href":"https:\/\/www.lacroixvalmertourisme.com\/de\/wp-json\/wp\/v2\/media\/26053"}],"wp:attachment":[{"href":"https:\/\/www.lacroixvalmertourisme.com\/de\/wp-json\/wp\/v2\/media?parent=4693"}],"curies":[{"name":"wp","href":"https:\/\/api.w.org\/{rel}","templated":true}]}}