{"id":4687,"date":"2021-06-29T11:06:30","date_gmt":"2021-06-29T09:06:30","guid":{"rendered":"https:\/\/www.lacroixvalmertourisme.com\/klassifizierung-eine-garantie-fuer-qualitaet"},"modified":"2026-02-16T23:20:48","modified_gmt":"2026-02-16T22:20:48","slug":"klassifizierung-eine-garantie-fuer-qualitaet","status":"publish","type":"page","link":"https:\/\/www.lacroixvalmertourisme.com\/de\/klassifizierung-eine-garantie-fuer-qualitaet","title":{"rendered":"Klassifizierung, eine Garantie f\u00fcr Qualit\u00e4t"},"content":{"rendered":"\n<h2 class=\"wp-block-heading has-text-align-center has-secondary-50-color has-text-color has-script-font-family has-5-xl-font-size\">Warum sollten sie ihre ferienwohnun klassifizieren lassen ?<\/h2>\n\n<p class=\"has-text-align-center has-secondary-50-color has-text-color wp-block-paragraph\">Mit dieser Klassifizierung haben Sie die M\u00f6glichkeit, auf Ihren Wunsch hin Partner des&#013;\nFremdenverkehrsamtes zu werden, um in den gedruckten Ausgaben und auf den Internetseiten zu erscheinen.<\/p>\n\n<figure class=\"wp-block-image aligncenter size-full is-resized is-style-rounded is-style-rounded--1\"><a href=\"https:\/\/drive.google.com\/file\/d\/1lFCR16WikWHR3dPrZAg37UhMQ7FOOnAy\/view?usp=drive_link\" target=\"_blank\" rel=\"noreferrer noopener\"><img loading=\"lazy\" decoding=\"async\" width=\"640\" height=\"895\" sizes=\"auto, (max-width: 640px) 100vw, 640px\" src=\"https:\/\/www.lacroixvalmertourisme.com\/wp-content\/uploads\/2025\/03\/classt-fr-2025.jpg\" alt=\"\" class=\"wp-image-21122\" style=\"width:389px;height:auto\" srcset=\"https:\/\/www.lacroixvalmertourisme.com\/wp-content\/uploads\/2025\/03\/classt-fr-2025.jpg 640w, https:\/\/www.lacroixvalmertourisme.com\/wp-content\/uploads\/2025\/03\/classt-fr-2025-215x300.jpg 215w, https:\/\/www.lacroixvalmertourisme.com\/wp-content\/uploads\/2025\/03\/classt-fr-2025-107x150.jpg 107w\" \/><\/a><\/figure>\n\n<div style=\"height:61px\" aria-hidden=\"true\" class=\"wp-block-spacer\"><\/div>\n\n<h2 class=\"wp-block-heading has-text-align-center has-secondary-50-color has-text-color has-script-font-family has-5-xl-font-size\">Wie sie ihre m\u00f6blierte wohnung in 3 schritten klassifizieren ?<\/h2>\n\n<div class=\"wp-block-columns has-secondary-50-color has-text-color is-layout-flex wp-container-core-columns-is-layout-0defc3be wp-block-columns-is-layout-flex\">\n<div class=\"wp-block-column is-layout-flow wp-block-column-is-layout-flow\">\n<h3 class=\"wp-block-heading has-text-align-center\">1<\/h3>\n\n\n\n<p class=\"has-text-align-center has-red-default-color has-text-color wp-block-paragraph\"><\/p>\n\n\n\n<p class=\"has-text-align-center wp-block-paragraph\"><strong><a href=\"https:\/\/docs.google.com\/forms\/d\/e\/1FAIpQLSeuCKg6jjJVxK7leB6y7dbIODJ5IrNzoqJlbz2nuBRBhqpawA\/viewform?usp=sharing&amp;ouid=115663587590888671076\" target=\"_blank\" rel=\"noopener\">F\u00fcllen Sie das Antragsformular f\u00fcr die Einstufung hier online aus.<\/a><\/strong><\/p>\n<\/div>\n\n\n\n<div class=\"wp-block-column is-layout-flow wp-block-column-is-layout-flow\">\n<h3 class=\"wp-block-heading has-text-align-center\">2<\/h3>\n\n\n\n<p class=\"wp-block-paragraph\"><\/p>\n\n\n\n<p class=\"has-text-align-center wp-block-paragraph\">Nach Erhalt Ihrer Eingabe werden Sie kontaktiert, um einen Termin f\u00fcr den Besuch zu organisieren.<\/p>\n<\/div>\n\n\n\n<div class=\"wp-block-column is-layout-flow wp-block-column-is-layout-flow\">\n<h3 class=\"wp-block-heading has-text-align-center\">3<\/h3>\n\n\n\n<p class=\"wp-block-paragraph\"><\/p>\n\n\n\n<p class=\"has-text-align-center wp-block-paragraph\">Nach der Bearbeitung des Antrags wird Ihnen eine Klassifizierung f\u00fcr 5 Jahre gestattet.<\/p>\n<\/div>\n<\/div>\n\n<div style=\"height:101px\" aria-hidden=\"true\" class=\"wp-block-spacer\"><\/div>\n\n<div class=\"wp-block-columns alignwide is-layout-flex wp-container-core-columns-is-layout-0defc3be wp-block-columns-is-layout-flex\">\n<div class=\"wp-block-column is-layout-flow wp-block-column-is-layout-flow\">\n<figure class=\"wp-block-image alignright size-large is-resized is-style-rounded is-style-rounded--2\"><img loading=\"lazy\" decoding=\"async\" width=\"724\" height=\"1024\" sizes=\"auto, (max-width: 724px) 100vw, 724px\" src=\"https:\/\/www.lacroixvalmertourisme.com\/wp-content\/uploads\/2025\/07\/pre-requis-classement-724x1024.jpg\" alt=\"Affiche pour les meubl\u00e9s de tourisme de La Croix Valmer, le fond est jaune avec des traits bleu tr\u00e8s fins. Les \u00e9critures sont dans des encadrement blancs avec une l\u00e9g\u00e8re transparence.\" class=\"wp-image-23962\" style=\"width:250px\" srcset=\"https:\/\/www.lacroixvalmertourisme.com\/wp-content\/uploads\/2025\/07\/pre-requis-classement-724x1024.jpg 724w, https:\/\/www.lacroixvalmertourisme.com\/wp-content\/uploads\/2025\/07\/pre-requis-classement-212x300.jpg 212w, https:\/\/www.lacroixvalmertourisme.com\/wp-content\/uploads\/2025\/07\/pre-requis-classement-768x1086.jpg 768w, https:\/\/www.lacroixvalmertourisme.com\/wp-content\/uploads\/2025\/07\/pre-requis-classement-1086x1536.jpg 1086w, https:\/\/www.lacroixvalmertourisme.com\/wp-content\/uploads\/2025\/07\/pre-requis-classement-106x150.jpg 106w, https:\/\/www.lacroixvalmertourisme.com\/wp-content\/uploads\/2025\/07\/pre-requis-classement.jpg 1414w\" \/><\/figure>\n<\/div>\n\n\n\n<div class=\"wp-block-column is-vertically-aligned-center is-layout-flow wp-block-column-is-layout-flow\">\n<p class=\"has-text-align-left wp-block-paragraph\">NB: Um Ihren Einstufungsbesuch bestm\u00f6glich vorzubereiten,<br \/>sehen Sie sich hier die <strong><a href=\"https:\/\/drive.google.com\/file\/d\/1w1-sfCQUanj72uIBMZBZXKJcR7xUIegy\/view?usp=drive_link\" target=\"_blank\" rel=\"noopener\">Liste der Voraussetzungen<\/a><\/strong> an.<\/p>\n<\/div>\n<\/div>\n\n<div style=\"height:101px\" aria-hidden=\"true\" class=\"wp-block-spacer\"><\/div>\n\n<h2 class=\"wp-block-heading has-text-align-center has-secondary-50-color has-text-color has-script-font-family has-5-xl-font-size\">Finden sie ihre alle n\u00fctzlichen informationen :<\/h2>\n\n<div class=\"wp-block-columns has-secondary-50-color has-text-color is-layout-flex wp-container-core-columns-is-layout-0defc3be wp-block-columns-is-layout-flex\">\n<div class=\"wp-block-column is-layout-flow wp-block-column-is-layout-flow\">\n<figure class=\"wp-block-image aligncenter size-full is-style-rounded is-style-rounded--3\"><a href=\"https:\/\/drive.google.com\/file\/d\/1lFCR16WikWHR3dPrZAg37UhMQ7FOOnAy\/view?usp=drive_link\" target=\"_blank\" rel=\"noreferrer noopener\"><img loading=\"lazy\" decoding=\"async\" width=\"640\" height=\"895\" sizes=\"auto, (max-width: 640px) 100vw, 640px\" src=\"https:\/\/www.lacroixvalmertourisme.com\/wp-content\/uploads\/2025\/03\/classt-fr-2025.jpg\" alt=\"\" class=\"wp-image-21122\" srcset=\"https:\/\/www.lacroixvalmertourisme.com\/wp-content\/uploads\/2025\/03\/classt-fr-2025.jpg 640w, https:\/\/www.lacroixvalmertourisme.com\/wp-content\/uploads\/2025\/03\/classt-fr-2025-215x300.jpg 215w, https:\/\/www.lacroixvalmertourisme.com\/wp-content\/uploads\/2025\/03\/classt-fr-2025-107x150.jpg 107w\" \/><\/a><figcaption class=\"wp-element-caption\"><strong>Leistungen, Konditionen, Preise<\/strong><\/figcaption><\/figure>\n<\/div>\n\n\n\n<div class=\"wp-block-column is-layout-flow wp-block-column-is-layout-flow\">\n<figure class=\"wp-block-image aligncenter size-full is-style-rounded is-style-rounded--4\"><a href=\"https:\/\/drive.google.com\/file\/d\/1qKTNjnnNq7OZLbrU0u8uRgS0oJlwury8\/view?usp=share_link\" target=\"_blank\" rel=\"noopener\"><img loading=\"lazy\" decoding=\"async\" width=\"635\" height=\"867\" sizes=\"auto, (max-width: 635px) 100vw, 635px\" src=\"https:\/\/www.lacroixvalmertourisme.com\/wp-content\/uploads\/2025\/03\/cgv-classt-fr-2025.jpg\" alt=\"\" class=\"wp-image-21125\" srcset=\"https:\/\/www.lacroixvalmertourisme.com\/wp-content\/uploads\/2025\/03\/cgv-classt-fr-2025.jpg 635w, https:\/\/www.lacroixvalmertourisme.com\/wp-content\/uploads\/2025\/03\/cgv-classt-fr-2025-220x300.jpg 220w, https:\/\/www.lacroixvalmertourisme.com\/wp-content\/uploads\/2025\/03\/cgv-classt-fr-2025-110x150.jpg 110w\" \/><\/a><figcaption class=\"wp-element-caption\"><strong>Verkaufsbestimmungen und-bedingungen<\/strong><\/figcaption><\/figure>\n<\/div>\n\n\n\n<div class=\"wp-block-column is-vertically-aligned-center is-layout-flow wp-block-column-is-layout-flow\">\n<figure class=\"wp-block-image aligncenter size-large is-style-rounded is-style-rounded--5\"><a href=\"https:\/\/drive.google.com\/file\/d\/1TvB-n7lwZkgXXqjlH31rbYnaxKxPdpMh\/view?usp=sharing\" target=\"_blank\" rel=\"noopener\"><img loading=\"lazy\" decoding=\"async\" width=\"1024\" height=\"720\" sizes=\"auto, (max-width: 1024px) 100vw, 1024px\" src=\"https:\/\/www.lacroixvalmertourisme.com\/wp-content\/uploads\/2021\/06\/grille-de-classement-1024x720.jpg\" alt=\"classement meubl\u00e9 de tourisme gratuit la croix valmer\" class=\"wp-image-4112\" srcset=\"https:\/\/www.lacroixvalmertourisme.com\/wp-content\/uploads\/2021\/06\/grille-de-classement-1024x720.jpg 1024w, https:\/\/www.lacroixvalmertourisme.com\/wp-content\/uploads\/2021\/06\/grille-de-classement-300x211.jpg 300w, https:\/\/www.lacroixvalmertourisme.com\/wp-content\/uploads\/2021\/06\/grille-de-classement-768x540.jpg 768w, https:\/\/www.lacroixvalmertourisme.com\/wp-content\/uploads\/2021\/06\/grille-de-classement-213x150.jpg 213w, https:\/\/www.lacroixvalmertourisme.com\/wp-content\/uploads\/2021\/06\/grille-de-classement.jpg 1286w\" \/><\/a><figcaption class=\"wp-element-caption\"><strong>Klassifizierungsraster<\/strong><\/figcaption><\/figure>\n<\/div>\n\n\n\n<div class=\"wp-block-column is-layout-flow wp-block-column-is-layout-flow\">\n<figure class=\"wp-block-image aligncenter size-full is-style-rounded is-style-rounded--6\"><a href=\"https:\/\/drive.google.com\/file\/d\/1tYv_dmszec3z2K0N6_yp9qdjevbxfQNx\/view?usp=share_link\" target=\"_blank\" rel=\"noopener\"><img loading=\"lazy\" decoding=\"async\" width=\"635\" height=\"892\" sizes=\"auto, (max-width: 635px) 100vw, 635px\" src=\"https:\/\/www.lacroixvalmertourisme.com\/wp-content\/uploads\/2025\/03\/reclamation-classt-fr-2025.jpg\" alt=\"\" class=\"wp-image-21128\" srcset=\"https:\/\/www.lacroixvalmertourisme.com\/wp-content\/uploads\/2025\/03\/reclamation-classt-fr-2025.jpg 635w, https:\/\/www.lacroixvalmertourisme.com\/wp-content\/uploads\/2025\/03\/reclamation-classt-fr-2025-214x300.jpg 214w, https:\/\/www.lacroixvalmertourisme.com\/wp-content\/uploads\/2025\/03\/reclamation-classt-fr-2025-107x150.jpg 107w\" \/><\/a><figcaption class=\"wp-element-caption\"><strong>Antragsformular<\/strong><\/figcaption><\/figure>\n<\/div>\n<\/div>\n\n<div class=\"wp-block-buttons alignwide is-horizontal is-content-justification-center is-layout-flex wp-container-core-buttons-is-layout-8ed12a5f wp-block-buttons-is-layout-flex\">\n<div class=\"wp-block-button has-custom-width wp-block-button__width-50 is-style-fill\"><a class=\"wp-block-button__link has-slate-700-background-color has-background wp-element-button\">classement@lacroixvalmer.fr<\/a><\/div>\n<\/div>\n\n<div style=\"height:50px\" aria-hidden=\"true\" class=\"wp-block-spacer\"><\/div>\n\n<h2 class=\"wp-block-heading alignwide has-text-align-center has-secondary-50-color has-text-color has-script-font-family has-5-xl-font-size\">Erinnerung an Hosting: alle Ihre Schritte online<\/h2>\n\n<div class=\"wp-block-columns alignwide is-layout-flex wp-container-core-columns-is-layout-0defc3be wp-block-columns-is-layout-flex\">\n<div class=\"wp-block-column is-layout-flow wp-block-column-is-layout-flow\">\n<div class=\"wp-block-buttons is-content-justification-center is-layout-flex wp-container-core-buttons-is-layout-9b3e53d3 wp-block-buttons-is-layout-flex\">\n<div class=\"wp-block-button is-style-fill\"><a class=\"wp-block-button__link has-slate-700-background-color has-background wp-element-button\" href=\"https:\/\/www.declaloc.fr\/?tid=37\" target=\"_blank\" rel=\"noreferrer noopener\">Ich melde mein Gewerbe an und erhalte meine Registriernummer<\/a><\/div>\n<\/div>\n<\/div>\n\n\n\n<div class=\"wp-block-column is-layout-flow wp-block-column-is-layout-flow\">\n<div class=\"wp-block-buttons is-content-justification-center is-layout-flex wp-container-core-buttons-is-layout-9b3e53d3 wp-block-buttons-is-layout-flex\">\n<div class=\"wp-block-button\"><a class=\"wp-block-button__link has-slate-700-background-color has-background wp-element-button\" href=\"https:\/\/lacroixvalmer.taxesejour.fr\/\" target=\"_blank\" rel=\"noreferrer noopener\">Ich erkl\u00e4re und \u00fcberweise die Kurtaxe<\/a><\/div>\n<\/div>\n<\/div>\n\n\n\n<div class=\"wp-block-column is-layout-flow wp-block-column-is-layout-flow\">\n<div class=\"wp-block-buttons is-content-justification-center is-layout-flex wp-container-core-buttons-is-layout-9b3e53d3 wp-block-buttons-is-layout-flex\">\n<div class=\"wp-block-button\"><a class=\"wp-block-button__link has-slate-700-background-color has-background wp-element-button\" href=\"https:\/\/www.lacroixvalmertourisme.com\/fr\/devenez-partenaire\" target=\"_blank\" rel=\"noreferrer noopener\">F\u00fcr mehr Sichtbarkeit werde ich Partner<\/a><\/div>\n<\/div>\n<\/div>\n<\/div>\n\n<div style=\"height:50px\" aria-hidden=\"true\" class=\"wp-block-spacer\"><\/div>\n","protected":false},"excerpt":{"rendered":"<p>Warum sollten sie ihre ferienwohnun klassifizieren lassen ? Mit dieser Klassifizierung haben Sie die M\u00f6glichkeit, auf Ihren Wunsch hin Partner des&#013; Fremdenverkehrsamtes zu werden, um in den gedruckten Ausgaben und auf den Internetseiten zu erscheinen. Wie sie ihre m\u00f6blierte wohnung in 3 schritten klassifizieren ? 1 F\u00fcllen Sie das Antragsformular f\u00fcr die Einstufung hier online&#8230;<\/p>\n","protected":false},"author":4,"featured_media":16105,"parent":0,"menu_order":260,"comment_status":"closed","ping_status":"closed","template":"page-plage.blade.php","meta":{"_acf_changed":false,"_crdt_document":"","footnotes":""},"class_list":["post-4687","page","type-page","status-publish","has-post-thumbnail","hentry"],"acf":{"video_mp4":false,"poster_image":false,"nugget":false,"page-virtuelle":false,"video_webm":false,"pagepage-updown":false,"introduction":"Qualifizieren Sie Ihre Unterkunft... oder wie Sie sich von der Konkurrenz abheben und Ihren Kunden eine Qualit\u00e4tsgarantie bieten","autoplay":false,"delay":"","slogan":"","pagepage-etendus":"compact","title_alignement":"","mots-cles":"classement meubl\u00e9s de tourisme taxe de s\u00e9jour h\u00e9bergement qualit\u00e9 location qualification chambre h\u00f4te\r\n"},"yoast_head":"<!-- This site is optimized with the Yoast SEO plugin v27.5 - https:\/\/yoast.com\/product\/yoast-seo-wordpress\/ -->\n<title>Klassifizierung, eine Garantie f\u00fcr Qualit\u00e4t - La Croix-Valmer Tourisme<\/title>\n<meta name=\"robots\" content=\"index, follow, max-snippet:-1, max-image-preview:large, max-video-preview:-1\" \/>\n<link rel=\"canonical\" href=\"https:\/\/www.lacroixvalmertourisme.com\/de\/klassifizierung-eine-garantie-fuer-qualitaet\" \/>\n<meta property=\"og:locale\" content=\"de_DE\" \/>\n<meta property=\"og:type\" content=\"article\" \/>\n<meta property=\"og:title\" content=\"Klassifizierung, eine Garantie f\u00fcr Qualit\u00e4t - La Croix-Valmer Tourisme\" \/>\n<meta property=\"og:description\" content=\"Warum sollten sie ihre ferienwohnun klassifizieren lassen ? Mit dieser Klassifizierung haben Sie die M\u00f6glichkeit, auf Ihren Wunsch hin Partner des&#013; Fremdenverkehrsamtes zu werden, um in den gedruckten Ausgaben und auf den Internetseiten zu erscheinen. Wie sie ihre m\u00f6blierte wohnung in 3 schritten klassifizieren ? 1 F\u00fcllen Sie das Antragsformular f\u00fcr die Einstufung hier online...\" \/>\n<meta property=\"og:url\" content=\"https:\/\/www.lacroixvalmertourisme.com\/de\/klassifizierung-eine-garantie-fuer-qualitaet\" \/>\n<meta property=\"og:site_name\" content=\"La Croix-Valmer Tourisme\" \/>\n<meta property=\"article:publisher\" content=\"https:\/\/www.facebook.com\/lacroixvalmertourisme\/\" \/>\n<meta property=\"article:modified_time\" content=\"2026-02-16T22:20:48+00:00\" \/>\n<meta property=\"og:image\" content=\"https:\/\/www.lacroixvalmertourisme.com\/wp-content\/uploads\/2024\/06\/classement-052024-\u00a9-lacroixvalmertourisme-6.jpeg\" \/>\n\t<meta property=\"og:image:width\" content=\"2000\" \/>\n\t<meta property=\"og:image:height\" content=\"1500\" \/>\n\t<meta property=\"og:image:type\" content=\"image\/jpeg\" \/>\n<meta name=\"twitter:card\" content=\"summary_large_image\" \/>\n<meta name=\"twitter:site\" content=\"@La_Croix_Valmer\" \/>\n<meta name=\"twitter:label1\" content=\"Gesch\u00e4tzte Lesezeit\" \/>\n\t<meta name=\"twitter:data1\" content=\"1\u00a0Minute\" \/>\n<!-- \/ Yoast SEO plugin. -->","yoast_head_json":{"title":"Klassifizierung, eine Garantie f\u00fcr Qualit\u00e4t - La Croix-Valmer Tourisme","robots":{"index":"index","follow":"follow","max-snippet":"max-snippet:-1","max-image-preview":"max-image-preview:large","max-video-preview":"max-video-preview:-1"},"canonical":"https:\/\/www.lacroixvalmertourisme.com\/de\/klassifizierung-eine-garantie-fuer-qualitaet","og_locale":"de_DE","og_type":"article","og_title":"Klassifizierung, eine Garantie f\u00fcr Qualit\u00e4t - La Croix-Valmer Tourisme","og_description":"Warum sollten sie ihre ferienwohnun klassifizieren lassen ? Mit dieser Klassifizierung haben Sie die M\u00f6glichkeit, auf Ihren Wunsch hin Partner des&#013; Fremdenverkehrsamtes zu werden, um in den gedruckten Ausgaben und auf den Internetseiten zu erscheinen. Wie sie ihre m\u00f6blierte wohnung in 3 schritten klassifizieren ? 1 F\u00fcllen Sie das Antragsformular f\u00fcr die Einstufung hier online...","og_url":"https:\/\/www.lacroixvalmertourisme.com\/de\/klassifizierung-eine-garantie-fuer-qualitaet","og_site_name":"La Croix-Valmer Tourisme","article_publisher":"https:\/\/www.facebook.com\/lacroixvalmertourisme\/","article_modified_time":"2026-02-16T22:20:48+00:00","og_image":[{"width":2000,"height":1500,"url":"https:\/\/www.lacroixvalmertourisme.com\/wp-content\/uploads\/2024\/06\/classement-052024-\u00a9-lacroixvalmertourisme-6.jpeg","type":"image\/jpeg"}],"twitter_card":"summary_large_image","twitter_site":"@La_Croix_Valmer","twitter_misc":{"Gesch\u00e4tzte Lesezeit":"1\u00a0Minute"},"schema":{"@context":"https:\/\/schema.org","@graph":[{"@type":"WebPage","@id":"https:\/\/www.lacroixvalmertourisme.com\/de\/klassifizierung-eine-garantie-fuer-qualitaet","url":"https:\/\/www.lacroixvalmertourisme.com\/de\/klassifizierung-eine-garantie-fuer-qualitaet","name":"Klassifizierung, eine Garantie f\u00fcr Qualit\u00e4t - La Croix-Valmer Tourisme","isPartOf":{"@id":"https:\/\/www.lacroixvalmertourisme.com\/de#website"},"primaryImageOfPage":{"@id":"https:\/\/www.lacroixvalmertourisme.com\/de\/klassifizierung-eine-garantie-fuer-qualitaet#primaryimage"},"image":{"@id":"https:\/\/www.lacroixvalmertourisme.com\/de\/klassifizierung-eine-garantie-fuer-qualitaet#primaryimage"},"thumbnailUrl":"https:\/\/www.lacroixvalmertourisme.com\/wp-content\/uploads\/2024\/06\/classement-052024-\u00a9-lacroixvalmertourisme-6.jpeg","datePublished":"2021-06-29T09:06:30+00:00","dateModified":"2026-02-16T22:20:48+00:00","breadcrumb":{"@id":"https:\/\/www.lacroixvalmertourisme.com\/de\/klassifizierung-eine-garantie-fuer-qualitaet#breadcrumb"},"inLanguage":"de","potentialAction":[{"@type":"ReadAction","target":["https:\/\/www.lacroixvalmertourisme.com\/de\/klassifizierung-eine-garantie-fuer-qualitaet"]}]},{"@type":"ImageObject","inLanguage":"de","@id":"https:\/\/www.lacroixvalmertourisme.com\/de\/klassifizierung-eine-garantie-fuer-qualitaet#primaryimage","url":"https:\/\/www.lacroixvalmertourisme.com\/wp-content\/uploads\/2024\/06\/classement-052024-\u00a9-lacroixvalmertourisme-6.jpeg","contentUrl":"https:\/\/www.lacroixvalmertourisme.com\/wp-content\/uploads\/2024\/06\/classement-052024-\u00a9-lacroixvalmertourisme-6.jpeg","width":2000,"height":1500},{"@type":"BreadcrumbList","@id":"https:\/\/www.lacroixvalmertourisme.com\/de\/klassifizierung-eine-garantie-fuer-qualitaet#breadcrumb","itemListElement":[{"@type":"ListItem","position":1,"name":"Accueil","item":"https:\/\/www.lacroixvalmertourisme.com\/de"},{"@type":"ListItem","position":2,"name":"Klassifizierung, eine Garantie f\u00fcr Qualit\u00e4t"}]},{"@type":"WebSite","@id":"https:\/\/www.lacroixvalmertourisme.com\/de#website","url":"https:\/\/www.lacroixvalmertourisme.com\/de","name":"La Croix-Valmer Tourisme","description":"Toutes les informations touristiques pour organiser votre prochain s\u00e9jour \u00e0 La Croix Valmer dans le Golfe de Saint-Tropez","publisher":{"@id":"https:\/\/www.lacroixvalmertourisme.com\/de#organization"},"potentialAction":[{"@type":"SearchAction","target":{"@type":"EntryPoint","urlTemplate":"https:\/\/www.lacroixvalmertourisme.com\/de?s={search_term_string}"},"query-input":{"@type":"PropertyValueSpecification","valueRequired":true,"valueName":"search_term_string"}}],"inLanguage":"de"},{"@type":"Organization","@id":"https:\/\/www.lacroixvalmertourisme.com\/de#organization","name":"Office de Tourisme de La Croix Valmer","url":"https:\/\/www.lacroixvalmertourisme.com\/de","logo":{"@type":"ImageObject","inLanguage":"de","@id":"https:\/\/www.lacroixvalmertourisme.com\/de#\/schema\/logo\/image\/","url":"https:\/\/www.lacroixvalmertourisme.com\/wp-content\/uploads\/2021\/06\/Logo_ot_bleu.png","contentUrl":"https:\/\/www.lacroixvalmertourisme.com\/wp-content\/uploads\/2021\/06\/Logo_ot_bleu.png","width":591,"height":454,"caption":"Office de Tourisme de La Croix Valmer"},"image":{"@id":"https:\/\/www.lacroixvalmertourisme.com\/de#\/schema\/logo\/image\/"},"sameAs":["https:\/\/www.facebook.com\/lacroixvalmertourisme\/","https:\/\/x.com\/La_Croix_Valmer","https:\/\/www.instagram.com\/lacroixvalmer_tourisme\/"]}]}},"publishpress_future_workflow_manual_trigger":{"enabledWorkflows":[]},"_links":{"self":[{"href":"https:\/\/www.lacroixvalmertourisme.com\/de\/wp-json\/wp\/v2\/pages\/4687","targetHints":{"allow":["GET"]}}],"collection":[{"href":"https:\/\/www.lacroixvalmertourisme.com\/de\/wp-json\/wp\/v2\/pages"}],"about":[{"href":"https:\/\/www.lacroixvalmertourisme.com\/de\/wp-json\/wp\/v2\/types\/page"}],"author":[{"embeddable":true,"href":"https:\/\/www.lacroixvalmertourisme.com\/de\/wp-json\/wp\/v2\/users\/4"}],"replies":[{"embeddable":true,"href":"https:\/\/www.lacroixvalmertourisme.com\/de\/wp-json\/wp\/v2\/comments?post=4687"}],"version-history":[{"count":12,"href":"https:\/\/www.lacroixvalmertourisme.com\/de\/wp-json\/wp\/v2\/pages\/4687\/revisions"}],"predecessor-version":[{"id":26334,"href":"https:\/\/www.lacroixvalmertourisme.com\/de\/wp-json\/wp\/v2\/pages\/4687\/revisions\/26334"}],"wp:featuredmedia":[{"embeddable":true,"href":"https:\/\/www.lacroixvalmertourisme.com\/de\/wp-json\/wp\/v2\/media\/16105"}],"wp:attachment":[{"href":"https:\/\/www.lacroixvalmertourisme.com\/de\/wp-json\/wp\/v2\/media?parent=4687"}],"curies":[{"name":"wp","href":"https:\/\/api.w.org\/{rel}","templated":true}]}}