{"id":4673,"date":"2021-06-29T10:47:07","date_gmt":"2021-06-29T08:47:07","guid":{"rendered":"https:\/\/www.lacroixvalmertourisme.com\/leben-und-bleiben\/trautes-heim"},"modified":"2026-05-09T16:13:34","modified_gmt":"2026-05-09T14:13:34","slug":"unterkunfte","status":"publish","type":"page","link":"https:\/\/www.lacroixvalmertourisme.com\/de\/leben-und-bleiben\/unterkunfte","title":{"rendered":"Unterk\u00fcnfte"},"content":{"rendered":"\n<div class=\"wp-block-group alignwide is-layout-constrained wp-block-group-is-layout-constrained\"><div class=\"relative wp-block-fmz-slider alignfull\">\n<div class=\"wp-block-query alignfull is-layout-flow wp-block-query-is-layout-flow fmz-slider-1864777184540780 swiper\"><ul class=\"swiper-wrapper\"><li class=\"wp-block-post post-4737 page type-page status-publish has-post-thumbnail hentry swiper-slide\">\n\n<div class=\"wp-block-cover has-custom-content-position is-position-bottom-left\" style=\"padding-top:var(--wp--preset--spacing--60);padding-right:var(--wp--preset--spacing--60);padding-bottom:var(--wp--preset--spacing--60);padding-left:var(--wp--preset--spacing--60)\"><span aria-hidden=\"true\" class=\"wp-block-cover__background has-background-dim wp-block-cover__gradient-background has-background-gradient has-bg-gradient-to-black-bottom-gradient-background\"><\/span><img loading=\"lazy\" decoding=\"async\" width=\"683\" height=\"1024\" src=\"https:\/\/www.lacroixvalmertourisme.com\/wp-content\/uploads\/2025\/01\/dom-louise-\u00a9-Nouvel-683x1024.jpg\" class=\"wp-block-cover__image-background wp-post-image\" alt=\"domaine louise la croix valmer tourisme\" data-object-fit=\"cover\"   \/><div class=\"wp-block-cover__inner-container is-layout-constrained wp-container-core-cover-is-layout-11859842 wp-block-cover-is-layout-constrained\"><h2 class=\"wp-block-post-title\"><a href=\"https:\/\/www.lacroixvalmertourisme.com\/de\/leben-und-bleiben\/unterkunfte\/immobilienagenturen\" target=\"_self\" >Immobilien Agenturen &amp; Portier<\/a><\/h2><\/div><\/div>\n\n<\/li><li class=\"wp-block-post post-4523 page type-page status-publish has-post-thumbnail hentry swiper-slide\">\n\n<div class=\"wp-block-cover has-custom-content-position is-position-bottom-left\" style=\"padding-top:var(--wp--preset--spacing--60);padding-right:var(--wp--preset--spacing--60);padding-bottom:var(--wp--preset--spacing--60);padding-left:var(--wp--preset--spacing--60)\"><span aria-hidden=\"true\" class=\"wp-block-cover__background has-background-dim wp-block-cover__gradient-background has-background-gradient has-bg-gradient-to-black-bottom-gradient-background\"><\/span><img loading=\"lazy\" decoding=\"async\" width=\"1024\" height=\"682\" src=\"https:\/\/www.lacroixvalmertourisme.com\/wp-content\/uploads\/2022\/12\/hotel\u00a9guillaume-voiturier-124-1024x682.jpg\" class=\"wp-block-cover__image-background wp-post-image\" alt=\"\" data-object-fit=\"cover\"   \/><div class=\"wp-block-cover__inner-container is-layout-constrained wp-container-core-cover-is-layout-11859842 wp-block-cover-is-layout-constrained\"><h2 class=\"wp-block-post-title\"><a href=\"https:\/\/www.lacroixvalmertourisme.com\/de\/leben-und-bleiben\/unterkunfte\/hotels\" target=\"_self\" >Hotels<\/a><\/h2><\/div><\/div>\n\n<\/li><li class=\"wp-block-post post-4741 page type-page status-publish has-post-thumbnail hentry swiper-slide\">\n\n<div class=\"wp-block-cover has-custom-content-position is-position-bottom-left\" style=\"padding-top:var(--wp--preset--spacing--60);padding-right:var(--wp--preset--spacing--60);padding-bottom:var(--wp--preset--spacing--60);padding-left:var(--wp--preset--spacing--60)\"><span aria-hidden=\"true\" class=\"wp-block-cover__background has-background-dim wp-block-cover__gradient-background has-background-gradient has-bg-gradient-to-black-bottom-gradient-background\"><\/span><img loading=\"lazy\" decoding=\"async\" width=\"768\" height=\"1024\" src=\"https:\/\/www.lacroixvalmertourisme.com\/wp-content\/uploads\/2021\/06\/2020-sept-ambiances\u00a9lacroixvalmertourisme-22-768x1024.jpg\" class=\"wp-block-cover__image-background wp-post-image\" alt=\"la croix valmer\" data-object-fit=\"cover\"   \/><div class=\"wp-block-cover__inner-container is-layout-constrained wp-container-core-cover-is-layout-11859842 wp-block-cover-is-layout-constrained\"><h2 class=\"wp-block-post-title\"><a href=\"https:\/\/www.lacroixvalmertourisme.com\/de\/leben-und-bleiben\/unterkunfte\/residenzen-und-campingplaetze\" target=\"_self\" >Residenzen und Campingpl\u00e4tze<\/a><\/h2><\/div><\/div>\n\n<\/li><li class=\"wp-block-post post-4743 page type-page status-publish has-post-thumbnail hentry swiper-slide\">\n\n<div class=\"wp-block-cover has-custom-content-position is-position-bottom-left\" style=\"padding-top:var(--wp--preset--spacing--60);padding-right:var(--wp--preset--spacing--60);padding-bottom:var(--wp--preset--spacing--60);padding-left:var(--wp--preset--spacing--60)\"><span aria-hidden=\"true\" class=\"wp-block-cover__background has-background-dim wp-block-cover__gradient-background has-background-gradient has-bg-gradient-to-black-bottom-gradient-background\"><\/span><img loading=\"lazy\" decoding=\"async\" width=\"1024\" height=\"768\" src=\"https:\/\/www.lacroixvalmertourisme.com\/wp-content\/uploads\/2022\/12\/meuble-\u00a9laroixvalmertourisme-4-1024x768.jpg\" class=\"wp-block-cover__image-background wp-post-image\" alt=\"\" data-object-fit=\"cover\"   \/><div class=\"wp-block-cover__inner-container is-layout-constrained wp-container-core-cover-is-layout-11859842 wp-block-cover-is-layout-constrained\"><h2 class=\"wp-block-post-title\"><a href=\"https:\/\/www.lacroixvalmertourisme.com\/de\/leben-und-bleiben\/unterkunfte\/moebliert\" target=\"_self\" >M\u00f6bliert Ferienwohnungen<\/a><\/h2><\/div><\/div>\n\n<\/li><li class=\"wp-block-post post-4745 page type-page status-publish has-post-thumbnail hentry swiper-slide\">\n\n<div class=\"wp-block-cover has-custom-content-position is-position-bottom-left\" style=\"padding-top:var(--wp--preset--spacing--60);padding-right:var(--wp--preset--spacing--60);padding-bottom:var(--wp--preset--spacing--60);padding-left:var(--wp--preset--spacing--60)\"><span aria-hidden=\"true\" class=\"wp-block-cover__background has-background-dim wp-block-cover__gradient-background has-background-gradient has-bg-gradient-to-black-bottom-gradient-background\"><\/span><img loading=\"lazy\" decoding=\"async\" width=\"1024\" height=\"666\" src=\"https:\/\/www.lacroixvalmertourisme.com\/wp-content\/uploads\/2022\/12\/demeures-hotelieres-\u00a9villa-louise-1024x666.jpg\" class=\"wp-block-cover__image-background wp-post-image\" alt=\"\" data-object-fit=\"cover\"   \/><div class=\"wp-block-cover__inner-container is-layout-constrained wp-container-core-cover-is-layout-11859842 wp-block-cover-is-layout-constrained\"><h2 class=\"wp-block-post-title\"><a href=\"https:\/\/www.lacroixvalmertourisme.com\/de\/leben-und-bleiben\/unterkunfte\/hotel-residenzen\" target=\"_self\" >Hotel-Residenzen<\/a><\/h2><\/div><\/div>\n\n<\/li><\/ul><\/div>\n<div class=\"swiper-prev-1864777184540780\"><div class=\"fa-4x h-full flex items-center absolute z-10 top-1\/2 -translate-x-1\/2 -translate-y-1\/2 left-0 right-auto cursor-pointer\">\r\n\t\t<span class=\"fa-layers fa-fw z-10\">\r\n\t\t\t<i class=\"fa-solid fa-circle text-white dark:text-black\"><\/i>\r\n\t\t\t<i class=\"fa-light fa-angle-left text-black dark:text-white\" data-fa-transform=\"shrink-6\"><\/i>\r\n\t\t<\/span>\r\n\t<\/div><\/div><div class=\"swiper-next-1864777184540780\"><div class=\"fa-4x h-full flex items-center absolute z-10 top-1\/2 translate-x-1\/2 -translate-y-1\/2 right-0 left-auto cursor-pointer\">\r\n\t\t<span class=\"fa-layers fa-fw z-10\">\r\n\t\t\t<i class=\"fa-solid fa-circle text-white dark:text-black\"><\/i>\r\n\t\t\t<i class=\"fa-light fa-angle-right text-black dark:text-white\" data-fa-transform=\"shrink-6\"><\/i>\r\n\t\t<\/span>\r\n\t<\/div><\/div><\/div><div class=\"fmz-slider-thumbs-container-1864777184540780 wp-block-fmz-slider alignfull\"><\/div>\r\n\t<script>\r\n\t\t\t\tnew Swiper('.fmz-slider-1864777184540780', {\r\n\t\t\t\n         autoplay: { delay: 3000, disableOnInteraction: true },\n        slidesPerView: 1,\n        spaceBetween: 20,\n        centeredSlides: false,\n        speed: 300,\n        loop: false,\n\t\t\t\tdirection: 'horizontal',\n\t\t\t\teffect: 'slide',\n        breakpoints:{ \n          576: { \n            slidesPerView: 2,\n            spaceBetween: 20,\n\t\t\t\t\t\tcenteredSlides: false,\n          }, \n          992: { \n            slidesPerView: 3,\n            spaceBetween: 20,\n\t\t\t\t\t\tcenteredSlides: false,\n          },\n          1200: {\n            slidesPerView: 4,\n            spaceBetween: 20,\n\t\t\t\t\t\tcenteredSlides: false,\n          },\n          1400: {\n            slidesPerView: 5,\n            spaceBetween: 20,\n\t\t\t\t\t\tcenteredSlides: false,\n          }\n        }\n      ,\r\n\t\t\t\t\t\t\tnavigation: { \r\n\t\t\t\t\tnextEl: '.swiper-next-1864777184540780', \r\n\t\t\t\t\tprevEl: '.swiper-prev-1864777184540780'\r\n\t\t\t\t},\r\n\t\t\t\t\t\t\t\t\ta11y: {\r\n\t\t\t\tenabled: true,\r\n\t\t\t\tprevSlideMessage: 'Vorherige Folie',\r\n\t\t\t\tnextSlideMessage: 'N\u00e4chste Folie',\r\n\t\t\t\tfirstSlideMessage: 'Erste Folie',\r\n\t\t\t\tlastSlideMessage: 'Letzte Folie',\r\n\t\t\t\tpaginationBulletMessage: 'Folie {{index}}',\r\n\t\t\t},\r\n\t\t\t\t\t\twatchSlidesProgress: true,\r\n\t\t\twatchOverflow: true\r\n\t\t} )\r\n\t<\/script>\r\n\t\r\n\t\n\n\n<h2 class=\"wp-block-heading has-text-align-center\">KURTAXE 2026<\/h2>\n\n\n\n<p class=\"has-text-align-center wp-block-paragraph\">Die Gemeinden verlangen von den Urlaubern, die sich in ihrem Gebiet aufhalten, eine Kurtaxe. Diese Steuer wird zur Finanzierung der Ausgaben im Zusammenhang mit der touristischen Frequentierung oder dem Schutz der nat\u00fcrlichen R\u00e4ume f\u00fcr touristische Zwecke unseres Territoriums verwendet. Die Kurtaxe wird durch einen Beschluss des Gemeinderats geregelt, der jedes Jahr neu verfasst wird. Die Preise sind f\u00fcr jede Art und Kategorie der Unterkunft festgelegt.<\/p>\n\n\n\n<div class=\"wp-block-columns alignwide has-secondary-50-color has-text-color is-layout-flex wp-container-core-columns-is-layout-0defc3be wp-block-columns-is-layout-flex\">\n<div class=\"wp-block-column is-vertically-aligned-top is-layout-flow wp-block-column-is-layout-flow\">\n<div style=\"height:10px\" aria-hidden=\"true\" class=\"wp-block-spacer\"><\/div>\n\n\n\n<figure class=\"wp-block-image aligncenter size-full is-resized is-style-rounded is-style-rounded--1\"><a href=\"https:\/\/lacroixvalmer.taxesejour.fr\/\" target=\"_blank\" rel=\" noreferrer noopener\"><img data-dominant-color=\"cbd1d6\" data-has-transparency=\"false\" loading=\"lazy\" decoding=\"async\" width=\"680\" height=\"959\" sizes=\"auto, (max-width: 680px) 100vw, 680px\" src=\"https:\/\/www.lacroixvalmertourisme.com\/wp-content\/uploads\/2026\/01\/taxe-tarifs-fixes-2026.webp\" alt=\"Fiche informative avec les tarifs annonc\u00e9s pour la taxe de s\u00e9jour par personne et par nuit en vigueur au 01\/01\/2025. Le fond est blanc, les \u00e9critures sont noires et il y a un peu de bleu pour faire ressortir les informations importantes.\" class=\"wp-image-26459 not-transparent\" style=\"--dominant-color: #cbd1d6; width:500px\" srcset=\"https:\/\/www.lacroixvalmertourisme.com\/wp-content\/uploads\/2026\/01\/taxe-tarifs-fixes-2026.webp 680w, https:\/\/www.lacroixvalmertourisme.com\/wp-content\/uploads\/2026\/01\/taxe-tarifs-fixes-2026-213x300.webp 213w, https:\/\/www.lacroixvalmertourisme.com\/wp-content\/uploads\/2026\/01\/taxe-tarifs-fixes-2026-106x150.webp 106w\" \/><\/a><figcaption class=\"wp-element-caption\"><strong>Das Objekt, das Sie mieten, ist klassifiziert<\/strong><\/figcaption><\/figure>\n<\/div>\n\n\n\n<div class=\"wp-block-column is-layout-flow wp-block-column-is-layout-flow\">\n<div style=\"height:10px\" aria-hidden=\"true\" class=\"wp-block-spacer\"><\/div>\n\n\n\n<figure class=\"wp-block-image aligncenter size-full is-resized is-style-rounded is-style-rounded--2\"><a href=\"https:\/\/lacroixvalmer.taxesejour.fr\/\" target=\"_blank\" rel=\" noreferrer noopener\"><img data-dominant-color=\"d1d6db\" data-has-transparency=\"false\" loading=\"lazy\" decoding=\"async\" width=\"676\" height=\"953\" sizes=\"auto, (max-width: 676px) 100vw, 676px\" src=\"https:\/\/www.lacroixvalmertourisme.com\/wp-content\/uploads\/2026\/01\/taxe-tarifs-proportionnels-2026.webp\" alt=\"Fiche informative avec les tarifs annonc\u00e9s pour la taxe de s\u00e9jour proportionnelle par personne et par nuit en vigueur au 01\/01\/2026. Le fond est blanc, les \u00e9critures sont noires et il y a un peu de bleu pour faire ressortir les informations importantes.\" class=\"wp-image-26458 not-transparent\" style=\"--dominant-color: #d1d6db; width:500px\" srcset=\"https:\/\/www.lacroixvalmertourisme.com\/wp-content\/uploads\/2026\/01\/taxe-tarifs-proportionnels-2026.webp 676w, https:\/\/www.lacroixvalmertourisme.com\/wp-content\/uploads\/2026\/01\/taxe-tarifs-proportionnels-2026-213x300.webp 213w, https:\/\/www.lacroixvalmertourisme.com\/wp-content\/uploads\/2026\/01\/taxe-tarifs-proportionnels-2026-106x150.webp 106w\" \/><\/a><figcaption class=\"wp-element-caption\"><strong>Das Objekt, das Sie mieten, ist nicht klassifiziert<\/strong><\/figcaption><\/figure>\n<\/div>\n<\/div>\n\n\n\n<h2 class=\"wp-block-heading has-text-align-center has-secondary-50-color has-text-color has-script-font-family has-5-xl-font-size\"><strong>Hosting-Unternehmen: alle Ihre Schritte online<\/strong><\/h2>\n\n\n\n<div class=\"wp-block-columns is-layout-flex wp-container-core-columns-is-layout-0defc3be wp-block-columns-is-layout-flex\">\n<div class=\"wp-block-column is-vertically-aligned-center is-layout-flow wp-block-column-is-layout-flow\">\n<div class=\"wp-block-buttons alignwide is-horizontal is-content-justification-center is-layout-flex wp-container-core-buttons-is-layout-8ed12a5f wp-block-buttons-is-layout-flex\">\n<div class=\"wp-block-button has-custom-width wp-block-button__width-100\"><a class=\"wp-block-button__link has-secondary-50-background-color has-background wp-element-button\" href=\"https:\/\/www.declaloc.fr\/?tid=37\" style=\"border-radius:12px\" target=\"_blank\" rel=\"noreferrer noopener mb-2\">Ich melde meine T\u00e4tigkeit an und erhalte meine Registrierungsnummer<\/a><\/div>\n\n\n\n<div class=\"wp-block-button has-custom-width wp-block-button__width-100\"><a class=\"wp-block-button__link has-secondary-50-background-color has-background wp-element-button\" href=\"https:\/\/lacroixvalmer.taxesejour.fr\/\" style=\"border-radius:12px\" target=\"_blank\" rel=\"noreferrer noopener mb-2\">Ich deklariere und bezahle die Kurtaxe<\/a><\/div>\n\n\n\n<div class=\"wp-block-button has-custom-width wp-block-button__width-100\"><a class=\"wp-block-button__link has-secondary-50-background-color has-background wp-element-button\" href=\"https:\/\/www.lacroixvalmertourisme.com\/de\/klassifizierung-eine-garantie-fuer-qualitaet\" style=\"border-radius:12px\" target=\"_blank\" rel=\"noreferrer noopener mb-2\">Ich klassifiziere meine m\u00f6blierte Unterkunft<\/a><\/div>\n\n\n\n<div class=\"wp-block-button has-custom-width wp-block-button__width-100\"><a class=\"wp-block-button__link has-secondary-50-background-color has-background wp-element-button\" href=\"https:\/\/www.lacroixvalmertourisme.com\/fr\/devenez-partenaire\" style=\"border-radius:12px\" target=\"_blank\" rel=\"noreferrer noopener mb-2\">F\u00fcr mehr Sichtbarkeit, werde ich Partner<\/a><\/div>\n<\/div>\n<\/div>\n<\/div>\n\n\n\n<div style=\"height:50px\" aria-hidden=\"true\" class=\"wp-block-spacer\"><\/div>\n\n\n\n<div class=\"wp-block-columns is-layout-flex wp-container-core-columns-is-layout-0defc3be wp-block-columns-is-layout-flex\">\n<div class=\"wp-block-column is-vertically-aligned-center has-secondary-50-color has-text-color is-layout-flow wp-block-column-is-layout-flow\">\n<figure class=\"wp-block-image aligncenter size-medium is-style-rounded is-style-rounded--3\"><a data-caption=\"Logo_horiz-hd_web\" href=\"https:\/\/www.lacroixvalmertourisme.com\/wp-content\/uploads\/2022\/03\/Logo_horiz-hd_web-300x115.png\" data-fancybox=\"gallery\"><img loading=\"lazy\" decoding=\"async\" width=\"300\" height=\"115\" sizes=\"auto, (max-width: 300px) 100vw, 300px\" data-tippy-content=\"Logo_horiz-hd_web\" src=\"https:\/\/www.lacroixvalmertourisme.com\/wp-content\/uploads\/2022\/03\/Logo_horiz-hd_web-300x115.png\" alt=\"taxe de sejour la croix valmer\" class=\"wp-image-7890\" srcset=\"https:\/\/www.lacroixvalmertourisme.com\/wp-content\/uploads\/2022\/03\/Logo_horiz-hd_web-300x115.png 300w, https:\/\/www.lacroixvalmertourisme.com\/wp-content\/uploads\/2022\/03\/Logo_horiz-hd_web-1024x393.png 1024w, https:\/\/www.lacroixvalmertourisme.com\/wp-content\/uploads\/2022\/03\/Logo_horiz-hd_web-768x294.png 768w, https:\/\/www.lacroixvalmertourisme.com\/wp-content\/uploads\/2022\/03\/Logo_horiz-hd_web-1536x589.png 1536w, https:\/\/www.lacroixvalmertourisme.com\/wp-content\/uploads\/2022\/03\/Logo_horiz-hd_web-2048x785.png 2048w, https:\/\/www.lacroixvalmertourisme.com\/wp-content\/uploads\/2022\/03\/Logo_horiz-hd_web-391x150.png 391w\" \/><\/a><figcaption class=\"wp-element-caption\"><strong>lacroixvalmer@taxesejour.fr<\/strong><br \/>+33 (0)4 94 55 12 18<\/figcaption><\/figure>\n<\/div>\n<\/div>\n<\/div>\n","protected":false},"excerpt":{"rendered":"<p>KURTAXE 2026 Die Gemeinden verlangen von den Urlaubern, die sich in ihrem Gebiet aufhalten, eine Kurtaxe. Diese Steuer wird zur Finanzierung der Ausgaben im Zusammenhang mit der touristischen Frequentierung oder dem Schutz der nat\u00fcrlichen R\u00e4ume f\u00fcr touristische Zwecke unseres Territoriums verwendet. Die Kurtaxe wird durch einen Beschluss des Gemeinderats geregelt, der jedes Jahr neu verfasst&#8230;<\/p>\n","protected":false},"author":4,"featured_media":10769,"parent":4669,"menu_order":188,"comment_status":"closed","ping_status":"closed","template":"page-plage.blade.php","meta":{"_acf_changed":false,"_crdt_document":"","footnotes":""},"class_list":["post-4673","page","type-page","status-publish","has-post-thumbnail","hentry"],"acf":{"video_mp4":false,"poster_image":false,"nugget":false,"page-virtuelle":false,"video_webm":false,"pagepage-updown":false,"autoplay":false,"delay":"","slogan":"","introduction":"","title_alignement":"","pagepage-etendus":"none","mots-cles":"h\u00e9bergement location meubl\u00e9 agences immobili\u00e8res h\u00f4tel camping r\u00e9sidence village vacances la croix valmer saisonni\u00e8re gite chambres h\u00f4te conciergerie demeure h\u00f4teli\u00e8re dormir taxe de s\u00e9jour classement partenariat num\u00e9ro enregistrement appartement studio villa mas vacances s\u00e9jour r\u00e9servation logement\r\n"},"yoast_head":"<!-- This site is optimized with the Yoast SEO plugin v27.5 - https:\/\/yoast.com\/product\/yoast-seo-wordpress\/ -->\n<title>Unterk\u00fcnfte - La Croix-Valmer Tourisme<\/title>\n<meta name=\"robots\" content=\"index, follow, max-snippet:-1, max-image-preview:large, max-video-preview:-1\" \/>\n<link rel=\"canonical\" href=\"https:\/\/www.lacroixvalmertourisme.com\/de\/leben-und-bleiben\/unterkunfte\" \/>\n<meta property=\"og:locale\" content=\"de_DE\" \/>\n<meta property=\"og:type\" content=\"article\" \/>\n<meta property=\"og:title\" content=\"Unterk\u00fcnfte - La Croix-Valmer Tourisme\" \/>\n<meta property=\"og:description\" content=\"KURTAXE 2026 Die Gemeinden verlangen von den Urlaubern, die sich in ihrem Gebiet aufhalten, eine Kurtaxe. Diese Steuer wird zur Finanzierung der Ausgaben im Zusammenhang mit der touristischen Frequentierung oder dem Schutz der nat\u00fcrlichen R\u00e4ume f\u00fcr touristische Zwecke unseres Territoriums verwendet. Die Kurtaxe wird durch einen Beschluss des Gemeinderats geregelt, der jedes Jahr neu verfasst...\" \/>\n<meta property=\"og:url\" content=\"https:\/\/www.lacroixvalmertourisme.com\/de\/leben-und-bleiben\/unterkunfte\" \/>\n<meta property=\"og:site_name\" content=\"La Croix-Valmer Tourisme\" \/>\n<meta property=\"article:publisher\" content=\"https:\/\/www.facebook.com\/lacroixvalmertourisme\/\" \/>\n<meta property=\"article:modified_time\" content=\"2026-05-09T14:13:34+00:00\" \/>\n<meta property=\"og:image\" content=\"https:\/\/www.lacroixvalmertourisme.com\/wp-content\/uploads\/2022\/12\/hebergements-\u00a9guillaumevoiturier-3.jpg\" \/>\n\t<meta property=\"og:image:width\" content=\"2000\" \/>\n\t<meta property=\"og:image:height\" content=\"1123\" \/>\n\t<meta property=\"og:image:type\" content=\"image\/jpeg\" \/>\n<meta name=\"twitter:card\" content=\"summary_large_image\" \/>\n<meta name=\"twitter:site\" content=\"@La_Croix_Valmer\" \/>\n<meta name=\"twitter:label1\" content=\"Gesch\u00e4tzte Lesezeit\" \/>\n\t<meta name=\"twitter:data1\" content=\"1\u00a0Minute\" \/>\n<!-- \/ Yoast SEO plugin. -->","yoast_head_json":{"title":"Unterk\u00fcnfte - La Croix-Valmer Tourisme","robots":{"index":"index","follow":"follow","max-snippet":"max-snippet:-1","max-image-preview":"max-image-preview:large","max-video-preview":"max-video-preview:-1"},"canonical":"https:\/\/www.lacroixvalmertourisme.com\/de\/leben-und-bleiben\/unterkunfte","og_locale":"de_DE","og_type":"article","og_title":"Unterk\u00fcnfte - La Croix-Valmer Tourisme","og_description":"KURTAXE 2026 Die Gemeinden verlangen von den Urlaubern, die sich in ihrem Gebiet aufhalten, eine Kurtaxe. Diese Steuer wird zur Finanzierung der Ausgaben im Zusammenhang mit der touristischen Frequentierung oder dem Schutz der nat\u00fcrlichen R\u00e4ume f\u00fcr touristische Zwecke unseres Territoriums verwendet. Die Kurtaxe wird durch einen Beschluss des Gemeinderats geregelt, der jedes Jahr neu verfasst...","og_url":"https:\/\/www.lacroixvalmertourisme.com\/de\/leben-und-bleiben\/unterkunfte","og_site_name":"La Croix-Valmer Tourisme","article_publisher":"https:\/\/www.facebook.com\/lacroixvalmertourisme\/","article_modified_time":"2026-05-09T14:13:34+00:00","og_image":[{"width":2000,"height":1123,"url":"https:\/\/www.lacroixvalmertourisme.com\/wp-content\/uploads\/2022\/12\/hebergements-\u00a9guillaumevoiturier-3.jpg","type":"image\/jpeg"}],"twitter_card":"summary_large_image","twitter_site":"@La_Croix_Valmer","twitter_misc":{"Gesch\u00e4tzte Lesezeit":"1\u00a0Minute"},"schema":{"@context":"https:\/\/schema.org","@graph":[{"@type":"WebPage","@id":"https:\/\/www.lacroixvalmertourisme.com\/de\/leben-und-bleiben\/unterkunfte","url":"https:\/\/www.lacroixvalmertourisme.com\/de\/leben-und-bleiben\/unterkunfte","name":"Unterk\u00fcnfte - La Croix-Valmer Tourisme","isPartOf":{"@id":"https:\/\/www.lacroixvalmertourisme.com\/de#website"},"primaryImageOfPage":{"@id":"https:\/\/www.lacroixvalmertourisme.com\/de\/leben-und-bleiben\/unterkunfte#primaryimage"},"image":{"@id":"https:\/\/www.lacroixvalmertourisme.com\/de\/leben-und-bleiben\/unterkunfte#primaryimage"},"thumbnailUrl":"https:\/\/www.lacroixvalmertourisme.com\/wp-content\/uploads\/2022\/12\/hebergements-\u00a9guillaumevoiturier-3.jpg","datePublished":"2021-06-29T08:47:07+00:00","dateModified":"2026-05-09T14:13:34+00:00","breadcrumb":{"@id":"https:\/\/www.lacroixvalmertourisme.com\/de\/leben-und-bleiben\/unterkunfte#breadcrumb"},"inLanguage":"de","potentialAction":[{"@type":"ReadAction","target":["https:\/\/www.lacroixvalmertourisme.com\/de\/leben-und-bleiben\/unterkunfte"]}]},{"@type":"ImageObject","inLanguage":"de","@id":"https:\/\/www.lacroixvalmertourisme.com\/de\/leben-und-bleiben\/unterkunfte#primaryimage","url":"https:\/\/www.lacroixvalmertourisme.com\/wp-content\/uploads\/2022\/12\/hebergements-\u00a9guillaumevoiturier-3.jpg","contentUrl":"https:\/\/www.lacroixvalmertourisme.com\/wp-content\/uploads\/2022\/12\/hebergements-\u00a9guillaumevoiturier-3.jpg","width":2000,"height":1123},{"@type":"BreadcrumbList","@id":"https:\/\/www.lacroixvalmertourisme.com\/de\/leben-und-bleiben\/unterkunfte#breadcrumb","itemListElement":[{"@type":"ListItem","position":1,"name":"Accueil","item":"https:\/\/www.lacroixvalmertourisme.com\/de"},{"@type":"ListItem","position":2,"name":"Leben und Wohnen","item":"https:\/\/www.lacroixvalmertourisme.com\/de\/leben-und-bleiben"},{"@type":"ListItem","position":3,"name":"Unterk\u00fcnfte"}]},{"@type":"WebSite","@id":"https:\/\/www.lacroixvalmertourisme.com\/de#website","url":"https:\/\/www.lacroixvalmertourisme.com\/de","name":"La Croix-Valmer Tourisme","description":"Toutes les informations touristiques pour organiser votre prochain s\u00e9jour \u00e0 La Croix Valmer dans le Golfe de Saint-Tropez","publisher":{"@id":"https:\/\/www.lacroixvalmertourisme.com\/de#organization"},"potentialAction":[{"@type":"SearchAction","target":{"@type":"EntryPoint","urlTemplate":"https:\/\/www.lacroixvalmertourisme.com\/de?s={search_term_string}"},"query-input":{"@type":"PropertyValueSpecification","valueRequired":true,"valueName":"search_term_string"}}],"inLanguage":"de"},{"@type":"Organization","@id":"https:\/\/www.lacroixvalmertourisme.com\/de#organization","name":"Office de Tourisme de La Croix Valmer","url":"https:\/\/www.lacroixvalmertourisme.com\/de","logo":{"@type":"ImageObject","inLanguage":"de","@id":"https:\/\/www.lacroixvalmertourisme.com\/de#\/schema\/logo\/image\/","url":"https:\/\/www.lacroixvalmertourisme.com\/wp-content\/uploads\/2021\/06\/Logo_ot_bleu.png","contentUrl":"https:\/\/www.lacroixvalmertourisme.com\/wp-content\/uploads\/2021\/06\/Logo_ot_bleu.png","width":591,"height":454,"caption":"Office de Tourisme de La Croix Valmer"},"image":{"@id":"https:\/\/www.lacroixvalmertourisme.com\/de#\/schema\/logo\/image\/"},"sameAs":["https:\/\/www.facebook.com\/lacroixvalmertourisme\/","https:\/\/x.com\/La_Croix_Valmer","https:\/\/www.instagram.com\/lacroixvalmer_tourisme\/"]}]}},"publishpress_future_workflow_manual_trigger":{"enabledWorkflows":[]},"_links":{"self":[{"href":"https:\/\/www.lacroixvalmertourisme.com\/de\/wp-json\/wp\/v2\/pages\/4673","targetHints":{"allow":["GET"]}}],"collection":[{"href":"https:\/\/www.lacroixvalmertourisme.com\/de\/wp-json\/wp\/v2\/pages"}],"about":[{"href":"https:\/\/www.lacroixvalmertourisme.com\/de\/wp-json\/wp\/v2\/types\/page"}],"author":[{"embeddable":true,"href":"https:\/\/www.lacroixvalmertourisme.com\/de\/wp-json\/wp\/v2\/users\/4"}],"replies":[{"embeddable":true,"href":"https:\/\/www.lacroixvalmertourisme.com\/de\/wp-json\/wp\/v2\/comments?post=4673"}],"version-history":[{"count":16,"href":"https:\/\/www.lacroixvalmertourisme.com\/de\/wp-json\/wp\/v2\/pages\/4673\/revisions"}],"predecessor-version":[{"id":26491,"href":"https:\/\/www.lacroixvalmertourisme.com\/de\/wp-json\/wp\/v2\/pages\/4673\/revisions\/26491"}],"up":[{"embeddable":true,"href":"https:\/\/www.lacroixvalmertourisme.com\/de\/wp-json\/wp\/v2\/pages\/4669"}],"wp:featuredmedia":[{"embeddable":true,"href":"https:\/\/www.lacroixvalmertourisme.com\/de\/wp-json\/wp\/v2\/media\/10769"}],"wp:attachment":[{"href":"https:\/\/www.lacroixvalmertourisme.com\/de\/wp-json\/wp\/v2\/media?parent=4673"}],"curies":[{"name":"wp","href":"https:\/\/api.w.org\/{rel}","templated":true}]}}