{"id":4666,"date":"2021-06-29T10:45:14","date_gmt":"2021-06-29T08:45:14","guid":{"rendered":"https:\/\/www.lacroixvalmertourisme.com\/sportliche-veranstaltungen"},"modified":"2026-05-03T18:17:32","modified_gmt":"2026-05-03T16:17:32","slug":"sportliche-veranstaltungen","status":"publish","type":"page","link":"https:\/\/www.lacroixvalmertourisme.com\/de\/ausgehen-spass\/events\/sportliche-veranstaltungen","title":{"rendered":"Sportliche veranstaltungen"},"content":{"rendered":"\n<div class=\"wp-block-group alignwide is-layout-constrained wp-block-group-is-layout-constrained\">\n<p class=\"wp-block-paragraph\">Ob Sie Profi oder Amateur sind, lieber schwimmen oder laufen, sich auf dem Fahrrad oder mit St\u00f6cken wohler f\u00fchlen \u2013 La Croix Valmer hat das Richtige f\u00fcr Sie! Nehmen Sie das ganze Jahr \u00fcber an unseren verschiedenen Veranstaltungen teil oder kommen Sie, um die Sportler anzufeuern. Nutzen Sie die wundersch\u00f6ne Landschaft unserer Stadt, um Ihre Grenzen zu \u00fcberschreiten! Weitere Informationen erhalten Sie im Fremdenverkehrsamt.<\/p>\n\n\n\n<div style=\"height:50px\" aria-hidden=\"true\" class=\"wp-block-spacer\"><\/div>\n\n\n\n<div class=\"wp-block-columns alignfull has-secondary-50-color has-text-color is-layout-flex wp-container-core-columns-is-layout-0defc3be wp-block-columns-is-layout-flex\">\n<div class=\"wp-block-column is-layout-flow wp-block-column-is-layout-flow\">\n<h2 class=\"wp-block-heading has-text-align-center has-script-font-family has-5-xl-font-size\"><strong>Foul\u00e9e Croisienne<\/strong><\/h2>\n\n\n\n<figure class=\"wp-block-image aligncenter size-large is-resized is-style-rounded is-style-rounded--1\"><a href=\"https:\/\/kms.fr\/v5\/public\/course\/5083\" target=\"_blank\" rel=\" noreferrer noopener\"><img data-dominant-color=\"4b574a\" data-has-transparency=\"false\" loading=\"lazy\" decoding=\"async\" width=\"724\" height=\"1024\" sizes=\"auto, (max-width: 724px) 100vw, 724px\" data-tippy-content=\"37eme-foulee-croisienne_5992980_1\" src=\"https:\/\/www.lacroixvalmertourisme.com\/wp-content\/uploads\/2026\/02\/37eme-foulee-croisienne_5992980_1-724x1024.webp\" alt=\"Affiche des 37\u00e8me Foul\u00e9es Croisienne o\u00f9 l'on voit un coureur tout en noir, ainsi qu'un marcheur tout en noir \u00e9galement. Ils sont sur un fond de nature avec des arbres typiques de la Provence\" class=\"wp-image-26740 not-transparent\" style=\"--dominant-color: #4b574a; aspect-ratio:0.7070405075290772;width:466px;height:auto\" srcset=\"https:\/\/www.lacroixvalmertourisme.com\/wp-content\/uploads\/2026\/02\/37eme-foulee-croisienne_5992980_1-724x1024.webp 724w, https:\/\/www.lacroixvalmertourisme.com\/wp-content\/uploads\/2026\/02\/37eme-foulee-croisienne_5992980_1-212x300.webp 212w, https:\/\/www.lacroixvalmertourisme.com\/wp-content\/uploads\/2026\/02\/37eme-foulee-croisienne_5992980_1-106x150.webp 106w, https:\/\/www.lacroixvalmertourisme.com\/wp-content\/uploads\/2026\/02\/37eme-foulee-croisienne_5992980_1.webp 742w\" \/><\/a><\/figure>\n\n\n\n<figure class=\"wp-block-image aligncenter size-large is-resized is-style-rounded is-style-rounded--2\"><a data-caption=\"foulee croisienne \u00a9guillaumevoiturier\" href=\"https:\/\/www.lacroixvalmertourisme.com\/wp-content\/uploads\/2021\/06\/2019-visuels-film&#xA9;guillaumevoiturier-9-edited.jpg\" data-fancybox=\"gallery\"><img decoding=\"async\" sizes=\"(max-width: 1024px) 100vw, 1024px\" data-tippy-content=\"foulee croisienne \u00a9guillaumevoiturier\" data-caption=\"\u00a9guillaumevoiturier\" src=\"https:\/\/www.lacroixvalmertourisme.com\/wp-content\/uploads\/2021\/06\/2019-visuels-film&#xA9;guillaumevoiturier-9-edited.jpg\" alt=\"sortir se divertir agenda animations evenements sportifs la croix valmer\" class=\"wp-image-3625\" style=\"aspect-ratio:1.334526185396738;width:478px;height:auto\" \/><\/a><\/figure>\n\n\n\n<div style=\"height:100px\" aria-hidden=\"true\" class=\"wp-block-spacer\"><\/div>\n\n\n\n<h2 class=\"wp-block-heading has-text-align-center has-script-font-family has-5-xl-font-size\"><strong>Swinrun Valmer<\/strong><\/h2>\n\n\n\n<figure class=\"wp-block-image aligncenter size-full is-resized is-style-rounded is-style-rounded--3\"><a href=\"https:\/\/www.facebook.com\/swimrunvalmer\" target=\"_blank\" rel=\" noreferrer noopener\"><img data-dominant-color=\"c9bbc1\" data-has-transparency=\"false\" loading=\"lazy\" decoding=\"async\" width=\"1773\" height=\"657\" sizes=\"auto, (max-width: 1773px) 100vw, 1773px\" data-tippy-content=\"649235350_1528162499316854_222888527736310347_n\" src=\"https:\/\/www.lacroixvalmertourisme.com\/wp-content\/uploads\/2026\/03\/649235350_1528162499316854_222888527736310347_n-png.webp\" alt=\"Affiche de la Swim Run Valmer avec une photo des coureurs sur le littoral. Les informations pour les courses sont sur le cot\u00e9 avec du rouge et du bleu\" class=\"wp-image-28112 not-transparent\" style=\"--dominant-color: #c9bbc1; width:548px;height:auto\" srcset=\"https:\/\/www.lacroixvalmertourisme.com\/wp-content\/uploads\/2026\/03\/649235350_1528162499316854_222888527736310347_n-png.webp 1773w, https:\/\/www.lacroixvalmertourisme.com\/wp-content\/uploads\/2026\/03\/649235350_1528162499316854_222888527736310347_n-300x111-1.png 300w, https:\/\/www.lacroixvalmertourisme.com\/wp-content\/uploads\/2026\/03\/649235350_1528162499316854_222888527736310347_n-766x284-1.png 766w, https:\/\/www.lacroixvalmertourisme.com\/wp-content\/uploads\/2026\/03\/649235350_1528162499316854_222888527736310347_n-1024x379-1.png 1024w, https:\/\/www.lacroixvalmertourisme.com\/wp-content\/uploads\/2026\/03\/649235350_1528162499316854_222888527736310347_n-1536x569-1.png 1536w\" \/><\/a><\/figure>\n\n\n\n<figure class=\"wp-block-image aligncenter size-large is-resized is-style-rounded is-style-rounded--4\"><a data-caption=\"swimrun la croix valmer\" href=\"https:\/\/www.lacroixvalmertourisme.com\/wp-content\/uploads\/2021\/06\/2019&#xA9;guillaumevoiturier-12-edited-1024x768.jpg\" data-fancybox=\"gallery\"><img decoding=\"async\" sizes=\"(max-width: 1024px) 100vw, 1024px\" data-tippy-content=\"swimrun la croix valmer\" data-caption=\"\u00a9guillaumevoiturier\" src=\"https:\/\/www.lacroixvalmertourisme.com\/wp-content\/uploads\/2021\/06\/2019&#xA9;guillaumevoiturier-12-edited-1024x768.jpg\" alt=\"sortir se divertir agenda animations evenements sportifs la croix valmer\" class=\"wp-image-3634\" style=\"width:516px;height:auto\" \/><\/a><\/figure>\n\n\n\n<figure class=\"wp-block-image aligncenter size-large is-resized is-style-rounded is-style-rounded--5\"><a data-caption=\"2019 0505 swimrun\u00a9servicecommunicationlacroixvalmer (12)\" href=\"https:\/\/www.lacroixvalmertourisme.com\/wp-content\/uploads\/2021\/04\/2019-0505-swimrun&#xA9;servicecommunicationlacroixvalmer-12-1024x683.jpg\" data-fancybox=\"gallery\"><img decoding=\"async\" sizes=\"(max-width: 1024px) 100vw, 1024px\" data-tippy-content=\"2019 0505 swimrun\u00a9servicecommunicationlacroixvalmer (12)\" data-caption=\"\u00a9servicecommunicationlacroixvalmer\" src=\"https:\/\/www.lacroixvalmertourisme.com\/wp-content\/uploads\/2021\/04\/2019-0505-swimrun&#xA9;servicecommunicationlacroixvalmer-12-1024x683.jpg\" alt=\"Coureurs en train de se diriger vers la mer depuis lon ponton de la plage du D&#xE9;barquement pour se lancer &#xE0; l'eau et continuer leur course. Ils ont tous des combinaisons et leur dossard.\" class=\"wp-image-791\" style=\"width:516px;height:auto\" \/><\/a><\/figure>\n\n\n\n<figure class=\"wp-block-image aligncenter size-large is-resized is-style-rounded is-style-rounded--6\"><a data-caption=\"Travers\u00e9es juillet 2023 \u00a9 service communication (2)\" href=\"https:\/\/www.lacroixvalmertourisme.com\/wp-content\/uploads\/2024\/06\/Traversees-juillet-2023-&#xA9;-service-communication-2-1024x682.jpg\" data-fancybox=\"gallery\"><img decoding=\"async\" sizes=\"(max-width: 1024px) 100vw, 1024px\" data-tippy-content=\"Travers\u00e9es juillet 2023 \u00a9 service communication (2)\" src=\"https:\/\/www.lacroixvalmertourisme.com\/wp-content\/uploads\/2024\/06\/Traversees-juillet-2023-&#xA9;-service-communication-2-1024x682.jpg\" alt=\"\" class=\"wp-image-16115\" style=\"aspect-ratio:1.5015098722415796;width:502px;height:auto\" \/><\/a><\/figure>\n<\/div>\n\n\n\n<div class=\"wp-block-column is-layout-flow wp-block-column-is-layout-flow\">\n<div style=\"height:100px\" aria-hidden=\"true\" class=\"wp-block-spacer\"><\/div>\n\n\n\n<h2 class=\"wp-block-heading has-text-align-center has-script-font-family has-5-xl-font-size\"><strong>Golf-Marathon<\/strong><\/h2>\n\n\n\n<figure class=\"wp-block-image aligncenter size-large is-style-rounded is-style-rounded--7\"><a href=\"https:\/\/www.marathondugolfedesainttropez.com\/2026\/fr\/\" target=\"_blank\" rel=\" noreferrer noopener\"><img data-dominant-color=\"88a6c1\" data-has-transparency=\"false\" style=\"--dominant-color: #88a6c1;\" loading=\"lazy\" decoding=\"async\" width=\"1024\" height=\"326\" sizes=\"auto, (max-width: 1024px) 100vw, 1024px\" data-tippy-content=\"marathon\" src=\"https:\/\/www.lacroixvalmertourisme.com\/wp-content\/uploads\/2026\/02\/marathon-1024x326.webp\" alt=\"banderole du Marathon du Golfe de Saint-Tropez avec diff\u00e9rentes photos des anciennes \u00e9ditions. Au centre il y a un dessin de coureurs qui courent sur le globe avec la vue sur le golfe.\" class=\"wp-image-26741 not-transparent\" srcset=\"https:\/\/www.lacroixvalmertourisme.com\/wp-content\/uploads\/2026\/02\/marathon-1024x326.webp 1024w, https:\/\/www.lacroixvalmertourisme.com\/wp-content\/uploads\/2026\/02\/marathon-300x95.webp 300w, https:\/\/www.lacroixvalmertourisme.com\/wp-content\/uploads\/2026\/02\/marathon-768x244.webp 768w, https:\/\/www.lacroixvalmertourisme.com\/wp-content\/uploads\/2026\/02\/marathon-1536x489.webp 1536w, https:\/\/www.lacroixvalmertourisme.com\/wp-content\/uploads\/2026\/02\/marathon-471x150.webp 471w, https:\/\/www.lacroixvalmertourisme.com\/wp-content\/uploads\/2026\/02\/marathon.webp 1920w\" \/><\/a><\/figure>\n\n\n\n<figure class=\"wp-block-image aligncenter size-large is-style-rounded is-style-rounded--8\"><a data-caption=\"marathon \u00a9servicecommunicationlacroixvalmer\" href=\"https:\/\/www.lacroixvalmertourisme.com\/wp-content\/uploads\/2021\/06\/2018-marathon-&#xA9;servicecommunicationlacroixvalmer-6-edited.jpg\" data-fancybox=\"gallery\"><img decoding=\"async\" sizes=\"(max-width: 1024px) 100vw, 1024px\" data-tippy-content=\"marathon \u00a9servicecommunicationlacroixvalmer\" data-caption=\"\u00a9servicecommunicationlacroixvalmer\" src=\"https:\/\/www.lacroixvalmertourisme.com\/wp-content\/uploads\/2021\/06\/2018-marathon-&#xA9;servicecommunicationlacroixvalmer-6-edited.jpg\" alt=\"sortir se divertir agenda animations evenements sportifs la croix valmer\" class=\"wp-image-3631\" \/><\/a><\/figure>\n\n\n\n<div style=\"height:100px\" aria-hidden=\"true\" class=\"wp-block-spacer\"><\/div>\n\n\n\n<h2 class=\"wp-block-heading has-text-align-center has-script-font-family has-5-xl-font-size\"><strong>Travers\u00e9es \u00e0 la nage<\/strong><\/h2>\n\n\n\n<figure class=\"wp-block-image aligncenter size-full is-resized is-style-rounded is-style-rounded--9\"><a href=\"https:\/\/www.facebook.com\/profile.php?id=100063693544086\" target=\"_blank\" rel=\" noreferrer noopener\"><img data-dominant-color=\"9c977c\" data-has-transparency=\"false\" loading=\"lazy\" decoding=\"async\" width=\"1811\" height=\"2560\" sizes=\"auto, (max-width: 1811px) 100vw, 1811px\" data-tippy-content=\"Travers\u00e9e Juillet_page-0001\" src=\"https:\/\/www.lacroixvalmertourisme.com\/wp-content\/uploads\/2026\/03\/Traversee-Juillet_page-0001-jpg.webp\" alt=\"Affiche pour la travers&#xE9;e &#xE0; la nage, c'est un dessin d'une femme qui nage dans la mer avec un ciel orange. Elle a des lunettes de plong&#xE9;e et un bandeau de bain. L'eau est bleue et les info de la course sont inscrits en bas de la page\" class=\"wp-image-28144 not-transparent\" style=\"--dominant-color: #9c977c; width:496px;height:auto\" srcset=\"https:\/\/www.lacroixvalmertourisme.com\/wp-content\/uploads\/2026\/03\/Traversee-Juillet_page-0001-jpg.webp 1811w, https:\/\/www.lacroixvalmertourisme.com\/wp-content\/uploads\/2026\/03\/Traversee-Juillet_page-0001-212x300-1.jpg 212w, https:\/\/www.lacroixvalmertourisme.com\/wp-content\/uploads\/2026\/03\/Traversee-Juillet_page-0001-767x1085-1.jpg 767w, https:\/\/www.lacroixvalmertourisme.com\/wp-content\/uploads\/2026\/03\/Traversee-Juillet_page-0001-724x1024-1.jpg 724w, https:\/\/www.lacroixvalmertourisme.com\/wp-content\/uploads\/2026\/03\/Traversee-Juillet_page-0001-1086x1536-1.jpg 1086w, https:\/\/www.lacroixvalmertourisme.com\/wp-content\/uploads\/2026\/03\/Traversee-Juillet_page-0001-1448x2048-1.jpg 1448w\" \/><\/a><\/figure>\n\n\n\n<figure class=\"wp-block-image aligncenter size-full is-resized is-style-rounded is-style-rounded--10\"><a href=\"https:\/\/www.facebook.com\/profile.php?id=100063693544086\" target=\"_blank\" rel=\" noreferrer noopener\"><img data-dominant-color=\"9c977c\" data-has-transparency=\"false\" loading=\"lazy\" decoding=\"async\" width=\"1811\" height=\"2560\" sizes=\"auto, (max-width: 1811px) 100vw, 1811px\" data-tippy-content=\"Travers\u00e9e Aout_page-0001\" src=\"https:\/\/www.lacroixvalmertourisme.com\/wp-content\/uploads\/2026\/03\/Traversee-Aout_page-0001-jpg.webp\" alt=\"Affiche pour la travers&#xE9;e &#xE0; la nage, c'est un dessin d'une femme qui nage dans la mer avec un ciel orange. Elle a des lunettes de plong&#xE9;e et un bandeau de bain. L'eau est bleue et les info de la course sont inscrits en bas de la page\" class=\"wp-image-28147 not-transparent\" style=\"--dominant-color: #9c977c; width:496px;height:auto\" srcset=\"https:\/\/www.lacroixvalmertourisme.com\/wp-content\/uploads\/2026\/03\/Traversee-Aout_page-0001-jpg.webp 1811w, https:\/\/www.lacroixvalmertourisme.com\/wp-content\/uploads\/2026\/03\/Traversee-Aout_page-0001-212x300-1.jpg 212w, https:\/\/www.lacroixvalmertourisme.com\/wp-content\/uploads\/2026\/03\/Traversee-Aout_page-0001-767x1085-1.jpg 767w, https:\/\/www.lacroixvalmertourisme.com\/wp-content\/uploads\/2026\/03\/Traversee-Aout_page-0001-724x1024-1.jpg 724w, https:\/\/www.lacroixvalmertourisme.com\/wp-content\/uploads\/2026\/03\/Traversee-Aout_page-0001-1086x1536-1.jpg 1086w, https:\/\/www.lacroixvalmertourisme.com\/wp-content\/uploads\/2026\/03\/Traversee-Aout_page-0001-1448x2048-1.jpg 1448w\" \/><\/a><\/figure>\n<\/div>\n<\/div>\n\n\n\n<div style=\"height:50px\" aria-hidden=\"true\" class=\"wp-block-spacer\"><\/div>\n\n\n\n<p class=\"has-text-align-center has-secondary-50-color has-text-color has-lg-font-size wp-block-paragraph\"><em><strong>NB : <span style=\"font-family: verdana, sans-serif\"><span class=\"gmail_default\">D<\/span><\/span>ie Daten sind vorbehaltlich \u00c4nderungen angegeben.<\/strong><\/em><\/p>\n\n\n\n<div style=\"height:50px\" aria-hidden=\"true\" class=\"wp-block-spacer\"><\/div>\n\n\n\n<h3 class=\"wp-block-heading has-text-align-center has-slate-700-color has-text-color has-link-color wp-elements-b588fdfa9273b39d1e8109da9b924890\"><strong>Organisation &amp; Information<\/strong><br \/><a href=\"https:\/\/www.facebook.com\/profile.php?id=100063693544086\" target=\"_blank\" rel=\"noreferrer noopener\">Service municipal des sports<\/a> +33 (0)4 98 11 48 87<\/h3>\n\n\n\n<div style=\"height:100px\" aria-hidden=\"true\" class=\"wp-block-spacer\"><\/div>\n<\/div>\n","protected":false},"excerpt":{"rendered":"<p>Ob Sie Profi oder Amateur sind, lieber schwimmen oder laufen, sich auf dem Fahrrad oder mit St\u00f6cken wohler f\u00fchlen \u2013 La Croix Valmer hat das Richtige f\u00fcr Sie! Nehmen Sie das ganze Jahr \u00fcber an unseren verschiedenen Veranstaltungen teil oder kommen Sie, um die Sportler anzufeuern. Nutzen Sie die wundersch\u00f6ne Landschaft unserer Stadt, um Ihre&#8230;<\/p>\n","protected":false},"author":4,"featured_media":27584,"parent":4756,"menu_order":173,"comment_status":"closed","ping_status":"closed","template":"page-plage.blade.php","meta":{"_acf_changed":false,"_crdt_document":"","footnotes":""},"class_list":["post-4666","page","type-page","status-publish","has-post-thumbnail","hentry"],"acf":{"video_mp4":false,"poster_image":false,"nugget":false,"page-virtuelle":false,"video_webm":false,"pagepage-updown":false,"autoplay":false,"delay":"","pagepage-etendus":"compact","slogan":"","introduction":"","mots-cles":"","title_alignement":""},"yoast_head":"<!-- This site is optimized with the Yoast SEO plugin v27.5 - https:\/\/yoast.com\/product\/yoast-seo-wordpress\/ -->\n<title>Sportliche veranstaltungen - La Croix-Valmer Tourisme<\/title>\n<meta name=\"robots\" content=\"index, follow, max-snippet:-1, max-image-preview:large, max-video-preview:-1\" \/>\n<link rel=\"canonical\" href=\"https:\/\/www.lacroixvalmertourisme.com\/de\/ausgehen-spass\/events\/sportliche-veranstaltungen\" \/>\n<meta property=\"og:locale\" content=\"de_DE\" \/>\n<meta property=\"og:type\" content=\"article\" \/>\n<meta property=\"og:title\" content=\"Sportliche veranstaltungen - La Croix-Valmer Tourisme\" \/>\n<meta property=\"og:description\" content=\"Ob Sie Profi oder Amateur sind, lieber schwimmen oder laufen, sich auf dem Fahrrad oder mit St\u00f6cken wohler f\u00fchlen \u2013 La Croix Valmer hat das Richtige f\u00fcr Sie! Nehmen Sie das ganze Jahr \u00fcber an unseren verschiedenen Veranstaltungen teil oder kommen Sie, um die Sportler anzufeuern. Nutzen Sie die wundersch\u00f6ne Landschaft unserer Stadt, um Ihre...\" \/>\n<meta property=\"og:url\" content=\"https:\/\/www.lacroixvalmertourisme.com\/de\/ausgehen-spass\/events\/sportliche-veranstaltungen\" \/>\n<meta property=\"og:site_name\" content=\"La Croix-Valmer Tourisme\" \/>\n<meta property=\"article:publisher\" content=\"https:\/\/www.facebook.com\/lacroixvalmertourisme\/\" \/>\n<meta property=\"article:modified_time\" content=\"2026-05-03T16:17:32+00:00\" \/>\n<meta property=\"og:image\" content=\"https:\/\/www.lacroixvalmertourisme.com\/wp-content\/uploads\/2024\/06\/Traversees-juillet-2023-\u00a9-service-communication-2.jpg\" \/>\n\t<meta property=\"og:image:width\" content=\"2000\" \/>\n\t<meta property=\"og:image:height\" content=\"1333\" \/>\n\t<meta property=\"og:image:type\" content=\"image\/jpeg\" \/>\n<meta name=\"twitter:card\" content=\"summary_large_image\" \/>\n<meta name=\"twitter:site\" content=\"@La_Croix_Valmer\" \/>\n<!-- \/ Yoast SEO plugin. -->","yoast_head_json":{"title":"Sportliche veranstaltungen - La Croix-Valmer Tourisme","robots":{"index":"index","follow":"follow","max-snippet":"max-snippet:-1","max-image-preview":"max-image-preview:large","max-video-preview":"max-video-preview:-1"},"canonical":"https:\/\/www.lacroixvalmertourisme.com\/de\/ausgehen-spass\/events\/sportliche-veranstaltungen","og_locale":"de_DE","og_type":"article","og_title":"Sportliche veranstaltungen - La Croix-Valmer Tourisme","og_description":"Ob Sie Profi oder Amateur sind, lieber schwimmen oder laufen, sich auf dem Fahrrad oder mit St\u00f6cken wohler f\u00fchlen \u2013 La Croix Valmer hat das Richtige f\u00fcr Sie! Nehmen Sie das ganze Jahr \u00fcber an unseren verschiedenen Veranstaltungen teil oder kommen Sie, um die Sportler anzufeuern. Nutzen Sie die wundersch\u00f6ne Landschaft unserer Stadt, um Ihre...","og_url":"https:\/\/www.lacroixvalmertourisme.com\/de\/ausgehen-spass\/events\/sportliche-veranstaltungen","og_site_name":"La Croix-Valmer Tourisme","article_publisher":"https:\/\/www.facebook.com\/lacroixvalmertourisme\/","article_modified_time":"2026-05-03T16:17:32+00:00","og_image":[{"width":2000,"height":1333,"url":"https:\/\/www.lacroixvalmertourisme.com\/wp-content\/uploads\/2024\/06\/Traversees-juillet-2023-\u00a9-service-communication-2.jpg","type":"image\/jpeg"}],"twitter_card":"summary_large_image","twitter_site":"@La_Croix_Valmer","schema":{"@context":"https:\/\/schema.org","@graph":[{"@type":"WebPage","@id":"https:\/\/www.lacroixvalmertourisme.com\/de\/ausgehen-spass\/events\/sportliche-veranstaltungen","url":"https:\/\/www.lacroixvalmertourisme.com\/de\/ausgehen-spass\/events\/sportliche-veranstaltungen","name":"Sportliche veranstaltungen - La Croix-Valmer Tourisme","isPartOf":{"@id":"https:\/\/www.lacroixvalmertourisme.com\/de#website"},"primaryImageOfPage":{"@id":"https:\/\/www.lacroixvalmertourisme.com\/de\/ausgehen-spass\/events\/sportliche-veranstaltungen#primaryimage"},"image":{"@id":"https:\/\/www.lacroixvalmertourisme.com\/de\/ausgehen-spass\/events\/sportliche-veranstaltungen#primaryimage"},"thumbnailUrl":"https:\/\/www.lacroixvalmertourisme.com\/wp-content\/uploads\/2024\/06\/Traversees-juillet-2023-\u00a9-service-communication-2.jpg","datePublished":"2021-06-29T08:45:14+00:00","dateModified":"2026-05-03T16:17:32+00:00","breadcrumb":{"@id":"https:\/\/www.lacroixvalmertourisme.com\/de\/ausgehen-spass\/events\/sportliche-veranstaltungen#breadcrumb"},"inLanguage":"de","potentialAction":[{"@type":"ReadAction","target":["https:\/\/www.lacroixvalmertourisme.com\/de\/ausgehen-spass\/events\/sportliche-veranstaltungen"]}]},{"@type":"ImageObject","inLanguage":"de","@id":"https:\/\/www.lacroixvalmertourisme.com\/de\/ausgehen-spass\/events\/sportliche-veranstaltungen#primaryimage","url":"https:\/\/www.lacroixvalmertourisme.com\/wp-content\/uploads\/2024\/06\/Traversees-juillet-2023-\u00a9-service-communication-2.jpg","contentUrl":"https:\/\/www.lacroixvalmertourisme.com\/wp-content\/uploads\/2024\/06\/Traversees-juillet-2023-\u00a9-service-communication-2.jpg","width":2000,"height":1333},{"@type":"BreadcrumbList","@id":"https:\/\/www.lacroixvalmertourisme.com\/de\/ausgehen-spass\/events\/sportliche-veranstaltungen#breadcrumb","itemListElement":[{"@type":"ListItem","position":1,"name":"Accueil","item":"https:\/\/www.lacroixvalmertourisme.com\/de"},{"@type":"ListItem","position":2,"name":"Ausgehen &amp; Spa\u00df","item":"https:\/\/www.lacroixvalmertourisme.com\/de\/ausgehen-spass"},{"@type":"ListItem","position":3,"name":"Veranstaltungen","item":"https:\/\/www.lacroixvalmertourisme.com\/de\/ausgehen-spass\/events"},{"@type":"ListItem","position":4,"name":"Sportliche veranstaltungen"}]},{"@type":"WebSite","@id":"https:\/\/www.lacroixvalmertourisme.com\/de#website","url":"https:\/\/www.lacroixvalmertourisme.com\/de","name":"La Croix-Valmer Tourisme","description":"Toutes les informations touristiques pour organiser votre prochain s\u00e9jour \u00e0 La Croix Valmer dans le Golfe de Saint-Tropez","publisher":{"@id":"https:\/\/www.lacroixvalmertourisme.com\/de#organization"},"potentialAction":[{"@type":"SearchAction","target":{"@type":"EntryPoint","urlTemplate":"https:\/\/www.lacroixvalmertourisme.com\/de?s={search_term_string}"},"query-input":{"@type":"PropertyValueSpecification","valueRequired":true,"valueName":"search_term_string"}}],"inLanguage":"de"},{"@type":"Organization","@id":"https:\/\/www.lacroixvalmertourisme.com\/de#organization","name":"Office de Tourisme de La Croix Valmer","url":"https:\/\/www.lacroixvalmertourisme.com\/de","logo":{"@type":"ImageObject","inLanguage":"de","@id":"https:\/\/www.lacroixvalmertourisme.com\/de#\/schema\/logo\/image\/","url":"https:\/\/www.lacroixvalmertourisme.com\/wp-content\/uploads\/2021\/06\/Logo_ot_bleu.png","contentUrl":"https:\/\/www.lacroixvalmertourisme.com\/wp-content\/uploads\/2021\/06\/Logo_ot_bleu.png","width":591,"height":454,"caption":"Office de Tourisme de La Croix Valmer"},"image":{"@id":"https:\/\/www.lacroixvalmertourisme.com\/de#\/schema\/logo\/image\/"},"sameAs":["https:\/\/www.facebook.com\/lacroixvalmertourisme\/","https:\/\/x.com\/La_Croix_Valmer","https:\/\/www.instagram.com\/lacroixvalmer_tourisme\/"]}]}},"publishpress_future_workflow_manual_trigger":{"enabledWorkflows":[]},"_links":{"self":[{"href":"https:\/\/www.lacroixvalmertourisme.com\/de\/wp-json\/wp\/v2\/pages\/4666","targetHints":{"allow":["GET"]}}],"collection":[{"href":"https:\/\/www.lacroixvalmertourisme.com\/de\/wp-json\/wp\/v2\/pages"}],"about":[{"href":"https:\/\/www.lacroixvalmertourisme.com\/de\/wp-json\/wp\/v2\/types\/page"}],"author":[{"embeddable":true,"href":"https:\/\/www.lacroixvalmertourisme.com\/de\/wp-json\/wp\/v2\/users\/4"}],"replies":[{"embeddable":true,"href":"https:\/\/www.lacroixvalmertourisme.com\/de\/wp-json\/wp\/v2\/comments?post=4666"}],"version-history":[{"count":7,"href":"https:\/\/www.lacroixvalmertourisme.com\/de\/wp-json\/wp\/v2\/pages\/4666\/revisions"}],"predecessor-version":[{"id":28309,"href":"https:\/\/www.lacroixvalmertourisme.com\/de\/wp-json\/wp\/v2\/pages\/4666\/revisions\/28309"}],"up":[{"embeddable":true,"href":"https:\/\/www.lacroixvalmertourisme.com\/de\/wp-json\/wp\/v2\/pages\/4756"}],"wp:featuredmedia":[{"embeddable":true,"href":"https:\/\/www.lacroixvalmertourisme.com\/de\/wp-json\/wp\/v2\/media\/27584"}],"wp:attachment":[{"href":"https:\/\/www.lacroixvalmertourisme.com\/de\/wp-json\/wp\/v2\/media?parent=4666"}],"curies":[{"name":"wp","href":"https:\/\/api.w.org\/{rel}","templated":true}]}}