{"id":4663,"date":"2021-06-29T10:42:20","date_gmt":"2021-06-29T08:42:20","guid":{"rendered":"https:\/\/www.lacroixvalmertourisme.com\/die-wichtigsten-ereignisse-des-jahres"},"modified":"2026-02-17T14:20:48","modified_gmt":"2026-02-17T13:20:48","slug":"die-wichtigsten-ereignisse-des-jahres","status":"publish","type":"page","link":"https:\/\/www.lacroixvalmertourisme.com\/de\/ausgehen-spass\/events\/die-wichtigsten-ereignisse-des-jahres","title":{"rendered":"Die wichtigsten Ereignisse des Jahres"},"content":{"rendered":"\n<div class=\"wp-block-group alignwide is-layout-constrained wp-block-group-is-layout-constrained\">\n<div style=\"height:50px\" aria-hidden=\"true\" class=\"wp-block-spacer\"><\/div>\n\n\n\n<div class=\"wp-block-query alignwide is-layout-flow wp-block-query-is-layout-flow\"><ul class=\"columns-3 wp-block-post-template is-layout-grid wp-container-core-post-template-is-layout-748c1b9b wp-block-post-template-is-layout-grid\"><li class=\"wp-block-post post-27174 page type-page status-publish has-post-thumbnail hentry\">\n\n<div class=\"wp-block-cover\"><span aria-hidden=\"true\" class=\"wp-block-cover__background has-background-dim-10 has-background-dim\"><\/span><img loading=\"lazy\" decoding=\"async\" width=\"300\" height=\"300\" src=\"https:\/\/www.lacroixvalmertourisme.com\/wp-content\/uploads\/2024\/10\/richesses-croisiennes-2024-13-300x300.jpeg\" class=\"wp-block-cover__image-background wp-post-image\" alt=\"la croix valmer tourisme office de tourisme balades randonn\u00e9es escape game outdoor\" data-object-fit=\"cover\"   \/><div class=\"wp-block-cover__inner-container is-layout-constrained wp-block-cover-is-layout-constrained\"><h2 class=\"has-text-align-center has-link-color wp-elements-7c981c4d8661df8aa9f38e2c8f09fe7f wp-block-post-title has-text-color has-on-primary-color has-mono-font-family\"><a href=\"https:\/\/www.lacroixvalmertourisme.com\/de\/ausgehen-spass\/events\/die-wichtigsten-ereignisse-des-jahres\/pichounventures\" target=\"_self\" >Pichoun&#8217;Ventures<\/a><\/h2><\/div><\/div>\n\n<\/li><li class=\"wp-block-post post-27197 page type-page status-publish has-post-thumbnail hentry\">\n\n<div class=\"wp-block-cover\"><span aria-hidden=\"true\" class=\"wp-block-cover__background has-background-dim-10 has-background-dim\"><\/span><img loading=\"lazy\" decoding=\"async\" width=\"300\" height=\"300\" src=\"https:\/\/www.lacroixvalmertourisme.com\/wp-content\/uploads\/2024\/10\/richesses-croisiennes-2024-4-300x300.jpeg\" class=\"wp-block-cover__image-background wp-post-image\" alt=\"la croix valmer tourisme office de tourisme vignes vignobles domaines\" data-object-fit=\"cover\"   \/><div class=\"wp-block-cover__inner-container is-layout-constrained wp-block-cover-is-layout-constrained\"><h2 class=\"has-text-align-center has-link-color wp-elements-7c981c4d8661df8aa9f38e2c8f09fe7f wp-block-post-title has-text-color has-on-primary-color has-mono-font-family\"><a href=\"https:\/\/www.lacroixvalmertourisme.com\/de\/ausgehen-spass\/events\/die-wichtigsten-ereignisse-des-jahres\/des-chefs-dans-les-vignes\" target=\"_self\" >Des Chefs dans les Vignes<\/a><\/h2><\/div><\/div>\n\n<\/li><li class=\"wp-block-post post-4659 page type-page status-publish has-post-thumbnail hentry\">\n\n<div class=\"wp-block-cover\"><span aria-hidden=\"true\" class=\"wp-block-cover__background has-background-dim-10 has-background-dim\"><\/span><img loading=\"lazy\" decoding=\"async\" width=\"300\" height=\"300\" src=\"https:\/\/www.lacroixvalmertourisme.com\/wp-content\/uploads\/2024\/07\/JLCV9939-300x300.jpg\" class=\"wp-block-cover__image-background wp-post-image\" alt=\"festival anches d&#039;azur musique la croix valmer tourisme office de tourisme\" data-object-fit=\"cover\"   \/><div class=\"wp-block-cover__inner-container is-layout-constrained wp-block-cover-is-layout-constrained\"><h2 class=\"has-text-align-center has-link-color wp-elements-7c981c4d8661df8aa9f38e2c8f09fe7f wp-block-post-title has-text-color has-on-primary-color has-mono-font-family\"><a href=\"https:\/\/www.lacroixvalmertourisme.com\/de\/ausgehen-spass\/events\/festival-des-anches-dazur\" target=\"_self\" >Festival des Anches d\u2019Azur<\/a><\/h2><\/div><\/div>\n\n<\/li><li class=\"wp-block-post post-27220 page type-page status-publish has-post-thumbnail hentry\">\n\n<div class=\"wp-block-cover\"><span aria-hidden=\"true\" class=\"wp-block-cover__background has-background-dim-10 has-background-dim\"><\/span><img loading=\"lazy\" decoding=\"async\" width=\"300\" height=\"300\" src=\"https:\/\/www.lacroixvalmertourisme.com\/wp-content\/uploads\/2024\/08\/31-07-24-2-300x300.jpg\" class=\"wp-block-cover__image-background wp-post-image\" alt=\"soir\u00e9es d&#039;\u00e9t\u00e9 concert golfe saint tropez la croix valmer tourisme office de tourisme\" data-object-fit=\"cover\"   \/><div class=\"wp-block-cover__inner-container is-layout-constrained wp-block-cover-is-layout-constrained\"><h2 class=\"has-text-align-center has-link-color wp-elements-7c981c4d8661df8aa9f38e2c8f09fe7f wp-block-post-title has-text-color has-on-primary-color has-mono-font-family\"><a href=\"https:\/\/www.lacroixvalmertourisme.com\/de\/ausgehen-spass\/events\/die-wichtigsten-ereignisse-des-jahres\/sommerabende\" target=\"_self\" >Sommerabende<\/a><\/h2><\/div><\/div>\n\n<\/li><li class=\"wp-block-post post-27234 page type-page status-publish has-post-thumbnail hentry\">\n\n<div class=\"wp-block-cover\"><span aria-hidden=\"true\" class=\"wp-block-cover__background has-background-dim-10 has-background-dim\"><\/span><img loading=\"lazy\" decoding=\"async\" width=\"300\" height=\"300\" src=\"https:\/\/www.lacroixvalmertourisme.com\/wp-content\/uploads\/2024\/10\/richesses-croisiennes-2024-1-300x300.jpeg\" class=\"wp-block-cover__image-background wp-post-image\" alt=\"la croix valmer tourisme office de tourisme balades randonn\u00e9es sentier du littoral\" data-object-fit=\"cover\"   \/><div class=\"wp-block-cover__inner-container is-layout-constrained wp-block-cover-is-layout-constrained\"><h2 class=\"has-text-align-center has-link-color wp-elements-7c981c4d8661df8aa9f38e2c8f09fe7f wp-block-post-title has-text-color has-on-primary-color has-mono-font-family\"><a href=\"https:\/\/www.lacroixvalmertourisme.com\/de\/ausgehen-spass\/events\/die-wichtigsten-ereignisse-des-jahres\/die-reichtuemer-von-la-croix-valmer\" target=\"_self\" >Die Reicht\u00fcmer von La Croix Valmer<\/a><\/h2><\/div><\/div>\n\n<\/li><li class=\"wp-block-post post-27249 page type-page status-publish has-post-thumbnail hentry\">\n\n<div class=\"wp-block-cover\"><span aria-hidden=\"true\" class=\"wp-block-cover__background has-background-dim-10 has-background-dim\"><\/span><img loading=\"lazy\" decoding=\"async\" width=\"300\" height=\"300\" src=\"https:\/\/www.lacroixvalmertourisme.com\/wp-content\/uploads\/2025\/01\/parade-fantastic-sugar-\u00a9-lacroixvalmertourisme-31-300x300.jpeg\" class=\"wp-block-cover__image-background wp-post-image\" alt=\"la croix valmer tourisme office de tourisme d\u00e9corations illuminations no\u00ebl 2024\" data-object-fit=\"cover\"   \/><div class=\"wp-block-cover__inner-container is-layout-constrained wp-block-cover-is-layout-constrained\"><h2 class=\"has-text-align-center has-link-color wp-elements-7c981c4d8661df8aa9f38e2c8f09fe7f wp-block-post-title has-text-color has-on-primary-color has-mono-font-family\"><a href=\"https:\/\/www.lacroixvalmertourisme.com\/de\/ausgehen-spass\/events\/die-wichtigsten-ereignisse-des-jahres\/festi-pichoun\" target=\"_self\" >Festi Pichoun<\/a><\/h2><\/div><\/div>\n\n<\/li><li class=\"wp-block-post post-20559 page type-page status-publish has-post-thumbnail hentry\">\n\n<div class=\"wp-block-cover\"><span aria-hidden=\"true\" class=\"wp-block-cover__background has-background-dim-10 has-background-dim\"><\/span><img loading=\"lazy\" decoding=\"async\" width=\"300\" height=\"300\" src=\"https:\/\/www.lacroixvalmertourisme.com\/wp-content\/uploads\/2025\/01\/2017\u00a9guillaumevoiturier-16-300x300.jpg\" class=\"wp-block-cover__image-background wp-post-image\" alt=\"\" data-object-fit=\"cover\"   \/><div class=\"wp-block-cover__inner-container is-layout-constrained wp-block-cover-is-layout-constrained\"><h2 class=\"has-text-align-center has-link-color wp-elements-7c981c4d8661df8aa9f38e2c8f09fe7f wp-block-post-title has-text-color has-on-primary-color has-mono-font-family\"><a href=\"https:\/\/www.lacroixvalmertourisme.com\/de\/ausgehen-spass\/events\/oeko-events\" target=\"_self\" >\u00d6ko-Events<\/a><\/h2><\/div><\/div>\n\n<\/li><li class=\"wp-block-post post-4666 page type-page status-publish has-post-thumbnail hentry\">\n\n<div class=\"wp-block-cover\"><span aria-hidden=\"true\" class=\"wp-block-cover__background has-background-dim-10 has-background-dim\"><\/span><img loading=\"lazy\" decoding=\"async\" width=\"300\" height=\"300\" src=\"https:\/\/www.lacroixvalmertourisme.com\/wp-content\/uploads\/2024\/06\/Traversees-juillet-2023-\u00a9-service-communication-2-300x300.jpg\" class=\"wp-block-cover__image-background wp-post-image\" alt=\"\" data-object-fit=\"cover\"   \/><div class=\"wp-block-cover__inner-container is-layout-constrained wp-block-cover-is-layout-constrained\"><h2 class=\"has-text-align-center has-link-color wp-elements-7c981c4d8661df8aa9f38e2c8f09fe7f wp-block-post-title has-text-color has-on-primary-color has-mono-font-family\"><a href=\"https:\/\/www.lacroixvalmertourisme.com\/de\/ausgehen-spass\/events\/sportliche-veranstaltungen\" target=\"_self\" >Sportliche veranstaltungen<\/a><\/h2><\/div><\/div>\n\n<\/li><li class=\"wp-block-post post-4756 page type-page status-publish has-post-thumbnail hentry\">\n\n<div class=\"wp-block-cover\"><span aria-hidden=\"true\" class=\"wp-block-cover__background has-background-dim-10 has-background-dim\"><\/span><img loading=\"lazy\" decoding=\"async\" width=\"300\" height=\"300\" src=\"https:\/\/www.lacroixvalmertourisme.com\/wp-content\/uploads\/2025\/04\/cabaret-farlight-\u00a9-service-communication-5-300x300.jpg\" class=\"wp-block-cover__image-background wp-post-image\" alt=\"\" data-object-fit=\"cover\"   \/><div class=\"wp-block-cover__inner-container is-layout-constrained wp-block-cover-is-layout-constrained\"><h2 class=\"has-text-align-center has-link-color wp-elements-7c981c4d8661df8aa9f38e2c8f09fe7f wp-block-post-title has-text-color has-on-primary-color has-mono-font-family\"><a href=\"https:\/\/www.lacroixvalmertourisme.com\/de\/ausgehen-spass\/events\" target=\"_self\" >Veranstaltungen<\/a><\/h2><\/div><\/div>\n\n<\/li><\/ul><\/div>\n<\/div>\n","protected":false},"excerpt":{"rendered":"","protected":false},"author":4,"featured_media":16126,"parent":4756,"menu_order":155,"comment_status":"closed","ping_status":"closed","template":"page-plage.blade.php","meta":{"_acf_changed":false,"_crdt_document":"","footnotes":""},"class_list":["post-4663","page","type-page","status-publish","has-post-thumbnail","hentry"],"acf":{"video_mp4":false,"poster_image":false,"nugget":false,"page-virtuelle":false,"video_webm":false,"pagepage-updown":false,"autoplay":false,"delay":"","slogan":"","introduction":"","title_alignement":"","mots-cles":"agenda animation festivit\u00e9 \u00e9v\u00e9nement soir\u00e9e concert spectacle activit\u00e9 que faire divertissement enfant danse musique festival anches la croix valmer folklore portugal patinoire anchoiade soir\u00e9e \u00e9t\u00e9 nocturnes croisiennes f\u00eate locale festi pichoun\r\n","pagepage-etendus":"none"},"yoast_head":"<!-- This site is optimized with the Yoast SEO plugin v27.5 - https:\/\/yoast.com\/product\/yoast-seo-wordpress\/ -->\n<title>Die wichtigsten Ereignisse des Jahres - La Croix-Valmer Tourisme<\/title>\n<meta name=\"robots\" content=\"index, follow, max-snippet:-1, max-image-preview:large, max-video-preview:-1\" \/>\n<link rel=\"canonical\" href=\"https:\/\/www.lacroixvalmertourisme.com\/de\/ausgehen-spass\/events\/die-wichtigsten-ereignisse-des-jahres\" \/>\n<meta property=\"og:locale\" content=\"de_DE\" \/>\n<meta property=\"og:type\" content=\"article\" \/>\n<meta property=\"og:title\" content=\"Die wichtigsten Ereignisse des Jahres - La Croix-Valmer Tourisme\" \/>\n<meta property=\"og:url\" content=\"https:\/\/www.lacroixvalmertourisme.com\/de\/ausgehen-spass\/events\/die-wichtigsten-ereignisse-des-jahres\" \/>\n<meta property=\"og:site_name\" content=\"La Croix-Valmer Tourisme\" \/>\n<meta property=\"article:publisher\" content=\"https:\/\/www.facebook.com\/lacroixvalmertourisme\/\" \/>\n<meta property=\"article:modified_time\" content=\"2026-02-17T13:20:48+00:00\" \/>\n<meta property=\"og:image\" content=\"https:\/\/www.lacroixvalmertourisme.com\/wp-content\/uploads\/2024\/06\/130723\u00a9lacroixvalmertourisme-22.jpg\" \/>\n\t<meta property=\"og:image:width\" content=\"2000\" \/>\n\t<meta property=\"og:image:height\" content=\"1500\" \/>\n\t<meta property=\"og:image:type\" content=\"image\/jpeg\" \/>\n<meta name=\"twitter:card\" content=\"summary_large_image\" \/>\n<meta name=\"twitter:site\" content=\"@La_Croix_Valmer\" \/>\n<!-- \/ Yoast SEO plugin. -->","yoast_head_json":{"title":"Die wichtigsten Ereignisse des Jahres - La Croix-Valmer Tourisme","robots":{"index":"index","follow":"follow","max-snippet":"max-snippet:-1","max-image-preview":"max-image-preview:large","max-video-preview":"max-video-preview:-1"},"canonical":"https:\/\/www.lacroixvalmertourisme.com\/de\/ausgehen-spass\/events\/die-wichtigsten-ereignisse-des-jahres","og_locale":"de_DE","og_type":"article","og_title":"Die wichtigsten Ereignisse des Jahres - La Croix-Valmer Tourisme","og_url":"https:\/\/www.lacroixvalmertourisme.com\/de\/ausgehen-spass\/events\/die-wichtigsten-ereignisse-des-jahres","og_site_name":"La Croix-Valmer Tourisme","article_publisher":"https:\/\/www.facebook.com\/lacroixvalmertourisme\/","article_modified_time":"2026-02-17T13:20:48+00:00","og_image":[{"width":2000,"height":1500,"url":"https:\/\/www.lacroixvalmertourisme.com\/wp-content\/uploads\/2024\/06\/130723\u00a9lacroixvalmertourisme-22.jpg","type":"image\/jpeg"}],"twitter_card":"summary_large_image","twitter_site":"@La_Croix_Valmer","schema":{"@context":"https:\/\/schema.org","@graph":[{"@type":"WebPage","@id":"https:\/\/www.lacroixvalmertourisme.com\/de\/ausgehen-spass\/events\/die-wichtigsten-ereignisse-des-jahres","url":"https:\/\/www.lacroixvalmertourisme.com\/de\/ausgehen-spass\/events\/die-wichtigsten-ereignisse-des-jahres","name":"Die wichtigsten Ereignisse des Jahres - La Croix-Valmer Tourisme","isPartOf":{"@id":"https:\/\/www.lacroixvalmertourisme.com\/de#website"},"primaryImageOfPage":{"@id":"https:\/\/www.lacroixvalmertourisme.com\/de\/ausgehen-spass\/events\/die-wichtigsten-ereignisse-des-jahres#primaryimage"},"image":{"@id":"https:\/\/www.lacroixvalmertourisme.com\/de\/ausgehen-spass\/events\/die-wichtigsten-ereignisse-des-jahres#primaryimage"},"thumbnailUrl":"https:\/\/www.lacroixvalmertourisme.com\/wp-content\/uploads\/2024\/06\/130723\u00a9lacroixvalmertourisme-22.jpg","datePublished":"2021-06-29T08:42:20+00:00","dateModified":"2026-02-17T13:20:48+00:00","breadcrumb":{"@id":"https:\/\/www.lacroixvalmertourisme.com\/de\/ausgehen-spass\/events\/die-wichtigsten-ereignisse-des-jahres#breadcrumb"},"inLanguage":"de","potentialAction":[{"@type":"ReadAction","target":["https:\/\/www.lacroixvalmertourisme.com\/de\/ausgehen-spass\/events\/die-wichtigsten-ereignisse-des-jahres"]}]},{"@type":"ImageObject","inLanguage":"de","@id":"https:\/\/www.lacroixvalmertourisme.com\/de\/ausgehen-spass\/events\/die-wichtigsten-ereignisse-des-jahres#primaryimage","url":"https:\/\/www.lacroixvalmertourisme.com\/wp-content\/uploads\/2024\/06\/130723\u00a9lacroixvalmertourisme-22.jpg","contentUrl":"https:\/\/www.lacroixvalmertourisme.com\/wp-content\/uploads\/2024\/06\/130723\u00a9lacroixvalmertourisme-22.jpg","width":2000,"height":1500},{"@type":"BreadcrumbList","@id":"https:\/\/www.lacroixvalmertourisme.com\/de\/ausgehen-spass\/events\/die-wichtigsten-ereignisse-des-jahres#breadcrumb","itemListElement":[{"@type":"ListItem","position":1,"name":"Accueil","item":"https:\/\/www.lacroixvalmertourisme.com\/de"},{"@type":"ListItem","position":2,"name":"Ausgehen &amp; Spa\u00df","item":"https:\/\/www.lacroixvalmertourisme.com\/de\/ausgehen-spass"},{"@type":"ListItem","position":3,"name":"Veranstaltungen","item":"https:\/\/www.lacroixvalmertourisme.com\/de\/ausgehen-spass\/events"},{"@type":"ListItem","position":4,"name":"Die wichtigsten Ereignisse des Jahres"}]},{"@type":"WebSite","@id":"https:\/\/www.lacroixvalmertourisme.com\/de#website","url":"https:\/\/www.lacroixvalmertourisme.com\/de","name":"La Croix-Valmer Tourisme","description":"Toutes les informations touristiques pour organiser votre prochain s\u00e9jour \u00e0 La Croix Valmer dans le Golfe de Saint-Tropez","publisher":{"@id":"https:\/\/www.lacroixvalmertourisme.com\/de#organization"},"potentialAction":[{"@type":"SearchAction","target":{"@type":"EntryPoint","urlTemplate":"https:\/\/www.lacroixvalmertourisme.com\/de?s={search_term_string}"},"query-input":{"@type":"PropertyValueSpecification","valueRequired":true,"valueName":"search_term_string"}}],"inLanguage":"de"},{"@type":"Organization","@id":"https:\/\/www.lacroixvalmertourisme.com\/de#organization","name":"Office de Tourisme de La Croix Valmer","url":"https:\/\/www.lacroixvalmertourisme.com\/de","logo":{"@type":"ImageObject","inLanguage":"de","@id":"https:\/\/www.lacroixvalmertourisme.com\/de#\/schema\/logo\/image\/","url":"https:\/\/www.lacroixvalmertourisme.com\/wp-content\/uploads\/2021\/06\/Logo_ot_bleu.png","contentUrl":"https:\/\/www.lacroixvalmertourisme.com\/wp-content\/uploads\/2021\/06\/Logo_ot_bleu.png","width":591,"height":454,"caption":"Office de Tourisme de La Croix Valmer"},"image":{"@id":"https:\/\/www.lacroixvalmertourisme.com\/de#\/schema\/logo\/image\/"},"sameAs":["https:\/\/www.facebook.com\/lacroixvalmertourisme\/","https:\/\/x.com\/La_Croix_Valmer","https:\/\/www.instagram.com\/lacroixvalmer_tourisme\/"]}]}},"publishpress_future_workflow_manual_trigger":{"enabledWorkflows":[]},"_links":{"self":[{"href":"https:\/\/www.lacroixvalmertourisme.com\/de\/wp-json\/wp\/v2\/pages\/4663","targetHints":{"allow":["GET"]}}],"collection":[{"href":"https:\/\/www.lacroixvalmertourisme.com\/de\/wp-json\/wp\/v2\/pages"}],"about":[{"href":"https:\/\/www.lacroixvalmertourisme.com\/de\/wp-json\/wp\/v2\/types\/page"}],"author":[{"embeddable":true,"href":"https:\/\/www.lacroixvalmertourisme.com\/de\/wp-json\/wp\/v2\/users\/4"}],"replies":[{"embeddable":true,"href":"https:\/\/www.lacroixvalmertourisme.com\/de\/wp-json\/wp\/v2\/comments?post=4663"}],"version-history":[{"count":12,"href":"https:\/\/www.lacroixvalmertourisme.com\/de\/wp-json\/wp\/v2\/pages\/4663\/revisions"}],"predecessor-version":[{"id":27255,"href":"https:\/\/www.lacroixvalmertourisme.com\/de\/wp-json\/wp\/v2\/pages\/4663\/revisions\/27255"}],"up":[{"embeddable":true,"href":"https:\/\/www.lacroixvalmertourisme.com\/de\/wp-json\/wp\/v2\/pages\/4756"}],"wp:featuredmedia":[{"embeddable":true,"href":"https:\/\/www.lacroixvalmertourisme.com\/de\/wp-json\/wp\/v2\/media\/16126"}],"wp:attachment":[{"href":"https:\/\/www.lacroixvalmertourisme.com\/de\/wp-json\/wp\/v2\/media?parent=4663"}],"curies":[{"name":"wp","href":"https:\/\/api.w.org\/{rel}","templated":true}]}}