{"id":4659,"date":"2021-06-29T10:40:40","date_gmt":"2021-06-29T08:40:40","guid":{"rendered":"https:\/\/www.lacroixvalmertourisme.com\/festival-des-anches-dazur"},"modified":"2026-04-29T02:55:07","modified_gmt":"2026-04-29T00:55:07","slug":"festival-des-anches-dazur","status":"publish","type":"page","link":"https:\/\/www.lacroixvalmertourisme.com\/de\/ausgehen-spass\/events\/festival-des-anches-dazur","title":{"rendered":"Festival des Anches d\u2019Azur"},"content":{"rendered":"\n<div class=\"wp-block-group alignwide is-layout-constrained wp-block-group-is-layout-constrained\">\n<div style=\"height:50px\" aria-hidden=\"true\" class=\"wp-block-spacer\"><\/div>\n\n\n\n<div class=\"wp-block-columns alignfull are-vertically-aligned-center has-secondary-50-color has-text-color is-layout-flex wp-container-core-columns-is-layout-0defc3be wp-block-columns-is-layout-flex\">\n<div class=\"wp-block-column is-vertically-aligned-center is-layout-flow wp-block-column-is-layout-flow\" style=\"flex-basis:66.66%\">\n<p class=\"has-text-align-center has-sans-font-family wp-block-paragraph\">Im Laufe des Jahres ist das &#8222;Festival des Anches d&#8217;Azur&#8220; von La Croix Valmer zu einer musikalischen Referenz weit \u00fcber die Grenzen des Golfs von Saint Tropez hinaus geworden. International offen f\u00fcr alle Gruppen, hat es seit 1996 mehr als 55 musikalische Ensembles von sehr hoher Qualit\u00e4t empfangen, die die Gelegenheit hatten, in der herrlichen Umgebung der &#8222;Jardins de la Villa Turquoise&#8220; aufzutreten, die seit dem Winter 2011 f\u00fcr diesen Anlass in einem Open-Air-Theater renoviert wurde : dem Forum Constantin. Die Konzerte tags\u00fcber im Dorf und am Strand der D\u00e9barquement machen Platz f\u00fcr die Galakonzerte am Abend. B\u00fchne frei f\u00fcr Spektakel und Musik!<\/p>\n\n\n\n<div style=\"height:50px\" aria-hidden=\"true\" class=\"wp-block-spacer\"><\/div>\n\n\n\n<h3 class=\"wp-block-heading has-text-align-center has-slate-700-color has-text-color has-link-color has-sans-font-family wp-elements-e98139ea7845337f2a53f78de584110c\"><strong>Die 29. Ausgabe des Festivals findet vom 26. bis 28. Juni 2026 statt, also treffen wir uns schon bald f\u00fcr weitere au\u00dfergew\u00f6hnliche Abende! In der Zwischenzeit finden Sie hier einige Ausz\u00fcge aus der Ausgabe 2025<\/strong><\/h3>\n<\/div>\n\n\n\n<div class=\"wp-block-column is-vertically-aligned-center is-layout-flow wp-block-column-is-layout-flow\" style=\"flex-basis:33.33%\">\n<figure class=\"wp-block-video aligncenter\"><video height=\"1920\" style=\"aspect-ratio: 1080 \/ 1920;\" width=\"1080\" controls=\"\" src=\"https:\/\/www.lacroixvalmertourisme.com\/wp-content\/uploads\/2025\/07\/retro-video-festival-2025-compressee.mp4\"><\/video><\/figure>\n<\/div>\n<\/div>\n\n\n\n<div style=\"height:50px\" aria-hidden=\"true\" class=\"wp-block-spacer\"><\/div>\n\n\n\n<div class=\"wp-block-query alignfull is-layout-flow wp-block-query-is-layout-flow\"><ul class=\"columns-3 wp-block-post-template is-layout-grid wp-container-core-post-template-is-layout-748c1b9b wp-block-post-template-is-layout-grid\"><li class=\"wp-block-post post-6150 page type-page status-publish has-post-thumbnail hentry\">\n\n<div class=\"wp-block-cover has-custom-content-position is-position-bottom-left\" style=\"padding-top:var(--wp--preset--spacing--60);padding-right:var(--wp--preset--spacing--60);padding-bottom:var(--wp--preset--spacing--60);padding-left:var(--wp--preset--spacing--60)\"><span aria-hidden=\"true\" class=\"wp-block-cover__background has-background-dim wp-block-cover__gradient-background has-background-gradient has-bg-gradient-to-black-bottom-gradient-background\"><\/span><img loading=\"lazy\" decoding=\"async\" width=\"1024\" height=\"683\" src=\"https:\/\/www.lacroixvalmertourisme.com\/wp-content\/uploads\/2024\/07\/festival2024\u00a9guillaume-voiturier-72-1024x683.jpg\" class=\"wp-block-cover__image-background wp-post-image\" alt=\"festival anches d&#039;azur musique la croix valmer tourisme office de tourisme\" data-object-fit=\"cover\"   \/><div class=\"wp-block-cover__inner-container is-layout-constrained wp-container-core-cover-is-layout-11859842 wp-block-cover-is-layout-constrained\"><h2 class=\"wp-block-post-title\"><a href=\"https:\/\/www.lacroixvalmertourisme.com\/de\/ausgehen-spass\/events\/festival-des-anches-dazur\/2021-2\" target=\"_self\" >Programm<\/a><\/h2><\/div><\/div>\n\n<\/li><li class=\"wp-block-post post-13055 page type-page status-publish has-post-thumbnail hentry\">\n\n<div class=\"wp-block-cover has-custom-content-position is-position-bottom-left\" style=\"padding-top:var(--wp--preset--spacing--60);padding-right:var(--wp--preset--spacing--60);padding-bottom:var(--wp--preset--spacing--60);padding-left:var(--wp--preset--spacing--60)\"><span aria-hidden=\"true\" class=\"wp-block-cover__background has-background-dim wp-block-cover__gradient-background has-background-gradient has-bg-gradient-to-black-bottom-gradient-background\"><\/span><img loading=\"lazy\" decoding=\"async\" width=\"1024\" height=\"683\" src=\"https:\/\/www.lacroixvalmertourisme.com\/wp-content\/uploads\/2024\/07\/festival2024\u00a9guillaume-voiturier-386-1024x683.jpg\" class=\"wp-block-cover__image-background wp-post-image\" alt=\"festival anches d&#039;azur musique la croix valmer tourisme office de tourisme\" data-object-fit=\"cover\"   \/><div class=\"wp-block-cover__inner-container is-layout-constrained wp-container-core-cover-is-layout-11859842 wp-block-cover-is-layout-constrained\"><h2 class=\"wp-block-post-title\"><a href=\"https:\/\/www.lacroixvalmertourisme.com\/de\/ausgehen-spass\/events\/festival-des-anches-dazur\/orchester\" target=\"_self\" >Orchester<\/a><\/h2><\/div><\/div>\n\n<\/li><li class=\"wp-block-post post-6990 page type-page status-publish has-post-thumbnail hentry\">\n\n<div class=\"wp-block-cover has-custom-content-position is-position-bottom-left\" style=\"padding-top:var(--wp--preset--spacing--60);padding-right:var(--wp--preset--spacing--60);padding-bottom:var(--wp--preset--spacing--60);padding-left:var(--wp--preset--spacing--60)\"><span aria-hidden=\"true\" class=\"wp-block-cover__background has-background-dim wp-block-cover__gradient-background has-background-gradient has-bg-gradient-to-black-bottom-gradient-background\"><\/span><img loading=\"lazy\" decoding=\"async\" width=\"1024\" height=\"682\" src=\"https:\/\/www.lacroixvalmertourisme.com\/wp-content\/uploads\/2024\/07\/festival2024\u00a9guillaume-voiturier-269-1024x682.jpg\" class=\"wp-block-cover__image-background wp-post-image\" alt=\"festival anches d&#039;azur musique la croix valmer tourisme office de tourisme\" data-object-fit=\"cover\"   \/><div class=\"wp-block-cover__inner-container is-layout-constrained wp-container-core-cover-is-layout-11859842 wp-block-cover-is-layout-constrained\"><h2 class=\"wp-block-post-title\"><a href=\"https:\/\/www.lacroixvalmertourisme.com\/de\/ausgehen-spass\/events\/festival-des-anches-dazur\/ruckblicke\" target=\"_self\" >R\u00fcckblicke<\/a><\/h2><\/div><\/div>\n\n<\/li><li class=\"wp-block-post post-13078 page type-page status-publish has-post-thumbnail hentry\">\n\n<div class=\"wp-block-cover has-custom-content-position is-position-bottom-left\" style=\"padding-top:var(--wp--preset--spacing--60);padding-right:var(--wp--preset--spacing--60);padding-bottom:var(--wp--preset--spacing--60);padding-left:var(--wp--preset--spacing--60)\"><span aria-hidden=\"true\" class=\"wp-block-cover__background has-background-dim wp-block-cover__gradient-background has-background-gradient has-bg-gradient-to-black-bottom-gradient-background\"><\/span><img loading=\"lazy\" decoding=\"async\" width=\"1024\" height=\"683\" src=\"https:\/\/www.lacroixvalmertourisme.com\/wp-content\/uploads\/2024\/07\/festival2024-def\u00a9guillaume-voiturier-1-1024x683.jpg\" class=\"wp-block-cover__image-background wp-post-image\" alt=\"festival anches d&#039;azur musique la croix valmer tourisme office de tourisme\" data-object-fit=\"cover\"   \/><div class=\"wp-block-cover__inner-container is-layout-constrained wp-container-core-cover-is-layout-11859842 wp-block-cover-is-layout-constrained\"><h2 class=\"wp-block-post-title\"><a href=\"https:\/\/www.lacroixvalmertourisme.com\/de\/ausgehen-spass\/events\/festival-des-anches-dazur\/sponsoren\" target=\"_self\" >Sponsoren<\/a><\/h2><\/div><\/div>\n\n<\/li><li class=\"wp-block-post post-6992 page type-page status-publish has-post-thumbnail hentry\">\n\n<div class=\"wp-block-cover has-custom-content-position is-position-bottom-left\" style=\"padding-top:var(--wp--preset--spacing--60);padding-right:var(--wp--preset--spacing--60);padding-bottom:var(--wp--preset--spacing--60);padding-left:var(--wp--preset--spacing--60)\"><span aria-hidden=\"true\" class=\"wp-block-cover__background has-background-dim wp-block-cover__gradient-background has-background-gradient has-bg-gradient-to-black-bottom-gradient-background\"><\/span><img loading=\"lazy\" decoding=\"async\" width=\"1024\" height=\"769\" src=\"https:\/\/www.lacroixvalmertourisme.com\/wp-content\/uploads\/2021\/10\/5-SITE-OT-edited-1024x769.jpg\" class=\"wp-block-cover__image-background wp-post-image\" alt=\"sortir se divertir agenda animations festival des anches spectacle la croix valmer\" data-object-fit=\"cover\"   \/><div class=\"wp-block-cover__inner-container is-layout-constrained wp-container-core-cover-is-layout-11859842 wp-block-cover-is-layout-constrained\"><h2 class=\"wp-block-post-title\"><a href=\"https:\/\/www.lacroixvalmertourisme.com\/de\/ausgehen-spass\/events\/festival-des-anches-dazur\/logistik\" target=\"_self\" >Logistik<\/a><\/h2><\/div><\/div>\n\n<\/li><li class=\"wp-block-post post-13074 page type-page status-publish has-post-thumbnail hentry\">\n\n<div class=\"wp-block-cover has-custom-content-position is-position-bottom-left\" style=\"padding-top:var(--wp--preset--spacing--60);padding-right:var(--wp--preset--spacing--60);padding-bottom:var(--wp--preset--spacing--60);padding-left:var(--wp--preset--spacing--60)\"><span aria-hidden=\"true\" class=\"wp-block-cover__background has-background-dim wp-block-cover__gradient-background has-background-gradient has-bg-gradient-to-black-bottom-gradient-background\"><\/span><img loading=\"lazy\" decoding=\"async\" width=\"1024\" height=\"683\" src=\"https:\/\/www.lacroixvalmertourisme.com\/wp-content\/uploads\/2024\/07\/festival2024-def\u00a9guillaume-voiturier-12-1024x683.jpg\" class=\"wp-block-cover__image-background wp-post-image\" alt=\"festival anches d&#039;azur musique la croix valmer tourisme office de tourisme\" data-object-fit=\"cover\"   \/><div class=\"wp-block-cover__inner-container is-layout-constrained wp-container-core-cover-is-layout-11859842 wp-block-cover-is-layout-constrained\"><h2 class=\"wp-block-post-title\"><a href=\"https:\/\/www.lacroixvalmertourisme.com\/de\/ausgehen-spass\/events\/festival-des-anches-dazur\/presse\" target=\"_self\" >Presse<\/a><\/h2><\/div><\/div>\n\n<\/li><\/ul><\/div>\n\n\n\n<div class=\"wp-block-columns alignwide are-vertically-aligned-center is-layout-flex wp-container-core-columns-is-layout-0defc3be wp-block-columns-is-layout-flex\">\n<div class=\"wp-block-column is-vertically-aligned-center is-layout-flow wp-block-column-is-layout-flow\">\n<h3 class=\"wp-block-heading has-text-align-center has-current-color has-text-color has-link-color has-display-font-family has-5-xl-font-size wp-elements-0fc0618051975007c3c84454365d0b19\">Entdecken Sie das Festival mit diesem \u00a0<a href=\"https:\/\/smartlink.ausha.co\/podtrait\/festival-des-anches-d-azur-a-la-croix-valmer\" target=\"_blank\" rel=\"noreferrer noopener\">Podcast<\/a> einmal anders!!! Sein Ursprung, seine Geschichte und seine Hintergr\u00fcnde&#8230; Maestro, Sie sind dran!<\/h3>\n<\/div>\n\n\n\n<div class=\"wp-block-column is-vertically-aligned-center is-layout-flow wp-block-column-is-layout-flow\">\n<figure class=\"wp-block-image aligncenter size-full is-resized is-style-rounded is-style-rounded--1\"><a href=\"https:\/\/smartlink.ausha.co\/podtrait\/festival-des-anches-d-azur-a-la-croix-valmer\" target=\"_blank\" rel=\" noreferrer noopener\"><img loading=\"lazy\" decoding=\"async\" width=\"637\" height=\"585\" sizes=\"auto, (max-width: 637px) 100vw, 637px\" src=\"https:\/\/www.lacroixvalmertourisme.com\/wp-content\/uploads\/2025\/06\/podcast.jpg\" alt=\"Capture d'\u00e9cran du fichier audio pr\u00e9sentant le Festival des Anches d'Azur. Il est \u00e9coutable sur Spotify, Apple Podcasts, Deezer, Podcast Addict et Amazon Music. En haut il est ecris \"Pdtrait, Sortez du cadre pour changer de point de vue\". Il y a des couleurs vives comme violet, vert ou orange.\" class=\"wp-image-23088\" style=\"aspect-ratio:1.0889105547867657;width:340px\" srcset=\"https:\/\/www.lacroixvalmertourisme.com\/wp-content\/uploads\/2025\/06\/podcast.jpg 637w, https:\/\/www.lacroixvalmertourisme.com\/wp-content\/uploads\/2025\/06\/podcast-300x276.jpg 300w, https:\/\/www.lacroixvalmertourisme.com\/wp-content\/uploads\/2025\/06\/podcast-163x150.jpg 163w\" \/><\/a><\/figure>\n<\/div>\n<\/div>\n\n\n\n<p class=\"has-text-align-center has-secondary-50-color has-text-color has-lg-font-size wp-block-paragraph\">Alle Konzerte des Festival des Anches d&#8217;Azur <strong>sind kostenlos<\/strong>.<\/p>\n\n\n\n<div style=\"height:50px\" aria-hidden=\"true\" class=\"wp-block-spacer\"><\/div>\n\n\n\n<div style=\"height:29px\" aria-hidden=\"true\" class=\"wp-block-spacer\"><\/div>\n<\/div>\n","protected":false},"excerpt":{"rendered":"<p>Im Laufe des Jahres ist das &#8222;Festival des Anches d&#8217;Azur&#8220; von La Croix Valmer zu einer musikalischen Referenz weit \u00fcber die Grenzen des Golfs von Saint Tropez hinaus geworden. International offen f\u00fcr alle Gruppen, hat es seit 1996 mehr als 55 musikalische Ensembles von sehr hoher Qualit\u00e4t empfangen, die die Gelegenheit hatten, in der herrlichen&#8230;<\/p>\n","protected":false},"author":4,"featured_media":17287,"parent":4756,"menu_order":134,"comment_status":"closed","ping_status":"closed","template":"page-plage.blade.php","meta":{"_acf_changed":false,"_crdt_document":"","footnotes":""},"class_list":["post-4659","page","type-page","status-publish","has-post-thumbnail","hentry"],"acf":{"video_mp4":false,"poster_image":false,"nugget":false,"page-virtuelle":false,"video_webm":false,"autoplay":false,"delay":"","pagepage-updown":false,"slogan":"","introduction":"","title_alignement":"","pagepage-etendus":"none","mots-cles":"agenda animation festivit\u00e9 \u00e9v\u00e9nement soir\u00e9e concert spectacle activit\u00e9 que faire divertissement enfant musique festival forum d\u00e9barquement anches la croix valmer \u00e9t\u00e9\r\n"},"yoast_head":"<!-- This site is optimized with the Yoast SEO plugin v27.5 - https:\/\/yoast.com\/product\/yoast-seo-wordpress\/ -->\n<title>Festival des Anches d\u2019Azur - La Croix-Valmer Tourisme<\/title>\n<meta name=\"robots\" content=\"index, follow, max-snippet:-1, max-image-preview:large, max-video-preview:-1\" \/>\n<link rel=\"canonical\" href=\"https:\/\/www.lacroixvalmertourisme.com\/de\/ausgehen-spass\/events\/festival-des-anches-dazur\" \/>\n<meta property=\"og:locale\" content=\"de_DE\" \/>\n<meta property=\"og:type\" content=\"article\" \/>\n<meta property=\"og:title\" content=\"Festival des Anches d\u2019Azur - La Croix-Valmer Tourisme\" \/>\n<meta property=\"og:description\" content=\"Im Laufe des Jahres ist das &#8222;Festival des Anches d&#8217;Azur&#8220; von La Croix Valmer zu einer musikalischen Referenz weit \u00fcber die Grenzen des Golfs von Saint Tropez hinaus geworden. International offen f\u00fcr alle Gruppen, hat es seit 1996 mehr als 55 musikalische Ensembles von sehr hoher Qualit\u00e4t empfangen, die die Gelegenheit hatten, in der herrlichen...\" \/>\n<meta property=\"og:url\" content=\"https:\/\/www.lacroixvalmertourisme.com\/de\/ausgehen-spass\/events\/festival-des-anches-dazur\" \/>\n<meta property=\"og:site_name\" content=\"La Croix-Valmer Tourisme\" \/>\n<meta property=\"article:publisher\" content=\"https:\/\/www.facebook.com\/lacroixvalmertourisme\/\" \/>\n<meta property=\"article:modified_time\" content=\"2026-04-29T00:55:07+00:00\" \/>\n<meta property=\"og:image\" content=\"https:\/\/www.lacroixvalmertourisme.com\/wp-content\/uploads\/2024\/07\/JLCV9939.jpg\" \/>\n\t<meta property=\"og:image:width\" content=\"2000\" \/>\n\t<meta property=\"og:image:height\" content=\"1126\" \/>\n\t<meta property=\"og:image:type\" content=\"image\/jpeg\" \/>\n<meta name=\"twitter:card\" content=\"summary_large_image\" \/>\n<meta name=\"twitter:site\" content=\"@La_Croix_Valmer\" \/>\n<meta name=\"twitter:label1\" content=\"Gesch\u00e4tzte Lesezeit\" \/>\n\t<meta name=\"twitter:data1\" content=\"1\u00a0Minute\" \/>\n<!-- \/ Yoast SEO plugin. -->","yoast_head_json":{"title":"Festival des Anches d\u2019Azur - La Croix-Valmer Tourisme","robots":{"index":"index","follow":"follow","max-snippet":"max-snippet:-1","max-image-preview":"max-image-preview:large","max-video-preview":"max-video-preview:-1"},"canonical":"https:\/\/www.lacroixvalmertourisme.com\/de\/ausgehen-spass\/events\/festival-des-anches-dazur","og_locale":"de_DE","og_type":"article","og_title":"Festival des Anches d\u2019Azur - La Croix-Valmer Tourisme","og_description":"Im Laufe des Jahres ist das &#8222;Festival des Anches d&#8217;Azur&#8220; von La Croix Valmer zu einer musikalischen Referenz weit \u00fcber die Grenzen des Golfs von Saint Tropez hinaus geworden. International offen f\u00fcr alle Gruppen, hat es seit 1996 mehr als 55 musikalische Ensembles von sehr hoher Qualit\u00e4t empfangen, die die Gelegenheit hatten, in der herrlichen...","og_url":"https:\/\/www.lacroixvalmertourisme.com\/de\/ausgehen-spass\/events\/festival-des-anches-dazur","og_site_name":"La Croix-Valmer Tourisme","article_publisher":"https:\/\/www.facebook.com\/lacroixvalmertourisme\/","article_modified_time":"2026-04-29T00:55:07+00:00","og_image":[{"width":2000,"height":1126,"url":"https:\/\/www.lacroixvalmertourisme.com\/wp-content\/uploads\/2024\/07\/JLCV9939.jpg","type":"image\/jpeg"}],"twitter_card":"summary_large_image","twitter_site":"@La_Croix_Valmer","twitter_misc":{"Gesch\u00e4tzte Lesezeit":"1\u00a0Minute"},"schema":{"@context":"https:\/\/schema.org","@graph":[{"@type":"WebPage","@id":"https:\/\/www.lacroixvalmertourisme.com\/de\/ausgehen-spass\/events\/festival-des-anches-dazur","url":"https:\/\/www.lacroixvalmertourisme.com\/de\/ausgehen-spass\/events\/festival-des-anches-dazur","name":"Festival des Anches d\u2019Azur - La Croix-Valmer Tourisme","isPartOf":{"@id":"https:\/\/www.lacroixvalmertourisme.com\/de#website"},"primaryImageOfPage":{"@id":"https:\/\/www.lacroixvalmertourisme.com\/de\/ausgehen-spass\/events\/festival-des-anches-dazur#primaryimage"},"image":{"@id":"https:\/\/www.lacroixvalmertourisme.com\/de\/ausgehen-spass\/events\/festival-des-anches-dazur#primaryimage"},"thumbnailUrl":"https:\/\/www.lacroixvalmertourisme.com\/wp-content\/uploads\/2024\/07\/JLCV9939.jpg","datePublished":"2021-06-29T08:40:40+00:00","dateModified":"2026-04-29T00:55:07+00:00","breadcrumb":{"@id":"https:\/\/www.lacroixvalmertourisme.com\/de\/ausgehen-spass\/events\/festival-des-anches-dazur#breadcrumb"},"inLanguage":"de","potentialAction":[{"@type":"ReadAction","target":["https:\/\/www.lacroixvalmertourisme.com\/de\/ausgehen-spass\/events\/festival-des-anches-dazur"]}]},{"@type":"ImageObject","inLanguage":"de","@id":"https:\/\/www.lacroixvalmertourisme.com\/de\/ausgehen-spass\/events\/festival-des-anches-dazur#primaryimage","url":"https:\/\/www.lacroixvalmertourisme.com\/wp-content\/uploads\/2024\/07\/JLCV9939.jpg","contentUrl":"https:\/\/www.lacroixvalmertourisme.com\/wp-content\/uploads\/2024\/07\/JLCV9939.jpg","width":2000,"height":1126,"caption":"festival anches d'azur musique la croix valmer tourisme office de tourisme"},{"@type":"BreadcrumbList","@id":"https:\/\/www.lacroixvalmertourisme.com\/de\/ausgehen-spass\/events\/festival-des-anches-dazur#breadcrumb","itemListElement":[{"@type":"ListItem","position":1,"name":"Accueil","item":"https:\/\/www.lacroixvalmertourisme.com\/de"},{"@type":"ListItem","position":2,"name":"Ausgehen &amp; Spa\u00df","item":"https:\/\/www.lacroixvalmertourisme.com\/de\/ausgehen-spass"},{"@type":"ListItem","position":3,"name":"Veranstaltungen","item":"https:\/\/www.lacroixvalmertourisme.com\/de\/ausgehen-spass\/events"},{"@type":"ListItem","position":4,"name":"Festival des Anches d\u2019Azur"}]},{"@type":"WebSite","@id":"https:\/\/www.lacroixvalmertourisme.com\/de#website","url":"https:\/\/www.lacroixvalmertourisme.com\/de","name":"La Croix-Valmer Tourisme","description":"Toutes les informations touristiques pour organiser votre prochain s\u00e9jour \u00e0 La Croix Valmer dans le Golfe de Saint-Tropez","publisher":{"@id":"https:\/\/www.lacroixvalmertourisme.com\/de#organization"},"potentialAction":[{"@type":"SearchAction","target":{"@type":"EntryPoint","urlTemplate":"https:\/\/www.lacroixvalmertourisme.com\/de?s={search_term_string}"},"query-input":{"@type":"PropertyValueSpecification","valueRequired":true,"valueName":"search_term_string"}}],"inLanguage":"de"},{"@type":"Organization","@id":"https:\/\/www.lacroixvalmertourisme.com\/de#organization","name":"Office de Tourisme de La Croix Valmer","url":"https:\/\/www.lacroixvalmertourisme.com\/de","logo":{"@type":"ImageObject","inLanguage":"de","@id":"https:\/\/www.lacroixvalmertourisme.com\/de#\/schema\/logo\/image\/","url":"https:\/\/www.lacroixvalmertourisme.com\/wp-content\/uploads\/2021\/06\/Logo_ot_bleu.png","contentUrl":"https:\/\/www.lacroixvalmertourisme.com\/wp-content\/uploads\/2021\/06\/Logo_ot_bleu.png","width":591,"height":454,"caption":"Office de Tourisme de La Croix Valmer"},"image":{"@id":"https:\/\/www.lacroixvalmertourisme.com\/de#\/schema\/logo\/image\/"},"sameAs":["https:\/\/www.facebook.com\/lacroixvalmertourisme\/","https:\/\/x.com\/La_Croix_Valmer","https:\/\/www.instagram.com\/lacroixvalmer_tourisme\/"]}]}},"publishpress_future_workflow_manual_trigger":{"enabledWorkflows":[]},"_links":{"self":[{"href":"https:\/\/www.lacroixvalmertourisme.com\/de\/wp-json\/wp\/v2\/pages\/4659","targetHints":{"allow":["GET"]}}],"collection":[{"href":"https:\/\/www.lacroixvalmertourisme.com\/de\/wp-json\/wp\/v2\/pages"}],"about":[{"href":"https:\/\/www.lacroixvalmertourisme.com\/de\/wp-json\/wp\/v2\/types\/page"}],"author":[{"embeddable":true,"href":"https:\/\/www.lacroixvalmertourisme.com\/de\/wp-json\/wp\/v2\/users\/4"}],"replies":[{"embeddable":true,"href":"https:\/\/www.lacroixvalmertourisme.com\/de\/wp-json\/wp\/v2\/comments?post=4659"}],"version-history":[{"count":14,"href":"https:\/\/www.lacroixvalmertourisme.com\/de\/wp-json\/wp\/v2\/pages\/4659\/revisions"}],"predecessor-version":[{"id":27474,"href":"https:\/\/www.lacroixvalmertourisme.com\/de\/wp-json\/wp\/v2\/pages\/4659\/revisions\/27474"}],"up":[{"embeddable":true,"href":"https:\/\/www.lacroixvalmertourisme.com\/de\/wp-json\/wp\/v2\/pages\/4756"}],"wp:featuredmedia":[{"embeddable":true,"href":"https:\/\/www.lacroixvalmertourisme.com\/de\/wp-json\/wp\/v2\/media\/17287"}],"wp:attachment":[{"href":"https:\/\/www.lacroixvalmertourisme.com\/de\/wp-json\/wp\/v2\/media?parent=4659"}],"curies":[{"name":"wp","href":"https:\/\/api.w.org\/{rel}","templated":true}]}}