{"id":4656,"date":"2021-06-29T10:31:29","date_gmt":"2021-06-29T08:31:29","guid":{"rendered":"https:\/\/www.lacroixvalmertourisme.com\/ausgehen-spass\/essen-getraenke"},"modified":"2026-05-03T15:08:29","modified_gmt":"2026-05-03T13:08:29","slug":"bars-und-restaurants","status":"publish","type":"page","link":"https:\/\/www.lacroixvalmertourisme.com\/de\/leben-und-bleiben\/bars-und-restaurants","title":{"rendered":"Bars und Restaurants"},"content":{"rendered":"\n<div class=\"wp-block-group alignwide is-layout-constrained wp-block-group-is-layout-constrained\">\n<p class=\"wp-block-paragraph\">Sind Sie eher ein Feinschmecker? <span style=\"font-weight: 400\">Haben Sie einen Spatzenmagen<\/span>? Feinschmecker ? Liebhaber von Wein? Lust auf eine Weinprobe oder ein Brett zum Teilen? In den <a href=\"https:\/\/www.lacroixvalmertourisme.com\/de\/ausgehen-spass\/bars-und-restaurants\/restaurante\" target=\"_blank\" rel=\"noopener\"><strong>Bars und Restaurants<\/strong><\/a> der Kreuzfahrer finden Sie bestimmt den richtigen Schuh f\u00fcr Ihren Fu\u00df. Traditionelle K\u00fcche, italienische K\u00fcche, Grillgerichte, Gourmetk\u00fcche, schnelles Men\u00fc, mit Aussicht, mit den F\u00fc\u00dfen im Sand, renommierte Lokale und Sternek\u00f6che\u2026 F\u00fcr jeden Geschmack, vom Fr\u00fchst\u00fcck bis zum Abendessen, vom Aperitif bis zur Afterwork-Party, gibt es eine Adresse, die auf Sie wartet. Guten Appetit &amp; gute Verkostung!<\/p>\n\n\n<div class=\"relative wp-block-fmz-slider alignfull\">\n<div class=\"wp-block-query alignfull is-layout-flow wp-block-query-is-layout-flow fmz-slider-1864198372409937 swiper\"><ul class=\"swiper-wrapper\"><li class=\"wp-block-post post-4750 page type-page status-publish has-post-thumbnail hentry swiper-slide\">\n\n<div class=\"wp-block-cover has-custom-content-position is-position-bottom-left\" style=\"padding-top:var(--wp--preset--spacing--60);padding-right:var(--wp--preset--spacing--60);padding-bottom:var(--wp--preset--spacing--60);padding-left:var(--wp--preset--spacing--60)\"><span aria-hidden=\"true\" class=\"wp-block-cover__background has-background-dim wp-block-cover__gradient-background has-background-gradient has-bg-gradient-to-black-bottom-gradient-background\"><\/span><img loading=\"lazy\" decoding=\"async\" width=\"1024\" height=\"768\" src=\"https:\/\/www.lacroixvalmertourisme.com\/wp-content\/uploads\/2025\/04\/sept2023\u00a9lacroixvalmertourisme-22-1024x768.jpg\" class=\"wp-block-cover__image-background wp-post-image\" alt=\"\" data-object-fit=\"cover\"   \/><div class=\"wp-block-cover__inner-container is-layout-constrained wp-container-core-cover-is-layout-11859842 wp-block-cover-is-layout-constrained\"><h2 class=\"wp-block-post-title\"><a href=\"https:\/\/www.lacroixvalmertourisme.com\/de\/leben-und-bleiben\/bars-und-restaurants\/bars\" target=\"_self\" >Bars<\/a><\/h2><\/div><\/div>\n\n<\/li><li class=\"wp-block-post post-4752 page type-page status-publish has-post-thumbnail hentry swiper-slide\">\n\n<div class=\"wp-block-cover has-custom-content-position is-position-bottom-left\" style=\"padding-top:var(--wp--preset--spacing--60);padding-right:var(--wp--preset--spacing--60);padding-bottom:var(--wp--preset--spacing--60);padding-left:var(--wp--preset--spacing--60)\"><span aria-hidden=\"true\" class=\"wp-block-cover__background has-background-dim wp-block-cover__gradient-background has-background-gradient has-bg-gradient-to-black-bottom-gradient-background\"><\/span><img loading=\"lazy\" decoding=\"async\" width=\"1024\" height=\"768\" src=\"https:\/\/www.lacroixvalmertourisme.com\/wp-content\/uploads\/2025\/04\/072024\u00a9lacroixvalmertourisme-7-1024x768.jpg\" class=\"wp-block-cover__image-background wp-post-image\" alt=\"\" data-object-fit=\"cover\"   \/><div class=\"wp-block-cover__inner-container is-layout-constrained wp-container-core-cover-is-layout-11859842 wp-block-cover-is-layout-constrained\"><h2 class=\"wp-block-post-title\"><a href=\"https:\/\/www.lacroixvalmertourisme.com\/de\/leben-und-bleiben\/bars-und-restaurants\/restaurante\" target=\"_self\" >Restaurants<\/a><\/h2><\/div><\/div>\n\n<\/li><\/ul><\/div>\n<div class=\"swiper-prev-1864198372409937\"><div class=\"fa-4x h-full flex items-center absolute z-10 top-1\/2 -translate-x-1\/2 -translate-y-1\/2 left-0 right-auto cursor-pointer\">\r\n\t\t<span class=\"fa-layers fa-fw z-10\">\r\n\t\t\t<i class=\"fa-solid fa-circle text-white dark:text-black\"><\/i>\r\n\t\t\t<i class=\"fa-light fa-angle-left text-black dark:text-white\" data-fa-transform=\"shrink-6\"><\/i>\r\n\t\t<\/span>\r\n\t<\/div><\/div><div class=\"swiper-next-1864198372409937\"><div class=\"fa-4x h-full flex items-center absolute z-10 top-1\/2 translate-x-1\/2 -translate-y-1\/2 right-0 left-auto cursor-pointer\">\r\n\t\t<span class=\"fa-layers fa-fw z-10\">\r\n\t\t\t<i class=\"fa-solid fa-circle text-white dark:text-black\"><\/i>\r\n\t\t\t<i class=\"fa-light fa-angle-right text-black dark:text-white\" data-fa-transform=\"shrink-6\"><\/i>\r\n\t\t<\/span>\r\n\t<\/div><\/div><\/div><div class=\"fmz-slider-thumbs-container-1864198372409937 wp-block-fmz-slider alignfull\"><\/div>\r\n\t<script>\r\n\t\t\t\tnew Swiper('.fmz-slider-1864198372409937', {\r\n\t\t\t\n        \n        slidesPerView: 1,\n        spaceBetween: 20,\n        centeredSlides: false,\n        speed: 300,\n        loop: false,\n\t\t\t\tdirection: 'horizontal',\n\t\t\t\teffect: 'slide',\n        breakpoints:{ \n          576: { \n            slidesPerView: 2,\n            spaceBetween: 20,\n\t\t\t\t\t\tcenteredSlides: false,\n          }, \n          992: { \n            slidesPerView: 2,\n            spaceBetween: 20,\n\t\t\t\t\t\tcenteredSlides: false,\n          },\n          1200: {\n            slidesPerView: 2,\n            spaceBetween: 20,\n\t\t\t\t\t\tcenteredSlides: false,\n          },\n          1400: {\n            slidesPerView: 2,\n            spaceBetween: 20,\n\t\t\t\t\t\tcenteredSlides: false,\n          }\n        }\n      ,\r\n\t\t\t\t\t\t\tnavigation: { \r\n\t\t\t\t\tnextEl: '.swiper-next-1864198372409937', \r\n\t\t\t\t\tprevEl: '.swiper-prev-1864198372409937'\r\n\t\t\t\t},\r\n\t\t\t\t\t\t\t\t\ta11y: {\r\n\t\t\t\tenabled: true,\r\n\t\t\t\tprevSlideMessage: 'Vorherige Folie',\r\n\t\t\t\tnextSlideMessage: 'N\u00e4chste Folie',\r\n\t\t\t\tfirstSlideMessage: 'Erste Folie',\r\n\t\t\t\tlastSlideMessage: 'Letzte Folie',\r\n\t\t\t\tpaginationBulletMessage: 'Folie {{index}}',\r\n\t\t\t},\r\n\t\t\t\t\t\twatchSlidesProgress: true,\r\n\t\t\twatchOverflow: true\r\n\t\t} )\r\n\t<\/script>\r\n\t\r\n\t<\/div>\n","protected":false},"excerpt":{"rendered":"<p>Sind Sie eher ein Feinschmecker? Haben Sie einen Spatzenmagen? Feinschmecker ? Liebhaber von Wein? Lust auf eine Weinprobe oder ein Brett zum Teilen? In den Bars und Restaurants der Kreuzfahrer finden Sie bestimmt den richtigen Schuh f\u00fcr Ihren Fu\u00df. Traditionelle K\u00fcche, italienische K\u00fcche, Grillgerichte, Gourmetk\u00fcche, schnelles Men\u00fc, mit Aussicht, mit den F\u00fc\u00dfen im Sand, renommierte&#8230;<\/p>\n","protected":false},"author":4,"featured_media":10724,"parent":4669,"menu_order":179,"comment_status":"closed","ping_status":"closed","template":"page-plage.blade.php","meta":{"_acf_changed":false,"_crdt_document":"","footnotes":""},"class_list":["post-4656","page","type-page","status-publish","has-post-thumbnail","hentry"],"acf":{"video_mp4":false,"poster_image":false,"nugget":false,"page-virtuelle":false,"video_webm":false,"pagepage-updown":false,"autoplay":false,"delay":"","slogan":"","introduction":"","title_alignement":"","pagepage-etendus":"none","mots-cles":"restaurant bars restauration plage plagiste vins gastronomie gourmandise foodtruck diner d\u00e9jeuner petit pizza afterwork ap\u00e9ritif tapas ardoise planche poisson viande grill\u00e9 cuisine gourmet d\u00e9gustation gigaro\r\n"},"yoast_head":"<!-- This site is optimized with the Yoast SEO plugin v27.5 - https:\/\/yoast.com\/product\/yoast-seo-wordpress\/ -->\n<title>Bars und Restaurants - La Croix-Valmer Tourisme<\/title>\n<meta name=\"robots\" content=\"index, follow, max-snippet:-1, max-image-preview:large, max-video-preview:-1\" \/>\n<link rel=\"canonical\" href=\"https:\/\/www.lacroixvalmertourisme.com\/de\/leben-und-bleiben\/bars-und-restaurants\" \/>\n<meta property=\"og:locale\" content=\"de_DE\" \/>\n<meta property=\"og:type\" content=\"article\" \/>\n<meta property=\"og:title\" content=\"Bars und Restaurants - La Croix-Valmer Tourisme\" \/>\n<meta property=\"og:description\" content=\"Sind Sie eher ein Feinschmecker? Haben Sie einen Spatzenmagen? Feinschmecker ? Liebhaber von Wein? Lust auf eine Weinprobe oder ein Brett zum Teilen? In den Bars und Restaurants der Kreuzfahrer finden Sie bestimmt den richtigen Schuh f\u00fcr Ihren Fu\u00df. Traditionelle K\u00fcche, italienische K\u00fcche, Grillgerichte, Gourmetk\u00fcche, schnelles Men\u00fc, mit Aussicht, mit den F\u00fc\u00dfen im Sand, renommierte...\" \/>\n<meta property=\"og:url\" content=\"https:\/\/www.lacroixvalmertourisme.com\/de\/leben-und-bleiben\/bars-und-restaurants\" \/>\n<meta property=\"og:site_name\" content=\"La Croix-Valmer Tourisme\" \/>\n<meta property=\"article:publisher\" content=\"https:\/\/www.facebook.com\/lacroixvalmertourisme\/\" \/>\n<meta property=\"article:modified_time\" content=\"2026-05-03T13:08:29+00:00\" \/>\n<meta property=\"og:image\" content=\"https:\/\/www.lacroixvalmertourisme.com\/wp-content\/uploads\/2022\/12\/bars-restaurants\u00a9guillaumevoiturier-28.jpg\" \/>\n\t<meta property=\"og:image:width\" content=\"2000\" \/>\n\t<meta property=\"og:image:height\" content=\"1333\" \/>\n\t<meta property=\"og:image:type\" content=\"image\/jpeg\" \/>\n<meta name=\"twitter:card\" content=\"summary_large_image\" \/>\n<meta name=\"twitter:site\" content=\"@La_Croix_Valmer\" \/>\n<!-- \/ Yoast SEO plugin. -->","yoast_head_json":{"title":"Bars und Restaurants - La Croix-Valmer Tourisme","robots":{"index":"index","follow":"follow","max-snippet":"max-snippet:-1","max-image-preview":"max-image-preview:large","max-video-preview":"max-video-preview:-1"},"canonical":"https:\/\/www.lacroixvalmertourisme.com\/de\/leben-und-bleiben\/bars-und-restaurants","og_locale":"de_DE","og_type":"article","og_title":"Bars und Restaurants - La Croix-Valmer Tourisme","og_description":"Sind Sie eher ein Feinschmecker? Haben Sie einen Spatzenmagen? Feinschmecker ? Liebhaber von Wein? Lust auf eine Weinprobe oder ein Brett zum Teilen? In den Bars und Restaurants der Kreuzfahrer finden Sie bestimmt den richtigen Schuh f\u00fcr Ihren Fu\u00df. Traditionelle K\u00fcche, italienische K\u00fcche, Grillgerichte, Gourmetk\u00fcche, schnelles Men\u00fc, mit Aussicht, mit den F\u00fc\u00dfen im Sand, renommierte...","og_url":"https:\/\/www.lacroixvalmertourisme.com\/de\/leben-und-bleiben\/bars-und-restaurants","og_site_name":"La Croix-Valmer Tourisme","article_publisher":"https:\/\/www.facebook.com\/lacroixvalmertourisme\/","article_modified_time":"2026-05-03T13:08:29+00:00","og_image":[{"width":2000,"height":1333,"url":"https:\/\/www.lacroixvalmertourisme.com\/wp-content\/uploads\/2022\/12\/bars-restaurants\u00a9guillaumevoiturier-28.jpg","type":"image\/jpeg"}],"twitter_card":"summary_large_image","twitter_site":"@La_Croix_Valmer","schema":{"@context":"https:\/\/schema.org","@graph":[{"@type":"WebPage","@id":"https:\/\/www.lacroixvalmertourisme.com\/de\/leben-und-bleiben\/bars-und-restaurants","url":"https:\/\/www.lacroixvalmertourisme.com\/de\/leben-und-bleiben\/bars-und-restaurants","name":"Bars und Restaurants - La Croix-Valmer Tourisme","isPartOf":{"@id":"https:\/\/www.lacroixvalmertourisme.com\/de#website"},"primaryImageOfPage":{"@id":"https:\/\/www.lacroixvalmertourisme.com\/de\/leben-und-bleiben\/bars-und-restaurants#primaryimage"},"image":{"@id":"https:\/\/www.lacroixvalmertourisme.com\/de\/leben-und-bleiben\/bars-und-restaurants#primaryimage"},"thumbnailUrl":"https:\/\/www.lacroixvalmertourisme.com\/wp-content\/uploads\/2022\/12\/bars-restaurants\u00a9guillaumevoiturier-28.jpg","datePublished":"2021-06-29T08:31:29+00:00","dateModified":"2026-05-03T13:08:29+00:00","breadcrumb":{"@id":"https:\/\/www.lacroixvalmertourisme.com\/de\/leben-und-bleiben\/bars-und-restaurants#breadcrumb"},"inLanguage":"de","potentialAction":[{"@type":"ReadAction","target":["https:\/\/www.lacroixvalmertourisme.com\/de\/leben-und-bleiben\/bars-und-restaurants"]}]},{"@type":"ImageObject","inLanguage":"de","@id":"https:\/\/www.lacroixvalmertourisme.com\/de\/leben-und-bleiben\/bars-und-restaurants#primaryimage","url":"https:\/\/www.lacroixvalmertourisme.com\/wp-content\/uploads\/2022\/12\/bars-restaurants\u00a9guillaumevoiturier-28.jpg","contentUrl":"https:\/\/www.lacroixvalmertourisme.com\/wp-content\/uploads\/2022\/12\/bars-restaurants\u00a9guillaumevoiturier-28.jpg","width":2000,"height":1333},{"@type":"BreadcrumbList","@id":"https:\/\/www.lacroixvalmertourisme.com\/de\/leben-und-bleiben\/bars-und-restaurants#breadcrumb","itemListElement":[{"@type":"ListItem","position":1,"name":"Accueil","item":"https:\/\/www.lacroixvalmertourisme.com\/de"},{"@type":"ListItem","position":2,"name":"Leben und Wohnen","item":"https:\/\/www.lacroixvalmertourisme.com\/de\/leben-und-bleiben"},{"@type":"ListItem","position":3,"name":"Bars und Restaurants"}]},{"@type":"WebSite","@id":"https:\/\/www.lacroixvalmertourisme.com\/de#website","url":"https:\/\/www.lacroixvalmertourisme.com\/de","name":"La Croix-Valmer Tourisme","description":"Toutes les informations touristiques pour organiser votre prochain s\u00e9jour \u00e0 La Croix Valmer dans le Golfe de Saint-Tropez","publisher":{"@id":"https:\/\/www.lacroixvalmertourisme.com\/de#organization"},"potentialAction":[{"@type":"SearchAction","target":{"@type":"EntryPoint","urlTemplate":"https:\/\/www.lacroixvalmertourisme.com\/de?s={search_term_string}"},"query-input":{"@type":"PropertyValueSpecification","valueRequired":true,"valueName":"search_term_string"}}],"inLanguage":"de"},{"@type":"Organization","@id":"https:\/\/www.lacroixvalmertourisme.com\/de#organization","name":"Office de Tourisme de La Croix Valmer","url":"https:\/\/www.lacroixvalmertourisme.com\/de","logo":{"@type":"ImageObject","inLanguage":"de","@id":"https:\/\/www.lacroixvalmertourisme.com\/de#\/schema\/logo\/image\/","url":"https:\/\/www.lacroixvalmertourisme.com\/wp-content\/uploads\/2021\/06\/Logo_ot_bleu.png","contentUrl":"https:\/\/www.lacroixvalmertourisme.com\/wp-content\/uploads\/2021\/06\/Logo_ot_bleu.png","width":591,"height":454,"caption":"Office de Tourisme de La Croix Valmer"},"image":{"@id":"https:\/\/www.lacroixvalmertourisme.com\/de#\/schema\/logo\/image\/"},"sameAs":["https:\/\/www.facebook.com\/lacroixvalmertourisme\/","https:\/\/x.com\/La_Croix_Valmer","https:\/\/www.instagram.com\/lacroixvalmer_tourisme\/"]}]}},"publishpress_future_workflow_manual_trigger":{"enabledWorkflows":[]},"_links":{"self":[{"href":"https:\/\/www.lacroixvalmertourisme.com\/de\/wp-json\/wp\/v2\/pages\/4656","targetHints":{"allow":["GET"]}}],"collection":[{"href":"https:\/\/www.lacroixvalmertourisme.com\/de\/wp-json\/wp\/v2\/pages"}],"about":[{"href":"https:\/\/www.lacroixvalmertourisme.com\/de\/wp-json\/wp\/v2\/types\/page"}],"author":[{"embeddable":true,"href":"https:\/\/www.lacroixvalmertourisme.com\/de\/wp-json\/wp\/v2\/users\/4"}],"replies":[{"embeddable":true,"href":"https:\/\/www.lacroixvalmertourisme.com\/de\/wp-json\/wp\/v2\/comments?post=4656"}],"version-history":[{"count":7,"href":"https:\/\/www.lacroixvalmertourisme.com\/de\/wp-json\/wp\/v2\/pages\/4656\/revisions"}],"predecessor-version":[{"id":26637,"href":"https:\/\/www.lacroixvalmertourisme.com\/de\/wp-json\/wp\/v2\/pages\/4656\/revisions\/26637"}],"up":[{"embeddable":true,"href":"https:\/\/www.lacroixvalmertourisme.com\/de\/wp-json\/wp\/v2\/pages\/4669"}],"wp:featuredmedia":[{"embeddable":true,"href":"https:\/\/www.lacroixvalmertourisme.com\/de\/wp-json\/wp\/v2\/media\/10724"}],"wp:attachment":[{"href":"https:\/\/www.lacroixvalmertourisme.com\/de\/wp-json\/wp\/v2\/media?parent=4656"}],"curies":[{"name":"wp","href":"https:\/\/api.w.org\/{rel}","templated":true}]}}