{"id":4651,"date":"2021-06-29T10:25:38","date_gmt":"2021-06-29T08:25:38","guid":{"rendered":"https:\/\/www.lacroixvalmertourisme.com\/ausgehen-spass\/wanderlust"},"modified":"2026-04-21T16:45:01","modified_gmt":"2026-04-21T14:45:01","slug":"wanderlust","status":"publish","type":"page","link":"https:\/\/www.lacroixvalmertourisme.com\/de\/entdecken-entkommen\/wanderlust","title":{"rendered":"Wanderlust"},"content":{"rendered":"\n<div class=\"wp-block-group alignwide is-layout-constrained wp-block-group-is-layout-constrained\"><div class=\"relative wp-block-fmz-slider alignfull\">\n<div class=\"wp-block-query alignfull is-layout-flow wp-block-query-is-layout-flow fmz-slider-1863130042110019 swiper\"><ul class=\"swiper-wrapper\"><li class=\"wp-block-post post-4768 page type-page status-publish has-post-thumbnail hentry swiper-slide\">\n\n<div class=\"wp-block-cover has-custom-content-position is-position-bottom-left\" style=\"padding-top:var(--wp--preset--spacing--60);padding-right:var(--wp--preset--spacing--60);padding-bottom:var(--wp--preset--spacing--60);padding-left:var(--wp--preset--spacing--60)\"><span aria-hidden=\"true\" class=\"wp-block-cover__background has-background-dim wp-block-cover__gradient-background has-background-gradient has-bg-gradient-to-black-bottom-gradient-background\"><\/span><img loading=\"lazy\" decoding=\"async\" width=\"1024\" height=\"682\" src=\"https:\/\/www.lacroixvalmertourisme.com\/wp-content\/uploads\/2022\/12\/activites-sports-loisirs-\u00a9service-communication-2-1024x682.jpg\" class=\"wp-block-cover__image-background wp-post-image\" alt=\"\" data-object-fit=\"cover\"   \/><div class=\"wp-block-cover__inner-container is-layout-constrained wp-container-core-cover-is-layout-11859842 wp-block-cover-is-layout-constrained\"><h2 class=\"wp-block-post-title\"><a href=\"https:\/\/www.lacroixvalmertourisme.com\/de\/entdecken-entkommen\/wanderlust\/aktivitaeten-und-sport\" target=\"_self\" >Aktivit\u00e4ten, Sport und Freizeit<\/a><\/h2><\/div><\/div>\n\n<\/li><li class=\"wp-block-post post-4764 page type-page status-publish has-post-thumbnail hentry swiper-slide\">\n\n<div class=\"wp-block-cover has-custom-content-position is-position-bottom-left\" style=\"padding-top:var(--wp--preset--spacing--60);padding-right:var(--wp--preset--spacing--60);padding-bottom:var(--wp--preset--spacing--60);padding-left:var(--wp--preset--spacing--60)\"><span aria-hidden=\"true\" class=\"wp-block-cover__background has-background-dim wp-block-cover__gradient-background has-background-gradient has-bg-gradient-to-black-bottom-gradient-background\"><\/span><img loading=\"lazy\" decoding=\"async\" width=\"1024\" height=\"768\" src=\"https:\/\/www.lacroixvalmertourisme.com\/wp-content\/uploads\/2024\/06\/Expo-Paradis-protege-2023-\u00a9-lacroixvalmer-tourisme-52-1024x768.jpg\" class=\"wp-block-cover__image-background wp-post-image\" alt=\"expositions  la croix valmer tourisme office\" data-object-fit=\"cover\"   \/><div class=\"wp-block-cover__inner-container is-layout-constrained wp-container-core-cover-is-layout-11859842 wp-block-cover-is-layout-constrained\"><h2 class=\"wp-block-post-title\"><a href=\"https:\/\/www.lacroixvalmertourisme.com\/de\/entdecken-entkommen\/wanderlust\/freizeit-und-kultur\" target=\"_self\" >Kultur und Das Kulturerbe<\/a><\/h2><\/div><\/div>\n\n<\/li><li class=\"wp-block-post post-4760 page type-page status-publish has-post-thumbnail hentry swiper-slide\">\n\n<div class=\"wp-block-cover has-custom-content-position is-position-bottom-left\" style=\"padding-top:var(--wp--preset--spacing--60);padding-right:var(--wp--preset--spacing--60);padding-bottom:var(--wp--preset--spacing--60);padding-left:var(--wp--preset--spacing--60)\"><span aria-hidden=\"true\" class=\"wp-block-cover__background has-background-dim wp-block-cover__gradient-background has-background-gradient has-bg-gradient-to-black-bottom-gradient-background\"><\/span><img loading=\"lazy\" decoding=\"async\" width=\"1024\" height=\"664\" src=\"https:\/\/www.lacroixvalmertourisme.com\/wp-content\/uploads\/2022\/12\/bien-etre-\u00a9guillaumevoiturier-22-1024x664.jpg\" class=\"wp-block-cover__image-background wp-post-image\" alt=\"\" data-object-fit=\"cover\"   \/><div class=\"wp-block-cover__inner-container is-layout-constrained wp-container-core-cover-is-layout-11859842 wp-block-cover-is-layout-constrained\"><h2 class=\"wp-block-post-title\"><a href=\"https:\/\/www.lacroixvalmertourisme.com\/de\/entdecken-entkommen\/wanderlust\/wellness\" target=\"_self\" >Wellness<\/a><\/h2><\/div><\/div>\n\n<\/li><\/ul><\/div>\n<div class=\"swiper-prev-1863130042110019\"><div class=\"fa-4x h-full flex items-center absolute z-10 top-1\/2 -translate-x-1\/2 -translate-y-1\/2 left-0 right-auto cursor-pointer\">\r\n\t\t<span class=\"fa-layers fa-fw z-10\">\r\n\t\t\t<i class=\"fa-solid fa-circle text-white dark:text-black\"><\/i>\r\n\t\t\t<i class=\"fa-light fa-angle-left text-black dark:text-white\" data-fa-transform=\"shrink-6\"><\/i>\r\n\t\t<\/span>\r\n\t<\/div><\/div><div class=\"swiper-next-1863130042110019\"><div class=\"fa-4x h-full flex items-center absolute z-10 top-1\/2 translate-x-1\/2 -translate-y-1\/2 right-0 left-auto cursor-pointer\">\r\n\t\t<span class=\"fa-layers fa-fw z-10\">\r\n\t\t\t<i class=\"fa-solid fa-circle text-white dark:text-black\"><\/i>\r\n\t\t\t<i class=\"fa-light fa-angle-right text-black dark:text-white\" data-fa-transform=\"shrink-6\"><\/i>\r\n\t\t<\/span>\r\n\t<\/div><\/div><\/div><div class=\"fmz-slider-thumbs-container-1863130042110019 wp-block-fmz-slider alignfull\"><\/div>\r\n\t<script>\r\n\t\t\t\tnew Swiper('.fmz-slider-1863130042110019', {\r\n\t\t\t\n        \n        slidesPerView: 1,\n        spaceBetween: 20,\n        centeredSlides: false,\n        speed: 300,\n        loop: false,\n\t\t\t\tdirection: 'horizontal',\n\t\t\t\teffect: 'slide',\n        breakpoints:{ \n          576: { \n            slidesPerView: 2,\n            spaceBetween: 20,\n\t\t\t\t\t\tcenteredSlides: false,\n          }, \n          992: { \n            slidesPerView: 3,\n            spaceBetween: 20,\n\t\t\t\t\t\tcenteredSlides: false,\n          },\n          1200: {\n            slidesPerView: 3,\n            spaceBetween: 20,\n\t\t\t\t\t\tcenteredSlides: false,\n          },\n          1400: {\n            slidesPerView: 3,\n            spaceBetween: 20,\n\t\t\t\t\t\tcenteredSlides: false,\n          }\n        }\n      ,\r\n\t\t\t\t\t\t\tnavigation: { \r\n\t\t\t\t\tnextEl: '.swiper-next-1863130042110019', \r\n\t\t\t\t\tprevEl: '.swiper-prev-1863130042110019'\r\n\t\t\t\t},\r\n\t\t\t\t\t\t\t\t\ta11y: {\r\n\t\t\t\tenabled: true,\r\n\t\t\t\tprevSlideMessage: 'Vorherige Folie',\r\n\t\t\t\tnextSlideMessage: 'N\u00e4chste Folie',\r\n\t\t\t\tfirstSlideMessage: 'Erste Folie',\r\n\t\t\t\tlastSlideMessage: 'Letzte Folie',\r\n\t\t\t\tpaginationBulletMessage: 'Folie {{index}}',\r\n\t\t\t},\r\n\t\t\t\t\t\twatchSlidesProgress: true,\r\n\t\t\twatchOverflow: true\r\n\t\t} )\r\n\t<\/script>\r\n\t\r\n\t\n\n\n<h3 class=\"wp-block-heading alignwide has-text-align-center has-secondary-50-color has-text-color has-script-font-family has-5-xl-font-size\"><strong>Ein Traumurlaub an einem au\u00dfergew\u00f6hnlichen Ort und viel zu unternehmen f\u00fcr die ganze Familie, von den Kleinen \u00fcber die Gro\u00dfen bis hin zu den Mittleren!<\/strong><\/h3>\n\n\n\n<p class=\"has-text-align-left has-secondary-50-color has-text-color wp-block-paragraph\"><strong>Meerseite<\/strong>: <strong><a href=\"https:\/\/www.lacroixvalmertourisme.com\/de\/ausgehen-spass\/wanderlust\/aktivitaeten-und-sport\" target=\"_blank\" rel=\"noopener\">Wassersportaktivit\u00e4ten<\/a><\/strong>, starke Erlebnisse, Entdeckung des Meeresbodens, <a href=\"https:\/\/www.lacroixvalmertourisme.com\/de\/entdecken-entkommen\/fuesse-im-wasser\/sentier-marin-meerespfad\" target=\"_blank\" rel=\"noopener\"><strong>Schnorcheln<\/strong><\/a>, <span style=\"font-weight: 400\">F\u00e4hrverbindung<\/span>&#8230; <strong>Landseite<\/strong>: Stadtstadium, <span style=\"font-weight: 400\">\u00f6ffentliches Schwimmbad<\/span>, Tennis, Skatepark, Boulodrome, Beachvolleyballpl\u00e4tze&#8230; zahlreiche <a href=\"https:\/\/www.lacroixvalmertourisme.com\/de\/ausgehen-spass\/wanderlust\/aktivitaeten-und-sport\" target=\"_blank\" rel=\"noopener\"><strong>Installationen<\/strong><\/a> im Dorf und am Meer&#8230; <strong><a href=\"https:\/\/www.lacroixvalmertourisme.com\/de\/ausgehen-spass\/wanderlust\/freizeit-und-kultur\" target=\"_blank\" rel=\"noopener\">Kultur<\/a>, Kulturerbe &amp; Dienstleistungen<\/strong> <span style=\"font-weight: 400\">vervollst\u00e4ndigen<\/span> dieses &#8222;Inventar \u00e0 la Pr\u00e9vert&#8220;.<\/p>\n<\/div>\n","protected":false},"excerpt":{"rendered":"<p>Ein Traumurlaub an einem au\u00dfergew\u00f6hnlichen Ort und viel zu unternehmen f\u00fcr die ganze Familie, von den Kleinen \u00fcber die Gro\u00dfen bis hin zu den Mittleren! Meerseite: Wassersportaktivit\u00e4ten, starke Erlebnisse, Entdeckung des Meeresbodens, Schnorcheln, F\u00e4hrverbindung&#8230; Landseite: Stadtstadium, \u00f6ffentliches Schwimmbad, Tennis, Skatepark, Boulodrome, Beachvolleyballpl\u00e4tze&#8230; zahlreiche Installationen im Dorf und am Meer&#8230; Kultur, Kulturerbe &amp; Dienstleistungen vervollst\u00e4ndigen dieses&#8230;<\/p>\n","protected":false},"author":4,"featured_media":16183,"parent":4553,"menu_order":45,"comment_status":"closed","ping_status":"closed","template":"page-plage.blade.php","meta":{"_acf_changed":false,"_crdt_document":"","footnotes":""},"class_list":["post-4651","page","type-page","status-publish","has-post-thumbnail","hentry"],"acf":{"video_mp4":false,"poster_image":false,"nugget":false,"page-virtuelle":false,"video_webm":false,"pagepage-updown":false,"autoplay":false,"delay":"","title_alignement":"","pagepage-etendus":"none","mots-cles":"loisirs activit\u00e9s que faire visiter que visiter local guide enfant famille plage sport sportif nautique piscine randonn\u00e9es mjc sentier marin gigaro jovat crocodile marin snorkeling accompagn\u00e9e palme masque poisson d\u00e9couverte sous an\u00e9mone d\u00e9barquement plage tennis stade\r\n"},"yoast_head":"<!-- This site is optimized with the Yoast SEO plugin v27.4 - https:\/\/yoast.com\/product\/yoast-seo-wordpress\/ -->\n<title>Wanderlust - La Croix-Valmer Tourisme<\/title>\n<meta name=\"robots\" content=\"index, follow, max-snippet:-1, max-image-preview:large, max-video-preview:-1\" \/>\n<link rel=\"canonical\" href=\"https:\/\/www.lacroixvalmertourisme.com\/de\/entdecken-entkommen\/wanderlust\" \/>\n<meta property=\"og:locale\" content=\"de_DE\" \/>\n<meta property=\"og:type\" content=\"article\" \/>\n<meta property=\"og:title\" content=\"Wanderlust - La Croix-Valmer Tourisme\" \/>\n<meta property=\"og:description\" content=\"Ein Traumurlaub an einem au\u00dfergew\u00f6hnlichen Ort und viel zu unternehmen f\u00fcr die ganze Familie, von den Kleinen \u00fcber die Gro\u00dfen bis hin zu den Mittleren! Meerseite: Wassersportaktivit\u00e4ten, starke Erlebnisse, Entdeckung des Meeresbodens, Schnorcheln, F\u00e4hrverbindung&#8230; Landseite: Stadtstadium, \u00f6ffentliches Schwimmbad, Tennis, Skatepark, Boulodrome, Beachvolleyballpl\u00e4tze&#8230; zahlreiche Installationen im Dorf und am Meer&#8230; Kultur, Kulturerbe &amp; Dienstleistungen vervollst\u00e4ndigen dieses...\" \/>\n<meta property=\"og:url\" content=\"https:\/\/www.lacroixvalmertourisme.com\/de\/entdecken-entkommen\/wanderlust\" \/>\n<meta property=\"og:site_name\" content=\"La Croix-Valmer Tourisme\" \/>\n<meta property=\"article:publisher\" content=\"https:\/\/www.facebook.com\/lacroixvalmertourisme\/\" \/>\n<meta property=\"article:modified_time\" content=\"2026-04-21T14:45:01+00:00\" \/>\n<meta property=\"og:image\" content=\"https:\/\/www.lacroixvalmertourisme.com\/wp-content\/uploads\/2024\/06\/plages204\u00a9guillaumevoiturier-17.jpg\" \/>\n\t<meta property=\"og:image:width\" content=\"2000\" \/>\n\t<meta property=\"og:image:height\" content=\"1333\" \/>\n\t<meta property=\"og:image:type\" content=\"image\/jpeg\" \/>\n<meta name=\"twitter:card\" content=\"summary_large_image\" \/>\n<meta name=\"twitter:site\" content=\"@La_Croix_Valmer\" \/>\n<!-- \/ Yoast SEO plugin. -->","yoast_head_json":{"title":"Wanderlust - La Croix-Valmer Tourisme","robots":{"index":"index","follow":"follow","max-snippet":"max-snippet:-1","max-image-preview":"max-image-preview:large","max-video-preview":"max-video-preview:-1"},"canonical":"https:\/\/www.lacroixvalmertourisme.com\/de\/entdecken-entkommen\/wanderlust","og_locale":"de_DE","og_type":"article","og_title":"Wanderlust - La Croix-Valmer Tourisme","og_description":"Ein Traumurlaub an einem au\u00dfergew\u00f6hnlichen Ort und viel zu unternehmen f\u00fcr die ganze Familie, von den Kleinen \u00fcber die Gro\u00dfen bis hin zu den Mittleren! Meerseite: Wassersportaktivit\u00e4ten, starke Erlebnisse, Entdeckung des Meeresbodens, Schnorcheln, F\u00e4hrverbindung&#8230; Landseite: Stadtstadium, \u00f6ffentliches Schwimmbad, Tennis, Skatepark, Boulodrome, Beachvolleyballpl\u00e4tze&#8230; zahlreiche Installationen im Dorf und am Meer&#8230; Kultur, Kulturerbe &amp; Dienstleistungen vervollst\u00e4ndigen dieses...","og_url":"https:\/\/www.lacroixvalmertourisme.com\/de\/entdecken-entkommen\/wanderlust","og_site_name":"La Croix-Valmer Tourisme","article_publisher":"https:\/\/www.facebook.com\/lacroixvalmertourisme\/","article_modified_time":"2026-04-21T14:45:01+00:00","og_image":[{"width":2000,"height":1333,"url":"https:\/\/www.lacroixvalmertourisme.com\/wp-content\/uploads\/2024\/06\/plages204\u00a9guillaumevoiturier-17.jpg","type":"image\/jpeg"}],"twitter_card":"summary_large_image","twitter_site":"@La_Croix_Valmer","schema":{"@context":"https:\/\/schema.org","@graph":[{"@type":"WebPage","@id":"https:\/\/www.lacroixvalmertourisme.com\/de\/entdecken-entkommen\/wanderlust","url":"https:\/\/www.lacroixvalmertourisme.com\/de\/entdecken-entkommen\/wanderlust","name":"Wanderlust - La Croix-Valmer Tourisme","isPartOf":{"@id":"https:\/\/www.lacroixvalmertourisme.com\/de#website"},"primaryImageOfPage":{"@id":"https:\/\/www.lacroixvalmertourisme.com\/de\/entdecken-entkommen\/wanderlust#primaryimage"},"image":{"@id":"https:\/\/www.lacroixvalmertourisme.com\/de\/entdecken-entkommen\/wanderlust#primaryimage"},"thumbnailUrl":"https:\/\/www.lacroixvalmertourisme.com\/wp-content\/uploads\/2024\/06\/plages204\u00a9guillaumevoiturier-17.jpg","datePublished":"2021-06-29T08:25:38+00:00","dateModified":"2026-04-21T14:45:01+00:00","breadcrumb":{"@id":"https:\/\/www.lacroixvalmertourisme.com\/de\/entdecken-entkommen\/wanderlust#breadcrumb"},"inLanguage":"de","potentialAction":[{"@type":"ReadAction","target":["https:\/\/www.lacroixvalmertourisme.com\/de\/entdecken-entkommen\/wanderlust"]}]},{"@type":"ImageObject","inLanguage":"de","@id":"https:\/\/www.lacroixvalmertourisme.com\/de\/entdecken-entkommen\/wanderlust#primaryimage","url":"https:\/\/www.lacroixvalmertourisme.com\/wp-content\/uploads\/2024\/06\/plages204\u00a9guillaumevoiturier-17.jpg","contentUrl":"https:\/\/www.lacroixvalmertourisme.com\/wp-content\/uploads\/2024\/06\/plages204\u00a9guillaumevoiturier-17.jpg","width":2000,"height":1333,"caption":"paddle sport plage de jovat littoral la croix valmer tourisme office"},{"@type":"BreadcrumbList","@id":"https:\/\/www.lacroixvalmertourisme.com\/de\/entdecken-entkommen\/wanderlust#breadcrumb","itemListElement":[{"@type":"ListItem","position":1,"name":"Accueil","item":"https:\/\/www.lacroixvalmertourisme.com\/de"},{"@type":"ListItem","position":2,"name":"Entdecken","item":"https:\/\/www.lacroixvalmertourisme.com\/de\/entdecken-entkommen"},{"@type":"ListItem","position":3,"name":"Wanderlust"}]},{"@type":"WebSite","@id":"https:\/\/www.lacroixvalmertourisme.com\/de#website","url":"https:\/\/www.lacroixvalmertourisme.com\/de","name":"La Croix-Valmer Tourisme","description":"Toutes les informations touristiques pour organiser votre prochain s\u00e9jour \u00e0 La Croix Valmer dans le Golfe de Saint-Tropez","publisher":{"@id":"https:\/\/www.lacroixvalmertourisme.com\/de#organization"},"potentialAction":[{"@type":"SearchAction","target":{"@type":"EntryPoint","urlTemplate":"https:\/\/www.lacroixvalmertourisme.com\/de?s={search_term_string}"},"query-input":{"@type":"PropertyValueSpecification","valueRequired":true,"valueName":"search_term_string"}}],"inLanguage":"de"},{"@type":"Organization","@id":"https:\/\/www.lacroixvalmertourisme.com\/de#organization","name":"Office de Tourisme de La Croix Valmer","url":"https:\/\/www.lacroixvalmertourisme.com\/de","logo":{"@type":"ImageObject","inLanguage":"de","@id":"https:\/\/www.lacroixvalmertourisme.com\/de#\/schema\/logo\/image\/","url":"https:\/\/www.lacroixvalmertourisme.com\/wp-content\/uploads\/2021\/06\/Logo_ot_bleu.png","contentUrl":"https:\/\/www.lacroixvalmertourisme.com\/wp-content\/uploads\/2021\/06\/Logo_ot_bleu.png","width":591,"height":454,"caption":"Office de Tourisme de La Croix Valmer"},"image":{"@id":"https:\/\/www.lacroixvalmertourisme.com\/de#\/schema\/logo\/image\/"},"sameAs":["https:\/\/www.facebook.com\/lacroixvalmertourisme\/","https:\/\/x.com\/La_Croix_Valmer","https:\/\/www.instagram.com\/lacroixvalmer_tourisme\/"]}]}},"publishpress_future_workflow_manual_trigger":{"enabledWorkflows":[]},"_links":{"self":[{"href":"https:\/\/www.lacroixvalmertourisme.com\/de\/wp-json\/wp\/v2\/pages\/4651","targetHints":{"allow":["GET"]}}],"collection":[{"href":"https:\/\/www.lacroixvalmertourisme.com\/de\/wp-json\/wp\/v2\/pages"}],"about":[{"href":"https:\/\/www.lacroixvalmertourisme.com\/de\/wp-json\/wp\/v2\/types\/page"}],"author":[{"embeddable":true,"href":"https:\/\/www.lacroixvalmertourisme.com\/de\/wp-json\/wp\/v2\/users\/4"}],"replies":[{"embeddable":true,"href":"https:\/\/www.lacroixvalmertourisme.com\/de\/wp-json\/wp\/v2\/comments?post=4651"}],"version-history":[{"count":6,"href":"https:\/\/www.lacroixvalmertourisme.com\/de\/wp-json\/wp\/v2\/pages\/4651\/revisions"}],"predecessor-version":[{"id":26640,"href":"https:\/\/www.lacroixvalmertourisme.com\/de\/wp-json\/wp\/v2\/pages\/4651\/revisions\/26640"}],"up":[{"embeddable":true,"href":"https:\/\/www.lacroixvalmertourisme.com\/de\/wp-json\/wp\/v2\/pages\/4553"}],"wp:featuredmedia":[{"embeddable":true,"href":"https:\/\/www.lacroixvalmertourisme.com\/de\/wp-json\/wp\/v2\/media\/16183"}],"wp:attachment":[{"href":"https:\/\/www.lacroixvalmertourisme.com\/de\/wp-json\/wp\/v2\/media?parent=4651"}],"curies":[{"name":"wp","href":"https:\/\/api.w.org\/{rel}","templated":true}]}}