{"id":4647,"date":"2021-06-29T10:24:20","date_gmt":"2021-06-29T08:24:20","guid":{"rendered":"https:\/\/www.lacroixvalmertourisme.com\/ausgehen-spass"},"modified":"2026-05-03T13:18:28","modified_gmt":"2026-05-03T11:18:28","slug":"ausgehen-spass","status":"publish","type":"page","link":"https:\/\/www.lacroixvalmertourisme.com\/de\/ausgehen-spass","title":{"rendered":"Ausgehen &amp; Spa\u00df"},"content":{"rendered":"\n<div class=\"wp-block-group alignwide is-layout-flow wp-block-group-is-layout-flow\">\n<figure class=\"wp-block-pullquote has-secondary-50-color has-text-color has-script-font-family has-5-xl-font-size\"><blockquote><p>Urlaub&#8230; k\u00f6nnen wir das nochmal machen?! ich war nicht bereit!!!<\/p><cite> <\/cite><\/blockquote><\/figure>\n\n\n\n<h3 class=\"wp-block-heading has-text-align-center has-secondary-50-color has-text-color has-sans-font-family\">&#8230; Die Ferien neu beginnen&#8230; wer hat nicht davon getr\u00e4umt?!<br \/>La Croix Valmer erwartet Sie!<\/h3>\n\n\n\n<p class=\"has-secondary-50-color has-text-color wp-block-paragraph\">In einem Gebiet zwischen Land und Meer bieten sich Ihnen zahlreiche <a href=\"https:\/\/www.lacroixvalmertourisme.com\/de\/ausgehen-spass\/wanderlust\/aktivitaeten-und-sport\" target=\"_blank\" rel=\"noopener\"><strong>Aktivit\u00e4ten und Freizeitm\u00f6glichkeiten<\/strong><\/a>, die je nach Jahreszeit variieren: <a href=\"https:\/\/www.lacroixvalmertourisme.com\/de\/ausgehen-spass\/events\/sportliche-veranstaltungen\" target=\"_blank\" rel=\"noopener\"><strong>Sportveranstaltungen<\/strong><\/a> zu Beginn des Jahres, Er\u00f6ffnung der <a href=\"https:\/\/www.lacroixvalmertourisme.com\/de\/ausgehen-spass\/bars-und-restaurants\" target=\"_blank\" rel=\"noopener\"><strong>Strandbars und -restaurants<\/strong><\/a> mit der Ankunft der sch\u00f6nen Tage, Wassersport oder Faulenzen vertragen sich gut mit dem Fr\u00fchling, die Sommersaison reimt sich auf <a href=\"https:\/\/www.lacroixvalmertourisme.com\/de\/ausgehen-spass\/events\" target=\"_blank\" rel=\"noopener\"><strong>Animationen, Festivit\u00e4ten und Kulturagenda<\/strong><\/a>, <a href=\"https:\/\/www.lacroixvalmertourisme.com\/de\/entdecken-entkommen\/unberuhrte-natur\" target=\"_blank\" rel=\"noopener\"><strong>Spazierg\u00e4nge und Wanderungen<\/strong><\/a> sind ideal in der Nachsaison&#8230; <a href=\"https:\/\/www.lacroixvalmertourisme.com\/de\/ausgehen-spass\/wanderlust\/aktivitaeten-und-sport\" target=\"_blank\" rel=\"noopener\"><strong>Verschiedene Einrichtungen<\/strong><\/a> wie das st\u00e4dtische Schwimmbad, Tennispl\u00e4tze, Air-Fit-Stationen&#8230; vervollst\u00e4ndigen das Angebot.<\/p>\n\n\n\n<p class=\"has-text-align-center has-navy-color has-text-color has-script-font-family has-5-xl-font-size wp-block-paragraph\"><strong>So ein Gl\u00fcck!!! Sie haben die Wahl!<\/strong><\/p>\n<\/div>\n\n<div class=\"wp-block-columns alignwide is-layout-flex wp-container-core-columns-is-layout-0defc3be wp-block-columns-is-layout-flex\">\n<div class=\"wp-block-column is-layout-flow wp-block-column-is-layout-flow\">\n<div class=\"wp-block-cover has-custom-content-position is-position-bottom-left\" style=\"padding-top:var(--wp--preset--spacing--50);padding-right:var(--wp--preset--spacing--50);padding-bottom:var(--wp--preset--spacing--50);padding-left:var(--wp--preset--spacing--50)\"><img loading=\"lazy\" decoding=\"async\" width=\"1024\" height=\"577\" sizes=\"auto, (max-width: 1024px) 100vw, 1024px\" class=\"wp-block-cover__image-background wp-image-815 size-large\" alt=\"sortir se divertir agenda animations concert spectacle la croix valmer\" src=\"https:\/\/www.lacroixvalmertourisme.com\/wp-content\/uploads\/2021\/04\/2019\u00a9guillaumevoiturier-16-1024x577.jpg\" data-object-fit=\"cover\" srcset=\"https:\/\/www.lacroixvalmertourisme.com\/wp-content\/uploads\/2021\/04\/2019\u00a9guillaumevoiturier-16-1024x577.jpg 1024w, https:\/\/www.lacroixvalmertourisme.com\/wp-content\/uploads\/2021\/04\/2019\u00a9guillaumevoiturier-16-300x169.jpg 300w, https:\/\/www.lacroixvalmertourisme.com\/wp-content\/uploads\/2021\/04\/2019\u00a9guillaumevoiturier-16-768x433.jpg 768w, https:\/\/www.lacroixvalmertourisme.com\/wp-content\/uploads\/2021\/04\/2019\u00a9guillaumevoiturier-16-1536x866.jpg 1536w, https:\/\/www.lacroixvalmertourisme.com\/wp-content\/uploads\/2021\/04\/2019\u00a9guillaumevoiturier-16-266x150.jpg 266w, https:\/\/www.lacroixvalmertourisme.com\/wp-content\/uploads\/2021\/04\/2019\u00a9guillaumevoiturier-16.jpg 2048w\" \/><span aria-hidden=\"true\" class=\"wp-block-cover__background has-background-dim-60 has-background-dim wp-block-cover__gradient-background has-background-gradient has-bg-gradient-to-black-bottom-gradient-background\"><\/span><div class=\"wp-block-cover__inner-container is-layout-constrained wp-container-core-cover-is-layout-953aee64 wp-block-cover-is-layout-constrained\">\n<p class=\"has-text-align-left has-white-color has-text-color has-link-color wp-elements-3b1cbc088810f4ee63d4c0b84dc69d7b wp-block-paragraph\" style=\"margin-bottom:0px;font-size:24px;font-style:normal;font-weight:500;line-height:1.2\">Events<\/p>\n\n\n<a href=\"https:\/\/www.lacroixvalmertourisme.com\/de\/ausgehen-spass\/events\" target=\"_blank\"><span aria-hidden=\"true\" class=\"absolute inset-0\"><\/span><span class=\"sr-only\">Veranstaltungen<\/span><\/a><\/div><\/div>\n<\/div>\n\n\n\n<div class=\"wp-block-column is-layout-flow wp-block-column-is-layout-flow\">\n<div class=\"wp-block-cover has-custom-content-position is-position-bottom-left\" style=\"padding-top:var(--wp--preset--spacing--50);padding-right:var(--wp--preset--spacing--50);padding-bottom:var(--wp--preset--spacing--50);padding-left:var(--wp--preset--spacing--50)\"><img loading=\"lazy\" decoding=\"async\" width=\"1280\" height=\"1024\" sizes=\"auto, (max-width: 1280px) 100vw, 1280px\" class=\"wp-block-cover__image-background wp-image-16121 size-thumb_1280_1024\" alt=\"\" src=\"https:\/\/www.lacroixvalmertourisme.com\/wp-content\/uploads\/2024\/06\/345A4102-1280x1024.jpg\" data-object-fit=\"cover\"\/><span aria-hidden=\"true\" class=\"wp-block-cover__background has-background-dim-60 has-background-dim wp-block-cover__gradient-background has-background-gradient has-bg-gradient-to-black-bottom-gradient-background\"><\/span><div class=\"wp-block-cover__inner-container is-layout-constrained wp-container-core-cover-is-layout-953aee64 wp-block-cover-is-layout-constrained\">\n<p class=\"has-text-align-left has-white-color has-text-color has-link-color wp-elements-be3af28d4e22e8e41c5b9eb3bcbad8e6 wp-block-paragraph\" style=\"margin-bottom:0px;font-size:24px;font-style:normal;font-weight:500;line-height:1.2\">Wichtige Veranstaltungen<\/p>\n\n\n<a href=\"https:\/\/www.lacroixvalmertourisme.com\/de\/ausgehen-spass\/events\/die-wichtigsten-ereignisse-des-jahres\" target=\"_blank\"><span aria-hidden=\"true\" class=\"absolute inset-0\"><\/span><span class=\"sr-only\">Die wichtigsten Ereignisse des Jahres<\/span><\/a><\/div><\/div>\n<\/div>\n\n\n\n<div class=\"wp-block-column is-layout-flow wp-block-column-is-layout-flow\">\n<div class=\"wp-block-cover has-custom-content-position is-position-bottom-left\" style=\"padding-top:var(--wp--preset--spacing--50);padding-right:var(--wp--preset--spacing--50);padding-bottom:var(--wp--preset--spacing--50);padding-left:var(--wp--preset--spacing--50)\"><img loading=\"lazy\" decoding=\"async\" width=\"1280\" height=\"1024\" sizes=\"auto, (max-width: 1280px) 100vw, 1280px\" class=\"wp-block-cover__image-background wp-image-20244 size-thumb_1280_1024\" alt=\"\" src=\"https:\/\/www.lacroixvalmertourisme.com\/wp-content\/uploads\/2025\/01\/Balade-PNPC-\u00a9lacroixvalmertourisme-13-1280x1024.jpeg\" style=\"object-position:48% 40%\" data-object-fit=\"cover\" data-object-position=\"48% 40%\"\/><span aria-hidden=\"true\" class=\"wp-block-cover__background has-background-dim-60 has-background-dim wp-block-cover__gradient-background has-background-gradient has-bg-gradient-to-black-bottom-gradient-background\"><\/span><div class=\"wp-block-cover__inner-container is-layout-constrained wp-container-core-cover-is-layout-953aee64 wp-block-cover-is-layout-constrained\">\n<p class=\"has-text-align-left has-white-color has-text-color has-link-color wp-elements-cc4ae447ca8947048abb303111d4049e wp-block-paragraph\" style=\"margin-bottom:0px;font-size:24px;font-style:normal;font-weight:500;line-height:1.2\">\u00d6ko-Events<\/p>\n\n\n<a href=\"https:\/\/www.lacroixvalmertourisme.com\/de\/ausgehen-spass\/events\/oeko-events\" target=\"_blank\"><span aria-hidden=\"true\" class=\"absolute inset-0\"><\/span><span class=\"sr-only\">\u00d6ko-Events<\/span><\/a><\/div><\/div>\n<\/div>\n\n\n\n<div class=\"wp-block-column is-layout-flow wp-block-column-is-layout-flow\">\n<div class=\"wp-block-cover has-custom-content-position is-position-bottom-left\" style=\"padding-top:var(--wp--preset--spacing--50);padding-right:var(--wp--preset--spacing--50);padding-bottom:var(--wp--preset--spacing--50);padding-left:var(--wp--preset--spacing--50)\"><img loading=\"lazy\" decoding=\"async\" width=\"1280\" height=\"1024\" sizes=\"auto, (max-width: 1280px) 100vw, 1280px\" class=\"wp-block-cover__image-background wp-image-809 size-thumb_1280_1024\" alt=\"sortir se divertir agenda animations evenements sportifs la croix valmer\" src=\"https:\/\/www.lacroixvalmertourisme.com\/wp-content\/uploads\/2021\/04\/2019\u00a9guillaumevoiturier-10-1280x1024.jpg\" data-object-fit=\"cover\"\/><span aria-hidden=\"true\" class=\"wp-block-cover__background has-background-dim-60 has-background-dim wp-block-cover__gradient-background has-background-gradient has-bg-gradient-to-black-bottom-gradient-background\"><\/span><div class=\"wp-block-cover__inner-container is-layout-constrained wp-container-core-cover-is-layout-953aee64 wp-block-cover-is-layout-constrained\">\n<p class=\"has-text-align-left has-white-color has-text-color has-link-color wp-elements-ddac877dd13f1e8b8dcee090115adda7 wp-block-paragraph\" style=\"margin-bottom:0px;font-size:24px;font-style:normal;font-weight:500;line-height:1.2\">Sportveranstaltungen<\/p>\n\n\n<a href=\"https:\/\/www.lacroixvalmertourisme.com\/de\/ausgehen-spass\/events\/sportliche-veranstaltungen\" target=\"_blank\"><span aria-hidden=\"true\" class=\"absolute inset-0\"><\/span><span class=\"sr-only\">Sportliche veranstaltungen<\/span><\/a><\/div><\/div>\n<\/div>\n<\/div>\n","protected":false},"excerpt":{"rendered":"<p>Urlaub&#8230; k\u00f6nnen wir das nochmal machen?! ich war nicht bereit!!! &#8230; Die Ferien neu beginnen&#8230; wer hat nicht davon getr\u00e4umt?!La Croix Valmer erwartet Sie! In einem Gebiet zwischen Land und Meer bieten sich Ihnen zahlreiche Aktivit\u00e4ten und Freizeitm\u00f6glichkeiten, die je nach Jahreszeit variieren: Sportveranstaltungen zu Beginn des Jahres, Er\u00f6ffnung der Strandbars und -restaurants mit der&#8230;<\/p>\n","protected":false},"author":4,"featured_media":1898,"parent":0,"menu_order":125,"comment_status":"closed","ping_status":"closed","template":"page-plage.blade.php","meta":{"_acf_changed":false,"_crdt_document":"","footnotes":""},"class_list":["post-4647","page","type-page","status-publish","has-post-thumbnail","hentry"],"acf":{"video_mp4":false,"poster_image":false,"nugget":false,"page-virtuelle":false,"video_webm":false,"pagepage-updown":true,"autoplay":false,"delay":"","slogan":"","introduction":"","title_alignement":"","pagepage-etendus":"none","mots-cles":"loisirs activit\u00e9s culture animation festivit\u00e9 agenda que faire visiter que visiter local guide enfant famille bien \u00eatre spa restaurant bar d\u00e9tente plage plagistes sport sportif nautique culturel piscine randonn\u00e9es attraction\r\n"},"yoast_head":"<!-- This site is optimized with the Yoast SEO plugin v27.5 - https:\/\/yoast.com\/product\/yoast-seo-wordpress\/ -->\n<title>Ausgehen &amp; Spa\u00df - La Croix-Valmer Tourisme<\/title>\n<meta name=\"robots\" content=\"index, follow, max-snippet:-1, max-image-preview:large, max-video-preview:-1\" \/>\n<link rel=\"canonical\" href=\"https:\/\/www.lacroixvalmertourisme.com\/de\/ausgehen-spass\" \/>\n<meta property=\"og:locale\" content=\"de_DE\" \/>\n<meta property=\"og:type\" content=\"article\" \/>\n<meta property=\"og:title\" content=\"Ausgehen &amp; Spa\u00df - La Croix-Valmer Tourisme\" \/>\n<meta property=\"og:description\" content=\"Urlaub&#8230; k\u00f6nnen wir das nochmal machen?! ich war nicht bereit!!! &#8230; Die Ferien neu beginnen&#8230; wer hat nicht davon getr\u00e4umt?!La Croix Valmer erwartet Sie! In einem Gebiet zwischen Land und Meer bieten sich Ihnen zahlreiche Aktivit\u00e4ten und Freizeitm\u00f6glichkeiten, die je nach Jahreszeit variieren: Sportveranstaltungen zu Beginn des Jahres, Er\u00f6ffnung der Strandbars und -restaurants mit der...\" \/>\n<meta property=\"og:url\" content=\"https:\/\/www.lacroixvalmertourisme.com\/de\/ausgehen-spass\" \/>\n<meta property=\"og:site_name\" content=\"La Croix-Valmer Tourisme\" \/>\n<meta property=\"article:publisher\" content=\"https:\/\/www.facebook.com\/lacroixvalmertourisme\/\" \/>\n<meta property=\"article:modified_time\" content=\"2026-05-03T11:18:28+00:00\" \/>\n<meta property=\"og:image\" content=\"https:\/\/www.lacroixvalmertourisme.com\/wp-content\/uploads\/2021\/06\/2020-1709\u00a9guillaumevoiturier-5.jpg\" \/>\n\t<meta property=\"og:image:width\" content=\"2048\" \/>\n\t<meta property=\"og:image:height\" content=\"1365\" \/>\n\t<meta property=\"og:image:type\" content=\"image\/jpeg\" \/>\n<meta name=\"twitter:card\" content=\"summary_large_image\" \/>\n<meta name=\"twitter:site\" content=\"@La_Croix_Valmer\" \/>\n<meta name=\"twitter:label1\" content=\"Gesch\u00e4tzte Lesezeit\" \/>\n\t<meta name=\"twitter:data1\" content=\"1\u00a0Minute\" \/>\n<!-- \/ Yoast SEO plugin. -->","yoast_head_json":{"title":"Ausgehen &amp; Spa\u00df - La Croix-Valmer Tourisme","robots":{"index":"index","follow":"follow","max-snippet":"max-snippet:-1","max-image-preview":"max-image-preview:large","max-video-preview":"max-video-preview:-1"},"canonical":"https:\/\/www.lacroixvalmertourisme.com\/de\/ausgehen-spass","og_locale":"de_DE","og_type":"article","og_title":"Ausgehen &amp; Spa\u00df - La Croix-Valmer Tourisme","og_description":"Urlaub&#8230; k\u00f6nnen wir das nochmal machen?! ich war nicht bereit!!! &#8230; Die Ferien neu beginnen&#8230; wer hat nicht davon getr\u00e4umt?!La Croix Valmer erwartet Sie! In einem Gebiet zwischen Land und Meer bieten sich Ihnen zahlreiche Aktivit\u00e4ten und Freizeitm\u00f6glichkeiten, die je nach Jahreszeit variieren: Sportveranstaltungen zu Beginn des Jahres, Er\u00f6ffnung der Strandbars und -restaurants mit der...","og_url":"https:\/\/www.lacroixvalmertourisme.com\/de\/ausgehen-spass","og_site_name":"La Croix-Valmer Tourisme","article_publisher":"https:\/\/www.facebook.com\/lacroixvalmertourisme\/","article_modified_time":"2026-05-03T11:18:28+00:00","og_image":[{"width":2048,"height":1365,"url":"https:\/\/www.lacroixvalmertourisme.com\/wp-content\/uploads\/2021\/06\/2020-1709\u00a9guillaumevoiturier-5.jpg","type":"image\/jpeg"}],"twitter_card":"summary_large_image","twitter_site":"@La_Croix_Valmer","twitter_misc":{"Gesch\u00e4tzte Lesezeit":"1\u00a0Minute"},"schema":{"@context":"https:\/\/schema.org","@graph":[{"@type":"WebPage","@id":"https:\/\/www.lacroixvalmertourisme.com\/de\/ausgehen-spass","url":"https:\/\/www.lacroixvalmertourisme.com\/de\/ausgehen-spass","name":"Ausgehen &amp; Spa\u00df - La Croix-Valmer Tourisme","isPartOf":{"@id":"https:\/\/www.lacroixvalmertourisme.com\/de#website"},"primaryImageOfPage":{"@id":"https:\/\/www.lacroixvalmertourisme.com\/de\/ausgehen-spass#primaryimage"},"image":{"@id":"https:\/\/www.lacroixvalmertourisme.com\/de\/ausgehen-spass#primaryimage"},"thumbnailUrl":"https:\/\/www.lacroixvalmertourisme.com\/wp-content\/uploads\/2021\/06\/2020-1709\u00a9guillaumevoiturier-5.jpg","datePublished":"2021-06-29T08:24:20+00:00","dateModified":"2026-05-03T11:18:28+00:00","breadcrumb":{"@id":"https:\/\/www.lacroixvalmertourisme.com\/de\/ausgehen-spass#breadcrumb"},"inLanguage":"de","potentialAction":[{"@type":"ReadAction","target":["https:\/\/www.lacroixvalmertourisme.com\/de\/ausgehen-spass"]}]},{"@type":"ImageObject","inLanguage":"de","@id":"https:\/\/www.lacroixvalmertourisme.com\/de\/ausgehen-spass#primaryimage","url":"https:\/\/www.lacroixvalmertourisme.com\/wp-content\/uploads\/2021\/06\/2020-1709\u00a9guillaumevoiturier-5.jpg","contentUrl":"https:\/\/www.lacroixvalmertourisme.com\/wp-content\/uploads\/2021\/06\/2020-1709\u00a9guillaumevoiturier-5.jpg","width":2048,"height":1365,"caption":"\u00a9guillaumevoiturier"},{"@type":"BreadcrumbList","@id":"https:\/\/www.lacroixvalmertourisme.com\/de\/ausgehen-spass#breadcrumb","itemListElement":[{"@type":"ListItem","position":1,"name":"Accueil","item":"https:\/\/www.lacroixvalmertourisme.com\/de"},{"@type":"ListItem","position":2,"name":"Ausgehen &amp; Spa\u00df"}]},{"@type":"WebSite","@id":"https:\/\/www.lacroixvalmertourisme.com\/de#website","url":"https:\/\/www.lacroixvalmertourisme.com\/de","name":"La Croix-Valmer Tourisme","description":"Toutes les informations touristiques pour organiser votre prochain s\u00e9jour \u00e0 La Croix Valmer dans le Golfe de Saint-Tropez","publisher":{"@id":"https:\/\/www.lacroixvalmertourisme.com\/de#organization"},"potentialAction":[{"@type":"SearchAction","target":{"@type":"EntryPoint","urlTemplate":"https:\/\/www.lacroixvalmertourisme.com\/de?s={search_term_string}"},"query-input":{"@type":"PropertyValueSpecification","valueRequired":true,"valueName":"search_term_string"}}],"inLanguage":"de"},{"@type":"Organization","@id":"https:\/\/www.lacroixvalmertourisme.com\/de#organization","name":"Office de Tourisme de La Croix Valmer","url":"https:\/\/www.lacroixvalmertourisme.com\/de","logo":{"@type":"ImageObject","inLanguage":"de","@id":"https:\/\/www.lacroixvalmertourisme.com\/de#\/schema\/logo\/image\/","url":"https:\/\/www.lacroixvalmertourisme.com\/wp-content\/uploads\/2021\/06\/Logo_ot_bleu.png","contentUrl":"https:\/\/www.lacroixvalmertourisme.com\/wp-content\/uploads\/2021\/06\/Logo_ot_bleu.png","width":591,"height":454,"caption":"Office de Tourisme de La Croix Valmer"},"image":{"@id":"https:\/\/www.lacroixvalmertourisme.com\/de#\/schema\/logo\/image\/"},"sameAs":["https:\/\/www.facebook.com\/lacroixvalmertourisme\/","https:\/\/x.com\/La_Croix_Valmer","https:\/\/www.instagram.com\/lacroixvalmer_tourisme\/"]}]}},"publishpress_future_workflow_manual_trigger":{"enabledWorkflows":[]},"_links":{"self":[{"href":"https:\/\/www.lacroixvalmertourisme.com\/de\/wp-json\/wp\/v2\/pages\/4647","targetHints":{"allow":["GET"]}}],"collection":[{"href":"https:\/\/www.lacroixvalmertourisme.com\/de\/wp-json\/wp\/v2\/pages"}],"about":[{"href":"https:\/\/www.lacroixvalmertourisme.com\/de\/wp-json\/wp\/v2\/types\/page"}],"author":[{"embeddable":true,"href":"https:\/\/www.lacroixvalmertourisme.com\/de\/wp-json\/wp\/v2\/users\/4"}],"replies":[{"embeddable":true,"href":"https:\/\/www.lacroixvalmertourisme.com\/de\/wp-json\/wp\/v2\/comments?post=4647"}],"version-history":[{"count":7,"href":"https:\/\/www.lacroixvalmertourisme.com\/de\/wp-json\/wp\/v2\/pages\/4647\/revisions"}],"predecessor-version":[{"id":26662,"href":"https:\/\/www.lacroixvalmertourisme.com\/de\/wp-json\/wp\/v2\/pages\/4647\/revisions\/26662"}],"wp:featuredmedia":[{"embeddable":true,"href":"https:\/\/www.lacroixvalmertourisme.com\/de\/wp-json\/wp\/v2\/media\/1898"}],"wp:attachment":[{"href":"https:\/\/www.lacroixvalmertourisme.com\/de\/wp-json\/wp\/v2\/media?parent=4647"}],"curies":[{"name":"wp","href":"https:\/\/api.w.org\/{rel}","templated":true}]}}