{"id":4641,"date":"2021-06-29T10:20:49","date_gmt":"2021-06-29T08:20:49","guid":{"rendered":"https:\/\/www.lacroixvalmertourisme.com\/entdecken-entkommen\/geschichtsbuch"},"modified":"2026-05-01T19:15:45","modified_gmt":"2026-05-01T17:15:45","slug":"geschichtsbuch","status":"publish","type":"page","link":"https:\/\/www.lacroixvalmertourisme.com\/de\/entdecken-entkommen\/geschichtsbuch","title":{"rendered":"Geschichtsbuch"},"content":{"rendered":"\n<div class=\"wp-block-group alignwide is-layout-constrained wp-block-group-is-layout-constrained\">\n<figure class=\"wp-block-pullquote has-secondary-50-color has-text-color has-script-font-family has-5-xl-font-size\"><blockquote><p><strong>Si La Croix Valmer m&#8217;\u00e9tait cont\u00e9e&#8230;<\/strong><\/p><cite>Pierre Berenguier<\/cite><\/blockquote><\/figure>\n\n\n\n<div class=\"wp-block-columns alignfull is-layout-flex wp-container-core-columns-is-layout-0defc3be wp-block-columns-is-layout-flex\">\n<div class=\"wp-block-column is-layout-flow wp-block-column-is-layout-flow\">\n<figure class=\"wp-block-image aligncenter size-large is-resized is-style-rounded is-style-rounded--1\"><img decoding=\"async\" src=\"https:\/\/www.lacroixvalmertourisme.com\/wp-content\/uploads\/2023\/11\/LOGO-2-724x1024.jpeg\" alt=\"\" class=\"wp-image-13896\" style=\"width:210px;height:auto\" \/><\/figure>\n\n\n\n<div style=\"height:30px\" aria-hidden=\"true\" class=\"wp-block-spacer\"><\/div>\n\n\n\n<h3 class=\"wp-block-heading has-text-align-center has-secondary-50-color has-text-color has-link-color has-script-font-family has-5-xl-font-size wp-elements-7d63952b2ffb392bdee35325aaeb8b34\"><h3 class=\"wp-block-heading has-text-align-center has-secondary-50-color has-text-color has-link-color has-script-font-family has-5-xl-font-size wp-elements-971ddbe64f54290e6fbad8946943fd61\">Im 2024, La Croix Valmer&#013;\nfeierte seinen 90. Geburtstag<\/h3><\/h3>\n\n\n\n<div style=\"height:0px\" aria-hidden=\"true\" class=\"wp-block-spacer\"><\/div>\n\n\n\n<p class=\"has-text-align-center wp-block-paragraph\">La Croix Valmer war nicht immer die h\u00fcbsche, kleine, unabh\u00e4ngige Gemeinde, die Sie heute kennen.. <\/p>\n\n\n\n<p class=\"wp-block-paragraph\"><\/p>\n\n\n\n<p class=\"has-text-align-center wp-block-paragraph\">Jahrhunderts waren La Croix Valmer und Cavalaire zwei kleine D\u00f6rfer, die von der Gemeinde Gassin abh\u00e4ngig waren. Unsere kleine Gemeinde, die aufgrund ihrer Weinberge reich war, strebte schnell nach Unabh\u00e4ngigkeit.<\/p>\n\n\n\n<p class=\"wp-block-paragraph\"><\/p>\n\n\n\n<p class=\"has-text-align-center wp-block-paragraph\">Es dauerte mehr als ein Jahrzehnt voller Antr\u00e4ge und einer Petition, die vom Pr\u00e4fekten Louis Martin, der die Hauptstra\u00dfe der Gemeinde nach ihm benannte, unterst\u00fctzt wurde, bis am 6. April 1934 endlich der Rechtsstreit gewonnen wurde.<\/p>\n\n\n\n<p class=\"wp-block-paragraph\"><\/p>\n\n\n\n<p class=\"has-text-align-center wp-block-paragraph\">Seit dem Tag wurde La Croix Valmer zu der wundersch\u00f6nen autonomen Gemeinde, die Sie alle kennen\u2026 oder fast!!!<\/p>\n<\/div>\n\n\n\n<div class=\"wp-block-column is-layout-flow wp-block-column-is-layout-flow\" style=\"flex-basis:5%\"><\/div>\n\n\n\n<div class=\"wp-block-column is-layout-flow wp-block-column-is-layout-flow\">\n<h3 class=\"wp-block-heading has-text-align-center has-secondary-50-color has-text-color has-link-color has-script-font-family has-5-xl-font-size wp-elements-72d3fdd2bc2a13baa1085562bc5ca132\"><h3 class=\"wp-block-heading has-text-align-center has-secondary-50-color has-text-color has-link-color has-script-font-family has-5-xl-font-size wp-elements-11fe301bb84795f64f373e56d0cd8bb9\">und der 80. Jahrestag der&#013;\nLandung in der Provence<\/h3><\/h3>\n\n\n\n<div style=\"height:34px\" aria-hidden=\"true\" class=\"wp-block-spacer\"><\/div>\n\n\n\n<figure class=\"wp-block-image aligncenter size-large is-resized is-style-rounded is-style-rounded--2\"><a data-caption=\"photos anciennes\" href=\"https:\/\/www.lacroixvalmertourisme.com\/wp-content\/uploads\/2021\/06\/2018-3101-square-souvenir&#xA9;servicecommunciationlacroixvalmer-3-edited-1-1024x577.jpg\" data-fancybox=\"gallery\"><img decoding=\"async\" sizes=\"(max-width: 1024px) 100vw, 1024px\" data-tippy-content=\"photos anciennes\" data-caption=\"photos anciennes\" src=\"https:\/\/www.lacroixvalmertourisme.com\/wp-content\/uploads\/2021\/06\/2018-3101-square-souvenir&#xA9;servicecommunciationlacroixvalmer-3-edited-1-1024x577.jpg\" alt=\"d&#xE9;couvrir s'evader la croix valmer histoire patrimoine architectural culture quoi faire visiter\" class=\"wp-image-3466\" style=\"width:310px;height:auto\" \/><\/a><figcaption class=\"wp-element-caption\">\u00a9servicecommunciationlacroixvalmer<\/figcaption><\/figure>\n\n\n\n<div style=\"height:0px\" aria-hidden=\"true\" class=\"wp-block-spacer\"><\/div>\n\n\n\n<p class=\"has-text-align-center wp-block-paragraph\">In 1944 besetzte die deutsche Armee La Croix Valmer und beschlagnahmte das Grand H\u00f4tel, um dort ihre Kommandantur unterzubringen.<\/p>\n\n\n\n<p class=\"has-text-align-center wp-block-paragraph\">Am 14. August zielte ein Luftangriff auf das verminte Gel\u00e4nde und die deutschen Kanonen im Weiler Brost. Die Bomben trafen die K\u00fcste, insbesondere die Str\u00e4nde D\u00e9barquement und Gigaro.<\/p>\n\n\n\n<p class=\"has-text-align-center wp-block-paragraph\">Um die vom Meer kommenden alliierten Truppen zu sch\u00fctzen, wurde die K\u00fcste nachts von Minensuchbooten durchk\u00e4mmt: Diese Kriegsschiffe schafften sichere Durchg\u00e4nge zum Strand, indem sie die feindlichen Minen. Nach der Erinnerung von Croisiens war die Bucht im Morgengrauen des 15. August schwarz von Schiffen, man konnte das Meer nicht mehr sehen. Hunderte von Schiffen n\u00e4herten sich dem Ufer, es waren die Soldaten der 3. amerikanischen Division unter General O\u2019Daniel. Um Mitternacht waren mehr als 16.000 M\u00e4nner an unseren Str\u00e4nden gelandet. Das Meer und der Strand verwandeln sich in eine metallische Landschaft, die von Explosionen belebt zerst\u00f6rten. Am Nachmittag zischten Maschinengewehre, Granaten, Bomben und Kugeln durch die Luft.<\/p>\n\n\n\n<p class=\"has-text-align-center wp-block-paragraph\">Am Abend des 16. August landet die Armee \u201eB\u201c von General De Lattre De Tassigny am Strand von Gigaro: Es ist die Landung in der Provence, die auch als Operation \u201eAvril Dragoon\u201c bekannt ist. Innerhalb von zwei Wochen wurde die Region befreit.<\/p>\n<\/div>\n<\/div>\n\n\n<div class=\"relative wp-block-fmz-slider alignfull\">\n<div class=\"wp-block-query alignfull is-layout-flow wp-block-query-is-layout-flow fmz-slider-1864227423000017 swiper\"><ul class=\"swiper-wrapper\"><li class=\"wp-block-post post-9666 page type-page status-publish has-post-thumbnail hentry swiper-slide\">\n\n<div class=\"wp-block-cover has-custom-content-position is-position-bottom-left\" style=\"padding-top:var(--wp--preset--spacing--60);padding-right:var(--wp--preset--spacing--60);padding-bottom:var(--wp--preset--spacing--60);padding-left:var(--wp--preset--spacing--60)\"><span aria-hidden=\"true\" class=\"wp-block-cover__background has-background-dim wp-block-cover__gradient-background has-background-gradient has-bg-gradient-to-black-bottom-gradient-background\"><\/span><img loading=\"lazy\" decoding=\"async\" width=\"1024\" height=\"839\" src=\"https:\/\/www.lacroixvalmertourisme.com\/wp-content\/uploads\/2021\/05\/La_gare-1024x839.jpg\" class=\"wp-block-cover__image-background wp-post-image\" alt=\"d\u00e9couvrir s&#039;evader la croix valmer histoire patrimoine architectural culture quoi faire visiter\" data-object-fit=\"cover\"   \/><div class=\"wp-block-cover__inner-container is-layout-constrained wp-container-core-cover-is-layout-11859842 wp-block-cover-is-layout-constrained\"><h2 class=\"wp-block-post-title\"><a href=\"https:\/\/www.lacroixvalmertourisme.com\/de\/entdecken-entkommen\/geschichtsbuch\/historique-de\" target=\"_self\" >Geschichte<\/a><\/h2><\/div><\/div>\n\n<\/li><li class=\"wp-block-post post-4645 page type-page status-publish has-post-thumbnail hentry swiper-slide\">\n\n<div class=\"wp-block-cover has-custom-content-position is-position-bottom-left\" style=\"padding-top:var(--wp--preset--spacing--60);padding-right:var(--wp--preset--spacing--60);padding-bottom:var(--wp--preset--spacing--60);padding-left:var(--wp--preset--spacing--60)\"><span aria-hidden=\"true\" class=\"wp-block-cover__background has-background-dim wp-block-cover__gradient-background has-background-gradient has-bg-gradient-to-black-bottom-gradient-background\"><\/span><img loading=\"lazy\" decoding=\"async\" width=\"1024\" height=\"682\" src=\"https:\/\/www.lacroixvalmertourisme.com\/wp-content\/uploads\/2022\/01\/villa-1024x682.jpg\" class=\"wp-block-cover__image-background wp-post-image\" alt=\"patrimoine architectural la croix valmer villa remarque\" data-object-fit=\"cover\"   \/><div class=\"wp-block-cover__inner-container is-layout-constrained wp-container-core-cover-is-layout-11859842 wp-block-cover-is-layout-constrained\"><h2 class=\"wp-block-post-title\"><a href=\"https:\/\/www.lacroixvalmertourisme.com\/de\/entdecken-entkommen\/geschichtsbuch\/architektonisches-erbe\" target=\"_self\" >Architektonisches Erbe<\/a><\/h2><\/div><\/div>\n\n<\/li><li class=\"wp-block-post post-17974 page type-page status-publish has-post-thumbnail hentry swiper-slide\">\n\n<div class=\"wp-block-cover has-custom-content-position is-position-bottom-left\" style=\"padding-top:var(--wp--preset--spacing--60);padding-right:var(--wp--preset--spacing--60);padding-bottom:var(--wp--preset--spacing--60);padding-left:var(--wp--preset--spacing--60)\"><span aria-hidden=\"true\" class=\"wp-block-cover__background has-background-dim wp-block-cover__gradient-background has-background-gradient has-bg-gradient-to-black-bottom-gradient-background\"><\/span><img loading=\"lazy\" decoding=\"async\" width=\"1024\" height=\"682\" src=\"https:\/\/www.lacroixvalmertourisme.com\/wp-content\/uploads\/2024\/05\/6042024-\u00a9-service-communication-16-1024x682.jpg\" class=\"wp-block-cover__image-background wp-post-image\" alt=\"salon de l&#039;emploi forum la croix Valmer tourisme office\" data-object-fit=\"cover\"   \/><div class=\"wp-block-cover__inner-container is-layout-constrained wp-container-core-cover-is-layout-11859842 wp-block-cover-is-layout-constrained\"><h2 class=\"wp-block-post-title\"><a href=\"https:\/\/www.lacroixvalmertourisme.com\/de\/entdecken-entkommen\/geschichtsbuch\/2024-la-croix-valmer-wird-90-jahre-alt\" target=\"_self\" >2024 ~ La Croix Valmer wurd 90 Jahre alt<\/a><\/h2><\/div><\/div>\n\n<\/li><li class=\"wp-block-post post-11731 page type-page status-publish has-post-thumbnail hentry swiper-slide\">\n\n<div class=\"wp-block-cover has-custom-content-position is-position-bottom-left\" style=\"padding-top:var(--wp--preset--spacing--60);padding-right:var(--wp--preset--spacing--60);padding-bottom:var(--wp--preset--spacing--60);padding-left:var(--wp--preset--spacing--60)\"><span aria-hidden=\"true\" class=\"wp-block-cover__background has-background-dim wp-block-cover__gradient-background has-background-gradient has-bg-gradient-to-black-bottom-gradient-background\"><\/span><img loading=\"lazy\" decoding=\"async\" width=\"1024\" height=\"576\" src=\"https:\/\/www.lacroixvalmertourisme.com\/wp-content\/uploads\/2023\/02\/4-1024x576.jpg\" class=\"wp-block-cover__image-background wp-post-image\" alt=\"\" data-object-fit=\"cover\"   \/><div class=\"wp-block-cover__inner-container is-layout-constrained wp-container-core-cover-is-layout-11859842 wp-block-cover-is-layout-constrained\"><h2 class=\"wp-block-post-title\"><a href=\"https:\/\/www.lacroixvalmertourisme.com\/de\/entdecken-entkommen\/geschichtsbuch\/la-croix-valmer-macht-kino\" target=\"_self\" >La Croix Valmer macht Kino<\/a><\/h2><\/div><\/div>\n\n<\/li><\/ul><\/div>\n<div class=\"swiper-prev-1864227423000017\"><div class=\"fa-4x h-full flex items-center absolute z-10 top-1\/2 -translate-x-1\/2 -translate-y-1\/2 left-0 right-auto cursor-pointer\">\r\n\t\t<span class=\"fa-layers fa-fw z-10\">\r\n\t\t\t<i class=\"fa-solid fa-circle text-white dark:text-black\"><\/i>\r\n\t\t\t<i class=\"fa-light fa-angle-left text-black dark:text-white\" data-fa-transform=\"shrink-6\"><\/i>\r\n\t\t<\/span>\r\n\t<\/div><\/div><div class=\"swiper-next-1864227423000017\"><div class=\"fa-4x h-full flex items-center absolute z-10 top-1\/2 translate-x-1\/2 -translate-y-1\/2 right-0 left-auto cursor-pointer\">\r\n\t\t<span class=\"fa-layers fa-fw z-10\">\r\n\t\t\t<i class=\"fa-solid fa-circle text-white dark:text-black\"><\/i>\r\n\t\t\t<i class=\"fa-light fa-angle-right text-black dark:text-white\" data-fa-transform=\"shrink-6\"><\/i>\r\n\t\t<\/span>\r\n\t<\/div><\/div><\/div><div class=\"fmz-slider-thumbs-container-1864227423000017 wp-block-fmz-slider alignfull\"><\/div>\r\n\t<script>\r\n\t\t\t\tnew Swiper('.fmz-slider-1864227423000017', {\r\n\t\t\t\n        \n        slidesPerView: 1,\n        spaceBetween: 20,\n        centeredSlides: false,\n        speed: 300,\n        loop: false,\n\t\t\t\tdirection: 'horizontal',\n\t\t\t\teffect: 'slide',\n        breakpoints:{ \n          576: { \n            slidesPerView: 2,\n            spaceBetween: 20,\n\t\t\t\t\t\tcenteredSlides: false,\n          }, \n          992: { \n            slidesPerView: 3,\n            spaceBetween: 20,\n\t\t\t\t\t\tcenteredSlides: false,\n          },\n          1200: {\n            slidesPerView: 4,\n            spaceBetween: 20,\n\t\t\t\t\t\tcenteredSlides: false,\n          },\n          1400: {\n            slidesPerView: 4,\n            spaceBetween: 20,\n\t\t\t\t\t\tcenteredSlides: false,\n          }\n        }\n      ,\r\n\t\t\t\t\t\t\tnavigation: { \r\n\t\t\t\t\tnextEl: '.swiper-next-1864227423000017', \r\n\t\t\t\t\tprevEl: '.swiper-prev-1864227423000017'\r\n\t\t\t\t},\r\n\t\t\t\t\t\t\t\t\ta11y: {\r\n\t\t\t\tenabled: true,\r\n\t\t\t\tprevSlideMessage: 'Vorherige Folie',\r\n\t\t\t\tnextSlideMessage: 'N\u00e4chste Folie',\r\n\t\t\t\tfirstSlideMessage: 'Erste Folie',\r\n\t\t\t\tlastSlideMessage: 'Letzte Folie',\r\n\t\t\t\tpaginationBulletMessage: 'Folie {{index}}',\r\n\t\t\t},\r\n\t\t\t\t\t\twatchSlidesProgress: true,\r\n\t\t\twatchOverflow: true\r\n\t\t} )\r\n\t<\/script>\r\n\t\r\n\t<\/div>\n","protected":false},"excerpt":{"rendered":"<p>Si La Croix Valmer m&#8217;\u00e9tait cont\u00e9e&#8230; Pierre Berenguier Im 2024, La Croix Valmer&#013; feierte seinen 90. Geburtstag La Croix Valmer war nicht immer die h\u00fcbsche, kleine, unabh\u00e4ngige Gemeinde, die Sie heute kennen.. Jahrhunderts waren La Croix Valmer und Cavalaire zwei kleine D\u00f6rfer, die von der Gemeinde Gassin abh\u00e4ngig waren. Unsere kleine Gemeinde, die aufgrund ihrer&#8230;<\/p>\n","protected":false},"author":4,"featured_media":26257,"parent":4553,"menu_order":107,"comment_status":"closed","ping_status":"closed","template":"page-plage.blade.php","meta":{"_acf_changed":false,"_crdt_document":"","footnotes":""},"class_list":["post-4641","page","type-page","status-publish","has-post-thumbnail","hentry"],"acf":{"video_mp4":false,"poster_image":false,"nugget":false,"page-virtuelle":false,"video_webm":false,"autoplay":false,"delay":"","slogan":"","introduction":"","pagepage-updown":true,"title_alignement":"","pagepage-etendus":"none","mots-cles":"histoire patrimoine d\u00e9barquement de provence La croix Valmer constantin gare train des pignes romain ruines vestiges pardigon architecture architectural domaine\r\n"},"yoast_head":"<!-- This site is optimized with the Yoast SEO plugin v27.5 - https:\/\/yoast.com\/product\/yoast-seo-wordpress\/ -->\n<title>Geschichtsbuch - La Croix-Valmer Tourisme<\/title>\n<meta name=\"robots\" content=\"index, follow, max-snippet:-1, max-image-preview:large, max-video-preview:-1\" \/>\n<link rel=\"canonical\" href=\"https:\/\/www.lacroixvalmertourisme.com\/de\/entdecken-entkommen\/geschichtsbuch\" \/>\n<meta property=\"og:locale\" content=\"de_DE\" \/>\n<meta property=\"og:type\" content=\"article\" \/>\n<meta property=\"og:title\" content=\"Geschichtsbuch - La Croix-Valmer Tourisme\" \/>\n<meta property=\"og:description\" content=\"Si La Croix Valmer m&#8217;\u00e9tait cont\u00e9e&#8230; Pierre Berenguier Im 2024, La Croix Valmer&#013; feierte seinen 90. Geburtstag La Croix Valmer war nicht immer die h\u00fcbsche, kleine, unabh\u00e4ngige Gemeinde, die Sie heute kennen.. Jahrhunderts waren La Croix Valmer und Cavalaire zwei kleine D\u00f6rfer, die von der Gemeinde Gassin abh\u00e4ngig waren. Unsere kleine Gemeinde, die aufgrund ihrer...\" \/>\n<meta property=\"og:url\" content=\"https:\/\/www.lacroixvalmertourisme.com\/de\/entdecken-entkommen\/geschichtsbuch\" \/>\n<meta property=\"og:site_name\" content=\"La Croix-Valmer Tourisme\" \/>\n<meta property=\"article:publisher\" content=\"https:\/\/www.facebook.com\/lacroixvalmertourisme\/\" \/>\n<meta property=\"article:modified_time\" content=\"2026-05-01T17:15:45+00:00\" \/>\n<meta property=\"og:image\" content=\"https:\/\/www.lacroixvalmertourisme.com\/wp-content\/uploads\/2021\/06\/25.png\" \/>\n\t<meta property=\"og:image:width\" content=\"1020\" \/>\n\t<meta property=\"og:image:height\" content=\"694\" \/>\n\t<meta property=\"og:image:type\" content=\"image\/png\" \/>\n<meta name=\"twitter:card\" content=\"summary_large_image\" \/>\n<meta name=\"twitter:site\" content=\"@La_Croix_Valmer\" \/>\n<meta name=\"twitter:label1\" content=\"Gesch\u00e4tzte Lesezeit\" \/>\n\t<meta name=\"twitter:data1\" content=\"2\u00a0Minute\" \/>\n<!-- \/ Yoast SEO plugin. -->","yoast_head_json":{"title":"Geschichtsbuch - La Croix-Valmer Tourisme","robots":{"index":"index","follow":"follow","max-snippet":"max-snippet:-1","max-image-preview":"max-image-preview:large","max-video-preview":"max-video-preview:-1"},"canonical":"https:\/\/www.lacroixvalmertourisme.com\/de\/entdecken-entkommen\/geschichtsbuch","og_locale":"de_DE","og_type":"article","og_title":"Geschichtsbuch - La Croix-Valmer Tourisme","og_description":"Si La Croix Valmer m&#8217;\u00e9tait cont\u00e9e&#8230; Pierre Berenguier Im 2024, La Croix Valmer&#013; feierte seinen 90. Geburtstag La Croix Valmer war nicht immer die h\u00fcbsche, kleine, unabh\u00e4ngige Gemeinde, die Sie heute kennen.. Jahrhunderts waren La Croix Valmer und Cavalaire zwei kleine D\u00f6rfer, die von der Gemeinde Gassin abh\u00e4ngig waren. Unsere kleine Gemeinde, die aufgrund ihrer...","og_url":"https:\/\/www.lacroixvalmertourisme.com\/de\/entdecken-entkommen\/geschichtsbuch","og_site_name":"La Croix-Valmer Tourisme","article_publisher":"https:\/\/www.facebook.com\/lacroixvalmertourisme\/","article_modified_time":"2026-05-01T17:15:45+00:00","og_image":[{"width":1020,"height":694,"url":"https:\/\/www.lacroixvalmertourisme.com\/wp-content\/uploads\/2021\/06\/25.png","type":"image\/png"}],"twitter_card":"summary_large_image","twitter_site":"@La_Croix_Valmer","twitter_misc":{"Gesch\u00e4tzte Lesezeit":"2\u00a0Minute"},"schema":{"@context":"https:\/\/schema.org","@graph":[{"@type":"WebPage","@id":"https:\/\/www.lacroixvalmertourisme.com\/de\/entdecken-entkommen\/geschichtsbuch","url":"https:\/\/www.lacroixvalmertourisme.com\/de\/entdecken-entkommen\/geschichtsbuch","name":"Geschichtsbuch - La Croix-Valmer Tourisme","isPartOf":{"@id":"https:\/\/www.lacroixvalmertourisme.com\/de#website"},"primaryImageOfPage":{"@id":"https:\/\/www.lacroixvalmertourisme.com\/de\/entdecken-entkommen\/geschichtsbuch#primaryimage"},"image":{"@id":"https:\/\/www.lacroixvalmertourisme.com\/de\/entdecken-entkommen\/geschichtsbuch#primaryimage"},"thumbnailUrl":"https:\/\/www.lacroixvalmertourisme.com\/wp-content\/uploads\/2021\/06\/25.png","datePublished":"2021-06-29T08:20:49+00:00","dateModified":"2026-05-01T17:15:45+00:00","breadcrumb":{"@id":"https:\/\/www.lacroixvalmertourisme.com\/de\/entdecken-entkommen\/geschichtsbuch#breadcrumb"},"inLanguage":"de","potentialAction":[{"@type":"ReadAction","target":["https:\/\/www.lacroixvalmertourisme.com\/de\/entdecken-entkommen\/geschichtsbuch"]}]},{"@type":"ImageObject","inLanguage":"de","@id":"https:\/\/www.lacroixvalmertourisme.com\/de\/entdecken-entkommen\/geschichtsbuch#primaryimage","url":"https:\/\/www.lacroixvalmertourisme.com\/wp-content\/uploads\/2021\/06\/25.png","contentUrl":"https:\/\/www.lacroixvalmertourisme.com\/wp-content\/uploads\/2021\/06\/25.png","width":1020,"height":694,"caption":"d\u00e9couvrir s'evader la croix valmer histoire patrimoine architectural culture quoi faire visiter"},{"@type":"BreadcrumbList","@id":"https:\/\/www.lacroixvalmertourisme.com\/de\/entdecken-entkommen\/geschichtsbuch#breadcrumb","itemListElement":[{"@type":"ListItem","position":1,"name":"Accueil","item":"https:\/\/www.lacroixvalmertourisme.com\/de"},{"@type":"ListItem","position":2,"name":"Entdecken","item":"https:\/\/www.lacroixvalmertourisme.com\/de\/entdecken-entkommen"},{"@type":"ListItem","position":3,"name":"Geschichtsbuch"}]},{"@type":"WebSite","@id":"https:\/\/www.lacroixvalmertourisme.com\/de#website","url":"https:\/\/www.lacroixvalmertourisme.com\/de","name":"La Croix-Valmer Tourisme","description":"Toutes les informations touristiques pour organiser votre prochain s\u00e9jour \u00e0 La Croix Valmer dans le Golfe de Saint-Tropez","publisher":{"@id":"https:\/\/www.lacroixvalmertourisme.com\/de#organization"},"potentialAction":[{"@type":"SearchAction","target":{"@type":"EntryPoint","urlTemplate":"https:\/\/www.lacroixvalmertourisme.com\/de?s={search_term_string}"},"query-input":{"@type":"PropertyValueSpecification","valueRequired":true,"valueName":"search_term_string"}}],"inLanguage":"de"},{"@type":"Organization","@id":"https:\/\/www.lacroixvalmertourisme.com\/de#organization","name":"Office de Tourisme de La Croix Valmer","url":"https:\/\/www.lacroixvalmertourisme.com\/de","logo":{"@type":"ImageObject","inLanguage":"de","@id":"https:\/\/www.lacroixvalmertourisme.com\/de#\/schema\/logo\/image\/","url":"https:\/\/www.lacroixvalmertourisme.com\/wp-content\/uploads\/2021\/06\/Logo_ot_bleu.png","contentUrl":"https:\/\/www.lacroixvalmertourisme.com\/wp-content\/uploads\/2021\/06\/Logo_ot_bleu.png","width":591,"height":454,"caption":"Office de Tourisme de La Croix Valmer"},"image":{"@id":"https:\/\/www.lacroixvalmertourisme.com\/de#\/schema\/logo\/image\/"},"sameAs":["https:\/\/www.facebook.com\/lacroixvalmertourisme\/","https:\/\/x.com\/La_Croix_Valmer","https:\/\/www.instagram.com\/lacroixvalmer_tourisme\/"]}]}},"publishpress_future_workflow_manual_trigger":{"enabledWorkflows":[]},"_links":{"self":[{"href":"https:\/\/www.lacroixvalmertourisme.com\/de\/wp-json\/wp\/v2\/pages\/4641","targetHints":{"allow":["GET"]}}],"collection":[{"href":"https:\/\/www.lacroixvalmertourisme.com\/de\/wp-json\/wp\/v2\/pages"}],"about":[{"href":"https:\/\/www.lacroixvalmertourisme.com\/de\/wp-json\/wp\/v2\/types\/page"}],"author":[{"embeddable":true,"href":"https:\/\/www.lacroixvalmertourisme.com\/de\/wp-json\/wp\/v2\/users\/4"}],"replies":[{"embeddable":true,"href":"https:\/\/www.lacroixvalmertourisme.com\/de\/wp-json\/wp\/v2\/comments?post=4641"}],"version-history":[{"count":8,"href":"https:\/\/www.lacroixvalmertourisme.com\/de\/wp-json\/wp\/v2\/pages\/4641\/revisions"}],"predecessor-version":[{"id":27133,"href":"https:\/\/www.lacroixvalmertourisme.com\/de\/wp-json\/wp\/v2\/pages\/4641\/revisions\/27133"}],"up":[{"embeddable":true,"href":"https:\/\/www.lacroixvalmertourisme.com\/de\/wp-json\/wp\/v2\/pages\/4553"}],"wp:featuredmedia":[{"embeddable":true,"href":"https:\/\/www.lacroixvalmertourisme.com\/de\/wp-json\/wp\/v2\/media\/26257"}],"wp:attachment":[{"href":"https:\/\/www.lacroixvalmertourisme.com\/de\/wp-json\/wp\/v2\/media?parent=4641"}],"curies":[{"name":"wp","href":"https:\/\/api.w.org\/{rel}","templated":true}]}}